{"id":11146,"date":"2023-02-16T20:23:54","date_gmt":"2023-02-16T18:23:54","guid":{"rendered":"https:\/\/findvit.com\/?page_id=11146"},"modified":"2026-01-05T17:36:30","modified_gmt":"2026-01-05T15:36:30","slug":"imonems","status":"publish","type":"page","link":"https:\/\/findvit.com\/en\/imonems\/","title":{"rendered":"For companies"},"content":{"rendered":"<div data-elementor-type=\"wp-page\" data-elementor-id=\"11146\" class=\"elementor elementor-11146\" data-elementor-post-type=\"page\">\n\t\t\t\t\t\t<section class=\"elementor-section elementor-top-section elementor-element elementor-element-9057b4f elementor-section-boxed elementor-section-height-default elementor-section-height-default\" data-id=\"9057b4f\" data-element_type=\"section\">\n\t\t\t\t\t\t<div class=\"elementor-container elementor-column-gap-default\">\n\t\t\t\t\t<div class=\"elementor-column elementor-col-100 elementor-top-column elementor-element elementor-element-780444a\" data-id=\"780444a\" data-element_type=\"column\">\n\t\t\t<div class=\"elementor-widget-wrap elementor-element-populated\">\n\t\t\t\t\t\t<div class=\"elementor-element elementor-element-9932250 elementor-widget elementor-widget-heading\" data-id=\"9932250\" data-element_type=\"widget\" data-widget_type=\"heading.default\">\n\t\t\t\t<div class=\"elementor-widget-container\">\n\t\t\t\t\t<h2 class=\"elementor-heading-title elementor-size-default\"><\/h2>\t\t\t\t<\/div>\n\t\t\t\t<\/div>\n\t\t\t\t\t<\/div>\n\t\t<\/div>\n\t\t\t\t\t<\/div>\n\t\t<\/section>\n\t\t\t\t<section class=\"elementor-section elementor-top-section elementor-element elementor-element-7ffa91a elementor-section-boxed elementor-section-height-default elementor-section-height-default\" data-id=\"7ffa91a\" data-element_type=\"section\">\n\t\t\t\t\t\t<div class=\"elementor-container elementor-column-gap-default\">\n\t\t\t\t\t<div class=\"elementor-column elementor-col-100 elementor-top-column elementor-element elementor-element-a05c057\" data-id=\"a05c057\" data-element_type=\"column\">\n\t\t\t<div class=\"elementor-widget-wrap elementor-element-populated\">\n\t\t\t\t\t\t<div class=\"elementor-element elementor-element-c2aad0b elementor-widget elementor-widget-text-editor\" data-id=\"c2aad0b\" data-element_type=\"widget\" data-widget_type=\"text-editor.default\">\n\t\t\t\t<div class=\"elementor-widget-container\">\n\t\t\t\t\t\t\t\t\t<p>\u00a0Sveikatingumo specialistai, \u012fmon\u0117s darbuotojams parenka nat\u016bralius maisto papildus ir sudaro ilgalaikius sveikatos palaikymo planus.<\/p><p>D\u0117l maisto papild\u0173 plan\u0173 sudarymo administracijos ir kitiems darbuotojams, pra\u0161ome kreiptis: dalia@findvit.com arba telefonu.: +37061691903<\/p>\t\t\t\t\t\t\t\t<\/div>\n\t\t\t\t<\/div>\n\t\t\t\t\t<\/div>\n\t\t<\/div>\n\t\t\t\t\t<\/div>\n\t\t<\/section>\n\t\t\t\t<\/div>","protected":false},"excerpt":{"rendered":"<p>\u00a0Sveikatingumo specialistai, \u012fmon\u0117s darbuotojams parenka nat\u016bralius maisto papildus ir sudaro ilgalaikius sveikatos palaikymo planus. D\u0117l maisto papild\u0173 plan\u0173 sudarymo administracijos ir kitiems darbuotojams, pra\u0161ome kreiptis:&#8230;<\/p>","protected":false},"author":28,"featured_media":0,"parent":0,"menu_order":0,"comment_status":"closed","ping_status":"closed","template":"","meta":{"_acf_changed":false,"inline_featured_image":false,"footnotes":""},"class_list":["post-11146","page","type-page","status-publish","hentry"],"acf":[],"_links":{"self":[{"href":"https:\/\/findvit.com\/en\/wp-json\/wp\/v2\/pages\/11146","targetHints":{"allow":["GET"]}}],"collection":[{"href":"https:\/\/findvit.com\/en\/wp-json\/wp\/v2\/pages"}],"about":[{"href":"https:\/\/findvit.com\/en\/wp-json\/wp\/v2\/types\/page"}],"author":[{"embeddable":true,"href":"https:\/\/findvit.com\/en\/wp-json\/wp\/v2\/users\/28"}],"replies":[{"embeddable":true,"href":"https:\/\/findvit.com\/en\/wp-json\/wp\/v2\/comments?post=11146"}],"version-history":[{"count":17,"href":"https:\/\/findvit.com\/en\/wp-json\/wp\/v2\/pages\/11146\/revisions"}],"predecessor-version":[{"id":22903,"href":"https:\/\/findvit.com\/en\/wp-json\/wp\/v2\/pages\/11146\/revisions\/22903"}],"wp:attachment":[{"href":"https:\/\/findvit.com\/en\/wp-json\/wp\/v2\/media?parent=11146"}],"curies":[{"name":"wp","href":"https:\/\/api.w.org\/{rel}","templated":true}]}}