{"id":12696,"date":"2023-04-16T18:11:12","date_gmt":"2023-04-16T15:11:12","guid":{"rendered":"https:\/\/findvit.com\/?page_id=12696"},"modified":"2024-04-21T12:41:40","modified_gmt":"2024-04-21T09:41:40","slug":"asmenine-konsultacija","status":"publish","type":"page","link":"https:\/\/findvit.com\/en\/asmenine-konsultacija\/","title":{"rendered":"Personal consultation"},"content":{"rendered":"<div data-elementor-type=\"wp-page\" data-elementor-id=\"12696\" class=\"elementor elementor-12696\" data-elementor-post-type=\"page\">\n\t\t\t\t\t\t<section class=\"elementor-section elementor-top-section elementor-element elementor-element-0bc8b2a elementor-section-boxed elementor-section-height-default elementor-section-height-default\" data-id=\"0bc8b2a\" data-element_type=\"section\">\n\t\t\t\t\t\t<div class=\"elementor-container elementor-column-gap-default\">\n\t\t\t\t\t<div class=\"elementor-column elementor-col-100 elementor-top-column elementor-element elementor-element-0bee281\" data-id=\"0bee281\" data-element_type=\"column\">\n\t\t\t<div class=\"elementor-widget-wrap elementor-element-populated\">\n\t\t\t\t\t\t<div class=\"elementor-element elementor-element-e11c33b elementor-align-center elementor-widget elementor-widget-etheme_advanced_headline\" data-id=\"e11c33b\" data-element_type=\"widget\" data-widget_type=\"etheme_advanced_headline.default\">\n\t\t\t\t<div class=\"elementor-widget-container\">\n\t\t\t\t\t        \n        <div class=\"etheme-a-h-wrapper\">\n        \n                            <span class=\"etheme-a-h-text-before\">\n                    We are always ready to help you!                <\/span>\n            \n\t\t\t\n        <h2 class=\"etheme-advanced-headline etheme-advanced-headline-mask\">\n\n            We will provide personal assistance\n        <\/h2>\n\t\t\n                            <p class=\"etheme-a-h-text-after\">\n                    If you have questions or doubts about the products and their selection, you can write or call +370 616 91903 or write to: lietuva@findvit.com                <\/p>\n                    \n        <\/div>\n        \n\t\t\t\t\t\t<\/div>\n\t\t\t\t<\/div>\n\t\t\t\t\t<\/div>\n\t\t<\/div>\n\t\t\t\t\t<\/div>\n\t\t<\/section>\n\t\t\t\t<\/div>","protected":false},"excerpt":{"rendered":"<p>Visada esame pasireng\u0119 Jums pad\u0117ti! Asmenini\u0161kai suteiksime pagalb\u0105 Jei turite klausim\u0173 ar dvejoni\u0173 d\u0117l produkt\u0173 ir j\u0173 parinkimo galite ra\u0161yti ar skambinti +370 616 91903&#8230;<\/p>","protected":false},"author":3,"featured_media":0,"parent":0,"menu_order":0,"comment_status":"closed","ping_status":"closed","template":"","meta":{"_acf_changed":false,"inline_featured_image":false,"footnotes":""},"class_list":["post-12696","page","type-page","status-publish","hentry"],"acf":[],"_links":{"self":[{"href":"https:\/\/findvit.com\/en\/wp-json\/wp\/v2\/pages\/12696","targetHints":{"allow":["GET"]}}],"collection":[{"href":"https:\/\/findvit.com\/en\/wp-json\/wp\/v2\/pages"}],"about":[{"href":"https:\/\/findvit.com\/en\/wp-json\/wp\/v2\/types\/page"}],"author":[{"embeddable":true,"href":"https:\/\/findvit.com\/en\/wp-json\/wp\/v2\/users\/3"}],"replies":[{"embeddable":true,"href":"https:\/\/findvit.com\/en\/wp-json\/wp\/v2\/comments?post=12696"}],"version-history":[{"count":28,"href":"https:\/\/findvit.com\/en\/wp-json\/wp\/v2\/pages\/12696\/revisions"}],"predecessor-version":[{"id":16875,"href":"https:\/\/findvit.com\/en\/wp-json\/wp\/v2\/pages\/12696\/revisions\/16875"}],"wp:attachment":[{"href":"https:\/\/findvit.com\/en\/wp-json\/wp\/v2\/media?parent=12696"}],"curies":[{"name":"wp","href":"https:\/\/api.w.org\/{rel}","templated":true}]}}