{"id":10239,"date":"2022-12-01T10:25:37","date_gmt":"2022-12-01T08:25:37","guid":{"rendered":"https:\/\/findvit.com\/?post_type=product&#038;p=10239"},"modified":"2026-02-23T14:26:58","modified_gmt":"2026-02-23T12:26:58","slug":"kiki-health-superfood-supermaistas","status":"publish","type":"product","link":"https:\/\/findvit.com\/en\/produktas\/kiki-health-superfood-supermaistas\/","title":{"rendered":"KIKI Health Superfood NATURE&#8217;S LIVING &#8211; Supermaistas visaver\u010diai mitybai &#8211; mineralai, vitaminai ir antioksidantai, 20 gr. milteliai"},"content":{"rendered":"<div data-elementor-type=\"product-post\" data-elementor-id=\"10239\" class=\"elementor elementor-10239\" data-elementor-post-type=\"product\">\n\t\t\t\t\t\t<section class=\"elementor-section elementor-top-section elementor-element elementor-element-a8d6ca7 elementor-section-boxed elementor-section-height-default elementor-section-height-default\" data-id=\"a8d6ca7\" data-element_type=\"section\">\n\t\t\t\t\t\t<div class=\"elementor-container elementor-column-gap-default\">\n\t\t\t\t\t<div class=\"elementor-column elementor-col-100 elementor-top-column elementor-element elementor-element-10aaa05\" data-id=\"10aaa05\" data-element_type=\"column\">\n\t\t\t<div class=\"elementor-widget-wrap elementor-element-populated\">\n\t\t\t\t\t\t<div class=\"elementor-element elementor-element-b4933e1 elementor-absolute elementor-hidden-mobile elementor-invisible elementor-widget elementor-widget-image\" data-id=\"b4933e1\" data-element_type=\"widget\" data-settings=\"{&quot;motion_fx_motion_fx_scrolling&quot;:&quot;yes&quot;,&quot;motion_fx_rotateZ_effect&quot;:&quot;yes&quot;,&quot;motion_fx_rotateZ_speed&quot;:{&quot;unit&quot;:&quot;px&quot;,&quot;size&quot;:5,&quot;sizes&quot;:[]},&quot;motion_fx_range&quot;:&quot;viewport&quot;,&quot;_animation&quot;:&quot;fadeIn&quot;,&quot;_position&quot;:&quot;absolute&quot;,&quot;motion_fx_rotateZ_affectedRange&quot;:{&quot;unit&quot;:&quot;%&quot;,&quot;size&quot;:&quot;&quot;,&quot;sizes&quot;:{&quot;start&quot;:0,&quot;end&quot;:100}},&quot;motion_fx_devices&quot;:[&quot;desktop&quot;,&quot;tablet&quot;,&quot;mobile&quot;]}\" data-widget_type=\"image.default\">\n\t\t\t\t<div class=\"elementor-widget-container\">\n\t\t\t\t\t\t\t\t\t\t\t\t\t\t\t<img loading=\"lazy\" decoding=\"async\" width=\"200\" height=\"200\" src=\"https:\/\/findvit.com\/wp-content\/uploads\/2021\/09\/ratukas.svg\" class=\"attachment-full size-full wp-image-1777\" alt=\"Wheel from questionnaire to vitamin\" \/>\t\t\t\t\t\t\t\t\t\t\t\t\t\t\t<\/div>\n\t\t\t\t<\/div>\n\t\t\t\t\t<\/div>\n\t\t<\/div>\n\t\t\t\t\t<\/div>\n\t\t<\/section>\n\t\t\t\t<section class=\"elementor-section elementor-top-section elementor-element elementor-element-80fa34a elementor-section-boxed elementor-section-height-default elementor-section-height-default\" data-id=\"80fa34a\" data-element_type=\"section\">\n\t\t\t\t\t\t<div class=\"elementor-container elementor-column-gap-no\">\n\t\t\t\t\t<div class=\"elementor-column elementor-col-50 elementor-top-column elementor-element elementor-element-4b27538\" data-id=\"4b27538\" data-element_type=\"column\">\n\t\t\t<div class=\"elementor-widget-wrap elementor-element-populated\">\n\t\t\t\t\t\t<div class=\"elementor-element elementor-element-69614ed elementor-widget elementor-widget-heading\" data-id=\"69614ed\" data-element_type=\"widget\" data-widget_type=\"heading.default\">\n\t\t\t\t<div class=\"elementor-widget-container\">\n\t\t\t\t\t<h2 class=\"elementor-heading-title elementor-size-medium\">KIKI Health Superfood NATURE&#8217;S LIVING &#8211; Supermaistas visaver\u010diai mitybai &#8211; mineralai, vitaminai ir antioksidantai, 20 gr. milteliai<\/h2>\t\t\t\t<\/div>\n\t\t\t\t<\/div>\n\t\t\t\t<div class=\"elementor-element elementor-element-bb51836 elementor-widget elementor-widget-text-editor\" data-id=\"bb51836\" data-element_type=\"widget\" data-widget_type=\"text-editor.default\">\n\t\t\t\t<div class=\"elementor-widget-container\">\n\t\t\t\t\t\t\t\t\t<p><span style=\"font-weight: 400;\">A superfood is a food that contains a lot of it <strong>nutrients, vitamins and minerals,<\/strong> but<strong> low in calories.\u00a0 <\/strong><\/span><\/p><p><span style=\"font-weight: 400;\">This Superfood is an organic mixture of <strong>32 cold pressed<\/strong> ingredients - a source of natural vitamins and minerals. Daily norm- <strong>vegetable juice, alkalizing green vegetables, seaweed - Spirulina and Chlorella.<\/strong> <\/span><\/p><p><span style=\"font-weight: 400;\">With enzymes and probiotics. In the water <strong>soluble, mild taste<\/strong> powder. Sh<\/span><span style=\"font-weight: 400;\">In today&#039;s world, it is sometimes difficult to consume fresh food, fruits or vegetables with enough nutrients. <\/span><\/p><p><span style=\"font-weight: 400;\">For these reasons, more and more people around the world are turning to superfoods. <\/span>Thus preventively supplementing your body.<\/p><p><span style=\"font-weight: 400;\"> <strong>\u00a0Nature&#039;s Living Superfood<\/strong>\u00a0is excellent <strong>supplement to<\/strong> favorite<strong> cocktail or juice <\/strong>in your daily routine.\u00a0<\/span><\/p><p><span style=\"font-weight: 400;\"> Excellent <strong>suitable for sprinkling on salads<\/strong> or other dishes. It&#039;s extremely<strong> fine, soluble powder. <\/strong>It is possible<strong> dissolve in juice, water or your favorite cocktail.<\/strong><\/span><\/p><p>Designed to meet everyone&#039;s daily nutritional needs, as it is made only from vegetable origin, enriched with natural products<strong> probiotics and enzymes.<\/strong><\/p><p>To fill up<strong>\u00a0 Spirulina and Chlorella. <\/strong><span style=\"font-weight: 400;\">All ingredients are carefully selected and <strong>to balance<\/strong> so as to ensure maximum <strong>uptake at the cellular level. <\/strong><\/span><\/p><p><strong>Main active ingredients:<\/strong><\/p><ul><li style=\"font-weight: 400;\" aria-level=\"1\">Seaweed - <strong>Spirulina and Chlorella<\/strong><\/li><li style=\"font-weight: 400;\" aria-level=\"1\">Sea vegetables-\u00a0 <strong>sea cabbage<\/strong><\/li><li style=\"font-weight: 400;\" aria-level=\"1\"><strong>Nettle, dandelion, parsley<\/strong> leaves<\/li><li style=\"font-weight: 400;\" aria-level=\"1\"><strong>Kale, broccoli<\/strong><\/li><li style=\"font-weight: 400;\" aria-level=\"1\"><strong>Ginger and burdock<\/strong> roots<\/li><li style=\"font-weight: 400;\" aria-level=\"1\"><strong>Alfalfa, barley, wheat, oat grass and greens<\/strong><\/li><\/ul><p><span style=\"font-weight: 400;\">Studies have shown that <strong>superfoods,<\/strong> high in antioxidants and flavonoids helps many.\u00a0<\/span><\/p><p>However, to make superfoods even more beneficial, a healthy and balanced diet is beneficial.<\/p><ul><li>\u00a0<\/li><\/ul><p>Without salt, sugar, yeast, <strong>artificial dyes, preservatives, chemical solvents, artificial additives<\/strong> or any fillers.<br \/>Suitable for vegetarians and vegans. Natural health supplement <strong>gluten and wheat free. GMO free, toxin free, chemical free.<\/strong> In dark glass packaging. Enough until <strong>60 days<\/strong>.<\/p><p>Try a free test <strong>&quot;Your day<\/strong>, find out the body&#039;s needs and get <strong>personal<\/strong> recommendation!<\/p><p><strong>Manufacturer KIKI HEALTH<\/strong> is an innovative company that creates only healthy products to nurture beauty and strengthen the body. They believe that only <strong>the purest ingredients have the most effective effect<\/strong>.<\/p><p>All the ingredients included in the composition of the products are carefully selected and ethically processed in order to preserve and maximize the effectiveness and benefits, as well as ensuring perfect bioavailability.<\/p><p><iframe loading=\"lazy\" title=\"Total Body Cleanse  with KIKI Health&#039;s Nature&#039;s Living Superfood\" width=\"1170\" height=\"658\" src=\"https:\/\/www.youtube.com\/embed\/FXXbtfEYkFg?start=3&feature=oembed&enablejsapi=1&origin=https:\/\/findvit.com\" frameborder=\"0\" allow=\"accelerometer; autoplay; clipboard-write; encrypted-media; gyroscope; picture-in-picture; web-share\" referrerpolicy=\"strict-origin-when-cross-origin\" allowfullscreen><\/iframe><\/p><p><span lang=\"lt\"><strong>The KIKI HEALTH promise<\/strong><br \/><\/span><\/p><ul><li><span lang=\"lt\">The highest quality plant-based organic ingredients<\/span><\/li><li><span lang=\"lt\">Ethics, integrity and purity in the production process<\/span><\/li><li><span lang=\"lt\">Certified organic or wild ingredients<\/span><\/li><li><span lang=\"lt\">No compromises with synthetic additives, binders, fillers or other harmful substances.<\/span><\/li><li><span lang=\"lt\">GMO, gluten, wheat free.<br \/><\/span><\/li><\/ul><div>If you are not sure which vitamins or other supplements\u00a0<strong>the most appropriate at the moment<\/strong>, take the test\u00a0<a style=\"background-color: #ffffff; color: #25bf4e;\" href=\"https:\/\/findvit.com\/en\/testas\/\"><strong>&quot;Your Day&quot;<\/strong><\/a>\u00a0and find out\u00a0\u00a0<strong>personal<\/strong>\u00a0recommendation!<span style=\"font-size: 15.96px;\"><br \/><\/span><\/div><p id=\"tw-target-text\" class=\"tw-data-text tw-text-large XcVN5d tw-ta\" dir=\"ltr\" data-placeholder=\"Translation\">\u00a0<\/p>\t\t\t\t\t\t\t\t<\/div>\n\t\t\t\t<\/div>\n\t\t\t\t\t<\/div>\n\t\t<\/div>\n\t\t\t\t<div class=\"elementor-column elementor-col-50 elementor-top-column elementor-element elementor-element-ff0fe06\" data-id=\"ff0fe06\" data-element_type=\"column\">\n\t\t\t<div class=\"elementor-widget-wrap elementor-element-populated\">\n\t\t\t\t\t\t<div class=\"elementor-element elementor-element-0b5bb57 elementor-widget elementor-widget-image\" data-id=\"0b5bb57\" data-element_type=\"widget\" data-widget_type=\"image.default\">\n\t\t\t\t<div class=\"elementor-widget-container\">\n\t\t\t\t\t\t\t\t\t\t\t\t\t\t\t<img loading=\"lazy\" decoding=\"async\" width=\"900\" height=\"900\" src=\"https:\/\/findvit.com\/wp-content\/uploads\/2021\/10\/Ko-2-900x900.jpg\" class=\"attachment-large size-large wp-image-2450\" alt=\"healthy eating woman collage\" srcset=\"https:\/\/findvit.com\/wp-content\/uploads\/2021\/10\/Ko-2-900x900.jpg 900w, https:\/\/findvit.com\/wp-content\/uploads\/2021\/10\/Ko-2-600x600.jpg 600w, https:\/\/findvit.com\/wp-content\/uploads\/2021\/10\/Ko-2-150x150.jpg 150w, https:\/\/findvit.com\/wp-content\/uploads\/2021\/10\/Ko-2-768x768.jpg 768w, https:\/\/findvit.com\/wp-content\/uploads\/2021\/10\/Ko-2-1x1.jpg 1w, https:\/\/findvit.com\/wp-content\/uploads\/2021\/10\/Ko-2-10x10.jpg 10w, https:\/\/findvit.com\/wp-content\/uploads\/2021\/10\/Ko-2-100x100.jpg 100w, https:\/\/findvit.com\/wp-content\/uploads\/2021\/10\/Ko-2.jpg 1000w\" sizes=\"auto, (max-width: 900px) 100vw, 900px\" \/>\t\t\t\t\t\t\t\t\t\t\t\t\t\t\t<\/div>\n\t\t\t\t<\/div>\n\t\t\t\t\t<\/div>\n\t\t<\/div>\n\t\t\t\t\t<\/div>\n\t\t<\/section>\n\t\t\t\t<\/div>","protected":false},"excerpt":{"rendered":"<p>Superfood for a healthy diet from Kiki Health - vitamins, minerals and antioxidants for health<strong>.Superfood supplements the daily diet with valuable vitamins and minerals that help maintain energy, improve digestion, and cognitive functions.  Superfood <\/strong>placed as many as 32 fruits, berries and vegetables processed RAW in a cold way. With seaweed Spirulina and Chlorele, Kelp - natural detoxifiers and sources of iodine. Enriched with enzymes and probiotics. Recommended if you don&#039;t eat breakfast - yes you do <strong>you will provide<\/strong> valuable nutrients. 100 percent guarantee of environmental friendliness, purity and cleanliness. Soft soluble powder. Easy to use - 0.5 teaspoon in a glass of warm water or your favorite cocktail. Safe dark glass packaging.<\/p>","protected":false},"featured_media":23285,"comment_status":"open","ping_status":"closed","template":"","meta":{"_acf_changed":false,"inline_featured_image":false},"etheme_brands":[{"term_id":28,"name":"Kiki Health","slug":"kiki-health","term_group":0,"term_taxonomy_id":28,"taxonomy":"brand","description":"<h2><a href=\"https:\/\/kiki-health.com\/about-us\/\" target=\"_blank\" rel=\"noopener\"><strong>KIKI Health<\/strong><\/a><\/h2>\r\nKIKI yra prek\u0117s \u017eenklas, kuriantis novatori\u0161kus maisto papildus.\r\n\r\nKIKI yra pripa\u017eintas ir gerbiamas, kaip sveikos gyvensenos produkt\u0173 ir individualumo bei meistri\u0161kumo standartas.\r\n\r\nKIKI gim\u0117 i\u0161 noro skatinti optimali\u0105 sveikat\u0105 ir gerov\u0119, m\u016bs\u0173 tikslas ir aistra yra \u012fsigyti auk\u0161\u010diausios kokyb\u0117s, grynumo produktus i\u0161 viso pasaulio, kurie pad\u0117t\u0173 gro\u017eiui ir sveikatai.\r\n\r\nNuo pat prad\u017ei\u0173 ir iki \u0161iol KIKI Health niekada nedaro kompromis\u0173 ir nededa pried\u0173 bei naudoja prastesni\u0173 ingredient\u0173 - tik nat\u016bralios 100% veikliosios med\u017eiagos.\r\n\r\nhttps:\/\/youtu.be\/irT0ZUOzBac?t=45\r\n<h3><strong>Nat\u016braliai turtingi <\/strong><strong>vitaminais, mineralais ir b\u016btinomis\u00a0 veikliosiomis med\u017eiagomis<\/strong><\/h3>\r\nDaugelis \"KIKI Health\" produkt\u0173 turintys augalini\u0173 ir maistini\u0173 med\u017eiag\u0173\u00a0 yra sertifikuoti, kaip ekologi\u0161ki.\r\n\r\nI\u0161naudodami stiprias augalin\u0117s kilm\u0117s, nat\u016brali\u0173 ingredient\u0173 galias, kupinas esmini\u0173 augal\u0173 veikli\u0173j\u0173 med\u017eiag\u0173, vitamin\u0173 ir mineral\u0173, kad suteikt\u0173 smegenims, odai ir k\u016bnui neprilygstam\u0105 pagalb\u0105.\r\n\r\nKIKI Health tikslas yra u\u017etikrinti, kad mi\u0161iniuose neb\u016bt\u0173 sintetikos, konservant\u0173, u\u017epild\u0173 ir ri\u0161ikli\u0173, u\u017etikrinant, kad ir toliau gamint\u0173 veiksmingus, \u0161varius ir saugius papildus.\r\n\r\nPagaminta Jungtin\u0117je Karalyst\u0117je i\u0161 \u0161vari\u0173 ir tvari\u0173 ingredient\u0173.\r\n<h3><strong>Atsakingumas<\/strong><\/h3>\r\nU\u017etikrindami, kad produktai b\u016bt\u0173 atsakingai u\u017eauginti, ne tik r\u016bpinamasi aplinka, bet ir garantuojama produkto kokyb\u0119. KIKI Healt specialistai keliauja po pasaul\u012f ie\u0161kodami ekologi\u0161k\u0173, eti\u0161kai gaut\u0173 ingredient\u0173, pasi\u017eymin\u010di\u0173 geresne maistine verte, kartu pad\u0117dami vietos bendruomen\u0117ms klest\u0117ti. Maisto gamybos b\u016bdas yra labai svarbus daugeliui vartotoj\u0173, ir tai kelia susir\u016bpinim\u0105, kur\u012f mes dalijam\u0117s.\r\n<h3><strong>Minimalus apdorojimas<\/strong><\/h3>\r\nNor\u0117dami pasiekti optimal\u0173 biologin\u012f prieinamum\u0105, stengiamasi, kad ingredientai b\u016bt\u0173 kuo ar\u010diau j\u0173 nat\u016bralios b\u016bkl\u0117s. Laikomasi minimalaus perdirbimo ir kontroliuojama temperat\u016bros, i\u0161kart po derliaus nu\u0117mimo, kad b\u016bt\u0173 i\u0161laikoma visa nauda sveikatai ir gyvybi\u0161kai svarbios maistin\u0117s med\u017eiagos.\r\n\r\n<strong>Produktuose n\u0117ra<\/strong>: sintetikos, dirbtini\u0173 da\u017eikli\u0173 ir kvapi\u0173j\u0173 med\u017eiag\u0173, u\u017epild\u0173, ri\u0161ikli\u0173, dengimo med\u017eiag\u0173, lipnum\u0105 reguliuojan\u010di\u0173 med\u017eiag\u0173, cukr\u0173, glitimo, GMO, laktoz\u0117s, konservant\u0173, pagalbini\u0173 med\u017eiag\u0173.\r\n\r\nVisi ingredientai ir galutiniai produktai yra reguliariai tikrinami tre\u010diosios \u0161alies laboratorijoje. U\u017etikrinama, kad kiekviena partija b\u016bt\u0173 i\u0161bandyta d\u0117l sunki\u0173j\u0173 metal\u0173, mikroorganizm\u0173 ir pesticid\u0173 laikantis grie\u017et\u0173 kokyb\u0117s kontrol\u0117s s\u0105lyg\u0173, o rezultatai atitikt\u0173 ES ir JK ribinius reglamentus, \u012fskaitant ekologinio \u016bkininkavimo standartus.","parent":0,"count":28,"filter":"raw"}],"product_brand":[],"product_cat":[646,653,15],"product_tag":[660],"class_list":{"0":"post-10239","1":"product","2":"type-product","3":"status-publish","4":"has-post-thumbnail","6":"brand-kiki-health","7":"product_cat-papildai-moterims","8":"product_cat-papildai-detoksikacijai","9":"product_cat-produktai","10":"product_tag-esminiai-vitaminai-moterims","12":"first","13":"instock","14":"taxable","15":"shipping-taxable","16":"purchasable","17":"product-type-simple"},"acf":[],"_links":{"self":[{"href":"https:\/\/findvit.com\/en\/wp-json\/wp\/v2\/product\/10239","targetHints":{"allow":["GET"]}}],"collection":[{"href":"https:\/\/findvit.com\/en\/wp-json\/wp\/v2\/product"}],"about":[{"href":"https:\/\/findvit.com\/en\/wp-json\/wp\/v2\/types\/product"}],"replies":[{"embeddable":true,"href":"https:\/\/findvit.com\/en\/wp-json\/wp\/v2\/comments?post=10239"}],"version-history":[{"count":16,"href":"https:\/\/findvit.com\/en\/wp-json\/wp\/v2\/product\/10239\/revisions"}],"predecessor-version":[{"id":21256,"href":"https:\/\/findvit.com\/en\/wp-json\/wp\/v2\/product\/10239\/revisions\/21256"}],"wp:featuredmedia":[{"embeddable":true,"href":"https:\/\/findvit.com\/en\/wp-json\/wp\/v2\/media\/23285"}],"wp:attachment":[{"href":"https:\/\/findvit.com\/en\/wp-json\/wp\/v2\/media?parent=10239"}],"wp:term":[{"taxonomy":"brand","embeddable":true,"href":"https:\/\/findvit.com\/en\/wp-json\/wp\/v2\/etheme_brands?post=10239"},{"taxonomy":"product_brand","embeddable":true,"href":"https:\/\/findvit.com\/en\/wp-json\/wp\/v2\/product_brand?post=10239"},{"taxonomy":"product_cat","embeddable":true,"href":"https:\/\/findvit.com\/en\/wp-json\/wp\/v2\/product_cat?post=10239"},{"taxonomy":"product_tag","embeddable":true,"href":"https:\/\/findvit.com\/en\/wp-json\/wp\/v2\/product_tag?post=10239"}],"curies":[{"name":"wp","href":"https:\/\/api.w.org\/{rel}","templated":true}]}}