{"id":1135,"date":"2021-10-08T14:22:18","date_gmt":"2021-10-08T11:22:18","guid":{"rendered":"https:\/\/findvit.com\/?post_type=product&#038;p=1135"},"modified":"2024-05-01T17:16:49","modified_gmt":"2024-05-01T14:16:49","slug":"vitaminu-ir-mineralu-kompleksas-su-fermentais-ir-probiotikais","status":"publish","type":"product","link":"https:\/\/findvit.com\/en\/produktas\/vitaminu-ir-mineralu-kompleksas-su-fermentais-ir-probiotikais\/","title":{"rendered":"TWO DAILY Multi-Vitamin - Vitamins, 60 capsules"},"content":{"rendered":"<div data-elementor-type=\"product-post\" data-elementor-id=\"1135\" class=\"elementor elementor-1135\" data-elementor-post-type=\"product\">\n\t\t\t\t\t\t<section class=\"elementor-section elementor-top-section elementor-element elementor-element-0fd4c8e elementor-section-boxed elementor-section-height-default elementor-section-height-default\" data-id=\"0fd4c8e\" data-element_type=\"section\">\n\t\t\t\t\t\t<div class=\"elementor-container elementor-column-gap-default\">\n\t\t\t\t\t<div class=\"elementor-column elementor-col-100 elementor-top-column elementor-element elementor-element-fcf5651\" data-id=\"fcf5651\" data-element_type=\"column\">\n\t\t\t<div class=\"elementor-widget-wrap elementor-element-populated\">\n\t\t\t\t\t\t<div class=\"elementor-element elementor-element-79d6cb1 elementor-absolute elementor-hidden-mobile elementor-invisible elementor-widget elementor-widget-image\" data-id=\"79d6cb1\" data-element_type=\"widget\" data-settings=\"{&quot;motion_fx_motion_fx_scrolling&quot;:&quot;yes&quot;,&quot;motion_fx_rotateZ_effect&quot;:&quot;yes&quot;,&quot;motion_fx_rotateZ_speed&quot;:{&quot;unit&quot;:&quot;px&quot;,&quot;size&quot;:5,&quot;sizes&quot;:[]},&quot;motion_fx_range&quot;:&quot;viewport&quot;,&quot;_animation&quot;:&quot;fadeIn&quot;,&quot;_position&quot;:&quot;absolute&quot;,&quot;motion_fx_rotateZ_affectedRange&quot;:{&quot;unit&quot;:&quot;%&quot;,&quot;size&quot;:&quot;&quot;,&quot;sizes&quot;:{&quot;start&quot;:0,&quot;end&quot;:100}},&quot;motion_fx_devices&quot;:[&quot;desktop&quot;,&quot;tablet&quot;,&quot;mobile&quot;]}\" data-widget_type=\"image.default\">\n\t\t\t\t<div class=\"elementor-widget-container\">\n\t\t\t\t\t\t\t\t\t\t\t\t\t\t\t<img loading=\"lazy\" decoding=\"async\" width=\"200\" height=\"200\" src=\"https:\/\/findvit.com\/wp-content\/uploads\/2021\/09\/ratukas.svg\" class=\"attachment-full size-full wp-image-1777\" alt=\"Wheel from questionnaire to vitamin\" \/>\t\t\t\t\t\t\t\t\t\t\t\t\t\t\t<\/div>\n\t\t\t\t<\/div>\n\t\t\t\t\t<\/div>\n\t\t<\/div>\n\t\t\t\t\t<\/div>\n\t\t<\/section>\n\t\t\t\t<section class=\"elementor-section elementor-top-section elementor-element elementor-element-30478db elementor-section-boxed elementor-section-height-default elementor-section-height-default\" data-id=\"30478db\" data-element_type=\"section\">\n\t\t\t\t\t\t<div class=\"elementor-container elementor-column-gap-no\">\n\t\t\t\t\t<div class=\"elementor-column elementor-col-50 elementor-top-column elementor-element elementor-element-f9d480b\" data-id=\"f9d480b\" data-element_type=\"column\">\n\t\t\t<div class=\"elementor-widget-wrap elementor-element-populated\">\n\t\t\t\t\t\t<div class=\"elementor-element elementor-element-64a8ab5 elementor-widget elementor-widget-heading\" data-id=\"64a8ab5\" data-element_type=\"widget\" data-widget_type=\"heading.default\">\n\t\t\t\t<div class=\"elementor-widget-container\">\n\t\t\t\t\t<h2 class=\"elementor-heading-title elementor-size-default\">TWO DAILY Multi-Vitamin - Vitamins, 60 capsules<\/h2>\t\t\t\t<\/div>\n\t\t\t\t<\/div>\n\t\t\t\t\t<\/div>\n\t\t<\/div>\n\t\t\t\t<div class=\"elementor-column elementor-col-50 elementor-top-column elementor-element elementor-element-bd19269\" data-id=\"bd19269\" data-element_type=\"column\">\n\t\t\t<div class=\"elementor-widget-wrap elementor-element-populated\">\n\t\t\t\t\t\t<div class=\"elementor-element elementor-element-8691b95 elementor-widget elementor-widget-image\" data-id=\"8691b95\" data-element_type=\"widget\" data-widget_type=\"image.default\">\n\t\t\t\t<div class=\"elementor-widget-container\">\n\t\t\t\t\t\t\t\t\t\t\t\t\t\t\t<img loading=\"lazy\" decoding=\"async\" width=\"900\" height=\"900\" src=\"https:\/\/findvit.com\/wp-content\/uploads\/2021\/10\/Ko-1-900x900.jpg\" class=\"attachment-large size-large wp-image-2461\" alt=\"family enjoying good health in nature collage\" srcset=\"https:\/\/findvit.com\/wp-content\/uploads\/2021\/10\/Ko-1-900x900.jpg 900w, https:\/\/findvit.com\/wp-content\/uploads\/2021\/10\/Ko-1-600x600.jpg 600w, https:\/\/findvit.com\/wp-content\/uploads\/2021\/10\/Ko-1-150x150.jpg 150w, https:\/\/findvit.com\/wp-content\/uploads\/2021\/10\/Ko-1-768x768.jpg 768w, https:\/\/findvit.com\/wp-content\/uploads\/2021\/10\/Ko-1-1x1.jpg 1w, https:\/\/findvit.com\/wp-content\/uploads\/2021\/10\/Ko-1-10x10.jpg 10w, https:\/\/findvit.com\/wp-content\/uploads\/2021\/10\/Ko-1-100x100.jpg 100w, https:\/\/findvit.com\/wp-content\/uploads\/2021\/10\/Ko-1.jpg 1000w\" sizes=\"auto, (max-width: 900px) 100vw, 900px\" \/>\t\t\t\t\t\t\t\t\t\t\t\t\t\t\t<\/div>\n\t\t\t\t<\/div>\n\t\t\t\t\t<\/div>\n\t\t<\/div>\n\t\t\t\t\t<\/div>\n\t\t<\/section>\n\t\t\t\t<\/div>","protected":false},"excerpt":{"rendered":"<p>Vitamin and trace element complex with Thera-blend enzyme complex and probiotics. Balanced for all family members from 14 years.<\/p>","protected":false},"featured_media":2704,"comment_status":"open","ping_status":"closed","template":"","meta":{"_acf_changed":false,"inline_featured_image":false},"etheme_brands":[{"term_id":57,"name":"Enzymedica","slug":"enzymedica","term_group":0,"term_taxonomy_id":57,"taxonomy":"brand","description":"<h2><a href=\"https:\/\/enzymedica.com\/pages\/explore-our-mission\" target=\"_blank\" rel=\"noopener\">Kiekvienas Enzymedica<\/a> produktas:<\/h2>\r\nhttps:\/\/youtu.be\/3ntanNxUev8?t=2\r\n<h3><strong>\u0160varus<\/strong><\/h3>\r\n\"Enzymedica\" nadoja tik gryniausius nat\u016bralius ingredientus ir siekia, kad produktuose neb\u016bt\u0173 dirbtini\u0173 priemai\u0161\u0173. Gamintojas did\u017eiuojasi, kad yra pirmasis \"Clean Label Project\" sertifikuotas papild\u0173 prek\u0117s \u017eenklas, kurio produktuose n\u0117ra daugiau nei 130 ter\u0161al\u0173. Enzymedica saugo visus gerus ingridientus ir niekada nenaudoja dirbtini\u0173 pried\u0173.\r\n<h3><strong>Nepriklausomai sertifikuotas<\/strong><\/h3>\r\nEnzymedica \u012fsipareigojusi laikytis geros gamybos praktikos. \"Enzymedica\" nepriklausomai audituojama \"NSF International\" kompanijos.\r\n<h3><strong>Tyras<\/strong><\/h3>\r\nKiekviena gamybos partija yra kruop\u0161\u010diai i\u0161testuojama vertinant produkt\u0173 grynum\u0105, tod\u0117l u\u017etikrinama, kad tai, kas yra etiket\u0117je, visada yra buteliuke.\r\n<h3><strong>Orentuotas \u012f gyvenimo b\u016bd\u0105<\/strong><\/h3>\r\nKur tik \u012fmanoma \"Enzymedica\" produktai yra sertifikuojami \"Kosher\" \u017eenklu. Kai tik \u012fmanoma naudojami vegetari\u0161ki ir vegani\u0161ki ingredientai.\r\n<h3><strong>Tvarus<\/strong><\/h3>\r\nPlanetos gerov\u0117 yra tokia pat svarbi kaip ir m\u016bs\u0173, tod\u0117l \"Enzymedica\" mano, kad ekologijos svarba yra neatsiejama verslo dalis ir gyvenimo b\u016bdas. \"LEED-Gold Certified\" b\u016bstin\u0117je yra naudojama saul\u0117s energija, u\u017etikrinant geresn\u0119 ateit\u012f planetai.\r\n<h3><strong>Efektyvus<\/strong><\/h3>\r\nGeriausi papildai n\u0117ra kuriami atsitiktinai. \"Enzymedica\" savaranki\u0161kai tikrina, ar visi j\u0173 produktai atitinka grie\u017etus standartus, ir siekdama pagerinti ingridient\u0173 efektyvum\u0105 suk\u016br\u0117 naujas technologijas, tokias kaip \"Therablend\".\r\n<h3><strong>Socialiai s\u0105moningas<\/strong><\/h3>\r\n\"Enzymedica\" tiki \u017emon\u0117mis ir planeta, ir kiekvianam darbuotojui tai svarbu. Filantropija yra \u012fmon\u0117s pagrindas ir remdami \"People &amp; Planet\" iniciatyvas tai tik patvirtina.","parent":0,"count":8,"filter":"raw"}],"product_brand":[],"product_cat":[23,124],"product_tag":[125,91,120],"class_list":{"0":"post-1135","1":"product","2":"type-product","3":"status-publish","4":"has-post-thumbnail","6":"brand-enzymedica","7":"product_cat-vitaminai","8":"product_cat-siamsezonui","9":"product_tag-energijai","10":"product_tag-imunitetui","11":"product_tag-organizmo-stiprinimui","13":"first","14":"outofstock","15":"taxable","16":"shipping-taxable","17":"purchasable","18":"product-type-simple"},"acf":[],"_links":{"self":[{"href":"https:\/\/findvit.com\/en\/wp-json\/wp\/v2\/product\/1135","targetHints":{"allow":["GET"]}}],"collection":[{"href":"https:\/\/findvit.com\/en\/wp-json\/wp\/v2\/product"}],"about":[{"href":"https:\/\/findvit.com\/en\/wp-json\/wp\/v2\/types\/product"}],"replies":[{"embeddable":true,"href":"https:\/\/findvit.com\/en\/wp-json\/wp\/v2\/comments?post=1135"}],"version-history":[{"count":1,"href":"https:\/\/findvit.com\/en\/wp-json\/wp\/v2\/product\/1135\/revisions"}],"predecessor-version":[{"id":8813,"href":"https:\/\/findvit.com\/en\/wp-json\/wp\/v2\/product\/1135\/revisions\/8813"}],"wp:featuredmedia":[{"embeddable":true,"href":"https:\/\/findvit.com\/en\/wp-json\/wp\/v2\/media\/2704"}],"wp:attachment":[{"href":"https:\/\/findvit.com\/en\/wp-json\/wp\/v2\/media?parent=1135"}],"wp:term":[{"taxonomy":"brand","embeddable":true,"href":"https:\/\/findvit.com\/en\/wp-json\/wp\/v2\/etheme_brands?post=1135"},{"taxonomy":"product_brand","embeddable":true,"href":"https:\/\/findvit.com\/en\/wp-json\/wp\/v2\/product_brand?post=1135"},{"taxonomy":"product_cat","embeddable":true,"href":"https:\/\/findvit.com\/en\/wp-json\/wp\/v2\/product_cat?post=1135"},{"taxonomy":"product_tag","embeddable":true,"href":"https:\/\/findvit.com\/en\/wp-json\/wp\/v2\/product_tag?post=1135"}],"curies":[{"name":"wp","href":"https:\/\/api.w.org\/{rel}","templated":true}]}}