{"id":1140,"date":"2021-10-08T14:27:41","date_gmt":"2021-10-08T11:27:41","guid":{"rendered":"https:\/\/findvit.com\/?post_type=product&#038;p=1140"},"modified":"2026-02-27T16:33:16","modified_gmt":"2026-02-27T14:33:16","slug":"naturalus-cinkas-su-fermentais-ir-probiotikais-vitamin-code","status":"publish","type":"product","link":"https:\/\/findvit.com\/en\/produktas\/naturalus-cinkas-su-fermentais-ir-probiotikais-vitamin-code\/","title":{"rendered":"Garden of life Vitamin Code RAW ZINC - Zinc with Vitamin C complete with antioxidants, probiotics and enzymes. Bioactive complex 60 vegcapsules"},"content":{"rendered":"<div data-elementor-type=\"product-post\" data-elementor-id=\"1140\" class=\"elementor elementor-1140\" data-elementor-post-type=\"product\">\n\t\t\t\t\t\t<section class=\"elementor-section elementor-top-section elementor-element elementor-element-b246bc4 elementor-section-boxed elementor-section-height-default elementor-section-height-default\" data-id=\"b246bc4\" data-element_type=\"section\">\n\t\t\t\t\t\t<div class=\"elementor-container elementor-column-gap-default\">\n\t\t\t\t\t<div class=\"elementor-column elementor-col-100 elementor-top-column elementor-element elementor-element-851dc0c\" data-id=\"851dc0c\" data-element_type=\"column\">\n\t\t\t<div class=\"elementor-widget-wrap elementor-element-populated\">\n\t\t\t\t\t\t<div class=\"elementor-element elementor-element-401546e elementor-absolute elementor-hidden-mobile elementor-invisible elementor-widget elementor-widget-image\" data-id=\"401546e\" data-element_type=\"widget\" data-settings=\"{&quot;motion_fx_motion_fx_scrolling&quot;:&quot;yes&quot;,&quot;motion_fx_rotateZ_effect&quot;:&quot;yes&quot;,&quot;motion_fx_rotateZ_speed&quot;:{&quot;unit&quot;:&quot;px&quot;,&quot;size&quot;:5,&quot;sizes&quot;:[]},&quot;motion_fx_range&quot;:&quot;viewport&quot;,&quot;_animation&quot;:&quot;fadeIn&quot;,&quot;_position&quot;:&quot;absolute&quot;,&quot;motion_fx_rotateZ_affectedRange&quot;:{&quot;unit&quot;:&quot;%&quot;,&quot;size&quot;:&quot;&quot;,&quot;sizes&quot;:{&quot;start&quot;:0,&quot;end&quot;:100}},&quot;motion_fx_devices&quot;:[&quot;desktop&quot;,&quot;tablet&quot;,&quot;mobile&quot;]}\" data-widget_type=\"image.default\">\n\t\t\t\t<div class=\"elementor-widget-container\">\n\t\t\t\t\t\t\t\t\t\t\t\t\t\t\t<img loading=\"lazy\" decoding=\"async\" width=\"200\" height=\"200\" src=\"https:\/\/findvit.com\/wp-content\/uploads\/2021\/09\/ratukas.svg\" class=\"attachment-full size-full wp-image-1777\" alt=\"Wheel from questionnaire to vitamin\" \/>\t\t\t\t\t\t\t\t\t\t\t\t\t\t\t<\/div>\n\t\t\t\t<\/div>\n\t\t\t\t\t<\/div>\n\t\t<\/div>\n\t\t\t\t\t<\/div>\n\t\t<\/section>\n\t\t\t\t<section class=\"elementor-section elementor-top-section elementor-element elementor-element-8e4d512 elementor-section-boxed elementor-section-height-default elementor-section-height-default\" data-id=\"8e4d512\" data-element_type=\"section\">\n\t\t\t\t\t\t<div class=\"elementor-container elementor-column-gap-no\">\n\t\t\t\t\t<div class=\"elementor-column elementor-col-50 elementor-top-column elementor-element elementor-element-68d84eb\" data-id=\"68d84eb\" data-element_type=\"column\">\n\t\t\t<div class=\"elementor-widget-wrap elementor-element-populated\">\n\t\t\t\t\t\t<div class=\"elementor-element elementor-element-5c7f917 elementor-widget elementor-widget-heading\" data-id=\"5c7f917\" data-element_type=\"widget\" data-widget_type=\"heading.default\">\n\t\t\t\t<div class=\"elementor-widget-container\">\n\t\t\t\t\t<h2 class=\"elementor-heading-title elementor-size-default\">Garden of life Vitamin Code Natural Zinc with Vitamin C<\/h2>\t\t\t\t<\/div>\n\t\t\t\t<\/div>\n\t\t\t\t<div class=\"elementor-element elementor-element-b64de30 elementor-widget elementor-widget-text-editor\" data-id=\"b64de30\" data-element_type=\"widget\" data-widget_type=\"text-editor.default\">\n\t\t\t\t<div class=\"elementor-widget-container\">\n\t\t\t\t\t\t\t\t\t<p>Garden of Life Zinc Supplement with Vitamin C is <strong>unique<\/strong> a dietary supplement that is made from natural, unprocessed fruits and vegetables. <\/p><h3><strong>YOU WILL BENEFIT<\/strong><\/h3><p>This product is <strong>rich in zinc and vitamin C<\/strong>, which are known for their powerful properties.<\/p><p><strong>This Organic Zinc with Vitamin C complex provides 30 mg of highly effective zinc<\/strong><br \/><strong>and 60 mg of vitamin C. <\/strong>This is as much as 200 % daily rates of zinc and 100 % vitamin C daily rates.<\/p><p><strong>Enriched with nutrients from 23<\/strong> whole fruits and vegetables, with a complex of trace elements,<strong> probiotics and digestive enzymes.<br \/><\/strong><\/p><h3><strong>VALUED BENEFITS<\/strong><\/h3><p>Zinc still <strong>called a beauty mineral. <\/strong>Zinc is also present <strong>essential mineral, <\/strong>which is essential for many body functions:<\/p><ul><li><strong>Zinc<\/strong> important normally <br \/><strong>bone condition<\/strong> to support<\/li><li>Zinc <strong>important<\/strong> normally <br \/><strong>hair<\/strong> <strong>for the condition<\/strong> to support<\/li><li>Zinc <strong>important<\/strong> normally <br \/><strong>skin<\/strong> <strong>for the condition<\/strong> to support<\/li><\/ul><p>Vitamin C is <strong>powerful<\/strong> <strong>antioxidant<\/strong>, which helps:<\/p><ul><li>Vitamin C <strong>important<\/strong> for normal collagen formation and <br \/>normally <strong>blood vessels<\/strong> <strong>function<\/strong><\/li><li>Vitamin C <strong>important<\/strong> normally <strong>nerves<\/strong> <strong>system performance<\/strong><\/li><li>Vitamin C is important for normal <strong>immune system activity<\/strong><\/li><\/ul><p><strong>VITAMIN CODE organic<\/strong> nutritional supplements are made from individually grown whole fruits and vegetables with the help of good bacteria<br \/>cultivation. This <strong>natural food supplements<\/strong>, are produced <strong>below 46\u00ba C<\/strong> temperature. <br \/><br \/>Own <strong>contains<\/strong> natural cofactors, live probiotics and enzymes - just like natural and unprocessed food!<\/p><p>It contains no synthetic binders and fillers, artificial flavors, sweeteners, colors or additives. Presented as a natural powder in capsules that can be opened and dispensed. Even <strong>60\u00a0 <\/strong>vegan capsules<strong>. In dark glass packaging. <\/strong>Suitable <strong>for vegetarians and vegans. <\/strong><strong>30 is enough <\/strong>days<strong>.<\/strong><\/p><h3><strong>RECOGNIZED NATURALITY<\/strong><\/h3><p>Garden of Life Vitamin Code Raw Zinc Vegan Capsules are available <strong>RAW<\/strong>, meaning it is not processed with high temperatures, synthetic binders, fillers, artificial flavors, sweeteners or additives that are often used in tablets. <br \/><br \/>The product is <strong>certified<\/strong> as non-GMO, gluten-free and vegan, it is safe and suitable for everyone who cares about themselves, their loved ones and the environment.<\/p><h3><strong>PLEASANT AND COMFORTABLE<\/strong><\/h3><p>The product is <strong>convenient<\/strong> use as it comes in capsule form which can be swallowed with water or opened and mixed with water or juice.<\/p><p>This dietary supplement is easily digestible and well tolerated, which is why it is <strong>a great choice for everyone<\/strong>, regardless of their nutritional requirements or health status. It&#039;s also convenient to use - just take one capsule a day with food.<\/p><h3><strong>BEST APPRECIATED<\/strong><\/h3><p><a href=\"https:\/\/findvit.com\/en\/gamintojas\/garden-of-life\/\" target=\"_blank\" rel=\"noopener\">Garden of Life<\/a> is committed to creating products that are not only healthy but also ethical. They work with small farmers and producers around the world to ensure that their <strong>products are made responsibly<\/strong> and sustainably.<\/p><p>With Garden of Life Zinc Supplement with Vitamin C, you can trust that <strong>you get the highest quality product<\/strong>, which will help you reach and maintain your goals.<\/p><p>Start your journey to health today with Garden of Life!<\/p><p>\u00a0Vitamins and get a personal recommendation. Free online test <a href=\"https:\/\/findvit.com\/en\/testas\/\"><strong>&quot;Your Day&quot;<\/strong><\/a> .<\/p>\t\t\t\t\t\t\t\t<\/div>\n\t\t\t\t<\/div>\n\t\t\t\t\t<\/div>\n\t\t<\/div>\n\t\t\t\t<div class=\"elementor-column elementor-col-50 elementor-top-column elementor-element elementor-element-70ae713\" data-id=\"70ae713\" data-element_type=\"column\">\n\t\t\t<div class=\"elementor-widget-wrap elementor-element-populated\">\n\t\t\t\t\t\t<div class=\"elementor-element elementor-element-a6e778c elementor-widget elementor-widget-image\" data-id=\"a6e778c\" data-element_type=\"widget\" data-widget_type=\"image.default\">\n\t\t\t\t<div class=\"elementor-widget-container\">\n\t\t\t\t\t\t\t\t\t\t\t\t\t\t\t<img loading=\"lazy\" decoding=\"async\" width=\"900\" height=\"900\" src=\"https:\/\/findvit.com\/wp-content\/uploads\/2021\/11\/koliazai-15-900x900.jpg\" class=\"attachment-large size-large wp-image-3823\" alt=\"Beautiful female skin using supplements\" srcset=\"https:\/\/findvit.com\/wp-content\/uploads\/2021\/11\/koliazai-15-900x900.jpg 900w, https:\/\/findvit.com\/wp-content\/uploads\/2021\/11\/koliazai-15-600x600.jpg 600w, https:\/\/findvit.com\/wp-content\/uploads\/2021\/11\/koliazai-15-150x150.jpg 150w, https:\/\/findvit.com\/wp-content\/uploads\/2021\/11\/koliazai-15-768x768.jpg 768w, https:\/\/findvit.com\/wp-content\/uploads\/2021\/11\/koliazai-15-1x1.jpg 1w, https:\/\/findvit.com\/wp-content\/uploads\/2021\/11\/koliazai-15-10x10.jpg 10w, https:\/\/findvit.com\/wp-content\/uploads\/2021\/11\/koliazai-15-100x100.jpg 100w, https:\/\/findvit.com\/wp-content\/uploads\/2021\/11\/koliazai-15-e1637516776328.jpg 1001w\" sizes=\"auto, (max-width: 900px) 100vw, 900px\" \/>\t\t\t\t\t\t\t\t\t\t\t\t\t\t\t<\/div>\n\t\t\t\t<\/div>\n\t\t\t\t\t<\/div>\n\t\t<\/div>\n\t\t\t\t\t<\/div>\n\t\t<\/section>\n\t\t\t\t<\/div>","protected":false},"excerpt":{"rendered":"<p>Natural Zinc with Vitamin C - <strong>unique<\/strong> the food supplement is made from natural, unprocessed raw materials that are <strong>rich in zinc and vitamin C<\/strong>. This product is <strong>ideal choice<\/strong> for those who want to give themselves exceptional quality and naturalness. Enzymes and probiotics in the complex add even more. Bioactive trace elements and vitamins from organic fruits and vegetables enrich the daily diet with valuable active substances. Suitable for the whole family.<\/p>","protected":false},"featured_media":2700,"comment_status":"open","ping_status":"closed","template":"","meta":{"_acf_changed":false,"inline_featured_image":false},"etheme_brands":[{"term_id":58,"name":"Garden of Life","slug":"garden-of-life","term_group":0,"term_taxonomy_id":58,"taxonomy":"brand","description":"<h2><strong><a href=\"https:\/\/www.gardenoflife.com\/why-gol\" target=\"_blank\" rel=\"noopener\">Garden of Life<\/a><\/strong><\/h2>\r\nJAV \u012fmon\u0117, kuri yra viena i\u0161 nedaugelio, gaminanti savo produktus 100% i\u0161 nat\u016brali\u0173 ingredient\u0173. Puikiai tinka \u017emon\u0117ms, kuriems labai svarbi produkt\u0173 sud\u0117tis. Visi produktai be GMO. Gamintojas apdovanotas daugeliu kokyb\u0117s sertifikat\u0173, toki\u0173 kaip USDA Organic, Certified Vegan, Certified Gluten-Free, U Kosher ir daugelis kit\u0173. Garden of life kompanija dal\u012f pajam\u0173, gaut\u0173 i\u0161 pardavim\u0173, skiria labdarai, pla\u010diau apra\u0161ytoms gamintojo svetain\u0117je.\r\n\"Garden of Life\" tikslas - suteikti \u017emon\u0117ms galimyb\u0119 tur\u0117ti auk\u0161tos kokyb\u0117s papildus, kurie yra reikalingi gerai sveikatai i\u0161laikyti. Sud\u0117tin\u0117s dalys yra organin\u0117s kilm\u0117s, klini\u0161kai i\u0161tirtos ir atsekamos kilm\u0117s. Gompanija savo gaminiuose nenaudoja sintetini\u0173 pried\u0173, dirbtini\u0173 skoni\u0173 ar da\u017eikli\u0173, ri\u0161ikli\u0173 ar u\u017epild\u0173.\r\nhttps:\/\/youtu.be\/2jbU_WkglKA?t=48\r\n<h3><strong>Neapdirbtas maistas<\/strong><\/h3>\r\n\u017dmogaus k\u016bnas buvo sukurtas valgyti, apdoroti ir gauti maistines med\u017eiagas i\u0161 maisto - tikro, sveiko maisto. Taigi, kai kuriami produktai, pradedama nuo \u017evilgnsio \u012f maist\u0105. Kokie yra \"geri dalykai\" auk\u0161\u010diausios kokyb\u0117s maiste, kurio mums tr\u016bksta m\u016bs\u0173 kasdien\u0117je mityboje? Kuris i\u0161 \u0161i\u0173 maisto produkt\u0173 turi did\u017eiausi\u0105 potencial\u0105 paveikti ir \u012fgalinti ger\u0105 sveikat\u0105?\r\n<h3><strong>Atsekamumas<\/strong><\/h3>\r\nAtsekamumas yra labai svarbus veiksnys, d\u0117l kurio \"Garden of Life\" produktai yra tokie ypatingi. Atsekamumas prasideda nuo \u017einojimo, i\u0161 kur kil\u0119s kiekvienas produkt\u0173 ingredientas, ir susipa\u017einimo su kiekviena kilme: kur jis auginamas; \u016bkininkavimo praktika; kaip elgiasi su \u016bkio darbuotojais \u2013 viskuo.\r\n<h3><strong>\u0160varu yra sveika<\/strong><\/h3>\r\nGarden of life stebi, kas yra \u012fdedama \u012f produktus \u2013 tikri, neapdirbti maisto ingredientai. Bet ties tuo nesustojama. Taip pat labai daug d\u0117mesio skiriama tam, kas i\u0161 \u0161i\u0173 produkt\u0173 i\u0161gaunama. Ir dar kart\u0105 renkamasi\u00a0 \u2013 tikras kokybi\u0161kas maistas. Kompanija naudoja tre\u010di\u0173j\u0173 \u0161ali\u0173\u00a0 sertifikatus, kad \u012frodyt\u0173, jog produktai yra \u0161var\u016bs ir kokybi\u0161ki!\r\n<h3><strong>CO2 neutralumas<\/strong><\/h3>\r\nGarden of life nepaprastai did\u017eiuojasi, kad pasiek\u0117 anglies dioksido neutralum\u0105 2021 m. Bir\u017eelio m\u0117n. CarbonFund.org sertifikuotas \"Carbonfree\u00ae\", \"Garden of Life\" nuo pat \u012fk\u016brimo buvo \u012fsipareigojusi tvarumui.","parent":0,"count":12,"filter":"raw"}],"product_brand":[],"product_cat":[63,124],"product_tag":[91,95,101,121],"class_list":{"0":"post-1140","1":"product","2":"type-product","3":"status-publish","4":"has-post-thumbnail","6":"brand-garden-of-life","7":"product_cat-mineralai","8":"product_cat-siamsezonui","9":"product_tag-imunitetui","10":"product_tag-puikiai-isvaizdai","11":"product_tag-ramiam-miegui","12":"product_tag-zvilgantiems-plaukams","14":"first","15":"instock","16":"sale","17":"taxable","18":"shipping-taxable","19":"purchasable","20":"product-type-simple"},"acf":[],"_links":{"self":[{"href":"https:\/\/findvit.com\/en\/wp-json\/wp\/v2\/product\/1140","targetHints":{"allow":["GET"]}}],"collection":[{"href":"https:\/\/findvit.com\/en\/wp-json\/wp\/v2\/product"}],"about":[{"href":"https:\/\/findvit.com\/en\/wp-json\/wp\/v2\/types\/product"}],"replies":[{"embeddable":true,"href":"https:\/\/findvit.com\/en\/wp-json\/wp\/v2\/comments?post=1140"}],"version-history":[{"count":23,"href":"https:\/\/findvit.com\/en\/wp-json\/wp\/v2\/product\/1140\/revisions"}],"predecessor-version":[{"id":18968,"href":"https:\/\/findvit.com\/en\/wp-json\/wp\/v2\/product\/1140\/revisions\/18968"}],"wp:featuredmedia":[{"embeddable":true,"href":"https:\/\/findvit.com\/en\/wp-json\/wp\/v2\/media\/2700"}],"wp:attachment":[{"href":"https:\/\/findvit.com\/en\/wp-json\/wp\/v2\/media?parent=1140"}],"wp:term":[{"taxonomy":"brand","embeddable":true,"href":"https:\/\/findvit.com\/en\/wp-json\/wp\/v2\/etheme_brands?post=1140"},{"taxonomy":"product_brand","embeddable":true,"href":"https:\/\/findvit.com\/en\/wp-json\/wp\/v2\/product_brand?post=1140"},{"taxonomy":"product_cat","embeddable":true,"href":"https:\/\/findvit.com\/en\/wp-json\/wp\/v2\/product_cat?post=1140"},{"taxonomy":"product_tag","embeddable":true,"href":"https:\/\/findvit.com\/en\/wp-json\/wp\/v2\/product_tag?post=1140"}],"curies":[{"name":"wp","href":"https:\/\/api.w.org\/{rel}","templated":true}]}}