{"id":11889,"date":"2023-03-08T13:46:31","date_gmt":"2023-03-08T11:46:31","guid":{"rendered":"https:\/\/findvit.com\/?post_type=product&#038;p=11889"},"modified":"2026-02-27T16:24:29","modified_gmt":"2026-02-27T14:24:29","slug":"kiki-health-chlorofilas-skystas-250ml","status":"publish","type":"product","link":"https:\/\/findvit.com\/en\/produktas\/kiki-health-chlorofilas-skystas-250ml\/","title":{"rendered":"Kiki Health  Detoksikuojantis chlorofilas, skystas koncentruotas, 250 ml"},"content":{"rendered":"\t\t<div data-elementor-type=\"product-post\" data-elementor-id=\"11889\" class=\"elementor elementor-11889\" data-elementor-post-type=\"product\">\n\t\t\t\t\t\t<section class=\"elementor-section elementor-top-section elementor-element elementor-element-1374618 elementor-section-boxed elementor-section-height-default elementor-section-height-default\" data-id=\"1374618\" data-element_type=\"section\" data-e-type=\"section\">\n\t\t\t\t\t\t<div class=\"elementor-container elementor-column-gap-default\">\n\t\t\t\t\t<div class=\"elementor-column elementor-col-100 elementor-top-column elementor-element elementor-element-65d24b2b\" data-id=\"65d24b2b\" data-element_type=\"column\" data-e-type=\"column\">\n\t\t\t<div class=\"elementor-widget-wrap elementor-element-populated\">\n\t\t\t\t\t\t<div class=\"elementor-element elementor-element-310930d1 elementor-absolute elementor-hidden-mobile elementor-invisible elementor-widget elementor-widget-image\" data-id=\"310930d1\" data-element_type=\"widget\" data-e-type=\"widget\" data-settings=\"{&quot;motion_fx_motion_fx_scrolling&quot;:&quot;yes&quot;,&quot;motion_fx_rotateZ_effect&quot;:&quot;yes&quot;,&quot;motion_fx_rotateZ_speed&quot;:{&quot;unit&quot;:&quot;px&quot;,&quot;size&quot;:5,&quot;sizes&quot;:[]},&quot;motion_fx_range&quot;:&quot;viewport&quot;,&quot;_animation&quot;:&quot;fadeIn&quot;,&quot;_position&quot;:&quot;absolute&quot;,&quot;motion_fx_rotateZ_affectedRange&quot;:{&quot;unit&quot;:&quot;%&quot;,&quot;size&quot;:&quot;&quot;,&quot;sizes&quot;:{&quot;start&quot;:0,&quot;end&quot;:100}},&quot;motion_fx_devices&quot;:[&quot;desktop&quot;,&quot;tablet&quot;,&quot;mobile&quot;]}\" data-widget_type=\"image.default\">\n\t\t\t\t<div class=\"elementor-widget-container\">\n\t\t\t\t\t\t\t\t\t\t\t\t\t\t\t<img loading=\"lazy\" loading=\"lazy\" decoding=\"async\" width=\"200\" height=\"200\" src=\"https:\/\/findvit.com\/wp-content\/uploads\/xstore\/xstore-placeholder-1x1.png\" class=\"attachment-full size-full wp-image-1777 lazyload lazyload-simple et-lazyload-fadeIn\" alt=\"Ratukas nuo klausimyno iki vitamino\" data-src=\"https:\/\/findvit.com\/wp-content\/uploads\/2021\/09\/ratukas.svg\" \/>\t\t\t\t\t\t\t\t\t\t\t\t\t\t\t<\/div>\n\t\t\t\t<\/div>\n\t\t\t\t\t<\/div>\n\t\t<\/div>\n\t\t\t\t\t<\/div>\n\t\t<\/section>\n\t\t\t\t<section class=\"elementor-section elementor-top-section elementor-element elementor-element-1c9d2c0 elementor-section-boxed elementor-section-height-default elementor-section-height-default\" data-id=\"1c9d2c0\" data-element_type=\"section\" data-e-type=\"section\">\n\t\t\t\t\t\t<div class=\"elementor-container elementor-column-gap-no\">\n\t\t\t\t\t<div class=\"elementor-column elementor-col-50 elementor-top-column elementor-element elementor-element-1c2641ec\" data-id=\"1c2641ec\" data-element_type=\"column\" data-e-type=\"column\">\n\t\t\t<div class=\"elementor-widget-wrap elementor-element-populated\">\n\t\t\t\t\t\t<div class=\"elementor-element elementor-element-47a60f12 elementor-widget elementor-widget-heading\" data-id=\"47a60f12\" data-element_type=\"widget\" data-e-type=\"widget\" data-widget_type=\"heading.default\">\n\t\t\t\t<div class=\"elementor-widget-container\">\n\t\t\t\t\t<h2 class=\"elementor-heading-title elementor-size-medium\">Kiki Health  Detoksikuojantis chlorofilas, skystas koncentruotas, 250 ml<\/h2>\t\t\t\t<\/div>\n\t\t\t\t<\/div>\n\t\t\t\t<div class=\"elementor-element elementor-element-32fe367e elementor-widget elementor-widget-text-editor\" data-id=\"32fe367e\" data-element_type=\"widget\" data-e-type=\"widget\" data-widget_type=\"text-editor.default\">\n\t\t\t\t<div class=\"elementor-widget-container\">\n\t\t\t\t\t\t\t\t\t<p>KIKI health skystasis chlorofilas i\u0161gaunamas tik i\u0161 <strong>auk\u0161tos kokyb\u0117s liucernos<\/strong> ir sumai\u0161omas su i\u0161grynintu vandeniu, kad susidaryt\u0173 augalin\u0117s kilm\u0117s, biologi\u0161kai aktyvus skystis, kuris skirtas jums kasdien.<\/p><p><strong>GALINGAS <\/strong>&#8211; &#8222;KIKI Health&#8221; 15 ml skystojo chlorofilo sud\u0117tyje yra 15 ml chlorofilo ekstrakto ir jis gerai vertinamas.<\/p><p>Chlorofilas laikomas nat\u016braliu antioksidant\u0173 \u0161altiniu. Da\u017enai vadinamas nat\u016braliu dezodorantu.<\/p><p><strong>100 % NAT\u016aRALIOSIOS MED\u017dIAGOS<\/strong> &#8211; sud\u0117tyje n\u0117ra dirbtini\u0173 da\u017eikli\u0173, sintetini\u0173 med\u017eiag\u0173, konservant\u0173, chemini\u0173 med\u017eiag\u0173, saldikli\u0173 ar u\u017epild\u0173. <br \/>I\u0161laikomas maistingumas ir nat\u016bralus skonis.<\/p><p><strong>Nat\u016bralu<\/strong>, nes be glitimo, sojos, mieli\u0173, laktoz\u0117s, kiau\u0161ini\u0173 ir kvie\u010di\u0173.<\/p><p>Tinka <strong>vegetarams<\/strong> ir <strong>veganams<\/strong>.<\/p><p><strong>N\u0117ra<\/strong> geneti\u0161kai modifikuot\u0173 organizm\u0173.<\/p><p><strong>KIEKVIENA GAMYBOS PARTIJA KRUOP\u0160\u010cIAI PATIKRINTA<\/strong> &#8211; kiekviena chlorofilo partija patikrinama d\u0117l sunki\u0173j\u0173 metal\u0173, bakterij\u0173 skai\u010diaus, pesticid\u0173, mikrob\u0173 skai\u010diaus, tinkamumo vartoti termino ir kokyb\u0117s.<\/p><p>Skystasis chlorofilas yra <strong>visi\u0161kai nat\u016bralus<\/strong> augalin\u0117s kilm\u0117s skystis, kuriame panaudojama augalin\u0117 chlorofilo galia ir daugyb\u0117 svarbi\u0173 maistini\u0173 med\u017eiag\u0173.<\/p><p>Chlorofilas, vadinamas <strong>&#8222;augal\u0173 krauju&#8221;<\/strong>, yra pigmentas, kur\u012f nat\u016braliai gamina augalai ir dumbliai, suteikdamas jiems nuostabi\u0105 \u017eali\u0105 spalv\u0105.<\/p><p>Molekuliniu lygmeniu chlorofilas yra beveik <strong>identi\u0161kas hemoglobinui<\/strong> &#8211; deguonies perne\u0161\u0117jui m\u016bs\u0173 kraujyje.<\/p><p>Chlorofilas yra <strong>tikra j\u0117gain\u0117<\/strong>, nes jis atitinka tris pagrindinius reikalavimus.<\/p><p><strong>Sud\u0117tyje n\u0117ra<\/strong> laktoz\u0117s, druskos, krakmolo, kukur\u016bz\u0173, kvie\u010di\u0173 ir (arba) glitimo, mieli\u0173, pieno produkt\u0173, dirbtini\u0173 konservant\u0173 ir da\u017eikli\u0173 bei geneti\u0161kai modifikuot\u0173 organizm\u0173 (GMO).<\/p><p><strong>Daugelyje<\/strong> skyst\u0173 chlorofilo papild\u0173 yra chlorofilino, kuris gaunamas i\u0161 natrio vario drusk\u0173, tod\u0117l jie yra pusiau sintetiniai, o tai pigiau pagaminti ir ilgiau galioja. \u012e juos taip pat dedama kvapi\u0173j\u0173 med\u017eiag\u0173 ir glicerino, o ne gryno 100 % chlorofilo. \u0160ie produktai n\u0117ra tokie patys, kaip grynas nesugadintas skystas chlorofilas.<\/p><p><strong>Nat\u016bralus<\/strong>, biologi\u0161kai prieinamas skystas<br \/>KIKI health chlorofilas yra biologi\u0161kai gerai pasisavinamo skys\u010dio pavidalo ir yra visi\u0161kai nat\u016bralus, augalin\u0117s kilm\u0117s, i\u0161gaunamas tik i\u0161 liucernos \u017eol\u0117s be konservant\u0173 ar dirbtini\u0173 da\u017eikli\u0173, tod\u0117l pasi\u017eymi ry\u0161kiu, nat\u016braliu skoniu.<\/p><p><strong>Paprasta vartoti<\/strong><br \/>Vertinga bet kurios mitybos\u00a0 programos dalis. Tiesiog \u012fpilkite \u012f vanden\u012f, sultis ar g\u0117rim\u0105.<\/p>\t\t\t\t\t\t\t\t<\/div>\n\t\t\t\t<\/div>\n\t\t\t\t\t<\/div>\n\t\t<\/div>\n\t\t\t\t<div class=\"elementor-column elementor-col-50 elementor-top-column elementor-element elementor-element-15f5dfaa\" data-id=\"15f5dfaa\" data-element_type=\"column\" data-e-type=\"column\">\n\t\t\t<div class=\"elementor-widget-wrap elementor-element-populated\">\n\t\t\t\t\t\t<div class=\"elementor-element elementor-element-434ce479 elementor-widget elementor-widget-image\" data-id=\"434ce479\" data-element_type=\"widget\" data-e-type=\"widget\" data-widget_type=\"image.default\">\n\t\t\t\t<div class=\"elementor-widget-container\">\n\t\t\t\t\t\t\t\t\t\t\t\t\t\t\t<img loading=\"lazy\" loading=\"lazy\" decoding=\"async\" width=\"600\" height=\"600\" src=\"https:\/\/findvit.com\/wp-content\/uploads\/xstore\/xstore-placeholder-1x1.png\" class=\"attachment-medium size-medium wp-image-11902 lazyload lazyload-simple et-lazyload-fadeIn\" alt=\"Chlorofilas stiklin\u0117je koliazas\" sizes=\"auto, (max-width: 600px) 100vw, 600px\" data-src=\"https:\/\/findvit.com\/wp-content\/uploads\/2023\/03\/chlorofilas-stiklineje-600x600.jpg\" data-srcset=\"https:\/\/findvit.com\/wp-content\/uploads\/2023\/03\/chlorofilas-stiklineje-600x600.jpg 600w, https:\/\/findvit.com\/wp-content\/uploads\/2023\/03\/chlorofilas-stiklineje-900x900.jpg 900w, https:\/\/findvit.com\/wp-content\/uploads\/2023\/03\/chlorofilas-stiklineje-150x150.jpg 150w, https:\/\/findvit.com\/wp-content\/uploads\/2023\/03\/chlorofilas-stiklineje-768x768.jpg 768w, https:\/\/findvit.com\/wp-content\/uploads\/2023\/03\/chlorofilas-stiklineje-400x400.jpg 400w, https:\/\/findvit.com\/wp-content\/uploads\/2023\/03\/chlorofilas-stiklineje-100x100.jpg 100w, https:\/\/findvit.com\/wp-content\/uploads\/2023\/03\/chlorofilas-stiklineje-1x1.jpg 1w, https:\/\/findvit.com\/wp-content\/uploads\/2023\/03\/chlorofilas-stiklineje-10x10.jpg 10w, https:\/\/findvit.com\/wp-content\/uploads\/2023\/03\/chlorofilas-stiklineje.jpg 1000w\" \/>\t\t\t\t\t\t\t\t\t\t\t\t\t\t\t<\/div>\n\t\t\t\t<\/div>\n\t\t\t\t\t<\/div>\n\t\t<\/div>\n\t\t\t\t\t<\/div>\n\t\t<\/section>\n\t\t\t\t<\/div>\n\t\t","protected":false},"excerpt":{"rendered":"<p>Powerful Liquid Chlorophyll and is an all-natural, plant-based solution derived solely from alfalfa plants, with no preservatives or artificial colors, resulting in a bright and wonderful flavor.  It even has 100 mg of chlorophyll extract per serving. This liquid chlorophyll is pure and biologically clear. Perfectly absorbed and 100 % ecological. Enjoy the benefits of nature&#039;s wonder!<\/p>","protected":false},"featured_media":23283,"comment_status":"open","ping_status":"closed","template":"","meta":{"_acf_changed":false,"inline_featured_image":false},"etheme_brands":[{"term_id":28,"name":"Kiki Health","slug":"kiki-health","term_group":0,"term_taxonomy_id":28,"taxonomy":"brand","description":"<h2><a href=\"https:\/\/kiki-health.com\/about-us\/\" target=\"_blank\" rel=\"noopener\"><strong>KIKI Health<\/strong><\/a><\/h2>\r\nKIKI yra prek\u0117s \u017eenklas, kuriantis novatori\u0161kus maisto papildus.\r\n\r\nKIKI yra pripa\u017eintas ir gerbiamas, kaip sveikos gyvensenos produkt\u0173 ir individualumo bei meistri\u0161kumo standartas.\r\n\r\nKIKI gim\u0117 i\u0161 noro skatinti optimali\u0105 sveikat\u0105 ir gerov\u0119, m\u016bs\u0173 tikslas ir aistra yra \u012fsigyti auk\u0161\u010diausios kokyb\u0117s, grynumo produktus i\u0161 viso pasaulio, kurie pad\u0117t\u0173 gro\u017eiui ir sveikatai.\r\n\r\nNuo pat prad\u017ei\u0173 ir iki \u0161iol KIKI Health niekada nedaro kompromis\u0173 ir nededa pried\u0173 bei naudoja prastesni\u0173 ingredient\u0173 - tik nat\u016bralios 100% veikliosios med\u017eiagos.\r\n\r\nhttps:\/\/youtu.be\/irT0ZUOzBac?t=45\r\n<h3><strong>Nat\u016braliai turtingi <\/strong><strong>vitaminais, mineralais ir b\u016btinomis\u00a0 veikliosiomis med\u017eiagomis<\/strong><\/h3>\r\nDaugelis \"KIKI Health\" produkt\u0173 turintys augalini\u0173 ir maistini\u0173 med\u017eiag\u0173\u00a0 yra sertifikuoti, kaip ekologi\u0161ki.\r\n\r\nI\u0161naudodami stiprias augalin\u0117s kilm\u0117s, nat\u016brali\u0173 ingredient\u0173 galias, kupinas esmini\u0173 augal\u0173 veikli\u0173j\u0173 med\u017eiag\u0173, vitamin\u0173 ir mineral\u0173, kad suteikt\u0173 smegenims, odai ir k\u016bnui neprilygstam\u0105 pagalb\u0105.\r\n\r\nKIKI Health tikslas yra u\u017etikrinti, kad mi\u0161iniuose neb\u016bt\u0173 sintetikos, konservant\u0173, u\u017epild\u0173 ir ri\u0161ikli\u0173, u\u017etikrinant, kad ir toliau gamint\u0173 veiksmingus, \u0161varius ir saugius papildus.\r\n\r\nPagaminta Jungtin\u0117je Karalyst\u0117je i\u0161 \u0161vari\u0173 ir tvari\u0173 ingredient\u0173.\r\n<h3><strong>Atsakingumas<\/strong><\/h3>\r\nU\u017etikrindami, kad produktai b\u016bt\u0173 atsakingai u\u017eauginti, ne tik r\u016bpinamasi aplinka, bet ir garantuojama produkto kokyb\u0119. KIKI Healt specialistai keliauja po pasaul\u012f ie\u0161kodami ekologi\u0161k\u0173, eti\u0161kai gaut\u0173 ingredient\u0173, pasi\u017eymin\u010di\u0173 geresne maistine verte, kartu pad\u0117dami vietos bendruomen\u0117ms klest\u0117ti. Maisto gamybos b\u016bdas yra labai svarbus daugeliui vartotoj\u0173, ir tai kelia susir\u016bpinim\u0105, kur\u012f mes dalijam\u0117s.\r\n<h3><strong>Minimalus apdorojimas<\/strong><\/h3>\r\nNor\u0117dami pasiekti optimal\u0173 biologin\u012f prieinamum\u0105, stengiamasi, kad ingredientai b\u016bt\u0173 kuo ar\u010diau j\u0173 nat\u016bralios b\u016bkl\u0117s. Laikomasi minimalaus perdirbimo ir kontroliuojama temperat\u016bros, i\u0161kart po derliaus nu\u0117mimo, kad b\u016bt\u0173 i\u0161laikoma visa nauda sveikatai ir gyvybi\u0161kai svarbios maistin\u0117s med\u017eiagos.\r\n\r\n<strong>Produktuose n\u0117ra<\/strong>: sintetikos, dirbtini\u0173 da\u017eikli\u0173 ir kvapi\u0173j\u0173 med\u017eiag\u0173, u\u017epild\u0173, ri\u0161ikli\u0173, dengimo med\u017eiag\u0173, lipnum\u0105 reguliuojan\u010di\u0173 med\u017eiag\u0173, cukr\u0173, glitimo, GMO, laktoz\u0117s, konservant\u0173, pagalbini\u0173 med\u017eiag\u0173.\r\n\r\nVisi ingredientai ir galutiniai produktai yra reguliariai tikrinami tre\u010diosios \u0161alies laboratorijoje. U\u017etikrinama, kad kiekviena partija b\u016bt\u0173 i\u0161bandyta d\u0117l sunki\u0173j\u0173 metal\u0173, mikroorganizm\u0173 ir pesticid\u0173 laikantis grie\u017et\u0173 kokyb\u0117s kontrol\u0117s s\u0105lyg\u0173, o rezultatai atitikt\u0173 ES ir JK ribinius reglamentus, \u012fskaitant ekologinio \u016bkininkavimo standartus.","parent":0,"count":28,"filter":"raw"}],"product_brand":[],"product_cat":[646,653,15],"product_tag":[656],"class_list":{"0":"post-11889","1":"product","2":"type-product","3":"status-publish","4":"has-post-thumbnail","6":"brand-kiki-health","7":"product_cat-papildai-moterims","8":"product_cat-papildai-detoksikacijai","9":"product_cat-produktai","10":"product_tag-moterims-detoksikacija","12":"first","13":"instock","14":"sale","15":"taxable","16":"shipping-taxable","17":"purchasable","18":"product-type-simple"},"acf":[],"_links":{"self":[{"href":"https:\/\/findvit.com\/en\/wp-json\/wp\/v2\/product\/11889","targetHints":{"allow":["GET"]}}],"collection":[{"href":"https:\/\/findvit.com\/en\/wp-json\/wp\/v2\/product"}],"about":[{"href":"https:\/\/findvit.com\/en\/wp-json\/wp\/v2\/types\/product"}],"replies":[{"embeddable":true,"href":"https:\/\/findvit.com\/en\/wp-json\/wp\/v2\/comments?post=11889"}],"version-history":[{"count":25,"href":"https:\/\/findvit.com\/en\/wp-json\/wp\/v2\/product\/11889\/revisions"}],"predecessor-version":[{"id":23313,"href":"https:\/\/findvit.com\/en\/wp-json\/wp\/v2\/product\/11889\/revisions\/23313"}],"wp:featuredmedia":[{"embeddable":true,"href":"https:\/\/findvit.com\/en\/wp-json\/wp\/v2\/media\/23283"}],"wp:attachment":[{"href":"https:\/\/findvit.com\/en\/wp-json\/wp\/v2\/media?parent=11889"}],"wp:term":[{"taxonomy":"brand","embeddable":true,"href":"https:\/\/findvit.com\/en\/wp-json\/wp\/v2\/etheme_brands?post=11889"},{"taxonomy":"product_brand","embeddable":true,"href":"https:\/\/findvit.com\/en\/wp-json\/wp\/v2\/product_brand?post=11889"},{"taxonomy":"product_cat","embeddable":true,"href":"https:\/\/findvit.com\/en\/wp-json\/wp\/v2\/product_cat?post=11889"},{"taxonomy":"product_tag","embeddable":true,"href":"https:\/\/findvit.com\/en\/wp-json\/wp\/v2\/product_tag?post=11889"}],"curies":[{"name":"wp","href":"https:\/\/api.w.org\/{rel}","templated":true}]}}