{"id":12944,"date":"2023-05-02T15:25:03","date_gmt":"2023-05-02T12:25:03","guid":{"rendered":"https:\/\/findvit.com\/?post_type=product&#038;p=12944"},"modified":"2026-02-09T16:29:18","modified_gmt":"2026-02-09T14:29:18","slug":"kiki-health-organic-multi-mushroom-8-grybu-misinys-ekologiskas-60-kaps","status":"publish","type":"product","link":"https:\/\/findvit.com\/en\/produktas\/kiki-health-organic-multi-mushroom-8-grybu-misinys-ekologiskas-60-kaps\/","title":{"rendered":"KIKI Health Organic Multi-Mushroom &#8211; 8 Funkcini\u0173 Gryb\u0173 ekstrakt\u0173 kompleksas- stipraim imunitetui, 60 vegkapsuli\u0173"},"content":{"rendered":"<div data-elementor-type=\"product-post\" data-elementor-id=\"12944\" class=\"elementor elementor-12944\" data-elementor-post-type=\"product\">\n\t\t\t\t\t\t<section class=\"elementor-section elementor-top-section elementor-element elementor-element-e9886d6 elementor-section-boxed elementor-section-height-default elementor-section-height-default\" data-id=\"e9886d6\" data-element_type=\"section\">\n\t\t\t\t\t\t<div class=\"elementor-container elementor-column-gap-default\">\n\t\t\t\t\t<div class=\"elementor-column elementor-col-100 elementor-top-column elementor-element elementor-element-07134da\" data-id=\"07134da\" data-element_type=\"column\">\n\t\t\t<div class=\"elementor-widget-wrap elementor-element-populated\">\n\t\t\t\t\t\t<div class=\"elementor-element elementor-element-c973584 elementor-absolute elementor-hidden-mobile elementor-invisible elementor-widget elementor-widget-image\" data-id=\"c973584\" data-element_type=\"widget\" data-settings=\"{&quot;motion_fx_motion_fx_scrolling&quot;:&quot;yes&quot;,&quot;motion_fx_rotateZ_effect&quot;:&quot;yes&quot;,&quot;motion_fx_rotateZ_speed&quot;:{&quot;unit&quot;:&quot;px&quot;,&quot;size&quot;:5,&quot;sizes&quot;:[]},&quot;motion_fx_range&quot;:&quot;viewport&quot;,&quot;_animation&quot;:&quot;fadeIn&quot;,&quot;_position&quot;:&quot;absolute&quot;,&quot;motion_fx_rotateZ_affectedRange&quot;:{&quot;unit&quot;:&quot;%&quot;,&quot;size&quot;:&quot;&quot;,&quot;sizes&quot;:{&quot;start&quot;:0,&quot;end&quot;:100}},&quot;motion_fx_devices&quot;:[&quot;desktop&quot;,&quot;tablet&quot;,&quot;mobile&quot;]}\" data-widget_type=\"image.default\">\n\t\t\t\t<div class=\"elementor-widget-container\">\n\t\t\t\t\t\t\t\t\t\t\t\t\t\t\t<img loading=\"lazy\" decoding=\"async\" width=\"200\" height=\"200\" src=\"https:\/\/findvit.com\/wp-content\/uploads\/2021\/09\/ratukas.svg\" class=\"attachment-full size-full wp-image-1777\" alt=\"Wheel from questionnaire to vitamin\" \/>\t\t\t\t\t\t\t\t\t\t\t\t\t\t\t<\/div>\n\t\t\t\t<\/div>\n\t\t\t\t\t<\/div>\n\t\t<\/div>\n\t\t\t\t\t<\/div>\n\t\t<\/section>\n\t\t\t\t<section class=\"elementor-section elementor-top-section elementor-element elementor-element-f3dde90 elementor-section-boxed elementor-section-height-default elementor-section-height-default\" data-id=\"f3dde90\" data-element_type=\"section\">\n\t\t\t\t\t\t<div class=\"elementor-container elementor-column-gap-no\">\n\t\t\t\t\t<div class=\"elementor-column elementor-col-50 elementor-top-column elementor-element elementor-element-d43d58f\" data-id=\"d43d58f\" data-element_type=\"column\">\n\t\t\t<div class=\"elementor-widget-wrap elementor-element-populated\">\n\t\t\t\t\t\t<div class=\"elementor-element elementor-element-598c60f elementor-widget elementor-widget-heading\" data-id=\"598c60f\" data-element_type=\"widget\" data-widget_type=\"heading.default\">\n\t\t\t\t<div class=\"elementor-widget-container\">\n\t\t\t\t\t<h2 class=\"elementor-heading-title elementor-size-default\">Mushroom extracts KIKI Health - Organic mixture of 8 mushrooms<\/h2>\t\t\t\t<\/div>\n\t\t\t\t<\/div>\n\t\t\t\t<div class=\"elementor-element elementor-element-df9436a elementor-widget elementor-widget-text-editor\" data-id=\"df9436a\" data-element_type=\"widget\" data-widget_type=\"text-editor.default\">\n\t\t\t\t<div class=\"elementor-widget-container\">\n\t\t\t\t\t\t\t\t\t<p>We share with you <strong>a wonderful discovery<\/strong> Kiki Health Multi Mushroom Blend is an organic food supplement that contains as many as 8 different types of organic mushrooms with many beneficial properties.<\/p><p>This is your journey of discovery through <strong>the natural power of mushrooms<\/strong>.<\/p><p>This extract is <strong>unique synergy<\/strong> among eight different organic mushrooms, each known for its unique properties.<\/p><h3><strong>TIME TESTED<\/strong><\/h3><p>Mushrooms are an ancient wisdom and a powerful natural remedy that is used by many practitioners in traditional countries.<\/p><h3><strong>POWERFUL EFFECT\u00a0<\/strong><\/h3><p>Mushrooms contain unique compounds called beta-glucans that:<\/p><ul><li>helps support <strong>normal <\/strong>cholesterol <br \/>concentration in the blood<\/li><li><strong>helps to reduce the increased<\/strong><br \/><strong>glucose concentration<\/strong> in the blood immediately after eating<\/li><\/ul><h3><strong>COMPLETELY NATURAL<\/strong><\/h3><p>Kiki Health Multi Mushroom Blend is a great way to get the benefits of mushrooms.<\/p><p>This dietary supplement is <strong>made from organically grown mushrooms<\/strong>, which are gently dried and ground into a powder.<\/p><p><strong>There is none<\/strong> no fillers or artificial additives.<\/p><h3><strong>EVEN 8 MUSHROOMS<\/strong><\/h3><p>Each capsule contains 400 mg of a mushroom blend containing the following species:<\/p><p>&#8211; <strong>Reishi<\/strong> \u2013 is called the &quot;mushroom of endless life&quot; because it has strong and long-known properties. Reishi for calm mind, mood and sleep.<br \/>&#8211; <strong>Chaga<\/strong> - called the &quot;royal mushroom&quot; because it has the most antioxidants of all mushrooms. Chaga&#039;s effects are considered to be similar to those of antioxidants.\u00a0<br \/>&#8211; <strong>Cordyceps<\/strong> \u2013 is called &quot;energy mushroom&quot; because it has the ability related to physical and mental state. Cordyceps for circulation, sexual desire.<br \/>&#8211; <strong>Shiitake<\/strong> - is called the &quot;elixir of life&quot; because it contains a lot of D and B complex vitamins. Shiitake for bones, hair and nails.<br \/>&#8211; <strong>Maitake<\/strong> \u2013 is called a &quot;health mushroom&quot; because it contains a lot of beta-glucans. For hormone balance and metabolism.\u00a0<br \/>&#8211; <strong>Lion&#039;s Mane<\/strong> - is called &quot;brain mushroom&quot; because it contains many nerve growth factors. Lion&#039;s Mane for nerves, brain, anxiety<br \/>&#8211; <strong>Agaricus<\/strong> \u2013 called the &quot;divine mushroom&quot; because it contains a lot of beta-glucans and ergosterol, amino acids and vitamins. For allergies, immunity, liver.<br \/><strong>\u2013 Auricularia \u2013<\/strong>\u00a0 the mushroom is valued as a powerful antioxidant. For cells, cholesterol.<\/p><h3><strong>EASY TO USE<\/strong><\/h3><p>Kiki Health Multi Mushroom Blend is light and suitable for vegans and vegetarians.<\/p><p>It does not contain any artificial additives or colorings. One capsule contains 400 mg of mushroom extract, which is equal to 4 g of fresh mushrooms.<\/p><p>It is recommended to take one capsule twice a day with a glass of water or other liquid.<\/p><p>This product is <strong>certified as organic and meets the highest quality standards.<\/strong><\/p><h3><strong>GOOD BENEFIT<\/strong><\/h3><p>If you want to try this amazing product and see its positive effects, do not hesitate and order it now.<\/p><p>It is a great investment in your quality of life. Don&#039;t let yourself miss this unique opportunity and be one of the first to discover the wonders of this product.\u00a0<\/p>\t\t\t\t\t\t\t\t<\/div>\n\t\t\t\t<\/div>\n\t\t\t\t\t<\/div>\n\t\t<\/div>\n\t\t\t\t<div class=\"elementor-column elementor-col-50 elementor-top-column elementor-element elementor-element-616bc1c\" data-id=\"616bc1c\" data-element_type=\"column\">\n\t\t\t<div class=\"elementor-widget-wrap elementor-element-populated\">\n\t\t\t\t\t\t<div class=\"elementor-element elementor-element-618f4fb elementor-widget elementor-widget-image\" data-id=\"618f4fb\" data-element_type=\"widget\" data-widget_type=\"image.default\">\n\t\t\t\t<div class=\"elementor-widget-container\">\n\t\t\t\t\t\t\t\t\t\t\t\t\t\t\t<img loading=\"lazy\" decoding=\"async\" width=\"900\" height=\"900\" src=\"https:\/\/findvit.com\/wp-content\/uploads\/2023\/05\/Koliazas-multi-mushroom-900x900.jpg\" class=\"attachment-large size-large wp-image-12957\" alt=\"Kolizaz multi mushroom\" srcset=\"https:\/\/findvit.com\/wp-content\/uploads\/2023\/05\/Koliazas-multi-mushroom-900x900.jpg 900w, https:\/\/findvit.com\/wp-content\/uploads\/2023\/05\/Koliazas-multi-mushroom-600x600.jpg 600w, https:\/\/findvit.com\/wp-content\/uploads\/2023\/05\/Koliazas-multi-mushroom-150x150.jpg 150w, https:\/\/findvit.com\/wp-content\/uploads\/2023\/05\/Koliazas-multi-mushroom-768x768.jpg 768w, https:\/\/findvit.com\/wp-content\/uploads\/2023\/05\/Koliazas-multi-mushroom-400x400.jpg 400w, https:\/\/findvit.com\/wp-content\/uploads\/2023\/05\/Koliazas-multi-mushroom-100x100.jpg 100w, https:\/\/findvit.com\/wp-content\/uploads\/2023\/05\/Koliazas-multi-mushroom-1x1.jpg 1w, https:\/\/findvit.com\/wp-content\/uploads\/2023\/05\/Koliazas-multi-mushroom-10x10.jpg 10w, https:\/\/findvit.com\/wp-content\/uploads\/2023\/05\/Koliazas-multi-mushroom.jpg 1000w\" sizes=\"auto, (max-width: 900px) 100vw, 900px\" \/>\t\t\t\t\t\t\t\t\t\t\t\t\t\t\t<\/div>\n\t\t\t\t<\/div>\n\t\t\t\t\t<\/div>\n\t\t<\/div>\n\t\t\t\t\t<\/div>\n\t\t<\/section>\n\t\t\t\t<\/div>","protected":false},"excerpt":{"rendered":"<p><strong>Unique<\/strong> mushroom extracts for a bright mind and a balanced body. Experience pure and concentrated KIKI Health Organic 8 Mushroom Extract Blend - <strong>unique<\/strong> a mixture of eight organic mushroom extracts, standardized and <strong>guaranteeing efficiency<\/strong> with 50% beta-glucan-containing polysaccharides. <strong>Organic, pure and clean, grown in the EU<\/strong>. These include Cordyceps, Chaga, Lions Mane, Shiitake, Reishi, Maitake, Agaricus and Auricularia. <strong>Everyone<\/strong> mushrooms in one capsule.<\/p>","protected":false},"featured_media":16089,"comment_status":"open","ping_status":"closed","template":"","meta":{"_acf_changed":false,"inline_featured_image":false},"etheme_brands":[{"term_id":28,"name":"Kiki Health","slug":"kiki-health","term_group":0,"term_taxonomy_id":28,"taxonomy":"brand","description":"<h2><a href=\"https:\/\/kiki-health.com\/about-us\/\" target=\"_blank\" rel=\"noopener\"><strong>KIKI Health<\/strong><\/a><\/h2>\r\nKIKI yra prek\u0117s \u017eenklas, kuriantis novatori\u0161kus maisto papildus.\r\n\r\nKIKI yra pripa\u017eintas ir gerbiamas, kaip sveikos gyvensenos produkt\u0173 ir individualumo bei meistri\u0161kumo standartas.\r\n\r\nKIKI gim\u0117 i\u0161 noro skatinti optimali\u0105 sveikat\u0105 ir gerov\u0119, m\u016bs\u0173 tikslas ir aistra yra \u012fsigyti auk\u0161\u010diausios kokyb\u0117s, grynumo produktus i\u0161 viso pasaulio, kurie pad\u0117t\u0173 gro\u017eiui ir sveikatai.\r\n\r\nNuo pat prad\u017ei\u0173 ir iki \u0161iol KIKI Health niekada nedaro kompromis\u0173 ir nededa pried\u0173 bei naudoja prastesni\u0173 ingredient\u0173 - tik nat\u016bralios 100% veikliosios med\u017eiagos.\r\n\r\nhttps:\/\/youtu.be\/irT0ZUOzBac?t=45\r\n<h3><strong>Nat\u016braliai turtingi <\/strong><strong>vitaminais, mineralais ir b\u016btinomis\u00a0 veikliosiomis med\u017eiagomis<\/strong><\/h3>\r\nDaugelis \"KIKI Health\" produkt\u0173 turintys augalini\u0173 ir maistini\u0173 med\u017eiag\u0173\u00a0 yra sertifikuoti, kaip ekologi\u0161ki.\r\n\r\nI\u0161naudodami stiprias augalin\u0117s kilm\u0117s, nat\u016brali\u0173 ingredient\u0173 galias, kupinas esmini\u0173 augal\u0173 veikli\u0173j\u0173 med\u017eiag\u0173, vitamin\u0173 ir mineral\u0173, kad suteikt\u0173 smegenims, odai ir k\u016bnui neprilygstam\u0105 pagalb\u0105.\r\n\r\nKIKI Health tikslas yra u\u017etikrinti, kad mi\u0161iniuose neb\u016bt\u0173 sintetikos, konservant\u0173, u\u017epild\u0173 ir ri\u0161ikli\u0173, u\u017etikrinant, kad ir toliau gamint\u0173 veiksmingus, \u0161varius ir saugius papildus.\r\n\r\nPagaminta Jungtin\u0117je Karalyst\u0117je i\u0161 \u0161vari\u0173 ir tvari\u0173 ingredient\u0173.\r\n<h3><strong>Atsakingumas<\/strong><\/h3>\r\nU\u017etikrindami, kad produktai b\u016bt\u0173 atsakingai u\u017eauginti, ne tik r\u016bpinamasi aplinka, bet ir garantuojama produkto kokyb\u0119. KIKI Healt specialistai keliauja po pasaul\u012f ie\u0161kodami ekologi\u0161k\u0173, eti\u0161kai gaut\u0173 ingredient\u0173, pasi\u017eymin\u010di\u0173 geresne maistine verte, kartu pad\u0117dami vietos bendruomen\u0117ms klest\u0117ti. Maisto gamybos b\u016bdas yra labai svarbus daugeliui vartotoj\u0173, ir tai kelia susir\u016bpinim\u0105, kur\u012f mes dalijam\u0117s.\r\n<h3><strong>Minimalus apdorojimas<\/strong><\/h3>\r\nNor\u0117dami pasiekti optimal\u0173 biologin\u012f prieinamum\u0105, stengiamasi, kad ingredientai b\u016bt\u0173 kuo ar\u010diau j\u0173 nat\u016bralios b\u016bkl\u0117s. Laikomasi minimalaus perdirbimo ir kontroliuojama temperat\u016bros, i\u0161kart po derliaus nu\u0117mimo, kad b\u016bt\u0173 i\u0161laikoma visa nauda sveikatai ir gyvybi\u0161kai svarbios maistin\u0117s med\u017eiagos.\r\n\r\n<strong>Produktuose n\u0117ra<\/strong>: sintetikos, dirbtini\u0173 da\u017eikli\u0173 ir kvapi\u0173j\u0173 med\u017eiag\u0173, u\u017epild\u0173, ri\u0161ikli\u0173, dengimo med\u017eiag\u0173, lipnum\u0105 reguliuojan\u010di\u0173 med\u017eiag\u0173, cukr\u0173, glitimo, GMO, laktoz\u0117s, konservant\u0173, pagalbini\u0173 med\u017eiag\u0173.\r\n\r\nVisi ingredientai ir galutiniai produktai yra reguliariai tikrinami tre\u010diosios \u0161alies laboratorijoje. U\u017etikrinama, kad kiekviena partija b\u016bt\u0173 i\u0161bandyta d\u0117l sunki\u0173j\u0173 metal\u0173, mikroorganizm\u0173 ir pesticid\u0173 laikantis grie\u017et\u0173 kokyb\u0117s kontrol\u0117s s\u0105lyg\u0173, o rezultatai atitikt\u0173 ES ir JK ribinius reglamentus, \u012fskaitant ekologinio \u016bkininkavimo standartus.","parent":0,"count":28,"filter":"raw"}],"product_brand":[],"product_cat":[645,648,63],"product_tag":[125,91,120],"class_list":{"0":"post-12944","1":"product","2":"type-product","3":"status-publish","4":"has-post-thumbnail","6":"brand-kiki-health","7":"product_cat-geriausi-papildai-vyrams","8":"product_cat-naujienos","9":"product_cat-mineralai","10":"product_tag-energijai","11":"product_tag-imunitetui","12":"product_tag-organizmo-stiprinimui","14":"first","15":"instock","16":"featured","17":"taxable","18":"shipping-taxable","19":"purchasable","20":"product-type-simple"},"acf":[],"_links":{"self":[{"href":"https:\/\/findvit.com\/en\/wp-json\/wp\/v2\/product\/12944","targetHints":{"allow":["GET"]}}],"collection":[{"href":"https:\/\/findvit.com\/en\/wp-json\/wp\/v2\/product"}],"about":[{"href":"https:\/\/findvit.com\/en\/wp-json\/wp\/v2\/types\/product"}],"replies":[{"embeddable":true,"href":"https:\/\/findvit.com\/en\/wp-json\/wp\/v2\/comments?post=12944"}],"version-history":[{"count":22,"href":"https:\/\/findvit.com\/en\/wp-json\/wp\/v2\/product\/12944\/revisions"}],"predecessor-version":[{"id":22432,"href":"https:\/\/findvit.com\/en\/wp-json\/wp\/v2\/product\/12944\/revisions\/22432"}],"wp:featuredmedia":[{"embeddable":true,"href":"https:\/\/findvit.com\/en\/wp-json\/wp\/v2\/media\/16089"}],"wp:attachment":[{"href":"https:\/\/findvit.com\/en\/wp-json\/wp\/v2\/media?parent=12944"}],"wp:term":[{"taxonomy":"brand","embeddable":true,"href":"https:\/\/findvit.com\/en\/wp-json\/wp\/v2\/etheme_brands?post=12944"},{"taxonomy":"product_brand","embeddable":true,"href":"https:\/\/findvit.com\/en\/wp-json\/wp\/v2\/product_brand?post=12944"},{"taxonomy":"product_cat","embeddable":true,"href":"https:\/\/findvit.com\/en\/wp-json\/wp\/v2\/product_cat?post=12944"},{"taxonomy":"product_tag","embeddable":true,"href":"https:\/\/findvit.com\/en\/wp-json\/wp\/v2\/product_tag?post=12944"}],"curies":[{"name":"wp","href":"https:\/\/api.w.org\/{rel}","templated":true}]}}