{"id":14805,"date":"2023-10-01T18:58:43","date_gmt":"2023-10-01T15:58:43","guid":{"rendered":"https:\/\/findvit.com\/?post_type=product&#038;p=14805"},"modified":"2026-03-02T15:15:07","modified_gmt":"2026-03-02T13:15:07","slug":"enzymedica-digest-basic-virskinimo-fermentu-kompleksas-30-vegetarisku-kapsuliu","status":"publish","type":"product","link":"https:\/\/findvit.com\/en\/produktas\/enzymedica-digest-basic-virskinimo-fermentu-kompleksas-30-vegetarisku-kapsuliu\/","title":{"rendered":"Enzymedica Digest\u2122 Basic &#8211; fermentai vir\u0161kinimui gerinti, kasai ir \u017earnynui, 30 vegkapsuli\u0173"},"content":{"rendered":"<div data-elementor-type=\"product-post\" data-elementor-id=\"14805\" class=\"elementor elementor-14805\" data-elementor-post-type=\"product\">\n\t\t\t\t\t\t<section class=\"elementor-section elementor-top-section elementor-element elementor-element-450e271 elementor-section-boxed elementor-section-height-default elementor-section-height-default\" data-id=\"450e271\" data-element_type=\"section\">\n\t\t\t\t\t\t<div class=\"elementor-container elementor-column-gap-default\">\n\t\t\t\t\t<div class=\"elementor-column elementor-col-100 elementor-top-column elementor-element elementor-element-51c6855\" data-id=\"51c6855\" data-element_type=\"column\">\n\t\t\t<div class=\"elementor-widget-wrap elementor-element-populated\">\n\t\t\t\t\t\t<div class=\"elementor-element elementor-element-da4ccd9 elementor-absolute elementor-hidden-mobile elementor-invisible elementor-widget elementor-widget-image\" data-id=\"da4ccd9\" data-element_type=\"widget\" data-settings=\"{&quot;motion_fx_motion_fx_scrolling&quot;:&quot;yes&quot;,&quot;motion_fx_rotateZ_effect&quot;:&quot;yes&quot;,&quot;motion_fx_rotateZ_speed&quot;:{&quot;unit&quot;:&quot;px&quot;,&quot;size&quot;:5,&quot;sizes&quot;:[]},&quot;motion_fx_range&quot;:&quot;viewport&quot;,&quot;_animation&quot;:&quot;fadeIn&quot;,&quot;_position&quot;:&quot;absolute&quot;,&quot;motion_fx_rotateZ_affectedRange&quot;:{&quot;unit&quot;:&quot;%&quot;,&quot;size&quot;:&quot;&quot;,&quot;sizes&quot;:{&quot;start&quot;:0,&quot;end&quot;:100}},&quot;motion_fx_devices&quot;:[&quot;desktop&quot;,&quot;tablet&quot;,&quot;mobile&quot;]}\" data-widget_type=\"image.default\">\n\t\t\t\t<div class=\"elementor-widget-container\">\n\t\t\t\t\t\t\t\t\t\t\t\t\t\t\t<img loading=\"lazy\" decoding=\"async\" width=\"200\" height=\"200\" src=\"https:\/\/findvit.com\/wp-content\/uploads\/2021\/09\/ratukas.svg\" class=\"attachment-full size-full wp-image-1777\" alt=\"Wheel from questionnaire to vitamin\" \/>\t\t\t\t\t\t\t\t\t\t\t\t\t\t\t<\/div>\n\t\t\t\t<\/div>\n\t\t\t\t\t<\/div>\n\t\t<\/div>\n\t\t\t\t\t<\/div>\n\t\t<\/section>\n\t\t\t\t<section class=\"elementor-section elementor-top-section elementor-element elementor-element-b9f63d6 elementor-section-boxed elementor-section-height-default elementor-section-height-default\" data-id=\"b9f63d6\" data-element_type=\"section\">\n\t\t\t\t\t\t<div class=\"elementor-container elementor-column-gap-no\">\n\t\t\t\t\t<div class=\"elementor-column elementor-col-50 elementor-top-column elementor-element elementor-element-4475b85\" data-id=\"4475b85\" data-element_type=\"column\">\n\t\t\t<div class=\"elementor-widget-wrap elementor-element-populated\">\n\t\t\t\t\t\t<div class=\"elementor-element elementor-element-195ab3c elementor-widget elementor-widget-heading\" data-id=\"195ab3c\" data-element_type=\"widget\" data-widget_type=\"heading.default\">\n\t\t\t\t<div class=\"elementor-widget-container\">\n\t\t\t\t\t<h2 class=\"elementor-heading-title elementor-size-medium\">Enzymedica Digest\u2122 Basic &#8211; fermentai vir\u0161kinimui gerinti, kasai ir \u017earnynui, 30 vegkapsuli\u0173<\/h2>\t\t\t\t<\/div>\n\t\t\t\t<\/div>\n\t\t\t\t<div class=\"elementor-element elementor-element-33a838d elementor-widget elementor-widget-text-editor\" data-id=\"33a838d\" data-element_type=\"widget\" data-widget_type=\"text-editor.default\">\n\t\t\t\t<div class=\"elementor-widget-container\">\n\t\t\t\t\t\t\t\t\t<p><strong>Digestion is important<\/strong> the process by which food is broken down into smaller molecules that can be taken up by the body&#039;s cells.<\/p><p>However, sometimes digestion can be disturbed due to various reasons such as stress, poor diet, allergies or enzyme deficiency.<\/p><p>In this case, the food remains undigested and causes bloating, gas, heartburn and other unpleasant symptoms.<\/p><h3><strong>DESIGNED TO HELP<\/strong><\/h3><p>Digest Basic\u00ae is a unique enzyme supplement that has been developed to feel gentle yet highly effective.<\/p><p>This product is ideal for those who are looking for a light but comprehensive helper to deal with various troubles.<\/p><h3><strong>EASY TO USE<\/strong><\/h3><p>Take 1 capsule with each meal. Depending on the need, more capsules can be taken.<\/p><h3><strong>YOU WILL RECEIVE COMPOSITION<\/strong><\/h3><p>Digest Basic contains a unique <strong>Thera-Blend <\/strong>enzyme mixture.<\/p><p>In it <strong>balance even 12 <\/strong>different enzymes:<\/p><p><strong>amylase, lipase, cellulase and protease, lactase<\/strong>&#8230;<\/p><p>For example, lactase enzyme improves <br \/>lactose digestion<br \/>for individuals who have difficulty digesting lactose.<\/p><p>Enzymedica is patented <strong>Thera-blend\u2122<\/strong> technology means that the enzymes in Digest Basic are designed specifically for everything <strong>in the pH spectrum of the gastrointestinal tract.<\/strong><\/p><h3>IMPORTANCE OF ENZYMES<\/h3><p>Enzymes are responsible for digestion. These are naturally occurring <strong>proteins that speed up reactions.\u00a0<\/strong><\/p><p><strong>Ferment<\/strong>i resembles small scissors that eat us <strong>&quot;cut&quot; the food into smaller pieces.<\/strong> Yes<strong> easier and better absorption of nutrients.<\/strong><\/p><p>If the body lacks enzymes, it can be difficult to break down heavier foods, so that&#039;s how it works <span style=\"text-decoration: underline;\">accumulation of gas<\/span>, <span style=\"text-decoration: underline;\">the stomach swells, stomach malfunctions and the whole digestive system works erratically<\/span>.<\/p><p>By using this food supplement with enzymes and probiotics, the digestive process will be enhanced. Enzyme deficiency can be caused by more than just diet or lifestyle.<\/p><p><strong>As we age, the body naturally begins to produce fewer enzymes.<\/strong><\/p><p>It can be difficult to get all the nutrients you need from diet alone, as enzymes in food are killed during cooking and baking.<\/p><h3><strong>BASIC ENZYMES<\/strong><\/h3><p><strong>Amylase<\/strong> - breaks down carbohydrates, starches and sugars, which are predominant in all plant foods (potatoes, fruits, vegetables, grains).<\/p><p><strong>Lipase<\/strong> - helps digest fatty foods such as dairy products, nuts, oils, eggs and meat.<\/p><p><strong>Cellulase<\/strong> \u2013 helps digest high-fiber foods like broccoli, asparagus, and beans, which can cause gas.<\/p><p><strong>Lactase<\/strong> - breaks down the sugar lactose into glucose and galactose.<\/p><p><strong>Maltase<\/strong> - breaks down the sugar maltose into smaller glucose molecules.<\/p><p>More useful information can be found at:<\/p><p><strong><a href=\"https:\/\/findvit.com\/en\/paslaptingasis-sveikatos-raktas-fermentai\/\" target=\"_blank\" rel=\"noopener\">Enzymes are the secret key to health<\/a><\/strong><\/p><p>If you are not sure which other vitamins or other supplements are the most suitable at this time, take the test <strong><a href=\"https:\/\/findvit.com\/en\/testas\/\">&quot;Your Day&quot;<\/a> <\/strong>and get a personal recommendation!<\/p>\t\t\t\t\t\t\t\t<\/div>\n\t\t\t\t<\/div>\n\t\t\t\t\t<\/div>\n\t\t<\/div>\n\t\t\t\t<div class=\"elementor-column elementor-col-50 elementor-top-column elementor-element elementor-element-4cd8d4c\" data-id=\"4cd8d4c\" data-element_type=\"column\">\n\t\t\t<div class=\"elementor-widget-wrap elementor-element-populated\">\n\t\t\t\t\t\t<div class=\"elementor-element elementor-element-126df0d elementor-widget elementor-widget-image\" data-id=\"126df0d\" data-element_type=\"widget\" data-widget_type=\"image.default\">\n\t\t\t\t<div class=\"elementor-widget-container\">\n\t\t\t\t\t\t\t\t\t\t\t\t\t\t\t<img loading=\"lazy\" decoding=\"async\" width=\"900\" height=\"900\" src=\"https:\/\/findvit.com\/wp-content\/uploads\/2021\/10\/Ko-13-900x900.jpg\" class=\"attachment-large size-large wp-image-2498\" alt=\"Enzymes for women. A woman is doing yoga exercises\" srcset=\"https:\/\/findvit.com\/wp-content\/uploads\/2021\/10\/Ko-13-900x900.jpg 900w, https:\/\/findvit.com\/wp-content\/uploads\/2021\/10\/Ko-13-600x600.jpg 600w, https:\/\/findvit.com\/wp-content\/uploads\/2021\/10\/Ko-13-150x150.jpg 150w, https:\/\/findvit.com\/wp-content\/uploads\/2021\/10\/Ko-13-768x768.jpg 768w, https:\/\/findvit.com\/wp-content\/uploads\/2021\/10\/Ko-13-1x1.jpg 1w, https:\/\/findvit.com\/wp-content\/uploads\/2021\/10\/Ko-13-10x10.jpg 10w, https:\/\/findvit.com\/wp-content\/uploads\/2021\/10\/Ko-13-100x100.jpg 100w, https:\/\/findvit.com\/wp-content\/uploads\/2021\/10\/Ko-13.jpg 1000w\" sizes=\"auto, (max-width: 900px) 100vw, 900px\" \/>\t\t\t\t\t\t\t\t\t\t\t\t\t\t\t<\/div>\n\t\t\t\t<\/div>\n\t\t\t\t\t<\/div>\n\t\t<\/div>\n\t\t\t\t\t<\/div>\n\t\t<\/section>\n\t\t\t\t<\/div>","protected":false},"excerpt":{"rendered":"<p>Do you feel heaviness or discomfort after eating? Do you want to improve your digestive system and feel lighter? If so, then <strong>Digest Basic is for you<\/strong>. This supplement is <strong>developed based on science<\/strong> and is made using \u201c<strong>Thera-blend\u2122<\/strong>\u201d technology that ensures the maximum performance of enzymes. Enjoy your food without worries! Digest Basic is a natural and safe way to help yourself. This product is made with high quality plant enzymes!<\/p>","protected":false},"featured_media":23325,"comment_status":"open","ping_status":"closed","template":"","meta":{"_acf_changed":false,"inline_featured_image":false},"etheme_brands":[{"term_id":57,"name":"Enzymedica","slug":"enzymedica","term_group":0,"term_taxonomy_id":57,"taxonomy":"brand","description":"<h2><a href=\"https:\/\/enzymedica.com\/pages\/explore-our-mission\" target=\"_blank\" rel=\"noopener\">Kiekvienas Enzymedica<\/a> produktas:<\/h2>\r\nhttps:\/\/youtu.be\/3ntanNxUev8?t=2\r\n<h3><strong>\u0160varus<\/strong><\/h3>\r\n\"Enzymedica\" nadoja tik gryniausius nat\u016bralius ingredientus ir siekia, kad produktuose neb\u016bt\u0173 dirbtini\u0173 priemai\u0161\u0173. Gamintojas did\u017eiuojasi, kad yra pirmasis \"Clean Label Project\" sertifikuotas papild\u0173 prek\u0117s \u017eenklas, kurio produktuose n\u0117ra daugiau nei 130 ter\u0161al\u0173. Enzymedica saugo visus gerus ingridientus ir niekada nenaudoja dirbtini\u0173 pried\u0173.\r\n<h3><strong>Nepriklausomai sertifikuotas<\/strong><\/h3>\r\nEnzymedica \u012fsipareigojusi laikytis geros gamybos praktikos. \"Enzymedica\" nepriklausomai audituojama \"NSF International\" kompanijos.\r\n<h3><strong>Tyras<\/strong><\/h3>\r\nKiekviena gamybos partija yra kruop\u0161\u010diai i\u0161testuojama vertinant produkt\u0173 grynum\u0105, tod\u0117l u\u017etikrinama, kad tai, kas yra etiket\u0117je, visada yra buteliuke.\r\n<h3><strong>Orentuotas \u012f gyvenimo b\u016bd\u0105<\/strong><\/h3>\r\nKur tik \u012fmanoma \"Enzymedica\" produktai yra sertifikuojami \"Kosher\" \u017eenklu. Kai tik \u012fmanoma naudojami vegetari\u0161ki ir vegani\u0161ki ingredientai.\r\n<h3><strong>Tvarus<\/strong><\/h3>\r\nPlanetos gerov\u0117 yra tokia pat svarbi kaip ir m\u016bs\u0173, tod\u0117l \"Enzymedica\" mano, kad ekologijos svarba yra neatsiejama verslo dalis ir gyvenimo b\u016bdas. \"LEED-Gold Certified\" b\u016bstin\u0117je yra naudojama saul\u0117s energija, u\u017etikrinant geresn\u0119 ateit\u012f planetai.\r\n<h3><strong>Efektyvus<\/strong><\/h3>\r\nGeriausi papildai n\u0117ra kuriami atsitiktinai. \"Enzymedica\" savaranki\u0161kai tikrina, ar visi j\u0173 produktai atitinka grie\u017etus standartus, ir siekdama pagerinti ingridient\u0173 efektyvum\u0105 suk\u016br\u0117 naujas technologijas, tokias kaip \"Therablend\".\r\n<h3><strong>Socialiai s\u0105moningas<\/strong><\/h3>\r\n\"Enzymedica\" tiki \u017emon\u0117mis ir planeta, ir kiekvianam darbuotojui tai svarbu. Filantropija yra \u012fmon\u0117s pagrindas ir remdami \"People &amp; Planet\" iniciatyvas tai tik patvirtina.","parent":0,"count":8,"filter":"raw"}],"product_brand":[],"product_cat":[646,652,23,118,15,124],"product_tag":[88,125,126,97,657],"class_list":{"0":"post-14805","1":"product","2":"type-product","3":"status-publish","4":"has-post-thumbnail","6":"brand-enzymedica","7":"product_cat-papildai-moterims","8":"product_cat-rudens-vitaminai-ir-papildai","9":"product_cat-vitaminai","10":"product_cat-fermentai","11":"product_cat-produktai","12":"product_cat-siamsezonui","13":"product_tag-aktyviai-organizmo-apykaitai","14":"product_tag-energijai","15":"product_tag-greitam-virskinimui-ir-salinimui","16":"product_tag-svorio-kontrolei","17":"product_tag-virskinimas-mikrobiota-moterims","19":"first","20":"instock","21":"sale","22":"taxable","23":"shipping-taxable","24":"purchasable","25":"product-type-simple"},"acf":[],"_links":{"self":[{"href":"https:\/\/findvit.com\/en\/wp-json\/wp\/v2\/product\/14805","targetHints":{"allow":["GET"]}}],"collection":[{"href":"https:\/\/findvit.com\/en\/wp-json\/wp\/v2\/product"}],"about":[{"href":"https:\/\/findvit.com\/en\/wp-json\/wp\/v2\/types\/product"}],"replies":[{"embeddable":true,"href":"https:\/\/findvit.com\/en\/wp-json\/wp\/v2\/comments?post=14805"}],"version-history":[{"count":15,"href":"https:\/\/findvit.com\/en\/wp-json\/wp\/v2\/product\/14805\/revisions"}],"predecessor-version":[{"id":15989,"href":"https:\/\/findvit.com\/en\/wp-json\/wp\/v2\/product\/14805\/revisions\/15989"}],"wp:featuredmedia":[{"embeddable":true,"href":"https:\/\/findvit.com\/en\/wp-json\/wp\/v2\/media\/23325"}],"wp:attachment":[{"href":"https:\/\/findvit.com\/en\/wp-json\/wp\/v2\/media?parent=14805"}],"wp:term":[{"taxonomy":"brand","embeddable":true,"href":"https:\/\/findvit.com\/en\/wp-json\/wp\/v2\/etheme_brands?post=14805"},{"taxonomy":"product_brand","embeddable":true,"href":"https:\/\/findvit.com\/en\/wp-json\/wp\/v2\/product_brand?post=14805"},{"taxonomy":"product_cat","embeddable":true,"href":"https:\/\/findvit.com\/en\/wp-json\/wp\/v2\/product_cat?post=14805"},{"taxonomy":"product_tag","embeddable":true,"href":"https:\/\/findvit.com\/en\/wp-json\/wp\/v2\/product_tag?post=14805"}],"curies":[{"name":"wp","href":"https:\/\/api.w.org\/{rel}","templated":true}]}}