{"id":15632,"date":"2023-12-11T14:00:40","date_gmt":"2023-12-11T12:00:40","guid":{"rendered":"https:\/\/findvit.com\/?post_type=product&#038;p=15632"},"modified":"2026-03-26T17:55:38","modified_gmt":"2026-03-26T15:55:38","slug":"kiki-health-ceolitas-zeolitas-zarnynui-milteliai-60-gr","status":"publish","type":"product","link":"https:\/\/findvit.com\/en\/produktas\/kiki-health-ceolitas-zeolitas-zarnynui-milteliai-60-gr\/","title":{"rendered":"KIKI Health Zeolitas &#8211; Ceolitas, milteliai, 60"},"content":{"rendered":"<div data-elementor-type=\"product-post\" data-elementor-id=\"15632\" class=\"elementor elementor-15632\" data-elementor-post-type=\"product\">\n\t\t\t\t\t\t<section class=\"elementor-section elementor-top-section elementor-element elementor-element-697b9d0e elementor-section-boxed elementor-section-height-default elementor-section-height-default\" data-id=\"697b9d0e\" data-element_type=\"section\">\n\t\t\t\t\t\t<div class=\"elementor-container elementor-column-gap-default\">\n\t\t\t\t\t<div class=\"elementor-column elementor-col-100 elementor-top-column elementor-element elementor-element-20e74427\" data-id=\"20e74427\" data-element_type=\"column\">\n\t\t\t<div class=\"elementor-widget-wrap elementor-element-populated\">\n\t\t\t\t\t\t<div class=\"elementor-element elementor-element-5fb87e4e elementor-absolute elementor-hidden-mobile elementor-invisible elementor-widget elementor-widget-image\" data-id=\"5fb87e4e\" data-element_type=\"widget\" data-settings=\"{&quot;motion_fx_motion_fx_scrolling&quot;:&quot;yes&quot;,&quot;motion_fx_rotateZ_effect&quot;:&quot;yes&quot;,&quot;motion_fx_rotateZ_speed&quot;:{&quot;unit&quot;:&quot;px&quot;,&quot;size&quot;:5,&quot;sizes&quot;:[]},&quot;motion_fx_range&quot;:&quot;viewport&quot;,&quot;_animation&quot;:&quot;fadeIn&quot;,&quot;_position&quot;:&quot;absolute&quot;,&quot;motion_fx_rotateZ_affectedRange&quot;:{&quot;unit&quot;:&quot;%&quot;,&quot;size&quot;:&quot;&quot;,&quot;sizes&quot;:{&quot;start&quot;:0,&quot;end&quot;:100}},&quot;motion_fx_devices&quot;:[&quot;desktop&quot;,&quot;tablet&quot;,&quot;mobile&quot;]}\" data-widget_type=\"image.default\">\n\t\t\t\t<div class=\"elementor-widget-container\">\n\t\t\t\t\t\t\t\t\t\t\t\t\t\t\t<img loading=\"lazy\" decoding=\"async\" width=\"200\" height=\"200\" src=\"https:\/\/findvit.com\/wp-content\/uploads\/2021\/09\/ratukas.svg\" class=\"attachment-full size-full wp-image-1777\" alt=\"Wheel from questionnaire to vitamin\" \/>\t\t\t\t\t\t\t\t\t\t\t\t\t\t\t<\/div>\n\t\t\t\t<\/div>\n\t\t\t\t\t<\/div>\n\t\t<\/div>\n\t\t\t\t\t<\/div>\n\t\t<\/section>\n\t\t\t\t<section class=\"elementor-section elementor-top-section elementor-element elementor-element-600cef05 elementor-section-boxed elementor-section-height-default elementor-section-height-default\" data-id=\"600cef05\" data-element_type=\"section\">\n\t\t\t\t\t\t<div class=\"elementor-container elementor-column-gap-no\">\n\t\t\t\t\t<div class=\"elementor-column elementor-col-50 elementor-top-column elementor-element elementor-element-48f92489\" data-id=\"48f92489\" data-element_type=\"column\">\n\t\t\t<div class=\"elementor-widget-wrap elementor-element-populated\">\n\t\t\t\t\t\t<div class=\"elementor-element elementor-element-705cac9d elementor-widget elementor-widget-heading\" data-id=\"705cac9d\" data-element_type=\"widget\" data-widget_type=\"heading.default\">\n\t\t\t\t<div class=\"elementor-widget-container\">\n\t\t\t\t\t<h2 class=\"elementor-heading-title elementor-size-default\">Zeolitas - Ceolitas, milteliai, 60 g<\/h2>\t\t\t\t<\/div>\n\t\t\t\t<\/div>\n\t\t\t\t<div class=\"elementor-element elementor-element-40981e23 elementor-widget elementor-widget-text-editor\" data-id=\"40981e23\" data-element_type=\"widget\" data-widget_type=\"text-editor.default\">\n\t\t\t\t<div class=\"elementor-widget-container\">\n\t\t\t\t\t\t\t\t\t<p>A natural solution <strong>for a healthy digestive system<\/strong> - zeolite <strong>bowel sweep.<\/strong> Tired of <strong>bloating and discomfort after eating<\/strong>?<\/p><h3><strong>Natural and effective<\/strong><\/h3><p>Zeolite was discovered by man a long time ago. It&#039;s natural\u00a0 <strong>a mineral of volcanic origin.\u00a0<\/strong>Formed in the Southern Aegean Volcanic Arc region of Turkey, it was formed millions of years ago when powerful volcanoes erupted and released large amounts of alkaline earth volcanic ash. Some of the ash settled and formed thick layers of ash, but mostly the ash ended up in the sea and lakes. If the chemical composition of the lake is suitable, the chemical reaction of volcanic dust (ash) and water produces natural zeolites - soft, well-structured rocks with an internal structure.<\/p><h3><strong>Powerful sorbent<\/strong><\/h3><p>Zeolite is a mineral with a cage-like structure that is able to trap molecules within it because its particles are very micron in size (less than 25 microns).<\/p><p>KIKI Health zeolite is a natural product from natural <strong>mineral zeolite<\/strong>; he can <strong>like a sponge to absorb pollutants and toxins and naturally draw them out.<\/strong><\/p><h3><strong>Convenient to use<\/strong><\/h3><p>Just <strong>mix 1 teaspoon in a glass of water and take before or after meals 2 times a day.<\/strong><\/p><p>It is not recommended to take this product together with medicines or dietary supplements, as it may reduce their absorption.<\/p><p>It is also very useful to drink <strong>more water throughout the day to help your body flush out toxins.<\/strong><\/p><h3><strong>Quality assured<\/strong><\/h3><p>This product is <strong>safe and easy to use<\/strong>. It has no smell, taste or color and is suitable for vegans and vegetarians. It is made of natural and pure zeolite and activated carbon powder, which are <strong>carefully selected and checked<\/strong>. It does not contain any added dyes, preservatives, sweeteners or other chemicals.<\/p><h3><strong>Rated quality<\/strong><\/h3><p>Zeolite is distinguished by the fact that it contains high-quality ingredients. Zeolite powder is a natural mineral that acts as <strong>highly effective absorbent that absorbs toxins and pollutants.\u00a0<\/strong><\/p><h3><strong>STOP flatulence<\/strong><\/h3><p>Don&#039;t let excessive bloating and gas hold you back.<\/p><h3><strong>A precision manufacturer<\/strong><\/h3><p>The manufacturer KIKI Health is well known for their high quality superfoods and supplements and this product is one of their best examples.\u00a0<\/p><p>Try Kiki Health Zeolite Powder today and experience the effects.<\/p>\t\t\t\t\t\t\t\t<\/div>\n\t\t\t\t<\/div>\n\t\t\t\t\t<\/div>\n\t\t<\/div>\n\t\t\t\t<div class=\"elementor-column elementor-col-50 elementor-top-column elementor-element elementor-element-4dd6c130\" data-id=\"4dd6c130\" data-element_type=\"column\">\n\t\t\t<div class=\"elementor-widget-wrap elementor-element-populated\">\n\t\t\t\t\t\t<div class=\"elementor-element elementor-element-7314983a elementor-widget elementor-widget-image\" data-id=\"7314983a\" data-element_type=\"widget\" data-widget_type=\"image.default\">\n\t\t\t\t<div class=\"elementor-widget-container\">\n\t\t\t\t\t\t\t\t\t\t\t\t\t\t\t<img loading=\"lazy\" decoding=\"async\" width=\"900\" height=\"900\" src=\"https:\/\/findvit.com\/wp-content\/uploads\/2023\/04\/zeolite-900x900.jpg\" class=\"attachment-large size-large wp-image-12813\" alt=\"zeolite in nature\" srcset=\"https:\/\/findvit.com\/wp-content\/uploads\/2023\/04\/zeolite-900x900.jpg 900w, https:\/\/findvit.com\/wp-content\/uploads\/2023\/04\/zeolite-600x600.jpg 600w, https:\/\/findvit.com\/wp-content\/uploads\/2023\/04\/zeolite-150x150.jpg 150w, https:\/\/findvit.com\/wp-content\/uploads\/2023\/04\/zeolite-768x768.jpg 768w, https:\/\/findvit.com\/wp-content\/uploads\/2023\/04\/zeolite-400x400.jpg 400w, https:\/\/findvit.com\/wp-content\/uploads\/2023\/04\/zeolite-100x100.jpg 100w, https:\/\/findvit.com\/wp-content\/uploads\/2023\/04\/zeolite-1x1.jpg 1w, https:\/\/findvit.com\/wp-content\/uploads\/2023\/04\/zeolite-10x10.jpg 10w, https:\/\/findvit.com\/wp-content\/uploads\/2023\/04\/zeolite.jpg 1000w\" sizes=\"auto, (max-width: 900px) 100vw, 900px\" \/>\t\t\t\t\t\t\t\t\t\t\t\t\t\t\t<\/div>\n\t\t\t\t<\/div>\n\t\t\t\t\t<\/div>\n\t\t<\/div>\n\t\t\t\t\t<\/div>\n\t\t<\/section>\n\t\t\t\t<\/div>","protected":false},"excerpt":{"rendered":"<p><!--more-->If you feel that your intestines are congested, heavy and full of gas, you need to try zeolite powder. May help cleanse the colon of heavy metals and toxins. Ecological. In a safe amber glass package.<\/p>","protected":false},"featured_media":22976,"comment_status":"open","ping_status":"closed","template":"","meta":{"_acf_changed":false,"inline_featured_image":false},"etheme_brands":[{"term_id":28,"name":"Kiki Health","slug":"kiki-health","term_group":0,"term_taxonomy_id":28,"taxonomy":"brand","description":"<h2><a href=\"https:\/\/kiki-health.com\/about-us\/\" target=\"_blank\" rel=\"noopener\"><strong>KIKI Health<\/strong><\/a><\/h2>\r\nKIKI yra prek\u0117s \u017eenklas, kuriantis novatori\u0161kus maisto papildus.\r\n\r\nKIKI yra pripa\u017eintas ir gerbiamas, kaip sveikos gyvensenos produkt\u0173 ir individualumo bei meistri\u0161kumo standartas.\r\n\r\nKIKI gim\u0117 i\u0161 noro skatinti optimali\u0105 sveikat\u0105 ir gerov\u0119, m\u016bs\u0173 tikslas ir aistra yra \u012fsigyti auk\u0161\u010diausios kokyb\u0117s, grynumo produktus i\u0161 viso pasaulio, kurie pad\u0117t\u0173 gro\u017eiui ir sveikatai.\r\n\r\nNuo pat prad\u017ei\u0173 ir iki \u0161iol KIKI Health niekada nedaro kompromis\u0173 ir nededa pried\u0173 bei naudoja prastesni\u0173 ingredient\u0173 - tik nat\u016bralios 100% veikliosios med\u017eiagos.\r\n\r\nhttps:\/\/youtu.be\/irT0ZUOzBac?t=45\r\n<h3><strong>Nat\u016braliai turtingi <\/strong><strong>vitaminais, mineralais ir b\u016btinomis\u00a0 veikliosiomis med\u017eiagomis<\/strong><\/h3>\r\nDaugelis \"KIKI Health\" produkt\u0173 turintys augalini\u0173 ir maistini\u0173 med\u017eiag\u0173\u00a0 yra sertifikuoti, kaip ekologi\u0161ki.\r\n\r\nI\u0161naudodami stiprias augalin\u0117s kilm\u0117s, nat\u016brali\u0173 ingredient\u0173 galias, kupinas esmini\u0173 augal\u0173 veikli\u0173j\u0173 med\u017eiag\u0173, vitamin\u0173 ir mineral\u0173, kad suteikt\u0173 smegenims, odai ir k\u016bnui neprilygstam\u0105 pagalb\u0105.\r\n\r\nKIKI Health tikslas yra u\u017etikrinti, kad mi\u0161iniuose neb\u016bt\u0173 sintetikos, konservant\u0173, u\u017epild\u0173 ir ri\u0161ikli\u0173, u\u017etikrinant, kad ir toliau gamint\u0173 veiksmingus, \u0161varius ir saugius papildus.\r\n\r\nPagaminta Jungtin\u0117je Karalyst\u0117je i\u0161 \u0161vari\u0173 ir tvari\u0173 ingredient\u0173.\r\n<h3><strong>Atsakingumas<\/strong><\/h3>\r\nU\u017etikrindami, kad produktai b\u016bt\u0173 atsakingai u\u017eauginti, ne tik r\u016bpinamasi aplinka, bet ir garantuojama produkto kokyb\u0119. KIKI Healt specialistai keliauja po pasaul\u012f ie\u0161kodami ekologi\u0161k\u0173, eti\u0161kai gaut\u0173 ingredient\u0173, pasi\u017eymin\u010di\u0173 geresne maistine verte, kartu pad\u0117dami vietos bendruomen\u0117ms klest\u0117ti. Maisto gamybos b\u016bdas yra labai svarbus daugeliui vartotoj\u0173, ir tai kelia susir\u016bpinim\u0105, kur\u012f mes dalijam\u0117s.\r\n<h3><strong>Minimalus apdorojimas<\/strong><\/h3>\r\nNor\u0117dami pasiekti optimal\u0173 biologin\u012f prieinamum\u0105, stengiamasi, kad ingredientai b\u016bt\u0173 kuo ar\u010diau j\u0173 nat\u016bralios b\u016bkl\u0117s. Laikomasi minimalaus perdirbimo ir kontroliuojama temperat\u016bros, i\u0161kart po derliaus nu\u0117mimo, kad b\u016bt\u0173 i\u0161laikoma visa nauda sveikatai ir gyvybi\u0161kai svarbios maistin\u0117s med\u017eiagos.\r\n\r\n<strong>Produktuose n\u0117ra<\/strong>: sintetikos, dirbtini\u0173 da\u017eikli\u0173 ir kvapi\u0173j\u0173 med\u017eiag\u0173, u\u017epild\u0173, ri\u0161ikli\u0173, dengimo med\u017eiag\u0173, lipnum\u0105 reguliuojan\u010di\u0173 med\u017eiag\u0173, cukr\u0173, glitimo, GMO, laktoz\u0117s, konservant\u0173, pagalbini\u0173 med\u017eiag\u0173.\r\n\r\nVisi ingredientai ir galutiniai produktai yra reguliariai tikrinami tre\u010diosios \u0161alies laboratorijoje. U\u017etikrinama, kad kiekviena partija b\u016bt\u0173 i\u0161bandyta d\u0117l sunki\u0173j\u0173 metal\u0173, mikroorganizm\u0173 ir pesticid\u0173 laikantis grie\u017et\u0173 kokyb\u0117s kontrol\u0117s s\u0105lyg\u0173, o rezultatai atitikt\u0173 ES ir JK ribinius reglamentus, \u012fskaitant ekologinio \u016bkininkavimo standartus.","parent":0,"count":28,"filter":"raw"}],"product_brand":[],"product_cat":[646,652,653,15],"product_tag":[656],"class_list":{"0":"post-15632","1":"product","2":"type-product","3":"status-publish","4":"has-post-thumbnail","6":"brand-kiki-health","7":"product_cat-papildai-moterims","8":"product_cat-rudens-vitaminai-ir-papildai","9":"product_cat-papildai-detoksikacijai","10":"product_cat-produktai","11":"product_tag-moterims-detoksikacija","13":"first","14":"instock","15":"sale","16":"taxable","17":"shipping-taxable","18":"purchasable","19":"product-type-simple"},"acf":[],"_links":{"self":[{"href":"https:\/\/findvit.com\/en\/wp-json\/wp\/v2\/product\/15632","targetHints":{"allow":["GET"]}}],"collection":[{"href":"https:\/\/findvit.com\/en\/wp-json\/wp\/v2\/product"}],"about":[{"href":"https:\/\/findvit.com\/en\/wp-json\/wp\/v2\/types\/product"}],"replies":[{"embeddable":true,"href":"https:\/\/findvit.com\/en\/wp-json\/wp\/v2\/comments?post=15632"}],"version-history":[{"count":29,"href":"https:\/\/findvit.com\/en\/wp-json\/wp\/v2\/product\/15632\/revisions"}],"predecessor-version":[{"id":23431,"href":"https:\/\/findvit.com\/en\/wp-json\/wp\/v2\/product\/15632\/revisions\/23431"}],"wp:featuredmedia":[{"embeddable":true,"href":"https:\/\/findvit.com\/en\/wp-json\/wp\/v2\/media\/22976"}],"wp:attachment":[{"href":"https:\/\/findvit.com\/en\/wp-json\/wp\/v2\/media?parent=15632"}],"wp:term":[{"taxonomy":"brand","embeddable":true,"href":"https:\/\/findvit.com\/en\/wp-json\/wp\/v2\/etheme_brands?post=15632"},{"taxonomy":"product_brand","embeddable":true,"href":"https:\/\/findvit.com\/en\/wp-json\/wp\/v2\/product_brand?post=15632"},{"taxonomy":"product_cat","embeddable":true,"href":"https:\/\/findvit.com\/en\/wp-json\/wp\/v2\/product_cat?post=15632"},{"taxonomy":"product_tag","embeddable":true,"href":"https:\/\/findvit.com\/en\/wp-json\/wp\/v2\/product_tag?post=15632"}],"curies":[{"name":"wp","href":"https:\/\/api.w.org\/{rel}","templated":true}]}}