{"id":16194,"date":"2024-02-07T14:55:20","date_gmt":"2024-02-07T12:55:20","guid":{"rendered":"https:\/\/findvit.com\/?post_type=product&#038;p=16194"},"modified":"2026-02-27T16:41:01","modified_gmt":"2026-02-27T14:41:01","slug":"jonine-gelezis-skystas-koncentratas-50-ml","status":"publish","type":"product","link":"https:\/\/findvit.com\/en\/produktas\/jonine-gelezis-skystas-koncentratas-50-ml\/","title":{"rendered":"KIKI Health ionic Iron, liquid concentrate, 50ml"},"content":{"rendered":"\t\t<div data-elementor-type=\"product-post\" data-elementor-id=\"16194\" class=\"elementor elementor-16194\" data-elementor-post-type=\"product\">\n\t\t\t\t\t\t<section class=\"elementor-section elementor-top-section elementor-element elementor-element-a59e448 elementor-section-boxed elementor-section-height-default elementor-section-height-default\" data-id=\"a59e448\" data-element_type=\"section\" data-e-type=\"section\">\n\t\t\t\t\t\t<div class=\"elementor-container elementor-column-gap-default\">\n\t\t\t\t\t<div class=\"elementor-column elementor-col-100 elementor-top-column elementor-element elementor-element-6ab7f8c\" data-id=\"6ab7f8c\" data-element_type=\"column\" data-e-type=\"column\">\n\t\t\t<div class=\"elementor-widget-wrap elementor-element-populated\">\n\t\t\t\t\t\t<div class=\"elementor-element elementor-element-275c9dd elementor-absolute elementor-hidden-mobile elementor-invisible elementor-widget elementor-widget-image\" data-id=\"275c9dd\" data-element_type=\"widget\" data-e-type=\"widget\" data-settings=\"{&quot;motion_fx_motion_fx_scrolling&quot;:&quot;yes&quot;,&quot;motion_fx_rotateZ_effect&quot;:&quot;yes&quot;,&quot;motion_fx_rotateZ_speed&quot;:{&quot;unit&quot;:&quot;px&quot;,&quot;size&quot;:5,&quot;sizes&quot;:[]},&quot;motion_fx_range&quot;:&quot;viewport&quot;,&quot;_animation&quot;:&quot;fadeIn&quot;,&quot;_position&quot;:&quot;absolute&quot;,&quot;motion_fx_rotateZ_affectedRange&quot;:{&quot;unit&quot;:&quot;%&quot;,&quot;size&quot;:&quot;&quot;,&quot;sizes&quot;:{&quot;start&quot;:0,&quot;end&quot;:100}},&quot;motion_fx_devices&quot;:[&quot;desktop&quot;,&quot;tablet&quot;,&quot;mobile&quot;]}\" data-widget_type=\"image.default\">\n\t\t\t\t<div class=\"elementor-widget-container\">\n\t\t\t\t\t\t\t\t\t\t\t\t\t\t\t<img loading=\"lazy\" loading=\"lazy\" decoding=\"async\" width=\"200\" height=\"200\" src=\"https:\/\/findvit.com\/wp-content\/uploads\/2021\/09\/ratukas.svg\" class=\"attachment-full size-full wp-image-1777\" alt=\"Ratukas nuo klausimyno iki vitamino\" \/>\t\t\t\t\t\t\t\t\t\t\t\t\t\t\t<\/div>\n\t\t\t\t<\/div>\n\t\t\t\t\t<\/div>\n\t\t<\/div>\n\t\t\t\t\t<\/div>\n\t\t<\/section>\n\t\t\t\t<section class=\"elementor-section elementor-top-section elementor-element elementor-element-69545f3 elementor-section-boxed elementor-section-height-default elementor-section-height-default\" data-id=\"69545f3\" data-element_type=\"section\" data-e-type=\"section\">\n\t\t\t\t\t\t<div class=\"elementor-container elementor-column-gap-no\">\n\t\t\t\t\t<div class=\"elementor-column elementor-col-50 elementor-top-column elementor-element elementor-element-b1440a1\" data-id=\"b1440a1\" data-element_type=\"column\" data-e-type=\"column\">\n\t\t\t<div class=\"elementor-widget-wrap elementor-element-populated\">\n\t\t\t\t\t\t<div class=\"elementor-element elementor-element-83478ab elementor-widget elementor-widget-heading\" data-id=\"83478ab\" data-element_type=\"widget\" data-e-type=\"widget\" data-widget_type=\"heading.default\">\n\t\t\t\t<div class=\"elementor-widget-container\">\n\t\t\t\t\t<h4 class=\"elementor-heading-title elementor-size-default\">KIKI Health jonin\u0117 Gele\u017eis, skystas koncentratas, 50ml<\/h4>\t\t\t\t<\/div>\n\t\t\t\t<\/div>\n\t\t\t\t<div class=\"elementor-element elementor-element-245a362 elementor-widget elementor-widget-text-editor\" data-id=\"245a362\" data-element_type=\"widget\" data-e-type=\"widget\" data-widget_type=\"text-editor.default\">\n\t\t\t\t<div class=\"elementor-widget-container\">\n\t\t\t\t\t\t\t\t\t<p>Jonin\u0117 gele\u017eis yra revoliucinis produktas, kuris <strong>suteikia<\/strong> Jums esmin\u012f mineral\u0105 &#8211; gele\u017e\u012f &#8211; patogioje naudoti ir geresn\u0117je formoje.<\/p><p>Tai daugiau nei papildas, kuris yra sukurtas <strong>naudojant pa\u017eangiausi\u0105 technologij\u0105<\/strong>, kuri leid\u017eia gele\u017e\u012f paversti jonine forma.<\/p><p>Tai rei\u0161kia, kad \u0161i gele\u017eis skiriasi ir savo ypatumais palyginti su tradiciniais gele\u017eies papildais.<\/p><p>Gele\u017eis <strong>yra svarbi<\/strong> mums ir suteikia begales naud\u0173:<\/p><ul><li>Gele\u017eis svarbi normaliai<br \/>energini\u0173 med\u017eiag\u0173 apykaitai<\/li><li>Gele\u017eis svarbi normaliai<br \/>raudon\u0173j\u0173 kraujo k\u016bneli\u0173<br \/>kraujodarai ir hemoglobino<br \/>susidarymui<\/li><li>Gele\u017eis svarbi normaliai<br \/>imunin\u0117s sistemos veiklai<\/li><li>Gele\u017eis padeda ma\u017einti<br \/>pavargimo jausm\u0105 ir<br \/>nuovarg\u012f<\/li><\/ul><p>Deja, yra \u017emoni\u0173 negauna pakankamai gele\u017eies i\u0161 kasdien\u0117s mitybos, o tai gali sukelti simtomus susijusius su gele\u017eies tr\u016bkumu.<\/p><p>Skysta Jonin\u0117 gele\u017eis yra puikus pasirinkimas tiems, kurie supranta jonin\u0117s skystos formos kokyb\u0119 ir skirtum\u0105 nuo tradini\u0173 sprendim\u0173.<\/p><p>Naudinga gele\u017ei <strong>gauti<\/strong> kuo nat\u016bralesniu ir efektyvesniu b\u016bdu.<\/p><h3><strong>TIK JUMS<\/strong><\/h3><p>\u0160io produkto formul\u0117 yra sukurta atsi\u017evelgiant \u012f \u0161iuolaikinio \u017emogaus poreikius \u2013 greitas tempo gyvenimas reikalauja ne tik energijos, bet ir greit\u0173, efektyvi\u0173 sprendim\u0173. <strong>Jonin\u0117 Gele\u017eis<\/strong> yra lengvai naudojama: vos keletas la\u0161\u0173 \u012f vanden\u012f ar m\u0117gstamas sultis ir tur\u0117site tai ko reikia labiausiai\u00a0 &#8211; gal\u0117site m\u0117gautis kiekviena akimirka, pilna energijos ir gyvybingumo.<\/p><h3><strong>AUK\u0160\u010cIAUSI VERTINIMAI<\/strong><\/h3><p><strong>Gerai vertinama<\/strong>, nes yra labai patogu naudoti &#8211; tiesiog \u012fla\u0161inkite rekomenduojam\u0105 doz\u0119 \u012f savo m\u0117gstam\u0105 g\u0117rim\u0105 ir m\u0117gaukit\u0117s \u0161iuo g\u0117trimu.<\/p><p><strong>Gele\u017eis<\/strong> \u2013 tai ne tik elementas, tai gyvyb\u0117s ir energijos simbolis!<\/p><h3><strong>NE\u012eKAINOJAMA NAUDA<\/strong><\/h3><p>Investuokite \u012f savo sveikat\u0105 su <strong>Jonine Gele\u017eimi \u2013 <\/strong>\u00a0ir leiskite \u0161iam stebuklingam produktui atverti naujas gyvyb\u0117s ir energijos galimybes. Tai ne tik gele\u017eies \u0161altinis \u2013 tai J\u016bs\u0173 asmenin\u0117 gyvyb\u0117s ir energijos revoliucija.<\/p><h3><strong>VOS KELI LA\u0160AI STEB\u016aKLO<\/strong><\/h3><p>Tiesiog prid\u0117kite kelet\u0105 la\u0161\u0173 <strong>Jonin\u0117s Gele\u017eies \u2013 Vitalumo Esencijos<\/strong> prie savo m\u0117gstamo g\u0117rimo ir leiskite \u0161iai galingai formul\u0117i atlikti savo darb\u0105.<\/p><p><strong>Jonin\u0117 Gele\u017eis<\/strong> yra visi\u0161kai nat\u016bralus produktas, be joki\u0173 dirbtini\u0173 pried\u0173, konservant\u0173 ar u\u017epild\u0173, tod\u0117l galite b\u016bti tikri, kad r\u016bpinat\u0117s savo sveikata auk\u0161\u010diausios kokyb\u0117s produktais. Tai yra ne tik investicija, bet ir emocin\u0117 bei psichologin\u0117 gerov\u0117.<\/p><p>U\u017esisakykite dabar ir <strong>pajuskite skirtum\u0105<\/strong>!<\/p><p>Jei nesi tikra\/s kurie vitaminai ar kiti papildai <strong>tinkamiausi \u0161iuo metu<\/strong>, atlik test\u0105 <a href=\"https:\/\/findvit.com\/testas\/\"><strong>&#8222;Tavo diena&#8221;<\/strong> <\/a>ir su\u017einok\u00a0 <strong>asmenin\u0119<\/strong> rekomendacij\u0105!<\/p>\t\t\t\t\t\t\t\t<\/div>\n\t\t\t\t<\/div>\n\t\t\t\t\t<\/div>\n\t\t<\/div>\n\t\t\t\t<div class=\"elementor-column elementor-col-50 elementor-top-column elementor-element elementor-element-faf7f2b\" data-id=\"faf7f2b\" data-element_type=\"column\" data-e-type=\"column\">\n\t\t\t<div class=\"elementor-widget-wrap elementor-element-populated\">\n\t\t\t\t\t\t<div class=\"elementor-element elementor-element-e97e186 elementor-widget elementor-widget-image\" data-id=\"e97e186\" data-element_type=\"widget\" data-e-type=\"widget\" data-widget_type=\"image.default\">\n\t\t\t\t<div class=\"elementor-widget-container\">\n\t\t\t\t\t\t\t\t\t\t\t\t\t\t\t<img loading=\"lazy\" loading=\"lazy\" decoding=\"async\" width=\"900\" height=\"900\" src=\"https:\/\/findvit.com\/wp-content\/uploads\/2021\/10\/Ko-3-900x900.jpg\" class=\"attachment-large size-large wp-image-2469\" alt=\"sportas sveikata koliazas\" srcset=\"https:\/\/findvit.com\/wp-content\/uploads\/2021\/10\/Ko-3-900x900.jpg 900w, https:\/\/findvit.com\/wp-content\/uploads\/2021\/10\/Ko-3-600x600.jpg 600w, https:\/\/findvit.com\/wp-content\/uploads\/2021\/10\/Ko-3-150x150.jpg 150w, https:\/\/findvit.com\/wp-content\/uploads\/2021\/10\/Ko-3-768x768.jpg 768w, https:\/\/findvit.com\/wp-content\/uploads\/2021\/10\/Ko-3-1x1.jpg 1w, https:\/\/findvit.com\/wp-content\/uploads\/2021\/10\/Ko-3-10x10.jpg 10w, https:\/\/findvit.com\/wp-content\/uploads\/2021\/10\/Ko-3-100x100.jpg 100w, https:\/\/findvit.com\/wp-content\/uploads\/2021\/10\/Ko-3.jpg 1000w\" sizes=\"auto, (max-width: 900px) 100vw, 900px\" \/>\t\t\t\t\t\t\t\t\t\t\t\t\t\t\t<\/div>\n\t\t\t\t<\/div>\n\t\t\t\t\t<\/div>\n\t\t<\/div>\n\t\t\t\t\t<\/div>\n\t\t<\/section>\n\t\t\t\t<\/div>\n\t\t","protected":false},"excerpt":{"rendered":"<p><strong>Ionic Iron - the essence of vitality:<\/strong> A natural formula just for you. This one <strong>100%<\/strong> a concentrate of natural minerals from the Earth, enriched with ionic iron, is essential for anyone who wants to have energy and an optimal circulatory system. Indispensable in daily diet.<\/p>","protected":false},"featured_media":23163,"comment_status":"open","ping_status":"closed","template":"","meta":{"_acf_changed":false,"inline_featured_image":false},"etheme_brands":[{"term_id":28,"name":"Kiki Health","slug":"kiki-health","term_group":0,"term_taxonomy_id":28,"taxonomy":"brand","description":"<h2><a href=\"https:\/\/kiki-health.com\/about-us\/\" target=\"_blank\" rel=\"noopener\"><strong>KIKI Health<\/strong><\/a><\/h2>\r\nKIKI yra prek\u0117s \u017eenklas, kuriantis novatori\u0161kus maisto papildus.\r\n\r\nKIKI yra pripa\u017eintas ir gerbiamas, kaip sveikos gyvensenos produkt\u0173 ir individualumo bei meistri\u0161kumo standartas.\r\n\r\nKIKI gim\u0117 i\u0161 noro skatinti optimali\u0105 sveikat\u0105 ir gerov\u0119, m\u016bs\u0173 tikslas ir aistra yra \u012fsigyti auk\u0161\u010diausios kokyb\u0117s, grynumo produktus i\u0161 viso pasaulio, kurie pad\u0117t\u0173 gro\u017eiui ir sveikatai.\r\n\r\nNuo pat prad\u017ei\u0173 ir iki \u0161iol KIKI Health niekada nedaro kompromis\u0173 ir nededa pried\u0173 bei naudoja prastesni\u0173 ingredient\u0173 - tik nat\u016bralios 100% veikliosios med\u017eiagos.\r\n\r\nhttps:\/\/youtu.be\/irT0ZUOzBac?t=45\r\n<h3><strong>Nat\u016braliai turtingi <\/strong><strong>vitaminais, mineralais ir b\u016btinomis\u00a0 veikliosiomis med\u017eiagomis<\/strong><\/h3>\r\nDaugelis \"KIKI Health\" produkt\u0173 turintys augalini\u0173 ir maistini\u0173 med\u017eiag\u0173\u00a0 yra sertifikuoti, kaip ekologi\u0161ki.\r\n\r\nI\u0161naudodami stiprias augalin\u0117s kilm\u0117s, nat\u016brali\u0173 ingredient\u0173 galias, kupinas esmini\u0173 augal\u0173 veikli\u0173j\u0173 med\u017eiag\u0173, vitamin\u0173 ir mineral\u0173, kad suteikt\u0173 smegenims, odai ir k\u016bnui neprilygstam\u0105 pagalb\u0105.\r\n\r\nKIKI Health tikslas yra u\u017etikrinti, kad mi\u0161iniuose neb\u016bt\u0173 sintetikos, konservant\u0173, u\u017epild\u0173 ir ri\u0161ikli\u0173, u\u017etikrinant, kad ir toliau gamint\u0173 veiksmingus, \u0161varius ir saugius papildus.\r\n\r\nPagaminta Jungtin\u0117je Karalyst\u0117je i\u0161 \u0161vari\u0173 ir tvari\u0173 ingredient\u0173.\r\n<h3><strong>Atsakingumas<\/strong><\/h3>\r\nU\u017etikrindami, kad produktai b\u016bt\u0173 atsakingai u\u017eauginti, ne tik r\u016bpinamasi aplinka, bet ir garantuojama produkto kokyb\u0119. KIKI Healt specialistai keliauja po pasaul\u012f ie\u0161kodami ekologi\u0161k\u0173, eti\u0161kai gaut\u0173 ingredient\u0173, pasi\u017eymin\u010di\u0173 geresne maistine verte, kartu pad\u0117dami vietos bendruomen\u0117ms klest\u0117ti. Maisto gamybos b\u016bdas yra labai svarbus daugeliui vartotoj\u0173, ir tai kelia susir\u016bpinim\u0105, kur\u012f mes dalijam\u0117s.\r\n<h3><strong>Minimalus apdorojimas<\/strong><\/h3>\r\nNor\u0117dami pasiekti optimal\u0173 biologin\u012f prieinamum\u0105, stengiamasi, kad ingredientai b\u016bt\u0173 kuo ar\u010diau j\u0173 nat\u016bralios b\u016bkl\u0117s. Laikomasi minimalaus perdirbimo ir kontroliuojama temperat\u016bros, i\u0161kart po derliaus nu\u0117mimo, kad b\u016bt\u0173 i\u0161laikoma visa nauda sveikatai ir gyvybi\u0161kai svarbios maistin\u0117s med\u017eiagos.\r\n\r\n<strong>Produktuose n\u0117ra<\/strong>: sintetikos, dirbtini\u0173 da\u017eikli\u0173 ir kvapi\u0173j\u0173 med\u017eiag\u0173, u\u017epild\u0173, ri\u0161ikli\u0173, dengimo med\u017eiag\u0173, lipnum\u0105 reguliuojan\u010di\u0173 med\u017eiag\u0173, cukr\u0173, glitimo, GMO, laktoz\u0117s, konservant\u0173, pagalbini\u0173 med\u017eiag\u0173.\r\n\r\nVisi ingredientai ir galutiniai produktai yra reguliariai tikrinami tre\u010diosios \u0161alies laboratorijoje. U\u017etikrinama, kad kiekviena partija b\u016bt\u0173 i\u0161bandyta d\u0117l sunki\u0173j\u0173 metal\u0173, mikroorganizm\u0173 ir pesticid\u0173 laikantis grie\u017et\u0173 kokyb\u0117s kontrol\u0117s s\u0105lyg\u0173, o rezultatai atitikt\u0173 ES ir JK ribinius reglamentus, \u012fskaitant ekologinio \u016bkininkavimo standartus.","parent":0,"count":28,"filter":"raw"}],"product_brand":[],"product_cat":[646,651,63,124],"product_tag":[660],"class_list":{"0":"post-16194","1":"product","2":"type-product","3":"status-publish","4":"has-post-thumbnail","6":"brand-kiki-health","7":"product_cat-papildai-moterims","8":"product_cat-vitaminai-ir-papildai-ziemai","9":"product_cat-mineralai","10":"product_cat-siamsezonui","11":"product_tag-esminiai-vitaminai-moterims","13":"first","14":"instock","15":"sale","16":"taxable","17":"shipping-taxable","18":"purchasable","19":"product-type-simple"},"acf":[],"_links":{"self":[{"href":"https:\/\/findvit.com\/en\/wp-json\/wp\/v2\/product\/16194","targetHints":{"allow":["GET"]}}],"collection":[{"href":"https:\/\/findvit.com\/en\/wp-json\/wp\/v2\/product"}],"about":[{"href":"https:\/\/findvit.com\/en\/wp-json\/wp\/v2\/types\/product"}],"replies":[{"embeddable":true,"href":"https:\/\/findvit.com\/en\/wp-json\/wp\/v2\/comments?post=16194"}],"version-history":[{"count":13,"href":"https:\/\/findvit.com\/en\/wp-json\/wp\/v2\/product\/16194\/revisions"}],"predecessor-version":[{"id":18745,"href":"https:\/\/findvit.com\/en\/wp-json\/wp\/v2\/product\/16194\/revisions\/18745"}],"wp:featuredmedia":[{"embeddable":true,"href":"https:\/\/findvit.com\/en\/wp-json\/wp\/v2\/media\/23163"}],"wp:attachment":[{"href":"https:\/\/findvit.com\/en\/wp-json\/wp\/v2\/media?parent=16194"}],"wp:term":[{"taxonomy":"brand","embeddable":true,"href":"https:\/\/findvit.com\/en\/wp-json\/wp\/v2\/etheme_brands?post=16194"},{"taxonomy":"product_brand","embeddable":true,"href":"https:\/\/findvit.com\/en\/wp-json\/wp\/v2\/product_brand?post=16194"},{"taxonomy":"product_cat","embeddable":true,"href":"https:\/\/findvit.com\/en\/wp-json\/wp\/v2\/product_cat?post=16194"},{"taxonomy":"product_tag","embeddable":true,"href":"https:\/\/findvit.com\/en\/wp-json\/wp\/v2\/product_tag?post=16194"}],"curies":[{"name":"wp","href":"https:\/\/api.w.org\/{rel}","templated":true}]}}