{"id":1704,"date":"2021-10-08T11:03:21","date_gmt":"2021-10-08T08:03:21","guid":{"rendered":"https:\/\/findvit.com\/?post_type=product&#038;p=1704"},"modified":"2026-05-12T16:49:33","modified_gmt":"2026-05-12T13:49:33","slug":"skysta-jonine-gelezis-su-72-juros-mineralu-kompleksu-concentrace-22-mg","status":"publish","type":"product","link":"https:\/\/findvit.com\/en\/produktas\/skysta-jonine-gelezis-su-72-juros-mineralu-kompleksu-concentrace-22-mg\/","title":{"rendered":"Trace minerals ionic Iron with minerals, liquid 56 ml"},"content":{"rendered":"\t\t<div data-elementor-type=\"product-post\" data-elementor-id=\"1704\" class=\"elementor elementor-1704\" data-elementor-post-type=\"product\">\n\t\t\t\t\t\t<section class=\"elementor-section elementor-top-section elementor-element elementor-element-a59e448 elementor-section-boxed elementor-section-height-default elementor-section-height-default\" data-id=\"a59e448\" data-element_type=\"section\" data-e-type=\"section\">\n\t\t\t\t\t\t<div class=\"elementor-container elementor-column-gap-default\">\n\t\t\t\t\t<div class=\"elementor-column elementor-col-100 elementor-top-column elementor-element elementor-element-6ab7f8c\" data-id=\"6ab7f8c\" data-element_type=\"column\" data-e-type=\"column\">\n\t\t\t<div class=\"elementor-widget-wrap elementor-element-populated\">\n\t\t\t\t\t\t<div class=\"elementor-element elementor-element-275c9dd elementor-absolute elementor-hidden-mobile elementor-invisible elementor-widget elementor-widget-image\" data-id=\"275c9dd\" data-element_type=\"widget\" data-e-type=\"widget\" data-settings=\"{&quot;motion_fx_motion_fx_scrolling&quot;:&quot;yes&quot;,&quot;motion_fx_rotateZ_effect&quot;:&quot;yes&quot;,&quot;motion_fx_rotateZ_speed&quot;:{&quot;unit&quot;:&quot;px&quot;,&quot;size&quot;:5,&quot;sizes&quot;:[]},&quot;motion_fx_range&quot;:&quot;viewport&quot;,&quot;_animation&quot;:&quot;fadeIn&quot;,&quot;_position&quot;:&quot;absolute&quot;,&quot;motion_fx_rotateZ_affectedRange&quot;:{&quot;unit&quot;:&quot;%&quot;,&quot;size&quot;:&quot;&quot;,&quot;sizes&quot;:{&quot;start&quot;:0,&quot;end&quot;:100}},&quot;motion_fx_devices&quot;:[&quot;desktop&quot;,&quot;tablet&quot;,&quot;mobile&quot;]}\" data-widget_type=\"image.default\">\n\t\t\t\t<div class=\"elementor-widget-container\">\n\t\t\t\t\t\t\t\t\t\t\t\t\t\t\t<img loading=\"lazy\" loading=\"lazy\" decoding=\"async\" width=\"200\" height=\"200\" src=\"https:\/\/findvit.com\/wp-content\/uploads\/2021\/09\/ratukas.svg\" class=\"attachment-full size-full wp-image-1777\" alt=\"Ratukas nuo klausimyno iki vitamino\" \/>\t\t\t\t\t\t\t\t\t\t\t\t\t\t\t<\/div>\n\t\t\t\t<\/div>\n\t\t\t\t\t<\/div>\n\t\t<\/div>\n\t\t\t\t\t<\/div>\n\t\t<\/section>\n\t\t\t\t<section class=\"elementor-section elementor-top-section elementor-element elementor-element-69545f3 elementor-section-boxed elementor-section-height-default elementor-section-height-default\" data-id=\"69545f3\" data-element_type=\"section\" data-e-type=\"section\">\n\t\t\t\t\t\t<div class=\"elementor-container elementor-column-gap-no\">\n\t\t\t\t\t<div class=\"elementor-column elementor-col-50 elementor-top-column elementor-element elementor-element-b1440a1\" data-id=\"b1440a1\" data-element_type=\"column\" data-e-type=\"column\">\n\t\t\t<div class=\"elementor-widget-wrap elementor-element-populated\">\n\t\t\t\t\t\t<div class=\"elementor-element elementor-element-83478ab elementor-widget elementor-widget-heading\" data-id=\"83478ab\" data-element_type=\"widget\" data-e-type=\"widget\" data-widget_type=\"heading.default\">\n\t\t\t\t<div class=\"elementor-widget-container\">\n\t\t\t\t\t<h4 class=\"elementor-heading-title elementor-size-default\">Trace minerals jonin\u0117 Gele\u017eis su mineralais, skysta 56 ml<\/h4>\t\t\t\t<\/div>\n\t\t\t\t<\/div>\n\t\t\t\t<div class=\"elementor-element elementor-element-245a362 elementor-widget elementor-widget-text-editor\" data-id=\"245a362\" data-element_type=\"widget\" data-e-type=\"widget\" data-widget_type=\"text-editor.default\">\n\t\t\t\t<div class=\"elementor-widget-container\">\n\t\t\t\t\t\t\t\t\t<p>&#8222;Liquid Ionic Iron&#8221; yra revoliucinis produktas, kuris <strong>suteikia<\/strong> Jums esmin\u012f mineral\u0105 &#8211; gele\u017e\u012f &#8211; patogioje naudoti ir geresn\u0117je formoje.<\/p><p>\u0160is gerai vertinamas papildas yra sukurtas <strong>naudojant pa\u017eangi\u0105 technologij\u0105<\/strong>, kuri leid\u017eia gele\u017e\u012f paversti jonine forma.<\/p><p>Tai rei\u0161kia, kad \u0161i gele\u017eis skiriasi ir savo ypatumais skirasi palyginti su tradiciniais gele\u017eies papildais.<\/p><p>Gele\u017eis <strong>yra svarbi<\/strong> mums ir suteikia begales naud\u0173:<\/p><ul><li>Gele\u017eis svarbi normaliai <br \/>energini\u0173 med\u017eiag\u0173 apykaitai<\/li><li>Gele\u017eis svarbi normaliai <br \/>raudon\u0173j\u0173 kraujo k\u016bneli\u0173<br \/>kraujodarai ir hemoglobino <br \/>susidarymui<\/li><li>Gele\u017eis svarbi normaliai <br \/>imunin\u0117s sistemos veiklai<\/li><li>Gele\u017eis padeda ma\u017einti <br \/>pavargimo jausm\u0105 ir <br \/>nuovarg\u012f<\/li><\/ul><p>Deja, yra \u017emoni\u0173 negauna pakankamai gele\u017eies i\u0161 kasdien\u0117s mitybos, o tai gali sukelti simtomus susijusius su gele\u017eies tr\u016bkumu.<\/p><p>Skysta Jonin\u0117 gele\u017eis yra puikus pasirinkimas tiems, kurie supranta jonin\u0117s skystos formos kokyb\u0119 ir skirtum\u0105 nuo tradini\u0173 sprendim\u0173.<\/p><p>Naudinga gele\u017ei <strong>gauti<\/strong> kuo nat\u016bralesniu ir efektyvesniu b\u016bdu.<\/p><h3><strong>Auk\u0161\u010diausi vertinimai<\/strong><\/h3><p><strong>Gerai vertinama<\/strong>, nes yra labai patogu naudoti &#8211; tiesiog \u012fla\u0161inkite rekomenduojam\u0105 doz\u0119 \u012f savo m\u0117gstam\u0105 g\u0117rim\u0105 ir gerkite.<\/p><p>Trace minerals skysta jonin\u0117 gele\u017eis yra gaminama naudojant nat\u016bralius ingredientus ir yra be glitimo, be GMO ir veganams tinkamas.<\/p><p>Tai rei\u0161kia, kad j\u016bs <strong>galite b\u016bti tikri<\/strong>, kad gaunate saug\u0173 ir sveik\u0105 produkt\u0105.<\/p><p>Be to, Jonin\u0117 gele\u017eis yra gaminama &#8222;Trace Minerals Research&#8221; kompanijos, kuri yra lyder\u0117 mineral\u0173 papild\u0173 srityje. Jie yra \u017einomi d\u0117l savo auk\u0161tos kokyb\u0117s produkt\u0173 ir moksliniu po\u017ei\u016briu pagr\u012fst\u0173 formuluo\u010di\u0173.<\/p><p>Nepamir\u0161kite, kad nors Skysta jonin\u0117 gele\u017eis yra puikus b\u016bdas papildyti savo mityb\u0105 gele\u017eimi, ji netur\u0117t\u0173 b\u016bti naudojama kaip vienintelis b\u016bdas spr\u0119sti gele\u017eies tr\u016bkumo problemas.<\/p><p>Visada tur\u0117tum\u0117te konsultuotis su sveikatos prie\u017ei\u016bros specialistu prie\u0161 pradedant vartoti bet kokius papildus.<\/p><p>U\u017esisakykite dabar ir <strong>pajuskite skirtum\u0105<\/strong>!<\/p><p>Jonin\u0117 gele\u017eis yra papildyta mineralais, kurie \u0161\u012f papild\u0105 padaro i\u0161skirtiniu i\u0161 vis\u0173 pasaulyje esan\u010di\u0173 papild\u0173.<\/p><p><b>Joniniai mineralai <\/b>yra sukurti nat\u016bralios gamtos, tokie pat kaip ir maiste esantys <strong>mikroelementai<\/strong>. \u0160ie biologi\u0161kai aktyv\u016bs, vandenyje tirpstantys mineralai formuojasi ilgus metus.\u00a0 <strong>\u201eConcenTrace\u201c<\/strong> med\u017eiaga i\u0161gaunama i\u0161 Did\u017eiojo druskos e\u017eero su specialia garinimo technologija nedarant \u017ealos gamtai.<\/p><p>\u0160is e\u017eeras prisotintas\u00a0 mineralais, kurie kaup\u0117si \u010dia t\u016bkstan\u010dius met\u0173. I\u0161 \u201eConcenTrace\u201c pa\u0161alinama iki 99 % natrio, o likusioje med\u017eiagoje lieka apie <strong>72 \u012fvairi\u0173 mineral\u0173 joniniu pavidalu.<\/strong>\u00a0<\/p><p>Jei nesi tikra\/s kurie vitaminai ar kiti papildai <strong>tinkamiausi \u0161iuo metu<\/strong>, atlik test\u0105 <a href=\"https:\/\/findvit.com\/testas\/\"><strong>&#8222;Tavo diena&#8221;<\/strong> <\/a>ir su\u017einok\u00a0 <strong>asmenin\u0119<\/strong> rekomendacij\u0105!<\/p>\t\t\t\t\t\t\t\t<\/div>\n\t\t\t\t<\/div>\n\t\t\t\t\t<\/div>\n\t\t<\/div>\n\t\t\t\t<div class=\"elementor-column elementor-col-50 elementor-top-column elementor-element elementor-element-faf7f2b\" data-id=\"faf7f2b\" data-element_type=\"column\" data-e-type=\"column\">\n\t\t\t<div class=\"elementor-widget-wrap elementor-element-populated\">\n\t\t\t\t\t\t<div class=\"elementor-element elementor-element-e97e186 elementor-widget elementor-widget-image\" data-id=\"e97e186\" data-element_type=\"widget\" data-e-type=\"widget\" data-widget_type=\"image.default\">\n\t\t\t\t<div class=\"elementor-widget-container\">\n\t\t\t\t\t\t\t\t\t\t\t\t\t\t\t<img loading=\"lazy\" loading=\"lazy\" decoding=\"async\" width=\"900\" height=\"900\" src=\"https:\/\/findvit.com\/wp-content\/uploads\/2021\/10\/Ko-3-900x900.jpg\" class=\"attachment-large size-large wp-image-2469\" alt=\"sportas sveikata koliazas\" srcset=\"https:\/\/findvit.com\/wp-content\/uploads\/2021\/10\/Ko-3-900x900.jpg 900w, https:\/\/findvit.com\/wp-content\/uploads\/2021\/10\/Ko-3-600x600.jpg 600w, https:\/\/findvit.com\/wp-content\/uploads\/2021\/10\/Ko-3-150x150.jpg 150w, https:\/\/findvit.com\/wp-content\/uploads\/2021\/10\/Ko-3-768x768.jpg 768w, https:\/\/findvit.com\/wp-content\/uploads\/2021\/10\/Ko-3-1x1.jpg 1w, https:\/\/findvit.com\/wp-content\/uploads\/2021\/10\/Ko-3-10x10.jpg 10w, https:\/\/findvit.com\/wp-content\/uploads\/2021\/10\/Ko-3-100x100.jpg 100w, https:\/\/findvit.com\/wp-content\/uploads\/2021\/10\/Ko-3.jpg 1000w\" sizes=\"auto, (max-width: 900px) 100vw, 900px\" \/>\t\t\t\t\t\t\t\t\t\t\t\t\t\t\t<\/div>\n\t\t\t\t<\/div>\n\t\t\t\t\t<\/div>\n\t\t<\/div>\n\t\t\t\t\t<\/div>\n\t\t<\/section>\n\t\t\t\t<\/div>\n\t\t","protected":false},"excerpt":{"rendered":"<p>Liquid ionic Iron with a complex of sea minerals. Concentrated, providing iron in an ionic, bioavailable form. Suitable for use by pregnant and lactating women. Convenient dosing pipette. It takes up to 46 days.<\/p>","protected":false},"featured_media":23299,"comment_status":"open","ping_status":"closed","template":"","meta":{"_acf_changed":false,"inline_featured_image":false},"etheme_brands":[{"term_id":38,"name":"Trace Minerals","slug":"trace-minerals","term_group":0,"term_taxonomy_id":38,"taxonomy":"brand","description":"<h2><strong>Trace minerals<\/strong><\/h2>\r\n\"Trace Minerals\" yra \u017einomas jonini\u0173 mineralini\u0173 papild\u0173 prek\u0117s \u017eenklas, kuriuo pasitikima beveik 50 met\u0173.\r\n\r\n<strong>Gamintojo misija<\/strong>\r\n\r\n\"Trace Minerals\" mato pasaul\u012f, kuriame \u017emon\u0117s yra\r\natsakingi u\u017e savo sveikat\u0105. Laikas, kai visi \u017emon\u0117s yra nori ir gali\r\ngyventi sveikiau. Joniniai mineralai yra pasiekiami visiems norintiems. Daugiau nei 50 met\u0173 \"Trace Minerals\" prek\u0117s \u017eenklo\r\nproduktai visame pasaulyje buvo pripa\u017einti jonini\u0173 produkt\u0173 pradininkais.\r\n\r\nVisus 50 met\u0173 Trace Minerals vertyb\u0117s yra:\r\n\r\n1. Bekompromis\u0117 kokyb\u0117, nuo kurios priklauso \u017emoni\u0173 savijauta.\r\n2. Neprilygstama aptarnavimas, kuris leid\u017eia klientams \u0161ypsotis.\r\n3. Nuolatinis pajam\u0173 augimas diegiant inovacijas ir kuriant produktus.\r\n4. Ugdomieji u\u017esi\u0117mimai.\r\n5. Lyderyst\u0117 savo srities pramon\u0117je.\r\n6. Lojalumas ir s\u0105\u017einingumas patikimiems darbuotojams ir verslo partneriams.\r\n<h3><strong>Garantija<\/strong><\/h3>\r\nGamintojas tiki, kad maisto papildai tur\u0117t\u0173 atne\u0161ti pastebimus\r\nrezultatus. Trace minerals \u012fsipareigojimas siekti pastebim\u0173 rezultat\u0173 yra\r\n\"Trace Minerals research\" filosofija.\r\n\r\nBeveik penkis de\u0161imtme\u010dius \"Trace Minerals\" prek\u0117s \u017eenklo produktai pad\u0117jo \u017emon\u0117ms priimti pagr\u012fstus sprendimus pasirenkant tinkamus produktus. Trce Minerals t\u0119stinis \u012fsipareigojimas yra paprastas: gaminti auk\u0161\u010diausios kokyb\u0117s produktus, paremtus moksliniais tyrimais, pagamintus u\u017e teising\u0105 kain\u0105 ir garantuojama, kad bus\r\npagerinti gyvenimai t\u0173, kurie vartoja kokybi\u0161kus produktus. Trace minerals visada tai dar\u0117 ir toliau t\u0105 darys.\r\n\r\nhttps:\/\/youtu.be\/hbeINVcx5FY?t=77\r\n<h3><strong>Mokslas ir tyrimai<\/strong><\/h3>\r\nGamintojas gavo \u0161e\u0161i\u0173 m\u0117nesi\u0173 klinikinio tyrimo \"ConcenTrace\u00ae\" rezultatus. \"Trace Mineral Drops\", jo pavyzdinis jonini\u0173 mineralinis papildas, kuriame yra visas spektras nat\u016braliai atsirandan\u010di\u0173 mikroelement\u0173.\r\n\r\nDalyviams buvo skiriama po 40 la\u0161\u0173 ConcenTrace\u00ae arba placebo per par\u0105\r\n24 savaites. Tyrime teigiama, kad \"veiksmingum\u0105 objektyviai patvirtino\r\n\u012fvertinti s\u0105nari\u0173 kremzl\u0117s storio, s\u0105nario erdv\u0117s plo\u010dio poky\u010dius\r\nir sinovinio skys\u010dio sud\u0117tis\". 24 savai\u010di\u0173 rezultatai rodo, kad \"ultrasonografija ir sinovinio skys\u010dio tyrimas atskleid\u0117 kremzl\u0117s\r\nstrukt\u016bros pager\u0117jim\u0105\".\r\n\r\n\u0160is preliminarus tyrimas parodo, kad ConcenTrace\u00ae pagerina s\u0105nari\u0173 sveikat\u0105.\r\n<h3><strong>Sertifikatai<\/strong><\/h3>\r\nKokyb\u0117 visada buvo svarbiausias <a href=\"https:\/\/www.traceminerals.com\/\" target=\"_blank\" rel=\"noopener\">\"Trace Minerals\"<\/a> prioritetas. Per daugel\u012f met\u0173\u00a0 akylai tobulino gamybos procesus. Tikima, kad geriausi procesai padeda gaminti geriausius ir sveikiausius produktus. Tai yra pagrindin\u0117 prie\u017eastis, kod\u0117l grie\u017etai kontroliuojama produkt\u0173 kokyb\u0117 ir kod\u0117l turima daugyb\u0117 sertifikat\u0173.\r\n<ul>\r\n \t<li><a href=\"https:\/\/grmalliance.org\/\" target=\"_blank\" rel=\"noopener\">GRMA\/UL GMP Certified<\/a><\/li>\r\n \t<li>GRAS Certified<\/li>\r\n \t<li>BPA Free<\/li>\r\n \t<li>Kosher<\/li>\r\n \t<li>Halal<\/li>\r\n \t<li>Non-GMO Verified<\/li>\r\n \t<li>Transparency<\/li>\r\n<\/ul>","parent":0,"count":19,"filter":"raw"}],"product_brand":[],"product_cat":[646,651,124,15],"product_tag":[660],"class_list":{"0":"post-1704","1":"product","2":"type-product","3":"status-publish","4":"has-post-thumbnail","6":"brand-trace-minerals","7":"product_cat-papildai-moterims","8":"product_cat-vitaminai-ir-papildai-ziemai","9":"product_cat-siamsezonui","10":"product_cat-produktai","11":"product_tag-esminiai-vitaminai-moterims","13":"first","14":"instock","15":"sale","16":"taxable","17":"shipping-taxable","18":"purchasable","19":"product-type-simple"},"acf":[],"_links":{"self":[{"href":"https:\/\/findvit.com\/en\/wp-json\/wp\/v2\/product\/1704","targetHints":{"allow":["GET"]}}],"collection":[{"href":"https:\/\/findvit.com\/en\/wp-json\/wp\/v2\/product"}],"about":[{"href":"https:\/\/findvit.com\/en\/wp-json\/wp\/v2\/types\/product"}],"replies":[{"embeddable":true,"href":"https:\/\/findvit.com\/en\/wp-json\/wp\/v2\/comments?post=1704"}],"version-history":[{"count":17,"href":"https:\/\/findvit.com\/en\/wp-json\/wp\/v2\/product\/1704\/revisions"}],"predecessor-version":[{"id":18973,"href":"https:\/\/findvit.com\/en\/wp-json\/wp\/v2\/product\/1704\/revisions\/18973"}],"wp:featuredmedia":[{"embeddable":true,"href":"https:\/\/findvit.com\/en\/wp-json\/wp\/v2\/media\/23299"}],"wp:attachment":[{"href":"https:\/\/findvit.com\/en\/wp-json\/wp\/v2\/media?parent=1704"}],"wp:term":[{"taxonomy":"brand","embeddable":true,"href":"https:\/\/findvit.com\/en\/wp-json\/wp\/v2\/etheme_brands?post=1704"},{"taxonomy":"product_brand","embeddable":true,"href":"https:\/\/findvit.com\/en\/wp-json\/wp\/v2\/product_brand?post=1704"},{"taxonomy":"product_cat","embeddable":true,"href":"https:\/\/findvit.com\/en\/wp-json\/wp\/v2\/product_cat?post=1704"},{"taxonomy":"product_tag","embeddable":true,"href":"https:\/\/findvit.com\/en\/wp-json\/wp\/v2\/product_tag?post=1704"}],"curies":[{"name":"wp","href":"https:\/\/api.w.org\/{rel}","templated":true}]}}