{"id":17447,"date":"2024-06-19T18:56:22","date_gmt":"2024-06-19T15:56:22","guid":{"rendered":"https:\/\/findvit.com\/?post_type=product&#038;p=17447"},"modified":"2026-02-09T15:07:35","modified_gmt":"2026-02-09T13:07:35","slug":"kiki-health-lions-mane-atminciai-ir-smegenu-veiklai-kapsules-60-vnt","status":"publish","type":"product","link":"https:\/\/findvit.com\/en\/produktas\/kiki-health-lions-mane-atminciai-ir-smegenu-veiklai-kapsules-60-vnt\/","title":{"rendered":"KIKI Health Lion&#8217;s Mane &#8211; Funkciniai grybai gerai koncentracijai , 60 vegkapsuli\u0173"},"content":{"rendered":"<div data-elementor-type=\"product-post\" data-elementor-id=\"17447\" class=\"elementor elementor-17447\" data-elementor-post-type=\"product\">\n\t\t\t\t\t\t<section class=\"elementor-section elementor-top-section elementor-element elementor-element-697b9d0e elementor-section-boxed elementor-section-height-default elementor-section-height-default\" data-id=\"697b9d0e\" data-element_type=\"section\">\n\t\t\t\t\t\t<div class=\"elementor-container elementor-column-gap-default\">\n\t\t\t\t\t<div class=\"elementor-column elementor-col-100 elementor-top-column elementor-element elementor-element-20e74427\" data-id=\"20e74427\" data-element_type=\"column\">\n\t\t\t<div class=\"elementor-widget-wrap elementor-element-populated\">\n\t\t\t\t\t\t<div class=\"elementor-element elementor-element-5fb87e4e elementor-absolute elementor-hidden-mobile elementor-invisible elementor-widget elementor-widget-image\" data-id=\"5fb87e4e\" data-element_type=\"widget\" data-settings=\"{&quot;motion_fx_motion_fx_scrolling&quot;:&quot;yes&quot;,&quot;motion_fx_rotateZ_effect&quot;:&quot;yes&quot;,&quot;motion_fx_rotateZ_speed&quot;:{&quot;unit&quot;:&quot;px&quot;,&quot;size&quot;:5,&quot;sizes&quot;:[]},&quot;motion_fx_range&quot;:&quot;viewport&quot;,&quot;_animation&quot;:&quot;fadeIn&quot;,&quot;_position&quot;:&quot;absolute&quot;,&quot;motion_fx_rotateZ_affectedRange&quot;:{&quot;unit&quot;:&quot;%&quot;,&quot;size&quot;:&quot;&quot;,&quot;sizes&quot;:{&quot;start&quot;:0,&quot;end&quot;:100}},&quot;motion_fx_devices&quot;:[&quot;desktop&quot;,&quot;tablet&quot;,&quot;mobile&quot;]}\" data-widget_type=\"image.default\">\n\t\t\t\t<div class=\"elementor-widget-container\">\n\t\t\t\t\t\t\t\t\t\t\t\t\t\t\t<img loading=\"lazy\" decoding=\"async\" width=\"200\" height=\"200\" src=\"https:\/\/findvit.com\/wp-content\/uploads\/2021\/09\/ratukas.svg\" class=\"attachment-full size-full wp-image-1777\" alt=\"Wheel from questionnaire to vitamin\" \/>\t\t\t\t\t\t\t\t\t\t\t\t\t\t\t<\/div>\n\t\t\t\t<\/div>\n\t\t\t\t\t<\/div>\n\t\t<\/div>\n\t\t\t\t\t<\/div>\n\t\t<\/section>\n\t\t\t\t<section class=\"elementor-section elementor-top-section elementor-element elementor-element-600cef05 elementor-section-boxed elementor-section-height-default elementor-section-height-default\" data-id=\"600cef05\" data-element_type=\"section\">\n\t\t\t\t\t\t<div class=\"elementor-container elementor-column-gap-no\">\n\t\t\t\t\t<div class=\"elementor-column elementor-col-50 elementor-top-column elementor-element elementor-element-48f92489\" data-id=\"48f92489\" data-element_type=\"column\">\n\t\t\t<div class=\"elementor-widget-wrap elementor-element-populated\">\n\t\t\t\t\t\t<div class=\"elementor-element elementor-element-705cac9d elementor-widget elementor-widget-heading\" data-id=\"705cac9d\" data-element_type=\"widget\" data-widget_type=\"heading.default\">\n\t\t\t\t<div class=\"elementor-widget-container\">\n\t\t\t\t\t<h2 class=\"elementor-heading-title elementor-size-default\">Discover KIKI Health Lion&#039;s Mane Mushroom Extract, nature&#039;s gift to your brain and immune system!<\/h2>\t\t\t\t<\/div>\n\t\t\t\t<\/div>\n\t\t\t\t<div class=\"elementor-element elementor-element-40981e23 elementor-widget elementor-widget-text-editor\" data-id=\"40981e23\" data-element_type=\"widget\" data-widget_type=\"text-editor.default\">\n\t\t\t\t<div class=\"elementor-widget-container\">\n\t\t\t\t\t\t\t\t\t<p>Have you ever felt like your brain could work faster and more efficiently? With KIKI Health Lion&#039;s Mane Mushroom Extract <strong>it becomes a reality<\/strong>.<\/p><p>This premium, organic supplement is all natural <strong>a solution for those who want the maximum potential of their mental powers and overall health<\/strong>.<\/p><p>Imagine days when you are fully focused, energized and ready to take on any challenge. Lion&#039;s Mane Mushroom Extract <strong>wonderful solution.<\/strong>\u00a0<\/p><h3><strong>Discover a Natural Health Miracle<\/strong><\/h3><p>KIKI Health Lion&#039;s Mane Mushroom Extract is your way to better health and a stronger mind. This supplement is made from the purest Lion&#039;s Mane mushrooms known for their incredible health benefits.<\/p><h3><strong>Cognitive Power<\/strong><\/h3><p>Lion&#039;s Mane mushrooms are a natural brain stimulant. The bioactive compounds they contain help stimulate the production of nerve growth factor (NGF), which is essential for the growth and maintenance of brain cells. With regular use of this supplement, one can experience clearer thinking, better memory and stronger concentration.<\/p><h3><strong>Immune System Support<\/strong><\/h3><p>This mushroom not only improves mental performance, but also strengthens the immune system. Lion&#039;s Mane mushrooms are known for their ability to stimulate the immune system, helping the body fight infection and disease. Feel stronger and healthier every day!<\/p><p><img loading=\"lazy\" decoding=\"async\" class=\"alignnone size-medium wp-image-17468\" src=\"https:\/\/findvit.com\/wp-content\/uploads\/2024\/06\/lions-mane-grybas-rankose-600x600.jpg\" alt=\"lion&#039;s mane mushroom in hands\" width=\"600\" height=\"600\" srcset=\"https:\/\/findvit.com\/wp-content\/uploads\/2024\/06\/lions-mane-grybas-rankose-600x600.jpg 600w, https:\/\/findvit.com\/wp-content\/uploads\/2024\/06\/lions-mane-grybas-rankose-900x900.jpg 900w, https:\/\/findvit.com\/wp-content\/uploads\/2024\/06\/lions-mane-grybas-rankose-150x150.jpg 150w, https:\/\/findvit.com\/wp-content\/uploads\/2024\/06\/lions-mane-grybas-rankose-768x768.jpg 768w, https:\/\/findvit.com\/wp-content\/uploads\/2024\/06\/lions-mane-grybas-rankose-400x400.jpg 400w, https:\/\/findvit.com\/wp-content\/uploads\/2024\/06\/lions-mane-grybas-rankose-100x100.jpg 100w, https:\/\/findvit.com\/wp-content\/uploads\/2024\/06\/lions-mane-grybas-rankose-1x1.jpg 1w, https:\/\/findvit.com\/wp-content\/uploads\/2024\/06\/lions-mane-grybas-rankose-10x10.jpg 10w, https:\/\/findvit.com\/wp-content\/uploads\/2024\/06\/lions-mane-grybas-rankose.jpg 1000w\" sizes=\"auto, (max-width: 600px) 100vw, 600px\" \/><\/p><h3><strong>Naturalness and Ecology<\/strong><\/h3><p>KIKI Health Lion&#039;s Mane Mushroom Extract is completely natural and organic. Made without any artificial additives or preservatives, this product gives you only a pure and natural source of health.<\/p><h3><strong>Vegan and Allergy Friendly<\/strong><\/h3><p>This supplement is suitable for everyone as it is vegan and gluten free. It is made with plant-based ingredients, making it safe and suitable for a variety of dietary needs.<\/p><h3><strong>Convenience in use<\/strong><\/h3><p>The capsules are easy to take - just take 1-2 capsules a day with food. It&#039;s a simple and effective way to supplement your diet and ensure you&#039;re getting all the nutrients you need.<\/p><p><img loading=\"lazy\" decoding=\"async\" class=\"alignnone size-full wp-image-17489\" src=\"https:\/\/findvit.com\/wp-content\/uploads\/2024\/06\/lions-mane-grybas-rankose-simb.jpg\" alt=\"eco sign1\" width=\"500\" height=\"288\" srcset=\"https:\/\/findvit.com\/wp-content\/uploads\/2024\/06\/lions-mane-grybas-rankose-simb.jpg 500w, https:\/\/findvit.com\/wp-content\/uploads\/2024\/06\/lions-mane-grybas-rankose-simb-1x1.jpg 1w, https:\/\/findvit.com\/wp-content\/uploads\/2024\/06\/lions-mane-grybas-rankose-simb-10x6.jpg 10w\" sizes=\"auto, (max-width: 500px) 100vw, 500px\" \/><\/p><h3><strong>Trust in Quality<\/strong><\/h3><p>KIKI Health Lion&#039;s Mane Mushroom Extract is a proven and reliable product. Our commitment to quality means you get only the best. Trust our expertise and purchase this supplement today. Feel the difference - your health is our priority!<\/p><h3><strong>Feel Better Everyday<\/strong><\/h3><p>If you&#039;re looking for a way to naturally improve your brain function, boost your immune system, and feel better every day, KIKI Health Lion&#039;s Mane Mushroom Extract is just what you need. Buy now and start your health journey with our natural supplements!<\/p>\t\t\t\t\t\t\t\t<\/div>\n\t\t\t\t<\/div>\n\t\t\t\t\t<\/div>\n\t\t<\/div>\n\t\t\t\t<div class=\"elementor-column elementor-col-50 elementor-top-column elementor-element elementor-element-4dd6c130\" data-id=\"4dd6c130\" data-element_type=\"column\">\n\t\t\t<div class=\"elementor-widget-wrap elementor-element-populated\">\n\t\t\t\t\t\t<div class=\"elementor-element elementor-element-7314983a elementor-widget elementor-widget-image\" data-id=\"7314983a\" data-element_type=\"widget\" data-widget_type=\"image.default\">\n\t\t\t\t<div class=\"elementor-widget-container\">\n\t\t\t\t\t\t\t\t\t\t\t\t\t\t\t<img loading=\"lazy\" decoding=\"async\" width=\"900\" height=\"900\" src=\"https:\/\/findvit.com\/wp-content\/uploads\/2023\/10\/kognityviniai-igudziai-nauda-900x900.jpg\" class=\"attachment-large size-large wp-image-15021\" alt=\"cognitive skills benefit\" srcset=\"https:\/\/findvit.com\/wp-content\/uploads\/2023\/10\/kognityviniai-igudziai-nauda-900x900.jpg 900w, https:\/\/findvit.com\/wp-content\/uploads\/2023\/10\/kognityviniai-igudziai-nauda-600x600.jpg 600w, https:\/\/findvit.com\/wp-content\/uploads\/2023\/10\/kognityviniai-igudziai-nauda-150x150.jpg 150w, https:\/\/findvit.com\/wp-content\/uploads\/2023\/10\/kognityviniai-igudziai-nauda-768x768.jpg 768w, https:\/\/findvit.com\/wp-content\/uploads\/2023\/10\/kognityviniai-igudziai-nauda-400x400.jpg 400w, https:\/\/findvit.com\/wp-content\/uploads\/2023\/10\/kognityviniai-igudziai-nauda-100x100.jpg 100w, https:\/\/findvit.com\/wp-content\/uploads\/2023\/10\/kognityviniai-igudziai-nauda-1x1.jpg 1w, https:\/\/findvit.com\/wp-content\/uploads\/2023\/10\/kognityviniai-igudziai-nauda-10x10.jpg 10w, https:\/\/findvit.com\/wp-content\/uploads\/2023\/10\/kognityviniai-igudziai-nauda.jpg 1000w\" sizes=\"auto, (max-width: 900px) 100vw, 900px\" \/>\t\t\t\t\t\t\t\t\t\t\t\t\t\t\t<\/div>\n\t\t\t\t<\/div>\n\t\t\t\t\t<\/div>\n\t\t<\/div>\n\t\t\t\t\t<\/div>\n\t\t<\/section>\n\t\t\t\t<\/div>","protected":false},"excerpt":{"rendered":"<p><strong>A source of happiness and energy for every day!<\/strong> KIKI Health <strong>Lion&#039;s Mane Mushroom Extract<\/strong> - natural s<strong>megen activities <\/strong>\u00a0and <strong>immune system booster<\/strong> in one convenient capsule. This multipurpose supplement <strong>provides clarity<\/strong>, <strong>improves memory<\/strong> and <strong>increases energy daily<\/strong>.<\/p>","protected":false},"featured_media":17465,"comment_status":"open","ping_status":"closed","template":"","meta":{"_acf_changed":false,"inline_featured_image":false},"etheme_brands":[{"term_id":28,"name":"Kiki Health","slug":"kiki-health","term_group":0,"term_taxonomy_id":28,"taxonomy":"brand","description":"<h2><a href=\"https:\/\/kiki-health.com\/about-us\/\" target=\"_blank\" rel=\"noopener\"><strong>KIKI Health<\/strong><\/a><\/h2>\r\nKIKI yra prek\u0117s \u017eenklas, kuriantis novatori\u0161kus maisto papildus.\r\n\r\nKIKI yra pripa\u017eintas ir gerbiamas, kaip sveikos gyvensenos produkt\u0173 ir individualumo bei meistri\u0161kumo standartas.\r\n\r\nKIKI gim\u0117 i\u0161 noro skatinti optimali\u0105 sveikat\u0105 ir gerov\u0119, m\u016bs\u0173 tikslas ir aistra yra \u012fsigyti auk\u0161\u010diausios kokyb\u0117s, grynumo produktus i\u0161 viso pasaulio, kurie pad\u0117t\u0173 gro\u017eiui ir sveikatai.\r\n\r\nNuo pat prad\u017ei\u0173 ir iki \u0161iol KIKI Health niekada nedaro kompromis\u0173 ir nededa pried\u0173 bei naudoja prastesni\u0173 ingredient\u0173 - tik nat\u016bralios 100% veikliosios med\u017eiagos.\r\n\r\nhttps:\/\/youtu.be\/irT0ZUOzBac?t=45\r\n<h3><strong>Nat\u016braliai turtingi <\/strong><strong>vitaminais, mineralais ir b\u016btinomis\u00a0 veikliosiomis med\u017eiagomis<\/strong><\/h3>\r\nDaugelis \"KIKI Health\" produkt\u0173 turintys augalini\u0173 ir maistini\u0173 med\u017eiag\u0173\u00a0 yra sertifikuoti, kaip ekologi\u0161ki.\r\n\r\nI\u0161naudodami stiprias augalin\u0117s kilm\u0117s, nat\u016brali\u0173 ingredient\u0173 galias, kupinas esmini\u0173 augal\u0173 veikli\u0173j\u0173 med\u017eiag\u0173, vitamin\u0173 ir mineral\u0173, kad suteikt\u0173 smegenims, odai ir k\u016bnui neprilygstam\u0105 pagalb\u0105.\r\n\r\nKIKI Health tikslas yra u\u017etikrinti, kad mi\u0161iniuose neb\u016bt\u0173 sintetikos, konservant\u0173, u\u017epild\u0173 ir ri\u0161ikli\u0173, u\u017etikrinant, kad ir toliau gamint\u0173 veiksmingus, \u0161varius ir saugius papildus.\r\n\r\nPagaminta Jungtin\u0117je Karalyst\u0117je i\u0161 \u0161vari\u0173 ir tvari\u0173 ingredient\u0173.\r\n<h3><strong>Atsakingumas<\/strong><\/h3>\r\nU\u017etikrindami, kad produktai b\u016bt\u0173 atsakingai u\u017eauginti, ne tik r\u016bpinamasi aplinka, bet ir garantuojama produkto kokyb\u0119. KIKI Healt specialistai keliauja po pasaul\u012f ie\u0161kodami ekologi\u0161k\u0173, eti\u0161kai gaut\u0173 ingredient\u0173, pasi\u017eymin\u010di\u0173 geresne maistine verte, kartu pad\u0117dami vietos bendruomen\u0117ms klest\u0117ti. Maisto gamybos b\u016bdas yra labai svarbus daugeliui vartotoj\u0173, ir tai kelia susir\u016bpinim\u0105, kur\u012f mes dalijam\u0117s.\r\n<h3><strong>Minimalus apdorojimas<\/strong><\/h3>\r\nNor\u0117dami pasiekti optimal\u0173 biologin\u012f prieinamum\u0105, stengiamasi, kad ingredientai b\u016bt\u0173 kuo ar\u010diau j\u0173 nat\u016bralios b\u016bkl\u0117s. Laikomasi minimalaus perdirbimo ir kontroliuojama temperat\u016bros, i\u0161kart po derliaus nu\u0117mimo, kad b\u016bt\u0173 i\u0161laikoma visa nauda sveikatai ir gyvybi\u0161kai svarbios maistin\u0117s med\u017eiagos.\r\n\r\n<strong>Produktuose n\u0117ra<\/strong>: sintetikos, dirbtini\u0173 da\u017eikli\u0173 ir kvapi\u0173j\u0173 med\u017eiag\u0173, u\u017epild\u0173, ri\u0161ikli\u0173, dengimo med\u017eiag\u0173, lipnum\u0105 reguliuojan\u010di\u0173 med\u017eiag\u0173, cukr\u0173, glitimo, GMO, laktoz\u0117s, konservant\u0173, pagalbini\u0173 med\u017eiag\u0173.\r\n\r\nVisi ingredientai ir galutiniai produktai yra reguliariai tikrinami tre\u010diosios \u0161alies laboratorijoje. U\u017etikrinama, kad kiekviena partija b\u016bt\u0173 i\u0161bandyta d\u0117l sunki\u0173j\u0173 metal\u0173, mikroorganizm\u0173 ir pesticid\u0173 laikantis grie\u017et\u0173 kokyb\u0117s kontrol\u0117s s\u0105lyg\u0173, o rezultatai atitikt\u0173 ES ir JK ribinius reglamentus, \u012fskaitant ekologinio \u016bkininkavimo standartus.","parent":0,"count":28,"filter":"raw"}],"product_brand":[],"product_cat":[645,652],"product_tag":[89,127,125,649],"class_list":{"0":"post-17447","1":"product","2":"type-product","3":"status-publish","4":"has-post-thumbnail","6":"brand-kiki-health","7":"product_cat-geriausi-papildai-vyrams","8":"product_cat-rudens-vitaminai-ir-papildai","9":"product_tag-atminciai-ir-koncentracijai","10":"product_tag-atsipalaidavimui-ir-ramybei","11":"product_tag-energijai","12":"product_tag-maisto-papildas","14":"first","15":"instock","16":"sale","17":"taxable","18":"shipping-taxable","19":"purchasable","20":"product-type-simple"},"acf":[],"_links":{"self":[{"href":"https:\/\/findvit.com\/en\/wp-json\/wp\/v2\/product\/17447","targetHints":{"allow":["GET"]}}],"collection":[{"href":"https:\/\/findvit.com\/en\/wp-json\/wp\/v2\/product"}],"about":[{"href":"https:\/\/findvit.com\/en\/wp-json\/wp\/v2\/types\/product"}],"replies":[{"embeddable":true,"href":"https:\/\/findvit.com\/en\/wp-json\/wp\/v2\/comments?post=17447"}],"version-history":[{"count":30,"href":"https:\/\/findvit.com\/en\/wp-json\/wp\/v2\/product\/17447\/revisions"}],"predecessor-version":[{"id":21253,"href":"https:\/\/findvit.com\/en\/wp-json\/wp\/v2\/product\/17447\/revisions\/21253"}],"wp:featuredmedia":[{"embeddable":true,"href":"https:\/\/findvit.com\/en\/wp-json\/wp\/v2\/media\/17465"}],"wp:attachment":[{"href":"https:\/\/findvit.com\/en\/wp-json\/wp\/v2\/media?parent=17447"}],"wp:term":[{"taxonomy":"brand","embeddable":true,"href":"https:\/\/findvit.com\/en\/wp-json\/wp\/v2\/etheme_brands?post=17447"},{"taxonomy":"product_brand","embeddable":true,"href":"https:\/\/findvit.com\/en\/wp-json\/wp\/v2\/product_brand?post=17447"},{"taxonomy":"product_cat","embeddable":true,"href":"https:\/\/findvit.com\/en\/wp-json\/wp\/v2\/product_cat?post=17447"},{"taxonomy":"product_tag","embeddable":true,"href":"https:\/\/findvit.com\/en\/wp-json\/wp\/v2\/product_tag?post=17447"}],"curies":[{"name":"wp","href":"https:\/\/api.w.org\/{rel}","templated":true}]}}