{"id":1945,"date":"2021-10-11T08:34:24","date_gmt":"2021-10-11T05:34:24","guid":{"rendered":"https:\/\/findvit.com\/?post_type=product&#038;p=1945"},"modified":"2026-03-29T15:58:04","modified_gmt":"2026-03-29T12:58:04","slug":"kiki-health-superfood-natures-living-supermaistas-sarminantys-mineralai-ir-vitaminai-150-gr-milteliai","status":"publish","type":"product","link":"https:\/\/findvit.com\/en\/produktas\/kiki-health-superfood-natures-living-supermaistas-sarminantys-mineralai-ir-vitaminai-150-gr-milteliai\/","title":{"rendered":"KIKI Health Superfood NATURE&#8217;S LIVING &#8211; Supermaistas visaver\u010diai mitybai &#8211; \u0161arminantys mineralai, vitaminai ir antioksidantai 150 gr. milteliai"},"content":{"rendered":"\t\t<div data-elementor-type=\"product-post\" data-elementor-id=\"1945\" class=\"elementor elementor-1945\" data-elementor-post-type=\"product\">\n\t\t\t\t\t\t<section class=\"elementor-section elementor-top-section elementor-element elementor-element-a8d6ca7 elementor-section-boxed elementor-section-height-default elementor-section-height-default\" data-id=\"a8d6ca7\" data-element_type=\"section\" data-e-type=\"section\">\n\t\t\t\t\t\t<div class=\"elementor-container elementor-column-gap-default\">\n\t\t\t\t\t<div class=\"elementor-column elementor-col-100 elementor-top-column elementor-element elementor-element-10aaa05\" data-id=\"10aaa05\" data-element_type=\"column\" data-e-type=\"column\">\n\t\t\t<div class=\"elementor-widget-wrap elementor-element-populated\">\n\t\t\t\t\t\t<div class=\"elementor-element elementor-element-b4933e1 elementor-absolute elementor-hidden-mobile elementor-invisible elementor-widget elementor-widget-image\" data-id=\"b4933e1\" data-element_type=\"widget\" data-e-type=\"widget\" data-settings=\"{&quot;motion_fx_motion_fx_scrolling&quot;:&quot;yes&quot;,&quot;motion_fx_rotateZ_effect&quot;:&quot;yes&quot;,&quot;motion_fx_rotateZ_speed&quot;:{&quot;unit&quot;:&quot;px&quot;,&quot;size&quot;:5,&quot;sizes&quot;:[]},&quot;motion_fx_range&quot;:&quot;viewport&quot;,&quot;_animation&quot;:&quot;fadeIn&quot;,&quot;_position&quot;:&quot;absolute&quot;,&quot;motion_fx_rotateZ_affectedRange&quot;:{&quot;unit&quot;:&quot;%&quot;,&quot;size&quot;:&quot;&quot;,&quot;sizes&quot;:{&quot;start&quot;:0,&quot;end&quot;:100}},&quot;motion_fx_devices&quot;:[&quot;desktop&quot;,&quot;tablet&quot;,&quot;mobile&quot;]}\" data-widget_type=\"image.default\">\n\t\t\t\t<div class=\"elementor-widget-container\">\n\t\t\t\t\t\t\t\t\t\t\t\t\t\t\t<img loading=\"lazy\" loading=\"lazy\" decoding=\"async\" width=\"200\" height=\"200\" src=\"https:\/\/findvit.com\/wp-content\/uploads\/2021\/09\/ratukas.svg\" class=\"attachment-full size-full wp-image-1777\" alt=\"Ratukas nuo klausimyno iki vitamino\" \/>\t\t\t\t\t\t\t\t\t\t\t\t\t\t\t<\/div>\n\t\t\t\t<\/div>\n\t\t\t\t\t<\/div>\n\t\t<\/div>\n\t\t\t\t\t<\/div>\n\t\t<\/section>\n\t\t\t\t<section class=\"elementor-section elementor-top-section elementor-element elementor-element-80fa34a elementor-section-boxed elementor-section-height-default elementor-section-height-default\" data-id=\"80fa34a\" data-element_type=\"section\" data-e-type=\"section\">\n\t\t\t\t\t\t<div class=\"elementor-container elementor-column-gap-no\">\n\t\t\t\t\t<div class=\"elementor-column elementor-col-50 elementor-top-column elementor-element elementor-element-4b27538\" data-id=\"4b27538\" data-element_type=\"column\" data-e-type=\"column\">\n\t\t\t<div class=\"elementor-widget-wrap elementor-element-populated\">\n\t\t\t\t\t\t<div class=\"elementor-element elementor-element-69614ed elementor-widget elementor-widget-heading\" data-id=\"69614ed\" data-element_type=\"widget\" data-e-type=\"widget\" data-widget_type=\"heading.default\">\n\t\t\t\t<div class=\"elementor-widget-container\">\n\t\t\t\t\t<h2 class=\"elementor-heading-title elementor-size-medium\">KIKI Health Nat\u016bralus supermaistas 150 g<\/h2>\t\t\t\t<\/div>\n\t\t\t\t<\/div>\n\t\t\t\t<div class=\"elementor-element elementor-element-bb51836 elementor-widget elementor-widget-text-editor\" data-id=\"bb51836\" data-element_type=\"widget\" data-e-type=\"widget\" data-widget_type=\"text-editor.default\">\n\t\t\t\t<div class=\"elementor-widget-container\">\n\t\t\t\t\t\t\t\t\t<p><span style=\"font-weight: 400;\">Supermaistas &#8211; toks maistas, kuriame yra daug <strong>maistini\u0173 med\u017eiag\u0173, vitamin\u0173 ir mineral\u0173,<\/strong> bet<strong> ma\u017eai kalorij\u0173.\u00a0 <\/strong><\/span><\/p><p><span style=\"font-weight: 400;\">\u0160is\u00a0 Supermaistas, tai ekologi\u0161kas mi\u0161inys i\u0161 <strong>32 \u0161alto spaudimo<\/strong> ingredient\u0173- nat\u016brali\u0173 vitamin\u0173 ir mineral\u0173 \u0161altinio. <\/span><\/p><p><span style=\"font-weight: 400;\">Dienos normoje- <strong>\u017eelmen\u0173 sultys, \u0161arminan\u010dios \u017ealiosios dar\u017eov\u0117s, j\u016bros dumbliai- Spirulina ir Chlorel\u0117.<\/strong> Su fermentais ir probiotikais. <\/span><\/p><p><span style=\"font-weight: 400;\">Vandenyje <strong>tirp\u016bs, \u0161velnaus skonio<\/strong> milteliai. \u0160<\/span><span style=\"font-weight: 400;\">iuolaikiniame pasaulyje kartais sud\u0117tinga suvartoti pakankamai maistini\u0173 med\u017eiag\u0173 turin\u010dio \u0161vie\u017eio maisto, vaisi\u0173 ar dar\u017eovi\u0173.<\/span><\/p><p><span style=\"font-weight: 400;\"> D\u0117l \u0161i\u0173 prie\u017ea\u0161\u010di\u0173 vis daugiau \u017emoni\u0173 pasaulyje ima vartoti supermaist\u0105.<\/span><\/p><p><span style=\"font-weight: 400;\"><strong>\u00a0Nature\u2019s Living Supermaistas<\/strong>\u00a0yra puikus <strong>priedas prie<\/strong> m\u0117gstamo<strong> kokteilio ar sul\u010di\u0173 <\/strong>j\u016bs\u0173 kasdienin\u0117je rutinoje.\u00a0<\/span><\/p><p><span style=\"font-weight: 400;\"> Puikiai <strong>tinka pabarstyti ant salot\u0173<\/strong> ar kit\u0173 patiekal\u0173. Tai itin<strong> smulk\u016bs, tirp\u016bs milteliai. <\/strong>Galima<strong> i\u0161tirpinti sultyse, vandenyje ar pam\u0117gtame kokteilyje.<\/strong><\/span><\/p><p>Sukurtas patenkinti kiekvieno kasdienius mitybos poreikius, nes yra gaminamas tik i\u0161 augalines kilm\u0117s, nat\u016brali\u0173 produkt\u0173 praturtint\u0173<strong> probiotikais ir fermentais.<\/strong><\/p><p><span style=\"font-weight: 400;\">Visi ingredientai yra kruop\u0161\u010diai atrinkti ir <strong>subalansuoti.<\/strong><\/span><\/p><p><strong>Pagrindin\u0117s veikliosios med\u017eiagos:<\/strong><\/p><p>Supermaistas yra sudarytas i\u0161 \u0161i\u0173 ingredient\u0173:<\/p><ul><li><strong>Spirulina<\/strong> &#8211; melsvasis dumblis, turintis daug baltym\u0173, gele\u017eies, kalcio, magnio ir B grup\u0117s vitamin\u0173.<\/li><li><strong>Chlorella<\/strong> &#8211; \u017ealiasis dumblis, turintis daug chlorofilo, beta karotino, vitamino C ir E.\u00a0<\/li><li><strong>Lucuma<\/strong> &#8211; Peru vaisius, turintis daug skaidul\u0173, kalio, cinko ir vitamino B3.\u00a0<\/li><li><strong>Acai<\/strong> &#8211; Brazilijos uogos, turin\u010dios daug antioksidant\u0173, omega-3 riebal\u0173 r\u016bg\u0161\u010di\u0173 ir antocianin\u0173.\u00a0<\/li><li><strong>Acerola<\/strong> &#8211; Karib\u0173 vaisius, turintis daug vitamino C ir bioflavonoid\u0173.\u00a0<\/li><li><strong>Baobab<\/strong> &#8211; Afrikos med\u017eio vaisius, turintis daug skaidul\u0173, kalcio, kalio ir vitamino C.\u00a0<\/li><li><strong>Camu camu<\/strong> &#8211; Amazon\u0117s vaisius, turintis daug vitamino C ir antocianin\u0173.\u00a0<\/li><li><strong>Wheatgrass<\/strong> &#8211; kvie\u010di\u0173 \u017eol\u0117s sultys, turin\u010dios daug chlorofilo, amino r\u016bg\u0161\u010di\u0173 ir ferment\u0173.\u00a0<\/li><li><strong>Barleygrass<\/strong> &#8211; mie\u017ei\u0173 \u017eol\u0117s sultys, turin\u010dios daug chlorofilo, beta karotino ir vitamino K.\u00a0<\/li><\/ul><p>Ir tai dar daugiau nuostabi\u0173 sudedam\u0173j\u0173 med\u017eiag\u0173 Jums.<\/p><p><span style=\"font-weight: 400;\">Tyrimai parod\u0117, kad <strong>supermaisto produktai,<\/strong> turintys daug antioksidant\u0173 ir flavonoid\u0173 yra labai naudingi.<\/span><\/p><p><span style=\"font-weight: 400;\"> Jose esan\u010dios maistin\u0117s yra nuostabios.<\/span><\/p><ul><li>\u00a0<\/li><\/ul><p>Be druskos, cukraus, mieli\u0173, <strong>dirbtini\u0173 da\u017eikli\u0173, konservant\u0173, chemini\u0173 tirpikli\u0173, dirbtini\u0173 pried\u0173<\/strong> ar bet koki\u0173 u\u017epild\u0173.<br \/>Tinka vegetarams ir veganams. Nat\u016bralus sveikatos papildas <strong>be glitimo ir kvie\u010di\u0173. Be GMO, be toksin\u0173, be chemikal\u0173.<\/strong> Tamsaus stiklo pakuot\u0117je. U\u017etenka iki <strong>60 dien\u0173<\/strong>.<\/p><p>I\u0161bandyk nemokam\u0105 test\u0105 <strong>&#8222;Tavo diena<\/strong>, su\u017einok\u00a0 organizmo poreikius ir gauk <strong>asmenin\u0119<\/strong> rekomendacij\u0105!<\/p><p><strong>Gamintojas KIKI HEALTH<\/strong> yra novatori\u0161ka kompanija, kurianti tik sveikus produktus gro\u017eiui puosel\u0117ti ir organizmui stiprinti. Jie tiki, kad tik <strong>patys gryniausi ingredientai turi pat\u012f efektyviausi\u0105 poveik\u012f<\/strong>.<\/p><p>Visi ingredientai, \u012feinantys \u012f produkt\u0173 sud\u0117t\u012f, yra kruop\u0161\u010diai parinkti ir eti\u0161kai apdoroti, siekiant i\u0161saugoti ir maksimaliai padidinti efektyvum\u0105 ir naud\u0105, taip pat u\u017etikrinant ir nepriekai\u0161ting\u0105 biologin\u012f \u012fsisavinim\u0105.<\/p><p><iframe loading=\"lazy\" title=\"Total Body Cleanse  with KIKI Health&#039;s Nature&#039;s Living Superfood\" width=\"1170\" height=\"658\" src=\"https:\/\/www.youtube.com\/embed\/FXXbtfEYkFg?start=3&feature=oembed&enablejsapi=1&origin=https:\/\/findvit.com\" frameborder=\"0\" allow=\"accelerometer; autoplay; clipboard-write; encrypted-media; gyroscope; picture-in-picture; web-share\" referrerpolicy=\"strict-origin-when-cross-origin\" allowfullscreen><\/iframe><\/p><p><span lang=\"lt\"><strong>KIKI HEALTH pa\u017eadas<\/strong><br \/><\/span><\/p><ul><li><span lang=\"lt\">Auk\u0161\u010diausios kokyb\u0117s augaliniai organiniai ingredientai<\/span><\/li><li><span lang=\"lt\">Etika, vientisumas ir grynumas gamybos procese<\/span><\/li><li><span lang=\"lt\">Sertifikuoti organiniai ar i\u0161 laukin\u0117s gamtos ingredientai<\/span><\/li><li><span lang=\"lt\">Joki\u0173 kompromis\u0173 d\u0117l sintetini\u0173 pried\u0173, ri\u0161ikli\u0173, u\u017epild\u0173 ar kit\u0173 kenksming\u0173 med\u017eiag\u0173.<\/span><\/li><li><span lang=\"lt\">Be GMO, glitimo, kvie\u010di\u0173.<br \/><\/span><\/li><\/ul><div>Jei nesi tikra\/s kurie dar\u00a0 vitaminai ar kiti papildai\u00a0<strong>tinkamiausi \u0161iuo metu<\/strong>, atlik test\u0105\u00a0<a style=\"background-color: #ffffff; color: #25bf4e;\" href=\"https:\/\/findvit.com\/testas\/\"><strong>\u201cTavo diena\u201d<\/strong><\/a>\u00a0ir atrask sau tinkamiausius papildus.<\/div><p id=\"tw-target-text\" class=\"tw-data-text tw-text-large XcVN5d tw-ta\" dir=\"ltr\" data-placeholder=\"Translation\">\u00a0<\/p>\t\t\t\t\t\t\t\t<\/div>\n\t\t\t\t<\/div>\n\t\t\t\t\t<\/div>\n\t\t<\/div>\n\t\t\t\t<div class=\"elementor-column elementor-col-50 elementor-top-column elementor-element elementor-element-ff0fe06\" data-id=\"ff0fe06\" data-element_type=\"column\" data-e-type=\"column\">\n\t\t\t<div class=\"elementor-widget-wrap elementor-element-populated\">\n\t\t\t\t\t\t<div class=\"elementor-element elementor-element-0b5bb57 elementor-widget elementor-widget-image\" data-id=\"0b5bb57\" data-element_type=\"widget\" data-e-type=\"widget\" data-widget_type=\"image.default\">\n\t\t\t\t<div class=\"elementor-widget-container\">\n\t\t\t\t\t\t\t\t\t\t\t\t\t\t\t<img loading=\"lazy\" loading=\"lazy\" decoding=\"async\" width=\"900\" height=\"900\" src=\"https:\/\/findvit.com\/wp-content\/uploads\/2021\/10\/Ko-2-900x900.jpg\" class=\"attachment-large size-large wp-image-2450\" alt=\"sveikai besimaitinanti moteris koliazas\" srcset=\"https:\/\/findvit.com\/wp-content\/uploads\/2021\/10\/Ko-2-900x900.jpg 900w, https:\/\/findvit.com\/wp-content\/uploads\/2021\/10\/Ko-2-600x600.jpg 600w, https:\/\/findvit.com\/wp-content\/uploads\/2021\/10\/Ko-2-150x150.jpg 150w, https:\/\/findvit.com\/wp-content\/uploads\/2021\/10\/Ko-2-768x768.jpg 768w, https:\/\/findvit.com\/wp-content\/uploads\/2021\/10\/Ko-2-1x1.jpg 1w, https:\/\/findvit.com\/wp-content\/uploads\/2021\/10\/Ko-2-10x10.jpg 10w, https:\/\/findvit.com\/wp-content\/uploads\/2021\/10\/Ko-2-100x100.jpg 100w, https:\/\/findvit.com\/wp-content\/uploads\/2021\/10\/Ko-2.jpg 1000w\" sizes=\"auto, (max-width: 900px) 100vw, 900px\" \/>\t\t\t\t\t\t\t\t\t\t\t\t\t\t\t<\/div>\n\t\t\t\t<\/div>\n\t\t\t\t\t<\/div>\n\t\t<\/div>\n\t\t\t\t\t<\/div>\n\t\t<\/section>\n\t\t\t\t<\/div>\n\t\t","protected":false},"excerpt":{"rendered":"<p>The superfood is rich in alkalizing minerals and vitamins and antioxidants that ensure a healthy pH balance and protect the body from aging. Superfoods are extracted from 32 names of fruits, berries, vegetables and herbs. Freshness and naturalness are maintained to the maximum by RAW cold processing. There is a lot of valuable seaweed - spirulina, chlorella, sea vegetables (kelp). Along with enzymes and probiotics. The main function of Kiki Health Superfood is to supplement the daily diet with valuable alkalizing minerals and vitamins that help maintain a healthy pH, provide energy, improve cognitive functions and digestion, and help maintain weight control. 100 percent Organic. Organic EU certificate. Soft soluble powder. Protective dark glass packaging.<\/p>\n<p>&nbsp;<\/p>","protected":false},"featured_media":23294,"comment_status":"open","ping_status":"closed","template":"","meta":{"_acf_changed":false,"inline_featured_image":false},"etheme_brands":[{"term_id":28,"name":"Kiki Health","slug":"kiki-health","term_group":0,"term_taxonomy_id":28,"taxonomy":"brand","description":"<h2><a href=\"https:\/\/kiki-health.com\/about-us\/\" target=\"_blank\" rel=\"noopener\"><strong>KIKI Health<\/strong><\/a><\/h2>\r\nKIKI yra prek\u0117s \u017eenklas, kuriantis novatori\u0161kus maisto papildus.\r\n\r\nKIKI yra pripa\u017eintas ir gerbiamas, kaip sveikos gyvensenos produkt\u0173 ir individualumo bei meistri\u0161kumo standartas.\r\n\r\nKIKI gim\u0117 i\u0161 noro skatinti optimali\u0105 sveikat\u0105 ir gerov\u0119, m\u016bs\u0173 tikslas ir aistra yra \u012fsigyti auk\u0161\u010diausios kokyb\u0117s, grynumo produktus i\u0161 viso pasaulio, kurie pad\u0117t\u0173 gro\u017eiui ir sveikatai.\r\n\r\nNuo pat prad\u017ei\u0173 ir iki \u0161iol KIKI Health niekada nedaro kompromis\u0173 ir nededa pried\u0173 bei naudoja prastesni\u0173 ingredient\u0173 - tik nat\u016bralios 100% veikliosios med\u017eiagos.\r\n\r\nhttps:\/\/youtu.be\/irT0ZUOzBac?t=45\r\n<h3><strong>Nat\u016braliai turtingi <\/strong><strong>vitaminais, mineralais ir b\u016btinomis\u00a0 veikliosiomis med\u017eiagomis<\/strong><\/h3>\r\nDaugelis \"KIKI Health\" produkt\u0173 turintys augalini\u0173 ir maistini\u0173 med\u017eiag\u0173\u00a0 yra sertifikuoti, kaip ekologi\u0161ki.\r\n\r\nI\u0161naudodami stiprias augalin\u0117s kilm\u0117s, nat\u016brali\u0173 ingredient\u0173 galias, kupinas esmini\u0173 augal\u0173 veikli\u0173j\u0173 med\u017eiag\u0173, vitamin\u0173 ir mineral\u0173, kad suteikt\u0173 smegenims, odai ir k\u016bnui neprilygstam\u0105 pagalb\u0105.\r\n\r\nKIKI Health tikslas yra u\u017etikrinti, kad mi\u0161iniuose neb\u016bt\u0173 sintetikos, konservant\u0173, u\u017epild\u0173 ir ri\u0161ikli\u0173, u\u017etikrinant, kad ir toliau gamint\u0173 veiksmingus, \u0161varius ir saugius papildus.\r\n\r\nPagaminta Jungtin\u0117je Karalyst\u0117je i\u0161 \u0161vari\u0173 ir tvari\u0173 ingredient\u0173.\r\n<h3><strong>Atsakingumas<\/strong><\/h3>\r\nU\u017etikrindami, kad produktai b\u016bt\u0173 atsakingai u\u017eauginti, ne tik r\u016bpinamasi aplinka, bet ir garantuojama produkto kokyb\u0119. KIKI Healt specialistai keliauja po pasaul\u012f ie\u0161kodami ekologi\u0161k\u0173, eti\u0161kai gaut\u0173 ingredient\u0173, pasi\u017eymin\u010di\u0173 geresne maistine verte, kartu pad\u0117dami vietos bendruomen\u0117ms klest\u0117ti. Maisto gamybos b\u016bdas yra labai svarbus daugeliui vartotoj\u0173, ir tai kelia susir\u016bpinim\u0105, kur\u012f mes dalijam\u0117s.\r\n<h3><strong>Minimalus apdorojimas<\/strong><\/h3>\r\nNor\u0117dami pasiekti optimal\u0173 biologin\u012f prieinamum\u0105, stengiamasi, kad ingredientai b\u016bt\u0173 kuo ar\u010diau j\u0173 nat\u016bralios b\u016bkl\u0117s. Laikomasi minimalaus perdirbimo ir kontroliuojama temperat\u016bros, i\u0161kart po derliaus nu\u0117mimo, kad b\u016bt\u0173 i\u0161laikoma visa nauda sveikatai ir gyvybi\u0161kai svarbios maistin\u0117s med\u017eiagos.\r\n\r\n<strong>Produktuose n\u0117ra<\/strong>: sintetikos, dirbtini\u0173 da\u017eikli\u0173 ir kvapi\u0173j\u0173 med\u017eiag\u0173, u\u017epild\u0173, ri\u0161ikli\u0173, dengimo med\u017eiag\u0173, lipnum\u0105 reguliuojan\u010di\u0173 med\u017eiag\u0173, cukr\u0173, glitimo, GMO, laktoz\u0117s, konservant\u0173, pagalbini\u0173 med\u017eiag\u0173.\r\n\r\nVisi ingredientai ir galutiniai produktai yra reguliariai tikrinami tre\u010diosios \u0161alies laboratorijoje. U\u017etikrinama, kad kiekviena partija b\u016bt\u0173 i\u0161bandyta d\u0117l sunki\u0173j\u0173 metal\u0173, mikroorganizm\u0173 ir pesticid\u0173 laikantis grie\u017et\u0173 kokyb\u0117s kontrol\u0117s s\u0105lyg\u0173, o rezultatai atitikt\u0173 ES ir JK ribinius reglamentus, \u012fskaitant ekologinio \u016bkininkavimo standartus.","parent":0,"count":28,"filter":"raw"}],"product_brand":[],"product_cat":[646,15],"product_tag":[660],"class_list":{"0":"post-1945","1":"product","2":"type-product","3":"status-publish","4":"has-post-thumbnail","6":"brand-kiki-health","7":"product_cat-papildai-moterims","8":"product_cat-produktai","9":"product_tag-esminiai-vitaminai-moterims","11":"first","12":"instock","13":"sale","14":"taxable","15":"shipping-taxable","16":"purchasable","17":"product-type-simple"},"acf":[],"_links":{"self":[{"href":"https:\/\/findvit.com\/en\/wp-json\/wp\/v2\/product\/1945","targetHints":{"allow":["GET"]}}],"collection":[{"href":"https:\/\/findvit.com\/en\/wp-json\/wp\/v2\/product"}],"about":[{"href":"https:\/\/findvit.com\/en\/wp-json\/wp\/v2\/types\/product"}],"replies":[{"embeddable":true,"href":"https:\/\/findvit.com\/en\/wp-json\/wp\/v2\/comments?post=1945"}],"version-history":[{"count":22,"href":"https:\/\/findvit.com\/en\/wp-json\/wp\/v2\/product\/1945\/revisions"}],"predecessor-version":[{"id":21250,"href":"https:\/\/findvit.com\/en\/wp-json\/wp\/v2\/product\/1945\/revisions\/21250"}],"wp:featuredmedia":[{"embeddable":true,"href":"https:\/\/findvit.com\/en\/wp-json\/wp\/v2\/media\/23294"}],"wp:attachment":[{"href":"https:\/\/findvit.com\/en\/wp-json\/wp\/v2\/media?parent=1945"}],"wp:term":[{"taxonomy":"brand","embeddable":true,"href":"https:\/\/findvit.com\/en\/wp-json\/wp\/v2\/etheme_brands?post=1945"},{"taxonomy":"product_brand","embeddable":true,"href":"https:\/\/findvit.com\/en\/wp-json\/wp\/v2\/product_brand?post=1945"},{"taxonomy":"product_cat","embeddable":true,"href":"https:\/\/findvit.com\/en\/wp-json\/wp\/v2\/product_cat?post=1945"},{"taxonomy":"product_tag","embeddable":true,"href":"https:\/\/findvit.com\/en\/wp-json\/wp\/v2\/product_tag?post=1945"}],"curies":[{"name":"wp","href":"https:\/\/api.w.org\/{rel}","templated":true}]}}