{"id":21387,"date":"2025-03-13T12:31:58","date_gmt":"2025-03-13T10:31:58","guid":{"rendered":"https:\/\/findvit.com\/?post_type=product&#038;p=21387"},"modified":"2026-03-02T16:30:22","modified_gmt":"2026-03-02T14:30:22","slug":"r1-womens-active-vitaminai-moterims-kompleksas-energijai-ir-hormonams-60-tableciu","status":"publish","type":"product","link":"https:\/\/findvit.com\/en\/produktas\/r1-womens-active-vitaminai-moterims-kompleksas-energijai-ir-hormonams-60-tableciu\/","title":{"rendered":"R1 Women&#8217;s active Vitaminai Moterims &#8211; hormoninei sistemai ir energijai, 60 table\u010di\u0173"},"content":{"rendered":"<div data-elementor-type=\"product-post\" data-elementor-id=\"21387\" class=\"elementor elementor-21387\" data-elementor-post-type=\"product\">\n\t\t\t\t\t\t<section class=\"elementor-section elementor-top-section elementor-element elementor-element-cf383a7 elementor-section-boxed elementor-section-height-default elementor-section-height-default\" data-id=\"cf383a7\" data-element_type=\"section\">\n\t\t\t\t\t\t<div class=\"elementor-container elementor-column-gap-default\">\n\t\t\t\t\t<div class=\"elementor-column elementor-col-100 elementor-top-column elementor-element elementor-element-01fee3c\" data-id=\"01fee3c\" data-element_type=\"column\">\n\t\t\t<div class=\"elementor-widget-wrap elementor-element-populated\">\n\t\t\t\t\t\t<div class=\"elementor-element elementor-element-31a961f elementor-absolute elementor-hidden-mobile elementor-invisible elementor-widget elementor-widget-image\" data-id=\"31a961f\" data-element_type=\"widget\" data-settings=\"{&quot;motion_fx_motion_fx_scrolling&quot;:&quot;yes&quot;,&quot;motion_fx_rotateZ_effect&quot;:&quot;yes&quot;,&quot;motion_fx_rotateZ_speed&quot;:{&quot;unit&quot;:&quot;px&quot;,&quot;size&quot;:5,&quot;sizes&quot;:[]},&quot;motion_fx_range&quot;:&quot;viewport&quot;,&quot;_animation&quot;:&quot;fadeIn&quot;,&quot;_position&quot;:&quot;absolute&quot;,&quot;motion_fx_rotateZ_affectedRange&quot;:{&quot;unit&quot;:&quot;%&quot;,&quot;size&quot;:&quot;&quot;,&quot;sizes&quot;:{&quot;start&quot;:0,&quot;end&quot;:100}},&quot;motion_fx_devices&quot;:[&quot;desktop&quot;,&quot;tablet&quot;,&quot;mobile&quot;]}\" data-widget_type=\"image.default\">\n\t\t\t\t<div class=\"elementor-widget-container\">\n\t\t\t\t\t\t\t\t\t\t\t\t\t\t\t<img loading=\"lazy\" decoding=\"async\" width=\"200\" height=\"200\" src=\"https:\/\/findvit.com\/wp-content\/uploads\/2021\/09\/ratukas.svg\" class=\"attachment-full size-full wp-image-1777\" alt=\"Wheel from questionnaire to vitamin\" \/>\t\t\t\t\t\t\t\t\t\t\t\t\t\t\t<\/div>\n\t\t\t\t<\/div>\n\t\t\t\t\t<\/div>\n\t\t<\/div>\n\t\t\t\t\t<\/div>\n\t\t<\/section>\n\t\t\t\t<section class=\"elementor-section elementor-top-section elementor-element elementor-element-4429778 elementor-section-boxed elementor-section-height-default elementor-section-height-default\" data-id=\"4429778\" data-element_type=\"section\">\n\t\t\t\t\t\t<div class=\"elementor-container elementor-column-gap-no\">\n\t\t\t\t\t<div class=\"elementor-column elementor-col-50 elementor-top-column elementor-element elementor-element-e6ad1e2\" data-id=\"e6ad1e2\" data-element_type=\"column\">\n\t\t\t<div class=\"elementor-widget-wrap elementor-element-populated\">\n\t\t\t\t\t\t<div class=\"elementor-element elementor-element-08402b5 elementor-widget elementor-widget-heading\" data-id=\"08402b5\" data-element_type=\"widget\" data-widget_type=\"heading.default\">\n\t\t\t\t<div class=\"elementor-widget-container\">\n\t\t\t\t\t<h2 class=\"elementor-heading-title elementor-size-default\">R1 Women's active Vitaminai Moterims- supermaistas su probiotikais<\/h2>\t\t\t\t<\/div>\n\t\t\t\t<\/div>\n\t\t\t\t<div class=\"elementor-element elementor-element-4a02cf4 elementor-widget elementor-widget-text-editor\" data-id=\"4a02cf4\" data-element_type=\"widget\" data-widget_type=\"text-editor.default\">\n\t\t\t\t<div class=\"elementor-widget-container\">\n\t\t\t\t\t\t\t\t\t<p>\u00a0R1 Women&#8217;s Active lifestyle &#8211; specialist\u0173\u00a0 subalansuotos\u00a0 veikliosios med\u017eiagos stiprintan\u010dios moter\u012f ir suteikian\u010dios pasitik\u0117jimo.<\/p><h3><strong>Kod\u0117l R1 Women&#8217;s Active Lifestyle Supermaistas?<\/strong><\/h3><ul><li><p><strong>Subalansuoti b\u016btent moterims vitamin\u0173 kompleksas<\/strong>: Unikalioje formul\u0117je\u00a0 svarbiausi vitaminai moter\u0173\u00a0 savijautai.<\/p><\/li><li><p><strong>Minerals<\/strong>:\u00a0 kalcis, magnis, cinkas ir gele\u017eis- padeda palaikyti stiprius kaulus, sveik\u0105 imunin\u0119 sistem\u0105 ir optimali\u0105 energijos gamyb\u0105.<\/p><\/li><li><p><strong>Natural Extracts:<\/strong><\/p><ul><li>Dong Quai Root Powder, Chaste Tree Fruit Extract, Cranberry Fruit Powder \u2013 <strong>Supports hormonal balance and women&#039;s health. <\/strong><\/li><li>\u00a0ka\u0161tono s\u0117kl\u0173 ekstraktas, \u0161luotel\u0117s \u0161akn\u0173 ekstraktas \u2013 <b>Supports blood circulation and reduces leg heaviness.<\/b><\/li><\/ul><p><strong>Antioxidants:<\/strong><\/p><ul><li>Alpha Lipoic Acid, Grape Seed Extract, Lutein, Zeaxanthin - <b>Helps protect cells from damage and supports eye health.<\/b><\/li><\/ul><\/li><\/ul><ul class=\"m-0 py-1 pl-4 pr-0 list-disc\"><li><strong>No calories<\/strong><\/li><li><strong>No sugar<\/strong><\/li><li><strong>No banned substances<\/strong><\/li><\/ul><h4><strong>Early morning<\/strong><\/h4><p>Ryt\u0105 j\u016bs\u0173 k\u016bnas reikalauja maisting\u0173j\u0173 med\u017eiag\u0173, kad prad\u0117tum\u0117te dien\u0105 energingai. R1 Women&#8217;s active lifestyle vitaminas B12, gele\u017eis ir folio r\u016bg\u0161tis, padeda kovoti su nuovargiu ir palaiko j\u016bs\u0173 energijos lyg\u012f.<\/p><h4><strong>Midday energy<\/strong><\/h4><p>Vidurdien\u012f da\u017enai pradedame jausti nuovarg\u012f, ta\u010diau \u0161ie vitaminai padeda i\u0161laikyti auk\u0161t\u0105 energijos lyg\u012f vis\u0105 dien\u0105. Vitaminas C ir cinkas stiprina imunin\u0119 sistem\u0105, o vitaminai B6 ir niacinas u\u017etikrina nuolatin\u012f energijos tiekim\u0105.<\/p><h4><strong>Afternoon recovery<\/strong><\/h4><p>In the afternoon, we often feel tired and have a reduced level of attention. Magnesium and calcium help maintain healthy bones and muscles, allowing you to stay active and alert.<\/p><h4><strong>Evening calm<\/strong><\/h4><p>When the evening comes, your body needs to relax and recover. Inositol and soy isoflavones help reduce stress and improve sleep, giving you a sense of calm and relaxation before bed.<\/p><h3><strong>Pagrindiniai vitaminai ir mineralai:<\/strong><\/h3><ul><li><p><strong>Vitamin A (Retinyl Acetate)<\/strong>: 1000 mcg - Helps support healthy skin, eyes and immune system.<\/p><\/li><li><p><strong>Vitamin C (Ascorbic Acid)<\/strong>: 300 mg \u2013 A powerful antioxidant that helps fight free radicals and support the immune system.<\/p><\/li><li><p><strong>Vitamin D (Cholecalciferol)<\/strong>: 40 mcg \u2013 Important for bone health and calcium absorption.<\/p><\/li><li><p><strong>Vitamin E (D-Alpha Tocopheryl Succinate)<\/strong>: 100 mg \u2013 Protects cells from oxidative stress.<\/p><\/li><li><p><strong>Vitamin K (Phytonadione)<\/strong>: 120 mcg \u2013 Important for blood clotting and bone health.<\/p><\/li><li><p><strong>Group B Vitamins (B1, B2, B6, B12, Niacinamide, Pantothenic Acid, Folate)<\/strong>: Helps support energy levels, nervous system and red blood cell production.<\/p><\/li><li><p><strong>Minerals<\/strong>:<\/p><ul><li><strong>Calcium (Calcium Carbonate)<\/strong>: 150 mg \u2013 Supports strong bones and teeth.<\/li><li><strong>Iron (Ferrous Fumarate)<\/strong>: 18 mg \u2013 Helps fight fatigue.<\/li><li><strong>Zinc (Zinc Oxide)<\/strong>: 15 mg \u2013 Supports a healthy immune system.<\/li><li><strong>Manganese, Selenium, Copper<\/strong> and <strong>Molybdenum<\/strong> - Each has unique benefits for your health.<\/li><\/ul><\/li><\/ul>\t\t\t\t\t\t\t\t<\/div>\n\t\t\t\t<\/div>\n\t\t\t\t\t<\/div>\n\t\t<\/div>\n\t\t\t\t<div class=\"elementor-column elementor-col-50 elementor-top-column elementor-element elementor-element-b79009e\" data-id=\"b79009e\" data-element_type=\"column\">\n\t\t\t<div class=\"elementor-widget-wrap elementor-element-populated\">\n\t\t\t\t\t\t<div class=\"elementor-element elementor-element-5a38e94 elementor-widget elementor-widget-image\" data-id=\"5a38e94\" data-element_type=\"widget\" data-widget_type=\"image.default\">\n\t\t\t\t<div class=\"elementor-widget-container\">\n\t\t\t\t\t\t\t\t\t\t\t\t\t\t\t<img loading=\"lazy\" decoding=\"async\" width=\"900\" height=\"720\" src=\"https:\/\/findvit.com\/wp-content\/uploads\/2025\/03\/Womens-active2-900x720.png\" class=\"attachment-large size-large wp-image-21452\" alt=\"\" srcset=\"https:\/\/findvit.com\/wp-content\/uploads\/2025\/03\/Womens-active2-900x720.png 900w, https:\/\/findvit.com\/wp-content\/uploads\/2025\/03\/Womens-active2-600x480.png 600w, https:\/\/findvit.com\/wp-content\/uploads\/2025\/03\/Womens-active2-768x614.png 768w, https:\/\/findvit.com\/wp-content\/uploads\/2025\/03\/Womens-active2-15x12.png 15w, https:\/\/findvit.com\/wp-content\/uploads\/2025\/03\/Womens-active2-1x1.png 1w, https:\/\/findvit.com\/wp-content\/uploads\/2025\/03\/Womens-active2-10x8.png 10w, https:\/\/findvit.com\/wp-content\/uploads\/2025\/03\/Womens-active2.png 1000w\" sizes=\"auto, (max-width: 900px) 100vw, 900px\">\t\t\t\t\t\t\t\t\t\t\t\t\t\t\t<\/div>\n\t\t\t\t<\/div>\n\t\t\t\t\t<\/div>\n\t\t<\/div>\n\t\t\t\t\t<\/div>\n\t\t<\/section>\n\t\t\t\t<\/div>","protected":false},"excerpt":{"rendered":"<p>R1 Women&#8217;s Multi vitaminai Active Lifestyle \u2013 specialist\u0173 suk\u016brtas pilnaverti\u0161kas kompleksas moteriai. Daug dirban\u010diai, sportuojan\u010diai ir aktyviai moteriai labai svarbu u\u017etikrinti j\u0105 balansuojan\u010di\u0173 maistini\u0173 med\u017eiag\u0173 poreik\u012f. Jame 25 svarbiausi vitaminai, mineralai, elektrolitai.\u00a0 40\u00a0 aktyvi\u0173 med\u017eiag\u0173, antioksidant\u0173, augalini\u0173 adaptogen\u0173, botanini\u0173 ekstrakt\u0173. <b>Viskas ko reikia Moters balansui ir aktyviam gyenimo b\u016bdui!<\/b><\/p>","protected":false},"featured_media":23330,"comment_status":"open","ping_status":"closed","template":"","meta":{"_acf_changed":false,"inline_featured_image":false},"etheme_brands":[{"term_id":647,"name":"Rule One","slug":"rule-one","term_group":0,"term_taxonomy_id":647,"taxonomy":"brand","description":"","parent":0,"count":3,"filter":"raw"}],"product_brand":[],"product_cat":[646,651,124],"product_tag":[659],"class_list":{"0":"post-21387","1":"product","2":"type-product","3":"status-publish","4":"has-post-thumbnail","6":"brand-rule-one","7":"product_cat-papildai-moterims","8":"product_cat-vitaminai-ir-papildai-ziemai","9":"product_cat-siamsezonui","10":"product_tag-istvermei-groziui-is-vidaus-moterims","12":"first","13":"instock","14":"sale","15":"featured","16":"taxable","17":"shipping-taxable","18":"purchasable","19":"product-type-simple"},"acf":[],"_links":{"self":[{"href":"https:\/\/findvit.com\/en\/wp-json\/wp\/v2\/product\/21387","targetHints":{"allow":["GET"]}}],"collection":[{"href":"https:\/\/findvit.com\/en\/wp-json\/wp\/v2\/product"}],"about":[{"href":"https:\/\/findvit.com\/en\/wp-json\/wp\/v2\/types\/product"}],"replies":[{"embeddable":true,"href":"https:\/\/findvit.com\/en\/wp-json\/wp\/v2\/comments?post=21387"}],"version-history":[{"count":21,"href":"https:\/\/findvit.com\/en\/wp-json\/wp\/v2\/product\/21387\/revisions"}],"predecessor-version":[{"id":22465,"href":"https:\/\/findvit.com\/en\/wp-json\/wp\/v2\/product\/21387\/revisions\/22465"}],"wp:featuredmedia":[{"embeddable":true,"href":"https:\/\/findvit.com\/en\/wp-json\/wp\/v2\/media\/23330"}],"wp:attachment":[{"href":"https:\/\/findvit.com\/en\/wp-json\/wp\/v2\/media?parent=21387"}],"wp:term":[{"taxonomy":"brand","embeddable":true,"href":"https:\/\/findvit.com\/en\/wp-json\/wp\/v2\/etheme_brands?post=21387"},{"taxonomy":"product_brand","embeddable":true,"href":"https:\/\/findvit.com\/en\/wp-json\/wp\/v2\/product_brand?post=21387"},{"taxonomy":"product_cat","embeddable":true,"href":"https:\/\/findvit.com\/en\/wp-json\/wp\/v2\/product_cat?post=21387"},{"taxonomy":"product_tag","embeddable":true,"href":"https:\/\/findvit.com\/en\/wp-json\/wp\/v2\/product_tag?post=21387"}],"curies":[{"name":"wp","href":"https:\/\/api.w.org\/{rel}","templated":true}]}}