{"id":23235,"date":"2026-02-18T13:50:32","date_gmt":"2026-02-18T11:50:32","guid":{"rendered":"https:\/\/findvit.com\/?post_type=product&#038;p=23235"},"modified":"2026-02-27T16:04:06","modified_gmt":"2026-02-27T14:04:06","slug":"menopause-complex-papildai-moterims-hormoninei-sistemai-ir-menopauzei-60-kapsuliu","status":"publish","type":"product","link":"https:\/\/findvit.com\/en\/produktas\/menopause-complex-papildai-moterims-hormoninei-sistemai-ir-menopauzei-60-kapsuliu\/","title":{"rendered":"Menopause complex -papildai moterims hormoninei sistemai ir menopauzei, 60 kapsuli\u0173"},"content":{"rendered":"<div data-elementor-type=\"product-post\" data-elementor-id=\"23235\" class=\"elementor elementor-23235\" data-elementor-post-type=\"product\">\n\t\t\t\t\t\t<section class=\"elementor-section elementor-top-section elementor-element elementor-element-4429778 elementor-section-boxed elementor-section-height-default elementor-section-height-default\" data-id=\"4429778\" data-element_type=\"section\">\n\t\t\t\t\t\t<div class=\"elementor-container elementor-column-gap-no\">\n\t\t\t\t\t<div class=\"elementor-column elementor-col-50 elementor-top-column elementor-element elementor-element-e6ad1e2\" data-id=\"e6ad1e2\" data-element_type=\"column\">\n\t\t\t<div class=\"elementor-widget-wrap elementor-element-populated\">\n\t\t\t\t\t\t<div class=\"elementor-element elementor-element-4a02cf4 elementor-widget elementor-widget-text-editor\" data-id=\"4a02cf4\" data-element_type=\"widget\" data-widget_type=\"text-editor.default\">\n\t\t\t\t<div class=\"elementor-widget-container\">\n\t\t\t\t\t\t\t\t\t<p data-start=\"220\" data-end=\"517\">Menopauz\u0117 \u2013 nat\u016bralus\u00a0 etapas moters gyvenime, kuris gali vykti skland\u017eiai ir ramiai ar atne\u0161ti ir i\u0161\u0161\u016bki\u0173: energijos tr\u016bkum\u0105, miego sutrikimus, nuotaik\u0173 kait\u0105 ar kar\u0161\u010dio bangas.<\/p><p data-start=\"220\" data-end=\"517\"><strong>Specialist\u0173 rekomendacijos vartojimui:<\/strong><\/p><ol><li><strong>Nuoseklumas:<\/strong> Augaliniai ekstraktai, \u00a0a\u0161vaganda, mi\u0161kin\u0117 pok\u0161ten\u0117, turi kaupiam\u0105j\u012f poveik\u012f. Poky\u010diai da\u017eniausiai i\u0161ry\u0161k\u0117ja po <strong>2\u20134 savai\u010di\u0173<\/strong> kasdienio vartojimo.<\/li><li><strong>Vartojimo laikas:<\/strong> Rekomenduojama gerti <strong>2 kapsules per dien\u0105<\/strong> valgio metu. Tai padeda geriau pasisavinti riebaluose tirpius vitaminus (D3, K2) ir apsaugo jautr\u0173 skrand\u012f.<\/li><li><strong>Sinergija su gyvenimo b\u016bdu:<\/strong> Specialistai pabr\u0117\u017eia, kad papildas veikia geriausiai, kai kartu taikoma vidutinio intensyvumo fizin\u0117 veikla (svarbu kaulams) ir streso valdymo praktikos.<\/li><\/ol><p>Vartojant kasdien, padid\u0117ja darbingumas ir ger\u0117ja nuotaika. Moteris jau\u010diasi labiau atsipalaidavusi bei\u00a0 pasitikinti savimi. Specialistai pabr\u0117\u017eia, kad \u0161ie papildai moterims yra b\u016btini norint praturtinti organizm\u0105 svarbiausiais vitaminais ir mineralais. \u0160iame komplekse yra viskas, ko reikia moters sveikatai: cinkas, gele\u017eis, magnis, B grup\u0117s vitaminai, vitaminas D bei kvercetinas. Tai visapusi\u0161kas augalinis kompleksas, efektyviai gerinantis savijaut\u0105 menopauz\u0117s laikotarpiu.<\/p><p><strong>Pasitarkite su gydytoju:<\/strong> Jei vartojate pakaitin\u0119 hormon\u0173 terapij\u0105 (PHT) ar kitus receptinius vaistus, prie\u0161 pradedant vartoti kompleks\u0105, b\u016btina specialisto konsultacija d\u0117l galimos s\u0105veikos su fitoestrogenais.<\/p><p>\u0160is kompleksas n\u0117ra tik vitamin\u0173 rinkinis \u2013 tai <strong>tikslinga sistema<\/strong>, skirta kompensuoti tai, ko organizmas nat\u016braliai pradeda gaminti ma\u017eiau. Tai prevencin\u0117 priemon\u0117, padedanti i\u0161laikyti auk\u0161t\u0105 gyvenimo kokyb\u0119 ir i\u0161vengti ilgalaiki\u0173 sveikatos problem\u0173, susijusi\u0173 su hormon\u0173 deficitu.<\/p><p data-start=\"220\" data-end=\"517\">\u00a0<\/p><p data-start=\"220\" data-end=\"517\"><strong data-start=\"371\" data-end=\"392\">Menopause Complex<\/strong> sukurtas pad\u0117ti moteriai \u0161iuo laikotarpiu jaustis ramesniai ir stipresnei, labiau subalansuotai ir i\u0161laikyti vidin\u0119 harmonij\u0105.<\/p><p>\u00a0<\/p>\t\t\t\t\t\t\t\t<\/div>\n\t\t\t\t<\/div>\n\t\t\t\t\t<\/div>\n\t\t<\/div>\n\t\t\t\t<div class=\"elementor-column elementor-col-50 elementor-top-column elementor-element elementor-element-b79009e\" data-id=\"b79009e\" data-element_type=\"column\">\n\t\t\t<div class=\"elementor-widget-wrap elementor-element-populated\">\n\t\t\t\t\t\t<div class=\"elementor-element elementor-element-5a38e94 elementor-widget elementor-widget-image\" data-id=\"5a38e94\" data-element_type=\"widget\" data-widget_type=\"image.default\">\n\t\t\t\t<div class=\"elementor-widget-container\">\n\t\t\t\t\t\t\t\t\t\t\t\t\t\t\t<img loading=\"lazy\" decoding=\"async\" width=\"900\" height=\"720\" src=\"https:\/\/findvit.com\/wp-content\/uploads\/2025\/03\/Womens-active2-900x720.png\" class=\"attachment-large size-large wp-image-21452\" alt=\"\" srcset=\"https:\/\/findvit.com\/wp-content\/uploads\/2025\/03\/Womens-active2-900x720.png 900w, https:\/\/findvit.com\/wp-content\/uploads\/2025\/03\/Womens-active2-600x480.png 600w, https:\/\/findvit.com\/wp-content\/uploads\/2025\/03\/Womens-active2-768x614.png 768w, https:\/\/findvit.com\/wp-content\/uploads\/2025\/03\/Womens-active2-15x12.png 15w, https:\/\/findvit.com\/wp-content\/uploads\/2025\/03\/Womens-active2-1x1.png 1w, https:\/\/findvit.com\/wp-content\/uploads\/2025\/03\/Womens-active2-10x8.png 10w, https:\/\/findvit.com\/wp-content\/uploads\/2025\/03\/Womens-active2.png 1000w\" sizes=\"auto, (max-width: 900px) 100vw, 900px\">\t\t\t\t\t\t\t\t\t\t\t\t\t\t\t<\/div>\n\t\t\t\t<\/div>\n\t\t\t\t\t<\/div>\n\t\t<\/div>\n\t\t\t\t\t<\/div>\n\t\t<\/section>\n\t\t\t\t<\/div>","protected":false},"excerpt":{"rendered":"<p><strong>Menopause Complex<\/strong> &#8211; sukurtas palaikyti moters hormonin\u0119 pusiausvyr\u0105 menopauz\u0117s metu ir po jos. Moksli\u0161kai pagr\u012fstomis doz\u0117mis suderinti svarbiausi vitaminai, mineralai ir augaliniai ekstraktai.<\/p>\n<p><span class=\"ng-star-inserted\">P<\/span><span class=\"ng-star-inserted\">adeda pagerinti miego kokyb\u0119, \u017eymiai suma\u017einti naktin\u012f prakaitavim\u0105 bei pajusti energijos antpl\u016bd\u012f.<\/span><\/p>\n<p><strong>Kod\u0117l moterims po 40\u201345 met\u0173 svarbus papildomas palaikymas?<\/strong><\/p>\n<p>Art\u0117jant menopauzei (perimenopauz\u0117s laikotarpiu) moters organizme pradeda ma\u017e\u0117ti <strong>estrogen\u0173<\/strong> and <strong>progesterono<\/strong> kiekis. \u0160ie hormoniniai poky\u010diai daro \u012ftak\u0105 ne tik reprodukcinei sistemai, bet ir kaul\u0173 tankiui, \u0161irdies ir kraujagysli\u0173 sveikatai, kognityvin\u0117ms funkcijoms bei da\u017enu atveju ir moters svoriui. <span class=\"ng-star-inserted\">Tod\u0117l svarbus kasdieninis palaikymas &#8211; to pasekoje, padid\u0117ja darbingumas ir ger\u0117ja nuotaika. Moteris jau\u010diasi labiau atsipalaidavusi bei pasitikinti savimi. Specialistai vis da\u017eniau rekomenduoja moterims papildyti organizm\u0105\u00a0 nat\u016braliais mineralais, vitaminais ir augaliniais adaptogenais. <\/span><span class=\"ng-star-inserted\">\u00a0\u0160iame komplekse subalansuoti svarbiausi moters sveikatai: cinkas, gele\u017eis, magnis, B grup\u0117s vitaminai, vitaminas D bei kvercetinas. Tai visapusi\u0161kas augalinis kompleksas, efektyviai gerinantis savijaut\u0105 menopauz\u0117s laikotarpiu.<\/span><\/p>","protected":false},"featured_media":23094,"comment_status":"open","ping_status":"closed","template":"","meta":{"_acf_changed":false,"inline_featured_image":false},"etheme_brands":[{"term_id":644,"name":"Applied Nutrition","slug":"applied-nutrition","term_group":0,"term_taxonomy_id":644,"taxonomy":"brand","description":"","parent":0,"count":3,"filter":"raw"}],"product_brand":[],"product_cat":[646,648,15],"product_tag":[661,662],"class_list":{"0":"post-23235","1":"product","2":"type-product","3":"status-publish","4":"has-post-thumbnail","6":"brand-applied-nutrition","7":"product_cat-papildai-moterims","8":"product_cat-naujienos","9":"product_cat-produktai","10":"product_tag-hormonams","11":"product_tag-nervams-ir-miegui","13":"first","14":"instock","15":"sale","16":"taxable","17":"shipping-taxable","18":"purchasable","19":"product-type-simple"},"acf":[],"_links":{"self":[{"href":"https:\/\/findvit.com\/en\/wp-json\/wp\/v2\/product\/23235","targetHints":{"allow":["GET"]}}],"collection":[{"href":"https:\/\/findvit.com\/en\/wp-json\/wp\/v2\/product"}],"about":[{"href":"https:\/\/findvit.com\/en\/wp-json\/wp\/v2\/types\/product"}],"replies":[{"embeddable":true,"href":"https:\/\/findvit.com\/en\/wp-json\/wp\/v2\/comments?post=23235"}],"version-history":[{"count":6,"href":"https:\/\/findvit.com\/en\/wp-json\/wp\/v2\/product\/23235\/revisions"}],"predecessor-version":[{"id":23257,"href":"https:\/\/findvit.com\/en\/wp-json\/wp\/v2\/product\/23235\/revisions\/23257"}],"wp:featuredmedia":[{"embeddable":true,"href":"https:\/\/findvit.com\/en\/wp-json\/wp\/v2\/media\/23094"}],"wp:attachment":[{"href":"https:\/\/findvit.com\/en\/wp-json\/wp\/v2\/media?parent=23235"}],"wp:term":[{"taxonomy":"brand","embeddable":true,"href":"https:\/\/findvit.com\/en\/wp-json\/wp\/v2\/etheme_brands?post=23235"},{"taxonomy":"product_brand","embeddable":true,"href":"https:\/\/findvit.com\/en\/wp-json\/wp\/v2\/product_brand?post=23235"},{"taxonomy":"product_cat","embeddable":true,"href":"https:\/\/findvit.com\/en\/wp-json\/wp\/v2\/product_cat?post=23235"},{"taxonomy":"product_tag","embeddable":true,"href":"https:\/\/findvit.com\/en\/wp-json\/wp\/v2\/product_tag?post=23235"}],"curies":[{"name":"wp","href":"https:\/\/api.w.org\/{rel}","templated":true}]}}