{"id":2361,"date":"2021-10-08T21:01:24","date_gmt":"2021-10-08T18:01:24","guid":{"rendered":"https:\/\/findvit.com\/?post_type=product&#038;p=2361"},"modified":"2026-03-02T15:56:09","modified_gmt":"2026-03-02T13:56:09","slug":"garden-of-life-vitamin-code-raw-vitamin-c-vitaminas-c-kompleksas120-veganisku-kapsuliu","status":"publish","type":"product","link":"https:\/\/findvit.com\/en\/produktas\/garden-of-life-vitamin-code-raw-vitamin-c-vitaminas-c-kompleksas120-veganisku-kapsuliu\/","title":{"rendered":"Garden of life Vitamin Code RAW VITAMIN C \u2013 Vitamin C complete with antioxidants, probiotics and enzymes. Bioactive complex, 120 vegcapsules"},"content":{"rendered":"<div data-elementor-type=\"product-post\" data-elementor-id=\"2361\" class=\"elementor elementor-2361\" data-elementor-post-type=\"product\">\n\t\t\t\t\t\t<section class=\"elementor-section elementor-top-section elementor-element elementor-element-befc80d elementor-section-boxed elementor-section-height-default elementor-section-height-default\" data-id=\"befc80d\" data-element_type=\"section\">\n\t\t\t\t\t\t<div class=\"elementor-container elementor-column-gap-default\">\n\t\t\t\t\t<div class=\"elementor-column elementor-col-100 elementor-top-column elementor-element elementor-element-11194a8\" data-id=\"11194a8\" data-element_type=\"column\">\n\t\t\t<div class=\"elementor-widget-wrap elementor-element-populated\">\n\t\t\t\t\t\t<div class=\"elementor-element elementor-element-0d003b4 elementor-absolute elementor-hidden-mobile elementor-invisible elementor-widget elementor-widget-image\" data-id=\"0d003b4\" data-element_type=\"widget\" data-settings=\"{&quot;motion_fx_motion_fx_scrolling&quot;:&quot;yes&quot;,&quot;motion_fx_rotateZ_effect&quot;:&quot;yes&quot;,&quot;motion_fx_rotateZ_speed&quot;:{&quot;unit&quot;:&quot;px&quot;,&quot;size&quot;:5,&quot;sizes&quot;:[]},&quot;motion_fx_range&quot;:&quot;viewport&quot;,&quot;_animation&quot;:&quot;fadeIn&quot;,&quot;_position&quot;:&quot;absolute&quot;,&quot;motion_fx_rotateZ_affectedRange&quot;:{&quot;unit&quot;:&quot;%&quot;,&quot;size&quot;:&quot;&quot;,&quot;sizes&quot;:{&quot;start&quot;:0,&quot;end&quot;:100}},&quot;motion_fx_devices&quot;:[&quot;desktop&quot;,&quot;tablet&quot;,&quot;mobile&quot;]}\" data-widget_type=\"image.default\">\n\t\t\t\t<div class=\"elementor-widget-container\">\n\t\t\t\t\t\t\t\t\t\t\t\t\t\t\t<img loading=\"lazy\" decoding=\"async\" width=\"200\" height=\"200\" src=\"https:\/\/findvit.com\/wp-content\/uploads\/2021\/09\/ratukas.svg\" class=\"attachment-full size-full wp-image-1777\" alt=\"Wheel from questionnaire to vitamin\" \/>\t\t\t\t\t\t\t\t\t\t\t\t\t\t\t<\/div>\n\t\t\t\t<\/div>\n\t\t\t\t\t<\/div>\n\t\t<\/div>\n\t\t\t\t\t<\/div>\n\t\t<\/section>\n\t\t\t\t<section class=\"elementor-section elementor-top-section elementor-element elementor-element-f4a9431 elementor-section-boxed elementor-section-height-default elementor-section-height-default\" data-id=\"f4a9431\" data-element_type=\"section\">\n\t\t\t\t\t\t<div class=\"elementor-container elementor-column-gap-no\">\n\t\t\t\t\t<div class=\"elementor-column elementor-col-50 elementor-top-column elementor-element elementor-element-eeb7dec\" data-id=\"eeb7dec\" data-element_type=\"column\">\n\t\t\t<div class=\"elementor-widget-wrap elementor-element-populated\">\n\t\t\t\t\t\t<div class=\"elementor-element elementor-element-ad26916 elementor-widget elementor-widget-heading\" data-id=\"ad26916\" data-element_type=\"widget\" data-widget_type=\"heading.default\">\n\t\t\t\t<div class=\"elementor-widget-container\">\n\t\t\t\t\t<h2 class=\"elementor-heading-title elementor-size-medium\">Vitamin Code RAW Vitamin C - Natural, Vitamin C<\/h2>\t\t\t\t<\/div>\n\t\t\t\t<\/div>\n\t\t\t\t<div class=\"elementor-element elementor-element-7587da6 elementor-widget elementor-widget-text-editor\" data-id=\"7587da6\" data-element_type=\"widget\" data-widget_type=\"text-editor.default\">\n\t\t\t\t<div class=\"elementor-widget-container\">\n\t\t\t\t\t\t\t\t\t<p>Vitamin Code RAW Vitamin C is not only vitamin C, but also <strong>the whole complex of other nutrients<\/strong>, which help strengthen the action of vitamin C and support your needs.<\/p><p>This vitamin C is <strong>derived from 23 organic fruits and vegetables<\/strong>, such as acerola cherries, grapefruit, lemons, papayas, broccoli, spinach, etc., which provide a natural form of vitamin C.<\/p><p><span style=\"font-weight: 400;\">This complex has even\u00a0 <strong>500 mg <\/strong>of complete vitamin C.<\/span><\/p><h3><strong>EVEN MORE<\/strong><\/h3><p>In addition, this vitamin C is <strong>enriched with bioflavonoids<\/strong> - substances from the group of plant pigments that help vitamin C.<\/p><p>The benefits of bioflavonoids are widely discussed and appreciated by health professionals.<\/p><h3><strong>HEAVY SUPPLEMENTED<\/strong><\/h3><p>Vitamin Code RAW Vitamin C is also composed of <strong>probiotics and enzymes<\/strong>, which are necessary for the normal functioning of the digestive and immune systems.<\/p><p>Probiotics are beneficial bacteria that live in the gut and play an important role in the body.\u00a0<\/p><p>Enzymes are proteins that catalyze biochemical reactions in the body and help break down carbohydrates, fats and proteins into simpler molecules that can be used as a source of energy or building blocks for cells.<\/p><h3><strong>OF COURSE<\/strong><\/h3><p><span style=\"font-weight: 400;\"><strong>\u00a0<\/strong><\/span><span style=\"font-weight: 400;\">VITAMIN CODE food supplements are made from individually grown <strong>whole fruits and vegetables with the help of good bacteria\u00a0<\/strong><\/span><strong>cultivation.\u00a0<\/strong><\/p><p><span style=\"font-weight: 400;\">These are natural food supplements produced at a temperature below 46\u00ba C. It has in its composition <strong>natural cofactors, live probiotics and enzymes<\/strong> - just like natural and unprocessed food! <\/span><\/p><p><span style=\"font-weight: 400;\">In it <strong>no synthetic binders or fillers, <\/strong>as well as artificial flavors, sweeteners, colors or additives.<\/span><\/p><h3><strong>CONVENIENT TO USE<\/strong><\/h3><p>Presented as a natural powder in capsules that can be opened and dispensed. <strong>In dark glass packaging.<\/strong> <strong>It is enough from 60-120 days. <\/strong><span style=\"font-weight: 400;\">Suitable for vegetarians and vegans.<br \/><\/span><\/p><h3><strong>ASSESSED BENEFITS<\/strong><\/h3><p>Vitamin C is important and helps to maintain the normal condition and function of the following systems:<\/p><ul><li>for normal <strong>for collagen formation<\/strong><\/li><li>normally <strong>vascular function<\/strong><\/li><li><strong>Immune systems<\/strong> to support activities<\/li><li>energy materials<br \/><strong>turnover<\/strong><\/li><li><strong>psychological state<\/strong> <br \/>to support<\/li><li>immune system activity<\/li><li><strong>helps protect cells<\/strong> from oxidative <br \/>the game<\/li><li><strong>helps<\/strong> to reduce <br \/>feeling tired and <br \/>fatigue<\/li><li><strong>improves<\/strong> iron <br \/>absorption<\/li><\/ul><div>If you are not sure which vitamins or other supplements\u00a0<strong>the most appropriate at the moment<\/strong>, take the test\u00a0<a style=\"background-color: #ffffff; color: #25bf4e;\" href=\"https:\/\/findvit.com\/en\/testas\/\"><strong>&quot;Your Day&quot;<\/strong><\/a>\u00a0and find out\u00a0\u00a0<strong>personal<\/strong>\u00a0recommendation!<b><br \/><\/b><\/div>\t\t\t\t\t\t\t\t<\/div>\n\t\t\t\t<\/div>\n\t\t\t\t\t<\/div>\n\t\t<\/div>\n\t\t\t\t<div class=\"elementor-column elementor-col-50 elementor-top-column elementor-element elementor-element-fbc17a4\" data-id=\"fbc17a4\" data-element_type=\"column\">\n\t\t\t<div class=\"elementor-widget-wrap elementor-element-populated\">\n\t\t\t\t\t\t<div class=\"elementor-element elementor-element-c9cdac8 elementor-widget elementor-widget-image\" data-id=\"c9cdac8\" data-element_type=\"widget\" data-widget_type=\"image.default\">\n\t\t\t\t<div class=\"elementor-widget-container\">\n\t\t\t\t\t\t\t\t\t\t\t\t\t\t\t<img loading=\"lazy\" decoding=\"async\" width=\"900\" height=\"900\" src=\"https:\/\/findvit.com\/wp-content\/uploads\/2021\/10\/Ko-13-900x900.jpg\" class=\"attachment-large size-large wp-image-2498\" alt=\"Enzymes for women. A woman is doing yoga exercises\" srcset=\"https:\/\/findvit.com\/wp-content\/uploads\/2021\/10\/Ko-13-900x900.jpg 900w, https:\/\/findvit.com\/wp-content\/uploads\/2021\/10\/Ko-13-600x600.jpg 600w, https:\/\/findvit.com\/wp-content\/uploads\/2021\/10\/Ko-13-150x150.jpg 150w, https:\/\/findvit.com\/wp-content\/uploads\/2021\/10\/Ko-13-768x768.jpg 768w, https:\/\/findvit.com\/wp-content\/uploads\/2021\/10\/Ko-13-1x1.jpg 1w, https:\/\/findvit.com\/wp-content\/uploads\/2021\/10\/Ko-13-10x10.jpg 10w, https:\/\/findvit.com\/wp-content\/uploads\/2021\/10\/Ko-13-100x100.jpg 100w, https:\/\/findvit.com\/wp-content\/uploads\/2021\/10\/Ko-13.jpg 1000w\" sizes=\"auto, (max-width: 900px) 100vw, 900px\" \/>\t\t\t\t\t\t\t\t\t\t\t\t\t\t\t<\/div>\n\t\t\t\t<\/div>\n\t\t\t\t\t<\/div>\n\t\t<\/div>\n\t\t\t\t\t<\/div>\n\t\t<\/section>\n\t\t\t\t<\/div>","protected":false},"excerpt":{"rendered":"<p>Vitamin C - if you are looking for it <strong>of natural and real vitamin C<\/strong> source that meets your needs Vitamin Code RAW Vitamin C is available<strong> great choice.<\/strong> This vitamin C is derived from organic fruits and vegetables that are raw and contain no artificial additives or preservatives. The body will thank you because the supplement is composed of live probiotics and enzymes that are highly valued. Vitamin Code RAW Vitamin C is also available <strong>rich in antioxidants<\/strong>, which are rated and recommended.<\/p>","protected":false},"featured_media":23329,"comment_status":"open","ping_status":"closed","template":"","meta":{"_acf_changed":false,"inline_featured_image":false},"etheme_brands":[{"term_id":58,"name":"Garden of Life","slug":"garden-of-life","term_group":0,"term_taxonomy_id":58,"taxonomy":"brand","description":"<h2><strong><a href=\"https:\/\/www.gardenoflife.com\/why-gol\" target=\"_blank\" rel=\"noopener\">Garden of Life<\/a><\/strong><\/h2>\r\nJAV \u012fmon\u0117, kuri yra viena i\u0161 nedaugelio, gaminanti savo produktus 100% i\u0161 nat\u016brali\u0173 ingredient\u0173. Puikiai tinka \u017emon\u0117ms, kuriems labai svarbi produkt\u0173 sud\u0117tis. Visi produktai be GMO. Gamintojas apdovanotas daugeliu kokyb\u0117s sertifikat\u0173, toki\u0173 kaip USDA Organic, Certified Vegan, Certified Gluten-Free, U Kosher ir daugelis kit\u0173. Garden of life kompanija dal\u012f pajam\u0173, gaut\u0173 i\u0161 pardavim\u0173, skiria labdarai, pla\u010diau apra\u0161ytoms gamintojo svetain\u0117je.\r\n\"Garden of Life\" tikslas - suteikti \u017emon\u0117ms galimyb\u0119 tur\u0117ti auk\u0161tos kokyb\u0117s papildus, kurie yra reikalingi gerai sveikatai i\u0161laikyti. Sud\u0117tin\u0117s dalys yra organin\u0117s kilm\u0117s, klini\u0161kai i\u0161tirtos ir atsekamos kilm\u0117s. Gompanija savo gaminiuose nenaudoja sintetini\u0173 pried\u0173, dirbtini\u0173 skoni\u0173 ar da\u017eikli\u0173, ri\u0161ikli\u0173 ar u\u017epild\u0173.\r\nhttps:\/\/youtu.be\/2jbU_WkglKA?t=48\r\n<h3><strong>Neapdirbtas maistas<\/strong><\/h3>\r\n\u017dmogaus k\u016bnas buvo sukurtas valgyti, apdoroti ir gauti maistines med\u017eiagas i\u0161 maisto - tikro, sveiko maisto. Taigi, kai kuriami produktai, pradedama nuo \u017evilgnsio \u012f maist\u0105. Kokie yra \"geri dalykai\" auk\u0161\u010diausios kokyb\u0117s maiste, kurio mums tr\u016bksta m\u016bs\u0173 kasdien\u0117je mityboje? Kuris i\u0161 \u0161i\u0173 maisto produkt\u0173 turi did\u017eiausi\u0105 potencial\u0105 paveikti ir \u012fgalinti ger\u0105 sveikat\u0105?\r\n<h3><strong>Atsekamumas<\/strong><\/h3>\r\nAtsekamumas yra labai svarbus veiksnys, d\u0117l kurio \"Garden of Life\" produktai yra tokie ypatingi. Atsekamumas prasideda nuo \u017einojimo, i\u0161 kur kil\u0119s kiekvienas produkt\u0173 ingredientas, ir susipa\u017einimo su kiekviena kilme: kur jis auginamas; \u016bkininkavimo praktika; kaip elgiasi su \u016bkio darbuotojais \u2013 viskuo.\r\n<h3><strong>\u0160varu yra sveika<\/strong><\/h3>\r\nGarden of life stebi, kas yra \u012fdedama \u012f produktus \u2013 tikri, neapdirbti maisto ingredientai. Bet ties tuo nesustojama. Taip pat labai daug d\u0117mesio skiriama tam, kas i\u0161 \u0161i\u0173 produkt\u0173 i\u0161gaunama. Ir dar kart\u0105 renkamasi\u00a0 \u2013 tikras kokybi\u0161kas maistas. Kompanija naudoja tre\u010di\u0173j\u0173 \u0161ali\u0173\u00a0 sertifikatus, kad \u012frodyt\u0173, jog produktai yra \u0161var\u016bs ir kokybi\u0161ki!\r\n<h3><strong>CO2 neutralumas<\/strong><\/h3>\r\nGarden of life nepaprastai did\u017eiuojasi, kad pasiek\u0117 anglies dioksido neutralum\u0105 2021 m. Bir\u017eelio m\u0117n. CarbonFund.org sertifikuotas \"Carbonfree\u00ae\", \"Garden of Life\" nuo pat \u012fk\u016brimo buvo \u012fsipareigojusi tvarumui.","parent":0,"count":12,"filter":"raw"}],"product_brand":[],"product_cat":[645,646,63,15],"product_tag":[660,91,122,93,98],"class_list":{"0":"post-2361","1":"product","2":"type-product","3":"status-publish","4":"has-post-thumbnail","6":"brand-garden-of-life","7":"product_cat-geriausi-papildai-vyrams","8":"product_cat-papildai-moterims","9":"product_cat-mineralai","10":"product_cat-produktai","11":"product_tag-esminiai-vitaminai-moterims","12":"product_tag-imunitetui","13":"product_tag-jaunatviskai-odai","14":"product_tag-sveikai-sirdziai","15":"product_tag-tvirtiems-kaulams","17":"first","18":"instock","19":"sale","20":"taxable","21":"shipping-taxable","22":"purchasable","23":"product-type-simple"},"acf":[],"_links":{"self":[{"href":"https:\/\/findvit.com\/en\/wp-json\/wp\/v2\/product\/2361","targetHints":{"allow":["GET"]}}],"collection":[{"href":"https:\/\/findvit.com\/en\/wp-json\/wp\/v2\/product"}],"about":[{"href":"https:\/\/findvit.com\/en\/wp-json\/wp\/v2\/types\/product"}],"replies":[{"embeddable":true,"href":"https:\/\/findvit.com\/en\/wp-json\/wp\/v2\/comments?post=2361"}],"version-history":[{"count":13,"href":"https:\/\/findvit.com\/en\/wp-json\/wp\/v2\/product\/2361\/revisions"}],"predecessor-version":[{"id":19267,"href":"https:\/\/findvit.com\/en\/wp-json\/wp\/v2\/product\/2361\/revisions\/19267"}],"wp:featuredmedia":[{"embeddable":true,"href":"https:\/\/findvit.com\/en\/wp-json\/wp\/v2\/media\/23329"}],"wp:attachment":[{"href":"https:\/\/findvit.com\/en\/wp-json\/wp\/v2\/media?parent=2361"}],"wp:term":[{"taxonomy":"brand","embeddable":true,"href":"https:\/\/findvit.com\/en\/wp-json\/wp\/v2\/etheme_brands?post=2361"},{"taxonomy":"product_brand","embeddable":true,"href":"https:\/\/findvit.com\/en\/wp-json\/wp\/v2\/product_brand?post=2361"},{"taxonomy":"product_cat","embeddable":true,"href":"https:\/\/findvit.com\/en\/wp-json\/wp\/v2\/product_cat?post=2361"},{"taxonomy":"product_tag","embeddable":true,"href":"https:\/\/findvit.com\/en\/wp-json\/wp\/v2\/product_tag?post=2361"}],"curies":[{"name":"wp","href":"https:\/\/api.w.org\/{rel}","templated":true}]}}