{"id":2365,"date":"2021-10-08T21:07:28","date_gmt":"2021-10-08T18:07:28","guid":{"rendered":"https:\/\/findvit.com\/?post_type=product&#038;p=2365"},"modified":"2026-02-27T15:48:27","modified_gmt":"2026-02-27T13:48:27","slug":"kiki-organic-chlorella","status":"publish","type":"product","link":"https:\/\/findvit.com\/en\/produktas\/kiki-organic-chlorella\/","title":{"rendered":"KIKI Health Organic CHLORELLA - Detoxifying Chlorella, 200 tablets"},"content":{"rendered":"\t\t<div data-elementor-type=\"product-post\" data-elementor-id=\"2365\" class=\"elementor elementor-2365\" data-elementor-post-type=\"product\">\n\t\t\t\t\t\t<section class=\"elementor-section elementor-top-section elementor-element elementor-element-453cf2c elementor-section-boxed elementor-section-height-default elementor-section-height-default\" data-id=\"453cf2c\" data-element_type=\"section\" data-e-type=\"section\">\n\t\t\t\t\t\t<div class=\"elementor-container elementor-column-gap-default\">\n\t\t\t\t\t<div class=\"elementor-column elementor-col-100 elementor-top-column elementor-element elementor-element-61f9c3b\" data-id=\"61f9c3b\" data-element_type=\"column\" data-e-type=\"column\">\n\t\t\t<div class=\"elementor-widget-wrap elementor-element-populated\">\n\t\t\t\t\t\t<div class=\"elementor-element elementor-element-9ebd7b7 elementor-absolute elementor-hidden-mobile elementor-invisible elementor-widget elementor-widget-image\" data-id=\"9ebd7b7\" data-element_type=\"widget\" data-e-type=\"widget\" data-settings=\"{&quot;motion_fx_motion_fx_scrolling&quot;:&quot;yes&quot;,&quot;motion_fx_rotateZ_effect&quot;:&quot;yes&quot;,&quot;motion_fx_rotateZ_speed&quot;:{&quot;unit&quot;:&quot;px&quot;,&quot;size&quot;:5,&quot;sizes&quot;:[]},&quot;motion_fx_range&quot;:&quot;viewport&quot;,&quot;_animation&quot;:&quot;fadeIn&quot;,&quot;_position&quot;:&quot;absolute&quot;,&quot;motion_fx_rotateZ_affectedRange&quot;:{&quot;unit&quot;:&quot;%&quot;,&quot;size&quot;:&quot;&quot;,&quot;sizes&quot;:{&quot;start&quot;:0,&quot;end&quot;:100}},&quot;motion_fx_devices&quot;:[&quot;desktop&quot;,&quot;tablet&quot;,&quot;mobile&quot;]}\" data-widget_type=\"image.default\">\n\t\t\t\t<div class=\"elementor-widget-container\">\n\t\t\t\t\t\t\t\t\t\t\t\t\t\t\t<img loading=\"lazy\" loading=\"lazy\" decoding=\"async\" width=\"200\" height=\"200\" src=\"https:\/\/findvit.com\/wp-content\/uploads\/2021\/09\/ratukas.svg\" class=\"attachment-full size-full wp-image-1777\" alt=\"Ratukas nuo klausimyno iki vitamino\" \/>\t\t\t\t\t\t\t\t\t\t\t\t\t\t\t<\/div>\n\t\t\t\t<\/div>\n\t\t\t\t\t<\/div>\n\t\t<\/div>\n\t\t\t\t\t<\/div>\n\t\t<\/section>\n\t\t\t\t<section class=\"elementor-section elementor-top-section elementor-element elementor-element-84dee63 elementor-section-boxed elementor-section-height-default elementor-section-height-default\" data-id=\"84dee63\" data-element_type=\"section\" data-e-type=\"section\">\n\t\t\t\t\t\t<div class=\"elementor-container elementor-column-gap-no\">\n\t\t\t\t\t<div class=\"elementor-column elementor-col-50 elementor-top-column elementor-element elementor-element-4fd3b0d\" data-id=\"4fd3b0d\" data-element_type=\"column\" data-e-type=\"column\">\n\t\t\t<div class=\"elementor-widget-wrap elementor-element-populated\">\n\t\t\t\t\t\t<div class=\"elementor-element elementor-element-19af53a elementor-widget elementor-widget-heading\" data-id=\"19af53a\" data-element_type=\"widget\" data-e-type=\"widget\" data-widget_type=\"heading.default\">\n\t\t\t\t<div class=\"elementor-widget-container\">\n\t\t\t\t\t<h3 class=\"elementor-heading-title elementor-size-default\">KIKI Health Organic CHLORELLA &#8211; Detoksikuojanti Chlorel\u0117, 200 table\u010di\u0173<\/h3>\t\t\t\t<\/div>\n\t\t\t\t<\/div>\n\t\t\t\t<div class=\"elementor-element elementor-element-bafd21d elementor-widget elementor-widget-text-editor\" data-id=\"bafd21d\" data-element_type=\"widget\" data-e-type=\"widget\" data-widget_type=\"text-editor.default\">\n\t\t\t\t<div class=\"elementor-widget-container\">\n\t\t\t\t\t\t\t\t\t<p><strong>KIKI HEALTH Organic Chlorella &#8211; 100% naturali Chlorel\u0117.<\/strong><\/p><p>Tai j\u016bros ir g\u0117lo vandens dumbliai naudojami mityboje nuo sen\u0173 laik\u0173 (actek\u0173, senov\u0117s Japonijoje ir Kinijoje). Savo energij\u0105 gamina i\u0161 saul\u0117s fotosintez\u0117s b\u016bdu.<\/p><p>Joje gausu \u012fvairi\u0173 maistini\u0173 med\u017eiag\u0173, kuri\u0173 derinys subalansuotas taip, kad idealiai atitinka poreikius.<\/p><p><strong>Puikus Chlorofilo \u0161altinis.\u00a0<\/strong><\/p><p><strong>Chlorel\u0117se yra:<\/strong><\/p><ul><li><strong> gele\u017eies<\/strong><\/li><li><strong>vitamino B12 <\/strong><\/li><li><strong>baltym\u0173<\/strong><\/li><\/ul><p>Chlorel\u0117s yra \u017einomos d\u0117l savo unikali\u0173 savybi\u0173. Jos yra vienas i\u0161 geriausi\u0173 nat\u016brali\u0173 vitamin\u0173 B12 \u0161altini\u0173, kuris yra b\u016btinas normaliam nerv\u0173 sistemos funkcionavimui ir energijos gamybai. Be to, chlorel\u0117s yra turtingos baltymais, juk baltymai padeda auginti raumen\u0173 mas\u0119 ir Baltymai svarb\u016bs normaliai <br \/>kaul\u0173 b\u016bklei palaikyti, o esan\u010dios skaidulos dar labiau praturtina sud\u0117t\u012f.<\/p><p>\u0160is maisto papildas taip pat yra geras jodo ir gele\u017eies \u0161altinis.\u00a0Jodas svarbus normaliai <br \/>energini\u0173 med\u017eiag\u0173 apykaitai o Gele\u017eis svarbi normaliam <br \/>deguonies perne\u0161imui organizme.<\/p><p>\u0160is maisto papildas yra gaminamas laikantis auk\u0161\u010diausi\u0173 kokyb\u0117s standart\u0173. Jis yra 100% ekologi\u0161kas, be GMO, sintetini\u0173 pried\u0173, glitimo ir tinka vegetarams. Be to, jis yra saugiai laikomas tamsaus stiklo pakuot\u0117je, kad b\u016bt\u0173 i\u0161laikytos visos jo naudingos savyb\u0117s.<\/p><p>KIKI HEALTH Organic CHLORELLA &#8211; tai ne tik maisto papildas, bet ir puikus b\u016bdas suteikti sau nat\u016bralumo. \u012esigykite j\u012f jau \u0161iandien ir pajuskite skirtum\u0105!&#8221;<\/p><p><br \/>Lengvai praryjamos tablet\u0117s, kuriose Chorel\u0117s milteliai tiesiog suspausti \u012f tablet\u0117s form\u0105.<\/p><p><br \/><strong>Sud\u0117tyje n\u0117ra glitimo ir kvie\u010di\u0173. Be dirbtini\u0173 da\u017eikli\u0173, konservant\u0173, saldikli\u0173 ir maisto pried\u0173. Tamsaus stiklo pakuot\u0117.<\/strong><\/p><p><strong>Gamintojas KIKI HEALTH<\/strong> yra novatori\u0161ka kompanija, kurianti <strong>tik kokybi\u0161kus ir nat\u016bralius produktus. <\/strong>\u00a0Jie tiki, kad <strong>tik patys gryniausi ingredientai turi pat\u012f efektyviausi\u0105 poveik\u012f.<\/strong><\/p><p>Visi ingredientai, \u012feinantys \u012f produkt\u0173 sud\u0117t\u012f, yra kruop\u0161\u010diai parinkti ir eti\u0161kai apdoroti, siekiant i\u0161saugoti ir maksimaliai padidinti efektyvum\u0105 ir naud\u0105, taip pat u\u017etikrinant pa\u010dius geriausius rezultatus.<\/p><p><span lang=\"lt\"><strong>KIKI HEALTH pa\u017eadas<\/strong><br \/><\/span><\/p><ul><li><span lang=\"lt\">Auk\u0161\u010diausios kokyb\u0117s augaliniai organiniai ingredientai<\/span><\/li><li><span lang=\"lt\">Etika, vientisumas ir grynumas gamybos procese<\/span><\/li><li><span lang=\"lt\">Sertifikuoti organiniai ar i\u0161 laukin\u0117s gamtos ingredientai<\/span><\/li><li><span lang=\"lt\">Joki\u0173 kompromis\u0173 d\u0117l sintetini\u0173 pried\u0173, ri\u0161ikli\u0173, u\u017epild\u0173 ar kit\u0173 kenksming\u0173 med\u017eiag\u0173.<\/span><\/li><li><span lang=\"lt\">Be GMO, glitimo, kvie\u010di\u0173.<br \/><\/span><\/li><\/ul><div>Jei nesi tikra\/s kurie dar\u00a0 vitaminai ar kiti papildai\u00a0<strong>tinkamiausi \u0161iuo metu<\/strong>, atlik test\u0105\u00a0<a style=\"background-color: #ffffff; color: #25bf4e;\" href=\"https:\/\/findvit.com\/testas\/\"><strong>\u201cTavo diena\u201d<\/strong><\/a>\u00a0ir su\u017einok\u00a0\u00a0<strong>asmenin\u0119<\/strong>\u00a0rekomendacij\u0105!<span style=\"font-size: 15.96px;\"><br \/><\/span><\/div><div>\u00a0<\/div><div><p>\u00a0<\/p><p>\u00a0<\/p><\/div><p id=\"tw-target-text\" class=\"tw-data-text tw-text-large XcVN5d tw-ta\" dir=\"ltr\" data-placeholder=\"Translation\">\u00a0<\/p>\t\t\t\t\t\t\t\t<\/div>\n\t\t\t\t<\/div>\n\t\t\t\t\t<\/div>\n\t\t<\/div>\n\t\t\t\t<div class=\"elementor-column elementor-col-50 elementor-top-column elementor-element elementor-element-9cfeb07\" data-id=\"9cfeb07\" data-element_type=\"column\" data-e-type=\"column\">\n\t\t\t<div class=\"elementor-widget-wrap elementor-element-populated\">\n\t\t\t\t\t\t<div class=\"elementor-element elementor-element-7e4b0eb elementor-widget elementor-widget-image\" data-id=\"7e4b0eb\" data-element_type=\"widget\" data-e-type=\"widget\" data-widget_type=\"image.default\">\n\t\t\t\t<div class=\"elementor-widget-container\">\n\t\t\t\t\t\t\t\t\t\t\t\t\t\t\t<img loading=\"lazy\" loading=\"lazy\" decoding=\"async\" width=\"900\" height=\"900\" src=\"https:\/\/findvit.com\/wp-content\/uploads\/2021\/11\/koliazai-19-900x900.jpg\" class=\"attachment-large size-large wp-image-3827\" alt=\"Kolia\u017eas, nat\u016bral\u016bs papildai i\u0161 gamtos\" srcset=\"https:\/\/findvit.com\/wp-content\/uploads\/2021\/11\/koliazai-19-900x900.jpg 900w, https:\/\/findvit.com\/wp-content\/uploads\/2021\/11\/koliazai-19-600x600.jpg 600w, https:\/\/findvit.com\/wp-content\/uploads\/2021\/11\/koliazai-19-150x150.jpg 150w, https:\/\/findvit.com\/wp-content\/uploads\/2021\/11\/koliazai-19-768x768.jpg 768w, https:\/\/findvit.com\/wp-content\/uploads\/2021\/11\/koliazai-19-1x1.jpg 1w, https:\/\/findvit.com\/wp-content\/uploads\/2021\/11\/koliazai-19-10x10.jpg 10w, https:\/\/findvit.com\/wp-content\/uploads\/2021\/11\/koliazai-19-100x100.jpg 100w, https:\/\/findvit.com\/wp-content\/uploads\/2021\/11\/koliazai-19-e1637516813177.jpg 1001w\" sizes=\"auto, (max-width: 900px) 100vw, 900px\" \/>\t\t\t\t\t\t\t\t\t\t\t\t\t\t\t<\/div>\n\t\t\t\t<\/div>\n\t\t\t\t\t<\/div>\n\t\t<\/div>\n\t\t\t\t\t<\/div>\n\t\t<\/section>\n\t\t\t\t<\/div>\n\t\t","protected":false},"excerpt":{"rendered":"<p>100% organic chlorella tablets. A great choice<strong>\u00a0even 500 mg<\/strong> in each Source of iodine and chlorophyll. It is safe to store in a dark glass container. Sufficient for up to 3 months.<\/p>","protected":false},"featured_media":23297,"comment_status":"open","ping_status":"closed","template":"","meta":{"_acf_changed":false,"inline_featured_image":false},"etheme_brands":[{"term_id":28,"name":"Kiki Health","slug":"kiki-health","term_group":0,"term_taxonomy_id":28,"taxonomy":"brand","description":"<h2><a href=\"https:\/\/kiki-health.com\/about-us\/\" target=\"_blank\" rel=\"noopener\"><strong>KIKI Health<\/strong><\/a><\/h2>\r\nKIKI yra prek\u0117s \u017eenklas, kuriantis novatori\u0161kus maisto papildus.\r\n\r\nKIKI yra pripa\u017eintas ir gerbiamas, kaip sveikos gyvensenos produkt\u0173 ir individualumo bei meistri\u0161kumo standartas.\r\n\r\nKIKI gim\u0117 i\u0161 noro skatinti optimali\u0105 sveikat\u0105 ir gerov\u0119, m\u016bs\u0173 tikslas ir aistra yra \u012fsigyti auk\u0161\u010diausios kokyb\u0117s, grynumo produktus i\u0161 viso pasaulio, kurie pad\u0117t\u0173 gro\u017eiui ir sveikatai.\r\n\r\nNuo pat prad\u017ei\u0173 ir iki \u0161iol KIKI Health niekada nedaro kompromis\u0173 ir nededa pried\u0173 bei naudoja prastesni\u0173 ingredient\u0173 - tik nat\u016bralios 100% veikliosios med\u017eiagos.\r\n\r\nhttps:\/\/youtu.be\/irT0ZUOzBac?t=45\r\n<h3><strong>Nat\u016braliai turtingi <\/strong><strong>vitaminais, mineralais ir b\u016btinomis\u00a0 veikliosiomis med\u017eiagomis<\/strong><\/h3>\r\nDaugelis \"KIKI Health\" produkt\u0173 turintys augalini\u0173 ir maistini\u0173 med\u017eiag\u0173\u00a0 yra sertifikuoti, kaip ekologi\u0161ki.\r\n\r\nI\u0161naudodami stiprias augalin\u0117s kilm\u0117s, nat\u016brali\u0173 ingredient\u0173 galias, kupinas esmini\u0173 augal\u0173 veikli\u0173j\u0173 med\u017eiag\u0173, vitamin\u0173 ir mineral\u0173, kad suteikt\u0173 smegenims, odai ir k\u016bnui neprilygstam\u0105 pagalb\u0105.\r\n\r\nKIKI Health tikslas yra u\u017etikrinti, kad mi\u0161iniuose neb\u016bt\u0173 sintetikos, konservant\u0173, u\u017epild\u0173 ir ri\u0161ikli\u0173, u\u017etikrinant, kad ir toliau gamint\u0173 veiksmingus, \u0161varius ir saugius papildus.\r\n\r\nPagaminta Jungtin\u0117je Karalyst\u0117je i\u0161 \u0161vari\u0173 ir tvari\u0173 ingredient\u0173.\r\n<h3><strong>Atsakingumas<\/strong><\/h3>\r\nU\u017etikrindami, kad produktai b\u016bt\u0173 atsakingai u\u017eauginti, ne tik r\u016bpinamasi aplinka, bet ir garantuojama produkto kokyb\u0119. KIKI Healt specialistai keliauja po pasaul\u012f ie\u0161kodami ekologi\u0161k\u0173, eti\u0161kai gaut\u0173 ingredient\u0173, pasi\u017eymin\u010di\u0173 geresne maistine verte, kartu pad\u0117dami vietos bendruomen\u0117ms klest\u0117ti. Maisto gamybos b\u016bdas yra labai svarbus daugeliui vartotoj\u0173, ir tai kelia susir\u016bpinim\u0105, kur\u012f mes dalijam\u0117s.\r\n<h3><strong>Minimalus apdorojimas<\/strong><\/h3>\r\nNor\u0117dami pasiekti optimal\u0173 biologin\u012f prieinamum\u0105, stengiamasi, kad ingredientai b\u016bt\u0173 kuo ar\u010diau j\u0173 nat\u016bralios b\u016bkl\u0117s. Laikomasi minimalaus perdirbimo ir kontroliuojama temperat\u016bros, i\u0161kart po derliaus nu\u0117mimo, kad b\u016bt\u0173 i\u0161laikoma visa nauda sveikatai ir gyvybi\u0161kai svarbios maistin\u0117s med\u017eiagos.\r\n\r\n<strong>Produktuose n\u0117ra<\/strong>: sintetikos, dirbtini\u0173 da\u017eikli\u0173 ir kvapi\u0173j\u0173 med\u017eiag\u0173, u\u017epild\u0173, ri\u0161ikli\u0173, dengimo med\u017eiag\u0173, lipnum\u0105 reguliuojan\u010di\u0173 med\u017eiag\u0173, cukr\u0173, glitimo, GMO, laktoz\u0117s, konservant\u0173, pagalbini\u0173 med\u017eiag\u0173.\r\n\r\nVisi ingredientai ir galutiniai produktai yra reguliariai tikrinami tre\u010diosios \u0161alies laboratorijoje. U\u017etikrinama, kad kiekviena partija b\u016bt\u0173 i\u0161bandyta d\u0117l sunki\u0173j\u0173 metal\u0173, mikroorganizm\u0173 ir pesticid\u0173 laikantis grie\u017et\u0173 kokyb\u0117s kontrol\u0117s s\u0105lyg\u0173, o rezultatai atitikt\u0173 ES ir JK ribinius reglamentus, \u012fskaitant ekologinio \u016bkininkavimo standartus.","parent":0,"count":28,"filter":"raw"}],"product_brand":[],"product_cat":[646,15],"product_tag":[656],"class_list":{"0":"post-2365","1":"product","2":"type-product","3":"status-publish","4":"has-post-thumbnail","6":"brand-kiki-health","7":"product_cat-papildai-moterims","8":"product_cat-produktai","9":"product_tag-moterims-detoksikacija","11":"first","12":"instock","13":"sale","14":"taxable","15":"shipping-taxable","16":"purchasable","17":"product-type-simple"},"acf":[],"_links":{"self":[{"href":"https:\/\/findvit.com\/en\/wp-json\/wp\/v2\/product\/2365","targetHints":{"allow":["GET"]}}],"collection":[{"href":"https:\/\/findvit.com\/en\/wp-json\/wp\/v2\/product"}],"about":[{"href":"https:\/\/findvit.com\/en\/wp-json\/wp\/v2\/types\/product"}],"replies":[{"embeddable":true,"href":"https:\/\/findvit.com\/en\/wp-json\/wp\/v2\/comments?post=2365"}],"version-history":[{"count":13,"href":"https:\/\/findvit.com\/en\/wp-json\/wp\/v2\/product\/2365\/revisions"}],"predecessor-version":[{"id":18962,"href":"https:\/\/findvit.com\/en\/wp-json\/wp\/v2\/product\/2365\/revisions\/18962"}],"wp:featuredmedia":[{"embeddable":true,"href":"https:\/\/findvit.com\/en\/wp-json\/wp\/v2\/media\/23297"}],"wp:attachment":[{"href":"https:\/\/findvit.com\/en\/wp-json\/wp\/v2\/media?parent=2365"}],"wp:term":[{"taxonomy":"brand","embeddable":true,"href":"https:\/\/findvit.com\/en\/wp-json\/wp\/v2\/etheme_brands?post=2365"},{"taxonomy":"product_brand","embeddable":true,"href":"https:\/\/findvit.com\/en\/wp-json\/wp\/v2\/product_brand?post=2365"},{"taxonomy":"product_cat","embeddable":true,"href":"https:\/\/findvit.com\/en\/wp-json\/wp\/v2\/product_cat?post=2365"},{"taxonomy":"product_tag","embeddable":true,"href":"https:\/\/findvit.com\/en\/wp-json\/wp\/v2\/product_tag?post=2365"}],"curies":[{"name":"wp","href":"https:\/\/api.w.org\/{rel}","templated":true}]}}