{"id":2381,"date":"2021-10-08T21:31:13","date_gmt":"2021-10-08T18:31:13","guid":{"rendered":"https:\/\/findvit.com\/?post_type=product&#038;p=2381"},"modified":"2026-04-11T14:20:41","modified_gmt":"2026-04-11T11:20:41","slug":"trace-minerals-mega-magnis-400-mg-skystas-su-mineralais-118-ml","status":"publish","type":"product","link":"https:\/\/findvit.com\/en\/produktas\/trace-minerals-mega-magnis-400-mg-skystas-su-mineralais-118-ml\/","title":{"rendered":"Trace Minerals Mega Magnesium 400 mg. Liquid with minerals, 118 ml."},"content":{"rendered":"<div data-elementor-type=\"product-post\" data-elementor-id=\"2381\" class=\"elementor elementor-2381\" data-elementor-post-type=\"product\">\n\t\t\t\t\t\t<section class=\"elementor-section elementor-top-section elementor-element elementor-element-9c9d058 elementor-section-boxed elementor-section-height-default elementor-section-height-default\" data-id=\"9c9d058\" data-element_type=\"section\">\n\t\t\t\t\t\t<div class=\"elementor-container elementor-column-gap-default\">\n\t\t\t\t\t<div class=\"elementor-column elementor-col-100 elementor-top-column elementor-element elementor-element-deb3d60\" data-id=\"deb3d60\" data-element_type=\"column\">\n\t\t\t<div class=\"elementor-widget-wrap elementor-element-populated\">\n\t\t\t\t\t\t<div class=\"elementor-element elementor-element-bf9abbf elementor-absolute elementor-hidden-mobile elementor-invisible elementor-widget elementor-widget-image\" data-id=\"bf9abbf\" data-element_type=\"widget\" data-settings=\"{&quot;motion_fx_motion_fx_scrolling&quot;:&quot;yes&quot;,&quot;motion_fx_rotateZ_effect&quot;:&quot;yes&quot;,&quot;motion_fx_rotateZ_speed&quot;:{&quot;unit&quot;:&quot;px&quot;,&quot;size&quot;:5,&quot;sizes&quot;:[]},&quot;motion_fx_range&quot;:&quot;viewport&quot;,&quot;_animation&quot;:&quot;fadeIn&quot;,&quot;_position&quot;:&quot;absolute&quot;,&quot;motion_fx_rotateZ_affectedRange&quot;:{&quot;unit&quot;:&quot;%&quot;,&quot;size&quot;:&quot;&quot;,&quot;sizes&quot;:{&quot;start&quot;:0,&quot;end&quot;:100}},&quot;motion_fx_devices&quot;:[&quot;desktop&quot;,&quot;tablet&quot;,&quot;mobile&quot;]}\" data-widget_type=\"image.default\">\n\t\t\t\t<div class=\"elementor-widget-container\">\n\t\t\t\t\t\t\t\t\t\t\t\t\t\t\t<img loading=\"lazy\" decoding=\"async\" width=\"200\" height=\"200\" src=\"https:\/\/findvit.com\/wp-content\/uploads\/2021\/09\/ratukas.svg\" class=\"attachment-full size-full wp-image-1777\" alt=\"Wheel from questionnaire to vitamin\" \/>\t\t\t\t\t\t\t\t\t\t\t\t\t\t\t<\/div>\n\t\t\t\t<\/div>\n\t\t\t\t\t<\/div>\n\t\t<\/div>\n\t\t\t\t\t<\/div>\n\t\t<\/section>\n\t\t\t\t<section class=\"elementor-section elementor-top-section elementor-element elementor-element-1177870 elementor-section-boxed elementor-section-height-default elementor-section-height-default\" data-id=\"1177870\" data-element_type=\"section\">\n\t\t\t\t\t\t<div class=\"elementor-container elementor-column-gap-no\">\n\t\t\t\t\t<div class=\"elementor-column elementor-col-50 elementor-top-column elementor-element elementor-element-dbcfb5c\" data-id=\"dbcfb5c\" data-element_type=\"column\">\n\t\t\t<div class=\"elementor-widget-wrap elementor-element-populated\">\n\t\t\t\t\t\t<div class=\"elementor-element elementor-element-af3c10c elementor-widget elementor-widget-heading\" data-id=\"af3c10c\" data-element_type=\"widget\" data-widget_type=\"heading.default\">\n\t\t\t\t<div class=\"elementor-widget-container\">\n\t\t\t\t\t<h2 class=\"elementor-heading-title elementor-size-medium\">Trace Minerals Mega Magnesium 400 mg. Liquid with minerals, 118 ml.<\/h2>\t\t\t\t<\/div>\n\t\t\t\t<\/div>\n\t\t\t\t<div class=\"elementor-element elementor-element-9f79a7d elementor-widget elementor-widget-text-editor\" data-id=\"9f79a7d\" data-element_type=\"widget\" data-widget_type=\"text-editor.default\">\n\t\t\t\t<div class=\"elementor-widget-container\">\n\t\t\t\t\t\t\t\t\t<p><strong>Mega-Meg magnesium is a natural source of concentrated magnesium and minerals.\u00a0<\/strong><\/p><p>Mega-Mag is available <strong>unique<\/strong> a product that gives you the right dose of magnesium in a convenient and effective way.<\/p><p>One drop of Mega-Mag <strong>gives<\/strong> 100 mg of magnesium chloride, which is one of the most absorbable forms of magnesium.<\/p><p>Magnesium<strong> is necessary<\/strong> for many body functions and processes. Magnesium is the fourth most abundant mineral in the body and is involved in more than 300 biochemical reactions.\u00a0<\/p><p>Magnesium is present<strong> highly appreciated<\/strong> and is widely used for the following essential reason:<\/p><ul><li>Magnesium helps reduce <br \/>feeling tired and <br \/>fatigue<\/li><\/ul><p>Magnesium is distinguished and well recognized in the world of electrolytes because:<\/p><ul><li>Magnesium helps maintain <br \/>electrolyte balance<\/li><\/ul><p>We all want to feel good after a hard day at work <strong>to relax<\/strong>. Therefore, one of the solutions can be Mega-mag:<\/p><ul><li>Magnesium is important normally <br \/>nervous system activity<\/li><li>Magnesium is important normally <br \/>to maintain the psychological state<\/li><\/ul><p>Strong muscles and bones are important <strong>of a healthy person<\/strong> part<\/p><ul><li>Magnesium is important normally <br \/>muscle function<\/li><li>Magnesium is important normally <br \/>to maintain bone health<\/li><\/ul><p>Due to these properties of magnesium, athletes often supplement the body with magnesium.<\/p><p>Mega-Mag is not only <strong>great<\/strong> source of magnesium, but also a source of full-spectrum ionic trace elements, which is derived from the Utah Sea.<\/p><p>These trace elements <strong>are necessary<\/strong> for the body&#039;s balance and optimal functioning, as they participate in many biochemical reactions.\u00a0<\/p><p>Mega-Mag contains trace elements such as potassium, calcium, zinc, iron, selenium, iodine, etc.<\/p><p>Mega-Mag is an easy to use and doseable product that you can add to your favorite drink or liquid. It is recommended to use 1-4 drops per day or according to the doctor&#039;s instructions.<\/p><p>Mega-Mag is available <strong>safe and natural<\/strong> a product that does not contain any artificial additives or preservatives.<\/p><p>Mega-Mag is intended for everyone who understands quality, appreciates naturalness and cares about the well-being of themselves and their loved ones.\u00a0<\/p><p>The human body does not produce magnesium, so it should be supplemented.<\/p><p>For adults <strong>the daily norm of magnesium is 300-400 mg<\/strong>.\u00a0<\/p><p>\u00a0<b>Ionic minerals <\/b>are created <strong>of natural nature<\/strong>, the same as those in food <strong>trace elements<\/strong>. These biologically active, water-soluble minerals take years to form. Extracted from the Great Salt Lake, saturated with minerals that have accumulated here for thousands of years.\u00a0\u00a0<\/p><p>If you are not sure which vitamins or other supplements <strong>the most appropriate at the moment<\/strong>, take the test <a href=\"https:\/\/findvit.com\/en\/testas\/\"><strong>&quot;Your Day&quot;<\/strong><\/a> and find out\u00a0 <strong>personal<\/strong> recommendation!<\/p>\t\t\t\t\t\t\t\t<\/div>\n\t\t\t\t<\/div>\n\t\t\t\t\t<\/div>\n\t\t<\/div>\n\t\t\t\t<div class=\"elementor-column elementor-col-50 elementor-top-column elementor-element elementor-element-17d5a24\" data-id=\"17d5a24\" data-element_type=\"column\">\n\t\t\t<div class=\"elementor-widget-wrap elementor-element-populated\">\n\t\t\t\t\t\t<div class=\"elementor-element elementor-element-defd72a elementor-widget elementor-widget-image\" data-id=\"defd72a\" data-element_type=\"widget\" data-widget_type=\"image.default\">\n\t\t\t\t<div class=\"elementor-widget-container\">\n\t\t\t\t\t\t\t\t\t\t\t\t\t\t\t<img loading=\"lazy\" decoding=\"async\" width=\"900\" height=\"900\" src=\"https:\/\/findvit.com\/wp-content\/uploads\/2021\/10\/Ko-3-900x900.jpg\" class=\"attachment-large size-large wp-image-2469\" alt=\"sports health collage\" srcset=\"https:\/\/findvit.com\/wp-content\/uploads\/2021\/10\/Ko-3-900x900.jpg 900w, https:\/\/findvit.com\/wp-content\/uploads\/2021\/10\/Ko-3-600x600.jpg 600w, https:\/\/findvit.com\/wp-content\/uploads\/2021\/10\/Ko-3-150x150.jpg 150w, https:\/\/findvit.com\/wp-content\/uploads\/2021\/10\/Ko-3-768x768.jpg 768w, https:\/\/findvit.com\/wp-content\/uploads\/2021\/10\/Ko-3-1x1.jpg 1w, https:\/\/findvit.com\/wp-content\/uploads\/2021\/10\/Ko-3-10x10.jpg 10w, https:\/\/findvit.com\/wp-content\/uploads\/2021\/10\/Ko-3-100x100.jpg 100w, https:\/\/findvit.com\/wp-content\/uploads\/2021\/10\/Ko-3.jpg 1000w\" sizes=\"auto, (max-width: 900px) 100vw, 900px\" \/>\t\t\t\t\t\t\t\t\t\t\t\t\t\t\t<\/div>\n\t\t\t\t<\/div>\n\t\t\t\t\t<\/div>\n\t\t<\/div>\n\t\t\t\t\t<\/div>\n\t\t<\/section>\n\t\t\t\t<\/div>","protected":false},"excerpt":{"rendered":"<p>Trace minerals Mega magnesium is liquid magnesium. With natural minerals. An excellent source of magnesium. Max 400 mg concentration. Well absorbed by the body. When taken before bedtime, it improves the quality of sleep. used in the morning - increases energy. Convenient dosing pipette. It is enough for a course of up to 4 months.<\/p>","protected":false},"featured_media":22964,"comment_status":"open","ping_status":"closed","template":"","meta":{"_acf_changed":false,"inline_featured_image":false},"etheme_brands":[{"term_id":38,"name":"Trace Minerals","slug":"trace-minerals","term_group":0,"term_taxonomy_id":38,"taxonomy":"brand","description":"<h2><strong>Trace minerals<\/strong><\/h2>\r\n\"Trace Minerals\" yra \u017einomas jonini\u0173 mineralini\u0173 papild\u0173 prek\u0117s \u017eenklas, kuriuo pasitikima beveik 50 met\u0173.\r\n\r\n<strong>Gamintojo misija<\/strong>\r\n\r\n\"Trace Minerals\" mato pasaul\u012f, kuriame \u017emon\u0117s yra\r\natsakingi u\u017e savo sveikat\u0105. Laikas, kai visi \u017emon\u0117s yra nori ir gali\r\ngyventi sveikiau. Joniniai mineralai yra pasiekiami visiems norintiems. Daugiau nei 50 met\u0173 \"Trace Minerals\" prek\u0117s \u017eenklo\r\nproduktai visame pasaulyje buvo pripa\u017einti jonini\u0173 produkt\u0173 pradininkais.\r\n\r\nVisus 50 met\u0173 Trace Minerals vertyb\u0117s yra:\r\n\r\n1. Bekompromis\u0117 kokyb\u0117, nuo kurios priklauso \u017emoni\u0173 savijauta.\r\n2. Neprilygstama aptarnavimas, kuris leid\u017eia klientams \u0161ypsotis.\r\n3. Nuolatinis pajam\u0173 augimas diegiant inovacijas ir kuriant produktus.\r\n4. Ugdomieji u\u017esi\u0117mimai.\r\n5. Lyderyst\u0117 savo srities pramon\u0117je.\r\n6. Lojalumas ir s\u0105\u017einingumas patikimiems darbuotojams ir verslo partneriams.\r\n<h3><strong>Garantija<\/strong><\/h3>\r\nGamintojas tiki, kad maisto papildai tur\u0117t\u0173 atne\u0161ti pastebimus\r\nrezultatus. Trace minerals \u012fsipareigojimas siekti pastebim\u0173 rezultat\u0173 yra\r\n\"Trace Minerals research\" filosofija.\r\n\r\nBeveik penkis de\u0161imtme\u010dius \"Trace Minerals\" prek\u0117s \u017eenklo produktai pad\u0117jo \u017emon\u0117ms priimti pagr\u012fstus sprendimus pasirenkant tinkamus produktus. Trce Minerals t\u0119stinis \u012fsipareigojimas yra paprastas: gaminti auk\u0161\u010diausios kokyb\u0117s produktus, paremtus moksliniais tyrimais, pagamintus u\u017e teising\u0105 kain\u0105 ir garantuojama, kad bus\r\npagerinti gyvenimai t\u0173, kurie vartoja kokybi\u0161kus produktus. Trace minerals visada tai dar\u0117 ir toliau t\u0105 darys.\r\n\r\nhttps:\/\/youtu.be\/hbeINVcx5FY?t=77\r\n<h3><strong>Mokslas ir tyrimai<\/strong><\/h3>\r\nGamintojas gavo \u0161e\u0161i\u0173 m\u0117nesi\u0173 klinikinio tyrimo \"ConcenTrace\u00ae\" rezultatus. \"Trace Mineral Drops\", jo pavyzdinis jonini\u0173 mineralinis papildas, kuriame yra visas spektras nat\u016braliai atsirandan\u010di\u0173 mikroelement\u0173.\r\n\r\nDalyviams buvo skiriama po 40 la\u0161\u0173 ConcenTrace\u00ae arba placebo per par\u0105\r\n24 savaites. Tyrime teigiama, kad \"veiksmingum\u0105 objektyviai patvirtino\r\n\u012fvertinti s\u0105nari\u0173 kremzl\u0117s storio, s\u0105nario erdv\u0117s plo\u010dio poky\u010dius\r\nir sinovinio skys\u010dio sud\u0117tis\". 24 savai\u010di\u0173 rezultatai rodo, kad \"ultrasonografija ir sinovinio skys\u010dio tyrimas atskleid\u0117 kremzl\u0117s\r\nstrukt\u016bros pager\u0117jim\u0105\".\r\n\r\n\u0160is preliminarus tyrimas parodo, kad ConcenTrace\u00ae pagerina s\u0105nari\u0173 sveikat\u0105.\r\n<h3><strong>Sertifikatai<\/strong><\/h3>\r\nKokyb\u0117 visada buvo svarbiausias <a href=\"https:\/\/www.traceminerals.com\/\" target=\"_blank\" rel=\"noopener\">\"Trace Minerals\"<\/a> prioritetas. Per daugel\u012f met\u0173\u00a0 akylai tobulino gamybos procesus. Tikima, kad geriausi procesai padeda gaminti geriausius ir sveikiausius produktus. Tai yra pagrindin\u0117 prie\u017eastis, kod\u0117l grie\u017etai kontroliuojama produkt\u0173 kokyb\u0117 ir kod\u0117l turima daugyb\u0117 sertifikat\u0173.\r\n<ul>\r\n \t<li><a href=\"https:\/\/grmalliance.org\/\" target=\"_blank\" rel=\"noopener\">GRMA\/UL GMP Certified<\/a><\/li>\r\n \t<li>GRAS Certified<\/li>\r\n \t<li>BPA Free<\/li>\r\n \t<li>Kosher<\/li>\r\n \t<li>Halal<\/li>\r\n \t<li>Non-GMO Verified<\/li>\r\n \t<li>Transparency<\/li>\r\n<\/ul>","parent":0,"count":19,"filter":"raw"}],"product_brand":[],"product_cat":[63,646,645,651,15],"product_tag":[127,125,101,96,93],"class_list":{"0":"post-2381","1":"product","2":"type-product","3":"status-publish","4":"has-post-thumbnail","6":"brand-trace-minerals","7":"product_cat-mineralai","8":"product_cat-papildai-moterims","9":"product_cat-geriausi-papildai-vyrams","10":"product_cat-vitaminai-ir-papildai-ziemai","11":"product_cat-produktai","12":"product_tag-atsipalaidavimui-ir-ramybei","13":"product_tag-energijai","14":"product_tag-ramiam-miegui","15":"product_tag-raumenims","16":"product_tag-sveikai-sirdziai","18":"first","19":"instock","20":"sale","21":"taxable","22":"shipping-taxable","23":"purchasable","24":"product-type-simple"},"acf":[],"_links":{"self":[{"href":"https:\/\/findvit.com\/en\/wp-json\/wp\/v2\/product\/2381","targetHints":{"allow":["GET"]}}],"collection":[{"href":"https:\/\/findvit.com\/en\/wp-json\/wp\/v2\/product"}],"about":[{"href":"https:\/\/findvit.com\/en\/wp-json\/wp\/v2\/types\/product"}],"replies":[{"embeddable":true,"href":"https:\/\/findvit.com\/en\/wp-json\/wp\/v2\/comments?post=2381"}],"version-history":[{"count":17,"href":"https:\/\/findvit.com\/en\/wp-json\/wp\/v2\/product\/2381\/revisions"}],"predecessor-version":[{"id":22269,"href":"https:\/\/findvit.com\/en\/wp-json\/wp\/v2\/product\/2381\/revisions\/22269"}],"wp:featuredmedia":[{"embeddable":true,"href":"https:\/\/findvit.com\/en\/wp-json\/wp\/v2\/media\/22964"}],"wp:attachment":[{"href":"https:\/\/findvit.com\/en\/wp-json\/wp\/v2\/media?parent=2381"}],"wp:term":[{"taxonomy":"brand","embeddable":true,"href":"https:\/\/findvit.com\/en\/wp-json\/wp\/v2\/etheme_brands?post=2381"},{"taxonomy":"product_brand","embeddable":true,"href":"https:\/\/findvit.com\/en\/wp-json\/wp\/v2\/product_brand?post=2381"},{"taxonomy":"product_cat","embeddable":true,"href":"https:\/\/findvit.com\/en\/wp-json\/wp\/v2\/product_cat?post=2381"},{"taxonomy":"product_tag","embeddable":true,"href":"https:\/\/findvit.com\/en\/wp-json\/wp\/v2\/product_tag?post=2381"}],"curies":[{"name":"wp","href":"https:\/\/api.w.org\/{rel}","templated":true}]}}