{"id":3454,"date":"2021-11-08T21:18:55","date_gmt":"2021-11-08T19:18:55","guid":{"rendered":"https:\/\/findvit.com\/?post_type=product&#038;p=3454"},"modified":"2025-09-29T10:16:25","modified_gmt":"2025-09-29T07:16:25","slug":"trace-minerals-skystas-juros-mineralu-kompleksas-59-ml","status":"publish","type":"product","link":"https:\/\/findvit.com\/en\/produktas\/trace-minerals-skystas-juros-mineralu-kompleksas-59-ml\/","title":{"rendered":"Trace Minerals liquid marine mineral complex, 59 ml"},"content":{"rendered":"<div data-elementor-type=\"product-post\" data-elementor-id=\"3454\" class=\"elementor elementor-3454\" data-elementor-post-type=\"product\">\n\t\t\t\t\t\t<section class=\"elementor-section elementor-top-section elementor-element elementor-element-2e9b4cf elementor-section-boxed elementor-section-height-default elementor-section-height-default\" data-id=\"2e9b4cf\" data-element_type=\"section\">\n\t\t\t\t\t\t<div class=\"elementor-container elementor-column-gap-default\">\n\t\t\t\t\t<div class=\"elementor-column elementor-col-100 elementor-top-column elementor-element elementor-element-4c143d9\" data-id=\"4c143d9\" data-element_type=\"column\">\n\t\t\t<div class=\"elementor-widget-wrap elementor-element-populated\">\n\t\t\t\t\t\t<div class=\"elementor-element elementor-element-29b0e29 elementor-absolute elementor-hidden-mobile elementor-invisible elementor-widget elementor-widget-image\" data-id=\"29b0e29\" data-element_type=\"widget\" data-settings=\"{&quot;motion_fx_motion_fx_scrolling&quot;:&quot;yes&quot;,&quot;motion_fx_rotateZ_effect&quot;:&quot;yes&quot;,&quot;motion_fx_rotateZ_speed&quot;:{&quot;unit&quot;:&quot;px&quot;,&quot;size&quot;:5,&quot;sizes&quot;:[]},&quot;motion_fx_range&quot;:&quot;viewport&quot;,&quot;_animation&quot;:&quot;fadeIn&quot;,&quot;_position&quot;:&quot;absolute&quot;,&quot;motion_fx_rotateZ_affectedRange&quot;:{&quot;unit&quot;:&quot;%&quot;,&quot;size&quot;:&quot;&quot;,&quot;sizes&quot;:{&quot;start&quot;:0,&quot;end&quot;:100}},&quot;motion_fx_devices&quot;:[&quot;desktop&quot;,&quot;tablet&quot;,&quot;mobile&quot;]}\" data-widget_type=\"image.default\">\n\t\t\t\t<div class=\"elementor-widget-container\">\n\t\t\t\t\t\t\t\t\t\t\t\t\t\t\t<img loading=\"lazy\" decoding=\"async\" width=\"200\" height=\"200\" src=\"https:\/\/findvit.com\/wp-content\/uploads\/2021\/09\/ratukas.svg\" class=\"attachment-full size-full wp-image-1777\" alt=\"Wheel from questionnaire to vitamin\" \/>\t\t\t\t\t\t\t\t\t\t\t\t\t\t\t<\/div>\n\t\t\t\t<\/div>\n\t\t\t\t\t<\/div>\n\t\t<\/div>\n\t\t\t\t\t<\/div>\n\t\t<\/section>\n\t\t\t\t<section class=\"elementor-section elementor-top-section elementor-element elementor-element-00b4155 elementor-section-boxed elementor-section-height-default elementor-section-height-default\" data-id=\"00b4155\" data-element_type=\"section\">\n\t\t\t\t\t\t<div class=\"elementor-container elementor-column-gap-no\">\n\t\t\t\t\t<div class=\"elementor-column elementor-col-50 elementor-top-column elementor-element elementor-element-40432ef\" data-id=\"40432ef\" data-element_type=\"column\">\n\t\t\t<div class=\"elementor-widget-wrap elementor-element-populated\">\n\t\t\t\t\t\t<div class=\"elementor-element elementor-element-969ab7a elementor-widget elementor-widget-heading\" data-id=\"969ab7a\" data-element_type=\"widget\" data-widget_type=\"heading.default\">\n\t\t\t\t<div class=\"elementor-widget-container\">\n\t\t\t\t\t<h2 class=\"elementor-heading-title elementor-size-medium\">Trace Minerals liquid marine mineral complex, 59 ml<\/h2>\t\t\t\t<\/div>\n\t\t\t\t<\/div>\n\t\t\t\t<div class=\"elementor-element elementor-element-7dc5475 elementor-widget elementor-widget-text-editor\" data-id=\"7dc5475\" data-element_type=\"widget\" data-widget_type=\"text-editor.default\">\n\t\t\t\t<div class=\"elementor-widget-container\">\n\t\t\t\t\t\t\t\t\t<p>Concentration Trace Mineral Drops are available <strong>unique product<\/strong>, which is obtained from the water of Deep Lake. Deep lake <strong>the water is one of the cleanest and most mineral waters in the world<\/strong>.<\/p><p>Vanuo is formed from rain and snow that flow through volcanic rock over thousands of years and <strong>saturated<\/strong> it with minerals and trace elements.<\/p><p>This water is naturally concentrated and makes up 0.5% of the total volume of the lake.<\/p><p>Concentration Trace Mineral Drops <strong>is an extract of this water<\/strong>, which is separated from salt and other substances through a special technology.<\/p><h3><strong>UNDESCRIBED ABUNDANCE<\/strong><\/h3><p>This product is <strong>very concentrated<\/strong> and <strong>has more than 72 minerals<\/strong> and trace elements such as calcium, magnesium, iron, zinc, selenium, iodine, chromium, etc.<\/p><p>These minerals are essential for our body and have many beneficial properties.\u00a0<\/p><h3><strong>HIGHLY APPRECIATED<\/strong><\/h3><p>Trusted and highly reviewed by people around the world, Concentrace delights people by delivering the results they expect.<\/p><h3><strong>CONVENIENT TO USE<\/strong><\/h3><p>Concentrace Trace Mineral Drops is available in liquid form. You can add this supplement to your favorite drink or food and get all the minerals you need every day.<\/p><p>Perfect for a drinker with water or a mineral glass. Consume once or twice a day.<\/p><p>The recommended dose is 1-2 drops per 1 kg of body weight per day.<\/p><h3><strong>HIGHEST QUALITY<\/strong><\/h3><p>This product is safe and has no side effects. <br \/><br \/>It is suitable for all people, even those with allergies or intolerances.<\/p><p>Concentrace Trace Mineral Drops are certified and laboratory tested to meet the highest quality standards.<\/p><p>If you want <strong>to give yourself or your loved ones more<\/strong>, order Concentrace Trace Mineral Drops now and feel the difference. <\/p><p>If you are not sure which vitamins or other supplements\u00a0<strong>the most appropriate at the moment<\/strong>, take the test\u00a0<a style=\"background-color: #ffffff; color: #25bf4e;\" href=\"https:\/\/findvit.com\/en\/testas\/\"><strong>&quot;Your Day&quot;<\/strong><\/a>\u00a0and find out\u00a0\u00a0<strong>personal<\/strong>\u00a0recommendation!<\/p>\t\t\t\t\t\t\t\t<\/div>\n\t\t\t\t<\/div>\n\t\t\t\t\t<\/div>\n\t\t<\/div>\n\t\t\t\t<div class=\"elementor-column elementor-col-50 elementor-top-column elementor-element elementor-element-e1f8e61\" data-id=\"e1f8e61\" data-element_type=\"column\">\n\t\t\t<div class=\"elementor-widget-wrap elementor-element-populated\">\n\t\t\t\t\t\t<div class=\"elementor-element elementor-element-f99ebcc elementor-widget elementor-widget-image\" data-id=\"f99ebcc\" data-element_type=\"widget\" data-widget_type=\"image.default\">\n\t\t\t\t<div class=\"elementor-widget-container\">\n\t\t\t\t\t\t\t\t\t\t\t\t\t\t\t<img loading=\"lazy\" decoding=\"async\" width=\"900\" height=\"900\" src=\"https:\/\/findvit.com\/wp-content\/uploads\/2021\/08\/Ko-4-900x900.jpg\" class=\"attachment-large size-large wp-image-2473\" alt=\"A happy family with liquid supplements\" srcset=\"https:\/\/findvit.com\/wp-content\/uploads\/2021\/08\/Ko-4-900x900.jpg 900w, https:\/\/findvit.com\/wp-content\/uploads\/2021\/08\/Ko-4-600x600.jpg 600w, https:\/\/findvit.com\/wp-content\/uploads\/2021\/08\/Ko-4-150x150.jpg 150w, https:\/\/findvit.com\/wp-content\/uploads\/2021\/08\/Ko-4-768x768.jpg 768w, https:\/\/findvit.com\/wp-content\/uploads\/2021\/08\/Ko-4-1x1.jpg 1w, https:\/\/findvit.com\/wp-content\/uploads\/2021\/08\/Ko-4-10x10.jpg 10w, https:\/\/findvit.com\/wp-content\/uploads\/2021\/08\/Ko-4-100x100.jpg 100w, https:\/\/findvit.com\/wp-content\/uploads\/2021\/08\/Ko-4.jpg 1000w\" sizes=\"auto, (max-width: 900px) 100vw, 900px\" \/>\t\t\t\t\t\t\t\t\t\t\t\t\t\t\t<\/div>\n\t\t\t\t<\/div>\n\t\t\t\t\t<\/div>\n\t\t<\/div>\n\t\t\t\t\t<\/div>\n\t\t<\/section>\n\t\t\t\t<\/div>","protected":false},"excerpt":{"rendered":"<p>Did you know that most people are deficient in minerals? Trace Minerals Concentrate - This <strong>a complex of important micro and macro elements<\/strong>. For electrolyte balance - during active sports and in the Keto diet. Suitable for the whole family. Will enrich your drinking water with sea minerals. 48 days is enough.<\/p>","protected":false},"featured_media":2696,"comment_status":"open","ping_status":"closed","template":"","meta":{"_acf_changed":false,"inline_featured_image":false},"etheme_brands":[{"term_id":38,"name":"Trace Minerals","slug":"trace-minerals","term_group":0,"term_taxonomy_id":38,"taxonomy":"brand","description":"<h2><strong>Trace minerals<\/strong><\/h2>\r\n\"Trace Minerals\" yra \u017einomas jonini\u0173 mineralini\u0173 papild\u0173 prek\u0117s \u017eenklas, kuriuo pasitikima beveik 50 met\u0173.\r\n\r\n<strong>Gamintojo misija<\/strong>\r\n\r\n\"Trace Minerals\" mato pasaul\u012f, kuriame \u017emon\u0117s yra\r\natsakingi u\u017e savo sveikat\u0105. Laikas, kai visi \u017emon\u0117s yra nori ir gali\r\ngyventi sveikiau. Joniniai mineralai yra pasiekiami visiems norintiems. Daugiau nei 50 met\u0173 \"Trace Minerals\" prek\u0117s \u017eenklo\r\nproduktai visame pasaulyje buvo pripa\u017einti jonini\u0173 produkt\u0173 pradininkais.\r\n\r\nVisus 50 met\u0173 Trace Minerals vertyb\u0117s yra:\r\n\r\n1. Bekompromis\u0117 kokyb\u0117, nuo kurios priklauso \u017emoni\u0173 savijauta.\r\n2. Neprilygstama aptarnavimas, kuris leid\u017eia klientams \u0161ypsotis.\r\n3. Nuolatinis pajam\u0173 augimas diegiant inovacijas ir kuriant produktus.\r\n4. Ugdomieji u\u017esi\u0117mimai.\r\n5. Lyderyst\u0117 savo srities pramon\u0117je.\r\n6. Lojalumas ir s\u0105\u017einingumas patikimiems darbuotojams ir verslo partneriams.\r\n<h3><strong>Garantija<\/strong><\/h3>\r\nGamintojas tiki, kad maisto papildai tur\u0117t\u0173 atne\u0161ti pastebimus\r\nrezultatus. Trace minerals \u012fsipareigojimas siekti pastebim\u0173 rezultat\u0173 yra\r\n\"Trace Minerals research\" filosofija.\r\n\r\nBeveik penkis de\u0161imtme\u010dius \"Trace Minerals\" prek\u0117s \u017eenklo produktai pad\u0117jo \u017emon\u0117ms priimti pagr\u012fstus sprendimus pasirenkant tinkamus produktus. Trce Minerals t\u0119stinis \u012fsipareigojimas yra paprastas: gaminti auk\u0161\u010diausios kokyb\u0117s produktus, paremtus moksliniais tyrimais, pagamintus u\u017e teising\u0105 kain\u0105 ir garantuojama, kad bus\r\npagerinti gyvenimai t\u0173, kurie vartoja kokybi\u0161kus produktus. Trace minerals visada tai dar\u0117 ir toliau t\u0105 darys.\r\n\r\nhttps:\/\/youtu.be\/hbeINVcx5FY?t=77\r\n<h3><strong>Mokslas ir tyrimai<\/strong><\/h3>\r\nGamintojas gavo \u0161e\u0161i\u0173 m\u0117nesi\u0173 klinikinio tyrimo \"ConcenTrace\u00ae\" rezultatus. \"Trace Mineral Drops\", jo pavyzdinis jonini\u0173 mineralinis papildas, kuriame yra visas spektras nat\u016braliai atsirandan\u010di\u0173 mikroelement\u0173.\r\n\r\nDalyviams buvo skiriama po 40 la\u0161\u0173 ConcenTrace\u00ae arba placebo per par\u0105\r\n24 savaites. Tyrime teigiama, kad \"veiksmingum\u0105 objektyviai patvirtino\r\n\u012fvertinti s\u0105nari\u0173 kremzl\u0117s storio, s\u0105nario erdv\u0117s plo\u010dio poky\u010dius\r\nir sinovinio skys\u010dio sud\u0117tis\". 24 savai\u010di\u0173 rezultatai rodo, kad \"ultrasonografija ir sinovinio skys\u010dio tyrimas atskleid\u0117 kremzl\u0117s\r\nstrukt\u016bros pager\u0117jim\u0105\".\r\n\r\n\u0160is preliminarus tyrimas parodo, kad ConcenTrace\u00ae pagerina s\u0105nari\u0173 sveikat\u0105.\r\n<h3><strong>Sertifikatai<\/strong><\/h3>\r\nKokyb\u0117 visada buvo svarbiausias <a href=\"https:\/\/www.traceminerals.com\/\" target=\"_blank\" rel=\"noopener\">\"Trace Minerals\"<\/a> prioritetas. Per daugel\u012f met\u0173\u00a0 akylai tobulino gamybos procesus. Tikima, kad geriausi procesai padeda gaminti geriausius ir sveikiausius produktus. Tai yra pagrindin\u0117 prie\u017eastis, kod\u0117l grie\u017etai kontroliuojama produkt\u0173 kokyb\u0117 ir kod\u0117l turima daugyb\u0117 sertifikat\u0173.\r\n<ul>\r\n \t<li><a href=\"https:\/\/grmalliance.org\/\" target=\"_blank\" rel=\"noopener\">GRMA\/UL GMP Certified<\/a><\/li>\r\n \t<li>GRAS Certified<\/li>\r\n \t<li>BPA Free<\/li>\r\n \t<li>Kosher<\/li>\r\n \t<li>Halal<\/li>\r\n \t<li>Non-GMO Verified<\/li>\r\n \t<li>Transparency<\/li>\r\n<\/ul>","parent":0,"count":19,"filter":"raw"}],"product_brand":[],"product_cat":[63,64],"product_tag":[88,125,99,100],"class_list":{"0":"post-3454","1":"product","2":"type-product","3":"status-publish","4":"has-post-thumbnail","6":"brand-trace-minerals","7":"product_cat-mineralai","8":"product_cat-elektrolitai","9":"product_tag-aktyviai-organizmo-apykaitai","10":"product_tag-energijai","11":"product_tag-lankstumui-ir-dregmes-balansui","12":"product_tag-ph-balansui","14":"first","15":"outofstock","16":"taxable","17":"shipping-taxable","18":"purchasable","19":"product-type-simple"},"acf":[],"_links":{"self":[{"href":"https:\/\/findvit.com\/en\/wp-json\/wp\/v2\/product\/3454","targetHints":{"allow":["GET"]}}],"collection":[{"href":"https:\/\/findvit.com\/en\/wp-json\/wp\/v2\/product"}],"about":[{"href":"https:\/\/findvit.com\/en\/wp-json\/wp\/v2\/types\/product"}],"replies":[{"embeddable":true,"href":"https:\/\/findvit.com\/en\/wp-json\/wp\/v2\/comments?post=3454"}],"version-history":[{"count":15,"href":"https:\/\/findvit.com\/en\/wp-json\/wp\/v2\/product\/3454\/revisions"}],"predecessor-version":[{"id":18952,"href":"https:\/\/findvit.com\/en\/wp-json\/wp\/v2\/product\/3454\/revisions\/18952"}],"wp:featuredmedia":[{"embeddable":true,"href":"https:\/\/findvit.com\/en\/wp-json\/wp\/v2\/media\/2696"}],"wp:attachment":[{"href":"https:\/\/findvit.com\/en\/wp-json\/wp\/v2\/media?parent=3454"}],"wp:term":[{"taxonomy":"brand","embeddable":true,"href":"https:\/\/findvit.com\/en\/wp-json\/wp\/v2\/etheme_brands?post=3454"},{"taxonomy":"product_brand","embeddable":true,"href":"https:\/\/findvit.com\/en\/wp-json\/wp\/v2\/product_brand?post=3454"},{"taxonomy":"product_cat","embeddable":true,"href":"https:\/\/findvit.com\/en\/wp-json\/wp\/v2\/product_cat?post=3454"},{"taxonomy":"product_tag","embeddable":true,"href":"https:\/\/findvit.com\/en\/wp-json\/wp\/v2\/product_tag?post=3454"}],"curies":[{"name":"wp","href":"https:\/\/api.w.org\/{rel}","templated":true}]}}