{"id":3764,"date":"2021-11-17T18:35:15","date_gmt":"2021-11-17T16:35:15","guid":{"rendered":"https:\/\/findvit.com\/?post_type=product&#038;p=3764"},"modified":"2026-03-29T19:19:12","modified_gmt":"2026-03-29T16:19:12","slug":"carlson-omega","status":"publish","type":"product","link":"https:\/\/findvit.com\/en\/produktas\/carlson-omega\/","title":{"rendered":"SUPER OMEGA-3 &#8211; norvegi\u0161ki \u017euv\u0173 taukai su Omega-3, didel\u0117 koncentracija, 100+30 kapsuli\u0173"},"content":{"rendered":"<div data-elementor-type=\"product-post\" data-elementor-id=\"3764\" class=\"elementor elementor-3764\" data-elementor-post-type=\"product\">\n\t\t\t\t\t\t<section class=\"elementor-section elementor-top-section elementor-element elementor-element-1374618 elementor-section-boxed elementor-section-height-default elementor-section-height-default\" data-id=\"1374618\" data-element_type=\"section\">\n\t\t\t\t\t\t<div class=\"elementor-container elementor-column-gap-default\">\n\t\t\t\t\t<div class=\"elementor-column elementor-col-100 elementor-top-column elementor-element elementor-element-65d24b2b\" data-id=\"65d24b2b\" data-element_type=\"column\">\n\t\t\t<div class=\"elementor-widget-wrap elementor-element-populated\">\n\t\t\t\t\t\t<div class=\"elementor-element elementor-element-310930d1 elementor-absolute elementor-hidden-mobile elementor-invisible elementor-widget elementor-widget-image\" data-id=\"310930d1\" data-element_type=\"widget\" data-settings=\"{&quot;motion_fx_motion_fx_scrolling&quot;:&quot;yes&quot;,&quot;motion_fx_rotateZ_effect&quot;:&quot;yes&quot;,&quot;motion_fx_rotateZ_speed&quot;:{&quot;unit&quot;:&quot;px&quot;,&quot;size&quot;:5,&quot;sizes&quot;:[]},&quot;motion_fx_range&quot;:&quot;viewport&quot;,&quot;_animation&quot;:&quot;fadeIn&quot;,&quot;_position&quot;:&quot;absolute&quot;,&quot;motion_fx_rotateZ_affectedRange&quot;:{&quot;unit&quot;:&quot;%&quot;,&quot;size&quot;:&quot;&quot;,&quot;sizes&quot;:{&quot;start&quot;:0,&quot;end&quot;:100}},&quot;motion_fx_devices&quot;:[&quot;desktop&quot;,&quot;tablet&quot;,&quot;mobile&quot;]}\" data-widget_type=\"image.default\">\n\t\t\t\t<div class=\"elementor-widget-container\">\n\t\t\t\t\t\t\t\t\t\t\t\t\t\t\t<img loading=\"lazy\" decoding=\"async\" width=\"200\" height=\"200\" src=\"https:\/\/findvit.com\/wp-content\/uploads\/2021\/09\/ratukas.svg\" class=\"attachment-full size-full wp-image-1777\" alt=\"Wheel from questionnaire to vitamin\" \/>\t\t\t\t\t\t\t\t\t\t\t\t\t\t\t<\/div>\n\t\t\t\t<\/div>\n\t\t\t\t\t<\/div>\n\t\t<\/div>\n\t\t\t\t\t<\/div>\n\t\t<\/section>\n\t\t\t\t<section class=\"elementor-section elementor-top-section elementor-element elementor-element-1c9d2c0 elementor-section-boxed elementor-section-height-default elementor-section-height-default\" data-id=\"1c9d2c0\" data-element_type=\"section\">\n\t\t\t\t\t\t<div class=\"elementor-container elementor-column-gap-no\">\n\t\t\t\t\t<div class=\"elementor-column elementor-col-50 elementor-top-column elementor-element elementor-element-1c2641ec\" data-id=\"1c2641ec\" data-element_type=\"column\">\n\t\t\t<div class=\"elementor-widget-wrap elementor-element-populated\">\n\t\t\t\t\t\t<div class=\"elementor-element elementor-element-47a60f12 elementor-widget elementor-widget-heading\" data-id=\"47a60f12\" data-element_type=\"widget\" data-widget_type=\"heading.default\">\n\t\t\t\t<div class=\"elementor-widget-container\">\n\t\t\t\t\t<h2 class=\"elementor-heading-title elementor-size-medium\">SUPER OMEGA-3 &#8211; norvegi\u0161ki \u017euv\u0173 taukai su Omega-3, didel\u0117 koncentracija, 100+30 kapsuli\u0173<\/h2>\t\t\t\t<\/div>\n\t\t\t\t<\/div>\n\t\t\t\t<div class=\"elementor-element elementor-element-32fe367e elementor-widget elementor-widget-text-editor\" data-id=\"32fe367e\" data-element_type=\"widget\" data-widget_type=\"text-editor.default\">\n\t\t\t\t<div class=\"elementor-widget-container\">\n\t\t\t\t\t\t\t\t\t<p>Imagine the purest, cold Norwegian waters gift - Carlson Omega-3 Norwegian Fish Oil, every drop of which <strong>a source of clean health and vitality.<\/strong> It&#039;s not just a supplement, it&#039;s part of your daily routine <strong>enrichment<\/strong>, allowing <strong>feel the power of nature<\/strong> and <strong>love for your body<\/strong>.<\/p><h3><strong>Carlson Omega-3 Premium Fish Oil - Your Health with Nature<\/strong><\/h3><p>Help your well-being with Carlson Omega-3 Fish Oil, made from wild, deep-sea anchovies and sardines. This fish oil is a benchmark of sustainability and ecology, helping to maintain not only personal health, but also the well-being of our planet.<\/p><h2><strong>Global exclusivity<\/strong><\/h2><p>To ensure maximum freshness, Carlson omega-3s are carefully maintained from sea to store. Using traditional and sustainable methods, the highest quality deep sea cold water fish are sourced. <strong>Guaranteed freshness, strength and purity, <\/strong>which are proven by the world&#039;s highest standards and certificates:<img loading=\"lazy\" decoding=\"async\" class=\"alignnone size-medium wp-image-17241\" src=\"https:\/\/findvit.com\/wp-content\/uploads\/2024\/06\/carlson-labs-pasauliniai-standartai-600x600.jpg\" alt=\"carlson labs global standards\" width=\"600\" height=\"600\" srcset=\"https:\/\/findvit.com\/wp-content\/uploads\/2024\/06\/carlson-labs-pasauliniai-standartai-600x600.jpg 600w, https:\/\/findvit.com\/wp-content\/uploads\/2024\/06\/carlson-labs-pasauliniai-standartai-900x900.jpg 900w, https:\/\/findvit.com\/wp-content\/uploads\/2024\/06\/carlson-labs-pasauliniai-standartai-150x150.jpg 150w, https:\/\/findvit.com\/wp-content\/uploads\/2024\/06\/carlson-labs-pasauliniai-standartai-768x768.jpg 768w, https:\/\/findvit.com\/wp-content\/uploads\/2024\/06\/carlson-labs-pasauliniai-standartai-400x400.jpg 400w, https:\/\/findvit.com\/wp-content\/uploads\/2024\/06\/carlson-labs-pasauliniai-standartai-100x100.jpg 100w, https:\/\/findvit.com\/wp-content\/uploads\/2024\/06\/carlson-labs-pasauliniai-standartai-1x1.jpg 1w, https:\/\/findvit.com\/wp-content\/uploads\/2024\/06\/carlson-labs-pasauliniai-standartai-10x10.jpg 10w, https:\/\/findvit.com\/wp-content\/uploads\/2024\/06\/carlson-labs-pasauliniai-standartai.jpg 1000w\" sizes=\"auto, (max-width: 600px) 100vw, 600px\" \/><\/p><h3><strong>High recognition<\/strong><\/h3><p><strong>Extremely concentrated and pure\u00a0<\/strong> Norwegian fish oil in which <strong>even 50%<\/strong>\u00a0 Omega 3 fatty acids.<\/p><p>Extracted from anchovies, sardines and others <strong>free-swimming fish<\/strong>. Together <strong>with Vitamin E<\/strong>.\u00a0<\/p><p>In two <strong>SUPER OMEGA 3<\/strong> the capsule is even <strong>600 mg EPR <\/strong>and <strong>400 mg of DHA <\/strong>Omega 3 fatty acids. And even 2 gr. fish oil.<\/p><p><strong>DHA<\/strong> important normally<br \/>to support brain function.<br \/><strong>DHA<\/strong> helps save<br \/>normal vision.<br \/><strong>EPR<\/strong> and <strong>DHA\u00a0<\/strong> important for normal heart function.<\/p><h3><strong>Why should you choose Norwegian fish oil - Carlson Omega-3?<\/strong><\/h3><ul><li><strong>Premium Health Supplements:<\/strong> Norwegian Fish Oil is enriched with EPA and DHA in every serving, essential Omega-3 fatty acids that are vital for the heart, mind and vision, giving your body optimal performance.<\/li><li><strong>Impeccable Cleanliness and Freshness:<\/strong> Our fish oil is extracted using a gentle cold-pressing process that prevents the fish oil from losing its natural properties and without the addition of any chemicals or synthetic additives. This ensures the product is free from contaminants such as PCBs and heavy metals that are often found in other lower quality supplements.<\/li><li><strong>Sustainability is in Our Heart:<\/strong> Committed to the environment, we ensure that our fish oils are certified according to the strictest standards for the protection of marine resources. By choosing Carlson, you are contributing to sustainable fishing practices that help preserve our oceans for future generations.<\/li><li><strong>Pleasant Usage:<\/strong> Our fish oil is easy to consume thanks to its capsule form, allowing you to enjoy the daily benefits of Omega-3 without any fishy aftertaste.<\/li><\/ul><h3><strong>Positive effect.<\/strong><\/h3><p>Especially <strong>is recommended<\/strong> to consume <strong>for those who do sports<\/strong>, active <strong>mental work<\/strong> working and <strong>older age<\/strong> to people.<\/p><h3><strong>Norwegian Fish Oil:<\/strong><\/h3><ul><li><strong>For the nervous system<\/strong><\/li><li><strong>For immunity<\/strong><\/li><li><strong>For the eyes<\/strong><\/li><li><strong>For joints<\/strong><\/li><\/ul><p><strong>Purity<\/strong> and <strong>strong concentration<\/strong> are the most important aspects when we talk about <strong>Super Omega 3 <\/strong>\u00a0fish oil, with <strong>HIGH 50% <\/strong>concentration. A variety of small fish are used for this fish oil <strong>ocean fish such as anchovies, mackerel, stripers.\u00a0<\/strong><\/p><p>Fishing is carried out without harming natural resources.<\/p><p><strong>For adults <\/strong>it is recommended to take 1 to 2 Omega-3 capsules per day, taken with a meal. When used prophylactically, this dose ensures an optimal amount of omega fatty acids <strong>even for 4 months.<\/strong><\/p><p><strong>Convenient to use.<\/strong><\/p><p>How <strong>find out<\/strong> which <strong>yet<\/strong> vitamins, minerals or fortifying products\u00a0 <strong>the most appropriate at the moment<\/strong>?  Try a free test <a href=\"https:\/\/findvit.com\/en\/testas\/\"><strong>&quot;Your Day&quot;<\/strong><\/a>, and get a personal recommendation. You will learn the needs of the body and what will help you feel good!<\/p><h3><strong>Trusted Brand:<\/strong><\/h3><p>With recommendations from over 2,000 health professionals and a high level of customer satisfaction, Carlson stands out as a leader in Omega-3 supplements. Our commitment to quality, purity and efficacy means you get the best Norwegian fish on the market<\/p><p>Manufacturer -<a href=\"https:\/\/findvit.com\/en\/gamintojas\/carlson-lab\/\" target=\"_blank\" rel=\"noopener\"> &quot;Carlson lab&quot;, which has won many prestigious awards for the high quality of its products.<\/a><\/p><p><iframe loading=\"lazy\" title=\"YouTube video player\" src=\"https:\/\/www.youtube.com\/embed\/OOBEqoMuX-I\" width=\"560\" height=\"315\" frameborder=\"0\" allowfullscreen=\"allowfullscreen\"><\/iframe><\/p><ul><li><strong>Fish grown naturally in the wild<\/strong><\/li><li><strong>IFOS and IGEN non-GMO international certificates<\/strong><\/li><li><strong>Guaranteed freshness<\/strong><\/li><li><strong>Co-concentration and purity ensured<\/strong><\/li><\/ul><p>Useful information on Omega 3 and fish oil can be found at:<\/p><ul><li><strong><a href=\"https:\/\/findvit.com\/en\/omega-3-nauda-verta-zinoti\/\" target=\"_blank\" rel=\"noopener\">Omega-3 benefits: worth knowing<\/a><\/strong><\/li><li><strong><a href=\"https:\/\/findvit.com\/en\/maisto-produktai-kuriuose-yra-labai-daug-omega-3\/\" target=\"_blank\" rel=\"noopener\">Foods that are very rich in omega 3<\/a><\/strong><\/li><\/ul>\t\t\t\t\t\t\t\t<\/div>\n\t\t\t\t<\/div>\n\t\t\t\t\t<\/div>\n\t\t<\/div>\n\t\t\t\t<div class=\"elementor-column elementor-col-50 elementor-top-column elementor-element elementor-element-15f5dfaa\" data-id=\"15f5dfaa\" data-element_type=\"column\">\n\t\t\t<div class=\"elementor-widget-wrap elementor-element-populated\">\n\t\t\t\t\t\t<div class=\"elementor-element elementor-element-434ce479 elementor-widget elementor-widget-image\" data-id=\"434ce479\" data-element_type=\"widget\" data-widget_type=\"image.default\">\n\t\t\t\t<div class=\"elementor-widget-container\">\n\t\t\t\t\t\t\t\t\t\t\t\t\t\t\t<img loading=\"lazy\" decoding=\"async\" width=\"600\" height=\"600\" src=\"https:\/\/findvit.com\/wp-content\/uploads\/2021\/10\/koliazai-17-600x600.jpg\" class=\"attachment-medium size-medium wp-image-3818\" alt=\"Fish oil omega 3 A family solves a puzzle\" srcset=\"https:\/\/findvit.com\/wp-content\/uploads\/2021\/10\/koliazai-17-600x600.jpg 600w, https:\/\/findvit.com\/wp-content\/uploads\/2021\/10\/koliazai-17-900x900.jpg 900w, https:\/\/findvit.com\/wp-content\/uploads\/2021\/10\/koliazai-17-150x150.jpg 150w, https:\/\/findvit.com\/wp-content\/uploads\/2021\/10\/koliazai-17-768x768.jpg 768w, https:\/\/findvit.com\/wp-content\/uploads\/2021\/10\/koliazai-17-1x1.jpg 1w, https:\/\/findvit.com\/wp-content\/uploads\/2021\/10\/koliazai-17-10x10.jpg 10w, https:\/\/findvit.com\/wp-content\/uploads\/2021\/10\/koliazai-17-100x100.jpg 100w, https:\/\/findvit.com\/wp-content\/uploads\/2021\/10\/koliazai-17-e1637411946168.jpg 1001w\" sizes=\"auto, (max-width: 600px) 100vw, 600px\" \/>\t\t\t\t\t\t\t\t\t\t\t\t\t\t\t<\/div>\n\t\t\t\t<\/div>\n\t\t\t\t\t<\/div>\n\t\t<\/div>\n\t\t\t\t\t<\/div>\n\t\t<\/section>\n\t\t\t\t<\/div>","protected":false},"excerpt":{"rendered":"<p>Extremely <strong>concentrated and pure<\/strong> Carlson Lab Norwegian fish oil in Super Omega-3 capsules. Increased levels of Omega-3 DHA and EPA fatty acids. <strong>With vitamin E<\/strong>. Omega-3 acids are important and necessary every day. EPR and DHA are important in normal<strong> heart activity<\/strong>. Award-winning fish oil manufacturer in the world.<\/p>","protected":false},"featured_media":23290,"comment_status":"open","ping_status":"closed","template":"","meta":{"_acf_changed":false,"inline_featured_image":false},"etheme_brands":[{"term_id":132,"name":"Carlson Lab","slug":"carlson-lab","term_group":0,"term_taxonomy_id":132,"taxonomy":"brand","description":"<h2><a href=\"https:\/\/carlsonlabs.com\/about-us\" target=\"_blank\" rel=\"noopener\"><strong>Carlson labs<\/strong><\/a><\/h2>\r\n<strong>Apdovanojimus pelniusi u\u017e kokyb\u0119 nuo 1965 m.<\/strong>\r\n\r\n\"Carlson Labs\"\u00a0 pasaulyje gerai \u017einoma kokybi\u0161k\u0173 papild\u0173 gamintoja . Gamina tik\u00a0 grynus, kokybi\u0161kus \u017euv\u0173 taukus, vitaminus, mineralus. Kompanija\u00a0 savo veikl\u0105 prad\u0117jo prie\u0161 daugiau nei 50 met\u0173. Yra gavusi pasaulinius apdovanojimus u\u017e savo auk\u0161tos kokyb\u0117s maisto papildus.\r\n\r\nhttps:\/\/youtu.be\/OOBEqoMuX-I?t=32\r\n<h3><strong>Gero skonio Omega-3<\/strong><\/h3>\r\n1980-\u0173j\u0173 prad\u017eioje kompanija pad\u0117jo gaminti omega-3 ir tiekti \u0160iaur\u0117s Amerikos rinkai. Tai dar\u0117 importuodami savo pirmuosius auk\u0161tos kokyb\u0117s, puikaus skonio, tvarius \u017euv\u0173 taukus i\u0161 Norvegijos.\r\n<h3><strong>Kod\u0117l Carlson labs Omega-3<\/strong><\/h3>\r\nM\u016bs\u0173 omega-3 produktai gimsta, akylai stebint vis\u0105 proces\u0105, nuo j\u016bros iki parduotuv\u0117s. \u017duvys gaunamos auk\u0161\u010diausios kokyb\u0117s (giliavanden\u0117s, \u0161alt\u0173j\u0173 vanden\u0173, kurios pagautos tradiciniais, tvariais metodais). Skysti \u017euv\u0173 taukai i\u0161pilstomi \u012f butelius su antioksidantais ir jiems suteikiamas azoto praplovimas, kad b\u016bt\u0173 pa\u0161alintas deguonis ir i\u0161vengta oksidacijos. \u017duv\u0173 taukai kapsuliuojami naudojant tuos pa\u010dius auk\u0161tus standartus. Visi Carlson omega-3 yra i\u0161bandyti FDA registruotoje laboratorijoje d\u0117l \u0161vie\u017eumo ir grynumo.\r\n<h3><strong>\u017duv\u0173 tauk\u0173 formos<\/strong><\/h3>\r\n\u017duv\u0173 taukai paprastai yra trij\u0173 form\u0173: TG (nat\u016bralus trigliceridas), EE (etilo esteris), rTG (reesterintas trigliceridas). Nesvarbu, ar pasirinksite TG, EE ar rTG \u017euv\u0173 taukus, EPR ir DHR kiek\u012f kraujyje galima lengvai padidinti iki optimalaus kiekio, naudojant minimalias paros dozes.\r\n\r\nOmega-3 papildai i\u0161 \u017euv\u0173 tauk\u0173 yra svarb\u016bs papildai, skirti vartoti ilg\u0105 laik\u0105 d\u0117l naudos, susijusios su EPR ir DHR raudon\u0173j\u0173 kraujo k\u016bneli\u0173 koncentracijos. Tinkama, bet kokios formos doz\u0117 gali pad\u0117ti i\u0161laikyti optimal\u0173 omega-3 kiek\u012f kraujyje.\r\n<h3><strong>Kod\u0117l Omega-3<\/strong><\/h3>\r\nYra daugiau nei 30 000 paskelbt\u0173 omega-3 tyrim\u0173, tod\u0117l jie yra vienos i\u0161 labiausiai i\u0161tirt\u0173 maistini\u0173 med\u017eiag\u0173 pasaulyje. Omega-3 suteikia daug svarbios naudos sveikatai, pradedant smegen\u0173 ir \u0161irdies sveikata, baigiant nuotaika ir odos sveikata. Ir jie laikomi \"b\u016btinais\", nes m\u016bs\u0173 k\u016bnas negali j\u0173 pasigaminti, tod\u0117l turime juos gauti i\u0161 savo kasdien\u0117s mitybos. Kadangi dauguma i\u0161 m\u016bs\u0173 nevalgo daug \u017euvies, \u017euv\u0173 tauk\u0173 papildai gali b\u016bti puikus pasirinkimas.\r\n\r\nDaugiau naudingos informacijos apie \u017euv\u0173 tauk\u0173 naud\u0105 galim\u0105 rasti straipsnyje:\r\n\r\n<a href=\"https:\/\/findvit.com\/omega-3-poveikis\/\" target=\"_blank\" rel=\"noopener\">Omega 3 poveikis<\/a>\r\n\r\n<a href=\"https:\/\/findvit.com\/maisto-produktai-kuriuose-yra-labai-daug-omega-3\/\">Maisto produktai, kuriuose yra labai daug omega-3<\/a>\r\n\r\n<a href=\"https:\/\/findvit.com\/omega-3-nauda-verta-zinoti\/\" target=\"_blank\" rel=\"noopener\">Omega-3 nauda: verta \u017einoti<\/a>","parent":0,"count":1,"filter":"raw"}],"product_brand":[],"product_cat":[646,645,651,15,124],"product_tag":[659],"class_list":{"0":"post-3764","1":"product","2":"type-product","3":"status-publish","4":"has-post-thumbnail","6":"brand-carlson-lab","7":"product_cat-papildai-moterims","8":"product_cat-geriausi-papildai-vyrams","9":"product_cat-vitaminai-ir-papildai-ziemai","10":"product_cat-produktai","11":"product_cat-siamsezonui","12":"product_tag-istvermei-groziui-is-vidaus-moterims","14":"first","15":"instock","16":"sale","17":"featured","18":"taxable","19":"shipping-taxable","20":"purchasable","21":"product-type-simple"},"acf":[],"_links":{"self":[{"href":"https:\/\/findvit.com\/en\/wp-json\/wp\/v2\/product\/3764","targetHints":{"allow":["GET"]}}],"collection":[{"href":"https:\/\/findvit.com\/en\/wp-json\/wp\/v2\/product"}],"about":[{"href":"https:\/\/findvit.com\/en\/wp-json\/wp\/v2\/types\/product"}],"replies":[{"embeddable":true,"href":"https:\/\/findvit.com\/en\/wp-json\/wp\/v2\/comments?post=3764"}],"version-history":[{"count":88,"href":"https:\/\/findvit.com\/en\/wp-json\/wp\/v2\/product\/3764\/revisions"}],"predecessor-version":[{"id":21249,"href":"https:\/\/findvit.com\/en\/wp-json\/wp\/v2\/product\/3764\/revisions\/21249"}],"wp:featuredmedia":[{"embeddable":true,"href":"https:\/\/findvit.com\/en\/wp-json\/wp\/v2\/media\/23290"}],"wp:attachment":[{"href":"https:\/\/findvit.com\/en\/wp-json\/wp\/v2\/media?parent=3764"}],"wp:term":[{"taxonomy":"brand","embeddable":true,"href":"https:\/\/findvit.com\/en\/wp-json\/wp\/v2\/etheme_brands?post=3764"},{"taxonomy":"product_brand","embeddable":true,"href":"https:\/\/findvit.com\/en\/wp-json\/wp\/v2\/product_brand?post=3764"},{"taxonomy":"product_cat","embeddable":true,"href":"https:\/\/findvit.com\/en\/wp-json\/wp\/v2\/product_cat?post=3764"},{"taxonomy":"product_tag","embeddable":true,"href":"https:\/\/findvit.com\/en\/wp-json\/wp\/v2\/product_tag?post=3764"}],"curies":[{"name":"wp","href":"https:\/\/api.w.org\/{rel}","templated":true}]}}