{"id":3772,"date":"2021-11-17T18:46:40","date_gmt":"2021-11-17T16:46:40","guid":{"rendered":"https:\/\/findvit.com\/?post_type=product&#038;p=3772"},"modified":"2026-03-06T16:56:21","modified_gmt":"2026-03-06T14:56:21","slug":"organic-psyllium-husks-naturalios-skaidulos","status":"publish","type":"product","link":"https:\/\/findvit.com\/en\/produktas\/organic-psyllium-husks-naturalios-skaidulos\/","title":{"rendered":"KIKI Health Organic PSYLLIUM HUSKS - Natural Fiber for the gut, 120 capsules"},"content":{"rendered":"<div data-elementor-type=\"product-post\" data-elementor-id=\"3772\" class=\"elementor elementor-3772\" data-elementor-post-type=\"product\">\n\t\t\t\t\t\t<section class=\"elementor-section elementor-top-section elementor-element elementor-element-5701a54d elementor-section-boxed elementor-section-height-default elementor-section-height-default\" data-id=\"5701a54d\" data-element_type=\"section\">\n\t\t\t\t\t\t<div class=\"elementor-container elementor-column-gap-default\">\n\t\t\t\t\t<div class=\"elementor-column elementor-col-100 elementor-top-column elementor-element elementor-element-406f42a3\" data-id=\"406f42a3\" data-element_type=\"column\">\n\t\t\t<div class=\"elementor-widget-wrap\">\n\t\t\t\t\t\t\t<\/div>\n\t\t<\/div>\n\t\t\t\t\t<\/div>\n\t\t<\/section>\n\t\t\t\t<section class=\"elementor-section elementor-top-section elementor-element elementor-element-5420c579 elementor-section-boxed elementor-section-height-default elementor-section-height-default\" data-id=\"5420c579\" data-element_type=\"section\">\n\t\t\t\t\t\t<div class=\"elementor-container elementor-column-gap-no\">\n\t\t\t\t\t<div class=\"elementor-column elementor-col-50 elementor-top-column elementor-element elementor-element-17f2d53e\" data-id=\"17f2d53e\" data-element_type=\"column\">\n\t\t\t<div class=\"elementor-widget-wrap elementor-element-populated\">\n\t\t\t\t\t\t<div class=\"elementor-element elementor-element-d9f2e0c elementor-widget elementor-widget-heading\" data-id=\"d9f2e0c\" data-element_type=\"widget\" data-widget_type=\"heading.default\">\n\t\t\t\t<div class=\"elementor-widget-container\">\n\t\t\t\t\t<h3 class=\"elementor-heading-title elementor-size-medium\">KIKI Health Organic PSYLLIUM HUSKS - Natural Fiber for the gut, 120 capsules<\/h3>\t\t\t\t<\/div>\n\t\t\t\t<\/div>\n\t\t\t\t<div class=\"elementor-element elementor-element-35c01194 elementor-widget elementor-widget-text-editor\" data-id=\"35c01194\" data-element_type=\"widget\" data-widget_type=\"text-editor.default\">\n\t\t\t\t<div class=\"elementor-widget-container\">\n\t\t\t\t\t\t\t\t\t<p>KIKI Psyllium fiber is a natural and organic helper.<\/p><p>It is one of the most valuable fibers <strong>whitish plantain peels<\/strong> (lat. Plantago ovata). <strong>Mild effect.<\/strong><\/p><p>KIKI Psyllium fiber is a soluble fiber that comes from a natural and organic plant that grows in India and Pakistan. It is one of the best sources of fiber as it has more soluble fiber than 80%.<\/p><p><img loading=\"lazy\" decoding=\"async\" class=\"alignnone size-medium wp-image-15873\" src=\"https:\/\/findvit.com\/wp-content\/uploads\/2021\/11\/kiki-health-psyllium-husks-kapsules-600x600.jpg\" alt=\"kiki health psyllium husks capsules\" width=\"600\" height=\"600\" srcset=\"https:\/\/findvit.com\/wp-content\/uploads\/2021\/11\/kiki-health-psyllium-husks-kapsules-600x600.jpg 600w, https:\/\/findvit.com\/wp-content\/uploads\/2021\/11\/kiki-health-psyllium-husks-kapsules-900x900.jpg 900w, https:\/\/findvit.com\/wp-content\/uploads\/2021\/11\/kiki-health-psyllium-husks-kapsules-150x150.jpg 150w, https:\/\/findvit.com\/wp-content\/uploads\/2021\/11\/kiki-health-psyllium-husks-kapsules-768x768.jpg 768w, https:\/\/findvit.com\/wp-content\/uploads\/2021\/11\/kiki-health-psyllium-husks-kapsules-400x400.jpg 400w, https:\/\/findvit.com\/wp-content\/uploads\/2021\/11\/kiki-health-psyllium-husks-kapsules-100x100.jpg 100w, https:\/\/findvit.com\/wp-content\/uploads\/2021\/11\/kiki-health-psyllium-husks-kapsules-1x1.jpg 1w, https:\/\/findvit.com\/wp-content\/uploads\/2021\/11\/kiki-health-psyllium-husks-kapsules-10x10.jpg 10w, https:\/\/findvit.com\/wp-content\/uploads\/2021\/11\/kiki-health-psyllium-husks-kapsules.jpg 1000w\" sizes=\"auto, (max-width: 600px) 100vw, 600px\" \/><\/p><p><strong>Has no calories.<\/strong><\/p><p>Shell capsule: hypromellose, helps <strong>to protect<\/strong> product ingredients from <strong>harmful effects of stomach acid.<\/strong><\/p><p>Without salt, sugar, yeast, <strong>artificial dyes, preservatives, chemical solvents, artificial additives<\/strong> or any fillers.<\/p><p>Suitable for vegetarians and vegans. Natural health supplement<strong> gluten and wheat free. GMO free, toxin free, chemical free.<\/strong> Enough until <strong>120 days.<\/strong><\/p><p><strong>Protective Dark Glass packaging.<\/strong><\/p><p><strong>Manufacturer KIKI HEALTH<\/strong> is an innovative company that creates only healthy products to nurture beauty and strengthen the body.<\/p><p>They believe that only <strong>the purest ingredients have the most effective effect<\/strong>.<\/p><p>All the ingredients included in the composition of the products are carefully selected and ethically processed in order to preserve and maximize the effectiveness and benefits, as well as ensuring perfect bioavailability.<\/p><p><span lang=\"lt\"><strong>The KIKI HEALTH promise<\/strong><br \/><\/span><\/p><ul><li><span lang=\"lt\">The highest quality plant-based organic ingredients<\/span><\/li><li><span lang=\"lt\">Ethics, integrity and purity in the production process<\/span><\/li><li><span lang=\"lt\">Certified organic or wild ingredients<\/span><\/li><li><span lang=\"lt\">No compromises with synthetic additives, binders, fillers or other harmful substances.<\/span><\/li><li><span lang=\"lt\">GMO, gluten, wheat free.<br \/><\/span><\/li><\/ul><div>If you are not sure which vitamins or other supplements\u00a0<strong>the most appropriate at the moment<\/strong>, take the test\u00a0<a style=\"background-color: #ffffff; color: #25bf4e;\" href=\"https:\/\/findvit.com\/en\/testas\/\"><strong>&quot;Your Day&quot;<\/strong><\/a>\u00a0and find out\u00a0\u00a0<strong>personal<\/strong>\u00a0recommendation!<span style=\"font-size: 15.96px;\"><br \/><\/span><\/div><p id=\"tw-target-text\" class=\"tw-data-text tw-text-large XcVN5d tw-ta\" dir=\"ltr\" data-placeholder=\"Translation\">\u00a0<\/p>\t\t\t\t\t\t\t\t<\/div>\n\t\t\t\t<\/div>\n\t\t\t\t\t<\/div>\n\t\t<\/div>\n\t\t\t\t<div class=\"elementor-column elementor-col-50 elementor-top-column elementor-element elementor-element-27803623\" data-id=\"27803623\" data-element_type=\"column\">\n\t\t\t<div class=\"elementor-widget-wrap elementor-element-populated\">\n\t\t\t\t\t\t<div class=\"elementor-element elementor-element-2ae89b35 elementor-widget elementor-widget-image\" data-id=\"2ae89b35\" data-element_type=\"widget\" data-widget_type=\"image.default\">\n\t\t\t\t<div class=\"elementor-widget-container\">\n\t\t\t\t\t\t\t\t\t\t\t\t\t\t\t<img loading=\"lazy\" decoding=\"async\" width=\"900\" height=\"900\" src=\"https:\/\/findvit.com\/wp-content\/uploads\/2021\/11\/koliazai-15-900x900.jpg\" class=\"attachment-large size-large wp-image-3823\" alt=\"Beautiful female skin using supplements\" srcset=\"https:\/\/findvit.com\/wp-content\/uploads\/2021\/11\/koliazai-15-900x900.jpg 900w, https:\/\/findvit.com\/wp-content\/uploads\/2021\/11\/koliazai-15-600x600.jpg 600w, https:\/\/findvit.com\/wp-content\/uploads\/2021\/11\/koliazai-15-150x150.jpg 150w, https:\/\/findvit.com\/wp-content\/uploads\/2021\/11\/koliazai-15-768x768.jpg 768w, https:\/\/findvit.com\/wp-content\/uploads\/2021\/11\/koliazai-15-1x1.jpg 1w, https:\/\/findvit.com\/wp-content\/uploads\/2021\/11\/koliazai-15-10x10.jpg 10w, https:\/\/findvit.com\/wp-content\/uploads\/2021\/11\/koliazai-15-100x100.jpg 100w, https:\/\/findvit.com\/wp-content\/uploads\/2021\/11\/koliazai-15-e1637516776328.jpg 1001w\" sizes=\"auto, (max-width: 900px) 100vw, 900px\" \/>\t\t\t\t\t\t\t\t\t\t\t\t\t\t\t<\/div>\n\t\t\t\t<\/div>\n\t\t\t\t\t<\/div>\n\t\t<\/div>\n\t\t\t\t\t<\/div>\n\t\t<\/section>\n\t\t\t\t<\/div>","protected":false},"excerpt":{"rendered":"<p>Fiber for the gut. <strong>Natural<\/strong>, in capsules. Such fibers are very convenient and easy to use - you don&#039;t have to wait for them to swell. Creates a feeling of satiety- <strong>helps control appetite<\/strong>. Perfect for those who want to lose weight. <strong>Restores healthy digestion<\/strong> and smooth bowel function. <strong>It helps<\/strong> with defecation problems. This natural dietary fiber is made from the seed hulls of the Plantago Ovata plant, which is not genetically modified or chemically treated. This is 100% organic food supplement.<\/p>","protected":false},"featured_media":23288,"comment_status":"open","ping_status":"closed","template":"","meta":{"_acf_changed":false,"inline_featured_image":false},"etheme_brands":[{"term_id":28,"name":"Kiki Health","slug":"kiki-health","term_group":0,"term_taxonomy_id":28,"taxonomy":"brand","description":"<h2><a href=\"https:\/\/kiki-health.com\/about-us\/\" target=\"_blank\" rel=\"noopener\"><strong>KIKI Health<\/strong><\/a><\/h2>\r\nKIKI yra prek\u0117s \u017eenklas, kuriantis novatori\u0161kus maisto papildus.\r\n\r\nKIKI yra pripa\u017eintas ir gerbiamas, kaip sveikos gyvensenos produkt\u0173 ir individualumo bei meistri\u0161kumo standartas.\r\n\r\nKIKI gim\u0117 i\u0161 noro skatinti optimali\u0105 sveikat\u0105 ir gerov\u0119, m\u016bs\u0173 tikslas ir aistra yra \u012fsigyti auk\u0161\u010diausios kokyb\u0117s, grynumo produktus i\u0161 viso pasaulio, kurie pad\u0117t\u0173 gro\u017eiui ir sveikatai.\r\n\r\nNuo pat prad\u017ei\u0173 ir iki \u0161iol KIKI Health niekada nedaro kompromis\u0173 ir nededa pried\u0173 bei naudoja prastesni\u0173 ingredient\u0173 - tik nat\u016bralios 100% veikliosios med\u017eiagos.\r\n\r\nhttps:\/\/youtu.be\/irT0ZUOzBac?t=45\r\n<h3><strong>Nat\u016braliai turtingi <\/strong><strong>vitaminais, mineralais ir b\u016btinomis\u00a0 veikliosiomis med\u017eiagomis<\/strong><\/h3>\r\nDaugelis \"KIKI Health\" produkt\u0173 turintys augalini\u0173 ir maistini\u0173 med\u017eiag\u0173\u00a0 yra sertifikuoti, kaip ekologi\u0161ki.\r\n\r\nI\u0161naudodami stiprias augalin\u0117s kilm\u0117s, nat\u016brali\u0173 ingredient\u0173 galias, kupinas esmini\u0173 augal\u0173 veikli\u0173j\u0173 med\u017eiag\u0173, vitamin\u0173 ir mineral\u0173, kad suteikt\u0173 smegenims, odai ir k\u016bnui neprilygstam\u0105 pagalb\u0105.\r\n\r\nKIKI Health tikslas yra u\u017etikrinti, kad mi\u0161iniuose neb\u016bt\u0173 sintetikos, konservant\u0173, u\u017epild\u0173 ir ri\u0161ikli\u0173, u\u017etikrinant, kad ir toliau gamint\u0173 veiksmingus, \u0161varius ir saugius papildus.\r\n\r\nPagaminta Jungtin\u0117je Karalyst\u0117je i\u0161 \u0161vari\u0173 ir tvari\u0173 ingredient\u0173.\r\n<h3><strong>Atsakingumas<\/strong><\/h3>\r\nU\u017etikrindami, kad produktai b\u016bt\u0173 atsakingai u\u017eauginti, ne tik r\u016bpinamasi aplinka, bet ir garantuojama produkto kokyb\u0119. KIKI Healt specialistai keliauja po pasaul\u012f ie\u0161kodami ekologi\u0161k\u0173, eti\u0161kai gaut\u0173 ingredient\u0173, pasi\u017eymin\u010di\u0173 geresne maistine verte, kartu pad\u0117dami vietos bendruomen\u0117ms klest\u0117ti. Maisto gamybos b\u016bdas yra labai svarbus daugeliui vartotoj\u0173, ir tai kelia susir\u016bpinim\u0105, kur\u012f mes dalijam\u0117s.\r\n<h3><strong>Minimalus apdorojimas<\/strong><\/h3>\r\nNor\u0117dami pasiekti optimal\u0173 biologin\u012f prieinamum\u0105, stengiamasi, kad ingredientai b\u016bt\u0173 kuo ar\u010diau j\u0173 nat\u016bralios b\u016bkl\u0117s. Laikomasi minimalaus perdirbimo ir kontroliuojama temperat\u016bros, i\u0161kart po derliaus nu\u0117mimo, kad b\u016bt\u0173 i\u0161laikoma visa nauda sveikatai ir gyvybi\u0161kai svarbios maistin\u0117s med\u017eiagos.\r\n\r\n<strong>Produktuose n\u0117ra<\/strong>: sintetikos, dirbtini\u0173 da\u017eikli\u0173 ir kvapi\u0173j\u0173 med\u017eiag\u0173, u\u017epild\u0173, ri\u0161ikli\u0173, dengimo med\u017eiag\u0173, lipnum\u0105 reguliuojan\u010di\u0173 med\u017eiag\u0173, cukr\u0173, glitimo, GMO, laktoz\u0117s, konservant\u0173, pagalbini\u0173 med\u017eiag\u0173.\r\n\r\nVisi ingredientai ir galutiniai produktai yra reguliariai tikrinami tre\u010diosios \u0161alies laboratorijoje. U\u017etikrinama, kad kiekviena partija b\u016bt\u0173 i\u0161bandyta d\u0117l sunki\u0173j\u0173 metal\u0173, mikroorganizm\u0173 ir pesticid\u0173 laikantis grie\u017et\u0173 kokyb\u0117s kontrol\u0117s s\u0105lyg\u0173, o rezultatai atitikt\u0173 ES ir JK ribinius reglamentus, \u012fskaitant ekologinio \u016bkininkavimo standartus.","parent":0,"count":28,"filter":"raw"}],"product_brand":[],"product_cat":[646,15],"product_tag":[657],"class_list":{"0":"post-3772","1":"product","2":"type-product","3":"status-publish","4":"has-post-thumbnail","6":"brand-kiki-health","7":"product_cat-papildai-moterims","8":"product_cat-produktai","9":"product_tag-virskinimas-mikrobiota-moterims","11":"first","12":"outofstock","13":"featured","14":"taxable","15":"shipping-taxable","16":"purchasable","17":"product-type-simple"},"acf":[],"_links":{"self":[{"href":"https:\/\/findvit.com\/en\/wp-json\/wp\/v2\/product\/3772","targetHints":{"allow":["GET"]}}],"collection":[{"href":"https:\/\/findvit.com\/en\/wp-json\/wp\/v2\/product"}],"about":[{"href":"https:\/\/findvit.com\/en\/wp-json\/wp\/v2\/types\/product"}],"replies":[{"embeddable":true,"href":"https:\/\/findvit.com\/en\/wp-json\/wp\/v2\/comments?post=3772"}],"version-history":[{"count":24,"href":"https:\/\/findvit.com\/en\/wp-json\/wp\/v2\/product\/3772\/revisions"}],"predecessor-version":[{"id":18888,"href":"https:\/\/findvit.com\/en\/wp-json\/wp\/v2\/product\/3772\/revisions\/18888"}],"wp:featuredmedia":[{"embeddable":true,"href":"https:\/\/findvit.com\/en\/wp-json\/wp\/v2\/media\/23288"}],"wp:attachment":[{"href":"https:\/\/findvit.com\/en\/wp-json\/wp\/v2\/media?parent=3772"}],"wp:term":[{"taxonomy":"brand","embeddable":true,"href":"https:\/\/findvit.com\/en\/wp-json\/wp\/v2\/etheme_brands?post=3772"},{"taxonomy":"product_brand","embeddable":true,"href":"https:\/\/findvit.com\/en\/wp-json\/wp\/v2\/product_brand?post=3772"},{"taxonomy":"product_cat","embeddable":true,"href":"https:\/\/findvit.com\/en\/wp-json\/wp\/v2\/product_cat?post=3772"},{"taxonomy":"product_tag","embeddable":true,"href":"https:\/\/findvit.com\/en\/wp-json\/wp\/v2\/product_tag?post=3772"}],"curies":[{"name":"wp","href":"https:\/\/api.w.org\/{rel}","templated":true}]}}