{"id":3787,"date":"2021-11-17T19:06:47","date_gmt":"2021-11-17T17:06:47","guid":{"rendered":"https:\/\/findvit.com\/?post_type=product&#038;p=3787"},"modified":"2024-12-17T17:41:33","modified_gmt":"2024-12-17T15:41:33","slug":"trace-minerals-stipriausias-vitaminas-d3-su-mineralais-473ml","status":"publish","type":"product","link":"https:\/\/findvit.com\/en\/produktas\/trace-minerals-stipriausias-vitaminas-d3-su-mineralais-473ml\/","title":{"rendered":"Trace minerals strongest Vitamin D3 with minerals, liquid, 473ml."},"content":{"rendered":"<div data-elementor-type=\"product-post\" data-elementor-id=\"3787\" class=\"elementor elementor-3787\" data-elementor-post-type=\"product\">\n\t\t\t\t\t\t<section class=\"elementor-section elementor-top-section elementor-element elementor-element-5ab5dc54 elementor-section-boxed elementor-section-height-default elementor-section-height-default\" data-id=\"5ab5dc54\" data-element_type=\"section\">\n\t\t\t\t\t\t<div class=\"elementor-container elementor-column-gap-default\">\n\t\t\t\t\t<div class=\"elementor-column elementor-col-100 elementor-top-column elementor-element elementor-element-153546a5\" data-id=\"153546a5\" data-element_type=\"column\">\n\t\t\t<div class=\"elementor-widget-wrap elementor-element-populated\">\n\t\t\t\t\t\t<div class=\"elementor-element elementor-element-38fe6174 elementor-absolute elementor-hidden-mobile elementor-invisible elementor-widget elementor-widget-image\" data-id=\"38fe6174\" data-element_type=\"widget\" data-settings=\"{&quot;motion_fx_motion_fx_scrolling&quot;:&quot;yes&quot;,&quot;motion_fx_rotateZ_effect&quot;:&quot;yes&quot;,&quot;motion_fx_rotateZ_speed&quot;:{&quot;unit&quot;:&quot;px&quot;,&quot;size&quot;:5,&quot;sizes&quot;:[]},&quot;motion_fx_range&quot;:&quot;viewport&quot;,&quot;_animation&quot;:&quot;fadeIn&quot;,&quot;_position&quot;:&quot;absolute&quot;,&quot;motion_fx_rotateZ_affectedRange&quot;:{&quot;unit&quot;:&quot;%&quot;,&quot;size&quot;:&quot;&quot;,&quot;sizes&quot;:{&quot;start&quot;:0,&quot;end&quot;:100}},&quot;motion_fx_devices&quot;:[&quot;desktop&quot;,&quot;tablet&quot;,&quot;mobile&quot;]}\" data-widget_type=\"image.default\">\n\t\t\t\t<div class=\"elementor-widget-container\">\n\t\t\t\t\t\t\t\t\t\t\t\t\t\t\t<img loading=\"lazy\" decoding=\"async\" width=\"200\" height=\"200\" src=\"https:\/\/findvit.com\/wp-content\/uploads\/2021\/09\/ratukas.svg\" class=\"attachment-full size-full wp-image-1777\" alt=\"Wheel from questionnaire to vitamin\" \/>\t\t\t\t\t\t\t\t\t\t\t\t\t\t\t<\/div>\n\t\t\t\t<\/div>\n\t\t\t\t\t<\/div>\n\t\t<\/div>\n\t\t\t\t\t<\/div>\n\t\t<\/section>\n\t\t\t\t<section class=\"elementor-section elementor-top-section elementor-element elementor-element-7a044d49 elementor-section-boxed elementor-section-height-default elementor-section-height-default\" data-id=\"7a044d49\" data-element_type=\"section\">\n\t\t\t\t\t\t<div class=\"elementor-container elementor-column-gap-no\">\n\t\t\t\t\t<div class=\"elementor-column elementor-col-50 elementor-top-column elementor-element elementor-element-706c3e67\" data-id=\"706c3e67\" data-element_type=\"column\">\n\t\t\t<div class=\"elementor-widget-wrap elementor-element-populated\">\n\t\t\t\t\t\t<div class=\"elementor-element elementor-element-77a6c0b7 elementor-widget elementor-widget-heading\" data-id=\"77a6c0b7\" data-element_type=\"widget\" data-widget_type=\"heading.default\">\n\t\t\t\t<div class=\"elementor-widget-container\">\n\t\t\t\t\t<h2 class=\"elementor-heading-title elementor-size-medium\">Trace minerals strong liquid Vitamin D3 with minerals!<\/h2>\t\t\t\t<\/div>\n\t\t\t\t<\/div>\n\t\t\t\t<div class=\"elementor-element elementor-element-5d0e1234 elementor-widget elementor-widget-text-editor\" data-id=\"5d0e1234\" data-element_type=\"widget\" data-widget_type=\"text-editor.default\">\n\t\t\t\t<div class=\"elementor-widget-container\">\n\t\t\t\t\t\t\t\t\t<p>Liquid Vitamin D3 is available <strong>high quality food<\/strong> supplement that provides 125mcg <strong>(5000 IU)<\/strong> of vitamin D3 per serving.<\/p><p>This product is also available <strong>enriched<\/strong> with a concentrated complex of full spectrum ionic trace elements.\u00a0<\/p><p>Vitamin D3 is<strong> very important for our body<\/strong>, because:<\/p><ul><li>Vitamin D is important normally <strong>for calcium and phosphorus absorption<\/strong> and\/or assimilation<\/li><li>Vitamin D is important normally <strong>bone condition<\/strong> to support<\/li><li>Vitamin D is important normally <strong>muscle function<\/strong> to support<\/li><li>Vitamin D is important normally <strong>to maintain the condition of the teeth<\/strong><\/li><li>Vitamin D is important normally <strong>immune system activity<\/strong><\/li><\/ul><p>This product is made from <strong>high quality<\/strong> ingredients and no artificial additives or preservatives are added.<\/p><p>He is also there <strong>gluten free<\/strong>, so it can also be used by people who are allergic to gluten or follow a gluten-free diet.<\/p><p>Liquid Vitamin D3 is a great choice for people who want to <strong>to supplement<\/strong> your diet with vitamin D3 and micronutrients.<\/p><p>Very much <strong>comfortable and pleasant<\/strong> use because this product is in liquid form, so it can be easily mixed with water or your favorite drink.<\/p><p>Recommendation for use: Shake thoroughly. Take 1 tablespoon per day, can be mixed with water or your favorite drink. Not recommended for babies. Store in the refrigerator after opening.<\/p><p>Customer reviews show that this product is<strong> highly appreciated<\/strong> due to its high quality, features.<\/p><p>In addition, customers recommend it to their relatives.<\/p><p><strong>Add it<\/strong> Liquid Vitamin D3 with Microelements<strong> to your daily diet<\/strong> and experience its benefits.<\/p><p>Order now and start enjoying all the benefits of this great product.<\/p><p><b>Usage:\u00a0<\/b> Take 10 ml (2 teaspoons) in a glass of water or juice, after a meal.\u00a0<strong>Warnings:<\/strong> Shake the bottle before use. Store in the refrigerator after opening.<\/p><p>How <strong>find out<\/strong> which vitamins, minerals or other supplements <strong>the most appropriate at the moment<\/strong>?\u00a0 \u00a0<strong>Try it<\/strong> free test <strong><a href=\"https:\/\/findvit.com\/en\/testas\/\">&quot;Your Day&quot;<\/a>!\u00a0<\/strong> where <strong>you will find out<\/strong> needs of the body and <strong>you will get<\/strong> <strong>personal<\/strong> recommendation!<\/p>\t\t\t\t\t\t\t\t<\/div>\n\t\t\t\t<\/div>\n\t\t\t\t\t<\/div>\n\t\t<\/div>\n\t\t\t\t<div class=\"elementor-column elementor-col-50 elementor-top-column elementor-element elementor-element-6c7d7bbe\" data-id=\"6c7d7bbe\" data-element_type=\"column\">\n\t\t\t<div class=\"elementor-widget-wrap elementor-element-populated\">\n\t\t\t\t\t\t<div class=\"elementor-element elementor-element-33373021 elementor-widget elementor-widget-image\" data-id=\"33373021\" data-element_type=\"widget\" data-widget_type=\"image.default\">\n\t\t\t\t<div class=\"elementor-widget-container\">\n\t\t\t\t\t\t\t\t\t\t\t\t\t\t\t<img loading=\"lazy\" decoding=\"async\" width=\"900\" height=\"900\" src=\"https:\/\/findvit.com\/wp-content\/uploads\/2021\/10\/Ko-6-900x900.jpg\" class=\"attachment-large size-large wp-image-2480\" alt=\"A happy family when everyone is healthy\" srcset=\"https:\/\/findvit.com\/wp-content\/uploads\/2021\/10\/Ko-6-900x900.jpg 900w, https:\/\/findvit.com\/wp-content\/uploads\/2021\/10\/Ko-6-600x600.jpg 600w, https:\/\/findvit.com\/wp-content\/uploads\/2021\/10\/Ko-6-150x150.jpg 150w, https:\/\/findvit.com\/wp-content\/uploads\/2021\/10\/Ko-6-768x768.jpg 768w, https:\/\/findvit.com\/wp-content\/uploads\/2021\/10\/Ko-6-1x1.jpg 1w, https:\/\/findvit.com\/wp-content\/uploads\/2021\/10\/Ko-6-10x10.jpg 10w, https:\/\/findvit.com\/wp-content\/uploads\/2021\/10\/Ko-6-100x100.jpg 100w, https:\/\/findvit.com\/wp-content\/uploads\/2021\/10\/Ko-6.jpg 1000w\" sizes=\"auto, (max-width: 900px) 100vw, 900px\" \/>\t\t\t\t\t\t\t\t\t\t\t\t\t\t\t<\/div>\n\t\t\t\t<\/div>\n\t\t\t\t\t<\/div>\n\t\t<\/div>\n\t\t\t\t\t<\/div>\n\t\t<\/section>\n\t\t\t\t<\/div>","protected":false},"excerpt":{"rendered":"<p>The strongest Vitamin D is an excellent source of vitamin D3 and a rich complex of trace elements. Liquid, pleasant taste.<\/p>\n<p>The maximum concentration is even 5000TV. From 30 to 60 days is enough for the course.<\/p>","protected":false},"featured_media":3788,"comment_status":"open","ping_status":"closed","template":"","meta":{"_acf_changed":false,"inline_featured_image":false},"etheme_brands":[{"term_id":38,"name":"Trace Minerals","slug":"trace-minerals","term_group":0,"term_taxonomy_id":38,"taxonomy":"brand","description":"<h2><strong>Trace minerals<\/strong><\/h2>\r\n\"Trace Minerals\" yra \u017einomas jonini\u0173 mineralini\u0173 papild\u0173 prek\u0117s \u017eenklas, kuriuo pasitikima beveik 50 met\u0173.\r\n\r\n<strong>Gamintojo misija<\/strong>\r\n\r\n\"Trace Minerals\" mato pasaul\u012f, kuriame \u017emon\u0117s yra\r\natsakingi u\u017e savo sveikat\u0105. Laikas, kai visi \u017emon\u0117s yra nori ir gali\r\ngyventi sveikiau. Joniniai mineralai yra pasiekiami visiems norintiems. Daugiau nei 50 met\u0173 \"Trace Minerals\" prek\u0117s \u017eenklo\r\nproduktai visame pasaulyje buvo pripa\u017einti jonini\u0173 produkt\u0173 pradininkais.\r\n\r\nVisus 50 met\u0173 Trace Minerals vertyb\u0117s yra:\r\n\r\n1. Bekompromis\u0117 kokyb\u0117, nuo kurios priklauso \u017emoni\u0173 savijauta.\r\n2. Neprilygstama aptarnavimas, kuris leid\u017eia klientams \u0161ypsotis.\r\n3. Nuolatinis pajam\u0173 augimas diegiant inovacijas ir kuriant produktus.\r\n4. Ugdomieji u\u017esi\u0117mimai.\r\n5. Lyderyst\u0117 savo srities pramon\u0117je.\r\n6. Lojalumas ir s\u0105\u017einingumas patikimiems darbuotojams ir verslo partneriams.\r\n<h3><strong>Garantija<\/strong><\/h3>\r\nGamintojas tiki, kad maisto papildai tur\u0117t\u0173 atne\u0161ti pastebimus\r\nrezultatus. Trace minerals \u012fsipareigojimas siekti pastebim\u0173 rezultat\u0173 yra\r\n\"Trace Minerals research\" filosofija.\r\n\r\nBeveik penkis de\u0161imtme\u010dius \"Trace Minerals\" prek\u0117s \u017eenklo produktai pad\u0117jo \u017emon\u0117ms priimti pagr\u012fstus sprendimus pasirenkant tinkamus produktus. Trce Minerals t\u0119stinis \u012fsipareigojimas yra paprastas: gaminti auk\u0161\u010diausios kokyb\u0117s produktus, paremtus moksliniais tyrimais, pagamintus u\u017e teising\u0105 kain\u0105 ir garantuojama, kad bus\r\npagerinti gyvenimai t\u0173, kurie vartoja kokybi\u0161kus produktus. Trace minerals visada tai dar\u0117 ir toliau t\u0105 darys.\r\n\r\nhttps:\/\/youtu.be\/hbeINVcx5FY?t=77\r\n<h3><strong>Mokslas ir tyrimai<\/strong><\/h3>\r\nGamintojas gavo \u0161e\u0161i\u0173 m\u0117nesi\u0173 klinikinio tyrimo \"ConcenTrace\u00ae\" rezultatus. \"Trace Mineral Drops\", jo pavyzdinis jonini\u0173 mineralinis papildas, kuriame yra visas spektras nat\u016braliai atsirandan\u010di\u0173 mikroelement\u0173.\r\n\r\nDalyviams buvo skiriama po 40 la\u0161\u0173 ConcenTrace\u00ae arba placebo per par\u0105\r\n24 savaites. Tyrime teigiama, kad \"veiksmingum\u0105 objektyviai patvirtino\r\n\u012fvertinti s\u0105nari\u0173 kremzl\u0117s storio, s\u0105nario erdv\u0117s plo\u010dio poky\u010dius\r\nir sinovinio skys\u010dio sud\u0117tis\". 24 savai\u010di\u0173 rezultatai rodo, kad \"ultrasonografija ir sinovinio skys\u010dio tyrimas atskleid\u0117 kremzl\u0117s\r\nstrukt\u016bros pager\u0117jim\u0105\".\r\n\r\n\u0160is preliminarus tyrimas parodo, kad ConcenTrace\u00ae pagerina s\u0105nari\u0173 sveikat\u0105.\r\n<h3><strong>Sertifikatai<\/strong><\/h3>\r\nKokyb\u0117 visada buvo svarbiausias <a href=\"https:\/\/www.traceminerals.com\/\" target=\"_blank\" rel=\"noopener\">\"Trace Minerals\"<\/a> prioritetas. Per daugel\u012f met\u0173\u00a0 akylai tobulino gamybos procesus. Tikima, kad geriausi procesai padeda gaminti geriausius ir sveikiausius produktus. Tai yra pagrindin\u0117 prie\u017eastis, kod\u0117l grie\u017etai kontroliuojama produkt\u0173 kokyb\u0117 ir kod\u0117l turima daugyb\u0117 sertifikat\u0173.\r\n<ul>\r\n \t<li><a href=\"https:\/\/grmalliance.org\/\" target=\"_blank\" rel=\"noopener\">GRMA\/UL GMP Certified<\/a><\/li>\r\n \t<li>GRAS Certified<\/li>\r\n \t<li>BPA Free<\/li>\r\n \t<li>Kosher<\/li>\r\n \t<li>Halal<\/li>\r\n \t<li>Non-GMO Verified<\/li>\r\n \t<li>Transparency<\/li>\r\n<\/ul>","parent":0,"count":19,"filter":"raw"}],"product_brand":[],"product_cat":[23],"product_tag":[89,91,96,98],"class_list":{"0":"post-3787","1":"product","2":"type-product","3":"status-publish","4":"has-post-thumbnail","6":"brand-trace-minerals","7":"product_cat-vitaminai","8":"product_tag-atminciai-ir-koncentracijai","9":"product_tag-imunitetui","10":"product_tag-raumenims","11":"product_tag-tvirtiems-kaulams","13":"first","14":"outofstock","15":"taxable","16":"shipping-taxable","17":"purchasable","18":"product-type-simple"},"acf":[],"_links":{"self":[{"href":"https:\/\/findvit.com\/en\/wp-json\/wp\/v2\/product\/3787","targetHints":{"allow":["GET"]}}],"collection":[{"href":"https:\/\/findvit.com\/en\/wp-json\/wp\/v2\/product"}],"about":[{"href":"https:\/\/findvit.com\/en\/wp-json\/wp\/v2\/types\/product"}],"replies":[{"embeddable":true,"href":"https:\/\/findvit.com\/en\/wp-json\/wp\/v2\/comments?post=3787"}],"version-history":[{"count":15,"href":"https:\/\/findvit.com\/en\/wp-json\/wp\/v2\/product\/3787\/revisions"}],"predecessor-version":[{"id":18880,"href":"https:\/\/findvit.com\/en\/wp-json\/wp\/v2\/product\/3787\/revisions\/18880"}],"wp:featuredmedia":[{"embeddable":true,"href":"https:\/\/findvit.com\/en\/wp-json\/wp\/v2\/media\/3788"}],"wp:attachment":[{"href":"https:\/\/findvit.com\/en\/wp-json\/wp\/v2\/media?parent=3787"}],"wp:term":[{"taxonomy":"brand","embeddable":true,"href":"https:\/\/findvit.com\/en\/wp-json\/wp\/v2\/etheme_brands?post=3787"},{"taxonomy":"product_brand","embeddable":true,"href":"https:\/\/findvit.com\/en\/wp-json\/wp\/v2\/product_brand?post=3787"},{"taxonomy":"product_cat","embeddable":true,"href":"https:\/\/findvit.com\/en\/wp-json\/wp\/v2\/product_cat?post=3787"},{"taxonomy":"product_tag","embeddable":true,"href":"https:\/\/findvit.com\/en\/wp-json\/wp\/v2\/product_tag?post=3787"}],"curies":[{"name":"wp","href":"https:\/\/api.w.org\/{rel}","templated":true}]}}