{"id":4526,"date":"2021-12-27T18:55:35","date_gmt":"2021-12-27T16:55:35","guid":{"rendered":"https:\/\/findvit.com\/?post_type=product&#038;p=4526"},"modified":"2024-10-03T14:03:51","modified_gmt":"2024-10-03T11:03:51","slug":"enzymedica-digest-probiotics-virskinimo-fermentai-ir-probiotikai-90-vegetarisku-kapsuliu","status":"publish","type":"product","link":"https:\/\/findvit.com\/en\/produktas\/enzymedica-digest-probiotics-virskinimo-fermentai-ir-probiotikai-90-vegetarisku-kapsuliu\/","title":{"rendered":"Enzymedica Digest\u2122 + PROBIOTICS- complex of enzymes and probiotics, 90 vegetarian capsules"},"content":{"rendered":"<div data-elementor-type=\"product-post\" data-elementor-id=\"4526\" class=\"elementor elementor-4526\" data-elementor-post-type=\"product\">\n\t\t\t\t\t\t<section class=\"elementor-section elementor-top-section elementor-element elementor-element-450e271 elementor-section-boxed elementor-section-height-default elementor-section-height-default\" data-id=\"450e271\" data-element_type=\"section\">\n\t\t\t\t\t\t<div class=\"elementor-container elementor-column-gap-default\">\n\t\t\t\t\t<div class=\"elementor-column elementor-col-100 elementor-top-column elementor-element elementor-element-51c6855\" data-id=\"51c6855\" data-element_type=\"column\">\n\t\t\t<div class=\"elementor-widget-wrap elementor-element-populated\">\n\t\t\t\t\t\t<div class=\"elementor-element elementor-element-da4ccd9 elementor-absolute elementor-hidden-mobile elementor-invisible elementor-widget elementor-widget-image\" data-id=\"da4ccd9\" data-element_type=\"widget\" data-settings=\"{&quot;motion_fx_motion_fx_scrolling&quot;:&quot;yes&quot;,&quot;motion_fx_rotateZ_effect&quot;:&quot;yes&quot;,&quot;motion_fx_rotateZ_speed&quot;:{&quot;unit&quot;:&quot;px&quot;,&quot;size&quot;:5,&quot;sizes&quot;:[]},&quot;motion_fx_range&quot;:&quot;viewport&quot;,&quot;_animation&quot;:&quot;fadeIn&quot;,&quot;_position&quot;:&quot;absolute&quot;,&quot;motion_fx_rotateZ_affectedRange&quot;:{&quot;unit&quot;:&quot;%&quot;,&quot;size&quot;:&quot;&quot;,&quot;sizes&quot;:{&quot;start&quot;:0,&quot;end&quot;:100}},&quot;motion_fx_devices&quot;:[&quot;desktop&quot;,&quot;tablet&quot;,&quot;mobile&quot;]}\" data-widget_type=\"image.default\">\n\t\t\t\t<div class=\"elementor-widget-container\">\n\t\t\t\t\t\t\t\t\t\t\t\t\t\t\t<img loading=\"lazy\" decoding=\"async\" width=\"200\" height=\"200\" src=\"https:\/\/findvit.com\/wp-content\/uploads\/2021\/09\/ratukas.svg\" class=\"attachment-full size-full wp-image-1777\" alt=\"Wheel from questionnaire to vitamin\" \/>\t\t\t\t\t\t\t\t\t\t\t\t\t\t\t<\/div>\n\t\t\t\t<\/div>\n\t\t\t\t\t<\/div>\n\t\t<\/div>\n\t\t\t\t\t<\/div>\n\t\t<\/section>\n\t\t\t\t<section class=\"elementor-section elementor-top-section elementor-element elementor-element-b9f63d6 elementor-section-boxed elementor-section-height-default elementor-section-height-default\" data-id=\"b9f63d6\" data-element_type=\"section\">\n\t\t\t\t\t\t<div class=\"elementor-container elementor-column-gap-no\">\n\t\t\t\t\t<div class=\"elementor-column elementor-col-50 elementor-top-column elementor-element elementor-element-4475b85\" data-id=\"4475b85\" data-element_type=\"column\">\n\t\t\t<div class=\"elementor-widget-wrap elementor-element-populated\">\n\t\t\t\t\t\t<div class=\"elementor-element elementor-element-195ab3c elementor-widget elementor-widget-heading\" data-id=\"195ab3c\" data-element_type=\"widget\" data-widget_type=\"heading.default\">\n\t\t\t\t<div class=\"elementor-widget-container\">\n\t\t\t\t\t<h2 class=\"elementor-heading-title elementor-size-medium\">Enzymedica Digest\u2122 + PROBIOTICS- complex of enzymes and probiotics, 90 vegetarian capsules<\/h2>\t\t\t\t<\/div>\n\t\t\t\t<\/div>\n\t\t\t\t<div class=\"elementor-element elementor-element-33a838d elementor-widget elementor-widget-text-editor\" data-id=\"33a838d\" data-element_type=\"widget\" data-widget_type=\"text-editor.default\">\n\t\t\t\t<div class=\"elementor-widget-container\">\n\t\t\t\t\t\t\t\t\t<p><strong>Digest +Probiotics contains a unique blend of Thera-Blend. It has a balance of as many as 12 different enzymes and good bacteria that support healthy digestion. Probiotics supplement the daily diet with viable bacteria. <\/strong>Enzyme deficiency can be caused by age, diet and lifestyle. This deficiency can lead to all sorts of digestive problems, including gas, bloating, and upset stomach. <strong>Thera-Blend<\/strong> contains effective enzymes such as <strong>amylase, lipase, cellulase and protease<\/strong>. These enzymes <strong>breaks down hard-to-digest substances such as carbohydrates, fats, iron and proteins.*<\/strong><br \/>Enzymedica is patented <strong>Thera-blend\u2122<\/strong>\u00a0technology means that the enzymes in Digest +PROBIOITICS are effective throughout your body <strong>in the pH spectrum of the gastrointestinal tract.<\/strong><\/p><h5><strong>*Improves digestion *Breaks down fats, proteins and carbohydrates *Supplements nutrition with good proteins\u00a0<\/strong><\/h5><p><strong>What are enzymes and how do they work?<\/strong><br \/>Enzymes are responsible for digestion. These are naturally occurring <strong>proteins that speed up reactions.<\/strong> <strong>Ferment<\/strong>i resembles small scissors that eat us <strong>&quot;cut&quot; the food into smaller pieces.<\/strong> Yes<strong> easier and better absorption of nutrients.<\/strong><br \/><strong>If the body lacks enzymes, it can be difficult to break down heavier food, so gas begins to accumulate, the stomach becomes bloated, stomach malfunctions and the whole digestive system works erratically.<\/strong> By using this food supplement with enzymes and probiotics, the digestive process will be enhanced.<br \/>Enzyme deficiency can be caused by more than just diet or lifestyle. <strong>As we age, the body naturally begins to produce fewer enzymes.<\/strong> It can be difficult to get all the nutrients you need from diet alone, as enzymes in food are killed during cooking and baking. <strong>Taking food supplements with enzymes will help to eliminate this deficiency.<\/strong><br \/>Amylase - breaks down carbohydrates, starches and sugars, which are predominant in all plant foods (potatoes, fruits, vegetables, grains).<\/p><p>Lipase \u2013 helps digest fatty foods such as dairy, nuts, oils, eggs and meat.<\/p><p>Cellulase \u2013 Helps digest high-fiber foods like broccoli, asparagus, and beans that can cause gas.<\/p><p>Lactase - breaks down the sugar lactose into glucose and galactose.<\/p><p>Maltase - breaks down the sugar maltose into smaller glucose molecules.<\/p><p>If you are not sure which vitamins or other supplements <strong>the most appropriate at the moment<\/strong>, take the test <a href=\"https:\/\/findvit.com\/en\/testas\/\"><strong>&quot;Your Day&quot;<\/strong><\/a> and find out\u00a0 <strong>personal<\/strong> recommendation!<\/p>\t\t\t\t\t\t\t\t<\/div>\n\t\t\t\t<\/div>\n\t\t\t\t\t<\/div>\n\t\t<\/div>\n\t\t\t\t<div class=\"elementor-column elementor-col-50 elementor-top-column elementor-element elementor-element-4cd8d4c\" data-id=\"4cd8d4c\" data-element_type=\"column\">\n\t\t\t<div class=\"elementor-widget-wrap elementor-element-populated\">\n\t\t\t\t\t\t<div class=\"elementor-element elementor-element-126df0d elementor-widget elementor-widget-image\" data-id=\"126df0d\" data-element_type=\"widget\" data-widget_type=\"image.default\">\n\t\t\t\t<div class=\"elementor-widget-container\">\n\t\t\t\t\t\t\t\t\t\t\t\t\t\t\t<img loading=\"lazy\" decoding=\"async\" width=\"900\" height=\"900\" src=\"https:\/\/findvit.com\/wp-content\/uploads\/2021\/10\/Ko-13-900x900.jpg\" class=\"attachment-large size-large wp-image-2498\" alt=\"Enzymes for women. A woman is doing yoga exercises\" srcset=\"https:\/\/findvit.com\/wp-content\/uploads\/2021\/10\/Ko-13-900x900.jpg 900w, https:\/\/findvit.com\/wp-content\/uploads\/2021\/10\/Ko-13-600x600.jpg 600w, https:\/\/findvit.com\/wp-content\/uploads\/2021\/10\/Ko-13-150x150.jpg 150w, https:\/\/findvit.com\/wp-content\/uploads\/2021\/10\/Ko-13-768x768.jpg 768w, https:\/\/findvit.com\/wp-content\/uploads\/2021\/10\/Ko-13-1x1.jpg 1w, https:\/\/findvit.com\/wp-content\/uploads\/2021\/10\/Ko-13-10x10.jpg 10w, https:\/\/findvit.com\/wp-content\/uploads\/2021\/10\/Ko-13-100x100.jpg 100w, https:\/\/findvit.com\/wp-content\/uploads\/2021\/10\/Ko-13.jpg 1000w\" sizes=\"auto, (max-width: 900px) 100vw, 900px\" \/>\t\t\t\t\t\t\t\t\t\t\t\t\t\t\t<\/div>\n\t\t\t\t<\/div>\n\t\t\t\t\t<\/div>\n\t\t<\/div>\n\t\t\t\t\t<\/div>\n\t\t<\/section>\n\t\t\t\t<\/div>","protected":false},"excerpt":{"rendered":"<p>Unique formula Thera-blend complex of enzymes and probiotics. Enzymes remain effective throughout digestion and across the pH spectrum of the digestive tract. As many as 12 different enzymes and good bacteria. Up to 90 days are enough for the course.<\/p>","protected":false},"featured_media":4527,"comment_status":"open","ping_status":"closed","template":"","meta":{"_acf_changed":false,"inline_featured_image":false},"etheme_brands":[{"term_id":57,"name":"Enzymedica","slug":"enzymedica","term_group":0,"term_taxonomy_id":57,"taxonomy":"brand","description":"<h2><a href=\"https:\/\/enzymedica.com\/pages\/explore-our-mission\" target=\"_blank\" rel=\"noopener\">Kiekvienas Enzymedica<\/a> produktas:<\/h2>\r\nhttps:\/\/youtu.be\/3ntanNxUev8?t=2\r\n<h3><strong>\u0160varus<\/strong><\/h3>\r\n\"Enzymedica\" nadoja tik gryniausius nat\u016bralius ingredientus ir siekia, kad produktuose neb\u016bt\u0173 dirbtini\u0173 priemai\u0161\u0173. Gamintojas did\u017eiuojasi, kad yra pirmasis \"Clean Label Project\" sertifikuotas papild\u0173 prek\u0117s \u017eenklas, kurio produktuose n\u0117ra daugiau nei 130 ter\u0161al\u0173. Enzymedica saugo visus gerus ingridientus ir niekada nenaudoja dirbtini\u0173 pried\u0173.\r\n<h3><strong>Nepriklausomai sertifikuotas<\/strong><\/h3>\r\nEnzymedica \u012fsipareigojusi laikytis geros gamybos praktikos. \"Enzymedica\" nepriklausomai audituojama \"NSF International\" kompanijos.\r\n<h3><strong>Tyras<\/strong><\/h3>\r\nKiekviena gamybos partija yra kruop\u0161\u010diai i\u0161testuojama vertinant produkt\u0173 grynum\u0105, tod\u0117l u\u017etikrinama, kad tai, kas yra etiket\u0117je, visada yra buteliuke.\r\n<h3><strong>Orentuotas \u012f gyvenimo b\u016bd\u0105<\/strong><\/h3>\r\nKur tik \u012fmanoma \"Enzymedica\" produktai yra sertifikuojami \"Kosher\" \u017eenklu. Kai tik \u012fmanoma naudojami vegetari\u0161ki ir vegani\u0161ki ingredientai.\r\n<h3><strong>Tvarus<\/strong><\/h3>\r\nPlanetos gerov\u0117 yra tokia pat svarbi kaip ir m\u016bs\u0173, tod\u0117l \"Enzymedica\" mano, kad ekologijos svarba yra neatsiejama verslo dalis ir gyvenimo b\u016bdas. \"LEED-Gold Certified\" b\u016bstin\u0117je yra naudojama saul\u0117s energija, u\u017etikrinant geresn\u0119 ateit\u012f planetai.\r\n<h3><strong>Efektyvus<\/strong><\/h3>\r\nGeriausi papildai n\u0117ra kuriami atsitiktinai. \"Enzymedica\" savaranki\u0161kai tikrina, ar visi j\u0173 produktai atitinka grie\u017etus standartus, ir siekdama pagerinti ingridient\u0173 efektyvum\u0105 suk\u016br\u0117 naujas technologijas, tokias kaip \"Therablend\".\r\n<h3><strong>Socialiai s\u0105moningas<\/strong><\/h3>\r\n\"Enzymedica\" tiki \u017emon\u0117mis ir planeta, ir kiekvianam darbuotojui tai svarbu. Filantropija yra \u012fmon\u0117s pagrindas ir remdami \"People &amp; Planet\" iniciatyvas tai tik patvirtina.","parent":0,"count":8,"filter":"raw"}],"product_brand":[],"product_cat":[118,15],"product_tag":[88,125,126,97],"class_list":{"0":"post-4526","1":"product","2":"type-product","3":"status-publish","4":"has-post-thumbnail","6":"brand-enzymedica","7":"product_cat-fermentai","8":"product_cat-produktai","9":"product_tag-aktyviai-organizmo-apykaitai","10":"product_tag-energijai","11":"product_tag-greitam-virskinimui-ir-salinimui","12":"product_tag-svorio-kontrolei","14":"first","15":"outofstock","16":"taxable","17":"shipping-taxable","18":"purchasable","19":"product-type-simple"},"acf":[],"_links":{"self":[{"href":"https:\/\/findvit.com\/en\/wp-json\/wp\/v2\/product\/4526","targetHints":{"allow":["GET"]}}],"collection":[{"href":"https:\/\/findvit.com\/en\/wp-json\/wp\/v2\/product"}],"about":[{"href":"https:\/\/findvit.com\/en\/wp-json\/wp\/v2\/types\/product"}],"replies":[{"embeddable":true,"href":"https:\/\/findvit.com\/en\/wp-json\/wp\/v2\/comments?post=4526"}],"version-history":[{"count":7,"href":"https:\/\/findvit.com\/en\/wp-json\/wp\/v2\/product\/4526\/revisions"}],"predecessor-version":[{"id":16651,"href":"https:\/\/findvit.com\/en\/wp-json\/wp\/v2\/product\/4526\/revisions\/16651"}],"wp:featuredmedia":[{"embeddable":true,"href":"https:\/\/findvit.com\/en\/wp-json\/wp\/v2\/media\/4527"}],"wp:attachment":[{"href":"https:\/\/findvit.com\/en\/wp-json\/wp\/v2\/media?parent=4526"}],"wp:term":[{"taxonomy":"brand","embeddable":true,"href":"https:\/\/findvit.com\/en\/wp-json\/wp\/v2\/etheme_brands?post=4526"},{"taxonomy":"product_brand","embeddable":true,"href":"https:\/\/findvit.com\/en\/wp-json\/wp\/v2\/product_brand?post=4526"},{"taxonomy":"product_cat","embeddable":true,"href":"https:\/\/findvit.com\/en\/wp-json\/wp\/v2\/product_cat?post=4526"},{"taxonomy":"product_tag","embeddable":true,"href":"https:\/\/findvit.com\/en\/wp-json\/wp\/v2\/product_tag?post=4526"}],"curies":[{"name":"wp","href":"https:\/\/api.w.org\/{rel}","templated":true}]}}