{"id":4542,"date":"2021-12-29T13:34:25","date_gmt":"2021-12-29T11:34:25","guid":{"rendered":"https:\/\/findvit.com\/?post_type=product&#038;p=4542"},"modified":"2026-03-02T15:49:47","modified_gmt":"2026-03-02T13:49:47","slug":"vitamin-code-raw-vitaminas-c-vitamino-c-kompleksas-60","status":"publish","type":"product","link":"https:\/\/findvit.com\/en\/produktas\/vitamin-code-raw-vitaminas-c-vitamino-c-kompleksas-60\/","title":{"rendered":"Garden of life Vitamin Code RAW VITAMINAS C &#8211;  Vitaminas C  visavertis kompleksas su antioksidantais, probiotikais ir fermentais, 60 vegankapsuli\u0173"},"content":{"rendered":"<div data-elementor-type=\"product-post\" data-elementor-id=\"4542\" class=\"elementor elementor-4542\" data-elementor-post-type=\"product\">\n\t\t\t\t\t\t<section class=\"elementor-section elementor-top-section elementor-element elementor-element-befc80d elementor-section-boxed elementor-section-height-default elementor-section-height-default\" data-id=\"befc80d\" data-element_type=\"section\">\n\t\t\t\t\t\t<div class=\"elementor-container elementor-column-gap-default\">\n\t\t\t\t\t<div class=\"elementor-column elementor-col-100 elementor-top-column elementor-element elementor-element-11194a8\" data-id=\"11194a8\" data-element_type=\"column\">\n\t\t\t<div class=\"elementor-widget-wrap elementor-element-populated\">\n\t\t\t\t\t\t<div class=\"elementor-element elementor-element-0d003b4 elementor-absolute elementor-hidden-mobile elementor-invisible elementor-widget elementor-widget-image\" data-id=\"0d003b4\" data-element_type=\"widget\" data-settings=\"{&quot;motion_fx_motion_fx_scrolling&quot;:&quot;yes&quot;,&quot;motion_fx_rotateZ_effect&quot;:&quot;yes&quot;,&quot;motion_fx_rotateZ_speed&quot;:{&quot;unit&quot;:&quot;px&quot;,&quot;size&quot;:5,&quot;sizes&quot;:[]},&quot;motion_fx_range&quot;:&quot;viewport&quot;,&quot;_animation&quot;:&quot;fadeIn&quot;,&quot;_position&quot;:&quot;absolute&quot;,&quot;motion_fx_rotateZ_affectedRange&quot;:{&quot;unit&quot;:&quot;%&quot;,&quot;size&quot;:&quot;&quot;,&quot;sizes&quot;:{&quot;start&quot;:0,&quot;end&quot;:100}},&quot;motion_fx_devices&quot;:[&quot;desktop&quot;,&quot;tablet&quot;,&quot;mobile&quot;]}\" data-widget_type=\"image.default\">\n\t\t\t\t<div class=\"elementor-widget-container\">\n\t\t\t\t\t\t\t\t\t\t\t\t\t\t\t<img loading=\"lazy\" decoding=\"async\" width=\"200\" height=\"200\" src=\"https:\/\/findvit.com\/wp-content\/uploads\/2021\/09\/ratukas.svg\" class=\"attachment-full size-full wp-image-1777\" alt=\"Wheel from questionnaire to vitamin\" \/>\t\t\t\t\t\t\t\t\t\t\t\t\t\t\t<\/div>\n\t\t\t\t<\/div>\n\t\t\t\t\t<\/div>\n\t\t<\/div>\n\t\t\t\t\t<\/div>\n\t\t<\/section>\n\t\t\t\t<section class=\"elementor-section elementor-top-section elementor-element elementor-element-f4a9431 elementor-section-boxed elementor-section-height-default elementor-section-height-default\" data-id=\"f4a9431\" data-element_type=\"section\">\n\t\t\t\t\t\t<div class=\"elementor-container elementor-column-gap-no\">\n\t\t\t\t\t<div class=\"elementor-column elementor-col-50 elementor-top-column elementor-element elementor-element-eeb7dec\" data-id=\"eeb7dec\" data-element_type=\"column\">\n\t\t\t<div class=\"elementor-widget-wrap elementor-element-populated\">\n\t\t\t\t\t\t<div class=\"elementor-element elementor-element-ad26916 elementor-widget elementor-widget-heading\" data-id=\"ad26916\" data-element_type=\"widget\" data-widget_type=\"heading.default\">\n\t\t\t\t<div class=\"elementor-widget-container\">\n\t\t\t\t\t<h2 class=\"elementor-heading-title elementor-size-medium\">Vitamin Code Raw Vitamin C is a natural food supplement designed to provide 500 mg of vitamin C, 60 capsules.<\/h2>\t\t\t\t<\/div>\n\t\t\t\t<\/div>\n\t\t\t\t<div class=\"elementor-element elementor-element-7587da6 elementor-widget elementor-widget-text-editor\" data-id=\"7587da6\" data-element_type=\"widget\" data-widget_type=\"text-editor.default\">\n\t\t\t\t<div class=\"elementor-widget-container\">\n\t\t\t\t\t\t\t\t\t<p>If you are looking for <strong>natural<\/strong> and <strong>quality<\/strong> source of vitamin C, Vitamin Code Raw Vitamin C is <strong>great choice<\/strong>.<\/p><p>This natural vitamin C is made from foods that provide even <strong>500 mg<\/strong> vitamin C and <strong>more than 20<\/strong> organically grown fruits and vegetables.<\/p><p>Vitamin Code Raw Vitamin C is very <strong>appreciated<\/strong> and <strong>recognized<\/strong> many because:<\/p><ul><li>Vitamin C is important for normal <strong>immune system activity<\/strong> <br \/>to maintain intense physical activity <br \/>during and after exercise<\/li><li>Vitamin C is important for normal <strong>nerves<\/strong> systems <strong>for activities<\/strong><\/li><li>Vitamin C <strong>helps to reduce <\/strong><br \/><strong>feeling tired<\/strong> and <br \/>fatigue<\/li><li>Vitamin C <strong>improves iron <\/strong><br \/><strong>absorption<\/strong><\/li><\/ul><p>This powerful supplement also <strong>have<\/strong> alive <strong>probiotics<\/strong> and <strong>enzymes<\/strong>, which further enrich and provide what we are looking for.<\/p><p>Vitamin Code Raw Vitamin C is not just simple vitamin C. It has a whole range of benefits. Specially formulated to provide 500 mg of vitamin C together <strong>with<\/strong> naturally occurring <strong>bioflavonoids<\/strong>.<\/p><p>Bioflavonoids are plant substances that help and enrich.<\/p><p>Vitamin Code Raw Vitamin C is not made from synthetic or isolated substances. He is <strong>made from healthy foods<\/strong>, which provide vitamin C and other natural components that help.<\/p><p><strong>Heavily enriched<\/strong>. Components in the capsule <strong>includes 23 organically grown fruits and vegetables<\/strong>, which add supportive antioxidants, vitamins and nutrients.<\/p><p>These fruits and vegetables include citrus fruits, peppers, broccoli, spinach, parsley, and many other highly regarded produce.<\/p><p>Vitamin Code Raw Vitamin C as well <strong>have<\/strong> alive <strong>probiotics<\/strong> and <strong>enzymes<\/strong>,<\/p><p>Vitamin Code Raw Vitamin C is produced without the use of high temperatures or chemical processing, so it remains in it <strong>all natural materials<\/strong> and activity.<\/p><p>Vitamin Code Raw Vitamin C is an excellent dietary supplement for <strong>for those who want to get more<\/strong> vitamin C and other useful substances from natural and organic sources.<\/p><p>Vitamin C is a well-known antioxidant that provides invaluable value to us.<\/p><p>Vitamin Code Raw Vitamin C is easily digestible.<\/p><p>Very much<strong> convenient to use<\/strong>, because it is packed in optimally sized capsules.\u00a0<\/p><p>He is <strong>non-GMO<\/strong>, <strong>gluten free. <\/strong>Perfect fit <strong>for vegans.<\/strong> It does not contain any artificial additives, colors, sweeteners or fillers that are often used in tablets.<\/p><p>The nutrients are provided in convenient herbal capsules that can be taken daily or opened and added to water or juice.<\/p><p>If you are looking for a natural and quality source of vitamin C, Vitamin Code Raw Vitamin C is a great choice.<\/p><p><strong>Natural vitamin C and its benefits<\/strong> is well known and appreciated by health professionals.\u00a0<\/p><p><strong>Protective Dark Glass packaging.<\/strong><\/p><p><strong>It takes up to 60 days.\u00a0<\/strong><\/p><p>If you are not sure which vitamins or other supplements <strong>the most appropriate at the moment<\/strong>, take the test <a href=\"https:\/\/findvit.com\/en\/testas\/\"><strong>&quot;Your Day&quot;<\/strong><\/a> and find out\u00a0 <strong>personal<\/strong> recommendation!<\/p><p><a href=\"https:\/\/www.gardenoflife.com\/\" target=\"_blank\" rel=\"noopener\"><strong>&quot;Garden of life&quot;<\/strong><\/a> manufacturer.<\/p>\t\t\t\t\t\t\t\t<\/div>\n\t\t\t\t<\/div>\n\t\t\t\t\t<\/div>\n\t\t<\/div>\n\t\t\t\t<div class=\"elementor-column elementor-col-50 elementor-top-column elementor-element elementor-element-fbc17a4\" data-id=\"fbc17a4\" data-element_type=\"column\">\n\t\t\t<div class=\"elementor-widget-wrap elementor-element-populated\">\n\t\t\t\t\t\t<div class=\"elementor-element elementor-element-c9cdac8 elementor-widget elementor-widget-image\" data-id=\"c9cdac8\" data-element_type=\"widget\" data-widget_type=\"image.default\">\n\t\t\t\t<div class=\"elementor-widget-container\">\n\t\t\t\t\t\t\t\t\t\t\t\t\t\t\t<img loading=\"lazy\" decoding=\"async\" width=\"900\" height=\"900\" src=\"https:\/\/findvit.com\/wp-content\/uploads\/2021\/10\/Ko-13-900x900.jpg\" class=\"attachment-large size-large wp-image-2498\" alt=\"Enzymes for women. A woman is doing yoga exercises\" srcset=\"https:\/\/findvit.com\/wp-content\/uploads\/2021\/10\/Ko-13-900x900.jpg 900w, https:\/\/findvit.com\/wp-content\/uploads\/2021\/10\/Ko-13-600x600.jpg 600w, https:\/\/findvit.com\/wp-content\/uploads\/2021\/10\/Ko-13-150x150.jpg 150w, https:\/\/findvit.com\/wp-content\/uploads\/2021\/10\/Ko-13-768x768.jpg 768w, https:\/\/findvit.com\/wp-content\/uploads\/2021\/10\/Ko-13-1x1.jpg 1w, https:\/\/findvit.com\/wp-content\/uploads\/2021\/10\/Ko-13-10x10.jpg 10w, https:\/\/findvit.com\/wp-content\/uploads\/2021\/10\/Ko-13-100x100.jpg 100w, https:\/\/findvit.com\/wp-content\/uploads\/2021\/10\/Ko-13.jpg 1000w\" sizes=\"auto, (max-width: 900px) 100vw, 900px\" \/>\t\t\t\t\t\t\t\t\t\t\t\t\t\t\t<\/div>\n\t\t\t\t<\/div>\n\t\t\t\t\t<\/div>\n\t\t<\/div>\n\t\t\t\t\t<\/div>\n\t\t<\/section>\n\t\t\t\t<\/div>","protected":false},"excerpt":{"rendered":"<p>Vitamin Code Raw Vitamin C is a unique food supplement that is characterized by the highest quality and comprehensiveness. This amazing product is made from organically grown fruits and vegetables, with a careful process to preserve the natural coenzymes. It is non-GMO, gluten-free, and certified vegan. 30 to 60 days is enough.<\/p>","protected":false},"featured_media":23328,"comment_status":"open","ping_status":"closed","template":"","meta":{"_acf_changed":false,"inline_featured_image":false},"etheme_brands":[{"term_id":58,"name":"Garden of Life","slug":"garden-of-life","term_group":0,"term_taxonomy_id":58,"taxonomy":"brand","description":"<h2><strong><a href=\"https:\/\/www.gardenoflife.com\/why-gol\" target=\"_blank\" rel=\"noopener\">Garden of Life<\/a><\/strong><\/h2>\r\nJAV \u012fmon\u0117, kuri yra viena i\u0161 nedaugelio, gaminanti savo produktus 100% i\u0161 nat\u016brali\u0173 ingredient\u0173. Puikiai tinka \u017emon\u0117ms, kuriems labai svarbi produkt\u0173 sud\u0117tis. Visi produktai be GMO. Gamintojas apdovanotas daugeliu kokyb\u0117s sertifikat\u0173, toki\u0173 kaip USDA Organic, Certified Vegan, Certified Gluten-Free, U Kosher ir daugelis kit\u0173. Garden of life kompanija dal\u012f pajam\u0173, gaut\u0173 i\u0161 pardavim\u0173, skiria labdarai, pla\u010diau apra\u0161ytoms gamintojo svetain\u0117je.\r\n\"Garden of Life\" tikslas - suteikti \u017emon\u0117ms galimyb\u0119 tur\u0117ti auk\u0161tos kokyb\u0117s papildus, kurie yra reikalingi gerai sveikatai i\u0161laikyti. Sud\u0117tin\u0117s dalys yra organin\u0117s kilm\u0117s, klini\u0161kai i\u0161tirtos ir atsekamos kilm\u0117s. Gompanija savo gaminiuose nenaudoja sintetini\u0173 pried\u0173, dirbtini\u0173 skoni\u0173 ar da\u017eikli\u0173, ri\u0161ikli\u0173 ar u\u017epild\u0173.\r\nhttps:\/\/youtu.be\/2jbU_WkglKA?t=48\r\n<h3><strong>Neapdirbtas maistas<\/strong><\/h3>\r\n\u017dmogaus k\u016bnas buvo sukurtas valgyti, apdoroti ir gauti maistines med\u017eiagas i\u0161 maisto - tikro, sveiko maisto. Taigi, kai kuriami produktai, pradedama nuo \u017evilgnsio \u012f maist\u0105. Kokie yra \"geri dalykai\" auk\u0161\u010diausios kokyb\u0117s maiste, kurio mums tr\u016bksta m\u016bs\u0173 kasdien\u0117je mityboje? Kuris i\u0161 \u0161i\u0173 maisto produkt\u0173 turi did\u017eiausi\u0105 potencial\u0105 paveikti ir \u012fgalinti ger\u0105 sveikat\u0105?\r\n<h3><strong>Atsekamumas<\/strong><\/h3>\r\nAtsekamumas yra labai svarbus veiksnys, d\u0117l kurio \"Garden of Life\" produktai yra tokie ypatingi. Atsekamumas prasideda nuo \u017einojimo, i\u0161 kur kil\u0119s kiekvienas produkt\u0173 ingredientas, ir susipa\u017einimo su kiekviena kilme: kur jis auginamas; \u016bkininkavimo praktika; kaip elgiasi su \u016bkio darbuotojais \u2013 viskuo.\r\n<h3><strong>\u0160varu yra sveika<\/strong><\/h3>\r\nGarden of life stebi, kas yra \u012fdedama \u012f produktus \u2013 tikri, neapdirbti maisto ingredientai. Bet ties tuo nesustojama. Taip pat labai daug d\u0117mesio skiriama tam, kas i\u0161 \u0161i\u0173 produkt\u0173 i\u0161gaunama. Ir dar kart\u0105 renkamasi\u00a0 \u2013 tikras kokybi\u0161kas maistas. Kompanija naudoja tre\u010di\u0173j\u0173 \u0161ali\u0173\u00a0 sertifikatus, kad \u012frodyt\u0173, jog produktai yra \u0161var\u016bs ir kokybi\u0161ki!\r\n<h3><strong>CO2 neutralumas<\/strong><\/h3>\r\nGarden of life nepaprastai did\u017eiuojasi, kad pasiek\u0117 anglies dioksido neutralum\u0105 2021 m. Bir\u017eelio m\u0117n. CarbonFund.org sertifikuotas \"Carbonfree\u00ae\", \"Garden of Life\" nuo pat \u012fk\u016brimo buvo \u012fsipareigojusi tvarumui.","parent":0,"count":12,"filter":"raw"}],"product_brand":[],"product_cat":[646,645,63,15],"product_tag":[660,91,122,93,98],"class_list":{"0":"post-4542","1":"product","2":"type-product","3":"status-publish","4":"has-post-thumbnail","6":"brand-garden-of-life","7":"product_cat-papildai-moterims","8":"product_cat-geriausi-papildai-vyrams","9":"product_cat-mineralai","10":"product_cat-produktai","11":"product_tag-esminiai-vitaminai-moterims","12":"product_tag-imunitetui","13":"product_tag-jaunatviskai-odai","14":"product_tag-sveikai-sirdziai","15":"product_tag-tvirtiems-kaulams","17":"first","18":"instock","19":"sale","20":"taxable","21":"shipping-taxable","22":"purchasable","23":"product-type-simple"},"acf":[],"_links":{"self":[{"href":"https:\/\/findvit.com\/en\/wp-json\/wp\/v2\/product\/4542","targetHints":{"allow":["GET"]}}],"collection":[{"href":"https:\/\/findvit.com\/en\/wp-json\/wp\/v2\/product"}],"about":[{"href":"https:\/\/findvit.com\/en\/wp-json\/wp\/v2\/types\/product"}],"replies":[{"embeddable":true,"href":"https:\/\/findvit.com\/en\/wp-json\/wp\/v2\/comments?post=4542"}],"version-history":[{"count":31,"href":"https:\/\/findvit.com\/en\/wp-json\/wp\/v2\/product\/4542\/revisions"}],"predecessor-version":[{"id":21247,"href":"https:\/\/findvit.com\/en\/wp-json\/wp\/v2\/product\/4542\/revisions\/21247"}],"wp:featuredmedia":[{"embeddable":true,"href":"https:\/\/findvit.com\/en\/wp-json\/wp\/v2\/media\/23328"}],"wp:attachment":[{"href":"https:\/\/findvit.com\/en\/wp-json\/wp\/v2\/media?parent=4542"}],"wp:term":[{"taxonomy":"brand","embeddable":true,"href":"https:\/\/findvit.com\/en\/wp-json\/wp\/v2\/etheme_brands?post=4542"},{"taxonomy":"product_brand","embeddable":true,"href":"https:\/\/findvit.com\/en\/wp-json\/wp\/v2\/product_brand?post=4542"},{"taxonomy":"product_cat","embeddable":true,"href":"https:\/\/findvit.com\/en\/wp-json\/wp\/v2\/product_cat?post=4542"},{"taxonomy":"product_tag","embeddable":true,"href":"https:\/\/findvit.com\/en\/wp-json\/wp\/v2\/product_tag?post=4542"}],"curies":[{"name":"wp","href":"https:\/\/api.w.org\/{rel}","templated":true}]}}