{"id":8912,"date":"2022-07-13T14:53:37","date_gmt":"2022-07-13T11:53:37","guid":{"rendered":"https:\/\/findvit.com\/?post_type=product&#038;p=8912"},"modified":"2026-02-09T15:35:52","modified_gmt":"2026-02-09T13:35:52","slug":"trace-minerals-concentrace-skysti-juros-trace-mineralai-komplekse-237-ml","status":"publish","type":"product","link":"https:\/\/findvit.com\/en\/produktas\/trace-minerals-concentrace-skysti-juros-trace-mineralai-komplekse-237-ml\/","title":{"rendered":"Trace Minerals Concentrace liquid marine trace minerals complex, 237 ml"},"content":{"rendered":"\t\t<div data-elementor-type=\"product-post\" data-elementor-id=\"8912\" class=\"elementor elementor-8912\" data-elementor-post-type=\"product\">\n\t\t\t\t\t\t<section class=\"elementor-section elementor-top-section elementor-element elementor-element-71038adc elementor-section-boxed elementor-section-height-default elementor-section-height-default\" data-id=\"71038adc\" data-element_type=\"section\" data-e-type=\"section\">\n\t\t\t\t\t\t<div class=\"elementor-container elementor-column-gap-default\">\n\t\t\t\t\t<div class=\"elementor-column elementor-col-100 elementor-top-column elementor-element elementor-element-427c8b01\" data-id=\"427c8b01\" data-element_type=\"column\" data-e-type=\"column\">\n\t\t\t<div class=\"elementor-widget-wrap\">\n\t\t\t\t\t\t\t<\/div>\n\t\t<\/div>\n\t\t\t\t\t<\/div>\n\t\t<\/section>\n\t\t\t\t<section class=\"elementor-section elementor-top-section elementor-element elementor-element-299a4da0 elementor-section-boxed elementor-section-height-default elementor-section-height-default\" data-id=\"299a4da0\" data-element_type=\"section\" data-e-type=\"section\">\n\t\t\t\t\t\t<div class=\"elementor-container elementor-column-gap-default\">\n\t\t\t\t\t<div class=\"elementor-column elementor-col-100 elementor-top-column elementor-element elementor-element-c4df8a9\" data-id=\"c4df8a9\" data-element_type=\"column\" data-e-type=\"column\">\n\t\t\t<div class=\"elementor-widget-wrap elementor-element-populated\">\n\t\t\t\t\t\t<div class=\"elementor-element elementor-element-33f8c9fc elementor-absolute elementor-hidden-mobile elementor-invisible elementor-widget elementor-widget-image\" data-id=\"33f8c9fc\" data-element_type=\"widget\" data-e-type=\"widget\" data-settings=\"{&quot;motion_fx_motion_fx_scrolling&quot;:&quot;yes&quot;,&quot;motion_fx_rotateZ_effect&quot;:&quot;yes&quot;,&quot;motion_fx_rotateZ_speed&quot;:{&quot;unit&quot;:&quot;px&quot;,&quot;size&quot;:5,&quot;sizes&quot;:[]},&quot;motion_fx_range&quot;:&quot;viewport&quot;,&quot;_animation&quot;:&quot;fadeIn&quot;,&quot;_position&quot;:&quot;absolute&quot;,&quot;motion_fx_rotateZ_affectedRange&quot;:{&quot;unit&quot;:&quot;%&quot;,&quot;size&quot;:&quot;&quot;,&quot;sizes&quot;:{&quot;start&quot;:0,&quot;end&quot;:100}},&quot;motion_fx_devices&quot;:[&quot;desktop&quot;,&quot;tablet&quot;,&quot;mobile&quot;]}\" data-widget_type=\"image.default\">\n\t\t\t\t<div class=\"elementor-widget-container\">\n\t\t\t\t\t\t\t\t\t\t\t\t\t\t\t<img loading=\"lazy\" loading=\"lazy\" decoding=\"async\" width=\"200\" height=\"200\" src=\"https:\/\/findvit.com\/wp-content\/uploads\/2021\/09\/ratukas.svg\" class=\"attachment-full size-full wp-image-1777\" alt=\"Ratukas nuo klausimyno iki vitamino\" \/>\t\t\t\t\t\t\t\t\t\t\t\t\t\t\t<\/div>\n\t\t\t\t<\/div>\n\t\t\t\t\t<\/div>\n\t\t<\/div>\n\t\t\t\t\t<\/div>\n\t\t<\/section>\n\t\t\t\t<section class=\"elementor-section elementor-top-section elementor-element elementor-element-2612b812 elementor-section-boxed elementor-section-height-default elementor-section-height-default\" data-id=\"2612b812\" data-element_type=\"section\" data-e-type=\"section\">\n\t\t\t\t\t\t<div class=\"elementor-container elementor-column-gap-no\">\n\t\t\t\t\t<div class=\"elementor-column elementor-col-50 elementor-top-column elementor-element elementor-element-22786318\" data-id=\"22786318\" data-element_type=\"column\" data-e-type=\"column\">\n\t\t\t<div class=\"elementor-widget-wrap elementor-element-populated\">\n\t\t\t\t\t\t<div class=\"elementor-element elementor-element-1fb707a9 elementor-widget elementor-widget-heading\" data-id=\"1fb707a9\" data-element_type=\"widget\" data-e-type=\"widget\" data-widget_type=\"heading.default\">\n\t\t\t\t<div class=\"elementor-widget-container\">\n\t\t\t\t\t<h4 class=\"elementor-heading-title elementor-size-default\">Trace Minerals Concentrace skysti j\u016bros trace mineralai komplekse, 237 ml<\/h4>\t\t\t\t<\/div>\n\t\t\t\t<\/div>\n\t\t\t\t<div class=\"elementor-element elementor-element-2921752e elementor-widget elementor-widget-text-editor\" data-id=\"2921752e\" data-element_type=\"widget\" data-e-type=\"widget\" data-widget_type=\"text-editor.default\">\n\t\t\t\t<div class=\"elementor-widget-container\">\n\t\t\t\t\t\t\t\t\t<p>ConcenTrace\u00ae Trace Mineral Drops yra <strong>stiprus<\/strong>, visi\u0161kai nat\u016bralus,&nbsp; mikroelement\u0173 kompleksas. Tai JAV #1 parduodam\u0173 mikroelement\u0173 papildas, kuris garantuoja jums skirtumo jausm\u0105.<\/p>\n<h3><strong>Unikali formul\u0117<\/strong><\/h3>\n<p><strong>Komplekse&nbsp; mineralai subalansuoti taip, kad patenkint\u0173 kiekvieno \u0161eimos nario poreikius.&nbsp;<\/strong><\/p>\n<p><strong> Jie<\/strong> <strong>sukurti nat\u016bralios gamtos<\/strong>, tod\u0117l&nbsp; yra tokie pat kaip ir <strong>maiste esantys mikroelementai<\/strong>. Jonin\u0117 forma dar padidina \u0161io komplekso vert\u0119.<\/p>\n<p>ConcenTrace Trace Mineral Drops yra gaminamas i\u0161 Did\u017eiojo druskos e\u017eero vandens, kuris yra <strong>nat\u016bralus mineral\u0173 \u0161altinis.<\/strong><\/p>\n<p>&#8211; \u0160is produktas yra filtruojamas ir koncentruojamas specialiu procesu, kuris i\u0161laiko visus nat\u016bralius mineralus ir mikroelementus.<\/p>\n<p>&#8211; ConcenTrace Trace Mineral Drops sud\u0117tyje yra <strong>daugiau nei 72<\/strong> mikroelementai, \u012fskaitant magn\u012f, chlorid\u0105, kal\u012f, kalc\u012f, natrium\u0105, cink\u0105, selen\u0105 ir daugel\u012f kit\u0173.<\/p>\n<p>&#8211; \u0160ie mikroelementai yra b\u016btini daugeliui k\u016bno funkcij\u0173:<\/p>\n<p>&#8211; ConcenTrace Trace Mineral Drops yra ma\u017eo natrioturintis produktas, kuris neturi <strong>joki\u0173 prid\u0117tini\u0173<\/strong> cukr\u0173, konservant\u0173 ar saldikli\u0173.<\/p>\n<p>&#8211; \u0160is produktas yra veganams draugi\u0161kas, nes neturi joki\u0173 gyv\u016bnin\u0117s kilm\u0117s ingredient\u0173.<\/p>\n<p>&#8211; ConcenTrace Trace Mineral Drops yra lengvai naudojamas ir dozuojamas. Tiesiog prid\u0117kite kelis la\u0161us \u012f savo g\u0117rim\u0105 ar maist\u0105 ir m\u0117gaukit\u0117s mineral\u0173 nauda.<\/p>\n<p>&#8211; ConcenTrace Trace Mineral Drops yra patikimas ir kokybi\u0161kas produktas, kuris yra <strong>sertifikuotas<\/strong> GMP ir NSF standart\u0173.<\/p>\n<p>&#8211; ConcenTrace Trace Mineral Drops yra puikus pasirinkimas tiems, kurie nori papildyti organizm\u0105 maistin\u0117mis med\u017eiagomis ir skiria d\u0117mes\u012f sau ir savo artimiesiems.<\/p>\n<h3><strong>Vartojimas<\/strong>:&nbsp;<\/h3>\n<p>Pirmas 3 dienas gerti po 10 la\u0161\u0173 \u012f dien\u0105. Didinti doz\u0119 po 10 la\u0161\u0173 kol pasieksite 40 la\u0161\u0173 dienos doz\u0119, kuri\u0105 galite suvartoti per vien\u0105 kart\u0105 ar du kartus per dien\u0105. Vaikams nuo 3 met\u0173 vartoti po 1 la\u0161\u0105 kiekvienam 2,3 kg k\u016bno svorio. Produktas be joki\u0173 pried\u0173, tod\u0117l rekomenduojame naudoti kartu su sultimis, kad nuslopinti specifin\u012f mineral\u0173 skon\u012f.<\/p>\n<p>Jei domiesi, apie&nbsp; \u0161iuo metu asmeni\u0161kai <strong>tinkamiausius<\/strong> vitaminus ar kitus stiprinan\u010dius produktus, atlik test\u0105 <a href=\"https:\/\/findvit.com\/testas\/\"><strong>&#8222;Tavo diena&#8221;<\/strong><\/a> ir su\u017einosi <strong>asmenin\u0119<\/strong> rekomendacij\u0105!<\/p>\t\t\t\t\t\t\t\t<\/div>\n\t\t\t\t<\/div>\n\t\t\t\t\t<\/div>\n\t\t<\/div>\n\t\t\t\t<div class=\"elementor-column elementor-col-50 elementor-top-column elementor-element elementor-element-2f38747d\" data-id=\"2f38747d\" data-element_type=\"column\" data-e-type=\"column\">\n\t\t\t<div class=\"elementor-widget-wrap elementor-element-populated\">\n\t\t\t\t\t\t<div class=\"elementor-element elementor-element-40415755 elementor-widget elementor-widget-image\" data-id=\"40415755\" data-element_type=\"widget\" data-e-type=\"widget\" data-widget_type=\"image.default\">\n\t\t\t\t<div class=\"elementor-widget-container\">\n\t\t\t\t\t\t\t\t\t\t\t\t\t\t\t<img loading=\"lazy\" loading=\"lazy\" decoding=\"async\" width=\"900\" height=\"900\" src=\"https:\/\/findvit.com\/wp-content\/uploads\/2021\/08\/Ko-4-900x900.jpg\" class=\"attachment-large size-large wp-image-2473\" alt=\"Laiminga \u0161eima, kai vartodami skystus papildus\" srcset=\"https:\/\/findvit.com\/wp-content\/uploads\/2021\/08\/Ko-4-900x900.jpg 900w, https:\/\/findvit.com\/wp-content\/uploads\/2021\/08\/Ko-4-600x600.jpg 600w, https:\/\/findvit.com\/wp-content\/uploads\/2021\/08\/Ko-4-150x150.jpg 150w, https:\/\/findvit.com\/wp-content\/uploads\/2021\/08\/Ko-4-768x768.jpg 768w, https:\/\/findvit.com\/wp-content\/uploads\/2021\/08\/Ko-4-1x1.jpg 1w, https:\/\/findvit.com\/wp-content\/uploads\/2021\/08\/Ko-4-10x10.jpg 10w, https:\/\/findvit.com\/wp-content\/uploads\/2021\/08\/Ko-4-100x100.jpg 100w, https:\/\/findvit.com\/wp-content\/uploads\/2021\/08\/Ko-4.jpg 1000w\" sizes=\"auto, (max-width: 900px) 100vw, 900px\" \/>\t\t\t\t\t\t\t\t\t\t\t\t\t\t\t<\/div>\n\t\t\t\t<\/div>\n\t\t\t\t\t<\/div>\n\t\t<\/div>\n\t\t\t\t\t<\/div>\n\t\t<\/section>\n\t\t\t\t<\/div>\n\t\t","protected":false},"excerpt":{"rendered":"<p>Trace Minerals ConcenTrace Drops are concentrated marine <strong>mineral complex of 72 trace elements<\/strong>. Trace minerals <strong>provides nutrition<\/strong> missing trace elements in a biologically available form. Suitable for the whole family. It is perfect for drinking while doing sports, working, being in nature, or traveling. <strong>100 % natural<\/strong> food and water supplement. It is enough for a course of up to 6 months.<\/p>","protected":false},"featured_media":8911,"comment_status":"open","ping_status":"closed","template":"","meta":{"_acf_changed":false,"inline_featured_image":false},"etheme_brands":[{"term_id":38,"name":"Trace Minerals","slug":"trace-minerals","term_group":0,"term_taxonomy_id":38,"taxonomy":"brand","description":"<h2><strong>Trace minerals<\/strong><\/h2>\r\n\"Trace Minerals\" yra \u017einomas jonini\u0173 mineralini\u0173 papild\u0173 prek\u0117s \u017eenklas, kuriuo pasitikima beveik 50 met\u0173.\r\n\r\n<strong>Gamintojo misija<\/strong>\r\n\r\n\"Trace Minerals\" mato pasaul\u012f, kuriame \u017emon\u0117s yra\r\natsakingi u\u017e savo sveikat\u0105. Laikas, kai visi \u017emon\u0117s yra nori ir gali\r\ngyventi sveikiau. Joniniai mineralai yra pasiekiami visiems norintiems. Daugiau nei 50 met\u0173 \"Trace Minerals\" prek\u0117s \u017eenklo\r\nproduktai visame pasaulyje buvo pripa\u017einti jonini\u0173 produkt\u0173 pradininkais.\r\n\r\nVisus 50 met\u0173 Trace Minerals vertyb\u0117s yra:\r\n\r\n1. Bekompromis\u0117 kokyb\u0117, nuo kurios priklauso \u017emoni\u0173 savijauta.\r\n2. Neprilygstama aptarnavimas, kuris leid\u017eia klientams \u0161ypsotis.\r\n3. Nuolatinis pajam\u0173 augimas diegiant inovacijas ir kuriant produktus.\r\n4. Ugdomieji u\u017esi\u0117mimai.\r\n5. Lyderyst\u0117 savo srities pramon\u0117je.\r\n6. Lojalumas ir s\u0105\u017einingumas patikimiems darbuotojams ir verslo partneriams.\r\n<h3><strong>Garantija<\/strong><\/h3>\r\nGamintojas tiki, kad maisto papildai tur\u0117t\u0173 atne\u0161ti pastebimus\r\nrezultatus. Trace minerals \u012fsipareigojimas siekti pastebim\u0173 rezultat\u0173 yra\r\n\"Trace Minerals research\" filosofija.\r\n\r\nBeveik penkis de\u0161imtme\u010dius \"Trace Minerals\" prek\u0117s \u017eenklo produktai pad\u0117jo \u017emon\u0117ms priimti pagr\u012fstus sprendimus pasirenkant tinkamus produktus. Trce Minerals t\u0119stinis \u012fsipareigojimas yra paprastas: gaminti auk\u0161\u010diausios kokyb\u0117s produktus, paremtus moksliniais tyrimais, pagamintus u\u017e teising\u0105 kain\u0105 ir garantuojama, kad bus\r\npagerinti gyvenimai t\u0173, kurie vartoja kokybi\u0161kus produktus. Trace minerals visada tai dar\u0117 ir toliau t\u0105 darys.\r\n\r\nhttps:\/\/youtu.be\/hbeINVcx5FY?t=77\r\n<h3><strong>Mokslas ir tyrimai<\/strong><\/h3>\r\nGamintojas gavo \u0161e\u0161i\u0173 m\u0117nesi\u0173 klinikinio tyrimo \"ConcenTrace\u00ae\" rezultatus. \"Trace Mineral Drops\", jo pavyzdinis jonini\u0173 mineralinis papildas, kuriame yra visas spektras nat\u016braliai atsirandan\u010di\u0173 mikroelement\u0173.\r\n\r\nDalyviams buvo skiriama po 40 la\u0161\u0173 ConcenTrace\u00ae arba placebo per par\u0105\r\n24 savaites. Tyrime teigiama, kad \"veiksmingum\u0105 objektyviai patvirtino\r\n\u012fvertinti s\u0105nari\u0173 kremzl\u0117s storio, s\u0105nario erdv\u0117s plo\u010dio poky\u010dius\r\nir sinovinio skys\u010dio sud\u0117tis\". 24 savai\u010di\u0173 rezultatai rodo, kad \"ultrasonografija ir sinovinio skys\u010dio tyrimas atskleid\u0117 kremzl\u0117s\r\nstrukt\u016bros pager\u0117jim\u0105\".\r\n\r\n\u0160is preliminarus tyrimas parodo, kad ConcenTrace\u00ae pagerina s\u0105nari\u0173 sveikat\u0105.\r\n<h3><strong>Sertifikatai<\/strong><\/h3>\r\nKokyb\u0117 visada buvo svarbiausias <a href=\"https:\/\/www.traceminerals.com\/\" target=\"_blank\" rel=\"noopener\">\"Trace Minerals\"<\/a> prioritetas. Per daugel\u012f met\u0173\u00a0 akylai tobulino gamybos procesus. Tikima, kad geriausi procesai padeda gaminti geriausius ir sveikiausius produktus. Tai yra pagrindin\u0117 prie\u017eastis, kod\u0117l grie\u017etai kontroliuojama produkt\u0173 kokyb\u0117 ir kod\u0117l turima daugyb\u0117 sertifikat\u0173.\r\n<ul>\r\n \t<li><a href=\"https:\/\/grmalliance.org\/\" target=\"_blank\" rel=\"noopener\">GRMA\/UL GMP Certified<\/a><\/li>\r\n \t<li>GRAS Certified<\/li>\r\n \t<li>BPA Free<\/li>\r\n \t<li>Kosher<\/li>\r\n \t<li>Halal<\/li>\r\n \t<li>Non-GMO Verified<\/li>\r\n \t<li>Transparency<\/li>\r\n<\/ul>","parent":0,"count":19,"filter":"raw"}],"product_brand":[],"product_cat":[63,64],"product_tag":[88,125,99,100],"class_list":{"0":"post-8912","1":"product","2":"type-product","3":"status-publish","4":"has-post-thumbnail","6":"brand-trace-minerals","7":"product_cat-mineralai","8":"product_cat-elektrolitai","9":"product_tag-aktyviai-organizmo-apykaitai","10":"product_tag-energijai","11":"product_tag-lankstumui-ir-dregmes-balansui","12":"product_tag-ph-balansui","14":"first","15":"outofstock","16":"taxable","17":"shipping-taxable","18":"purchasable","19":"product-type-simple"},"acf":[],"_links":{"self":[{"href":"https:\/\/findvit.com\/en\/wp-json\/wp\/v2\/product\/8912","targetHints":{"allow":["GET"]}}],"collection":[{"href":"https:\/\/findvit.com\/en\/wp-json\/wp\/v2\/product"}],"about":[{"href":"https:\/\/findvit.com\/en\/wp-json\/wp\/v2\/types\/product"}],"replies":[{"embeddable":true,"href":"https:\/\/findvit.com\/en\/wp-json\/wp\/v2\/comments?post=8912"}],"version-history":[{"count":22,"href":"https:\/\/findvit.com\/en\/wp-json\/wp\/v2\/product\/8912\/revisions"}],"predecessor-version":[{"id":18868,"href":"https:\/\/findvit.com\/en\/wp-json\/wp\/v2\/product\/8912\/revisions\/18868"}],"wp:featuredmedia":[{"embeddable":true,"href":"https:\/\/findvit.com\/en\/wp-json\/wp\/v2\/media\/8911"}],"wp:attachment":[{"href":"https:\/\/findvit.com\/en\/wp-json\/wp\/v2\/media?parent=8912"}],"wp:term":[{"taxonomy":"brand","embeddable":true,"href":"https:\/\/findvit.com\/en\/wp-json\/wp\/v2\/etheme_brands?post=8912"},{"taxonomy":"product_brand","embeddable":true,"href":"https:\/\/findvit.com\/en\/wp-json\/wp\/v2\/product_brand?post=8912"},{"taxonomy":"product_cat","embeddable":true,"href":"https:\/\/findvit.com\/en\/wp-json\/wp\/v2\/product_cat?post=8912"},{"taxonomy":"product_tag","embeddable":true,"href":"https:\/\/findvit.com\/en\/wp-json\/wp\/v2\/product_tag?post=8912"}],"curies":[{"name":"wp","href":"https:\/\/api.w.org\/{rel}","templated":true}]}}