{"id":9372,"date":"2022-08-04T19:13:22","date_gmt":"2022-08-04T16:13:22","guid":{"rendered":"https:\/\/findvit.com\/?post_type=product&#038;p=9372"},"modified":"2026-03-02T15:03:25","modified_gmt":"2026-03-02T13:03:25","slug":"enzymedica-digest-basicprobiotics-virskinimo-fermentai-geram-virskinimui-su-probiotikais-90-vegkapsuliu","status":"publish","type":"product","link":"https:\/\/findvit.com\/en\/produktas\/enzymedica-digest-basicprobiotics-virskinimo-fermentai-geram-virskinimui-su-probiotikais-90-vegkapsuliu\/","title":{"rendered":"Enzymedica Digest\u2122 Basic+PROBIOTICS &#8211; vir\u0161kinimo fermentai su probiotikais, 90 vegkapsuli\u0173"},"content":{"rendered":"\t\t<div data-elementor-type=\"product-post\" data-elementor-id=\"9372\" class=\"elementor elementor-9372\" data-elementor-post-type=\"product\">\n\t\t\t\t\t\t<section class=\"elementor-section elementor-top-section elementor-element elementor-element-450e271 elementor-section-boxed elementor-section-height-default elementor-section-height-default\" data-id=\"450e271\" data-element_type=\"section\" data-e-type=\"section\">\n\t\t\t\t\t\t<div class=\"elementor-container elementor-column-gap-default\">\n\t\t\t\t\t<div class=\"elementor-column elementor-col-100 elementor-top-column elementor-element elementor-element-51c6855\" data-id=\"51c6855\" data-element_type=\"column\" data-e-type=\"column\">\n\t\t\t<div class=\"elementor-widget-wrap elementor-element-populated\">\n\t\t\t\t\t\t<div class=\"elementor-element elementor-element-da4ccd9 elementor-absolute elementor-hidden-mobile elementor-invisible elementor-widget elementor-widget-image\" data-id=\"da4ccd9\" data-element_type=\"widget\" data-e-type=\"widget\" data-settings=\"{&quot;motion_fx_motion_fx_scrolling&quot;:&quot;yes&quot;,&quot;motion_fx_rotateZ_effect&quot;:&quot;yes&quot;,&quot;motion_fx_rotateZ_speed&quot;:{&quot;unit&quot;:&quot;px&quot;,&quot;size&quot;:5,&quot;sizes&quot;:[]},&quot;motion_fx_range&quot;:&quot;viewport&quot;,&quot;_animation&quot;:&quot;fadeIn&quot;,&quot;_position&quot;:&quot;absolute&quot;,&quot;motion_fx_rotateZ_affectedRange&quot;:{&quot;unit&quot;:&quot;%&quot;,&quot;size&quot;:&quot;&quot;,&quot;sizes&quot;:{&quot;start&quot;:0,&quot;end&quot;:100}},&quot;motion_fx_devices&quot;:[&quot;desktop&quot;,&quot;tablet&quot;,&quot;mobile&quot;]}\" data-widget_type=\"image.default\">\n\t\t\t\t<div class=\"elementor-widget-container\">\n\t\t\t\t\t\t\t\t\t\t\t\t\t\t\t<img loading=\"lazy\" loading=\"lazy\" decoding=\"async\" width=\"200\" height=\"200\" src=\"https:\/\/findvit.com\/wp-content\/uploads\/2021\/09\/ratukas.svg\" class=\"attachment-full size-full wp-image-1777\" alt=\"Ratukas nuo klausimyno iki vitamino\" \/>\t\t\t\t\t\t\t\t\t\t\t\t\t\t\t<\/div>\n\t\t\t\t<\/div>\n\t\t\t\t\t<\/div>\n\t\t<\/div>\n\t\t\t\t\t<\/div>\n\t\t<\/section>\n\t\t\t\t<section class=\"elementor-section elementor-top-section elementor-element elementor-element-b9f63d6 elementor-section-boxed elementor-section-height-default elementor-section-height-default\" data-id=\"b9f63d6\" data-element_type=\"section\" data-e-type=\"section\">\n\t\t\t\t\t\t<div class=\"elementor-container elementor-column-gap-no\">\n\t\t\t\t\t<div class=\"elementor-column elementor-col-50 elementor-top-column elementor-element elementor-element-4475b85\" data-id=\"4475b85\" data-element_type=\"column\" data-e-type=\"column\">\n\t\t\t<div class=\"elementor-widget-wrap elementor-element-populated\">\n\t\t\t\t\t\t<div class=\"elementor-element elementor-element-195ab3c elementor-widget elementor-widget-heading\" data-id=\"195ab3c\" data-element_type=\"widget\" data-e-type=\"widget\" data-widget_type=\"heading.default\">\n\t\t\t\t<div class=\"elementor-widget-container\">\n\t\t\t\t\t<h2 class=\"elementor-heading-title elementor-size-medium\">Enzymedica Digest\u2122 Basic+PROBIOTICS &#8211; vir\u0161kinimo fermentai su probiotikais, 90 vegkapsuli\u0173<\/h2>\t\t\t\t<\/div>\n\t\t\t\t<\/div>\n\t\t\t\t<div class=\"elementor-element elementor-element-33a838d elementor-widget elementor-widget-text-editor\" data-id=\"33a838d\" data-element_type=\"widget\" data-e-type=\"widget\" data-widget_type=\"text-editor.default\">\n\t\t\t\t<div class=\"elementor-widget-container\">\n\t\t\t\t\t\t\t\t\t<p><strong>Digest +Probiotics sud\u0117tyje yra unikalus Thera-Blend mi\u0161inys.<\/strong><\/p><p><strong> Jame subalansuoti net 12 skirting\u0173 ferment\u0173 kartu su gerosiomis bakterijomis,\u00a0 kurie padeda vir\u0161kinti sveikai.<\/strong><\/p><p><strong> Probiotikai papildo kasdien\u0119 mityb\u0105 gyvybingomis bakterijomis. <\/strong><\/p><p>Svarbu, kad visada tur\u0117tume reikiam\u0105 kiek\u012f ir \u012fvairov\u0119.\u00a0<\/p><p><strong>Thera-Blend<\/strong> sud\u0117tyje yra veiksming\u0173 ferment\u0173, toki\u0173 kaip <strong>amilaz\u0117, lipaz\u0117, celiulaz\u0117 ir proteaz\u0117<\/strong>.<\/p><p>Enzymedica patentuota <strong>Thera-blend\u2122<\/strong> technologija rei\u0161kia, kad Digest +PROBIOITICS sud\u0117tyje esantys fermentai veikia visame j\u016bs\u0173 <strong>vir\u0161kinimo trakto pH spektre.<\/strong><\/p><p><strong>Kas yra fermentai ir kaip jie veikia?<\/strong><br \/>Fermentai atsakingi u\u017e vir\u0161kinim\u0105. Tai nat\u016braliai susidarantys <strong>baltymai, kurie pagreitina reakcijas.<\/strong><\/p><p><strong>Fermenta<\/strong>i primena ma\u017eas \u017eirkles, kurios m\u016bs\u0173 suvalgyt\u0105 <strong>maist\u0105 \u201esukarpo\u201c \u012f ma\u017eesnes dalis.<\/strong>\u00a0<\/p><p>Vartojamas, kai kasa nepakankamai gamina ir i\u0161skiria vir\u0161kinimo ferment\u0173\u00a0ir tai sukelia vir\u0161kinimo sutrikim\u0173.<\/p><p>Naudojant \u0161\u012f\u00a0 maisto papild\u0105 su fermentais ir probiotikais, vir\u0161kinimo procesas gaus papildomai ferment\u0173 ir probiotik\u0173.<\/p><p>Ferment\u0173 tr\u016bkum\u0105 gali sukelti ne tik mityba ar gyvenimo b\u016bdas.<\/p><p>Gali b\u016bti sunku vien i\u0161 mitybos gauti visas reikiamas med\u017eiagas, nes virimo ir kepimo metu maiste esantys fermentai \u017e\u016bsta.<\/p><p><strong>Organizm\u0105 galima papildyti fermentais ir probiotikais.<\/strong><\/p><ul><li>Fermentai yra reikalingi vir\u0161kinimui. Vir\u0161kinimo fermentai padeda suskaidyti maist\u0105.<\/li><li>Ferment\u0173 tr\u016bkumas gali atsirasti d\u0117l \u012fvairi\u0173 prie\u017eas\u010di\u0173: netinkamos mitybos, gyvenimo b\u016bdo, streso, genetikos, vaist\u0173 vartojimo.<\/li><\/ul><p><strong>Amilaz\u0117<\/strong> \u2013 suskaido angliavandenius, krakmolus ir cukrus, kurie vyrauja visuose augaliniuose maisto produktuose (bulv\u0117s, vaisiai, dar\u017eov\u0117s, gr\u016bdai).<\/p><p><strong>Lipaz\u0117<\/strong> \u2013 padeda vir\u0161kinti riebal\u0173 turin\u010dius maisto produktus, pvz., pieno produktus, rie\u0161utus, aliejus, kiau\u0161inius ir m\u0117s\u0105.<\/p><p><strong>Celiulaz\u0117<\/strong> &#8211; padeda vir\u0161kinti daug skaidul\u0173 turin\u010dius maisto produktus, tokius kaip brokoliai, \u0161paragai ir pupel\u0117s, kurie gali sukelti duj\u0173 kaupim\u0105si.<\/p><p><strong>Laktaz\u0117<\/strong> \u2013 skaido cukraus laktoz\u0119 \u012f gliukoz\u0119 ir galaktoz\u0119.<\/p><p><strong>Maltaz\u0117<\/strong> \u2013 skaido cukraus maltoz\u0119 \u012f ma\u017eesnes gliukoz\u0117s molekules.<\/p><p>Daugiau naudingos informacijos galima rasti:<\/p><p>Gamintojas &#8211; <strong><a href=\"https:\/\/findvit.com\/gamintojas\/enzymedica\/\" target=\"_blank\" rel=\"noopener\">Enzymedica<\/a><\/strong><\/p><p>Jei nesi tikra\/s kurie dar vitaminai ar kiti papildai tinkamiausi \u0161iuo metu, atlik test\u0105 <strong><a href=\"https:\/\/findvit.com\/testas\/\">\u201cTavo diena\u201d<\/a> <\/strong>ir su\u017einok asmenin\u0119 rekomendacij\u0105!<\/p>\t\t\t\t\t\t\t\t<\/div>\n\t\t\t\t<\/div>\n\t\t\t\t\t<\/div>\n\t\t<\/div>\n\t\t\t\t<div class=\"elementor-column elementor-col-50 elementor-top-column elementor-element elementor-element-4cd8d4c\" data-id=\"4cd8d4c\" data-element_type=\"column\" data-e-type=\"column\">\n\t\t\t<div class=\"elementor-widget-wrap elementor-element-populated\">\n\t\t\t\t\t\t<div class=\"elementor-element elementor-element-126df0d elementor-widget elementor-widget-image\" data-id=\"126df0d\" data-element_type=\"widget\" data-e-type=\"widget\" data-widget_type=\"image.default\">\n\t\t\t\t<div class=\"elementor-widget-container\">\n\t\t\t\t\t\t\t\t\t\t\t\t\t\t\t<img loading=\"lazy\" loading=\"lazy\" decoding=\"async\" width=\"900\" height=\"900\" src=\"https:\/\/findvit.com\/wp-content\/uploads\/2021\/10\/Ko-13-900x900.jpg\" class=\"attachment-large size-large wp-image-2498\" alt=\"Fermentai Moteriai. Moteris atlieka jogos pratimus\" srcset=\"https:\/\/findvit.com\/wp-content\/uploads\/2021\/10\/Ko-13-900x900.jpg 900w, https:\/\/findvit.com\/wp-content\/uploads\/2021\/10\/Ko-13-600x600.jpg 600w, https:\/\/findvit.com\/wp-content\/uploads\/2021\/10\/Ko-13-150x150.jpg 150w, https:\/\/findvit.com\/wp-content\/uploads\/2021\/10\/Ko-13-768x768.jpg 768w, https:\/\/findvit.com\/wp-content\/uploads\/2021\/10\/Ko-13-1x1.jpg 1w, https:\/\/findvit.com\/wp-content\/uploads\/2021\/10\/Ko-13-10x10.jpg 10w, https:\/\/findvit.com\/wp-content\/uploads\/2021\/10\/Ko-13-100x100.jpg 100w, https:\/\/findvit.com\/wp-content\/uploads\/2021\/10\/Ko-13.jpg 1000w\" sizes=\"auto, (max-width: 900px) 100vw, 900px\" \/>\t\t\t\t\t\t\t\t\t\t\t\t\t\t\t<\/div>\n\t\t\t\t<\/div>\n\t\t\t\t\t<\/div>\n\t\t<\/div>\n\t\t\t\t\t<\/div>\n\t\t<\/section>\n\t\t\t\t<\/div>\n\t\t","protected":false},"excerpt":{"rendered":"<p>A complex of digestive enzymes and probiotics is an effective aid for indigestion developed by specialists. It is a proprietary formula Thera-blend complex. It contains even 12 different enzymes together with good bacteria. One vegan capsule effectively restores digestion and eliminates unpleasant sensations. Thera blend enzymes with probiotics are unique in that they remain effective throughout digestion and thus maximally improve and at the same time restore the intestinal microflora. Kosher.<\/p>","protected":false},"featured_media":23322,"comment_status":"open","ping_status":"closed","template":"","meta":{"_acf_changed":false,"inline_featured_image":false},"etheme_brands":[{"term_id":57,"name":"Enzymedica","slug":"enzymedica","term_group":0,"term_taxonomy_id":57,"taxonomy":"brand","description":"<h2><a href=\"https:\/\/enzymedica.com\/pages\/explore-our-mission\" target=\"_blank\" rel=\"noopener\">Kiekvienas Enzymedica<\/a> produktas:<\/h2>\r\nhttps:\/\/youtu.be\/3ntanNxUev8?t=2\r\n<h3><strong>\u0160varus<\/strong><\/h3>\r\n\"Enzymedica\" nadoja tik gryniausius nat\u016bralius ingredientus ir siekia, kad produktuose neb\u016bt\u0173 dirbtini\u0173 priemai\u0161\u0173. Gamintojas did\u017eiuojasi, kad yra pirmasis \"Clean Label Project\" sertifikuotas papild\u0173 prek\u0117s \u017eenklas, kurio produktuose n\u0117ra daugiau nei 130 ter\u0161al\u0173. Enzymedica saugo visus gerus ingridientus ir niekada nenaudoja dirbtini\u0173 pried\u0173.\r\n<h3><strong>Nepriklausomai sertifikuotas<\/strong><\/h3>\r\nEnzymedica \u012fsipareigojusi laikytis geros gamybos praktikos. \"Enzymedica\" nepriklausomai audituojama \"NSF International\" kompanijos.\r\n<h3><strong>Tyras<\/strong><\/h3>\r\nKiekviena gamybos partija yra kruop\u0161\u010diai i\u0161testuojama vertinant produkt\u0173 grynum\u0105, tod\u0117l u\u017etikrinama, kad tai, kas yra etiket\u0117je, visada yra buteliuke.\r\n<h3><strong>Orentuotas \u012f gyvenimo b\u016bd\u0105<\/strong><\/h3>\r\nKur tik \u012fmanoma \"Enzymedica\" produktai yra sertifikuojami \"Kosher\" \u017eenklu. Kai tik \u012fmanoma naudojami vegetari\u0161ki ir vegani\u0161ki ingredientai.\r\n<h3><strong>Tvarus<\/strong><\/h3>\r\nPlanetos gerov\u0117 yra tokia pat svarbi kaip ir m\u016bs\u0173, tod\u0117l \"Enzymedica\" mano, kad ekologijos svarba yra neatsiejama verslo dalis ir gyvenimo b\u016bdas. \"LEED-Gold Certified\" b\u016bstin\u0117je yra naudojama saul\u0117s energija, u\u017etikrinant geresn\u0119 ateit\u012f planetai.\r\n<h3><strong>Efektyvus<\/strong><\/h3>\r\nGeriausi papildai n\u0117ra kuriami atsitiktinai. \"Enzymedica\" savaranki\u0161kai tikrina, ar visi j\u0173 produktai atitinka grie\u017etus standartus, ir siekdama pagerinti ingridient\u0173 efektyvum\u0105 suk\u016br\u0117 naujas technologijas, tokias kaip \"Therablend\".\r\n<h3><strong>Socialiai s\u0105moningas<\/strong><\/h3>\r\n\"Enzymedica\" tiki \u017emon\u0117mis ir planeta, ir kiekvianam darbuotojui tai svarbu. Filantropija yra \u012fmon\u0117s pagrindas ir remdami \"People &amp; Planet\" iniciatyvas tai tik patvirtina.","parent":0,"count":8,"filter":"raw"}],"product_brand":[],"product_cat":[646,653,118,652,23,15],"product_tag":[88,126,97,657],"class_list":{"0":"post-9372","1":"product","2":"type-product","3":"status-publish","4":"has-post-thumbnail","6":"brand-enzymedica","7":"product_cat-papildai-moterims","8":"product_cat-papildai-detoksikacijai","9":"product_cat-fermentai","10":"product_cat-rudens-vitaminai-ir-papildai","11":"product_cat-vitaminai","12":"product_cat-produktai","13":"product_tag-aktyviai-organizmo-apykaitai","14":"product_tag-greitam-virskinimui-ir-salinimui","15":"product_tag-svorio-kontrolei","16":"product_tag-virskinimas-mikrobiota-moterims","18":"first","19":"instock","20":"sale","21":"taxable","22":"shipping-taxable","23":"purchasable","24":"product-type-simple"},"acf":[],"_links":{"self":[{"href":"https:\/\/findvit.com\/en\/wp-json\/wp\/v2\/product\/9372","targetHints":{"allow":["GET"]}}],"collection":[{"href":"https:\/\/findvit.com\/en\/wp-json\/wp\/v2\/product"}],"about":[{"href":"https:\/\/findvit.com\/en\/wp-json\/wp\/v2\/types\/product"}],"replies":[{"embeddable":true,"href":"https:\/\/findvit.com\/en\/wp-json\/wp\/v2\/comments?post=9372"}],"version-history":[{"count":20,"href":"https:\/\/findvit.com\/en\/wp-json\/wp\/v2\/product\/9372\/revisions"}],"predecessor-version":[{"id":23208,"href":"https:\/\/findvit.com\/en\/wp-json\/wp\/v2\/product\/9372\/revisions\/23208"}],"wp:featuredmedia":[{"embeddable":true,"href":"https:\/\/findvit.com\/en\/wp-json\/wp\/v2\/media\/23322"}],"wp:attachment":[{"href":"https:\/\/findvit.com\/en\/wp-json\/wp\/v2\/media?parent=9372"}],"wp:term":[{"taxonomy":"brand","embeddable":true,"href":"https:\/\/findvit.com\/en\/wp-json\/wp\/v2\/etheme_brands?post=9372"},{"taxonomy":"product_brand","embeddable":true,"href":"https:\/\/findvit.com\/en\/wp-json\/wp\/v2\/product_brand?post=9372"},{"taxonomy":"product_cat","embeddable":true,"href":"https:\/\/findvit.com\/en\/wp-json\/wp\/v2\/product_cat?post=9372"},{"taxonomy":"product_tag","embeddable":true,"href":"https:\/\/findvit.com\/en\/wp-json\/wp\/v2\/product_tag?post=9372"}],"curies":[{"name":"wp","href":"https:\/\/api.w.org\/{rel}","templated":true}]}}