{"id":9953,"date":"2022-10-26T17:33:51","date_gmt":"2022-10-26T14:33:51","guid":{"rendered":"https:\/\/findvit.com\/?post_type=product&#038;p=9953"},"modified":"2026-02-27T16:25:45","modified_gmt":"2026-02-27T14:25:45","slug":"garden-of-life-vitamin-code-raw-b-complex-b-grupes-vitaminai-kompleksas-120-veganisku-kapsuliu","status":"publish","type":"product","link":"https:\/\/findvit.com\/en\/produktas\/garden-of-life-vitamin-code-raw-b-complex-b-grupes-vitaminai-kompleksas-120-veganisku-kapsuliu\/","title":{"rendered":"Garden of life Vitamin Code RAW B-COMPLEX \u2013 B group vitamins complete with probiotics, antioxidants and enzymes. Bioactive complex, 120 vegan capsules"},"content":{"rendered":"<div data-elementor-type=\"product-post\" data-elementor-id=\"9953\" class=\"elementor elementor-9953\" data-elementor-post-type=\"product\">\n\t\t\t\t\t\t<section class=\"elementor-section elementor-top-section elementor-element elementor-element-05d046e elementor-section-boxed elementor-section-height-default elementor-section-height-default\" data-id=\"05d046e\" data-element_type=\"section\">\n\t\t\t\t\t\t<div class=\"elementor-container elementor-column-gap-default\">\n\t\t\t\t\t<div class=\"elementor-column elementor-col-100 elementor-top-column elementor-element elementor-element-61c2920\" data-id=\"61c2920\" data-element_type=\"column\">\n\t\t\t<div class=\"elementor-widget-wrap elementor-element-populated\">\n\t\t\t\t\t\t<div class=\"elementor-element elementor-element-6d686c1 elementor-absolute elementor-hidden-mobile elementor-invisible elementor-widget elementor-widget-image\" data-id=\"6d686c1\" data-element_type=\"widget\" data-settings=\"{&quot;motion_fx_motion_fx_scrolling&quot;:&quot;yes&quot;,&quot;motion_fx_rotateZ_effect&quot;:&quot;yes&quot;,&quot;motion_fx_rotateZ_speed&quot;:{&quot;unit&quot;:&quot;px&quot;,&quot;size&quot;:5,&quot;sizes&quot;:[]},&quot;motion_fx_range&quot;:&quot;viewport&quot;,&quot;_animation&quot;:&quot;fadeIn&quot;,&quot;_position&quot;:&quot;absolute&quot;,&quot;motion_fx_rotateZ_affectedRange&quot;:{&quot;unit&quot;:&quot;%&quot;,&quot;size&quot;:&quot;&quot;,&quot;sizes&quot;:{&quot;start&quot;:0,&quot;end&quot;:100}},&quot;motion_fx_devices&quot;:[&quot;desktop&quot;,&quot;tablet&quot;,&quot;mobile&quot;]}\" data-widget_type=\"image.default\">\n\t\t\t\t<div class=\"elementor-widget-container\">\n\t\t\t\t\t\t\t\t\t\t\t\t\t\t\t<img loading=\"lazy\" decoding=\"async\" width=\"200\" height=\"200\" src=\"https:\/\/findvit.com\/wp-content\/uploads\/2021\/09\/ratukas.svg\" class=\"attachment-full size-full wp-image-1777\" alt=\"Wheel from questionnaire to vitamin\" \/>\t\t\t\t\t\t\t\t\t\t\t\t\t\t\t<\/div>\n\t\t\t\t<\/div>\n\t\t\t\t\t<\/div>\n\t\t<\/div>\n\t\t\t\t\t<\/div>\n\t\t<\/section>\n\t\t\t\t<section class=\"elementor-section elementor-top-section elementor-element elementor-element-95568a0 elementor-section-boxed elementor-section-height-default elementor-section-height-default\" data-id=\"95568a0\" data-element_type=\"section\">\n\t\t\t\t\t\t<div class=\"elementor-container elementor-column-gap-no\">\n\t\t\t\t\t<div class=\"elementor-column elementor-col-50 elementor-top-column elementor-element elementor-element-2b1f868\" data-id=\"2b1f868\" data-element_type=\"column\">\n\t\t\t<div class=\"elementor-widget-wrap elementor-element-populated\">\n\t\t\t\t\t\t<div class=\"elementor-element elementor-element-1f81dd4 elementor-widget elementor-widget-heading\" data-id=\"1f81dd4\" data-element_type=\"widget\" data-widget_type=\"heading.default\">\n\t\t\t\t<div class=\"elementor-widget-container\">\n\t\t\t\t\t<h2 class=\"elementor-heading-title elementor-size-medium\">Vitamin Code Raw B-Complext - complex of group B vitamins 120 caps.<\/h2>\t\t\t\t<\/div>\n\t\t\t\t<\/div>\n\t\t\t\t<div class=\"elementor-element elementor-element-5e6d22d elementor-widget elementor-widget-text-editor\" data-id=\"5e6d22d\" data-element_type=\"widget\" data-widget_type=\"text-editor.default\">\n\t\t\t\t<div class=\"elementor-widget-container\">\n\t\t\t\t\t\t\t\t\t<p>Very much <strong>appreciated<\/strong> and <strong>exclusive<\/strong> a food supplement designed to ensure optimal supplementation of B vitamins.<\/p><p>This vitamin complex is a powerful source of vitamins that help:\u00a0<\/p><ul><li>Riboflavin is important in normal <strong>nervous system activity<\/strong>.<\/li><li>Vitamin B6 is important <br \/>normally energetic<br \/>materials <strong>turnover<\/strong><\/li><li>Vitamin B6 helps <br \/>reduce the feeling of fatigue<br \/>and fatigue<\/li><li>Vitamin B12 is important <br \/><strong>normal psychological <\/strong><br \/><strong>for the condition<\/strong> to support<\/li><\/ul><p>\u00a0<\/p><p>Many people, especially vegans and vegetarians, do not get enough B vitamins from food, so Garden of Life has created this supplement to provide<strong> more than 100%<\/strong> recommended daily intake of eight B vitamins.<\/p><p>Most importantly, this product is made from natural ingredients, which means it contains <strong>natural coenzymes<\/strong>, <strong>live probiotics<\/strong> and <strong>enzymes<\/strong>, as in natural products.<\/p><p>This vitamin complex comes in capsules with no binders, fillers, artificial flavors, sweeteners or additives - just what you want and what you&#039;re looking for.<\/p><p>Vitamin Code Raw B-Complex features are truly unique. In addition to a high concentration of B vitamins, this product also offers a powder that contains <strong>even from 23 fruits and vegetables<\/strong>, which provide antioxidants, vitamins and nutritional coenzymes.<\/p><p>This means you&#039;re getting more than just B vitamins \u2013 you&#039;re getting a whole spectrum of nutrients that complement the nutrients you&#039;re looking for.\u00a0<\/p><p>In addition, this product is certified as <strong>for vegans<\/strong> suitable, <strong>not genetically<\/strong> modified (<strong>Non-GMO<\/strong>) and there is<strong> gluten-free product<\/strong>.<\/p><p>This means that it is safe for consumption by people who follow a vegan diet, avoid genetically modified products or are allergic to gluten.<\/p><p>Garden of Life Vitamin Code Raw B-Complex is a commitment to health. This is a way to replenish the body and its reserves with this supplement, which is powerful and natural.<\/p><p>That&#039;s the Vitamin Code difference - it&#039;s a product that&#039;s both <strong>powerful<\/strong>, how much <strong>natural<\/strong> solution.<\/p><p>Therefore, if you want to give yourself or your loved ones what they really need, choose Garden of Life Vitamin Code Raw B-Complex<\/p><p>If you are not sure which vitamins or other supplements\u00a0<strong>the most appropriate at the moment<\/strong>, take the test\u00a0<a style=\"background-color: #ffffff; color: #25bf4e;\" href=\"https:\/\/findvit.com\/en\/testas\/\"><strong>&quot;Your Day&quot;<\/strong><\/a>\u00a0and find out\u00a0\u00a0<strong>personal<\/strong>\u00a0recommendation!<\/p><p>Read more about the manufacturer -\u00a0<a style=\"background-color: #ffffff; color: #25bf4e;\" href=\"https:\/\/findvit.com\/en\/gamintojas\/garden-of-life\/\" target=\"_blank\" rel=\"noopener\"><span style=\"font-weight: bold;\">Garden of life<\/span><\/a><\/p>\t\t\t\t\t\t\t\t<\/div>\n\t\t\t\t<\/div>\n\t\t\t\t\t<\/div>\n\t\t<\/div>\n\t\t\t\t<div class=\"elementor-column elementor-col-50 elementor-top-column elementor-element elementor-element-fbd1cb7\" data-id=\"fbd1cb7\" data-element_type=\"column\">\n\t\t\t<div class=\"elementor-widget-wrap elementor-element-populated\">\n\t\t\t\t\t\t<div class=\"elementor-element elementor-element-3975653 elementor-widget elementor-widget-image\" data-id=\"3975653\" data-element_type=\"widget\" data-widget_type=\"image.default\">\n\t\t\t\t<div class=\"elementor-widget-container\">\n\t\t\t\t\t\t\t\t\t\t\t\t\t\t\t<img loading=\"lazy\" decoding=\"async\" width=\"900\" height=\"900\" src=\"https:\/\/findvit.com\/wp-content\/uploads\/2021\/10\/Ko-9-900x900.jpg\" class=\"attachment-large size-large wp-image-2465\" alt=\"a man taking mineral collases\" srcset=\"https:\/\/findvit.com\/wp-content\/uploads\/2021\/10\/Ko-9-900x900.jpg 900w, https:\/\/findvit.com\/wp-content\/uploads\/2021\/10\/Ko-9-600x600.jpg 600w, https:\/\/findvit.com\/wp-content\/uploads\/2021\/10\/Ko-9-150x150.jpg 150w, https:\/\/findvit.com\/wp-content\/uploads\/2021\/10\/Ko-9-768x768.jpg 768w, https:\/\/findvit.com\/wp-content\/uploads\/2021\/10\/Ko-9-1x1.jpg 1w, https:\/\/findvit.com\/wp-content\/uploads\/2021\/10\/Ko-9-10x10.jpg 10w, https:\/\/findvit.com\/wp-content\/uploads\/2021\/10\/Ko-9-100x100.jpg 100w, https:\/\/findvit.com\/wp-content\/uploads\/2021\/10\/Ko-9.jpg 1000w\" sizes=\"auto, (max-width: 900px) 100vw, 900px\" \/>\t\t\t\t\t\t\t\t\t\t\t\t\t\t\t<\/div>\n\t\t\t\t<\/div>\n\t\t\t\t\t<\/div>\n\t\t<\/div>\n\t\t\t\t\t<\/div>\n\t\t<\/section>\n\t\t\t\t<\/div>","protected":false},"excerpt":{"rendered":"<p>B vitamins from Garden of life Vitamin Code Raw B-Complex is more than just a vitamin complex. It is a natural food supplement that contains all B vitamins. Along with cofactors that support good absorption of vitamins from 23 fruits and vegetables and live probiotics and enzymes. There are even 120 vegan capsules in the package. It will be enough even for 4 months.<\/p>","protected":false},"featured_media":2720,"comment_status":"open","ping_status":"closed","template":"","meta":{"_acf_changed":false,"inline_featured_image":false},"etheme_brands":[{"term_id":58,"name":"Garden of Life","slug":"garden-of-life","term_group":0,"term_taxonomy_id":58,"taxonomy":"brand","description":"<h2><strong><a href=\"https:\/\/www.gardenoflife.com\/why-gol\" target=\"_blank\" rel=\"noopener\">Garden of Life<\/a><\/strong><\/h2>\r\nJAV \u012fmon\u0117, kuri yra viena i\u0161 nedaugelio, gaminanti savo produktus 100% i\u0161 nat\u016brali\u0173 ingredient\u0173. Puikiai tinka \u017emon\u0117ms, kuriems labai svarbi produkt\u0173 sud\u0117tis. Visi produktai be GMO. Gamintojas apdovanotas daugeliu kokyb\u0117s sertifikat\u0173, toki\u0173 kaip USDA Organic, Certified Vegan, Certified Gluten-Free, U Kosher ir daugelis kit\u0173. Garden of life kompanija dal\u012f pajam\u0173, gaut\u0173 i\u0161 pardavim\u0173, skiria labdarai, pla\u010diau apra\u0161ytoms gamintojo svetain\u0117je.\r\n\"Garden of Life\" tikslas - suteikti \u017emon\u0117ms galimyb\u0119 tur\u0117ti auk\u0161tos kokyb\u0117s papildus, kurie yra reikalingi gerai sveikatai i\u0161laikyti. Sud\u0117tin\u0117s dalys yra organin\u0117s kilm\u0117s, klini\u0161kai i\u0161tirtos ir atsekamos kilm\u0117s. Gompanija savo gaminiuose nenaudoja sintetini\u0173 pried\u0173, dirbtini\u0173 skoni\u0173 ar da\u017eikli\u0173, ri\u0161ikli\u0173 ar u\u017epild\u0173.\r\nhttps:\/\/youtu.be\/2jbU_WkglKA?t=48\r\n<h3><strong>Neapdirbtas maistas<\/strong><\/h3>\r\n\u017dmogaus k\u016bnas buvo sukurtas valgyti, apdoroti ir gauti maistines med\u017eiagas i\u0161 maisto - tikro, sveiko maisto. Taigi, kai kuriami produktai, pradedama nuo \u017evilgnsio \u012f maist\u0105. Kokie yra \"geri dalykai\" auk\u0161\u010diausios kokyb\u0117s maiste, kurio mums tr\u016bksta m\u016bs\u0173 kasdien\u0117je mityboje? Kuris i\u0161 \u0161i\u0173 maisto produkt\u0173 turi did\u017eiausi\u0105 potencial\u0105 paveikti ir \u012fgalinti ger\u0105 sveikat\u0105?\r\n<h3><strong>Atsekamumas<\/strong><\/h3>\r\nAtsekamumas yra labai svarbus veiksnys, d\u0117l kurio \"Garden of Life\" produktai yra tokie ypatingi. Atsekamumas prasideda nuo \u017einojimo, i\u0161 kur kil\u0119s kiekvienas produkt\u0173 ingredientas, ir susipa\u017einimo su kiekviena kilme: kur jis auginamas; \u016bkininkavimo praktika; kaip elgiasi su \u016bkio darbuotojais \u2013 viskuo.\r\n<h3><strong>\u0160varu yra sveika<\/strong><\/h3>\r\nGarden of life stebi, kas yra \u012fdedama \u012f produktus \u2013 tikri, neapdirbti maisto ingredientai. Bet ties tuo nesustojama. Taip pat labai daug d\u0117mesio skiriama tam, kas i\u0161 \u0161i\u0173 produkt\u0173 i\u0161gaunama. Ir dar kart\u0105 renkamasi\u00a0 \u2013 tikras kokybi\u0161kas maistas. Kompanija naudoja tre\u010di\u0173j\u0173 \u0161ali\u0173\u00a0 sertifikatus, kad \u012frodyt\u0173, jog produktai yra \u0161var\u016bs ir kokybi\u0161ki!\r\n<h3><strong>CO2 neutralumas<\/strong><\/h3>\r\nGarden of life nepaprastai did\u017eiuojasi, kad pasiek\u0117 anglies dioksido neutralum\u0105 2021 m. Bir\u017eelio m\u0117n. CarbonFund.org sertifikuotas \"Carbonfree\u00ae\", \"Garden of Life\" nuo pat \u012fk\u016brimo buvo \u012fsipareigojusi tvarumui.","parent":0,"count":12,"filter":"raw"}],"product_brand":[],"product_cat":[645,63,124],"product_tag":[89,127,122,181,121],"class_list":{"0":"post-9953","1":"product","2":"type-product","3":"status-publish","4":"has-post-thumbnail","6":"brand-garden-of-life","7":"product_cat-geriausi-papildai-vyrams","8":"product_cat-mineralai","9":"product_cat-siamsezonui","10":"product_tag-atminciai-ir-koncentracijai","11":"product_tag-atsipalaidavimui-ir-ramybei","12":"product_tag-jaunatviskai-odai","13":"product_tag-keto","14":"product_tag-zvilgantiems-plaukams","16":"first","17":"instock","18":"sale","19":"taxable","20":"shipping-taxable","21":"purchasable","22":"product-type-simple"},"acf":[],"_links":{"self":[{"href":"https:\/\/findvit.com\/en\/wp-json\/wp\/v2\/product\/9953","targetHints":{"allow":["GET"]}}],"collection":[{"href":"https:\/\/findvit.com\/en\/wp-json\/wp\/v2\/product"}],"about":[{"href":"https:\/\/findvit.com\/en\/wp-json\/wp\/v2\/types\/product"}],"replies":[{"embeddable":true,"href":"https:\/\/findvit.com\/en\/wp-json\/wp\/v2\/comments?post=9953"}],"version-history":[{"count":21,"href":"https:\/\/findvit.com\/en\/wp-json\/wp\/v2\/product\/9953\/revisions"}],"predecessor-version":[{"id":18966,"href":"https:\/\/findvit.com\/en\/wp-json\/wp\/v2\/product\/9953\/revisions\/18966"}],"wp:featuredmedia":[{"embeddable":true,"href":"https:\/\/findvit.com\/en\/wp-json\/wp\/v2\/media\/2720"}],"wp:attachment":[{"href":"https:\/\/findvit.com\/en\/wp-json\/wp\/v2\/media?parent=9953"}],"wp:term":[{"taxonomy":"brand","embeddable":true,"href":"https:\/\/findvit.com\/en\/wp-json\/wp\/v2\/etheme_brands?post=9953"},{"taxonomy":"product_brand","embeddable":true,"href":"https:\/\/findvit.com\/en\/wp-json\/wp\/v2\/product_brand?post=9953"},{"taxonomy":"product_cat","embeddable":true,"href":"https:\/\/findvit.com\/en\/wp-json\/wp\/v2\/product_cat?post=9953"},{"taxonomy":"product_tag","embeddable":true,"href":"https:\/\/findvit.com\/en\/wp-json\/wp\/v2\/product_tag?post=9953"}],"curies":[{"name":"wp","href":"https:\/\/api.w.org\/{rel}","templated":true}]}}