{"id":2138,"date":"2021-10-02T10:49:34","date_gmt":"2021-10-02T07:49:34","guid":{"rendered":"https:\/\/findvit.com\/?page_id=2138"},"modified":"2023-12-30T15:31:18","modified_gmt":"2023-12-30T13:31:18","slug":"pristatymas","status":"publish","type":"page","link":"https:\/\/findvit.com\/et\/pristatymas\/","title":{"rendered":"Kohaletoimetamine, tagastamine"},"content":{"rendered":"<div data-elementor-type=\"wp-page\" data-elementor-id=\"2138\" class=\"elementor elementor-2138\" data-elementor-post-type=\"page\">\n\t\t\t\t\t\t<section class=\"elementor-section elementor-top-section elementor-element elementor-element-50dcd957 elementor-section-boxed elementor-section-height-default elementor-section-height-default\" data-id=\"50dcd957\" data-element_type=\"section\">\n\t\t\t\t\t\t<div class=\"elementor-container elementor-column-gap-no\">\n\t\t\t\t\t<div class=\"elementor-column elementor-col-16 elementor-top-column elementor-element elementor-element-b3493b1\" data-id=\"b3493b1\" data-element_type=\"column\">\n\t\t\t<div class=\"elementor-widget-wrap\">\n\t\t\t\t\t\t\t<\/div>\n\t\t<\/div>\n\t\t\t\t<div class=\"elementor-column elementor-col-66 elementor-top-column elementor-element elementor-element-342a529\" data-id=\"342a529\" data-element_type=\"column\">\n\t\t\t<div class=\"elementor-widget-wrap elementor-element-populated\">\n\t\t\t\t\t\t<div class=\"elementor-element elementor-element-d8c84f0 elementor-widget elementor-widget-heading\" data-id=\"d8c84f0\" data-element_type=\"widget\" data-widget_type=\"heading.default\">\n\t\t\t\t<div class=\"elementor-widget-container\">\n\t\t\t\t\t<h2 class=\"elementor-heading-title elementor-size-default\">Kohaletoimetamisega seotud teave:<\/h2>\t\t\t\t<\/div>\n\t\t\t\t<\/div>\n\t\t\t\t<div class=\"elementor-element elementor-element-5ea42184 elementor-widget elementor-widget-text-editor\" data-id=\"5ea42184\" data-element_type=\"widget\" data-widget_type=\"text-editor.default\">\n\t\t\t\t<div class=\"elementor-widget-container\">\n\t\t\t\t\t\t\t\t\t<p style=\"text-align: center;\"><strong>K\u00f5ik laos olevad kaubad saadetakse teele 2 p\u00e4eva jooksul p\u00e4rast makse laekumist.<\/strong><\/p>\n<h3>Tasuta kohaletoimetamine<\/h3>\n<p>Kui Ostukorvi summa on v\u00e4iksem kui 29,99 \u20ac, rakendub kauba ettevalmistamise ja saatmise kulude katteks haldustasu 1,90 \u20ac.<\/p>\n<h3>Kauba kohaletoimetamine pakipunktidesse ja postkontoritesse<\/h3>\n<p>Kui olete valinud kauba kohaletoimetamise LP ja LP Express, Venipak ja Omniva postiautomaatidesse, toimetatakse need kohale valitud saadetise juures m\u00e4\u00e4ratud t\u00e4htaja jooksul.<\/p>\n<ul>\n<li><strong>OMNIVA<\/strong> postkontori kaudu saab tellida vaid neid kaupu, mis vastavad suuruse (19 x 35 x 61 cm) ja kaalu (kuni 10 kg) piirangutele. Standardne teenuse hind: <strong>1,90 EUR<\/strong><\/li>\n<li><strong>DPD<\/strong> postkontori kaudu saab tellida vaid neid kaupu, mis vastavad suuruse (19 x 35 x 61 cm) ja kaalu (kuni 10 kg) piirangutele. Standardne teenuse hind: <strong>1,90 EUR<\/strong><\/li>\n<li><strong>LP Express<\/strong> postkontori kaudu saab tellida vaid neid kaupu, mis vastavad suuruse (19 x 35 x 61 cm) ja kaalu (kuni 10 kg) piirangutele. Standardne teenuse hind: <strong>1,90 EUR<\/strong><\/li>\n<\/ul>\n<p><strong>Postiautomaatide t\u00e4ituvuse t\u00f5ttu v\u00f5ib pakkide kohaletoimetamine v\u00f5tta aega kuni 4 t\u00f6\u00f6p\u00e4eva.<\/strong><\/p>\n<h3>Kauba kojutoomine<\/h3>\n<p>Kui valite selle tarneviisi, toimetab toote teieni kuller. Kaubad saadetakse teele 1-4 t\u00f6\u00f6p\u00e4eva jooksul p\u00e4rast makse laekumist. Kuller v\u00f5tab teiega enne saabumist \u00fchendust.<\/p>\n<p><strong>Kohaletoimetamise hind 3 \u20ac.<\/strong><\/p>\n<p>T\u00c4HTIS: Neringasse toimetamine kulleriga on v\u00f5imalik ainult eraldi tasu eest. V\u00f5tke meiega \u00fchendust antud kontaktidel.<\/p>\n<p>Kullerid toimetavad kauba kohale eelnevalt kindlaksm\u00e4\u00e4ratud marsruudi j\u00e4rgi, seega puudub v\u00f5imalus valida t\u00e4pset tarneaega, saab valida vaid soovitud tarneaja intervalli.<\/p>\n<p><strong>T\u00c4HTIS! Anname teada, et kogu Leedus muutub pakkide k\u00e4ttetoimetamise kord.<\/strong><\/p>\n<p>OSTMINE AINULT PANGAKAARDIGA (COD). Pakkide saajad saavad kauba k\u00e4ttetoimetamise ajal tasuda ainult pangakaartidega. Kullerid ajutiselt sularaha vastu ei v\u00f5ta. Arusaamatuste korral Saajaga antakse kullerile \u00f5igus pakki mitte lahkuda.<\/p>\n<h3>Kauba k\u00e4ttesaamine ja saadetise staatus<\/h3>\n<p>Ostja kohustub kauba ise vastu v\u00f5tma. Juhul, kui ta ei saa kaupa ise vastu v\u00f5tta ning kaup toimetatakse m\u00e4rgitud aadressile v\u00f5i muude ostja poolt esitatud andmete alusel, ei ole ostjal \u00f5igust esitada m\u00fc\u00fcja vastu pretensioone seoses kauba kohaletoimetamisega. valele \u00fcksusele.<\/p>\n<p>Tellitud kauba vastuv\u00f5tmisel kontrollige, kas kaup ja\/v\u00f5i selle pakend ei ole kahjustatud ning allkirjastage saateleht v\u00f5i muu saadetise \u00fcleandmise-vastuv\u00f5tmise dokument.<\/p>\n<p>Kui m\u00e4rkate paki rikkumist, kirjutage kulleri juuresolekul m\u00e4rkmed - vabas vormis dokument paki rikkumiste kohta v\u00f5i keelduge pakki vastu v\u00f5tmast. Kui klient allkirjastab saatelehe ilma m\u00e4rkusteta, loetakse saadetis tervelt \u00fcle antud ja me ei v\u00f5ta vastutust kauba kahjustumise eest.<\/p>\n<h3>Tasuta kohaletoimetamise kampaania<\/h3>\n<p>M\u00fc\u00fcja poolt s\u00e4testatud \u00fcksikjuhtudel v\u00f5idakse kohaldada muid tasuta kohaletoimetamise tingimusi. Sel juhul koos tasuta kohaletoimetamise kampaania tingimustega esitatakse selle kampaania kehtivad tingimused.<\/p>\n<p>Tasuta kohaletoimetamist saate kasutada ainult kampaania kindlaksm\u00e4\u00e4ratud perioodil, millest teavitame teid veebisaidi lisas\u00f5numis. Tasuta kohaletoimetamise p\u00e4evadest ja tingimustest saab &quot;Draugu Ratas&quot; klubi liikmeid eraldi teavitada.<\/p>\n<p>Kui te oma k\u00fcsimusele vastust ei leidnud, v\u00f5tke meiega \u00fchendust <a href=\"mailto:lietuva@findvit.com\" target=\"_blank\" rel=\"noreferrer noopener\">lietuva@findvit.com<\/a><\/p>\t\t\t\t\t\t\t\t<\/div>\n\t\t\t\t<\/div>\n\t\t\t\t\t<\/div>\n\t\t<\/div>\n\t\t\t\t<div class=\"elementor-column elementor-col-16 elementor-top-column elementor-element elementor-element-21cccf87\" data-id=\"21cccf87\" data-element_type=\"column\">\n\t\t\t<div class=\"elementor-widget-wrap\">\n\t\t\t\t\t\t\t<\/div>\n\t\t<\/div>\n\t\t\t\t\t<\/div>\n\t\t<\/section>\n\t\t\t\t<section class=\"elementor-section elementor-top-section elementor-element elementor-element-55c1a2d elementor-section-boxed elementor-section-height-default elementor-section-height-default\" data-id=\"55c1a2d\" data-element_type=\"section\">\n\t\t\t\t\t\t<div class=\"elementor-container elementor-column-gap-no\">\n\t\t\t\t\t<div class=\"elementor-column elementor-col-16 elementor-top-column elementor-element elementor-element-c724c7e\" data-id=\"c724c7e\" data-element_type=\"column\">\n\t\t\t<div class=\"elementor-widget-wrap\">\n\t\t\t\t\t\t\t<\/div>\n\t\t<\/div>\n\t\t\t\t<div class=\"elementor-column elementor-col-66 elementor-top-column elementor-element elementor-element-bff6e05\" data-id=\"bff6e05\" data-element_type=\"column\">\n\t\t\t<div class=\"elementor-widget-wrap elementor-element-populated\">\n\t\t\t\t\t\t<div class=\"elementor-element elementor-element-5e2aa24 elementor-widget elementor-widget-heading\" data-id=\"5e2aa24\" data-element_type=\"widget\" data-widget_type=\"heading.default\">\n\t\t\t\t<div class=\"elementor-widget-container\">\n\t\t\t\t\t<h2 class=\"elementor-heading-title elementor-size-default\">Kauba tagastamisega seotud teave:<\/h2>\t\t\t\t<\/div>\n\t\t\t\t<\/div>\n\t\t\t\t<div class=\"elementor-element elementor-element-b348e8a elementor-widget elementor-widget-text-editor\" data-id=\"b348e8a\" data-element_type=\"widget\" data-widget_type=\"text-editor.default\">\n\t\t\t\t<div class=\"elementor-widget-container\">\n\t\t\t\t\t\t\t\t\t<h2><strong><span lang=\"lt-LT\">Tagastamine ja kaebused<\/span><\/strong><\/h2><p><span lang=\"lt-LT\">Kaebuste esitamine ja n\u00f5uetele mittevastavate toodete tagastamine.<\/span><\/p><p><span lang=\"lt-LT\">Pretensioonid tuleb esitada 14 p\u00e4eva jooksul alates kauba k\u00e4ttesaamisest. Kui teil on k\u00fcsimusi v\u00f5i probleeme, andke meile teada e-posti teel lietuva@findvit.com<\/span><\/p><p><span lang=\"lt-LT\">Kui toode ei vasta n\u00f5uetele v\u00f5i kvaliteedile, on Ostjal \u00f5igus n\u00f5uda selle asendamist m\u00f5ne muu kvaliteetse tootega. Kui toode on selleks ajaks l\u00e4bi m\u00fc\u00fcdud, tagastame raha. K\u00f5ik toodete vahetamisel tekkinud saatmiskulud katab FindVit.<\/span><\/p><p><span lang=\"lt-LT\">FindVit garanteerib, et saate tellitud ja tasutud tooted k\u00e4tte. Kui FindVit teab teatud etten\u00e4gematute asjaolude t\u00f5ttu, et tellimuse t\u00e4itmine v\u00f5ib viibida, teavitatakse sellest Ostjat e-posti v\u00f5i telefoni teel.<\/span><\/p><p>Kvaliteetsed (aegumatud, kahjustamata pakendid) toidulisandid ei ole vahetatavad ega tagastatavad.<\/p><h2><strong><span lang=\"lt-LT\">Konfidentsiaalsus ja kliendi \u00f5igused<\/span><\/strong><\/h2><p><span lang=\"lt-LT\">UAB Fundatorii ei avalda ostjate isikuandmeid kolmandatele isikutele, v\u00e4lja arvatud kohaletoimetamise teenuste osutamiseks vajalik teave. Ostjal on \u00f5igus n\u00f5uda oma andmete kustutamist FindVit.com andmebaasist.<\/span><\/p><p><span lang=\"lt-LT\">UAB Fundatorii eesm\u00e4rk on lahendada k\u00f5ik ettev\u00f5tte ja ostjate vahel tekkida v\u00f5ivad k\u00fcsimused ja arusaamatused. Probleemide korral v\u00f5tke meiega viivitamatult \u00fchendust telefoninumbril +370-616-91903 v\u00f5i e-posti teel lietuva@findvit.com. Vastame 2 t\u00f6\u00f6p\u00e4eva jooksul v\u00f5i esimesel v\u00f5imalusel.<br \/><br \/>Ait\u00e4h koosolemise eest!<\/span><\/p>\t\t\t\t\t\t\t\t<\/div>\n\t\t\t\t<\/div>\n\t\t\t\t\t<\/div>\n\t\t<\/div>\n\t\t\t\t<div class=\"elementor-column elementor-col-16 elementor-top-column elementor-element elementor-element-05739fd\" data-id=\"05739fd\" data-element_type=\"column\">\n\t\t\t<div class=\"elementor-widget-wrap\">\n\t\t\t\t\t\t\t<\/div>\n\t\t<\/div>\n\t\t\t\t\t<\/div>\n\t\t<\/section>\n\t\t\t\t<\/div>","protected":false},"excerpt":{"rendered":"<p>Su pristatymu susijusi informacija: Visos prek\u0117s, esan\u010dios sand\u0117lyje, i\u0161siun\u010diamos per 2 d. d. nuo gauto apmok\u0117jimo. Nemokamas pristatymas Jei Preki\u0173 krep\u0161elio suma yra ma\u017eesn\u0117 nei&#8230;<\/p>","protected":false},"author":1,"featured_media":0,"parent":0,"menu_order":0,"comment_status":"closed","ping_status":"closed","template":"","meta":{"_acf_changed":false,"inline_featured_image":false,"footnotes":""},"class_list":["post-2138","page","type-page","status-publish","hentry"],"acf":[],"_links":{"self":[{"href":"https:\/\/findvit.com\/et\/wp-json\/wp\/v2\/pages\/2138","targetHints":{"allow":["GET"]}}],"collection":[{"href":"https:\/\/findvit.com\/et\/wp-json\/wp\/v2\/pages"}],"about":[{"href":"https:\/\/findvit.com\/et\/wp-json\/wp\/v2\/types\/page"}],"author":[{"embeddable":true,"href":"https:\/\/findvit.com\/et\/wp-json\/wp\/v2\/users\/1"}],"replies":[{"embeddable":true,"href":"https:\/\/findvit.com\/et\/wp-json\/wp\/v2\/comments?post=2138"}],"version-history":[{"count":7,"href":"https:\/\/findvit.com\/et\/wp-json\/wp\/v2\/pages\/2138\/revisions"}],"predecessor-version":[{"id":15787,"href":"https:\/\/findvit.com\/et\/wp-json\/wp\/v2\/pages\/2138\/revisions\/15787"}],"wp:attachment":[{"href":"https:\/\/findvit.com\/et\/wp-json\/wp\/v2\/media?parent=2138"}],"curies":[{"name":"wp","href":"https:\/\/api.w.org\/{rel}","templated":true}]}}