{"id":2322,"date":"2021-10-08T19:45:18","date_gmt":"2021-10-08T16:45:18","guid":{"rendered":"https:\/\/findvit.com\/?page_id=2322"},"modified":"2022-06-15T16:23:00","modified_gmt":"2022-06-15T13:23:00","slug":"slapukai","status":"publish","type":"page","link":"https:\/\/findvit.com\/et\/slapukai\/","title":{"rendered":"K\u00fcpsised"},"content":{"rendered":"<p><strong>Andmete edastamine kolmandatele isikutele<\/strong><\/p>\n\n\n\n<p>Me ei jaga teie isikuandmeid kolmandate isikutega, v\u00e4lja arvatud juhul, kui see on vajalik teile teenuste osutamiseks, teie taotluste t\u00e4itmiseks, meie m\u00f5istlike tegevusvajaduste jaoks ja\/v\u00f5i kui see on ette n\u00e4htud \u00f5igusaktidega. See h\u00f5lmab j\u00e4rgmist:<\/p>\n\n\n\n<p><strong>Meie teenusepakkujad: <\/strong>Jagame teie isikuandmeid kolmandate osapooltega, kes osutavad meile teenuseid, nt. meie IT-hoolduse pakkujad, meie veebisaidi hostid<em> hostimine<\/em>) teenusepakkujad, meie raamatupidamisteenuste pakkujad, konsultandid, juristid ja teised kaupade ja teenuste pakkujad. Teeme koost\u00f6\u00f6d nende kolmandate osapooltega ja edastame neile teie isikuandmeid. Edastame teie isikuandmeid eelnimetatud kolmandatele isikutele ainult juhul, kui nad vastavad meie rangetele isikuandmete t\u00f6\u00f6tlemise ja turvan\u00f5uetele. Jagame teie isikuandmeid ainult sellises ulatuses, mis on vajalik nende kolmandate isikute teenuste osutamiseks.<\/p>\n\n\n\n<p><strong>Kui meid v\u00f5i osa meie tegevusest m\u00fc\u00fcdi, reorganiseeriti v\u00f5i viidi \u00fcle teisele ettev\u00f5ttele: <\/strong>edastaksime m\u00fc\u00fcgi v\u00f5i \u00fcmberkorraldamisega seotud isikuandmeid ulatuses, mis on otseselt seotud m\u00fc\u00fcdava v\u00f5i \u00fcleantava \u00e4ritegevuse toimimisega.<\/p>\n\n\n\n<p><strong>Kohtueelse uurimise asutused, kohtud v\u00f5i muud riigi volitatud asutused: <\/strong>edastame kohtute, kohtueelse uurimise asutuste v\u00f5i muude volitatud institutsioonide n\u00f5utud isikuandmeid, kui see on vajalik meie juriidiliste kohustuste t\u00e4itmiseks v\u00f5i andmete edastamiseks on m\u00f5ni muu \u00f5igusaktides s\u00e4testatud alus.<\/p>\n\n\n\n<p><strong>Audit:<\/strong> edastame isikuandmeid, kui see on vajalik finants-, andmete privaatsus- ja turvaauditi l\u00e4biviimiseks v\u00f5i kaebuse v\u00f5i turvaohu uurimiseks ja sellele asjakohaseks reageerimiseks.<\/p>\n\n\n\n<p>Allpool on k\u00fcpsiste \u00fcksikasjalik loetelu:<\/p>\n\n\n\n<figure class=\"wp-block-table\"><table><tbody><tr><td><strong>Pealkiri<\/strong><\/td><td><strong>Loomise hetk \/ aegumiskuup\u00e4ev<\/strong><\/td><td><strong>Kirjeldus<\/strong><\/td><\/tr><\/tbody><\/table><\/figure>","protected":false},"excerpt":{"rendered":"<p>Duomen\u0173 perdavimas tre\u010diosioms \u0161alims Mes nesidaliname J\u016bs\u0173 asmens duomenimis su tre\u010diomis \u0161alimis, nebent to reikt\u0173 teikiant paslaugas Jums, vykdant J\u016bs\u0173 pra\u0161ymus, m\u016bs\u0173 pagr\u012fstiems veiklos vykdymo&#8230;<\/p>","protected":false},"author":1,"featured_media":0,"parent":0,"menu_order":0,"comment_status":"closed","ping_status":"closed","template":"","meta":{"_acf_changed":false,"inline_featured_image":false,"footnotes":""},"class_list":["post-2322","page","type-page","status-publish","hentry"],"acf":[],"_links":{"self":[{"href":"https:\/\/findvit.com\/et\/wp-json\/wp\/v2\/pages\/2322","targetHints":{"allow":["GET"]}}],"collection":[{"href":"https:\/\/findvit.com\/et\/wp-json\/wp\/v2\/pages"}],"about":[{"href":"https:\/\/findvit.com\/et\/wp-json\/wp\/v2\/types\/page"}],"author":[{"embeddable":true,"href":"https:\/\/findvit.com\/et\/wp-json\/wp\/v2\/users\/1"}],"replies":[{"embeddable":true,"href":"https:\/\/findvit.com\/et\/wp-json\/wp\/v2\/comments?post=2322"}],"version-history":[{"count":1,"href":"https:\/\/findvit.com\/et\/wp-json\/wp\/v2\/pages\/2322\/revisions"}],"predecessor-version":[{"id":7715,"href":"https:\/\/findvit.com\/et\/wp-json\/wp\/v2\/pages\/2322\/revisions\/7715"}],"wp:attachment":[{"href":"https:\/\/findvit.com\/et\/wp-json\/wp\/v2\/media?parent=2322"}],"curies":[{"name":"wp","href":"https:\/\/api.w.org\/{rel}","templated":true}]}}