{"id":2331,"date":"2021-10-08T20:01:41","date_gmt":"2021-10-08T17:01:41","guid":{"rendered":"https:\/\/findvit.com\/?page_id=2331"},"modified":"2022-06-15T16:21:31","modified_gmt":"2022-06-15T13:21:31","slug":"taisykles","status":"publish","type":"page","link":"https:\/\/findvit.com\/et\/taisykles\/","title":{"rendered":"Reeglid"},"content":{"rendered":"<h2 class=\"wp-block-heading\">Ostu-m\u00fc\u00fcgi reeglid<\/h2>\n\n\n\n<p>1) FindVit.com e-poes sooritatavatele ostu-m\u00fc\u00fcgitehingutele kohaldatakse Leedu Vabariigi \u00f5igusaktides s\u00e4testatut.<\/p>\n\n\n\n<p>2) Veebipoes on Toodete fotod v\u00f5i kujutised illustratiivse iseloomuga.<\/p>\n\n\n\n<p>3) Kauba pakend v\u00f5ib e-poes olevast erineda.<\/p>\n\n\n\n<p>3) Kliendi esitatud tellimust k\u00e4sitletakse kui Kliendi soovi osta FindVit.com-ist teatud kaupu. P\u00e4rast seda, kui Klient on esitanud FindVit.com-ist kauba ostmiseks tellimuse, saadab FindVit.com Kliendile teate, mis kinnitab Kliendi tellimuse k\u00e4ttesaamist koos k\u00f5igi tellimuse \u00fcksikasjadega (edaspidi - Tellimuse kinnitus). Tellimuse kinnitus t\u00e4hendab, et FindVit.com on Kliendi tellimuse k\u00e4tte saanud, kuid see ei ole kinnitus Kliendi soovist kaupa osta. FindVit.com aktsepteerib ainult Kliendi soovi, kuid Kliendi tellitud kauba ostu-m\u00fc\u00fcgitehing loetakse Kliendi ja FindVit.com vahel s\u00f5lmituks hetkest, kui:<br><\/p>\n\n\n\n<ul class=\"wp-block-list\"><li>(a) kaup saadetakse Kliendile ja FindVit.com teavitab sellest Klienti tema m\u00e4\u00e4ratud kontaktide kaudu; v\u00f5i<\/li><li>(b) kui kaup toimetatakse Findvit.com poodi ja Klienti teavitatakse tema poolt n\u00e4idatud kontaktidelt j\u00e4reletulemise v\u00f5imalusest (edaspidi (a) ja (b) koos v\u00f5i eraldi \u2013 Saadetise kinnitus).<\/li><\/ul>\n\n\n\n<p>Kui Kliendi tellimus saadetakse rohkem kui \u00fches saadetises (saadetises), v\u00f5ib Klient saada eraldi Saadetise kinnituse iga saadetise (saadetise) kohta \u2013 antud juhul iga saadetise (saadetise) ja iga Saadetise kinnituse ja vastava saadetise (saadetise) kohta loetakse eraldi m\u00fc\u00fcgitehinguteks Kliendi ja Findvit.com vahelise Lepingu vahel, mis puudutab Kliendi poolt Findvit.com e-poest ostetud kaupu. Kliendil on \u00f5igus mistahes toote tellimus igal ajal t\u00fchistada enne v\u00e4ljasaatmise kinnituse teatise saatmist. Sel juhul kohustub Findvit.com Kliendile tasutud raha tagastama 14 (neljateistk\u00fcmne) t\u00f6\u00f6p\u00e4eva jooksul.<\/p>\n\n\n\n<p>4) Findvit.com t\u00f6\u00f6tleb ostjate isikuandmeid vastavalt &quot;<a href=\"https:\/\/findvit.com\/et\/privatumo-politika\/\">Privaatsuspoliitika<\/a>&quot;.<\/p>\n\n\n\n<p>3) FindVit.com veebipoes m\u00fc\u00fcakse kaupu, mida m\u00fc\u00fcvad ka teised m\u00fc\u00fcjad \u2013 selliste kaupade l\u00f5ppm\u00fc\u00fcjad on Findvit.com partnerid. Sel juhul l\u00e4heb tellimuse t\u00e4itmine \u00fcle partnerile (makse, Kliendiga suhtlemine, transport, kauba kohaletoimetamine partneri m\u00e4\u00e4ratud aadressilt ja muud kohustused, mis vastavalt vabariigi seadustele kuuluvad m\u00fc\u00fcjale Leedu). Partner vastutab toote, selle hinna, koguse ja muu vajaliku teabe osas esinevate ebat\u00e4psuste eest vastavalt Leedu Vabariigi seadustele. Need eeskirjad, sealhulgas punkt nr. 2.<\/p>\n\n\n\n<p>4) Kui Finvit.com ei saa oluliste asjaolude t\u00f5ttu Kliendile tellitud toodet tarnida, on Findvit.com-il \u00f5igus pakkuda Kliendile analoogset v\u00f5i v\u00f5imaluste piires sarnast toodet. Kui klient keeldub analoogse v\u00f5i sarnasena pakutud toodet vastu v\u00f5tmast, kohustub Finvit.com tagastama kliendile tasutud raha 14 (neljateistk\u00fcmne) t\u00f6\u00f6p\u00e4eva jooksul ning t\u00fchistama kliendi tellimuse.<\/p>\n\n\n\n<p>5) Vaatamata k\u00f5igile Findvit.com tehtud pingutustele on v\u00f5imalik, et teatud juhtudel saadab e-kiri saidil www.findvit.com olevad tooted v\u00f5ivad olla ekslikult valesti hinnatud. Finvit.com kontrollib hindu Kliendi poolt soovitud kauba ostmiseks tehtud tellimuse t\u00f6\u00f6tlemisel. Kui avastatakse viga ja toote hind on tegelikult k\u00f5rgem veebipoes www.findvit.com kuvatust, v\u00f5tab Findvit.com Kliendiga enne toote saatmist \u00fchendust tema antud kontaktidel ja kontrollib, kas Klient soovib siiski osta toodet \u00f5iglase hinnaga v\u00f5i soovib t\u00fchistada konkreetse toote tellimuse. Kui toote \u00f5ige hind on madalam veebipoes www.findvit.com kuvatust, m\u00fc\u00fcb Findvit.com toote soodsama hinnaga ja saadab toote Kliendile ning tagastab toote eest tasutud \u00fclem\u00e4\u00e4rase hinna Kliendile 14 (neljateistk\u00fcmne) t\u00f6\u00f6p\u00e4eva jooksul, kui Klient on juba p\u00e4rast kauba eest tasumist.<\/p>\n\n\n\n<p>6) Ostja vastutab Toote v\u00e4\u00e4rtuse v\u00e4henemise eest (sealhulgas, kuid mitte ainult Reeglite punktis 7 nimetatud juhtudel), mis on p\u00f5hjustatud toimingutest, mis ei ole vajalikud kauba olemuse, omaduste ja toimimise kindlaksm\u00e4\u00e4ramiseks. Toode. St. M\u00fc\u00fcjal on \u00f5igus \u00fchepoolselt v\u00e4hendada Ostjale tagastatavat summat, proportsionaalselt eelnimetatud Toote v\u00e4\u00e4rtuse v\u00e4henemisega.<\/p>\n\n\n\n<p>7) Tagastatav Toode peab olema kahjustamata, kauba v\u00e4limust kaotamata (sildid, kaitsekile jne terved), samuti peab see olema kasutamata. K\u00f5ik tagastatavad kaubad peavad olema koos originaalsiltide, kaitsekottide ja samade tarvikutega, millega neid m\u00fc\u00fcdi. Tagastatav Toode peab olema korralikus originaalpakendis (koos juhendi ja garantiikaardiga, kui need tarniti koos Tootega) samas koostises nagu Ostja poolt ostetud. Toote eest saadud kingitused tuleb samal ajal tagastada.<\/p>\n\n\n\n<p>6) Klient vastutab registreerimisel esitatud andmete \u00f5igsuse eest. Eba\u00f5igete andmete esitamisel on Kliendi juurdep\u00e4\u00e4s <a href=\"https:\/\/findvit.com\/et\/\" target=\"_blank\" rel=\"noreferrer noopener\">www.findvit.com<\/a> sait on piiratud.<\/p>\n\n\n\n<p>7) Findvit.com kohustub mitte edastama Kliendi registreerimisel antud konfidentsiaalset informatsiooni kolmandatele isikutele, v\u00e4lja arvatud \u00f5igusaktides s\u00e4testatud erandid.<\/p>\n\n\n\n<p>8) Findvit.com veebipoest on \u00f5igus osta pakutavat kaupa v\u00e4hemalt 18-aastastel f\u00fc\u00fcsilistel isikutel; alla 18-aastased isikud oma vanemate v\u00f5i eestkostjate n\u00f5usolekul; juriidilised isikud.<\/p>\n\n\n\n<p>9) Keelatud on lehel oleva teabe v\u00f5i selle sisu kopeerimine, kasutamine, levitamine, reprodutseerimine ilma Findvit.com veebilehe omaniku kirjaliku n\u00f5usolekuta; kasutada arvutiprogramme, mis v\u00f5ivad kahjustada selle veebisaidi t\u00f6\u00f6d v\u00f5i h\u00e4irida Findvit.com s\u00fcsteemi t\u00f6\u00f6d muude toimingutega.<\/p>\n\n\n\n<p>10) Kliendid peavad oma andmete t\u00e4psustamisel kasutama leedu t\u00e4hti. Nimed, perekonnanimed, kohtade nimed peavad algama suure algust\u00e4hega. Vajalik on esitada t\u00e4pne elukoha aadress - see on vajalik mitte ainult kauba kohaletoimetamisel, vaid ka arve koostamisel.<\/p>\n\n\n\n<p>11) Kliendid peavad registreerimisel esitama oma telefoninumbri. Enne esimese tellimuse saatmist v\u00f5tab Varle.lt Klientidega \u00fchendust telefoni teel.<\/p>\n\n\n\n<p>12) Findvit.com j\u00e4tab endale \u00f5iguse:<\/p>\n\n\n\n<ul class=\"wp-block-list\"><li>parandage lehel olevat teavet - k\u00e4esolevate reeglite uute punktide ilmnemisel j\u00f5ustuvad need kohe p\u00e4rast avaldamist;<\/li><li>piirata k\u00e4esolevaid reegleid mittej\u00e4rgivate Klientide v\u00f5imalusi seda veebisaiti kasutada;<\/li><li>teostama haruldaste, erikaupade tellimusi alles p\u00e4rast Kliendi poolt kauba eest ettemaksu laekumist;<\/li><li>kui Klient ei tule Varle.lt tootele 2 kuu jooksul j\u00e4rgi. ja kui on teada Kliendi pangakonto number, tagastatakse Kliendile raha ning toodet enam ei s\u00e4ilitata.<\/li><li>kui Kliendi pangakonto number ei ole teada, siis raha ei tagastata. Findvit.com teavitab sellest Klienti olemasolevate kontaktide kaudu ja toodet enam ei s\u00e4ilitata.<\/li><li>isikud, kes ei j\u00e4rgi neid reegleid v\u00f5i tegelevad pahatahtliku tegevusega, v\u00f5etakse juriidiliselt vastutusele.<\/li><\/ul>\n\n\n\n<p>13) Kliendid kinnitavad Findvit.com-ist kaupa ostes, et on tuttavad kauba tagastamise reeglite ja garantiidega. (Tagastamine ja garantiid)<\/p>\n\n\n\n<p>14) Leedu Vabariigi k\u00e4ibemaksuseaduse kommentaari artikli 79 kohaselt v\u00e4ljastatakse ja kirjutatakse \u00fcmber k\u00e4ibemaksuarved ainult samal p\u00e4eval, kui m\u00fc\u00fck toimub. Raamatupidamise vead parandatakse ainult jooksval kuul.<\/p>\n\n\n\n<p>15) Kliendid kinnitavad, et on teadlikud oma \u00f5igusest ostetud tootega \u00fclev\u00f5tmise hetkel tutvuda - st kontrollida pakendi seisukorda, selle sisu, kogust, suurust ja kauba sortimenti. (Teave, mida teha, kui m\u00e4rkate tootele j\u00e4rele tulles probleemi). Kui toodet ei kontrollita kogumise ajal, on Findvit.com-il \u00f5igus mitte aktsepteerida hilisemaid toote kohta esitatavaid pretensioone. Klient peab tagama kullerile k\u00f5ik tingimused, mis on vajalikud, et toode j\u00f5uaks n\u00f5uetekohaselt saajale. Kui saaja on alaealine ja Klient on lubanud saajal toote vastu v\u00f5tta, vastutab allkirjastatud saadetise eest Klient.<\/p>\n\n\n\n<p>16) Toode v\u00f5ib erineda fotol kujutatust. Pildil v\u00f5ib olla detaile, mis ei kuulu tootekomplekti.<\/p>\n\n\n\n<p>17) Toodete kogused on piiratud.<\/p>\n\n\n\n<p>18) Kogu teave kaupade saadavuse, tarne- ja tarnetingimuste kohta on soovitusliku iseloomuga ning Findvit.com ei pea seda kohustuslikuks ega garanteeritud tingimusi kauba tarnimisel v\u00f5i kohaletoimetamisel Kliendile, kuigi Findvit.com, selleks on omada rahulolevaid kliente, tavaliselt tarnib (tarnib) kauba \u00f5igeaegselt. Juhul, kui Findvit.com m\u00e4rkab Kliendi tellimuse t\u00f6\u00f6tlemisel, et Kliendi poolt soovitud toode ei ole saadaval, teostatakse k\u00e4esolevate reeglite punktis nr. 4.<\/p>\n\n\n\n<p>19) Kui toote hind internetis ja poes ei \u00fchti, loetakse \u00f5igeks poehind.<\/p>\n\n\n\n<p>20) Findvit.com-is n\u00e4htav toote hind v\u00f5ib tarnijate andmete s\u00fcnkroonimise t\u00f5ttu igal ajal muutuda. Andmete s\u00fcnkroonimine toimub 24 tundi \u00f6\u00f6p\u00e4evas. p\u00e4evas.<\/p>\n\n\n\n<p>21) Kuulutustes v\u00f5ivad hinnad, kogused, muu teave kauba kohta erineda seoses andmete s\u00fcnkroniseerimisega, mis toimub 24 tundi \u00f6\u00f6p\u00e4evas. p\u00e4evas ja ei vasta Findvit.com veebisaidil esitatud teabele. Findvit.com veebisaidil esitatud teave loetakse \u00f5igeks.<\/p>\n\n\n\n<p>22) Taotluse\/kaebuse meie e-poest ostetud toote v\u00f5i teenuse kohta saate esitada riiklikule tarbija\u00f5iguste kaitse talitusele (Vilniaus g. 25, 01402 Vilnius, e-post: tarnyba@vvtat.lt, telefon: 8 5 262 67 51, faks: ( 8 5) 279 1466, veebisaidil <a href=\"https:\/\/www.vvtat.lt\/\" target=\"_blank\" rel=\"noreferrer noopener\">www.vvtat.lt<\/a>, selle territoriaal\u00fcksused maakondades - http:\/\/www.vvtat.lt\/index.php?470187665 ) v\u00f5i t\u00e4itke taotlusvorm EGS platvormil <a href=\"https:\/\/ec.europa.eu\/odr\/\" target=\"_blank\" rel=\"noreferrer noopener\">http:\/\/ec.europa.eu\/odr\/<\/a>. M\u00e4rkus. K\u00f5ikidel juhtudel palutakse klientidel k\u00f5igepealt Findvit.com-iga \u00fchendust v\u00f5tta<\/p>","protected":false},"excerpt":{"rendered":"<p>Ostu-m\u00fc\u00fcgi reeglid 1) FindVit.com e-poes sooritatavatele ostu-m\u00fc\u00fcgitehingutele kohaldatakse Leedu Vabariigi \u00f5igusaktides s\u00e4testatut. 2) Veebipoes on kauba fotod v\u00f5i kujutised illustreeriva iseloomuga....<\/p>","protected":false},"author":1,"featured_media":0,"parent":0,"menu_order":0,"comment_status":"closed","ping_status":"closed","template":"","meta":{"_acf_changed":false,"inline_featured_image":false,"footnotes":""},"class_list":["post-2331","page","type-page","status-publish","hentry"],"acf":[],"_links":{"self":[{"href":"https:\/\/findvit.com\/et\/wp-json\/wp\/v2\/pages\/2331","targetHints":{"allow":["GET"]}}],"collection":[{"href":"https:\/\/findvit.com\/et\/wp-json\/wp\/v2\/pages"}],"about":[{"href":"https:\/\/findvit.com\/et\/wp-json\/wp\/v2\/types\/page"}],"author":[{"embeddable":true,"href":"https:\/\/findvit.com\/et\/wp-json\/wp\/v2\/users\/1"}],"replies":[{"embeddable":true,"href":"https:\/\/findvit.com\/et\/wp-json\/wp\/v2\/comments?post=2331"}],"version-history":[{"count":1,"href":"https:\/\/findvit.com\/et\/wp-json\/wp\/v2\/pages\/2331\/revisions"}],"predecessor-version":[{"id":7714,"href":"https:\/\/findvit.com\/et\/wp-json\/wp\/v2\/pages\/2331\/revisions\/7714"}],"wp:attachment":[{"href":"https:\/\/findvit.com\/et\/wp-json\/wp\/v2\/media?parent=2331"}],"curies":[{"name":"wp","href":"https:\/\/api.w.org\/{rel}","templated":true}]}}