{"id":3,"date":"2021-05-06T16:45:53","date_gmt":"2021-05-06T16:45:53","guid":{"rendered":"http:\/\/findvit.com\/?page_id=3"},"modified":"2022-06-20T18:11:21","modified_gmt":"2022-06-20T15:11:21","slug":"privatumo-politika","status":"publish","type":"page","link":"https:\/\/findvit.com\/et\/privatumo-politika\/","title":{"rendered":"Privaatsuspoliitika"},"content":{"rendered":"<p><strong>Viimati uuendatud 01.08.2021<\/strong><\/p>\n\n\n\n<p>See privaatsuspoliitika (edaspidi - &quot;Privaatsuspoliitika&quot; v\u00f5i &quot;Eeskirjad&quot;) selgitab, kuidas UAB &quot;Fundatorii&quot; (edaspidi - &quot;Ettev\u00f5te&quot;, &quot;meie&quot; v\u00f5i &quot;meie&quot;) kogub ja kasutab teie kohta teavet, kui kasutate m\u00f5nda meie veebisaiti. <a href=\"https:\/\/findvit.com\/et\/\">www.findvit.com<\/a> (edaspidi &quot;sait&quot;) v\u00f5i mis tahes muud meie poolt pakutavad teenused (edaspidi &quot;teenused&quot;).<\/p>\n\n\n\n<p>UAB &quot;Fundatorii&quot; on oma tegevuses p\u00fchendunud <em>vastutustundlikult ja turvaliselt<\/em> teie isikuandmete t\u00f6\u00f6tlemiseks. Sellest alusp\u00f5him\u00f5ttest l\u00e4htudes p\u00fc\u00fcame alati tagada teie andmete piisava kaitse ja teie \u00f5iguste kaitse. T\u00f6\u00f6tleme isikuandmeid koosk\u00f5las k\u00e4esoleva privaatsuspoliitikaga, koosk\u00f5las kohaldatavate \u00f5igusaktidega, sealhulgas isikuandmete kaitse \u00fcldm\u00e4\u00e4rusega (2016\/679) (edaspidi &quot;GDPR&quot;) ja Leedu kehtivate riiklike andmekaitsealaste \u00f5igusaktidega.<\/p>\n\n\n\n<p>K\u00e4esolevas poliitikas sisalduv viide &quot;Teie isikuandmetele&quot; t\u00e4hendab mis tahes teavet, mille p\u00f5hjal saab kindlaks teha teie isiku (edaspidi &quot;Isikuandmed&quot;).<\/p>\n\n\n\n<p>Oleme k\u00e4esoleva poliitikaga h\u00f5lmatud isikuandmete vastutav t\u00f6\u00f6tleja.<\/p>\n\n\n\n<p>Kasutame teie isikuandmeid oma tegevuste l\u00e4biviimisel ja teile teenuste osutamisel. Meie eesm\u00e4rk on t\u00f6\u00f6delda ainult neid teie isikuandmeid, mille olete meile vabatahtlikult esitanud p\u00e4rast \u00fcksikasjaliku teabe saamist andmet\u00f6\u00f6tluse eesm\u00e4rkide kohta ning neid andmeid, mis on vajalikud teiega s\u00f5lmitud lepingute t\u00e4itmiseks, seadusest tulenevate n\u00f5uete t\u00e4itmiseks ja andmete t\u00e4itmiseks. meie tegevust.<\/p>\n\n\n\n<p>Lugege seda privaatsuspoliitikat, et saada teada, kuidas me teie isikuandmeid kogume, kasutame, edastame ja kaitseme.<\/p>\n\n\n\n<h2 class=\"wp-block-heading\">Isikuandmete kogumine ja kasutamine<\/h2>\n\n\n\n<p><strong>1.1 Millist teavet me kogume<\/strong><\/p>\n\n\n\n<p>T\u00f6\u00f6tleme teie isikuandmeid, kui annate need meile vabatahtlikult, nt. Sinu e-mail Hr. meile kirja teel, meie teenuste tellimine, veebilehel ankeedi t\u00e4itmine v\u00f5i meiega telefoni\/SMS-i teel \u00fchendust v\u00f5tmine. Teatud juhtudel t\u00f6\u00f6tleme juba teie varem edastatud isikuandmeid, nt. kui olete meie praegune v\u00f5i endine klient. T\u00f6\u00f6tleme teie esitatud isikuandmeid vastavalt k\u00e4esolevale poliitikale ja meie suhtes kohaldatavatele \u00f5igusaktidele. Teie isikuandmeid ei kasutata muudel eesm\u00e4rkidel, kui need, mis on esitatud andmete saamise ajal, v\u00e4lja arvatud juhul, kui saame teie t\u00e4iendava n\u00f5usoleku v\u00f5i selline kasutamine on s\u00e4testatud \u00f5igusaktides.&nbsp;<\/p>\n\n\n\n<p><strong>1.2 Teie isikuandmete t\u00f6\u00f6tlemise \u00f5iguslik alus<\/strong><\/p>\n\n\n\n<p>\u00dcldjuhul kogume teie isikuandmeid ainult teile teenuste osutamiseks vajalikus ulatuses. EL-i \u00f5igus kohustab meid teavitama isikuid, kelle andmeid me t\u00f6\u00f6tleme, andmet\u00f6\u00f6tluse \u00f5iguslikust alusest. Teie isikuandmete t\u00f6\u00f6tlemisel tugineme \u00fchele j\u00e4rgmistest \u00f5iguslikest alustest:<\/p>\n\n\n\n<p><strong>Lepingu t\u00e4itmise alus.<\/strong> See kehtib siis, kui teie andmete t\u00f6\u00f6tlemine on vajalik meie lepingust tulenevate kohustuste t\u00e4itmiseks teie ees, nt. v\u00e4ljastada Sulle sooduskupongikaart v\u00f5i tasuda\/vastu v\u00f5tta teenuste eest, saata\/vastu v\u00f5tta kaup.<\/p>\n\n\n\n<p><strong>Seadusandliku n\u00f5ude alus.<\/strong> Kehtib siis, kui oleme seaduse v\u00f5i muude \u00f5igusaktidega kohustatud teie isikuandmeid t\u00f6\u00f6tlema, nt. maksuarvestuse eesm\u00e4rgil andmete edastamine riigihaldusasutustele v\u00f5i politseile.<\/p>\n\n\n\n<p><strong>N\u00f5usoleku \u00f5iguslik alus.<\/strong> Teatud juhtudel t\u00f6\u00f6tleme teie isikuandmeid ainult juhul, kui oleme eelnevalt saanud teie n\u00f5usoleku. <strong>Andmet\u00f6\u00f6tluseks antud n\u00f5usoleku saate igal ajal tagasi v\u00f5tta, v\u00f5ttes meiega \u00fchendust e-posti aadressil <a href=\"mailto:lietuva@findvit.com\" target=\"_blank\" rel=\"noreferrer noopener\">lietuva@findvit.com<\/a><\/strong><\/p>\n\n\n\n<p><strong>\u00d5igustatud huvide \u00f5iguslik alus<\/strong>. T\u00f6\u00f6tleme teie isikuandmeid juhtudel, kui meil on \u00f5igustatud huvi ning selline andmet\u00f6\u00f6tlus ei riku teie huve ja \u00f5iguste kaitset.<\/p>\n\n\n\n<p>Eespool nimetatud \u00f5igustatud huvi:<\/p>\n\n\n\n<ul class=\"wp-block-list\"><li>Anname oma veebisaidi k\u00fclastajatele teavet Ettev\u00f5tte teenuste kohta;<\/li><li>P\u00fc\u00fcame ennetada pettusi ja kuritegevust, kaitsta oma vara ja kasutatavaid IT-s\u00fcsteeme;<\/li><li>Korraldame ja j\u00e4lgime kasutatavaid reklaamilahendusi;<\/li><li>Meie eesm\u00e4rk on tagada Seltsi korporatiivsete ja avalike kohustuste t\u00e4itmine;<\/li><li>Tagame Euroopa Liidu p\u00f5hi\u00f5iguste harta artiklites 16 ja 17 s\u00e4testatud \u00f5iguste, sealhulgas ettev\u00f5tlusvabaduse ja omandi\u00f5iguse rakendamise.<\/li><\/ul>\n\n\n\n<p>Teatud juhtudel v\u00f5ivad meie t\u00f6\u00f6deldavad isikuandmed seega h\u00f5lmata isikuandmete erikategooriaid, st isikuandmeid, mis paljastavad rassilise v\u00f5i etnilise p\u00e4ritolu, poliitilised vaated, usulised v\u00f5i filosoofilised veendumused v\u00f5i ameti\u00fchingusse kuulumise, samuti geneetiliste andmete, biomeetriliste andmete t\u00f6\u00f6tlemine. f\u00fc\u00fcsilise isiku f\u00fc\u00fcsilise isiku, terviseandmete v\u00f5i f\u00fc\u00fcsilise isiku seksuaalelu ja seksuaalse s\u00e4ttumuse kohta k\u00e4ivate andmete konkreetseks tuvastamiseks. T\u00f6\u00f6tleme neid andmeid alles p\u00e4rast teie n\u00f5usoleku saamist v\u00f5i kui selline t\u00f6\u00f6tlemine on ette n\u00e4htud \u00f5igusaktide n\u00f5uetes.<\/p>\n\n\n\n<p><strong>1.3 Isikuandmete automaatne kogumine<\/strong><\/p>\n\n\n\n<p>M\u00f5nel juhul kasutame meie v\u00f5i meie kasutatavad teenusepakkujad k\u00fcpsiseid. <em>k\u00fcpsised<\/em>), v\u00f5rguandmete kogujad (ing. <em>veebimajakad<\/em>) ja muud nutikad tehnoloogiad, et koguda automaatselt teie kohta teatud teavet, kui k\u00fclastate meie veebisaiti ja kirjutate meile e-kirja. postiga Selle teabe kogumine aitab kohandada meie veebisaiti teie vajadustega, t\u00f5sta meie teabelevi teadlikkust, t\u00f5husust ja kasulikkust ning korraldada ja j\u00e4lgida meie kasutatavate reklaamilahenduste t\u00f5husust.<\/p>\n\n\n\n<p><strong>1.3.1 IP-aadressid<\/strong><\/p>\n\n\n\n<p>IP-aadress on number, mis m\u00e4\u00e4ratakse teie arvutile Interneti-\u00fchenduse loomisel. See v\u00f5imaldab arvutitel ja serveritel \u00fcksteist \u00e4ra tunda ja andmeid jagada. Kui k\u00fclastate meie veebisaiti, salvestatakse teie IP-aadress ja seda kasutatakse s\u00fcsteemi diagnostika ja kaitse eesm\u00e4rgil. IP-aadressi kasutatakse ka n\u00e4itajate loomiseks, mis m\u00e4\u00e4ravad veebisaidi liikluse ja kasulikkuse.<\/p>\n\n\n\n<p><strong>1.3.2 K\u00fcpsised<\/strong><\/p>\n\n\n\n<p>K\u00fcpsised salvestatakse tavaliselt teie arvutisse v\u00f5i muusse seadmesse, mille \u00fchendate Internetiga iga kord, kui loote \u00fchenduse meie veebisaidiga. See v\u00f5imaldab meil teie seadet teistest eristada.<\/p>\n\n\n\n<p>Teatud juhtudel kuvatakse teile p\u00e4rast veebisaidi k\u00fclastamist teavituss\u00f5num, milles n\u00f5utakse teie n\u00f5usolekut k\u00fcpsiste kasutamiseks. Kui te n\u00f5usolekut ei anna, ei v\u00f5eta teie arvutit ega muud seadet otseturunduse eesm\u00e4rgil sihikule. K\u00fcpsised on veebisaidi toimimiseks vajalikud. <em>kasutaja sisend<\/em>) kasutatakse endiselt meie veebisaidi n\u00f5uetekohase toimimise tagamiseks. Teie valik k\u00fcpsiste kasutamise kohta salvestatakse eraldi k\u00fcpsisesse, mille kehtivusaeg on 90 p\u00e4eva. Kui soovite oma n\u00f5usoleku tagasi v\u00f5tta, saate seda teha, kustutades oma Interneti-brauseris k\u00fcpsised.<\/p>\n\n\n\n<p>Enamik Interneti-brausereid aktsepteerib ja lubab k\u00fcpsiseid automaatselt salvestada, kuid saate muuta oma brauseri seadeid ja blokeerida k\u00fcpsiste kasutamise. Need parameetrid salvestatakse tavaliselt men\u00fc\u00fck\u00e4sku T\u00f6\u00f6riistad (ing. <em>T\u00f6\u00f6riistad<\/em>) v\u00f5i Seaded (ing. <em>Eelistused<\/em>). Samuti saate igal ajal k\u00f5ik k\u00fcpsised v\u00f5i teatud k\u00fcpsised valikuliselt kustutada. Kui otsustate k\u00fcpsiseid \u00fcldse mitte aktsepteerida, ei pruugi teil olla juurdep\u00e4\u00e4s meie veebisaidi k\u00f5ikidele funktsioonidele. Lisateavet k\u00fcpsiste valikute haldamise kohta populaarseimates brauserites leiate siit: <a href=\"https:\/\/support.microsoft.com\/en-us\/help\/17442\/windows-internet-explorer-delete-manage-cookies\" target=\"_blank\" rel=\"noreferrer noopener\">Internet Explorer<\/a>, <a href=\"https:\/\/support.google.com\/chrome\/answer\/95647?hl=en\" target=\"_blank\" rel=\"noreferrer noopener\">Chrome<\/a>, <a href=\"https:\/\/support.mozilla.org\/en-US\/kb\/delete-cookies-remove-info-websites-stored\" target=\"_blank\" rel=\"noreferrer noopener\">Firefox<\/a>, <a href=\"https:\/\/support.apple.com\/kb\/PH19214?locale=en_US\" target=\"_blank\" rel=\"noreferrer noopener\">Safari<\/a>, <a href=\"http:\/\/help.opera.com\/Windows\/9.51\/en\/cookies.html\" target=\"_blank\" rel=\"noreferrer noopener\">Ooper<\/a>.<\/p>\n\n\n\n<p>Oma veebisaidi funktsionaalsuse laiendamiseks kasutame m\u00f5nikord kolmandate osapoolte t\u00f6\u00f6riistu ja juhtelemente. <em>vidin<\/em>). Tavaliselt salvestavad need t\u00f6\u00f6riistad ja juhtelemendid teie arvutisse v\u00f5i seadmesse k\u00fcpsise, et v\u00f5imaldada t\u00e4iendavaid funktsioone.<\/p>\n\n\n\n<p>K\u00fcpsised iseenesest ei anna meile teie e-posti aadressi ega v\u00f5imalda muul viisil teie isikut tuvastada. Kasutame veebisaidi tegevuse hindamiseks erinevaid identifikaatoreid, sealhulgas IP-aadresse, kuid ainult veebisaidi unikaalsete k\u00fclastajate arvu ja kasutajate geograafilise jaotuse kindlaksm\u00e4\u00e4ramiseks, mitte konkreetsete kasutajate tuvastamiseks.<\/p>\n\n\n\n<p><strong>MEIE VEEBISAITI SIRVIMISEGA N\u00d5USTUTE, ET LEHE T\u00d6\u00d6TAMISEKS VAJALIKUD K\u00dcPSISED SALVESTATAKSE TEIE ARVUTI V\u00d5I MUUSE SEADME SISSE.<\/strong><\/p>\n\n\n\n<p><strong>1.3.3 Veebimajakad<\/strong><\/p>\n\n\n\n<p>Veebik\u00fcpsis on veebilehel olev v\u00e4ike pildifail, mille abil saab koguda teavet k\u00fclastaja arvuti kohta, sealhulgas IP-aadressi, k\u00fclastuse aja, brauseri t\u00fc\u00fcbi ja sama serveri poolt varem seatud k\u00fcpsiseid. Veebiandmete kogujate kasutamisel j\u00e4rgime rangelt juriidilisi n\u00f5udeid.<\/p>\n\n\n\n<p>Meie v\u00f5i meie teenusepakkujad kasutame veebiandmete kogujaid, et tagada k\u00fcpsiste n\u00f5uetekohane haldamine ja m\u00e4\u00e4rata kindlaks kolmandate isikute poolt meile pakutavate teenuste, nt. k\u00fclastajaid meelitavad teabe levitamine, reklaam v\u00f5i t\u00f6\u00f6tajate valikuteenused.<\/p>\n\n\n\n<p>Saate piirata veebiandmete kogujate funktsionaalsust, keelates nende t\u00f6\u00f6ks vajalike k\u00fcpsiste salvestamise. Sel juhul v\u00f5ib Web Data Collector siiski j\u00e4\u00e4dvustada anon\u00fc\u00fcmse k\u00fclastuse konkreetselt IP-aadressilt, kuid k\u00fcpsiste teavet ei salvestata.<\/p>\n\n\n\n<p>M\u00f5nes oma uudiskirjas v\u00f5i muus suhtluses j\u00e4lgime adressaatide tegevusi, nt. email meili avamine veebiandmete kogujate abil. Kasutame kogutud teavet kasutajate huvide kindlaksm\u00e4\u00e4ramiseks ja kasutajate rahulolu parandamiseks tulevikus.<\/p>\n\n\n\n<p><strong>1.3.4 Otsimist\u00f6\u00f6riistad<\/strong><\/p>\n\n\n\n<p><em>Kui kasutate meie teenuseid, v\u00f5ime koguda teavet teie arvuti v\u00f5i muu seadme asukoha kohta. Kasutame seda teavet, et oma teenuseid teile paremini kohandada.<\/em><\/p>\n\n\n\n<p><strong>1.4 Sotsiaalmeedia t\u00f6\u00f6riistad ja rakendused<\/strong><\/p>\n\n\n\n<p>Meie veebilehtedel v\u00f5ib olla funktsionaalsus, mis v\u00f5imaldab teil jagada teavet kolmandate osapoolte hallatavate sotsiaalplatvormide, nt. Instagrami funktsioonid meeldivad ja jagatakse. Need sotsiaalsed platvormid v\u00f5ivad salvestada andmeid meie veebisaidi kasutamise kohta. Teie isikuandmeid, mida te selliste sotsiaalplatvormide kaudu esitate, saab sageli edastada teistele sotsiaalplatvormi osalejatele. Selline andmeedastus on reguleeritud sotsiaalplatvormi haldaja privaatsuspoliitikas. Me ei kontrolli seda, kuidas neid teie isikuandmeid t\u00f6\u00f6deldakse, ega v\u00f5ta selle eest mingit vastutust.<\/p>\n\n\n\n<p><strong>1.5 Laste isikuandmed<\/strong><\/p>\n\n\n\n<p>M\u00f5istame, kui oluline on korralikult kaitsta laste isikuandmete privaatsust. Meie veebisait ja teenused ei sobi alla 16-aastastele lastele. Me ei kogu ega s\u00e4ilita kunagi sihip\u00e4raselt teavet alla 16-aastaste laste kohta, v\u00e4lja arvatud juhul, kui seda teavet on vaja teile meie teenuste osutamiseks.<\/p>\n\n\n\n<h2 class=\"wp-block-heading\">Isikuandmete edastamine kolmandatele isikutele<\/h2>\n\n\n\n<p>Me ei jaga teie isikuandmeid kolmandate isikutega, v\u00e4lja arvatud juhul, kui see on vajalik teile teenuste osutamise tagamiseks, teie taotluste, meie \u00f5igustatud huvide ja \u00e4rivajaduste elluviimiseks v\u00f5i kui seda n\u00f5uavad konkreetsed \u00f5igusaktid. Lisateavet kolmandate osapoolte kasutamise kohta n\u00e4ete sellel lingil kl\u00f5psates.<\/p>\n\n\n\n<p><strong>Me ei edasta teie isikuandmeid kolmandatele isikutele, kes v\u00f5iksid neid andmeid otseturunduse eesm\u00e4rgil kasutada.<\/strong> <a href=\"https:\/\/findvit.com\/et\/slapukai\/\"><strong>Loe edasi &gt;&gt;<\/strong><\/a><\/p>\n\n\n\n<h2 class=\"wp-block-heading\">Teie valikud<\/h2>\n\n\n\n<p>\u00dcldjuhul ei n\u00f5ua me meie teenuste kasutamisel teilt isikuandmete esitamist, v\u00e4lja arvatud juhul, kui see on vajalik teenuste osutamiseks, nt. lepingu s\u00f5lmimiseks v\u00f5i teiega kontakti hoidmiseks. Kui saame teie taotluse anda teile teavet meie teenuste kohta, v\u00f5ime paluda teil esitada t\u00e4iendavaid isikuandmeid. Teatud juhtudel v\u00f5ime n\u00f5uda teie t\u00e4iendavat n\u00f5usolekut isikuandmete t\u00f6\u00f6tlemiseks ja teil on \u00f5igus keelduda n\u00f5usoleku andmisest andmete t\u00f6\u00f6tlemiseks nendel eesm\u00e4rkidel. Kui n\u00f5ustute teatud teenuste v\u00f5i teabes\u00f5numitega, anname teile v\u00f5imaluse see n\u00f5usolek igal ajal tagasi v\u00f5tta. N\u00f5usoleku tagasiv\u00f5tmise korral p\u00fc\u00fcame v\u00f5imalikult kiiresti l\u00f5petada Teie isikuandmete kasutamise n\u00f5usolekus m\u00e4rgitud eesm\u00e4rkidel.<\/p>\n\n\n\n<p>Nagu \u00fclal jaotises &quot;K\u00fcpsised&quot; m\u00e4rgitud, kui soovite takistada teie j\u00e4lgimist meie veebisaidil k\u00fcpsiste abil, v\u00f5ite k\u00fcpsised oma veebibrauserist eemaldada ja takistada selliste k\u00fcpsiste edasist salvestamist. Sel juhul ei pruugi meie veebisaidi teatud funktsioonid korralikult t\u00f6\u00f6tada.<\/p>\n\n\n\n<h2 class=\"wp-block-heading\">Sinu \u00f5igused<\/h2>\n\n\n\n<p>Kui t\u00f6\u00f6tleme teie isikuandmeid, saate kasutada j\u00e4rgmisi \u00f5igusi:<\/p>\n\n\n\n<p><strong>Tutvumine ja parandus.<\/strong> Teil on \u00f5igus tutvuda meie poolt t\u00f6\u00f6deldavate isikuandmetega. Meie poolt t\u00f6\u00f6deldavate oma isikuandmetega tutvumiseks v\u00f5ite esitada meile taotluse. Kui p\u00e4rast teie taotluse hindamist otsustame, et peame teile sellise \u00f5iguse andma, edastame teabe tasuta. Teiste isikute \u00f5iguste kaitse tagamiseks ja teie p\u00e4ringule n\u00f5uetekohaseks vastamiseks v\u00f5ime enne vastuse andmist paluda teil esitada isikutuvastusandmed ja muu teave teie suhte kohta meiega. Kui teie meie poolt t\u00f6\u00f6deldavad andmed on ebat\u00e4psed, on teil \u00f5igus n\u00f5uda nende andmete parandamist.<\/p>\n\n\n\n<p><strong>\u00d5igus esitada vastuv\u00e4iteid andmete t\u00f6\u00f6tlemisele.<\/strong> Teil on \u00f5igus esitada vastuv\u00e4iteid teie isikuandmete t\u00f6\u00f6tlemisele, kui me ei saa neid enam kasutada.<\/p>\n\n\n\n<p><strong>Muud \u00f5igused.<\/strong> Kui arvate, et me ei peaks teie isikuandmeid t\u00f6\u00f6tlema v\u00f5i s\u00e4ilitame neid liiga kaua, on teil \u00f5igus n\u00f5uda oma isikuandmete kustutamist v\u00f5i nende kasutamise piiramist. Teatud juhtudel on teil \u00f5igus n\u00f5uda ka elektrooniliselt salvestatud teabe koopiat.<\/p>\n\n\n\n<p>Oma \u00f5iguste kasutamiseks v\u00f5ite meiega \u00fchendust v\u00f5tta e-posti teel. lietuva@findvit.com Teie p\u00e4ringu saamisel teeme vastavalt kehtivatele \u00f5igusaktidele ja kutsepraktikale k\u00f5ik endast oleneva, et aidata kaasa teie \u00f5iguste elluviimisele.<\/p>\n\n\n\n<h2 class=\"wp-block-heading\">Andmete turvalisus ja terviklikkus<\/h2>\n\n\n\n<p>Teie isikuandmete t\u00f6\u00f6tlemisel kasutame organisatsioonilisi ja tehnilisi andmekaitsemeetmeid ja protseduure, et kaitsta teie isikuandmeid ebaseadusliku kadumise, v\u00e4\u00e4rkasutuse, muutmise v\u00f5i h\u00e4vimise eest. Vaatamata meie pingutustele ei ole v\u00f5imalik arvestada k\u00f5igi v\u00f5imalike ohtudega ja tagada isikuandmete absoluutne turvalisus. Isikuandmete maksimaalse kaitse tagamiseks on teie isikuandmete t\u00f6\u00f6tlemisel juurdep\u00e4\u00e4s andmetele piiratud meie t\u00f6\u00f6tajatega, l\u00e4htudes &quot;vajaduse teada&quot; p\u00f5him\u00f5ttest. Andmet\u00f6\u00f6tlejad on kohustatud j\u00e4rgima rangeid isikuandmete t\u00f6\u00f6tlemise n\u00f5udeid.<\/p>\n\n\n\n<p>Teeme k\u00f5ik endast oleneva, et t\u00f6\u00f6delda teie isikuandmeid ainult:<\/p>\n\n\n\n<ol class=\"wp-block-list\"><li>seni, kuni see teave on vajalik teile teenuste osutamiseks v\u00f5i teabe edastamiseks;<\/li><li>kuni oleme kohustatud seda teavet s\u00e4ilitama vastavalt \u00f5igusaktidele v\u00f5i \u00e4rilisele vajadusele v\u00f5i kuni te taotlete oma isikuandmete h\u00e4vitamist. Konkreetne andmete s\u00e4ilitamise t\u00e4htaeg s\u00f5ltub teabe kogumise asjaoludest ja teabe kasutamise eesm\u00e4rkidest, kuid arvestades \u00fclaltoodud I)-III) n\u00f5udeid, ei s\u00e4ilitata isikuandmeid kauem kui 2 aastat.<\/li><\/ol>\n\n\n\n<h2 class=\"wp-block-heading\">Lingid teistele veebilehtedele<\/h2>\n\n\n\n<p>Pange t\u00e4hele, et meie veebisait sisaldab linke teistele veebisaitidele, sealhulgas kolmandate osapoolte hallatavatele veebisaitidele, mille kohta k\u00e4esolev privaatsuspoliitika ei kehti ja millel v\u00f5ivad olla oluliselt erinevad privaatsuspoliitikad. Soovitame teil enne isikut tuvastava teabe esitamist \u00fcle vaadata iga sellise veebisaidi privaatsuspoliitika.<\/p>\n\n\n\n<h2 class=\"wp-block-heading\">Selle poliitika muudatused<\/h2>\n\n\n\n<p>V\u00f5ime selle privaatsuspoliitika \u00fcle vaadata ja ajakohastada oma isikuandmete kaitse meetmeid silmas pidades. Iga kord, kui uuendame privaatsuspoliitikat, v\u00e4rskendame poliitika \u00fclaosas olevat v\u00e4lja \u201eViimati uuendatud\u201c. Teid teavitatakse teie kohta kehtivatest privaatsuspoliitika muudatustest tavap\u00e4raste teie ja meie vahelise suhtluse kaudu.<\/p>\n\n\n\n<h2 class=\"wp-block-heading\">Privaatsuspoliitika j\u00f5ustamine<\/h2>\n\n\n\n<p>Oleme p\u00fchendunud teie isikuandmete kaitse tagamisele. Kui teil on k\u00fcsimusi v\u00f5i t\u00e4helepanekuid seoses teie isikuandmete t\u00f6\u00f6tlemisega, v\u00f5tke meiega \u00fchendust e-posti teel. Hr. aadress <a href=\"mailto:lietuva@findvit.com\" target=\"_blank\" rel=\"noreferrer noopener\">lietuva@findvit.com<\/a>. Sellel aadressil saate esitada ka selle privaatsuspoliitika kohta kommentaare.<\/p>\n\n\n\n<p>P\u00e4rast teie p\u00e4ringu saamist kinnitame p\u00e4ringu k\u00e4ttesaamist 14 p\u00e4eva jooksul ja p\u00fc\u00fcame anda vastuse \u00fche kuu jooksul alates p\u00e4ringu saamisest. Kui Teie p\u00e4ring on keeruline v\u00f5i oleme sel ajal saanud v\u00e4ga suure hulga p\u00e4ringuid, saame p\u00e4rast Teile sellest teavitamist pikendada p\u00e4ringule vastamise t\u00e4htaega kuni kolme kuuni p\u00e4ringu saamisest arvates.<\/p>\n\n\n\n<p>L\u00f5puks on teil alati \u00f5igus esitada kaebus oma andmete eba\u00f5ige k\u00e4itlemise kohta Riiklikule Andmekaitse Inspektsioonile.<\/p>","protected":false},"excerpt":{"rendered":"<p>Viimati uuendatud 2021-08-01 See privaatsuspoliitika (edaspidi - &quot;Privaatsuspoliitika&quot; v\u00f5i &quot;Eeskirjad&quot;) selgitab, kuidas UAB &quot;Fundatorii&quot; (edaspidi - &quot;Ettev\u00f5te&quot;, &quot;meie&quot; v\u00f5i &quot;meie&quot;) kogub ja...<\/p>","protected":false},"author":1,"featured_media":0,"parent":0,"menu_order":0,"comment_status":"closed","ping_status":"open","template":"","meta":{"_acf_changed":false,"inline_featured_image":false,"footnotes":""},"class_list":["post-3","page","type-page","status-publish","hentry"],"acf":[],"_links":{"self":[{"href":"https:\/\/findvit.com\/et\/wp-json\/wp\/v2\/pages\/3","targetHints":{"allow":["GET"]}}],"collection":[{"href":"https:\/\/findvit.com\/et\/wp-json\/wp\/v2\/pages"}],"about":[{"href":"https:\/\/findvit.com\/et\/wp-json\/wp\/v2\/types\/page"}],"author":[{"embeddable":true,"href":"https:\/\/findvit.com\/et\/wp-json\/wp\/v2\/users\/1"}],"replies":[{"embeddable":true,"href":"https:\/\/findvit.com\/et\/wp-json\/wp\/v2\/comments?post=3"}],"version-history":[{"count":1,"href":"https:\/\/findvit.com\/et\/wp-json\/wp\/v2\/pages\/3\/revisions"}],"predecessor-version":[{"id":7777,"href":"https:\/\/findvit.com\/et\/wp-json\/wp\/v2\/pages\/3\/revisions\/7777"}],"wp:attachment":[{"href":"https:\/\/findvit.com\/et\/wp-json\/wp\/v2\/media?parent=3"}],"curies":[{"name":"wp","href":"https:\/\/api.w.org\/{rel}","templated":true}]}}