{"id":4476,"date":"2021-12-16T21:53:02","date_gmt":"2021-12-16T19:53:02","guid":{"rendered":"https:\/\/findvit.com\/?page_id=4476"},"modified":"2022-03-03T14:12:37","modified_gmt":"2022-03-03T12:12:37","slug":"informacija","status":"publish","type":"page","link":"https:\/\/findvit.com\/et\/informacija\/","title":{"rendered":"Teave"},"content":{"rendered":"<h2 class=\"wp-block-heading\">Teave<\/h2>\n\n\n\n<p>Toiduainet t\u00f6\u00f6tleva \u00fcksuse number on 190012563<\/p>\n\n\n\n<div style=\"height:100px\" aria-hidden=\"true\" class=\"wp-block-spacer\"><\/div>","protected":false},"excerpt":{"rendered":"<p>Informacija Maisto tvarkymo subjekto numeris &#8211; 190012563<\/p>","protected":false},"author":1,"featured_media":0,"parent":0,"menu_order":0,"comment_status":"closed","ping_status":"closed","template":"","meta":{"_acf_changed":false,"inline_featured_image":false,"footnotes":""},"class_list":["post-4476","page","type-page","status-publish","hentry"],"acf":[],"_links":{"self":[{"href":"https:\/\/findvit.com\/et\/wp-json\/wp\/v2\/pages\/4476","targetHints":{"allow":["GET"]}}],"collection":[{"href":"https:\/\/findvit.com\/et\/wp-json\/wp\/v2\/pages"}],"about":[{"href":"https:\/\/findvit.com\/et\/wp-json\/wp\/v2\/types\/page"}],"author":[{"embeddable":true,"href":"https:\/\/findvit.com\/et\/wp-json\/wp\/v2\/users\/1"}],"replies":[{"embeddable":true,"href":"https:\/\/findvit.com\/et\/wp-json\/wp\/v2\/comments?post=4476"}],"version-history":[{"count":0,"href":"https:\/\/findvit.com\/et\/wp-json\/wp\/v2\/pages\/4476\/revisions"}],"wp:attachment":[{"href":"https:\/\/findvit.com\/et\/wp-json\/wp\/v2\/media?parent=4476"}],"curies":[{"name":"wp","href":"https:\/\/api.w.org\/{rel}","templated":true}]}}