{"id":10239,"date":"2022-12-01T10:25:37","date_gmt":"2022-12-01T08:25:37","guid":{"rendered":"https:\/\/findvit.com\/?post_type=product&#038;p=10239"},"modified":"2026-02-23T14:26:58","modified_gmt":"2026-02-23T12:26:58","slug":"kiki-health-superfood-supermaistas","status":"publish","type":"product","link":"https:\/\/findvit.com\/et\/produktas\/kiki-health-superfood-supermaistas\/","title":{"rendered":"KIKI Health Superfood NATURE&#8217;S LIVING &#8211; Supermaistas visaver\u010diai mitybai &#8211; mineralai, vitaminai ir antioksidantai, 20 gr. milteliai"},"content":{"rendered":"<div data-elementor-type=\"product-post\" data-elementor-id=\"10239\" class=\"elementor elementor-10239\" data-elementor-post-type=\"product\">\n\t\t\t\t\t\t<section class=\"elementor-section elementor-top-section elementor-element elementor-element-a8d6ca7 elementor-section-boxed elementor-section-height-default elementor-section-height-default\" data-id=\"a8d6ca7\" data-element_type=\"section\">\n\t\t\t\t\t\t<div class=\"elementor-container elementor-column-gap-default\">\n\t\t\t\t\t<div class=\"elementor-column elementor-col-100 elementor-top-column elementor-element elementor-element-10aaa05\" data-id=\"10aaa05\" data-element_type=\"column\">\n\t\t\t<div class=\"elementor-widget-wrap elementor-element-populated\">\n\t\t\t\t\t\t<div class=\"elementor-element elementor-element-b4933e1 elementor-absolute elementor-hidden-mobile elementor-invisible elementor-widget elementor-widget-image\" data-id=\"b4933e1\" data-element_type=\"widget\" data-settings=\"{&quot;motion_fx_motion_fx_scrolling&quot;:&quot;yes&quot;,&quot;motion_fx_rotateZ_effect&quot;:&quot;yes&quot;,&quot;motion_fx_rotateZ_speed&quot;:{&quot;unit&quot;:&quot;px&quot;,&quot;size&quot;:5,&quot;sizes&quot;:[]},&quot;motion_fx_range&quot;:&quot;viewport&quot;,&quot;_animation&quot;:&quot;fadeIn&quot;,&quot;_position&quot;:&quot;absolute&quot;,&quot;motion_fx_rotateZ_affectedRange&quot;:{&quot;unit&quot;:&quot;%&quot;,&quot;size&quot;:&quot;&quot;,&quot;sizes&quot;:{&quot;start&quot;:0,&quot;end&quot;:100}},&quot;motion_fx_devices&quot;:[&quot;desktop&quot;,&quot;tablet&quot;,&quot;mobile&quot;]}\" data-widget_type=\"image.default\">\n\t\t\t\t<div class=\"elementor-widget-container\">\n\t\t\t\t\t\t\t\t\t\t\t\t\t\t\t<img loading=\"lazy\" decoding=\"async\" width=\"200\" height=\"200\" src=\"https:\/\/findvit.com\/wp-content\/uploads\/2021\/09\/ratukas.svg\" class=\"attachment-full size-full wp-image-1777\" alt=\"Ratas ankeedist vitamiinini\" \/>\t\t\t\t\t\t\t\t\t\t\t\t\t\t\t<\/div>\n\t\t\t\t<\/div>\n\t\t\t\t\t<\/div>\n\t\t<\/div>\n\t\t\t\t\t<\/div>\n\t\t<\/section>\n\t\t\t\t<section class=\"elementor-section elementor-top-section elementor-element elementor-element-80fa34a elementor-section-boxed elementor-section-height-default elementor-section-height-default\" data-id=\"80fa34a\" data-element_type=\"section\">\n\t\t\t\t\t\t<div class=\"elementor-container elementor-column-gap-no\">\n\t\t\t\t\t<div class=\"elementor-column elementor-col-50 elementor-top-column elementor-element elementor-element-4b27538\" data-id=\"4b27538\" data-element_type=\"column\">\n\t\t\t<div class=\"elementor-widget-wrap elementor-element-populated\">\n\t\t\t\t\t\t<div class=\"elementor-element elementor-element-69614ed elementor-widget elementor-widget-heading\" data-id=\"69614ed\" data-element_type=\"widget\" data-widget_type=\"heading.default\">\n\t\t\t\t<div class=\"elementor-widget-container\">\n\t\t\t\t\t<h2 class=\"elementor-heading-title elementor-size-medium\">KIKI Health Superfood NATURE&#8217;S LIVING &#8211; Supermaistas visaver\u010diai mitybai &#8211; mineralai, vitaminai ir antioksidantai, 20 gr. milteliai<\/h2>\t\t\t\t<\/div>\n\t\t\t\t<\/div>\n\t\t\t\t<div class=\"elementor-element elementor-element-bb51836 elementor-widget elementor-widget-text-editor\" data-id=\"bb51836\" data-element_type=\"widget\" data-widget_type=\"text-editor.default\">\n\t\t\t\t<div class=\"elementor-widget-container\">\n\t\t\t\t\t\t\t\t\t<p><span style=\"font-weight: 400;\">Supertoit on toit, mis sisaldab seda palju <strong>toitaineid, vitamiine ja mineraalaineid,<\/strong> aga<strong> madala kalorsusega.\u00a0 <\/strong><\/span><\/p><p><span style=\"font-weight: 400;\">See Superfood on orgaaniline segu <strong>32 k\u00fclmpressitud<\/strong> koostisosad - looduslike vitamiinide ja mineraalainete allikas. p\u00e4evane norm - <strong>k\u00f6\u00f6giviljamahl, leelistavad rohelised k\u00f6\u00f6giviljad, merevetikad - Spirulina ja Chlorella.<\/strong> <\/span><\/p><p><span style=\"font-weight: 400;\">Ens\u00fc\u00fcmide ja probiootikumidega. Vees <strong>lahustuv, mahe maitse<\/strong> pulber. Sh<\/span><span style=\"font-weight: 400;\">t\u00e4nap\u00e4eva maailmas on vahel raske tarbida piisavalt toitainetega v\u00e4rsket toitu, puu- v\u00f5i juurvilju. <\/span><\/p><p><span style=\"font-weight: 400;\">Nendel p\u00f5hjustel p\u00f6\u00f6rdub \u00fcha rohkem inimesi \u00fcle maailma supertoitude poole. <\/span>Seega t\u00e4iendades oma keha ennetavalt.<\/p><p><span style=\"font-weight: 400;\"> <strong>\u00a0Looduse elav supertoit<\/strong>\u00a0on suurep\u00e4rane <strong>t\u00e4iendada<\/strong> lemmik<strong> kokteil v\u00f5i mahl <\/strong>oma igap\u00e4evases rutiinis.\u00a0<\/span><\/p><p><span style=\"font-weight: 400;\"> Suurep\u00e4rane <strong>sobib salatitele puistamiseks<\/strong> v\u00f5i muid roogasid. See on \u00fclimalt<strong> peen, lahustuv pulber. <\/strong>See on v\u00f5imalik<strong> lahustage mahlas, vees v\u00f5i teie lemmikkokteilis.<\/strong><\/span><\/p><p>Loodud iga\u00fche igap\u00e4evaste toitumisvajaduste rahuldamiseks, kuna see on valmistatud ainult taimse p\u00e4ritoluga, rikastatud looduslike toodetega<strong> probiootikumid ja ens\u00fc\u00fcmid.<\/strong><\/p><p>T\u00e4itmiseks<strong>\u00a0 Spirulina ja Chlorella. <\/strong><span style=\"font-weight: 400;\">K\u00f5ik koostisained on hoolikalt valitud ja <strong>tasakaalustada<\/strong> et tagada maksimaalne <strong>omastamine raku tasandil. <\/strong><\/span><\/p><p><strong>Peamised toimeained:<\/strong><\/p><ul><li style=\"font-weight: 400;\" aria-level=\"1\">merevetikad - <strong>Spirulina ja Chlorella<\/strong><\/li><li style=\"font-weight: 400;\" aria-level=\"1\">mere k\u00f6\u00f6giviljad -\u00a0 <strong>merikapsas<\/strong><\/li><li style=\"font-weight: 400;\" aria-level=\"1\"><strong>N\u00f5ges, v\u00f5ilill, petersell<\/strong> lehed<\/li><li style=\"font-weight: 400;\" aria-level=\"1\"><strong>Kapsas, brokkoli<\/strong><\/li><li style=\"font-weight: 400;\" aria-level=\"1\"><strong>Ingver ja takjas<\/strong> juured<\/li><li style=\"font-weight: 400;\" aria-level=\"1\"><strong>Lutsern, oder, nisu, kaerahein ja rohelised<\/strong><\/li><\/ul><p><span style=\"font-weight: 400;\">Uuringud on n\u00e4idanud, et <strong>supertoidud,<\/strong> k\u00f5rge antioks\u00fcdantide ja flavonoidide sisaldus aitab paljusid.\u00a0<\/span><\/p><p>Kuid selleks, et supertoidud oleksid veelgi kasulikumad, tuleb kasuks tervislik ja tasakaalustatud toitumine.<\/p><ul><li>\u00a0<\/li><\/ul><p>Ilma soola, suhkru, p\u00e4rmita, <strong>kunstlikud v\u00e4rvained, s\u00e4ilitusained, keemilised lahustid, kunstlikud lisandid<\/strong> v\u00f5i mis tahes t\u00e4iteaineid.<br \/>Sobib taimetoitlastele ja veganitele. Looduslik terviselisand <strong>gluteeni- ja nisuvaba. GMO-vaba, toksiinivaba, kemikaalivaba.<\/strong> Tumedas klaaspakendis. Piisab kuni <strong>60 p\u00e4eva<\/strong>.<\/p><p>Proovige tasuta testi <strong>&quot;Sinu p\u00e4ev<\/strong>, selgita v\u00e4lja organismi vajadused ja saad <strong>isiklik<\/strong> soovitus!<\/p><p><strong>Tootja KIKI HEALTH<\/strong> on uuenduslik ettev\u00f5te, mis loob ainult tervislikke tooteid ilu kasvatamiseks ja keha tugevdamiseks. Nad usuvad ainult seda <strong>k\u00f5ige t\u00f5husama toimega on k\u00f5ige puhtamad koostisosad<\/strong>.<\/p><p>K\u00f5ik toodete koostises sisalduvad koostisosad on hoolikalt valitud ja eetiliselt t\u00f6\u00f6deldud, et s\u00e4ilitada ja maksimeerida efektiivsust ja kasu ning tagada t\u00e4iuslik biosaadavus.<\/p><p><iframe loading=\"lazy\" title=\"Total Body Cleanse  with KIKI Health&#039;s Nature&#039;s Living Superfood\" width=\"1170\" height=\"658\" src=\"https:\/\/www.youtube.com\/embed\/FXXbtfEYkFg?start=3&feature=oembed&enablejsapi=1&origin=https:\/\/findvit.com\" frameborder=\"0\" allow=\"accelerometer; autoplay; clipboard-write; encrypted-media; gyroscope; picture-in-picture; web-share\" referrerpolicy=\"strict-origin-when-cross-origin\" allowfullscreen><\/iframe><\/p><p><span lang=\"lt\"><strong>KIKI TERVISE lubadus<\/strong><br \/><\/span><\/p><ul><li><span lang=\"lt\">K\u00f5rgeima kvaliteediga taimsed orgaanilised koostisosad<\/span><\/li><li><span lang=\"lt\">Eetika, terviklikkus ja puhtus tootmisprotsessis<\/span><\/li><li><span lang=\"lt\">Sertifitseeritud orgaanilised v\u00f5i looduslikud koostisosad<\/span><\/li><li><span lang=\"lt\">Ei mingeid kompromisse s\u00fcnteetiliste lisandite, sideainete, t\u00e4iteainete ega muude kahjulike ainetega.<\/span><\/li><li><span lang=\"lt\">GMO-, gluteeni-, nisuvaba.<br \/><\/span><\/li><\/ul><div>Kui te pole kindel, millised vitamiinid v\u00f5i muud toidulisandid\u00a0<strong>hetkel k\u00f5ige sobivam<\/strong>, tehke test\u00a0<a style=\"background-color: #ffffff; color: #25bf4e;\" href=\"https:\/\/findvit.com\/et\/testas\/\"><strong>&quot;Sinu p\u00e4ev&quot;<\/strong><\/a>\u00a0ja teada saada\u00a0\u00a0<strong>isiklik<\/strong>\u00a0soovitus!<span style=\"font-size: 15.96px;\"><br \/><\/span><\/div><p id=\"tw-target-text\" class=\"tw-data-text tw-text-large XcVN5d tw-ta\" dir=\"ltr\" data-placeholder=\"Translation\">\u00a0<\/p>\t\t\t\t\t\t\t\t<\/div>\n\t\t\t\t<\/div>\n\t\t\t\t\t<\/div>\n\t\t<\/div>\n\t\t\t\t<div class=\"elementor-column elementor-col-50 elementor-top-column elementor-element elementor-element-ff0fe06\" data-id=\"ff0fe06\" data-element_type=\"column\">\n\t\t\t<div class=\"elementor-widget-wrap elementor-element-populated\">\n\t\t\t\t\t\t<div class=\"elementor-element elementor-element-0b5bb57 elementor-widget elementor-widget-image\" data-id=\"0b5bb57\" data-element_type=\"widget\" data-widget_type=\"image.default\">\n\t\t\t\t<div class=\"elementor-widget-container\">\n\t\t\t\t\t\t\t\t\t\t\t\t\t\t\t<img loading=\"lazy\" decoding=\"async\" width=\"900\" height=\"900\" src=\"https:\/\/findvit.com\/wp-content\/uploads\/2021\/10\/Ko-2-900x900.jpg\" class=\"attachment-large size-large wp-image-2450\" alt=\"tervisliku toitumise naise kollaa\u017e\" srcset=\"https:\/\/findvit.com\/wp-content\/uploads\/2021\/10\/Ko-2-900x900.jpg 900w, https:\/\/findvit.com\/wp-content\/uploads\/2021\/10\/Ko-2-600x600.jpg 600w, https:\/\/findvit.com\/wp-content\/uploads\/2021\/10\/Ko-2-150x150.jpg 150w, https:\/\/findvit.com\/wp-content\/uploads\/2021\/10\/Ko-2-768x768.jpg 768w, https:\/\/findvit.com\/wp-content\/uploads\/2021\/10\/Ko-2-1x1.jpg 1w, https:\/\/findvit.com\/wp-content\/uploads\/2021\/10\/Ko-2-10x10.jpg 10w, https:\/\/findvit.com\/wp-content\/uploads\/2021\/10\/Ko-2-100x100.jpg 100w, https:\/\/findvit.com\/wp-content\/uploads\/2021\/10\/Ko-2.jpg 1000w\" sizes=\"auto, (max-width: 900px) 100vw, 900px\" \/>\t\t\t\t\t\t\t\t\t\t\t\t\t\t\t<\/div>\n\t\t\t\t<\/div>\n\t\t\t\t\t<\/div>\n\t\t<\/div>\n\t\t\t\t\t<\/div>\n\t\t<\/section>\n\t\t\t\t<\/div>","protected":false},"excerpt":{"rendered":"<p>Tervisliku toitumise supertoit firmalt Kiki Health - vitamiinid, mineraalid ja antioks\u00fcdandid terviseks<strong>.Supertoit t\u00e4iendab igap\u00e4evast dieeti v\u00e4\u00e4rtuslike vitamiinide ja mineraalidega, mis aitavad s\u00e4ilitada energiat, parandada seedimist ja kognitiivseid funktsioone.  Supertoit <\/strong>paigutatud koguni 32 puu-, marja- ja juurvilja, mida on t\u00f6\u00f6deldud TOOREL k\u00fclmal viisil. Merevetikatega Spirulina ja Chlorele, Kelp - looduslikud detoksifitseerijad ja joodiallikad. Rikastatud ens\u00fc\u00fcmide ja probiootikumidega. Soovitatav, kui te ei s\u00f6\u00f6 hommikus\u00f6\u00f6ki \u2013 jah, s\u00f6\u00f6te <strong>pakute<\/strong> v\u00e4\u00e4rtuslikke toitaineid. 100 protsenti keskkonnas\u00f5bralikkuse, puhtuse ja puhtuse garantii. Pehme lahustuv pulber. Lihtne kasutada \u2013 0,5 tl klaasi soojas vees v\u00f5i lemmikkokteilis. Turvaline tumedast klaasist pakend.<\/p>","protected":false},"featured_media":23285,"comment_status":"open","ping_status":"closed","template":"","meta":{"_acf_changed":false,"inline_featured_image":false},"etheme_brands":[{"term_id":28,"name":"Kiki Health","slug":"kiki-health","term_group":0,"term_taxonomy_id":28,"taxonomy":"brand","description":"<h2><a href=\"https:\/\/kiki-health.com\/about-us\/\" target=\"_blank\" rel=\"noopener\"><strong>KIKI Health<\/strong><\/a><\/h2>\r\nKIKI yra prek\u0117s \u017eenklas, kuriantis novatori\u0161kus maisto papildus.\r\n\r\nKIKI yra pripa\u017eintas ir gerbiamas, kaip sveikos gyvensenos produkt\u0173 ir individualumo bei meistri\u0161kumo standartas.\r\n\r\nKIKI gim\u0117 i\u0161 noro skatinti optimali\u0105 sveikat\u0105 ir gerov\u0119, m\u016bs\u0173 tikslas ir aistra yra \u012fsigyti auk\u0161\u010diausios kokyb\u0117s, grynumo produktus i\u0161 viso pasaulio, kurie pad\u0117t\u0173 gro\u017eiui ir sveikatai.\r\n\r\nNuo pat prad\u017ei\u0173 ir iki \u0161iol KIKI Health niekada nedaro kompromis\u0173 ir nededa pried\u0173 bei naudoja prastesni\u0173 ingredient\u0173 - tik nat\u016bralios 100% veikliosios med\u017eiagos.\r\n\r\nhttps:\/\/youtu.be\/irT0ZUOzBac?t=45\r\n<h3><strong>Nat\u016braliai turtingi <\/strong><strong>vitaminais, mineralais ir b\u016btinomis\u00a0 veikliosiomis med\u017eiagomis<\/strong><\/h3>\r\nDaugelis \"KIKI Health\" produkt\u0173 turintys augalini\u0173 ir maistini\u0173 med\u017eiag\u0173\u00a0 yra sertifikuoti, kaip ekologi\u0161ki.\r\n\r\nI\u0161naudodami stiprias augalin\u0117s kilm\u0117s, nat\u016brali\u0173 ingredient\u0173 galias, kupinas esmini\u0173 augal\u0173 veikli\u0173j\u0173 med\u017eiag\u0173, vitamin\u0173 ir mineral\u0173, kad suteikt\u0173 smegenims, odai ir k\u016bnui neprilygstam\u0105 pagalb\u0105.\r\n\r\nKIKI Health tikslas yra u\u017etikrinti, kad mi\u0161iniuose neb\u016bt\u0173 sintetikos, konservant\u0173, u\u017epild\u0173 ir ri\u0161ikli\u0173, u\u017etikrinant, kad ir toliau gamint\u0173 veiksmingus, \u0161varius ir saugius papildus.\r\n\r\nPagaminta Jungtin\u0117je Karalyst\u0117je i\u0161 \u0161vari\u0173 ir tvari\u0173 ingredient\u0173.\r\n<h3><strong>Atsakingumas<\/strong><\/h3>\r\nU\u017etikrindami, kad produktai b\u016bt\u0173 atsakingai u\u017eauginti, ne tik r\u016bpinamasi aplinka, bet ir garantuojama produkto kokyb\u0119. KIKI Healt specialistai keliauja po pasaul\u012f ie\u0161kodami ekologi\u0161k\u0173, eti\u0161kai gaut\u0173 ingredient\u0173, pasi\u017eymin\u010di\u0173 geresne maistine verte, kartu pad\u0117dami vietos bendruomen\u0117ms klest\u0117ti. Maisto gamybos b\u016bdas yra labai svarbus daugeliui vartotoj\u0173, ir tai kelia susir\u016bpinim\u0105, kur\u012f mes dalijam\u0117s.\r\n<h3><strong>Minimalus apdorojimas<\/strong><\/h3>\r\nNor\u0117dami pasiekti optimal\u0173 biologin\u012f prieinamum\u0105, stengiamasi, kad ingredientai b\u016bt\u0173 kuo ar\u010diau j\u0173 nat\u016bralios b\u016bkl\u0117s. Laikomasi minimalaus perdirbimo ir kontroliuojama temperat\u016bros, i\u0161kart po derliaus nu\u0117mimo, kad b\u016bt\u0173 i\u0161laikoma visa nauda sveikatai ir gyvybi\u0161kai svarbios maistin\u0117s med\u017eiagos.\r\n\r\n<strong>Produktuose n\u0117ra<\/strong>: sintetikos, dirbtini\u0173 da\u017eikli\u0173 ir kvapi\u0173j\u0173 med\u017eiag\u0173, u\u017epild\u0173, ri\u0161ikli\u0173, dengimo med\u017eiag\u0173, lipnum\u0105 reguliuojan\u010di\u0173 med\u017eiag\u0173, cukr\u0173, glitimo, GMO, laktoz\u0117s, konservant\u0173, pagalbini\u0173 med\u017eiag\u0173.\r\n\r\nVisi ingredientai ir galutiniai produktai yra reguliariai tikrinami tre\u010diosios \u0161alies laboratorijoje. U\u017etikrinama, kad kiekviena partija b\u016bt\u0173 i\u0161bandyta d\u0117l sunki\u0173j\u0173 metal\u0173, mikroorganizm\u0173 ir pesticid\u0173 laikantis grie\u017et\u0173 kokyb\u0117s kontrol\u0117s s\u0105lyg\u0173, o rezultatai atitikt\u0173 ES ir JK ribinius reglamentus, \u012fskaitant ekologinio \u016bkininkavimo standartus.","parent":0,"count":28,"filter":"raw"}],"product_brand":[],"product_cat":[646,653,15],"product_tag":[660],"class_list":{"0":"post-10239","1":"product","2":"type-product","3":"status-publish","4":"has-post-thumbnail","6":"brand-kiki-health","7":"product_cat-papildai-moterims","8":"product_cat-papildai-detoksikacijai","9":"product_cat-produktai","10":"product_tag-esminiai-vitaminai-moterims","12":"first","13":"instock","14":"taxable","15":"shipping-taxable","16":"purchasable","17":"product-type-simple"},"acf":[],"_links":{"self":[{"href":"https:\/\/findvit.com\/et\/wp-json\/wp\/v2\/product\/10239","targetHints":{"allow":["GET"]}}],"collection":[{"href":"https:\/\/findvit.com\/et\/wp-json\/wp\/v2\/product"}],"about":[{"href":"https:\/\/findvit.com\/et\/wp-json\/wp\/v2\/types\/product"}],"replies":[{"embeddable":true,"href":"https:\/\/findvit.com\/et\/wp-json\/wp\/v2\/comments?post=10239"}],"version-history":[{"count":16,"href":"https:\/\/findvit.com\/et\/wp-json\/wp\/v2\/product\/10239\/revisions"}],"predecessor-version":[{"id":21256,"href":"https:\/\/findvit.com\/et\/wp-json\/wp\/v2\/product\/10239\/revisions\/21256"}],"wp:featuredmedia":[{"embeddable":true,"href":"https:\/\/findvit.com\/et\/wp-json\/wp\/v2\/media\/23285"}],"wp:attachment":[{"href":"https:\/\/findvit.com\/et\/wp-json\/wp\/v2\/media?parent=10239"}],"wp:term":[{"taxonomy":"brand","embeddable":true,"href":"https:\/\/findvit.com\/et\/wp-json\/wp\/v2\/etheme_brands?post=10239"},{"taxonomy":"product_brand","embeddable":true,"href":"https:\/\/findvit.com\/et\/wp-json\/wp\/v2\/product_brand?post=10239"},{"taxonomy":"product_cat","embeddable":true,"href":"https:\/\/findvit.com\/et\/wp-json\/wp\/v2\/product_cat?post=10239"},{"taxonomy":"product_tag","embeddable":true,"href":"https:\/\/findvit.com\/et\/wp-json\/wp\/v2\/product_tag?post=10239"}],"curies":[{"name":"wp","href":"https:\/\/api.w.org\/{rel}","templated":true}]}}