{"id":1140,"date":"2021-10-08T14:27:41","date_gmt":"2021-10-08T11:27:41","guid":{"rendered":"https:\/\/findvit.com\/?post_type=product&#038;p=1140"},"modified":"2026-02-27T16:33:16","modified_gmt":"2026-02-27T14:33:16","slug":"naturalus-cinkas-su-fermentais-ir-probiotikais-vitamin-code","status":"publish","type":"product","link":"https:\/\/findvit.com\/et\/produktas\/naturalus-cinkas-su-fermentais-ir-probiotikais-vitamin-code\/","title":{"rendered":"Eluaed Vitamiinikood TOOR TSINK \u2013 tsink koos C-vitamiiniga koos antioks\u00fcdantide, probiootikumide ja ens\u00fc\u00fcmidega. Bioaktiivne kompleks 60 k\u00f6\u00f6giviljakapslit"},"content":{"rendered":"<div data-elementor-type=\"product-post\" data-elementor-id=\"1140\" class=\"elementor elementor-1140\" data-elementor-post-type=\"product\">\n\t\t\t\t\t\t<section class=\"elementor-section elementor-top-section elementor-element elementor-element-b246bc4 elementor-section-boxed elementor-section-height-default elementor-section-height-default\" data-id=\"b246bc4\" data-element_type=\"section\">\n\t\t\t\t\t\t<div class=\"elementor-container elementor-column-gap-default\">\n\t\t\t\t\t<div class=\"elementor-column elementor-col-100 elementor-top-column elementor-element elementor-element-851dc0c\" data-id=\"851dc0c\" data-element_type=\"column\">\n\t\t\t<div class=\"elementor-widget-wrap elementor-element-populated\">\n\t\t\t\t\t\t<div class=\"elementor-element elementor-element-401546e elementor-absolute elementor-hidden-mobile elementor-invisible elementor-widget elementor-widget-image\" data-id=\"401546e\" data-element_type=\"widget\" data-settings=\"{&quot;motion_fx_motion_fx_scrolling&quot;:&quot;yes&quot;,&quot;motion_fx_rotateZ_effect&quot;:&quot;yes&quot;,&quot;motion_fx_rotateZ_speed&quot;:{&quot;unit&quot;:&quot;px&quot;,&quot;size&quot;:5,&quot;sizes&quot;:[]},&quot;motion_fx_range&quot;:&quot;viewport&quot;,&quot;_animation&quot;:&quot;fadeIn&quot;,&quot;_position&quot;:&quot;absolute&quot;,&quot;motion_fx_rotateZ_affectedRange&quot;:{&quot;unit&quot;:&quot;%&quot;,&quot;size&quot;:&quot;&quot;,&quot;sizes&quot;:{&quot;start&quot;:0,&quot;end&quot;:100}},&quot;motion_fx_devices&quot;:[&quot;desktop&quot;,&quot;tablet&quot;,&quot;mobile&quot;]}\" data-widget_type=\"image.default\">\n\t\t\t\t<div class=\"elementor-widget-container\">\n\t\t\t\t\t\t\t\t\t\t\t\t\t\t\t<img loading=\"lazy\" decoding=\"async\" width=\"200\" height=\"200\" src=\"https:\/\/findvit.com\/wp-content\/uploads\/2021\/09\/ratukas.svg\" class=\"attachment-full size-full wp-image-1777\" alt=\"Ratas ankeedist vitamiinini\" \/>\t\t\t\t\t\t\t\t\t\t\t\t\t\t\t<\/div>\n\t\t\t\t<\/div>\n\t\t\t\t\t<\/div>\n\t\t<\/div>\n\t\t\t\t\t<\/div>\n\t\t<\/section>\n\t\t\t\t<section class=\"elementor-section elementor-top-section elementor-element elementor-element-8e4d512 elementor-section-boxed elementor-section-height-default elementor-section-height-default\" data-id=\"8e4d512\" data-element_type=\"section\">\n\t\t\t\t\t\t<div class=\"elementor-container elementor-column-gap-no\">\n\t\t\t\t\t<div class=\"elementor-column elementor-col-50 elementor-top-column elementor-element elementor-element-68d84eb\" data-id=\"68d84eb\" data-element_type=\"column\">\n\t\t\t<div class=\"elementor-widget-wrap elementor-element-populated\">\n\t\t\t\t\t\t<div class=\"elementor-element elementor-element-5c7f917 elementor-widget elementor-widget-heading\" data-id=\"5c7f917\" data-element_type=\"widget\" data-widget_type=\"heading.default\">\n\t\t\t\t<div class=\"elementor-widget-container\">\n\t\t\t\t\t<h2 class=\"elementor-heading-title elementor-size-default\">Eluaed Vitamiinkood Looduslik tsink koos C-vitamiiniga<\/h2>\t\t\t\t<\/div>\n\t\t\t\t<\/div>\n\t\t\t\t<div class=\"elementor-element elementor-element-b64de30 elementor-widget elementor-widget-text-editor\" data-id=\"b64de30\" data-element_type=\"widget\" data-widget_type=\"text-editor.default\">\n\t\t\t\t<div class=\"elementor-widget-container\">\n\t\t\t\t\t\t\t\t\t<p>Garden of Life tsingi toidulisand C-vitamiiniga on <strong>ainulaadne<\/strong> toidulisand, mis on valmistatud looduslikest t\u00f6\u00f6tlemata puu- ja k\u00f6\u00f6giviljadest. <\/p><h3><strong>SAATE KASU<\/strong><\/h3><p>See toode on <strong>rikas tsingi ja C-vitamiini poolest<\/strong>, mis on tuntud oma v\u00f5imsate omaduste poolest.<\/p><p><strong>See orgaaniline tsink koos C-vitamiini kompleksiga annab 30 mg \u00fclit\u00f5husat tsinki<\/strong><br \/><strong>ja 60 mg C-vitamiini. <\/strong>See on sama palju kui 200 % tsingi ja 100 % C-vitamiini p\u00e4evanormi.<\/p><p><strong>Rikastatud toitainetega alates 23<\/strong> terved puu- ja k\u00f6\u00f6giviljad koos mikroelementide kompleksiga,<strong> probiootikumid ja seedeens\u00fc\u00fcmid.<br \/><\/strong><\/p><h3><strong>HINNATUD KASU<\/strong><\/h3><p>Tsink ikka <strong>nimetatakse ilu mineraaliks. <\/strong>Samuti on olemas tsink <strong>oluline mineraal, <\/strong>mis on oluline paljude keha funktsioonide jaoks:<\/p><ul><li><strong>Tsink<\/strong> tavaliselt oluline <br \/><strong>luu seisund<\/strong> toetada<\/li><li>Tsink <strong>oluline<\/strong> tavaliselt <br \/><strong>juuksed<\/strong> <strong>tingimuse jaoks<\/strong> toetada<\/li><li>Tsink <strong>oluline<\/strong> tavaliselt <br \/><strong>nahka<\/strong> <strong>tingimuse jaoks<\/strong> toetada<\/li><\/ul><p>C-vitamiin on <strong>v\u00f5imas<\/strong> <strong>antioks\u00fcdant<\/strong>, mis aitab:<\/p><ul><li>C-vitamiin <strong>oluline<\/strong> normaalseks kollageeni moodustumiseks ja <br \/>tavaliselt <strong>veresooned<\/strong> <strong>funktsiooni<\/strong><\/li><li>C-vitamiin <strong>oluline<\/strong> tavaliselt <strong>n\u00e4rvid<\/strong> <strong>s\u00fcsteemi j\u00f5udlus<\/strong><\/li><li>C-vitamiin on oluline normaalseks <strong>immuuns\u00fcsteemi aktiivsus<\/strong><\/li><\/ul><p><strong>VITAMIINIKOOD orgaaniline<\/strong> toidulisandid on valmistatud \u00fcksikult kasvatatud tervetest puu- ja juurviljadest heade bakterite abil<br \/>kasvatamine <strong>looduslikud toidulisandid<\/strong>, toodetakse <strong>alla 46\u00baC<\/strong> temperatuuri. <br \/><br \/>Omad <strong>sisaldab<\/strong> looduslikud kofaktorid, elusad probiootikumid ja ens\u00fc\u00fcmid \u2013 t\u00e4pselt nagu looduslik ja t\u00f6\u00f6tlemata toit!<\/p><p>See ei sisalda s\u00fcnteetilisi side- ja t\u00e4iteaineid, kunstlikke maitseaineid, magusaineid, v\u00e4rvaineid ega lisaaineid. Esitatakse loodusliku pulbrina kapslites, mida saab avada ja v\u00e4ljastada. Isegi <strong>60\u00a0 <\/strong>vegan kapslid<strong>. Tumedas klaasist pakendis. <\/strong>Sobivad <strong>taimetoitlastele ja veganitele. <\/strong><strong>30 on piisav <\/strong>p\u00e4evadel<strong>.<\/strong><\/p><h3><strong>TUNNISTATUD LOODUSLIKKUS<\/strong><\/h3><p>Garden of Life Vitamin Code Raw Zinc Vegan kapslid on saadaval <strong>TOOR<\/strong>, mis t\u00e4hendab, et seda ei t\u00f6\u00f6delda k\u00f5rgetel temperatuuridel, s\u00fcnteetiliste sideainete, t\u00e4iteainete, kunstlike l\u00f5hna- ja maitseainete, magusainete v\u00f5i lisanditega, mida sageli tablettides kasutatakse. <br \/><br \/>Toode on <strong>sertifitseeritud<\/strong> GMO-vaba, gluteenivaba ja veganina on see ohutu ja sobib k\u00f5igile, kes hoolivad endast, oma l\u00e4hedastest ja keskkonnast.<\/p><h3><strong>M\u00d5NUS JA MUGAV<\/strong><\/h3><p>Toode on <strong>mugav<\/strong> kasutada kapslitena, mille v\u00f5ib alla neelata koos veega v\u00f5i avada ja segada vee v\u00f5i mahlaga.<\/p><p>See toidulisand on kergesti seeditav ja h\u00e4sti talutav, mist\u00f5ttu see nii on <strong>suurep\u00e4rane valik k\u00f5igile<\/strong>s\u00f5ltumata nende toitumisvajadustest v\u00f5i tervislikust seisundist. Seda on ka mugav kasutada \u2013 piisab, kui v\u00f5tta \u00fcks kapsel p\u00e4evas koos toiduga.<\/p><h3><strong>K\u00d5IGE HINNATUD<\/strong><\/h3><p><a href=\"https:\/\/findvit.com\/et\/gamintojas\/garden-of-life\/\" target=\"_blank\" rel=\"noopener\">Garden of Life<\/a> on p\u00fchendunud toodete loomisele, mis pole mitte ainult tervislikud, vaid ka eetilised. Nad teevad koost\u00f6\u00f6d v\u00e4iketalunike ja tootjatega \u00fcle maailma, et tagada nende <strong>tooted on valmistatud vastutustundlikult<\/strong> ja j\u00e4tkusuutlikult.<\/p><p>Garden of Life tsingilisandiga C-vitamiiniga v\u00f5ite seda usaldada <strong>saate k\u00f5rgeima kvaliteediga toote<\/strong>, mis aitab teil oma eesm\u00e4rke saavutada ja hoida.<\/p><p>Alusta oma teekonda tervise poole juba t\u00e4na eluaiaga!<\/p><p>\u00a0Vitamiinid ja saada personaalne soovitus. Tasuta online test <a href=\"https:\/\/findvit.com\/et\/testas\/\"><strong>&quot;Sinu p\u00e4ev&quot;<\/strong><\/a> .<\/p>\t\t\t\t\t\t\t\t<\/div>\n\t\t\t\t<\/div>\n\t\t\t\t\t<\/div>\n\t\t<\/div>\n\t\t\t\t<div class=\"elementor-column elementor-col-50 elementor-top-column elementor-element elementor-element-70ae713\" data-id=\"70ae713\" data-element_type=\"column\">\n\t\t\t<div class=\"elementor-widget-wrap elementor-element-populated\">\n\t\t\t\t\t\t<div class=\"elementor-element elementor-element-a6e778c elementor-widget elementor-widget-image\" data-id=\"a6e778c\" data-element_type=\"widget\" data-widget_type=\"image.default\">\n\t\t\t\t<div class=\"elementor-widget-container\">\n\t\t\t\t\t\t\t\t\t\t\t\t\t\t\t<img loading=\"lazy\" decoding=\"async\" width=\"900\" height=\"900\" src=\"https:\/\/findvit.com\/wp-content\/uploads\/2021\/11\/koliazai-15-900x900.jpg\" class=\"attachment-large size-large wp-image-3823\" alt=\"Kaunis naiste nahk toidulisandeid kasutades\" srcset=\"https:\/\/findvit.com\/wp-content\/uploads\/2021\/11\/koliazai-15-900x900.jpg 900w, https:\/\/findvit.com\/wp-content\/uploads\/2021\/11\/koliazai-15-600x600.jpg 600w, https:\/\/findvit.com\/wp-content\/uploads\/2021\/11\/koliazai-15-150x150.jpg 150w, https:\/\/findvit.com\/wp-content\/uploads\/2021\/11\/koliazai-15-768x768.jpg 768w, https:\/\/findvit.com\/wp-content\/uploads\/2021\/11\/koliazai-15-1x1.jpg 1w, https:\/\/findvit.com\/wp-content\/uploads\/2021\/11\/koliazai-15-10x10.jpg 10w, https:\/\/findvit.com\/wp-content\/uploads\/2021\/11\/koliazai-15-100x100.jpg 100w, https:\/\/findvit.com\/wp-content\/uploads\/2021\/11\/koliazai-15-e1637516776328.jpg 1001w\" sizes=\"auto, (max-width: 900px) 100vw, 900px\" \/>\t\t\t\t\t\t\t\t\t\t\t\t\t\t\t<\/div>\n\t\t\t\t<\/div>\n\t\t\t\t\t<\/div>\n\t\t<\/div>\n\t\t\t\t\t<\/div>\n\t\t<\/section>\n\t\t\t\t<\/div>","protected":false},"excerpt":{"rendered":"<p>Looduslik tsink C-vitamiiniga - <strong>ainulaadne<\/strong> toidulisand on valmistatud looduslikust, t\u00f6\u00f6tlemata toorainest, mis on <strong>rikas tsingi ja C-vitamiini poolest<\/strong>. See toode on <strong>ideaalne valik<\/strong> neile, kes soovivad kinkida endale erakordset kvaliteeti ja loomulikkust. Ens\u00fc\u00fcmid ja probiootikumid kompleksis annavad veelgi juurde. Bioaktiivsed mikroelemendid ja vitamiinid mahepuu- ja juurviljadest rikastavad igap\u00e4evast toidulauda v\u00e4\u00e4rtuslike toimeainetega. Sobib kogu perele.<\/p>","protected":false},"featured_media":2700,"comment_status":"open","ping_status":"closed","template":"","meta":{"_acf_changed":false,"inline_featured_image":false},"etheme_brands":[{"term_id":58,"name":"Garden of Life","slug":"garden-of-life","term_group":0,"term_taxonomy_id":58,"taxonomy":"brand","description":"<h2><strong><a href=\"https:\/\/www.gardenoflife.com\/why-gol\" target=\"_blank\" rel=\"noopener\">Garden of Life<\/a><\/strong><\/h2>\r\nJAV \u012fmon\u0117, kuri yra viena i\u0161 nedaugelio, gaminanti savo produktus 100% i\u0161 nat\u016brali\u0173 ingredient\u0173. Puikiai tinka \u017emon\u0117ms, kuriems labai svarbi produkt\u0173 sud\u0117tis. Visi produktai be GMO. Gamintojas apdovanotas daugeliu kokyb\u0117s sertifikat\u0173, toki\u0173 kaip USDA Organic, Certified Vegan, Certified Gluten-Free, U Kosher ir daugelis kit\u0173. Garden of life kompanija dal\u012f pajam\u0173, gaut\u0173 i\u0161 pardavim\u0173, skiria labdarai, pla\u010diau apra\u0161ytoms gamintojo svetain\u0117je.\r\n\"Garden of Life\" tikslas - suteikti \u017emon\u0117ms galimyb\u0119 tur\u0117ti auk\u0161tos kokyb\u0117s papildus, kurie yra reikalingi gerai sveikatai i\u0161laikyti. Sud\u0117tin\u0117s dalys yra organin\u0117s kilm\u0117s, klini\u0161kai i\u0161tirtos ir atsekamos kilm\u0117s. Gompanija savo gaminiuose nenaudoja sintetini\u0173 pried\u0173, dirbtini\u0173 skoni\u0173 ar da\u017eikli\u0173, ri\u0161ikli\u0173 ar u\u017epild\u0173.\r\nhttps:\/\/youtu.be\/2jbU_WkglKA?t=48\r\n<h3><strong>Neapdirbtas maistas<\/strong><\/h3>\r\n\u017dmogaus k\u016bnas buvo sukurtas valgyti, apdoroti ir gauti maistines med\u017eiagas i\u0161 maisto - tikro, sveiko maisto. Taigi, kai kuriami produktai, pradedama nuo \u017evilgnsio \u012f maist\u0105. Kokie yra \"geri dalykai\" auk\u0161\u010diausios kokyb\u0117s maiste, kurio mums tr\u016bksta m\u016bs\u0173 kasdien\u0117je mityboje? Kuris i\u0161 \u0161i\u0173 maisto produkt\u0173 turi did\u017eiausi\u0105 potencial\u0105 paveikti ir \u012fgalinti ger\u0105 sveikat\u0105?\r\n<h3><strong>Atsekamumas<\/strong><\/h3>\r\nAtsekamumas yra labai svarbus veiksnys, d\u0117l kurio \"Garden of Life\" produktai yra tokie ypatingi. Atsekamumas prasideda nuo \u017einojimo, i\u0161 kur kil\u0119s kiekvienas produkt\u0173 ingredientas, ir susipa\u017einimo su kiekviena kilme: kur jis auginamas; \u016bkininkavimo praktika; kaip elgiasi su \u016bkio darbuotojais \u2013 viskuo.\r\n<h3><strong>\u0160varu yra sveika<\/strong><\/h3>\r\nGarden of life stebi, kas yra \u012fdedama \u012f produktus \u2013 tikri, neapdirbti maisto ingredientai. Bet ties tuo nesustojama. Taip pat labai daug d\u0117mesio skiriama tam, kas i\u0161 \u0161i\u0173 produkt\u0173 i\u0161gaunama. Ir dar kart\u0105 renkamasi\u00a0 \u2013 tikras kokybi\u0161kas maistas. Kompanija naudoja tre\u010di\u0173j\u0173 \u0161ali\u0173\u00a0 sertifikatus, kad \u012frodyt\u0173, jog produktai yra \u0161var\u016bs ir kokybi\u0161ki!\r\n<h3><strong>CO2 neutralumas<\/strong><\/h3>\r\nGarden of life nepaprastai did\u017eiuojasi, kad pasiek\u0117 anglies dioksido neutralum\u0105 2021 m. Bir\u017eelio m\u0117n. CarbonFund.org sertifikuotas \"Carbonfree\u00ae\", \"Garden of Life\" nuo pat \u012fk\u016brimo buvo \u012fsipareigojusi tvarumui.","parent":0,"count":12,"filter":"raw"}],"product_brand":[],"product_cat":[63,124],"product_tag":[91,95,101,121],"class_list":{"0":"post-1140","1":"product","2":"type-product","3":"status-publish","4":"has-post-thumbnail","6":"brand-garden-of-life","7":"product_cat-mineralai","8":"product_cat-siamsezonui","9":"product_tag-imunitetui","10":"product_tag-puikiai-isvaizdai","11":"product_tag-ramiam-miegui","12":"product_tag-zvilgantiems-plaukams","14":"first","15":"instock","16":"sale","17":"taxable","18":"shipping-taxable","19":"purchasable","20":"product-type-simple"},"acf":[],"_links":{"self":[{"href":"https:\/\/findvit.com\/et\/wp-json\/wp\/v2\/product\/1140","targetHints":{"allow":["GET"]}}],"collection":[{"href":"https:\/\/findvit.com\/et\/wp-json\/wp\/v2\/product"}],"about":[{"href":"https:\/\/findvit.com\/et\/wp-json\/wp\/v2\/types\/product"}],"replies":[{"embeddable":true,"href":"https:\/\/findvit.com\/et\/wp-json\/wp\/v2\/comments?post=1140"}],"version-history":[{"count":23,"href":"https:\/\/findvit.com\/et\/wp-json\/wp\/v2\/product\/1140\/revisions"}],"predecessor-version":[{"id":18968,"href":"https:\/\/findvit.com\/et\/wp-json\/wp\/v2\/product\/1140\/revisions\/18968"}],"wp:featuredmedia":[{"embeddable":true,"href":"https:\/\/findvit.com\/et\/wp-json\/wp\/v2\/media\/2700"}],"wp:attachment":[{"href":"https:\/\/findvit.com\/et\/wp-json\/wp\/v2\/media?parent=1140"}],"wp:term":[{"taxonomy":"brand","embeddable":true,"href":"https:\/\/findvit.com\/et\/wp-json\/wp\/v2\/etheme_brands?post=1140"},{"taxonomy":"product_brand","embeddable":true,"href":"https:\/\/findvit.com\/et\/wp-json\/wp\/v2\/product_brand?post=1140"},{"taxonomy":"product_cat","embeddable":true,"href":"https:\/\/findvit.com\/et\/wp-json\/wp\/v2\/product_cat?post=1140"},{"taxonomy":"product_tag","embeddable":true,"href":"https:\/\/findvit.com\/et\/wp-json\/wp\/v2\/product_tag?post=1140"}],"curies":[{"name":"wp","href":"https:\/\/api.w.org\/{rel}","templated":true}]}}