{"id":12510,"date":"2023-04-05T08:18:39","date_gmt":"2023-04-05T05:18:39","guid":{"rendered":"https:\/\/findvit.com\/?post_type=product&#038;p=12510"},"modified":"2026-02-27T16:23:23","modified_gmt":"2026-02-27T14:23:23","slug":"kiki-health-chlorofilas-skystas-chlorofilas-koncentratas-125-ml","status":"publish","type":"product","link":"https:\/\/findvit.com\/et\/produktas\/kiki-health-chlorofilas-skystas-chlorofilas-koncentratas-125-ml\/","title":{"rendered":"Kiki Health Detoksikuojantis chlorofilas, skystas koncentratas, 125 ml"},"content":{"rendered":"<div data-elementor-type=\"product-post\" data-elementor-id=\"12510\" class=\"elementor elementor-12510\" data-elementor-post-type=\"product\">\n\t\t\t\t\t\t<section class=\"elementor-section elementor-top-section elementor-element elementor-element-1374618 elementor-section-boxed elementor-section-height-default elementor-section-height-default\" data-id=\"1374618\" data-element_type=\"section\">\n\t\t\t\t\t\t<div class=\"elementor-container elementor-column-gap-default\">\n\t\t\t\t\t<div class=\"elementor-column elementor-col-100 elementor-top-column elementor-element elementor-element-65d24b2b\" data-id=\"65d24b2b\" data-element_type=\"column\">\n\t\t\t<div class=\"elementor-widget-wrap elementor-element-populated\">\n\t\t\t\t\t\t<div class=\"elementor-element elementor-element-310930d1 elementor-absolute elementor-hidden-mobile elementor-invisible elementor-widget elementor-widget-image\" data-id=\"310930d1\" data-element_type=\"widget\" data-settings=\"{&quot;motion_fx_motion_fx_scrolling&quot;:&quot;yes&quot;,&quot;motion_fx_rotateZ_effect&quot;:&quot;yes&quot;,&quot;motion_fx_rotateZ_speed&quot;:{&quot;unit&quot;:&quot;px&quot;,&quot;size&quot;:5,&quot;sizes&quot;:[]},&quot;motion_fx_range&quot;:&quot;viewport&quot;,&quot;_animation&quot;:&quot;fadeIn&quot;,&quot;_position&quot;:&quot;absolute&quot;,&quot;motion_fx_rotateZ_affectedRange&quot;:{&quot;unit&quot;:&quot;%&quot;,&quot;size&quot;:&quot;&quot;,&quot;sizes&quot;:{&quot;start&quot;:0,&quot;end&quot;:100}},&quot;motion_fx_devices&quot;:[&quot;desktop&quot;,&quot;tablet&quot;,&quot;mobile&quot;]}\" data-widget_type=\"image.default\">\n\t\t\t\t<div class=\"elementor-widget-container\">\n\t\t\t\t\t\t\t\t\t\t\t\t\t\t\t<img loading=\"lazy\" decoding=\"async\" width=\"200\" height=\"200\" src=\"https:\/\/findvit.com\/wp-content\/uploads\/2021\/09\/ratukas.svg\" class=\"attachment-full size-full wp-image-1777\" alt=\"Ratas ankeedist vitamiinini\" \/>\t\t\t\t\t\t\t\t\t\t\t\t\t\t\t<\/div>\n\t\t\t\t<\/div>\n\t\t\t\t\t<\/div>\n\t\t<\/div>\n\t\t\t\t\t<\/div>\n\t\t<\/section>\n\t\t\t\t<section class=\"elementor-section elementor-top-section elementor-element elementor-element-1c9d2c0 elementor-section-boxed elementor-section-height-default elementor-section-height-default\" data-id=\"1c9d2c0\" data-element_type=\"section\">\n\t\t\t\t\t\t<div class=\"elementor-container elementor-column-gap-no\">\n\t\t\t\t\t<div class=\"elementor-column elementor-col-50 elementor-top-column elementor-element elementor-element-1c2641ec\" data-id=\"1c2641ec\" data-element_type=\"column\">\n\t\t\t<div class=\"elementor-widget-wrap elementor-element-populated\">\n\t\t\t\t\t\t<div class=\"elementor-element elementor-element-47a60f12 elementor-widget elementor-widget-heading\" data-id=\"47a60f12\" data-element_type=\"widget\" data-widget_type=\"heading.default\">\n\t\t\t\t<div class=\"elementor-widget-container\">\n\t\t\t\t\t<h2 class=\"elementor-heading-title elementor-size-medium\">KIKI Health kontsentreeritud klorof\u00fcll, 125 ml<\/h2>\t\t\t\t<\/div>\n\t\t\t\t<\/div>\n\t\t\t\t<div class=\"elementor-element elementor-element-32fe367e elementor-widget elementor-widget-text-editor\" data-id=\"32fe367e\" data-element_type=\"widget\" data-widget_type=\"text-editor.default\">\n\t\t\t\t<div class=\"elementor-widget-container\">\n\t\t\t\t\t\t\t\t\t<p>Tutvustame esmaklassilist vedelat klorof\u00fclli, \u00fclimat taimset toidulisandit eneseteadlikule!<\/p><h3><strong>V\u00d5IMAS\u00a0<\/strong><\/h3><p>Kasutades puhast lutserni taimeekstrakti, annab see uskumatu taimep\u00f5hine vedelik kuni 100 mg klorof\u00fclli ekstrakti 15 ml portsjoni kohta.<\/p><p>Oluliste toitainete poolest rikkal klorof\u00fcllil on palju eeliseid ja see peaks sisalduma teie igap\u00e4evaelus.<\/p><h3><strong>100 % LOODUSLIKUD MATERJALID<\/strong><\/h3><p>S\u00e4ilitusainete, kunstlike v\u00e4rvainete ja GMO-de vaba KIKI Health Liquid Chlorophyll on suurep\u00e4rane valik veganitele, taimetoitlastele ja k\u00f5igile, kes soovivad nautida looduse parimat. I<span style=\"color: var( --e-global-color-text ); font-family: var( --e-global-typography-text-font-family ), Sans-serif; font-size: var( --e-global-typography-text-font-size ); font-weight: var( --e-global-typography-text-font-weight ); background-color: var(--et_container-bg-color, transparent);\">toitev\u00e4\u00e4rtus ja loomulik maitse.<\/span><\/p><p>Klorof\u00fcll on taimede ja vetikate rohelise v\u00e4rvuse taga olev eluj\u00f5ud ning sellel on \u00fclioluline roll p\u00e4ikesevalguse energiaks muutmisel fotos\u00fcnteesi k\u00e4igus.<\/p><p><strong>Loomulik<\/strong>, sest ilma gluteenita, soja, p\u00e4rm, laktoosi, munad ja nisu.<\/p><h3><b>KIIRE TEGUTSEMINE<\/b><\/h3><p>KIKI Healthi klorof\u00fclli bio-selge vedel valem tagab optimaalse imendumise, et saaksite kogeda selle erakordse pigmendi t\u00e4it v\u00f5imsust.<\/p><p>See klorof\u00fcll pole mitte ainult puhas ja tugev, vaid seda on ka uskumatult lihtne kasutada. T\u00e4nu lihtsale valamisvormile ei pea te kunagi muretsema selle v\u00e4\u00e4rtusliku rohelise vedeliku tilgakese raiskamise p\u00e4rast. Lisage see lihtsalt oma lemmikjoogile v\u00f5i isegi maitsvale kokteilile ja nautige selle loodusime eeliseid.<\/p><h3><b>KVALITEET GARANTEERITUD<\/b><\/h3><div>Iga klorof\u00fclli partii testitakse raskmetallide, bakterite arvu, pestitsiidide, mikroobide arvu, k\u00f5lblikkusaja ja kvaliteedi suhtes.<b><br \/><\/b><\/div><p>Vedel klorof\u00fcll ekstraheeritakse ainult\u00a0<strong>kvaliteetne lutsern<\/strong> ja segatud puhastatud veega, et luua taimne, bioloogiliselt aktiivne vedelik.<\/p><h3><strong>TOETAB LOODUSLIKKU PUHASTAMIST<\/strong><\/h3><p>Klorof\u00fclli peetakse looduslikuks antioks\u00fcdantide allikaks. Sageli nimetatakse seda looduslikuks deodorandiks.<\/p><p>Vedel klorof\u00fcll on <strong>t\u00e4iesti loomulik<\/strong> taimne vedelik, mis kasutab klorof\u00fclli taimset j\u00f5udu ja palju olulisi toitaineid.<\/p><h3><b>KLOROF\u00dcLL ON V\u00c4\u00c4RTUSLIK<\/b><\/h3><p>Klorof\u00fcll, nn <strong>&quot;taime veri&quot;<\/strong>, on taimede ja vetikate poolt looduslikult toodetud pigment, andes neile kauni rohelise v\u00e4rvi.<\/p><p>Molekulaarsel tasemel on klorof\u00fcll peaaegu <strong>identne hemoglobiiniga<\/strong> \u2013 hapnikukandjale meie veres.<\/p><p>Klorof\u00fcll on <strong>netot\u00f6\u00f6tav elektrijaam<\/strong>, sest see vastab sisemise heaolu kolmele p\u00f5hin\u00f5udele,\u00a0<\/p><h3><strong>OLE ETTEVAATLIK<\/strong><\/h3><p><strong>Paljudes<\/strong> vedelad klorof\u00fcllilisandid sisaldavad klorof\u00fclliini, mida saadakse naatriumvase sooladest, seega on need pools\u00fcnteetilised, mille valmistamine on odavam ja s\u00e4ilib kauem. Need sisaldavad ka l\u00f5hnaaineid ja gl\u00fctseriini puhta 100 % klorof\u00fclli asemel. Need tooted ei ole samad, mis puhas lisanditeta vedel klorof\u00fcll.<\/p><h3><b>V\u00d5IB OLLA<\/b><\/h3><p>Maailmas, kus tervis on esmat\u00e4htis, paistab KIKI klorof\u00fcll silma usaldusv\u00e4\u00e4rse taimse toiduallikana. Miks siis oodata? Kogege t\u00f5eliselt rohelise elustiili erinevust meie esmaklassilise vedela klorof\u00fclliga juba t\u00e4na!<\/p>\t\t\t\t\t\t\t\t<\/div>\n\t\t\t\t<\/div>\n\t\t\t\t\t<\/div>\n\t\t<\/div>\n\t\t\t\t<div class=\"elementor-column elementor-col-50 elementor-top-column elementor-element elementor-element-15f5dfaa\" data-id=\"15f5dfaa\" data-element_type=\"column\">\n\t\t\t<div class=\"elementor-widget-wrap elementor-element-populated\">\n\t\t\t\t\t\t<div class=\"elementor-element elementor-element-434ce479 elementor-widget elementor-widget-image\" data-id=\"434ce479\" data-element_type=\"widget\" data-widget_type=\"image.default\">\n\t\t\t\t<div class=\"elementor-widget-container\">\n\t\t\t\t\t\t\t\t\t\t\t\t\t\t\t<img loading=\"lazy\" decoding=\"async\" width=\"600\" height=\"600\" src=\"https:\/\/findvit.com\/wp-content\/uploads\/2023\/03\/chlorofilas-stiklineje-600x600.jpg\" class=\"attachment-medium size-medium wp-image-11902\" alt=\"Klorof\u00fcll klaasist kollaa\u017eis\" srcset=\"https:\/\/findvit.com\/wp-content\/uploads\/2023\/03\/chlorofilas-stiklineje-600x600.jpg 600w, https:\/\/findvit.com\/wp-content\/uploads\/2023\/03\/chlorofilas-stiklineje-900x900.jpg 900w, https:\/\/findvit.com\/wp-content\/uploads\/2023\/03\/chlorofilas-stiklineje-150x150.jpg 150w, https:\/\/findvit.com\/wp-content\/uploads\/2023\/03\/chlorofilas-stiklineje-768x768.jpg 768w, https:\/\/findvit.com\/wp-content\/uploads\/2023\/03\/chlorofilas-stiklineje-400x400.jpg 400w, https:\/\/findvit.com\/wp-content\/uploads\/2023\/03\/chlorofilas-stiklineje-100x100.jpg 100w, https:\/\/findvit.com\/wp-content\/uploads\/2023\/03\/chlorofilas-stiklineje-1x1.jpg 1w, https:\/\/findvit.com\/wp-content\/uploads\/2023\/03\/chlorofilas-stiklineje-10x10.jpg 10w, https:\/\/findvit.com\/wp-content\/uploads\/2023\/03\/chlorofilas-stiklineje.jpg 1000w\" sizes=\"auto, (max-width: 600px) 100vw, 600px\" \/>\t\t\t\t\t\t\t\t\t\t\t\t\t\t\t<\/div>\n\t\t\t\t<\/div>\n\t\t\t\t\t<\/div>\n\t\t<\/div>\n\t\t\t\t\t<\/div>\n\t\t<\/section>\n\t\t\t\t<\/div>","protected":false},"excerpt":{"rendered":"<p>Kiki Healthi vedel klorof\u00fcll on looduslik kontsentreeritud taimne toidulisand. Selles on isegi 100 mg klorof\u00fclli ekstrakti portsjoni kohta. See vedel klorof\u00fcll on puhas ja bioloogiliselt selge. Suurep\u00e4rane imendumine ja 100 % orgaaniline ja puhas. Nautige looduse ime eeliseid!<\/p>","protected":false},"featured_media":23281,"comment_status":"open","ping_status":"closed","template":"","meta":{"_acf_changed":false,"inline_featured_image":false},"etheme_brands":[{"term_id":28,"name":"Kiki Health","slug":"kiki-health","term_group":0,"term_taxonomy_id":28,"taxonomy":"brand","description":"<h2><a href=\"https:\/\/kiki-health.com\/about-us\/\" target=\"_blank\" rel=\"noopener\"><strong>KIKI Health<\/strong><\/a><\/h2>\r\nKIKI yra prek\u0117s \u017eenklas, kuriantis novatori\u0161kus maisto papildus.\r\n\r\nKIKI yra pripa\u017eintas ir gerbiamas, kaip sveikos gyvensenos produkt\u0173 ir individualumo bei meistri\u0161kumo standartas.\r\n\r\nKIKI gim\u0117 i\u0161 noro skatinti optimali\u0105 sveikat\u0105 ir gerov\u0119, m\u016bs\u0173 tikslas ir aistra yra \u012fsigyti auk\u0161\u010diausios kokyb\u0117s, grynumo produktus i\u0161 viso pasaulio, kurie pad\u0117t\u0173 gro\u017eiui ir sveikatai.\r\n\r\nNuo pat prad\u017ei\u0173 ir iki \u0161iol KIKI Health niekada nedaro kompromis\u0173 ir nededa pried\u0173 bei naudoja prastesni\u0173 ingredient\u0173 - tik nat\u016bralios 100% veikliosios med\u017eiagos.\r\n\r\nhttps:\/\/youtu.be\/irT0ZUOzBac?t=45\r\n<h3><strong>Nat\u016braliai turtingi <\/strong><strong>vitaminais, mineralais ir b\u016btinomis\u00a0 veikliosiomis med\u017eiagomis<\/strong><\/h3>\r\nDaugelis \"KIKI Health\" produkt\u0173 turintys augalini\u0173 ir maistini\u0173 med\u017eiag\u0173\u00a0 yra sertifikuoti, kaip ekologi\u0161ki.\r\n\r\nI\u0161naudodami stiprias augalin\u0117s kilm\u0117s, nat\u016brali\u0173 ingredient\u0173 galias, kupinas esmini\u0173 augal\u0173 veikli\u0173j\u0173 med\u017eiag\u0173, vitamin\u0173 ir mineral\u0173, kad suteikt\u0173 smegenims, odai ir k\u016bnui neprilygstam\u0105 pagalb\u0105.\r\n\r\nKIKI Health tikslas yra u\u017etikrinti, kad mi\u0161iniuose neb\u016bt\u0173 sintetikos, konservant\u0173, u\u017epild\u0173 ir ri\u0161ikli\u0173, u\u017etikrinant, kad ir toliau gamint\u0173 veiksmingus, \u0161varius ir saugius papildus.\r\n\r\nPagaminta Jungtin\u0117je Karalyst\u0117je i\u0161 \u0161vari\u0173 ir tvari\u0173 ingredient\u0173.\r\n<h3><strong>Atsakingumas<\/strong><\/h3>\r\nU\u017etikrindami, kad produktai b\u016bt\u0173 atsakingai u\u017eauginti, ne tik r\u016bpinamasi aplinka, bet ir garantuojama produkto kokyb\u0119. KIKI Healt specialistai keliauja po pasaul\u012f ie\u0161kodami ekologi\u0161k\u0173, eti\u0161kai gaut\u0173 ingredient\u0173, pasi\u017eymin\u010di\u0173 geresne maistine verte, kartu pad\u0117dami vietos bendruomen\u0117ms klest\u0117ti. Maisto gamybos b\u016bdas yra labai svarbus daugeliui vartotoj\u0173, ir tai kelia susir\u016bpinim\u0105, kur\u012f mes dalijam\u0117s.\r\n<h3><strong>Minimalus apdorojimas<\/strong><\/h3>\r\nNor\u0117dami pasiekti optimal\u0173 biologin\u012f prieinamum\u0105, stengiamasi, kad ingredientai b\u016bt\u0173 kuo ar\u010diau j\u0173 nat\u016bralios b\u016bkl\u0117s. Laikomasi minimalaus perdirbimo ir kontroliuojama temperat\u016bros, i\u0161kart po derliaus nu\u0117mimo, kad b\u016bt\u0173 i\u0161laikoma visa nauda sveikatai ir gyvybi\u0161kai svarbios maistin\u0117s med\u017eiagos.\r\n\r\n<strong>Produktuose n\u0117ra<\/strong>: sintetikos, dirbtini\u0173 da\u017eikli\u0173 ir kvapi\u0173j\u0173 med\u017eiag\u0173, u\u017epild\u0173, ri\u0161ikli\u0173, dengimo med\u017eiag\u0173, lipnum\u0105 reguliuojan\u010di\u0173 med\u017eiag\u0173, cukr\u0173, glitimo, GMO, laktoz\u0117s, konservant\u0173, pagalbini\u0173 med\u017eiag\u0173.\r\n\r\nVisi ingredientai ir galutiniai produktai yra reguliariai tikrinami tre\u010diosios \u0161alies laboratorijoje. U\u017etikrinama, kad kiekviena partija b\u016bt\u0173 i\u0161bandyta d\u0117l sunki\u0173j\u0173 metal\u0173, mikroorganizm\u0173 ir pesticid\u0173 laikantis grie\u017et\u0173 kokyb\u0117s kontrol\u0117s s\u0105lyg\u0173, o rezultatai atitikt\u0173 ES ir JK ribinius reglamentus, \u012fskaitant ekologinio \u016bkininkavimo standartus.","parent":0,"count":28,"filter":"raw"}],"product_brand":[],"product_cat":[646,653,15],"product_tag":[656],"class_list":{"0":"post-12510","1":"product","2":"type-product","3":"status-publish","4":"has-post-thumbnail","6":"brand-kiki-health","7":"product_cat-papildai-moterims","8":"product_cat-papildai-detoksikacijai","9":"product_cat-produktai","10":"product_tag-moterims-detoksikacija","12":"first","13":"instock","14":"sale","15":"taxable","16":"shipping-taxable","17":"purchasable","18":"product-type-simple"},"acf":[],"_links":{"self":[{"href":"https:\/\/findvit.com\/et\/wp-json\/wp\/v2\/product\/12510","targetHints":{"allow":["GET"]}}],"collection":[{"href":"https:\/\/findvit.com\/et\/wp-json\/wp\/v2\/product"}],"about":[{"href":"https:\/\/findvit.com\/et\/wp-json\/wp\/v2\/types\/product"}],"replies":[{"embeddable":true,"href":"https:\/\/findvit.com\/et\/wp-json\/wp\/v2\/comments?post=12510"}],"version-history":[{"count":20,"href":"https:\/\/findvit.com\/et\/wp-json\/wp\/v2\/product\/12510\/revisions"}],"predecessor-version":[{"id":21254,"href":"https:\/\/findvit.com\/et\/wp-json\/wp\/v2\/product\/12510\/revisions\/21254"}],"wp:featuredmedia":[{"embeddable":true,"href":"https:\/\/findvit.com\/et\/wp-json\/wp\/v2\/media\/23281"}],"wp:attachment":[{"href":"https:\/\/findvit.com\/et\/wp-json\/wp\/v2\/media?parent=12510"}],"wp:term":[{"taxonomy":"brand","embeddable":true,"href":"https:\/\/findvit.com\/et\/wp-json\/wp\/v2\/etheme_brands?post=12510"},{"taxonomy":"product_brand","embeddable":true,"href":"https:\/\/findvit.com\/et\/wp-json\/wp\/v2\/product_brand?post=12510"},{"taxonomy":"product_cat","embeddable":true,"href":"https:\/\/findvit.com\/et\/wp-json\/wp\/v2\/product_cat?post=12510"},{"taxonomy":"product_tag","embeddable":true,"href":"https:\/\/findvit.com\/et\/wp-json\/wp\/v2\/product_tag?post=12510"}],"curies":[{"name":"wp","href":"https:\/\/api.w.org\/{rel}","templated":true}]}}