{"id":12788,"date":"2023-04-24T11:17:54","date_gmt":"2023-04-24T08:17:54","guid":{"rendered":"https:\/\/findvit.com\/?post_type=product&#038;p=12788"},"modified":"2024-10-17T12:45:11","modified_gmt":"2024-10-17T09:45:11","slug":"kiki-health-zeolite-ceolitas-zarnynui-su-aktyvuota-anglimi-kapsules-100-vnt","status":"publish","type":"product","link":"https:\/\/findvit.com\/et\/produktas\/kiki-health-zeolite-ceolitas-zarnynui-su-aktyvuota-anglimi-kapsules-100-vnt\/","title":{"rendered":"KIKI HEALTH Zeoliit \u2013 soolte tseoliit aktiivs\u00f6ega, kapslid 100 tk."},"content":{"rendered":"\t\t<div data-elementor-type=\"product-post\" data-elementor-id=\"12788\" class=\"elementor elementor-12788\" data-elementor-post-type=\"product\">\n\t\t\t\t\t\t<section class=\"elementor-section elementor-top-section elementor-element elementor-element-697b9d0e elementor-section-boxed elementor-section-height-default elementor-section-height-default\" data-id=\"697b9d0e\" data-element_type=\"section\" data-e-type=\"section\">\n\t\t\t\t\t\t<div class=\"elementor-container elementor-column-gap-default\">\n\t\t\t\t\t<div class=\"elementor-column elementor-col-100 elementor-top-column elementor-element elementor-element-20e74427\" data-id=\"20e74427\" data-element_type=\"column\" data-e-type=\"column\">\n\t\t\t<div class=\"elementor-widget-wrap elementor-element-populated\">\n\t\t\t\t\t\t<div class=\"elementor-element elementor-element-5fb87e4e elementor-absolute elementor-hidden-mobile elementor-invisible elementor-widget elementor-widget-image\" data-id=\"5fb87e4e\" data-element_type=\"widget\" data-e-type=\"widget\" data-settings=\"{&quot;motion_fx_motion_fx_scrolling&quot;:&quot;yes&quot;,&quot;motion_fx_rotateZ_effect&quot;:&quot;yes&quot;,&quot;motion_fx_rotateZ_speed&quot;:{&quot;unit&quot;:&quot;px&quot;,&quot;size&quot;:5,&quot;sizes&quot;:[]},&quot;motion_fx_range&quot;:&quot;viewport&quot;,&quot;_animation&quot;:&quot;fadeIn&quot;,&quot;_position&quot;:&quot;absolute&quot;,&quot;motion_fx_rotateZ_affectedRange&quot;:{&quot;unit&quot;:&quot;%&quot;,&quot;size&quot;:&quot;&quot;,&quot;sizes&quot;:{&quot;start&quot;:0,&quot;end&quot;:100}},&quot;motion_fx_devices&quot;:[&quot;desktop&quot;,&quot;tablet&quot;,&quot;mobile&quot;]}\" data-widget_type=\"image.default\">\n\t\t\t\t<div class=\"elementor-widget-container\">\n\t\t\t\t\t\t\t\t\t\t\t\t\t\t\t<img loading=\"lazy\" loading=\"lazy\" decoding=\"async\" width=\"200\" height=\"200\" src=\"https:\/\/findvit.com\/wp-content\/uploads\/2021\/09\/ratukas.svg\" class=\"attachment-full size-full wp-image-1777\" alt=\"Ratukas nuo klausimyno iki vitamino\" \/>\t\t\t\t\t\t\t\t\t\t\t\t\t\t\t<\/div>\n\t\t\t\t<\/div>\n\t\t\t\t\t<\/div>\n\t\t<\/div>\n\t\t\t\t\t<\/div>\n\t\t<\/section>\n\t\t\t\t<section class=\"elementor-section elementor-top-section elementor-element elementor-element-600cef05 elementor-section-boxed elementor-section-height-default elementor-section-height-default\" data-id=\"600cef05\" data-element_type=\"section\" data-e-type=\"section\">\n\t\t\t\t\t\t<div class=\"elementor-container elementor-column-gap-no\">\n\t\t\t\t\t<div class=\"elementor-column elementor-col-50 elementor-top-column elementor-element elementor-element-48f92489\" data-id=\"48f92489\" data-element_type=\"column\" data-e-type=\"column\">\n\t\t\t<div class=\"elementor-widget-wrap elementor-element-populated\">\n\t\t\t\t\t\t<div class=\"elementor-element elementor-element-705cac9d elementor-widget elementor-widget-heading\" data-id=\"705cac9d\" data-element_type=\"widget\" data-e-type=\"widget\" data-widget_type=\"heading.default\">\n\t\t\t\t<div class=\"elementor-widget-container\">\n\t\t\t\t\t<h2 class=\"elementor-heading-title elementor-size-default\">KIKI HEALTH Zeolite &#8211; ceolitas \u017earnynui su aktyvuota anglimi, kapsul\u0117s 100 vnt.<\/h2>\t\t\t\t<\/div>\n\t\t\t\t<\/div>\n\t\t\t\t<div class=\"elementor-element elementor-element-40981e23 elementor-widget elementor-widget-text-editor\" data-id=\"40981e23\" data-element_type=\"widget\" data-e-type=\"widget\" data-widget_type=\"text-editor.default\">\n\t\t\t\t<div class=\"elementor-widget-container\">\n\t\t\t\t\t\t\t\t\t<p>Unikalus maisto papildas ceolitas su aktyvuota anglimi &#8211; 100 vegetari\u0161kos kapsul\u0117s<\/p><h3><strong>Puikus derinys<\/strong><\/h3><p>Kartu \u0161ie ingredientai veikia sinergi\u0161kai ir u\u017etikrina veiksming\u0105 ir nat\u016bral\u0173 b\u016bd\u0105 reguliuoti.\u00a0<\/p><p>Ar pavargote nuo pilvo p\u016btimo ir nemalonaus jausmo po valgio?<\/p><h3><strong>Nat\u016bralu ir veiksminga<\/strong><\/h3><p>Ceolitas yra nat\u016braliai vulkanin\u0117s kilm\u0117s mineralas, susidar\u0119s Piet\u0173 Eg\u0117jo j\u016bros vulkaninio lanko regione Turkijoje &#8211; jis susiformavo prie\u0161 milijonus met\u0173, kai i\u0161siver\u017e\u0117 stipr\u016bs ugnikalniai ir i\u0161skyr\u0117 daug \u0161armin\u0117s \u017eem\u0117s vulkanini\u0173 pelen\u0173.<\/p><p>Dalis pelen\u0173 nus\u0117do ir suformavo storus pelen\u0173 klodus, ta\u010diau da\u017eniausiai pelenai patekdavo \u012f j\u016br\u0105 ir e\u017eerus.<\/p><p>Jei e\u017eero chemin\u0117 sud\u0117tis yra tinkama, vykstant cheminei vulkanini\u0173 dulki\u0173 (pelen\u0173) ir vandens reakcijai susidaro nat\u016bral\u016bs ceolitai &#8211; mink\u0161tos, tvarkingos vidin\u0117s strukt\u016bros uolienos.<\/p><h3><strong>Galingas sorbentas<\/strong><\/h3><p>Ceolitas yra mineralas, kurio strukt\u016bra pana\u0161i \u012f narvel\u012f, kuris galintis sulaikyti jame esan\u010dias molekules d\u0117l to, kad jo dalel\u0117s yra labai mikroninio dyd\u017eio (ma\u017eiau nei 25 mikronai).<\/p><p>KIKI Health ceolitas yra nat\u016bralus produktas i\u0161 nat\u016bralaus mineralo ceolito; jis gali kaip kempin\u0117 \u012fg\u0119rti esan\u010dius ter\u0161alus ir toksinus ir nat\u016braliai juos i\u0161traukti.<\/p><h3><strong>Patogu vartoti<\/strong><\/h3><p>Kasdieniam vartojimui rekomenduojama i\u0161gerti su stikline vandens. \u0160is milteli\u0173 papildas yra suspaustas \u012f vegetari\u0161kas ir veganams <strong>tinkamas<\/strong> hipromelioz\u0117s kapsules.<\/p><p>Produktas yra <strong>nat\u016bralus<\/strong> be glitimo ir kvie\u010di\u0173, be dirbtini\u0173 spalv\u0173, konservant\u0173, saldikli\u0173 ar u\u017epild\u0173.<\/p><p>Nesuvir\u0161kinamas ceolitas lengvai pasi\u0161alina su i\u0161matomis per \u017earnyn\u0105, neapsunkindamas med\u017eiag\u0173 apykaitos.<\/p><h3><strong>\u012evertinta kokyb\u0117<\/strong><\/h3><p>Zeolitas su aktyvuota anglimi i\u0161siskiria tuo, kad jo sud\u0117tyje yra auk\u0161tos kokyb\u0117s ingredient\u0173. Ceolito milteliai yra nat\u016bralus mineralas, kuris veikia kaip labai efektyvus absorbentas, absorbuojantis toksin\u0173 ir ter\u0161al\u0173 kiek\u012f.\u00a0<\/p><p>Siekdami dar labiau sustiprinti jo naud\u0105, sumai\u0161\u0117me j\u012f su aktyvuotos med\u017eio anglies milteliais, pagamintais i\u0161 kokos\u0173 luk\u0161t\u0173.<\/p><p>\u0160is galingas priedas pasi\u017eymi ne\u012ftik\u0117tinomis savyb\u0117mis, tod\u0117l m\u016bs\u0173 zeolitas su aktyvuota med\u017eio anglimi yra puikus pasirinkimas ie\u0161kantiems nat\u016bralaus sprendimo vir\u0161kinimui.<\/p><h3><strong>STOP viduri\u0173 p\u016btimui<\/strong><\/h3><p>Neleiskite, kad pernelyg didelis viduri\u0173 p\u016btimas ir susikaupusios \u017earnyno dujos jus stabdyt\u0173.<\/p><p>KIKI Health Zeolite su aktyvuota anglimi yra ne tik efektyvus, bet ir patogus vartoti.<\/p><h3><strong>Precizi\u0161kas gamintojas<\/strong><\/h3><p>Gamintojas KIKI Health yra gerai \u017einomas d\u0117l savo auk\u0161tos kokyb\u0117s supermaisto ir papild\u0173, o \u0161is produktas yra vienas i\u0161 j\u0173 geriausi\u0173 pavyzd\u017ei\u0173. Su KIKI Health Zeolite su aktyvuota anglimi galite pasitik\u0117ti, kad gaunate auk\u0161\u010diausios<\/p><p>I\u0161bandykite &#8222;Zeolite with Activated Charcoal &#8211; 100 Vegicaps&#8221; jau \u0161iandien ir patirkite poveik\u012f.<\/p>\t\t\t\t\t\t\t\t<\/div>\n\t\t\t\t<\/div>\n\t\t\t\t\t<\/div>\n\t\t<\/div>\n\t\t\t\t<div class=\"elementor-column elementor-col-50 elementor-top-column elementor-element elementor-element-4dd6c130\" data-id=\"4dd6c130\" data-element_type=\"column\" data-e-type=\"column\">\n\t\t\t<div class=\"elementor-widget-wrap elementor-element-populated\">\n\t\t\t\t\t\t<div class=\"elementor-element elementor-element-7314983a elementor-widget elementor-widget-image\" data-id=\"7314983a\" data-element_type=\"widget\" data-e-type=\"widget\" data-widget_type=\"image.default\">\n\t\t\t\t<div class=\"elementor-widget-container\">\n\t\t\t\t\t\t\t\t\t\t\t\t\t\t\t<img loading=\"lazy\" loading=\"lazy\" decoding=\"async\" width=\"900\" height=\"900\" src=\"https:\/\/findvit.com\/wp-content\/uploads\/2023\/04\/zeolite-900x900.jpg\" class=\"attachment-large size-large wp-image-12813\" alt=\"zeolitas gamtoje\" srcset=\"https:\/\/findvit.com\/wp-content\/uploads\/2023\/04\/zeolite-900x900.jpg 900w, https:\/\/findvit.com\/wp-content\/uploads\/2023\/04\/zeolite-600x600.jpg 600w, https:\/\/findvit.com\/wp-content\/uploads\/2023\/04\/zeolite-150x150.jpg 150w, https:\/\/findvit.com\/wp-content\/uploads\/2023\/04\/zeolite-768x768.jpg 768w, https:\/\/findvit.com\/wp-content\/uploads\/2023\/04\/zeolite-400x400.jpg 400w, https:\/\/findvit.com\/wp-content\/uploads\/2023\/04\/zeolite-100x100.jpg 100w, https:\/\/findvit.com\/wp-content\/uploads\/2023\/04\/zeolite-1x1.jpg 1w, https:\/\/findvit.com\/wp-content\/uploads\/2023\/04\/zeolite-10x10.jpg 10w, https:\/\/findvit.com\/wp-content\/uploads\/2023\/04\/zeolite.jpg 1000w\" sizes=\"auto, (max-width: 900px) 100vw, 900px\" \/>\t\t\t\t\t\t\t\t\t\t\t\t\t\t\t<\/div>\n\t\t\t\t<\/div>\n\t\t\t\t\t<\/div>\n\t\t<\/div>\n\t\t\t\t\t<\/div>\n\t\t<\/section>\n\t\t\t\t<\/div>\n\t\t","protected":false},"excerpt":{"rendered":"<p>Aktiivs\u00f6ega tseoliit on ainulaadne toidulisand, mis on hoolikalt valmistatud puhtast tseoliit-klinoptilotiidist, T\u00fcrgi Egeuse mere piirkonnast p\u00e4rit looduslikult esinevast vulkaanilisest mineraalist ja hoolikalt valmistatud aktiivs\u00f6e pulbrist. Tseoliit on looduslik sorbent. Lihtne kasutada, isegi 100 vegankapslit.<\/p>","protected":false},"featured_media":14258,"comment_status":"open","ping_status":"closed","template":"","meta":{"_acf_changed":false,"inline_featured_image":false},"etheme_brands":[{"term_id":28,"name":"Kiki Health","slug":"kiki-health","term_group":0,"term_taxonomy_id":28,"taxonomy":"brand","description":"<h2><a href=\"https:\/\/kiki-health.com\/about-us\/\" target=\"_blank\" rel=\"noopener\"><strong>KIKI Health<\/strong><\/a><\/h2>\r\nKIKI yra prek\u0117s \u017eenklas, kuriantis novatori\u0161kus maisto papildus.\r\n\r\nKIKI yra pripa\u017eintas ir gerbiamas, kaip sveikos gyvensenos produkt\u0173 ir individualumo bei meistri\u0161kumo standartas.\r\n\r\nKIKI gim\u0117 i\u0161 noro skatinti optimali\u0105 sveikat\u0105 ir gerov\u0119, m\u016bs\u0173 tikslas ir aistra yra \u012fsigyti auk\u0161\u010diausios kokyb\u0117s, grynumo produktus i\u0161 viso pasaulio, kurie pad\u0117t\u0173 gro\u017eiui ir sveikatai.\r\n\r\nNuo pat prad\u017ei\u0173 ir iki \u0161iol KIKI Health niekada nedaro kompromis\u0173 ir nededa pried\u0173 bei naudoja prastesni\u0173 ingredient\u0173 - tik nat\u016bralios 100% veikliosios med\u017eiagos.\r\n\r\nhttps:\/\/youtu.be\/irT0ZUOzBac?t=45\r\n<h3><strong>Nat\u016braliai turtingi <\/strong><strong>vitaminais, mineralais ir b\u016btinomis\u00a0 veikliosiomis med\u017eiagomis<\/strong><\/h3>\r\nDaugelis \"KIKI Health\" produkt\u0173 turintys augalini\u0173 ir maistini\u0173 med\u017eiag\u0173\u00a0 yra sertifikuoti, kaip ekologi\u0161ki.\r\n\r\nI\u0161naudodami stiprias augalin\u0117s kilm\u0117s, nat\u016brali\u0173 ingredient\u0173 galias, kupinas esmini\u0173 augal\u0173 veikli\u0173j\u0173 med\u017eiag\u0173, vitamin\u0173 ir mineral\u0173, kad suteikt\u0173 smegenims, odai ir k\u016bnui neprilygstam\u0105 pagalb\u0105.\r\n\r\nKIKI Health tikslas yra u\u017etikrinti, kad mi\u0161iniuose neb\u016bt\u0173 sintetikos, konservant\u0173, u\u017epild\u0173 ir ri\u0161ikli\u0173, u\u017etikrinant, kad ir toliau gamint\u0173 veiksmingus, \u0161varius ir saugius papildus.\r\n\r\nPagaminta Jungtin\u0117je Karalyst\u0117je i\u0161 \u0161vari\u0173 ir tvari\u0173 ingredient\u0173.\r\n<h3><strong>Atsakingumas<\/strong><\/h3>\r\nU\u017etikrindami, kad produktai b\u016bt\u0173 atsakingai u\u017eauginti, ne tik r\u016bpinamasi aplinka, bet ir garantuojama produkto kokyb\u0119. KIKI Healt specialistai keliauja po pasaul\u012f ie\u0161kodami ekologi\u0161k\u0173, eti\u0161kai gaut\u0173 ingredient\u0173, pasi\u017eymin\u010di\u0173 geresne maistine verte, kartu pad\u0117dami vietos bendruomen\u0117ms klest\u0117ti. Maisto gamybos b\u016bdas yra labai svarbus daugeliui vartotoj\u0173, ir tai kelia susir\u016bpinim\u0105, kur\u012f mes dalijam\u0117s.\r\n<h3><strong>Minimalus apdorojimas<\/strong><\/h3>\r\nNor\u0117dami pasiekti optimal\u0173 biologin\u012f prieinamum\u0105, stengiamasi, kad ingredientai b\u016bt\u0173 kuo ar\u010diau j\u0173 nat\u016bralios b\u016bkl\u0117s. Laikomasi minimalaus perdirbimo ir kontroliuojama temperat\u016bros, i\u0161kart po derliaus nu\u0117mimo, kad b\u016bt\u0173 i\u0161laikoma visa nauda sveikatai ir gyvybi\u0161kai svarbios maistin\u0117s med\u017eiagos.\r\n\r\n<strong>Produktuose n\u0117ra<\/strong>: sintetikos, dirbtini\u0173 da\u017eikli\u0173 ir kvapi\u0173j\u0173 med\u017eiag\u0173, u\u017epild\u0173, ri\u0161ikli\u0173, dengimo med\u017eiag\u0173, lipnum\u0105 reguliuojan\u010di\u0173 med\u017eiag\u0173, cukr\u0173, glitimo, GMO, laktoz\u0117s, konservant\u0173, pagalbini\u0173 med\u017eiag\u0173.\r\n\r\nVisi ingredientai ir galutiniai produktai yra reguliariai tikrinami tre\u010diosios \u0161alies laboratorijoje. U\u017etikrinama, kad kiekviena partija b\u016bt\u0173 i\u0161bandyta d\u0117l sunki\u0173j\u0173 metal\u0173, mikroorganizm\u0173 ir pesticid\u0173 laikantis grie\u017et\u0173 kokyb\u0117s kontrol\u0117s s\u0105lyg\u0173, o rezultatai atitikt\u0173 ES ir JK ribinius reglamentus, \u012fskaitant ekologinio \u016bkininkavimo standartus.","parent":0,"count":28,"filter":"raw"}],"product_brand":[],"product_cat":[15],"product_tag":[126,122,97],"class_list":{"0":"post-12788","1":"product","2":"type-product","3":"status-publish","4":"has-post-thumbnail","6":"brand-kiki-health","7":"product_cat-produktai","8":"product_tag-greitam-virskinimui-ir-salinimui","9":"product_tag-jaunatviskai-odai","10":"product_tag-svorio-kontrolei","12":"first","13":"outofstock","14":"taxable","15":"shipping-taxable","16":"purchasable","17":"product-type-simple"},"acf":[],"_links":{"self":[{"href":"https:\/\/findvit.com\/et\/wp-json\/wp\/v2\/product\/12788","targetHints":{"allow":["GET"]}}],"collection":[{"href":"https:\/\/findvit.com\/et\/wp-json\/wp\/v2\/product"}],"about":[{"href":"https:\/\/findvit.com\/et\/wp-json\/wp\/v2\/types\/product"}],"replies":[{"embeddable":true,"href":"https:\/\/findvit.com\/et\/wp-json\/wp\/v2\/comments?post=12788"}],"version-history":[{"count":32,"href":"https:\/\/findvit.com\/et\/wp-json\/wp\/v2\/product\/12788\/revisions"}],"predecessor-version":[{"id":15950,"href":"https:\/\/findvit.com\/et\/wp-json\/wp\/v2\/product\/12788\/revisions\/15950"}],"wp:featuredmedia":[{"embeddable":true,"href":"https:\/\/findvit.com\/et\/wp-json\/wp\/v2\/media\/14258"}],"wp:attachment":[{"href":"https:\/\/findvit.com\/et\/wp-json\/wp\/v2\/media?parent=12788"}],"wp:term":[{"taxonomy":"brand","embeddable":true,"href":"https:\/\/findvit.com\/et\/wp-json\/wp\/v2\/etheme_brands?post=12788"},{"taxonomy":"product_brand","embeddable":true,"href":"https:\/\/findvit.com\/et\/wp-json\/wp\/v2\/product_brand?post=12788"},{"taxonomy":"product_cat","embeddable":true,"href":"https:\/\/findvit.com\/et\/wp-json\/wp\/v2\/product_cat?post=12788"},{"taxonomy":"product_tag","embeddable":true,"href":"https:\/\/findvit.com\/et\/wp-json\/wp\/v2\/product_tag?post=12788"}],"curies":[{"name":"wp","href":"https:\/\/api.w.org\/{rel}","templated":true}]}}