{"id":14600,"date":"2023-08-24T13:55:00","date_gmt":"2023-08-24T10:55:00","guid":{"rendered":"https:\/\/findvit.com\/?post_type=product&#038;p=14600"},"modified":"2024-12-17T17:31:06","modified_gmt":"2024-12-17T15:31:06","slug":"skystas-magnis-kalcis-su-cinkas-ir-vitaminu-d3-473-ml","status":"publish","type":"product","link":"https:\/\/findvit.com\/et\/produktas\/skystas-magnis-kalcis-su-cinkas-ir-vitaminu-d3-473-ml\/","title":{"rendered":"Vedel magneesium, kaltsium tsingi ja D3-vitamiiniga, 473 ml"},"content":{"rendered":"<div data-elementor-type=\"product-post\" data-elementor-id=\"14600\" class=\"elementor elementor-14600\" data-elementor-post-type=\"product\">\n\t\t\t\t\t\t<section class=\"elementor-section elementor-top-section elementor-element elementor-element-1d76dfe elementor-section-boxed elementor-section-height-default elementor-section-height-default\" data-id=\"1d76dfe\" data-element_type=\"section\">\n\t\t\t\t\t\t<div class=\"elementor-container elementor-column-gap-default\">\n\t\t\t\t\t<div class=\"elementor-column elementor-col-100 elementor-top-column elementor-element elementor-element-3e522f6\" data-id=\"3e522f6\" data-element_type=\"column\">\n\t\t\t<div class=\"elementor-widget-wrap elementor-element-populated\">\n\t\t\t\t\t\t<div class=\"elementor-element elementor-element-e03cb18 elementor-absolute elementor-hidden-mobile elementor-invisible elementor-widget elementor-widget-image\" data-id=\"e03cb18\" data-element_type=\"widget\" data-settings=\"{&quot;motion_fx_motion_fx_scrolling&quot;:&quot;yes&quot;,&quot;motion_fx_rotateZ_effect&quot;:&quot;yes&quot;,&quot;motion_fx_rotateZ_speed&quot;:{&quot;unit&quot;:&quot;px&quot;,&quot;size&quot;:5,&quot;sizes&quot;:[]},&quot;motion_fx_range&quot;:&quot;viewport&quot;,&quot;_animation&quot;:&quot;fadeIn&quot;,&quot;_position&quot;:&quot;absolute&quot;,&quot;motion_fx_rotateZ_affectedRange&quot;:{&quot;unit&quot;:&quot;%&quot;,&quot;size&quot;:&quot;&quot;,&quot;sizes&quot;:{&quot;start&quot;:0,&quot;end&quot;:100}},&quot;motion_fx_devices&quot;:[&quot;desktop&quot;,&quot;tablet&quot;,&quot;mobile&quot;]}\" data-widget_type=\"image.default\">\n\t\t\t\t<div class=\"elementor-widget-container\">\n\t\t\t\t\t\t\t\t\t\t\t\t\t\t\t<img loading=\"lazy\" decoding=\"async\" width=\"200\" height=\"200\" src=\"https:\/\/findvit.com\/wp-content\/uploads\/2021\/09\/ratukas.svg\" class=\"attachment-full size-full wp-image-1777\" alt=\"Ratas ankeedist vitamiinini\" \/>\t\t\t\t\t\t\t\t\t\t\t\t\t\t\t<\/div>\n\t\t\t\t<\/div>\n\t\t\t\t\t<\/div>\n\t\t<\/div>\n\t\t\t\t\t<\/div>\n\t\t<\/section>\n\t\t\t\t<section class=\"elementor-section elementor-top-section elementor-element elementor-element-52bf8f0 elementor-section-boxed elementor-section-height-default elementor-section-height-default\" data-id=\"52bf8f0\" data-element_type=\"section\">\n\t\t\t\t\t\t<div class=\"elementor-container elementor-column-gap-no\">\n\t\t\t\t\t<div class=\"elementor-column elementor-col-50 elementor-top-column elementor-element elementor-element-3868bba\" data-id=\"3868bba\" data-element_type=\"column\">\n\t\t\t<div class=\"elementor-widget-wrap elementor-element-populated\">\n\t\t\t\t\t\t<div class=\"elementor-element elementor-element-76de2e3 elementor-widget elementor-widget-heading\" data-id=\"76de2e3\" data-element_type=\"widget\" data-widget_type=\"heading.default\">\n\t\t\t\t<div class=\"elementor-widget-container\">\n\t\t\t\t\t<h2 class=\"elementor-heading-title elementor-size-default\">Kaltsiumi\/magneesiumi\/tsingi kompleks<\/h2>\t\t\t\t<\/div>\n\t\t\t\t<\/div>\n\t\t\t\t<div class=\"elementor-element elementor-element-506b823 elementor-widget elementor-widget-text-editor\" data-id=\"506b823\" data-element_type=\"widget\" data-widget_type=\"text-editor.default\">\n\t\t\t\t<div class=\"elementor-widget-container\">\n\t\t\t\t\t\t\t\t\t<p>See toidulisand on ainulaadne, kuna see on vedelal kujul ja koosneb kolmest olulisest mineraalist \u2013 kaltsiumist, magneesiumist ja tsingist.<\/p><p>Need mineraalid on h\u00e4davajalikud <strong>luud<\/strong>, <strong>lihaseid<\/strong>, <strong>n\u00e4rvid<\/strong> ja <strong>immuuns\u00fcsteem<\/strong> tervist. Lisaks on see toidulisand rikastatud 72 mikroelemendiga, mis aitavad parandada mineraalide omastamist ja keha tasakaalu.<\/p><h3><strong>Miks on see toidulisand teistest parem?<\/strong><\/h3><p>Esiteks on see kergesti seeditav ja imenduv, kuna see on vedelal kujul.<\/p><p>Teiseks on see looduslik ja kahjutu, sest see on valmistatud USA-s asuvast Suurest soolaj\u00e4rvest saadud mineraalkontsentraatidest.<\/p><p>Kolmandaks on see mugav ja \u00f6konoomne, kuna sellel on pikk s\u00e4ilivusaeg ja p\u00e4evas kulub vaid 1-2 teelusikat\u00e4it.<\/p><h3><b>Kuidas seda toidulisandit v\u00f5tta?\u00a0<\/b><\/h3><p>See on v\u00e4ga lihtne \u2013 lihtsalt sega 1-2 tl vee v\u00f5i muu vedelikuga ja joo \u00e4ra. Parim on seda toidulisandit v\u00f5tta koos toiduga v\u00f5i p\u00e4rast seda. See lisand sobib nii meestele kui naistele, aga ka lastele alates 4. eluaastast.<\/p><h3><strong>Hinnanguline kasu<\/strong><\/h3><p><strong>Kaltsium<\/strong> on oluline luude ja hammaste tugevuse ja tervise jaoks. Samuti aitab see reguleerida verer\u00f5hku ja lihaste kontraktsioone.<\/p><p><strong> Magneesium<\/strong> aitab kaasa n\u00e4rvi- ja lihastegevusele, aitab v\u00e4hendada stressi ja v\u00e4simust ning soodustab ka energia tootmist.<\/p><p><strong>Tsink<\/strong> on oluline immuuns\u00fcsteemi tugevdamiseks, haavade paranemiseks ja naha seisundiks ning osaleb ka paljudes ens\u00fc\u00fcmreaktsioonides.<\/p><p>See toidulisand on valmistatud looduslikest mineraalainetest, mis imenduvad kergesti ja millel pole k\u00f5rvaltoimeid. Lisaks on sellel meeldiv maitse, mis meeldib nii t\u00e4iskasvanutele kui ka lastele.<\/p><h3><strong>T\u00f5hus<\/strong><\/h3><p>Liquid Cal\/Mag\/Zinc on suurep\u00e4rane valik neile, kes soovivad parandada oma tervist ja ilu seestpoolt.\u00a0<\/p>\t\t\t\t\t\t\t\t<\/div>\n\t\t\t\t<\/div>\n\t\t\t\t\t<\/div>\n\t\t<\/div>\n\t\t\t\t<div class=\"elementor-column elementor-col-50 elementor-top-column elementor-element elementor-element-47a042c\" data-id=\"47a042c\" data-element_type=\"column\">\n\t\t\t<div class=\"elementor-widget-wrap elementor-element-populated\">\n\t\t\t\t\t\t<div class=\"elementor-element elementor-element-7c5f4cd elementor-widget elementor-widget-image\" data-id=\"7c5f4cd\" data-element_type=\"widget\" data-widget_type=\"image.default\">\n\t\t\t\t<div class=\"elementor-widget-container\">\n\t\t\t\t\t\t\t\t\t\t\t\t\t\t\t<img loading=\"lazy\" decoding=\"async\" width=\"900\" height=\"900\" src=\"https:\/\/findvit.com\/wp-content\/uploads\/2021\/10\/Ko-3-900x900.jpg\" class=\"attachment-large size-large wp-image-2469\" alt=\"spordi tervise kollaa\u017e\" srcset=\"https:\/\/findvit.com\/wp-content\/uploads\/2021\/10\/Ko-3-900x900.jpg 900w, https:\/\/findvit.com\/wp-content\/uploads\/2021\/10\/Ko-3-600x600.jpg 600w, https:\/\/findvit.com\/wp-content\/uploads\/2021\/10\/Ko-3-150x150.jpg 150w, https:\/\/findvit.com\/wp-content\/uploads\/2021\/10\/Ko-3-768x768.jpg 768w, https:\/\/findvit.com\/wp-content\/uploads\/2021\/10\/Ko-3-1x1.jpg 1w, https:\/\/findvit.com\/wp-content\/uploads\/2021\/10\/Ko-3-10x10.jpg 10w, https:\/\/findvit.com\/wp-content\/uploads\/2021\/10\/Ko-3-100x100.jpg 100w, https:\/\/findvit.com\/wp-content\/uploads\/2021\/10\/Ko-3.jpg 1000w\" sizes=\"auto, (max-width: 900px) 100vw, 900px\" \/>\t\t\t\t\t\t\t\t\t\t\t\t\t\t\t<\/div>\n\t\t\t\t<\/div>\n\t\t\t\t\t<\/div>\n\t\t<\/div>\n\t\t\t\t\t<\/div>\n\t\t<\/section>\n\t\t\t\t<\/div>","protected":false},"excerpt":{"rendered":"<p>Magneesium, kaltsium, tsink koos D3-vitamiini mikroelementidega. Vedel k\u00f5ige olulisem mineraalide kompleks. Selles on isegi 1200 mg kaltsiumi. 600 mg. Magneesium ja 15 mg tsinki. Selline keskendumine aitab s\u00e4ilitada tugevaid luid ja lihaseid. Hoiab hambad tervena. Parandab juuste, k\u00fc\u00fcnte ja naha kvaliteeti. Aitab l\u00f5\u00f5gastuda. Tugevdab immuunsust. Soovitatav kasvavale kehale, noortele, sportlastele ja pension\u00e4ridele. Meeldiv Pina Colada maitse. 473 ml.<\/p>","protected":false},"featured_media":2714,"comment_status":"open","ping_status":"closed","template":"","meta":{"_acf_changed":false,"inline_featured_image":false},"etheme_brands":[],"product_brand":[],"product_cat":[63],"product_tag":[90,96,98,121],"class_list":{"0":"post-14600","1":"product","2":"type-product","3":"status-publish","4":"has-post-thumbnail","6":"product_cat-mineralai","7":"product_tag-fizinei-istvermei","8":"product_tag-raumenims","9":"product_tag-tvirtiems-kaulams","10":"product_tag-zvilgantiems-plaukams","12":"first","13":"outofstock","14":"taxable","15":"shipping-taxable","16":"purchasable","17":"product-type-simple"},"acf":[],"_links":{"self":[{"href":"https:\/\/findvit.com\/et\/wp-json\/wp\/v2\/product\/14600","targetHints":{"allow":["GET"]}}],"collection":[{"href":"https:\/\/findvit.com\/et\/wp-json\/wp\/v2\/product"}],"about":[{"href":"https:\/\/findvit.com\/et\/wp-json\/wp\/v2\/types\/product"}],"replies":[{"embeddable":true,"href":"https:\/\/findvit.com\/et\/wp-json\/wp\/v2\/comments?post=14600"}],"version-history":[{"count":6,"href":"https:\/\/findvit.com\/et\/wp-json\/wp\/v2\/product\/14600\/revisions"}],"predecessor-version":[{"id":16123,"href":"https:\/\/findvit.com\/et\/wp-json\/wp\/v2\/product\/14600\/revisions\/16123"}],"wp:featuredmedia":[{"embeddable":true,"href":"https:\/\/findvit.com\/et\/wp-json\/wp\/v2\/media\/2714"}],"wp:attachment":[{"href":"https:\/\/findvit.com\/et\/wp-json\/wp\/v2\/media?parent=14600"}],"wp:term":[{"taxonomy":"brand","embeddable":true,"href":"https:\/\/findvit.com\/et\/wp-json\/wp\/v2\/etheme_brands?post=14600"},{"taxonomy":"product_brand","embeddable":true,"href":"https:\/\/findvit.com\/et\/wp-json\/wp\/v2\/product_brand?post=14600"},{"taxonomy":"product_cat","embeddable":true,"href":"https:\/\/findvit.com\/et\/wp-json\/wp\/v2\/product_cat?post=14600"},{"taxonomy":"product_tag","embeddable":true,"href":"https:\/\/findvit.com\/et\/wp-json\/wp\/v2\/product_tag?post=14600"}],"curies":[{"name":"wp","href":"https:\/\/api.w.org\/{rel}","templated":true}]}}