{"id":14981,"date":"2023-10-17T16:25:19","date_gmt":"2023-10-17T13:25:19","guid":{"rendered":"https:\/\/findvit.com\/?post_type=product&#038;p=14981"},"modified":"2026-04-10T14:23:52","modified_gmt":"2026-04-10T11:23:52","slug":"trace-minerals-magnis-mega-magnesium-400-mg118-ml","status":"publish","type":"product","link":"https:\/\/findvit.com\/et\/produktas\/trace-minerals-magnis-mega-magnesium-400-mg118-ml\/","title":{"rendered":"Trace Minerals joninis Magnis Magnesium 400 mg, 118 ml"},"content":{"rendered":"<div data-elementor-type=\"product-post\" data-elementor-id=\"14981\" class=\"elementor elementor-14981\" data-elementor-post-type=\"product\">\n\t\t\t\t\t\t<section class=\"elementor-section elementor-top-section elementor-element elementor-element-9c9d058 elementor-section-boxed elementor-section-height-default elementor-section-height-default\" data-id=\"9c9d058\" data-element_type=\"section\">\n\t\t\t\t\t\t<div class=\"elementor-container elementor-column-gap-default\">\n\t\t\t\t\t<div class=\"elementor-column elementor-col-100 elementor-top-column elementor-element elementor-element-deb3d60\" data-id=\"deb3d60\" data-element_type=\"column\">\n\t\t\t<div class=\"elementor-widget-wrap elementor-element-populated\">\n\t\t\t\t\t\t<div class=\"elementor-element elementor-element-bf9abbf elementor-absolute elementor-hidden-mobile elementor-invisible elementor-widget elementor-widget-image\" data-id=\"bf9abbf\" data-element_type=\"widget\" data-settings=\"{&quot;motion_fx_motion_fx_scrolling&quot;:&quot;yes&quot;,&quot;motion_fx_rotateZ_effect&quot;:&quot;yes&quot;,&quot;motion_fx_rotateZ_speed&quot;:{&quot;unit&quot;:&quot;px&quot;,&quot;size&quot;:5,&quot;sizes&quot;:[]},&quot;motion_fx_range&quot;:&quot;viewport&quot;,&quot;_animation&quot;:&quot;fadeIn&quot;,&quot;_position&quot;:&quot;absolute&quot;,&quot;motion_fx_rotateZ_affectedRange&quot;:{&quot;unit&quot;:&quot;%&quot;,&quot;size&quot;:&quot;&quot;,&quot;sizes&quot;:{&quot;start&quot;:0,&quot;end&quot;:100}},&quot;motion_fx_devices&quot;:[&quot;desktop&quot;,&quot;tablet&quot;,&quot;mobile&quot;]}\" data-widget_type=\"image.default\">\n\t\t\t\t<div class=\"elementor-widget-container\">\n\t\t\t\t\t\t\t\t\t\t\t\t\t\t\t<img loading=\"lazy\" decoding=\"async\" width=\"200\" height=\"200\" src=\"https:\/\/findvit.com\/wp-content\/uploads\/2021\/09\/ratukas.svg\" class=\"attachment-full size-full wp-image-1777\" alt=\"Ratas ankeedist vitamiinini\" \/>\t\t\t\t\t\t\t\t\t\t\t\t\t\t\t<\/div>\n\t\t\t\t<\/div>\n\t\t\t\t\t<\/div>\n\t\t<\/div>\n\t\t\t\t\t<\/div>\n\t\t<\/section>\n\t\t\t\t<section class=\"elementor-section elementor-top-section elementor-element elementor-element-1177870 elementor-section-boxed elementor-section-height-default elementor-section-height-default\" data-id=\"1177870\" data-element_type=\"section\">\n\t\t\t\t\t\t<div class=\"elementor-container elementor-column-gap-no\">\n\t\t\t\t\t<div class=\"elementor-column elementor-col-50 elementor-top-column elementor-element elementor-element-dbcfb5c\" data-id=\"dbcfb5c\" data-element_type=\"column\">\n\t\t\t<div class=\"elementor-widget-wrap elementor-element-populated\">\n\t\t\t\t\t\t<div class=\"elementor-element elementor-element-af3c10c elementor-widget elementor-widget-heading\" data-id=\"af3c10c\" data-element_type=\"widget\" data-widget_type=\"heading.default\">\n\t\t\t\t<div class=\"elementor-widget-container\">\n\t\t\t\t\t<h2 class=\"elementor-heading-title elementor-size-medium\">Trace Minerals joninis Magnis Magnesium 400 mg, 118 ml<\/h2>\t\t\t\t<\/div>\n\t\t\t\t<\/div>\n\t\t\t\t<div class=\"elementor-element elementor-element-9f79a7d elementor-widget elementor-widget-text-editor\" data-id=\"9f79a7d\" data-element_type=\"widget\" data-widget_type=\"text-editor.default\">\n\t\t\t\t<div class=\"elementor-widget-container\">\n\t\t\t\t\t\t\t\t\t<p><strong>Mega-Meg magneesium on looduslik kontsentreeritud magneesiumi ja mineraalide allikas.\u00a0<\/strong><\/p><p>Mega-Mag on saadaval <strong>ainulaadne<\/strong> toode, mis annab teile sobiva magneesiumiannuse mugaval ja t\u00f5husal viisil.<\/p><p>\u00dcks tilk Mega-Magi <strong>annab<\/strong> 100 mg magneesiumkloriidi, mis on \u00fcks magneesiumi paremini imenduvaid vorme.<\/p><p>Magneesium<strong> on vajalik<\/strong> paljude keha funktsioonide ja protsesside jaoks. Magneesium on kehas sisalduselt neljas mineraal ja osaleb enam kui 300 biokeemilises reaktsioonis.\u00a0<\/p><p>Magneesium on olemas<strong> k\u00f5rgelt hinnatud<\/strong> ja seda kasutatakse laialdaselt j\u00e4rgmistel olulistel p\u00f5hjustel:<\/p><ul><li>Magneesium aitab v\u00e4hendada <br \/>v\u00e4simustunne ja <br \/>v\u00e4simus<\/li><\/ul><p>Magneesium on elektrol\u00fc\u00fctide maailmas eristatud ja h\u00e4sti tunnustatud, kuna:<\/p><ul><li>Magneesium aitab s\u00e4ilitada <br \/>elektrol\u00fc\u00fctide tasakaalu<\/li><\/ul><p>Me k\u00f5ik tahame end p\u00e4rast rasket t\u00f6\u00f6p\u00e4eva h\u00e4sti tunda <strong>l\u00f5\u00f5gastuda<\/strong>. Seet\u00f5ttu v\u00f5ib \u00fcks lahendustest olla Mega-mag:<\/p><ul><li>Magneesium on tavaliselt oluline <br \/>n\u00e4rvis\u00fcsteemi aktiivsus<\/li><li>Magneesium on tavaliselt oluline <br \/>ps\u00fchholoogilise seisundi s\u00e4ilitamiseks<\/li><\/ul><p>Tugevad lihased ja luud on olulised <strong>tervest inimesest<\/strong> osa<\/p><ul><li>Magneesium on tavaliselt oluline <br \/>lihaste funktsioon<\/li><li>Magneesium on tavaliselt oluline <br \/>luude tervise s\u00e4ilitamiseks<\/li><\/ul><p>Nende magneesiumi omaduste t\u00f5ttu t\u00e4iendavad sportlased keha sageli magneesiumiga.<\/p><p>Mega-Mag pole mitte ainult <strong>suurep\u00e4rane<\/strong> magneesiumi allikas, aga ka t\u00e4isspektri ioonsete mikroelementide allikas, mis on p\u00e4rit Utah merest.<\/p><p>Need mikroelemendid <strong>on vajalikud<\/strong> organismi tasakaalu ja optimaalse toimimise jaoks, kuna osalevad paljudes biokeemilistes reaktsioonides.\u00a0<\/p><p>Mega-Mag sisaldab mikroelemente nagu kaalium, kaltsium, tsink, raud, seleen, jood jne.<\/p><p>Mega-Mag on lihtsalt kasutatav ja doseeritav toode, mida saad lisada oma lemmikjoogile v\u00f5i -vedelikule. Soovitatav on kasutada 1-4 tilka p\u00e4evas v\u00f5i vastavalt arsti juhistele.<\/p><p>Mega-Mag on saadaval <strong>ohutu ja loomulik<\/strong> toode, mis ei sisalda kunstlikke lisa- ega s\u00e4ilitusaineid.<\/p><p>Mega-Mag on m\u00f5eldud k\u00f5igile, kes m\u00f5istavad kvaliteeti, hindavad loomulikkust ning hoolivad enda ja oma l\u00e4hedaste heaolust.\u00a0<\/p><p>Inimkeha ei tooda magneesiumi, seega tuleks seda t\u00e4iendada.<\/p><p>T\u00e4iskasvanutele <strong>magneesiumi p\u00e4evane norm on 300-400 mg<\/strong>.\u00a0<\/p><p>\u00a0<b>Ioonilised mineraalid <\/b>on loodud <strong>looduslikust loodusest<\/strong>, sama mis toidus <strong>mikroelemendid<\/strong>. Nende bioloogiliselt aktiivsete, vees lahustuvate mineraalide moodustumiseks kulub aastaid. Ekstraheeritud Suurest Soolaj\u00e4rvest, k\u00fcllastunud mineraalidega, mis on siia kogunenud tuhandeid aastaid.\u00a0\u00a0<\/p><p>Kui te pole kindel, millised vitamiinid v\u00f5i muud toidulisandid <strong>hetkel k\u00f5ige sobivam<\/strong>, tehke test <a href=\"https:\/\/findvit.com\/et\/testas\/\"><strong>&quot;Sinu p\u00e4ev&quot;<\/strong><\/a> ja teada saada\u00a0 <strong>isiklik<\/strong> soovitus!<\/p>\t\t\t\t\t\t\t\t<\/div>\n\t\t\t\t<\/div>\n\t\t\t\t\t<\/div>\n\t\t<\/div>\n\t\t\t\t<div class=\"elementor-column elementor-col-50 elementor-top-column elementor-element elementor-element-17d5a24\" data-id=\"17d5a24\" data-element_type=\"column\">\n\t\t\t<div class=\"elementor-widget-wrap elementor-element-populated\">\n\t\t\t\t\t\t<div class=\"elementor-element elementor-element-defd72a elementor-widget elementor-widget-image\" data-id=\"defd72a\" data-element_type=\"widget\" data-widget_type=\"image.default\">\n\t\t\t\t<div class=\"elementor-widget-container\">\n\t\t\t\t\t\t\t\t\t\t\t\t\t\t\t<img loading=\"lazy\" decoding=\"async\" width=\"900\" height=\"900\" src=\"https:\/\/findvit.com\/wp-content\/uploads\/2021\/10\/Ko-3-900x900.jpg\" class=\"attachment-large size-large wp-image-2469\" alt=\"spordi tervise kollaa\u017e\" srcset=\"https:\/\/findvit.com\/wp-content\/uploads\/2021\/10\/Ko-3-900x900.jpg 900w, https:\/\/findvit.com\/wp-content\/uploads\/2021\/10\/Ko-3-600x600.jpg 600w, https:\/\/findvit.com\/wp-content\/uploads\/2021\/10\/Ko-3-150x150.jpg 150w, https:\/\/findvit.com\/wp-content\/uploads\/2021\/10\/Ko-3-768x768.jpg 768w, https:\/\/findvit.com\/wp-content\/uploads\/2021\/10\/Ko-3-1x1.jpg 1w, https:\/\/findvit.com\/wp-content\/uploads\/2021\/10\/Ko-3-10x10.jpg 10w, https:\/\/findvit.com\/wp-content\/uploads\/2021\/10\/Ko-3-100x100.jpg 100w, https:\/\/findvit.com\/wp-content\/uploads\/2021\/10\/Ko-3.jpg 1000w\" sizes=\"auto, (max-width: 900px) 100vw, 900px\" \/>\t\t\t\t\t\t\t\t\t\t\t\t\t\t\t<\/div>\n\t\t\t\t<\/div>\n\t\t\t\t\t<\/div>\n\t\t<\/div>\n\t\t\t\t\t<\/div>\n\t\t<\/section>\n\t\t\t\t<\/div>","protected":false},"excerpt":{"rendered":"<p>Trace Minerals Magnesium on vedel, looduslik ja suurep\u00e4rane magneesiumiallikas. Maksimaalne kontsentratsioon 400 mg. Mugav doseerimispipett. Sellest piisab kuni 4 kuuks kuuriks.<\/p>","protected":false},"featured_media":22921,"comment_status":"open","ping_status":"closed","template":"","meta":{"_acf_changed":false,"inline_featured_image":false},"etheme_brands":[{"term_id":38,"name":"Trace Minerals","slug":"trace-minerals","term_group":0,"term_taxonomy_id":38,"taxonomy":"brand","description":"<h2><strong>Trace minerals<\/strong><\/h2>\r\n\"Trace Minerals\" yra \u017einomas jonini\u0173 mineralini\u0173 papild\u0173 prek\u0117s \u017eenklas, kuriuo pasitikima beveik 50 met\u0173.\r\n\r\n<strong>Gamintojo misija<\/strong>\r\n\r\n\"Trace Minerals\" mato pasaul\u012f, kuriame \u017emon\u0117s yra\r\natsakingi u\u017e savo sveikat\u0105. Laikas, kai visi \u017emon\u0117s yra nori ir gali\r\ngyventi sveikiau. Joniniai mineralai yra pasiekiami visiems norintiems. Daugiau nei 50 met\u0173 \"Trace Minerals\" prek\u0117s \u017eenklo\r\nproduktai visame pasaulyje buvo pripa\u017einti jonini\u0173 produkt\u0173 pradininkais.\r\n\r\nVisus 50 met\u0173 Trace Minerals vertyb\u0117s yra:\r\n\r\n1. Bekompromis\u0117 kokyb\u0117, nuo kurios priklauso \u017emoni\u0173 savijauta.\r\n2. Neprilygstama aptarnavimas, kuris leid\u017eia klientams \u0161ypsotis.\r\n3. Nuolatinis pajam\u0173 augimas diegiant inovacijas ir kuriant produktus.\r\n4. Ugdomieji u\u017esi\u0117mimai.\r\n5. Lyderyst\u0117 savo srities pramon\u0117je.\r\n6. Lojalumas ir s\u0105\u017einingumas patikimiems darbuotojams ir verslo partneriams.\r\n<h3><strong>Garantija<\/strong><\/h3>\r\nGamintojas tiki, kad maisto papildai tur\u0117t\u0173 atne\u0161ti pastebimus\r\nrezultatus. Trace minerals \u012fsipareigojimas siekti pastebim\u0173 rezultat\u0173 yra\r\n\"Trace Minerals research\" filosofija.\r\n\r\nBeveik penkis de\u0161imtme\u010dius \"Trace Minerals\" prek\u0117s \u017eenklo produktai pad\u0117jo \u017emon\u0117ms priimti pagr\u012fstus sprendimus pasirenkant tinkamus produktus. Trce Minerals t\u0119stinis \u012fsipareigojimas yra paprastas: gaminti auk\u0161\u010diausios kokyb\u0117s produktus, paremtus moksliniais tyrimais, pagamintus u\u017e teising\u0105 kain\u0105 ir garantuojama, kad bus\r\npagerinti gyvenimai t\u0173, kurie vartoja kokybi\u0161kus produktus. Trace minerals visada tai dar\u0117 ir toliau t\u0105 darys.\r\n\r\nhttps:\/\/youtu.be\/hbeINVcx5FY?t=77\r\n<h3><strong>Mokslas ir tyrimai<\/strong><\/h3>\r\nGamintojas gavo \u0161e\u0161i\u0173 m\u0117nesi\u0173 klinikinio tyrimo \"ConcenTrace\u00ae\" rezultatus. \"Trace Mineral Drops\", jo pavyzdinis jonini\u0173 mineralinis papildas, kuriame yra visas spektras nat\u016braliai atsirandan\u010di\u0173 mikroelement\u0173.\r\n\r\nDalyviams buvo skiriama po 40 la\u0161\u0173 ConcenTrace\u00ae arba placebo per par\u0105\r\n24 savaites. Tyrime teigiama, kad \"veiksmingum\u0105 objektyviai patvirtino\r\n\u012fvertinti s\u0105nari\u0173 kremzl\u0117s storio, s\u0105nario erdv\u0117s plo\u010dio poky\u010dius\r\nir sinovinio skys\u010dio sud\u0117tis\". 24 savai\u010di\u0173 rezultatai rodo, kad \"ultrasonografija ir sinovinio skys\u010dio tyrimas atskleid\u0117 kremzl\u0117s\r\nstrukt\u016bros pager\u0117jim\u0105\".\r\n\r\n\u0160is preliminarus tyrimas parodo, kad ConcenTrace\u00ae pagerina s\u0105nari\u0173 sveikat\u0105.\r\n<h3><strong>Sertifikatai<\/strong><\/h3>\r\nKokyb\u0117 visada buvo svarbiausias <a href=\"https:\/\/www.traceminerals.com\/\" target=\"_blank\" rel=\"noopener\">\"Trace Minerals\"<\/a> prioritetas. Per daugel\u012f met\u0173\u00a0 akylai tobulino gamybos procesus. Tikima, kad geriausi procesai padeda gaminti geriausius ir sveikiausius produktus. Tai yra pagrindin\u0117 prie\u017eastis, kod\u0117l grie\u017etai kontroliuojama produkt\u0173 kokyb\u0117 ir kod\u0117l turima daugyb\u0117 sertifikat\u0173.\r\n<ul>\r\n \t<li><a href=\"https:\/\/grmalliance.org\/\" target=\"_blank\" rel=\"noopener\">GRMA\/UL GMP Certified<\/a><\/li>\r\n \t<li>GRAS Certified<\/li>\r\n \t<li>BPA Free<\/li>\r\n \t<li>Kosher<\/li>\r\n \t<li>Halal<\/li>\r\n \t<li>Non-GMO Verified<\/li>\r\n \t<li>Transparency<\/li>\r\n<\/ul>","parent":0,"count":19,"filter":"raw"}],"product_brand":[],"product_cat":[63],"product_tag":[125,90,101,96],"class_list":{"0":"post-14981","1":"product","2":"type-product","3":"status-publish","4":"has-post-thumbnail","6":"brand-trace-minerals","7":"product_cat-mineralai","8":"product_tag-energijai","9":"product_tag-fizinei-istvermei","10":"product_tag-ramiam-miegui","11":"product_tag-raumenims","13":"first","14":"instock","15":"sale","16":"taxable","17":"shipping-taxable","18":"purchasable","19":"product-type-simple"},"acf":[],"_links":{"self":[{"href":"https:\/\/findvit.com\/et\/wp-json\/wp\/v2\/product\/14981","targetHints":{"allow":["GET"]}}],"collection":[{"href":"https:\/\/findvit.com\/et\/wp-json\/wp\/v2\/product"}],"about":[{"href":"https:\/\/findvit.com\/et\/wp-json\/wp\/v2\/types\/product"}],"replies":[{"embeddable":true,"href":"https:\/\/findvit.com\/et\/wp-json\/wp\/v2\/comments?post=14981"}],"version-history":[{"count":7,"href":"https:\/\/findvit.com\/et\/wp-json\/wp\/v2\/product\/14981\/revisions"}],"predecessor-version":[{"id":21245,"href":"https:\/\/findvit.com\/et\/wp-json\/wp\/v2\/product\/14981\/revisions\/21245"}],"wp:featuredmedia":[{"embeddable":true,"href":"https:\/\/findvit.com\/et\/wp-json\/wp\/v2\/media\/22921"}],"wp:attachment":[{"href":"https:\/\/findvit.com\/et\/wp-json\/wp\/v2\/media?parent=14981"}],"wp:term":[{"taxonomy":"brand","embeddable":true,"href":"https:\/\/findvit.com\/et\/wp-json\/wp\/v2\/etheme_brands?post=14981"},{"taxonomy":"product_brand","embeddable":true,"href":"https:\/\/findvit.com\/et\/wp-json\/wp\/v2\/product_brand?post=14981"},{"taxonomy":"product_cat","embeddable":true,"href":"https:\/\/findvit.com\/et\/wp-json\/wp\/v2\/product_cat?post=14981"},{"taxonomy":"product_tag","embeddable":true,"href":"https:\/\/findvit.com\/et\/wp-json\/wp\/v2\/product_tag?post=14981"}],"curies":[{"name":"wp","href":"https:\/\/api.w.org\/{rel}","templated":true}]}}