{"id":15417,"date":"2023-11-29T20:24:11","date_gmt":"2023-11-29T18:24:11","guid":{"rendered":"https:\/\/findvit.com\/?post_type=product&#038;p=15417"},"modified":"2026-03-02T15:12:09","modified_gmt":"2026-03-02T13:12:09","slug":"enzymedica-digest-basic-fermentai-virskinimui-kompleksas-90-vegetarisku-kapsuliu","status":"publish","type":"product","link":"https:\/\/findvit.com\/et\/produktas\/enzymedica-digest-basic-fermentai-virskinimui-kompleksas-90-vegetarisku-kapsuliu\/","title":{"rendered":"Enzymedica Digest\u2122 Basic \u2013 ens\u00fc\u00fcmid seedimise, k\u00f5hun\u00e4\u00e4rme ja soolte parandamiseks, 90 k\u00f6\u00f6giviljakapslit"},"content":{"rendered":"\t\t<div data-elementor-type=\"product-post\" data-elementor-id=\"15417\" class=\"elementor elementor-15417\" data-elementor-post-type=\"product\">\n\t\t\t\t\t\t<section class=\"elementor-section elementor-top-section elementor-element elementor-element-450e271 elementor-section-boxed elementor-section-height-default elementor-section-height-default\" data-id=\"450e271\" data-element_type=\"section\" data-e-type=\"section\">\n\t\t\t\t\t\t<div class=\"elementor-container elementor-column-gap-default\">\n\t\t\t\t\t<div class=\"elementor-column elementor-col-100 elementor-top-column elementor-element elementor-element-51c6855\" data-id=\"51c6855\" data-element_type=\"column\" data-e-type=\"column\">\n\t\t\t<div class=\"elementor-widget-wrap elementor-element-populated\">\n\t\t\t\t\t\t<div class=\"elementor-element elementor-element-da4ccd9 elementor-absolute elementor-hidden-mobile elementor-invisible elementor-widget elementor-widget-image\" data-id=\"da4ccd9\" data-element_type=\"widget\" data-e-type=\"widget\" data-settings=\"{&quot;motion_fx_motion_fx_scrolling&quot;:&quot;yes&quot;,&quot;motion_fx_rotateZ_effect&quot;:&quot;yes&quot;,&quot;motion_fx_rotateZ_speed&quot;:{&quot;unit&quot;:&quot;px&quot;,&quot;size&quot;:5,&quot;sizes&quot;:[]},&quot;motion_fx_range&quot;:&quot;viewport&quot;,&quot;_animation&quot;:&quot;fadeIn&quot;,&quot;_position&quot;:&quot;absolute&quot;,&quot;motion_fx_rotateZ_affectedRange&quot;:{&quot;unit&quot;:&quot;%&quot;,&quot;size&quot;:&quot;&quot;,&quot;sizes&quot;:{&quot;start&quot;:0,&quot;end&quot;:100}},&quot;motion_fx_devices&quot;:[&quot;desktop&quot;,&quot;tablet&quot;,&quot;mobile&quot;]}\" data-widget_type=\"image.default\">\n\t\t\t\t<div class=\"elementor-widget-container\">\n\t\t\t\t\t\t\t\t\t\t\t\t\t\t\t<img loading=\"lazy\" loading=\"lazy\" decoding=\"async\" width=\"200\" height=\"200\" src=\"https:\/\/findvit.com\/wp-content\/uploads\/2021\/09\/ratukas.svg\" class=\"attachment-full size-full wp-image-1777\" alt=\"Ratukas nuo klausimyno iki vitamino\" \/>\t\t\t\t\t\t\t\t\t\t\t\t\t\t\t<\/div>\n\t\t\t\t<\/div>\n\t\t\t\t\t<\/div>\n\t\t<\/div>\n\t\t\t\t\t<\/div>\n\t\t<\/section>\n\t\t\t\t<section class=\"elementor-section elementor-top-section elementor-element elementor-element-b9f63d6 elementor-section-boxed elementor-section-height-default elementor-section-height-default\" data-id=\"b9f63d6\" data-element_type=\"section\" data-e-type=\"section\">\n\t\t\t\t\t\t<div class=\"elementor-container elementor-column-gap-no\">\n\t\t\t\t\t<div class=\"elementor-column elementor-col-50 elementor-top-column elementor-element elementor-element-4475b85\" data-id=\"4475b85\" data-element_type=\"column\" data-e-type=\"column\">\n\t\t\t<div class=\"elementor-widget-wrap elementor-element-populated\">\n\t\t\t\t\t\t<div class=\"elementor-element elementor-element-195ab3c elementor-widget elementor-widget-heading\" data-id=\"195ab3c\" data-element_type=\"widget\" data-e-type=\"widget\" data-widget_type=\"heading.default\">\n\t\t\t\t<div class=\"elementor-widget-container\">\n\t\t\t\t\t<h2 class=\"elementor-heading-title elementor-size-medium\">Enzymedica Digest\u2122 Basic &#8211; fermentai vir\u0161kinimui gerinti, kasai ir \u017earnynui, 90 vegkapsuli\u0173<\/h2>\t\t\t\t<\/div>\n\t\t\t\t<\/div>\n\t\t\t\t<div class=\"elementor-element elementor-element-33a838d elementor-widget elementor-widget-text-editor\" data-id=\"33a838d\" data-element_type=\"widget\" data-e-type=\"widget\" data-widget_type=\"text-editor.default\">\n\t\t\t\t<div class=\"elementor-widget-container\">\n\t\t\t\t\t\t\t\t\t<p><strong>Vir\u0161kinimas yra svarbus<\/strong> procesas, kurio metu maistas yra skaidomas \u012f ma\u017eesnes molekules, kurios gali b\u016bti pasisavintos organizmo l\u0105stel\u0117ms.<\/p><p>Ta\u010diau kartais vir\u0161kinimas gali b\u016bti sutrikdytas d\u0117l \u012fvairi\u0173 prie\u017eas\u010di\u0173, pvz., streso, netinkamos mitybos, alergijos arba ferment\u0173 tr\u016bkumo.<\/p><p>Tokiu atveju maistas lieka nesuvir\u0161kintas ir sukelia pilvo p\u016btim\u0105, duj\u0173 susidarym\u0105, r\u0117men\u012f ir kitus nemalonius simptomus.<\/p><h3><strong>SUKURTAS PAD\u0116TI<\/strong><\/h3><p>&#8222;Digest Basic\u00ae&#8221; yra unikalus ferment\u0173 papildas, kuris buvo sukurtas, siekiant suteikti \u0161velnumo pojut\u012f, bet b\u016bti labai efektyviu.<\/p><p>\u0160is produktas yra idealus tiems, kas ie\u0161ko lengvo, bet visapusi\u0161ko pagalbininko, kuris pad\u0117t\u0173 susidoroti su \u012fvairiais nemalonumais.<\/p><h3><strong>PAPRASTA VARTOTI<\/strong><\/h3><p>Imkite 1 kapsul\u0119 su kiekvienu valgio metu. Priklausomai nuo poreikio, galima vartoti daugiau kasuli\u0173.<\/p><h3><strong>GAUSI SUD\u0116TIS<\/strong><\/h3><p>Digest Basic sud\u0117tyje yra unikalus <strong>Thera-Blend <\/strong>ferment\u0173 mi\u0161inys.<\/p><p>Jame <strong>subalansuoti net 12 <\/strong>skirting\u0173 ferment\u0173:<\/p><p><strong>amilaz\u0117, lipaz\u0117, celiulaz\u0117 ir proteaz\u0117, laktaz\u0117<\/strong>&#8230;<\/p><p>Pavyzd\u017eiui laktaz\u0117s fermentas gerina <br \/>laktoz\u0117s vir\u0161kinim\u0105<br \/>asmenims, kurie sunkiai vir\u0161kina laktoz\u0119.<\/p><p>Enzymedica patentuota <strong>Thera-blend\u2122<\/strong> technologija rei\u0161kia, kad Digest Basic sud\u0117tyje esantys fermentai yra sukurtis specialiai visam <strong>vir\u0161kinimo trakto pH spektre.<\/strong><\/p><h3>FERMENT\u0172 SVARBA<\/h3><p>Fermentai atsakingi u\u017e vir\u0161kinim\u0105. Tai nat\u016braliai susidarantys <strong>baltymai, kurie pagreitina reakcijas.\u00a0<\/strong><\/p><p><strong>Fermenta<\/strong>i primena ma\u017eas \u017eirkles, kurios m\u016bs\u0173 suvalgyt\u0105 <strong>maist\u0105 \u201esukarpo\u201c \u012f ma\u017eesnes dalis.<\/strong> Taip<strong> lengviau ir geriau \u012fsisavinamos maistingos med\u017eiagos.<\/strong><\/p><p>Jei organizmui tr\u016bksta ferment\u0173, gali b\u016bti sud\u0117tinga suskaidyti sunkesn\u012f maist\u0105, tad taip ima <span style=\"text-decoration: underline;\">kauptis dujos<\/span>, <span style=\"text-decoration: underline;\">pu\u010diasi pilvas, sutrinka skrand\u017eio veikla ir visa vir\u0161kinimo sistema veikia ne pastoviai<\/span>.<\/p><p>Naudojant \u0161\u012f\u00a0 maisto papild\u0105 su fermentais ir probiotikais, vir\u0161kinimo procesas bus sustiprintas.\u00a0Ferment\u0173 tr\u016bkum\u0105 gali sukelti ne tik mityba ar gyvenimo b\u016bdas.<\/p><p><strong>Mums senstant, organizmas nat\u016braliai ima gaminti ma\u017eiau ferment\u0173.<\/strong><\/p><p>Gali b\u016bti sunku vien i\u0161 mitybos gauti visas reikiamas med\u017eiagas, nes virimo ir kepimo metu maiste esantys fermentai \u017e\u016bsta.<\/p><h3><strong>PAGRINDINIAI FERMENTAI<\/strong><\/h3><p><strong>Amilaz\u0117<\/strong> \u2013 suskaido angliavandenius, krakmolus ir cukrus, kurie vyrauja visuose augaliniuose maisto produktuose (bulv\u0117s, vaisiai, dar\u017eov\u0117s, gr\u016bdai).<\/p><p><strong>Lipaz\u0117<\/strong> \u2013 padeda vir\u0161kinti riebal\u0173 turin\u010dius maisto produktus, pvz., pieno produktus, rie\u0161utus, aliejus, kiau\u0161inius ir m\u0117s\u0105.<\/p><p><strong>Celiulaz\u0117<\/strong> &#8211; padeda vir\u0161kinti daug skaidul\u0173 turin\u010dius maisto produktus, tokius kaip brokoliai, \u0161paragai ir pupel\u0117s, kurie gali sukelti duj\u0173 kaupim\u0105si.<\/p><p><strong>Laktaz\u0117<\/strong> \u2013 skaido cukraus laktoz\u0119 \u012f gliukoz\u0119 ir galaktoz\u0119.<\/p><p><strong>Maltaz\u0117<\/strong> \u2013 skaido cukraus maltoz\u0119 \u012f ma\u017eesnes gliukoz\u0117s molekules.<\/p><p>Daugiau naudingos informacijos galima rasti:<\/p><p><strong><a href=\"https:\/\/findvit.com\/paslaptingasis-sveikatos-raktas-fermentai\/\" target=\"_blank\" rel=\"noopener\">Fermentai\u00a0paslaptingasis sveikatos raktas<\/a><\/strong><\/p><p>Jei nesi tikra\/s kurie dar vitaminai ar kiti papildai tinkamiausi \u0161iuo metu, atlik test\u0105 <strong><a href=\"https:\/\/findvit.com\/testas\/\">\u201cTavo diena\u201d<\/a> <\/strong>ir su\u017einok asmenin\u0119 rekomendacij\u0105!<\/p>\t\t\t\t\t\t\t\t<\/div>\n\t\t\t\t<\/div>\n\t\t\t\t\t<\/div>\n\t\t<\/div>\n\t\t\t\t<div class=\"elementor-column elementor-col-50 elementor-top-column elementor-element elementor-element-4cd8d4c\" data-id=\"4cd8d4c\" data-element_type=\"column\" data-e-type=\"column\">\n\t\t\t<div class=\"elementor-widget-wrap elementor-element-populated\">\n\t\t\t\t\t\t<div class=\"elementor-element elementor-element-126df0d elementor-widget elementor-widget-image\" data-id=\"126df0d\" data-element_type=\"widget\" data-e-type=\"widget\" data-widget_type=\"image.default\">\n\t\t\t\t<div class=\"elementor-widget-container\">\n\t\t\t\t\t\t\t\t\t\t\t\t\t\t\t<img loading=\"lazy\" loading=\"lazy\" decoding=\"async\" width=\"900\" height=\"900\" src=\"https:\/\/findvit.com\/wp-content\/uploads\/2021\/10\/Ko-13-900x900.jpg\" class=\"attachment-large size-large wp-image-2498\" alt=\"Fermentai Moteriai. Moteris atlieka jogos pratimus\" srcset=\"https:\/\/findvit.com\/wp-content\/uploads\/2021\/10\/Ko-13-900x900.jpg 900w, https:\/\/findvit.com\/wp-content\/uploads\/2021\/10\/Ko-13-600x600.jpg 600w, https:\/\/findvit.com\/wp-content\/uploads\/2021\/10\/Ko-13-150x150.jpg 150w, https:\/\/findvit.com\/wp-content\/uploads\/2021\/10\/Ko-13-768x768.jpg 768w, https:\/\/findvit.com\/wp-content\/uploads\/2021\/10\/Ko-13-1x1.jpg 1w, https:\/\/findvit.com\/wp-content\/uploads\/2021\/10\/Ko-13-10x10.jpg 10w, https:\/\/findvit.com\/wp-content\/uploads\/2021\/10\/Ko-13-100x100.jpg 100w, https:\/\/findvit.com\/wp-content\/uploads\/2021\/10\/Ko-13.jpg 1000w\" sizes=\"auto, (max-width: 900px) 100vw, 900px\" \/>\t\t\t\t\t\t\t\t\t\t\t\t\t\t\t<\/div>\n\t\t\t\t<\/div>\n\t\t\t\t\t<\/div>\n\t\t<\/div>\n\t\t\t\t\t<\/div>\n\t\t<\/section>\n\t\t\t\t<\/div>\n\t\t","protected":false},"excerpt":{"rendered":"<p>Ens\u00fc\u00fcmid seedimiseks. Kas tunnete p\u00e4rast s\u00f6\u00f6mist raskust v\u00f5i ebamugavustunnet? Kas soovite parandada oma seedes\u00fcsteemi ja tunda end kergemana? Kui nii, siis <strong>Digest Basic on teie jaoks<\/strong>. See lisand on <strong>v\u00e4lja t\u00f6\u00f6tatud teadusele tuginedes<\/strong> ja on tehtud kasutades &quot;<strong>Thera-blend\u2122<\/strong>\u201d tehnoloogia, mis tagab ens\u00fc\u00fcmide maksimaalse j\u00f5udluse. Nautige oma toitu muretult! Digest Basic on loomulik ja ohutu viis enda abistamiseks. See toode on valmistatud kvaliteetsetest taimsetest ens\u00fc\u00fcmidest!<\/p>","protected":false},"featured_media":23324,"comment_status":"open","ping_status":"closed","template":"","meta":{"_acf_changed":false,"inline_featured_image":false},"etheme_brands":[{"term_id":57,"name":"Enzymedica","slug":"enzymedica","term_group":0,"term_taxonomy_id":57,"taxonomy":"brand","description":"<h2><a href=\"https:\/\/enzymedica.com\/pages\/explore-our-mission\" target=\"_blank\" rel=\"noopener\">Kiekvienas Enzymedica<\/a> produktas:<\/h2>\r\nhttps:\/\/youtu.be\/3ntanNxUev8?t=2\r\n<h3><strong>\u0160varus<\/strong><\/h3>\r\n\"Enzymedica\" nadoja tik gryniausius nat\u016bralius ingredientus ir siekia, kad produktuose neb\u016bt\u0173 dirbtini\u0173 priemai\u0161\u0173. Gamintojas did\u017eiuojasi, kad yra pirmasis \"Clean Label Project\" sertifikuotas papild\u0173 prek\u0117s \u017eenklas, kurio produktuose n\u0117ra daugiau nei 130 ter\u0161al\u0173. Enzymedica saugo visus gerus ingridientus ir niekada nenaudoja dirbtini\u0173 pried\u0173.\r\n<h3><strong>Nepriklausomai sertifikuotas<\/strong><\/h3>\r\nEnzymedica \u012fsipareigojusi laikytis geros gamybos praktikos. \"Enzymedica\" nepriklausomai audituojama \"NSF International\" kompanijos.\r\n<h3><strong>Tyras<\/strong><\/h3>\r\nKiekviena gamybos partija yra kruop\u0161\u010diai i\u0161testuojama vertinant produkt\u0173 grynum\u0105, tod\u0117l u\u017etikrinama, kad tai, kas yra etiket\u0117je, visada yra buteliuke.\r\n<h3><strong>Orentuotas \u012f gyvenimo b\u016bd\u0105<\/strong><\/h3>\r\nKur tik \u012fmanoma \"Enzymedica\" produktai yra sertifikuojami \"Kosher\" \u017eenklu. Kai tik \u012fmanoma naudojami vegetari\u0161ki ir vegani\u0161ki ingredientai.\r\n<h3><strong>Tvarus<\/strong><\/h3>\r\nPlanetos gerov\u0117 yra tokia pat svarbi kaip ir m\u016bs\u0173, tod\u0117l \"Enzymedica\" mano, kad ekologijos svarba yra neatsiejama verslo dalis ir gyvenimo b\u016bdas. \"LEED-Gold Certified\" b\u016bstin\u0117je yra naudojama saul\u0117s energija, u\u017etikrinant geresn\u0119 ateit\u012f planetai.\r\n<h3><strong>Efektyvus<\/strong><\/h3>\r\nGeriausi papildai n\u0117ra kuriami atsitiktinai. \"Enzymedica\" savaranki\u0161kai tikrina, ar visi j\u0173 produktai atitinka grie\u017etus standartus, ir siekdama pagerinti ingridient\u0173 efektyvum\u0105 suk\u016br\u0117 naujas technologijas, tokias kaip \"Therablend\".\r\n<h3><strong>Socialiai s\u0105moningas<\/strong><\/h3>\r\n\"Enzymedica\" tiki \u017emon\u0117mis ir planeta, ir kiekvianam darbuotojui tai svarbu. Filantropija yra \u012fmon\u0117s pagrindas ir remdami \"People &amp; Planet\" iniciatyvas tai tik patvirtina.","parent":0,"count":8,"filter":"raw"}],"product_brand":[],"product_cat":[646,118,23,15],"product_tag":[88,125,126,97,657],"class_list":{"0":"post-15417","1":"product","2":"type-product","3":"status-publish","4":"has-post-thumbnail","6":"brand-enzymedica","7":"product_cat-papildai-moterims","8":"product_cat-fermentai","9":"product_cat-vitaminai","10":"product_cat-produktai","11":"product_tag-aktyviai-organizmo-apykaitai","12":"product_tag-energijai","13":"product_tag-greitam-virskinimui-ir-salinimui","14":"product_tag-svorio-kontrolei","15":"product_tag-virskinimas-mikrobiota-moterims","17":"first","18":"instock","19":"sale","20":"taxable","21":"shipping-taxable","22":"purchasable","23":"product-type-simple"},"acf":[],"_links":{"self":[{"href":"https:\/\/findvit.com\/et\/wp-json\/wp\/v2\/product\/15417","targetHints":{"allow":["GET"]}}],"collection":[{"href":"https:\/\/findvit.com\/et\/wp-json\/wp\/v2\/product"}],"about":[{"href":"https:\/\/findvit.com\/et\/wp-json\/wp\/v2\/types\/product"}],"replies":[{"embeddable":true,"href":"https:\/\/findvit.com\/et\/wp-json\/wp\/v2\/comments?post=15417"}],"version-history":[{"count":6,"href":"https:\/\/findvit.com\/et\/wp-json\/wp\/v2\/product\/15417\/revisions"}],"predecessor-version":[{"id":19521,"href":"https:\/\/findvit.com\/et\/wp-json\/wp\/v2\/product\/15417\/revisions\/19521"}],"wp:featuredmedia":[{"embeddable":true,"href":"https:\/\/findvit.com\/et\/wp-json\/wp\/v2\/media\/23324"}],"wp:attachment":[{"href":"https:\/\/findvit.com\/et\/wp-json\/wp\/v2\/media?parent=15417"}],"wp:term":[{"taxonomy":"brand","embeddable":true,"href":"https:\/\/findvit.com\/et\/wp-json\/wp\/v2\/etheme_brands?post=15417"},{"taxonomy":"product_brand","embeddable":true,"href":"https:\/\/findvit.com\/et\/wp-json\/wp\/v2\/product_brand?post=15417"},{"taxonomy":"product_cat","embeddable":true,"href":"https:\/\/findvit.com\/et\/wp-json\/wp\/v2\/product_cat?post=15417"},{"taxonomy":"product_tag","embeddable":true,"href":"https:\/\/findvit.com\/et\/wp-json\/wp\/v2\/product_tag?post=15417"}],"curies":[{"name":"wp","href":"https:\/\/api.w.org\/{rel}","templated":true}]}}