{"id":16319,"date":"2024-02-20T19:24:51","date_gmt":"2024-02-20T17:24:51","guid":{"rendered":"https:\/\/findvit.com\/?post_type=product&#038;p=16319"},"modified":"2026-03-04T17:48:09","modified_gmt":"2026-03-04T15:48:09","slug":"joninis-cinkas-koncentratas-50ml-kiki-health","status":"publish","type":"product","link":"https:\/\/findvit.com\/et\/produktas\/joninis-cinkas-koncentratas-50ml-kiki-health\/","title":{"rendered":"KIKI Health ionic Zinc, vedel kontsentraat, 50ml"},"content":{"rendered":"<div data-elementor-type=\"product-post\" data-elementor-id=\"16319\" class=\"elementor elementor-16319\" data-elementor-post-type=\"product\">\n\t\t\t\t\t\t<section class=\"elementor-section elementor-top-section elementor-element elementor-element-a226a0d elementor-section-boxed elementor-section-height-default elementor-section-height-default\" data-id=\"a226a0d\" data-element_type=\"section\">\n\t\t\t\t\t\t<div class=\"elementor-container elementor-column-gap-default\">\n\t\t\t\t\t<div class=\"elementor-column elementor-col-100 elementor-top-column elementor-element elementor-element-4a413bf\" data-id=\"4a413bf\" data-element_type=\"column\">\n\t\t\t<div class=\"elementor-widget-wrap elementor-element-populated\">\n\t\t\t\t\t\t<div class=\"elementor-element elementor-element-3117dbb elementor-absolute elementor-hidden-mobile elementor-invisible elementor-widget elementor-widget-image\" data-id=\"3117dbb\" data-element_type=\"widget\" data-settings=\"{&quot;motion_fx_motion_fx_scrolling&quot;:&quot;yes&quot;,&quot;motion_fx_rotateZ_effect&quot;:&quot;yes&quot;,&quot;motion_fx_rotateZ_speed&quot;:{&quot;unit&quot;:&quot;px&quot;,&quot;size&quot;:5,&quot;sizes&quot;:[]},&quot;motion_fx_range&quot;:&quot;viewport&quot;,&quot;_animation&quot;:&quot;fadeIn&quot;,&quot;_position&quot;:&quot;absolute&quot;,&quot;motion_fx_rotateZ_affectedRange&quot;:{&quot;unit&quot;:&quot;%&quot;,&quot;size&quot;:&quot;&quot;,&quot;sizes&quot;:{&quot;start&quot;:0,&quot;end&quot;:100}},&quot;motion_fx_devices&quot;:[&quot;desktop&quot;,&quot;tablet&quot;,&quot;mobile&quot;]}\" data-widget_type=\"image.default\">\n\t\t\t\t<div class=\"elementor-widget-container\">\n\t\t\t\t\t\t\t\t\t\t\t\t\t\t\t<img loading=\"lazy\" decoding=\"async\" width=\"200\" height=\"200\" src=\"https:\/\/findvit.com\/wp-content\/uploads\/2021\/09\/ratukas.svg\" class=\"attachment-full size-full wp-image-1777\" alt=\"Ratas ankeedist vitamiinini\" \/>\t\t\t\t\t\t\t\t\t\t\t\t\t\t\t<\/div>\n\t\t\t\t<\/div>\n\t\t\t\t\t<\/div>\n\t\t<\/div>\n\t\t\t\t\t<\/div>\n\t\t<\/section>\n\t\t\t\t<section class=\"elementor-section elementor-top-section elementor-element elementor-element-366c346 elementor-section-boxed elementor-section-height-default elementor-section-height-default\" data-id=\"366c346\" data-element_type=\"section\">\n\t\t\t\t\t\t<div class=\"elementor-container elementor-column-gap-no\">\n\t\t\t\t\t<div class=\"elementor-column elementor-col-50 elementor-top-column elementor-element elementor-element-e3154fc\" data-id=\"e3154fc\" data-element_type=\"column\">\n\t\t\t<div class=\"elementor-widget-wrap elementor-element-populated\">\n\t\t\t\t\t\t<div class=\"elementor-element elementor-element-51b6270 elementor-widget elementor-widget-heading\" data-id=\"51b6270\" data-element_type=\"widget\" data-widget_type=\"heading.default\">\n\t\t\t\t<div class=\"elementor-widget-container\">\n\t\t\t\t\t<h2 class=\"elementor-heading-title elementor-size-medium\">KIKI Health ionic Zinc, vedel kontsentraat, 50ml<\/h2>\t\t\t\t<\/div>\n\t\t\t\t<\/div>\n\t\t\t\t<div class=\"elementor-element elementor-element-c233cae elementor-widget elementor-widget-text-editor\" data-id=\"c233cae\" data-element_type=\"widget\" data-widget_type=\"text-editor.default\">\n\t\t\t\t<div class=\"elementor-widget-container\">\n\t\t\t\t\t\t\t\t\t<p><strong>Iooniline tsink<\/strong> on revolutsiooniline lisand, <strong>loodud<\/strong> et saaksite optimaalse koguse tsinki.<\/p><p>See ainulaadne vedel kontsentraat on valmistatud <strong>100% looduslikud mineraalid<\/strong>, ekstraheeritakse otse maapinnast ja segatakse deioniseeritud veega, et tagada kiire ja 100% k\u00e4ttesaadavus.<\/p><p>Tsink<strong> on h\u00e4davajalik mineraal<\/strong>, mida vajavad k\u00f5ik keharakud. See on oluline paljude funktsioonide jaoks, n\u00e4iteks:<\/p><ul><li>tavaliselt oluline <br \/><strong>happe-aluse metabolism<\/strong><\/li><li>tavaliselt oluline <br \/><strong>s\u00fcsivesikute ainevahetus<\/strong><\/li><li>tavaliselt oluline <br \/><strong>DNA s\u00fcnteesi jaoks<\/strong><\/li><li>normaalse jaoks oluline <br \/><strong>viljakus ja paljunemine<\/strong><\/li><li>tavaliselt oluline <br \/><strong>luu seisund<\/strong> toetada<\/li><li>tavaliselt oluline <br \/><strong>k\u00fc\u00fcnte seisundi s\u00e4ilitamiseks<\/strong><\/li><li>tavaliselt oluline <br \/>naha ja juuste seisundi s\u00e4ilitamiseks<\/li><\/ul><h3><strong>LIHTNE KASUTADA<\/strong><\/h3><p>Lihtsalt lisage m\u00f5ni tilk klaasi veele. See toode on <strong>suurep\u00e4rane valik<\/strong> inimestele, kes soovivad t\u00e4iendada oma dieeti m\u00f5ne olulise mikroelemendiga, kuid ei soovi kasutada tablette ega kapsleid.<\/p><p><strong>KIKI Tervis Joninis Zincas<\/strong> on kerge, nii et tunnete viivituseta, mida see annab.<\/p><p>Kasutades <strong>doseerimispipetti<\/strong>, on soovitatav kasutada alates 0,5 ml-st ja suurendada 2 ml-ni. <strong>Klaasi vees<\/strong> v\u00f5i mahla p\u00e4rast s\u00f6\u00f6ki.<\/p><h3><strong>ERISTE TEISTEST SILMA<\/strong><\/h3><p>Erinevalt teistest tsingi vormidest on vedel ioonne tsink <strong>kergesti vastu v\u00f5etud<\/strong> ja sellel pole k\u00f5rvalm\u00f5jusid.<\/p><p>Vedel ioonne tsink on valmistatud looduslikust allikast \u2013 mis on rikastatud tsingiga.<\/p><h3><strong>V\u00d5IB V\u00d5IMALUSTEGA<\/strong><\/h3><p>Vedelat ioonset tsinki kombineeritakse ka teiste mikroelementidega, et aidata kaasa paremale imendumisele ja kasulikkusele.<\/p><h3><strong>V\u00c4\u00c4RTUSLIK PALJUDELE<\/strong>\u00a0<\/h3><p><strong>Samuti on soovitatav kasutada<\/strong>, taimetoitlust v\u00f5i vegantoitu propageerivad inimesed, rasedad ja imetavad naised, mao- ja soolehaiguste, krooniliste neeruhaigustega inimesed, alkoholi kuritarvitajad, alatoidetud v\u00f5i toitumish\u00e4iretega inimesed.<\/p><h3><strong>LOODUSEST<\/strong><\/h3><p><b>Ioonilised mineraalid <\/b>on looduse poolt loodud, nagu ka toidus leiduvad <strong>mikroelemendid<\/strong>.<\/p><h3><strong>PUHTUS<\/strong><\/h3><p>Lisaks on see toode looduslikult gluteeni- ja nisuvaba, ei sisalda kunstlikke v\u00e4rvaineid, s\u00e4ilitusaineid, magusaineid ega t\u00e4iteaineid, mist\u00f5ttu on see suurep\u00e4rane valik neile, kes otsivad looduslikke ja tervislikke toidulisandeid.<\/p><p><strong>KIKI Health Ionic Tsink<\/strong> on h\u00f5lpsasti integreeritav teie igap\u00e4evasesse rutiini, pakkudes teile vajalikku paindlikkust ja mugavust, et toetada seda, mida soovite.<\/p><h3><strong>K\u00d5RGEIMAD STANDARDID<\/strong><\/h3><p>Valides <strong>KIKI Tervis Joninis Cinkas<\/strong>, valite esmaklassilise toote, mis on loodud teie vajadusi silmas pidades.<\/p><p>See ei ole lihtsalt toidulisand, see on investeering teie eesm\u00e4rkidesse, et tagada teile vajaliku tsingi saamine.<\/p><h3><strong>KASU<\/strong><\/h3><p>Muutke see looduslik tsingiallikas oma igap\u00e4evase rutiini osaks ja nautige k\u00f5iki selle pakutavaid eeliseid.<\/p><p>Kuidas <strong>teada saada<\/strong> millised vitamiinid, mineraalid v\u00f5i muud toidulisandid <strong>hetkel k\u00f5ige sobivam<\/strong>? <strong>Proovi seda<\/strong> tasuta test <a href=\"https:\/\/findvit.com\/et\/testas\/\"><strong>&quot;Sinu p\u00e4ev&quot; <\/strong><\/a>! kus <strong>saad teada<\/strong> keha vajadused ja <strong>sa saad<\/strong> <strong>isiklik<\/strong> soovitus!<\/p><h5>\u00a0<\/h5>\t\t\t\t\t\t\t\t<\/div>\n\t\t\t\t<\/div>\n\t\t\t\t\t<\/div>\n\t\t<\/div>\n\t\t\t\t<div class=\"elementor-column elementor-col-50 elementor-top-column elementor-element elementor-element-c89ad6b\" data-id=\"c89ad6b\" data-element_type=\"column\">\n\t\t\t<div class=\"elementor-widget-wrap elementor-element-populated\">\n\t\t\t\t\t\t<div class=\"elementor-element elementor-element-2962464 elementor-widget elementor-widget-image\" data-id=\"2962464\" data-element_type=\"widget\" data-widget_type=\"image.default\">\n\t\t\t\t<div class=\"elementor-widget-container\">\n\t\t\t\t\t\t\t\t\t\t\t\t\t\t\t<img loading=\"lazy\" decoding=\"async\" width=\"900\" height=\"900\" src=\"https:\/\/findvit.com\/wp-content\/uploads\/2021\/10\/Ko-3-900x900.jpg\" class=\"attachment-large size-large wp-image-2469\" alt=\"spordi tervise kollaa\u017e\" srcset=\"https:\/\/findvit.com\/wp-content\/uploads\/2021\/10\/Ko-3-900x900.jpg 900w, https:\/\/findvit.com\/wp-content\/uploads\/2021\/10\/Ko-3-600x600.jpg 600w, https:\/\/findvit.com\/wp-content\/uploads\/2021\/10\/Ko-3-150x150.jpg 150w, https:\/\/findvit.com\/wp-content\/uploads\/2021\/10\/Ko-3-768x768.jpg 768w, https:\/\/findvit.com\/wp-content\/uploads\/2021\/10\/Ko-3-1x1.jpg 1w, https:\/\/findvit.com\/wp-content\/uploads\/2021\/10\/Ko-3-10x10.jpg 10w, https:\/\/findvit.com\/wp-content\/uploads\/2021\/10\/Ko-3-100x100.jpg 100w, https:\/\/findvit.com\/wp-content\/uploads\/2021\/10\/Ko-3.jpg 1000w\" sizes=\"auto, (max-width: 900px) 100vw, 900px\" \/>\t\t\t\t\t\t\t\t\t\t\t\t\t\t\t<\/div>\n\t\t\t\t<\/div>\n\t\t\t\t\t<\/div>\n\t\t<\/div>\n\t\t\t\t\t<\/div>\n\t\t<\/section>\n\t\t\t\t<\/div>","protected":false},"excerpt":{"rendered":"<p>Iooniline tsink on 100% looduslik, kiiresti imenduv tsingiallikas, mis aitab s\u00e4ilitada normaalset immuuns\u00fcsteemi funktsiooni, nahka, juukseid ja k\u00fc\u00fcsi. Seda kontsentraati on lihtne kasutada, lisage vaid paar tilka veele ja teie keha saab olulise mikroelemendi tsingi.<\/p>","protected":false},"featured_media":23162,"comment_status":"open","ping_status":"closed","template":"","meta":{"_acf_changed":false,"inline_featured_image":false},"etheme_brands":[{"term_id":28,"name":"Kiki Health","slug":"kiki-health","term_group":0,"term_taxonomy_id":28,"taxonomy":"brand","description":"<h2><a href=\"https:\/\/kiki-health.com\/about-us\/\" target=\"_blank\" rel=\"noopener\"><strong>KIKI Health<\/strong><\/a><\/h2>\r\nKIKI yra prek\u0117s \u017eenklas, kuriantis novatori\u0161kus maisto papildus.\r\n\r\nKIKI yra pripa\u017eintas ir gerbiamas, kaip sveikos gyvensenos produkt\u0173 ir individualumo bei meistri\u0161kumo standartas.\r\n\r\nKIKI gim\u0117 i\u0161 noro skatinti optimali\u0105 sveikat\u0105 ir gerov\u0119, m\u016bs\u0173 tikslas ir aistra yra \u012fsigyti auk\u0161\u010diausios kokyb\u0117s, grynumo produktus i\u0161 viso pasaulio, kurie pad\u0117t\u0173 gro\u017eiui ir sveikatai.\r\n\r\nNuo pat prad\u017ei\u0173 ir iki \u0161iol KIKI Health niekada nedaro kompromis\u0173 ir nededa pried\u0173 bei naudoja prastesni\u0173 ingredient\u0173 - tik nat\u016bralios 100% veikliosios med\u017eiagos.\r\n\r\nhttps:\/\/youtu.be\/irT0ZUOzBac?t=45\r\n<h3><strong>Nat\u016braliai turtingi <\/strong><strong>vitaminais, mineralais ir b\u016btinomis\u00a0 veikliosiomis med\u017eiagomis<\/strong><\/h3>\r\nDaugelis \"KIKI Health\" produkt\u0173 turintys augalini\u0173 ir maistini\u0173 med\u017eiag\u0173\u00a0 yra sertifikuoti, kaip ekologi\u0161ki.\r\n\r\nI\u0161naudodami stiprias augalin\u0117s kilm\u0117s, nat\u016brali\u0173 ingredient\u0173 galias, kupinas esmini\u0173 augal\u0173 veikli\u0173j\u0173 med\u017eiag\u0173, vitamin\u0173 ir mineral\u0173, kad suteikt\u0173 smegenims, odai ir k\u016bnui neprilygstam\u0105 pagalb\u0105.\r\n\r\nKIKI Health tikslas yra u\u017etikrinti, kad mi\u0161iniuose neb\u016bt\u0173 sintetikos, konservant\u0173, u\u017epild\u0173 ir ri\u0161ikli\u0173, u\u017etikrinant, kad ir toliau gamint\u0173 veiksmingus, \u0161varius ir saugius papildus.\r\n\r\nPagaminta Jungtin\u0117je Karalyst\u0117je i\u0161 \u0161vari\u0173 ir tvari\u0173 ingredient\u0173.\r\n<h3><strong>Atsakingumas<\/strong><\/h3>\r\nU\u017etikrindami, kad produktai b\u016bt\u0173 atsakingai u\u017eauginti, ne tik r\u016bpinamasi aplinka, bet ir garantuojama produkto kokyb\u0119. KIKI Healt specialistai keliauja po pasaul\u012f ie\u0161kodami ekologi\u0161k\u0173, eti\u0161kai gaut\u0173 ingredient\u0173, pasi\u017eymin\u010di\u0173 geresne maistine verte, kartu pad\u0117dami vietos bendruomen\u0117ms klest\u0117ti. Maisto gamybos b\u016bdas yra labai svarbus daugeliui vartotoj\u0173, ir tai kelia susir\u016bpinim\u0105, kur\u012f mes dalijam\u0117s.\r\n<h3><strong>Minimalus apdorojimas<\/strong><\/h3>\r\nNor\u0117dami pasiekti optimal\u0173 biologin\u012f prieinamum\u0105, stengiamasi, kad ingredientai b\u016bt\u0173 kuo ar\u010diau j\u0173 nat\u016bralios b\u016bkl\u0117s. Laikomasi minimalaus perdirbimo ir kontroliuojama temperat\u016bros, i\u0161kart po derliaus nu\u0117mimo, kad b\u016bt\u0173 i\u0161laikoma visa nauda sveikatai ir gyvybi\u0161kai svarbios maistin\u0117s med\u017eiagos.\r\n\r\n<strong>Produktuose n\u0117ra<\/strong>: sintetikos, dirbtini\u0173 da\u017eikli\u0173 ir kvapi\u0173j\u0173 med\u017eiag\u0173, u\u017epild\u0173, ri\u0161ikli\u0173, dengimo med\u017eiag\u0173, lipnum\u0105 reguliuojan\u010di\u0173 med\u017eiag\u0173, cukr\u0173, glitimo, GMO, laktoz\u0117s, konservant\u0173, pagalbini\u0173 med\u017eiag\u0173.\r\n\r\nVisi ingredientai ir galutiniai produktai yra reguliariai tikrinami tre\u010diosios \u0161alies laboratorijoje. U\u017etikrinama, kad kiekviena partija b\u016bt\u0173 i\u0161bandyta d\u0117l sunki\u0173j\u0173 metal\u0173, mikroorganizm\u0173 ir pesticid\u0173 laikantis grie\u017et\u0173 kokyb\u0117s kontrol\u0117s s\u0105lyg\u0173, o rezultatai atitikt\u0173 ES ir JK ribinius reglamentus, \u012fskaitant ekologinio \u016bkininkavimo standartus.","parent":0,"count":28,"filter":"raw"}],"product_brand":[],"product_cat":[646,645,63,15,124],"product_tag":[660,91,95,101,121],"class_list":{"0":"post-16319","1":"product","2":"type-product","3":"status-publish","4":"has-post-thumbnail","6":"brand-kiki-health","7":"product_cat-papildai-moterims","8":"product_cat-geriausi-papildai-vyrams","9":"product_cat-mineralai","10":"product_cat-produktai","11":"product_cat-siamsezonui","12":"product_tag-esminiai-vitaminai-moterims","13":"product_tag-imunitetui","14":"product_tag-puikiai-isvaizdai","15":"product_tag-ramiam-miegui","16":"product_tag-zvilgantiems-plaukams","18":"first","19":"instock","20":"sale","21":"taxable","22":"shipping-taxable","23":"purchasable","24":"product-type-simple"},"acf":[],"_links":{"self":[{"href":"https:\/\/findvit.com\/et\/wp-json\/wp\/v2\/product\/16319","targetHints":{"allow":["GET"]}}],"collection":[{"href":"https:\/\/findvit.com\/et\/wp-json\/wp\/v2\/product"}],"about":[{"href":"https:\/\/findvit.com\/et\/wp-json\/wp\/v2\/types\/product"}],"replies":[{"embeddable":true,"href":"https:\/\/findvit.com\/et\/wp-json\/wp\/v2\/comments?post=16319"}],"version-history":[{"count":17,"href":"https:\/\/findvit.com\/et\/wp-json\/wp\/v2\/product\/16319\/revisions"}],"predecessor-version":[{"id":18746,"href":"https:\/\/findvit.com\/et\/wp-json\/wp\/v2\/product\/16319\/revisions\/18746"}],"wp:featuredmedia":[{"embeddable":true,"href":"https:\/\/findvit.com\/et\/wp-json\/wp\/v2\/media\/23162"}],"wp:attachment":[{"href":"https:\/\/findvit.com\/et\/wp-json\/wp\/v2\/media?parent=16319"}],"wp:term":[{"taxonomy":"brand","embeddable":true,"href":"https:\/\/findvit.com\/et\/wp-json\/wp\/v2\/etheme_brands?post=16319"},{"taxonomy":"product_brand","embeddable":true,"href":"https:\/\/findvit.com\/et\/wp-json\/wp\/v2\/product_brand?post=16319"},{"taxonomy":"product_cat","embeddable":true,"href":"https:\/\/findvit.com\/et\/wp-json\/wp\/v2\/product_cat?post=16319"},{"taxonomy":"product_tag","embeddable":true,"href":"https:\/\/findvit.com\/et\/wp-json\/wp\/v2\/product_tag?post=16319"}],"curies":[{"name":"wp","href":"https:\/\/api.w.org\/{rel}","templated":true}]}}