{"id":1704,"date":"2021-10-08T11:03:21","date_gmt":"2021-10-08T08:03:21","guid":{"rendered":"https:\/\/findvit.com\/?post_type=product&#038;p=1704"},"modified":"2026-04-13T13:56:59","modified_gmt":"2026-04-13T10:56:59","slug":"skysta-jonine-gelezis-su-72-juros-mineralu-kompleksu-concentrace-22-mg","status":"publish","type":"product","link":"https:\/\/findvit.com\/et\/produktas\/skysta-jonine-gelezis-su-72-juros-mineralu-kompleksu-concentrace-22-mg\/","title":{"rendered":"Trace Miners Ionic Raud mineraalidega, vedel 56 ml"},"content":{"rendered":"<div data-elementor-type=\"product-post\" data-elementor-id=\"1704\" class=\"elementor elementor-1704\" data-elementor-post-type=\"product\">\n\t\t\t\t\t\t<section class=\"elementor-section elementor-top-section elementor-element elementor-element-a59e448 elementor-section-boxed elementor-section-height-default elementor-section-height-default\" data-id=\"a59e448\" data-element_type=\"section\">\n\t\t\t\t\t\t<div class=\"elementor-container elementor-column-gap-default\">\n\t\t\t\t\t<div class=\"elementor-column elementor-col-100 elementor-top-column elementor-element elementor-element-6ab7f8c\" data-id=\"6ab7f8c\" data-element_type=\"column\">\n\t\t\t<div class=\"elementor-widget-wrap elementor-element-populated\">\n\t\t\t\t\t\t<div class=\"elementor-element elementor-element-275c9dd elementor-absolute elementor-hidden-mobile elementor-invisible elementor-widget elementor-widget-image\" data-id=\"275c9dd\" data-element_type=\"widget\" data-settings=\"{&quot;motion_fx_motion_fx_scrolling&quot;:&quot;yes&quot;,&quot;motion_fx_rotateZ_effect&quot;:&quot;yes&quot;,&quot;motion_fx_rotateZ_speed&quot;:{&quot;unit&quot;:&quot;px&quot;,&quot;size&quot;:5,&quot;sizes&quot;:[]},&quot;motion_fx_range&quot;:&quot;viewport&quot;,&quot;_animation&quot;:&quot;fadeIn&quot;,&quot;_position&quot;:&quot;absolute&quot;,&quot;motion_fx_rotateZ_affectedRange&quot;:{&quot;unit&quot;:&quot;%&quot;,&quot;size&quot;:&quot;&quot;,&quot;sizes&quot;:{&quot;start&quot;:0,&quot;end&quot;:100}},&quot;motion_fx_devices&quot;:[&quot;desktop&quot;,&quot;tablet&quot;,&quot;mobile&quot;]}\" data-widget_type=\"image.default\">\n\t\t\t\t<div class=\"elementor-widget-container\">\n\t\t\t\t\t\t\t\t\t\t\t\t\t\t\t<img loading=\"lazy\" decoding=\"async\" width=\"200\" height=\"200\" src=\"https:\/\/findvit.com\/wp-content\/uploads\/2021\/09\/ratukas.svg\" class=\"attachment-full size-full wp-image-1777\" alt=\"Ratas ankeedist vitamiinini\" \/>\t\t\t\t\t\t\t\t\t\t\t\t\t\t\t<\/div>\n\t\t\t\t<\/div>\n\t\t\t\t\t<\/div>\n\t\t<\/div>\n\t\t\t\t\t<\/div>\n\t\t<\/section>\n\t\t\t\t<section class=\"elementor-section elementor-top-section elementor-element elementor-element-69545f3 elementor-section-boxed elementor-section-height-default elementor-section-height-default\" data-id=\"69545f3\" data-element_type=\"section\">\n\t\t\t\t\t\t<div class=\"elementor-container elementor-column-gap-no\">\n\t\t\t\t\t<div class=\"elementor-column elementor-col-50 elementor-top-column elementor-element elementor-element-b1440a1\" data-id=\"b1440a1\" data-element_type=\"column\">\n\t\t\t<div class=\"elementor-widget-wrap elementor-element-populated\">\n\t\t\t\t\t\t<div class=\"elementor-element elementor-element-83478ab elementor-widget elementor-widget-heading\" data-id=\"83478ab\" data-element_type=\"widget\" data-widget_type=\"heading.default\">\n\t\t\t\t<div class=\"elementor-widget-container\">\n\t\t\t\t\t<h4 class=\"elementor-heading-title elementor-size-default\">Trace Miners Ionic Raud mineraalidega, vedel 56 ml<\/h4>\t\t\t\t<\/div>\n\t\t\t\t<\/div>\n\t\t\t\t<div class=\"elementor-element elementor-element-245a362 elementor-widget elementor-widget-text-editor\" data-id=\"245a362\" data-element_type=\"widget\" data-widget_type=\"text-editor.default\">\n\t\t\t\t<div class=\"elementor-widget-container\">\n\t\t\t\t\t\t\t\t\t<p>Liquid Ionic Iron on revolutsiooniline toode, mis <strong>annab<\/strong> Sinu jaoks h\u00e4davajalik mineraal \u2013 raud \u2013 mugavas ja paremas vormis.<\/p><p>See h\u00e4sti hinnatud toidulisand on loodud <strong>kasutades arenenud tehnoloogiat<\/strong>, mis v\u00f5imaldab muuta raua ioonseks vormiks.<\/p><p>See t\u00e4hendab, et see raud on erinev ja sellel on erinevad omadused v\u00f5rreldes traditsiooniliste raualisanditega.<\/p><p>Raud <strong>on oluline<\/strong> ja annab meile l\u00f5putuid eeliseid:<\/p><ul><li>Raud on tavaliselt oluline <br \/>energia metabolism<\/li><li>Raud on tavaliselt oluline <br \/>punased verelibled<br \/>vereloomet ja hemoglobiini <br \/>moodustamine<\/li><li>Raud on tavaliselt oluline <br \/>immuuns\u00fcsteemi aktiivsus<\/li><li>Raud aitab v\u00e4hendada <br \/>v\u00e4simustunne ja <br \/>v\u00e4simus<\/li><\/ul><p>Kahjuks ei saa osa inimesi igap\u00e4evasest toidust piisavalt rauda, mis v\u00f5ib viia rauapuuduse s\u00fcmptomiteni.<\/p><p>Liquid Ionic Iron on suurep\u00e4rane valik neile, kes m\u00f5istavad ioonse vedeliku vormi kvaliteeti ja erinevust traditsioonilistest lahendustest.<\/p><p>Kasulik raud <strong>saada<\/strong> v\u00f5imalikult loomulikul ja t\u00f5husamal viisil.<\/p><h3><strong>Parimad hinnangud<\/strong><\/h3><p><strong>H\u00e4sti hinnatud<\/strong>, sest seda on v\u00e4ga mugav kasutada \u2013 lihtsalt lisa oma lemmikjoogile ja -joogile soovitatav annus.<\/p><p>Tracemineraalide vedel ioonne raud on valmistatud looduslikest koostisosadest ning on gluteenivaba, mitte-GMO ja veganis\u00f5bralik.<\/p><p>See t\u00e4hendab, et teie <strong>v\u00f5id kindel olla<\/strong>, et saate ohutu ja tervisliku toote.<\/p><p>Lisaks toodab Ionic Iron&#039;i mineraallisandite liider Trace Minerals Research. Nad on tuntud oma kvaliteetsete toodete ja teaduslikult p\u00f5hjendatud koostiste poolest.<\/p><p>Pidage meeles, et kuigi vedel ioonraud on suurep\u00e4rane viis raua lisamiseks oma dieeti, ei tohiks seda kasutada ainsa v\u00f5imalusena rauapuuduse raviks.<\/p><p>Enne toidulisandite v\u00f5tmist peaksite alati konsulteerima tervishoiut\u00f6\u00f6tajaga.<\/p><p>Telli kohe ja <strong>tunneta erinevust<\/strong>!<\/p><p>Ioonne raud on rikastatud mineraalidega, mis muudavad selle toidulisandi ainulaadseks k\u00f5igi toidulisandite seas maailmas.<\/p><p><b>Ioonilised mineraalid <\/b>on looduse poolt loodud, nagu ka toidus leiduvad <strong>mikroelemendid<\/strong>. Nende bioloogiliselt aktiivsete, vees lahustuvate mineraalide moodustumiseks kulub aastaid.\u00a0 <strong>ConcenTrace<\/strong> materjal ammutatakse Suurest Soolaj\u00e4rvest spetsiaalse aurustustehnoloogia abil loodust kahjustamata.<\/p><p>See j\u00e4rv on k\u00fcllastunud mineraalidega, mis on siia kogunenud tuhandeid aastaid. ConcenTrace&#039;ist eemaldatakse kuni 99 % naatriumi, j\u00e4ttes u. <strong>72 erinevat mineraali ioonsel kujul.<\/strong>\u00a0<\/p><p>Kui te pole kindel, millised vitamiinid v\u00f5i muud toidulisandid <strong>hetkel k\u00f5ige sobivam<\/strong>, tehke test <a href=\"https:\/\/findvit.com\/et\/testas\/\"><strong>&quot;Sinu p\u00e4ev&quot;<\/strong> <\/a>ja teada saada\u00a0 <strong>isiklik<\/strong> soovitus!<\/p>\t\t\t\t\t\t\t\t<\/div>\n\t\t\t\t<\/div>\n\t\t\t\t\t<\/div>\n\t\t<\/div>\n\t\t\t\t<div class=\"elementor-column elementor-col-50 elementor-top-column elementor-element elementor-element-faf7f2b\" data-id=\"faf7f2b\" data-element_type=\"column\">\n\t\t\t<div class=\"elementor-widget-wrap elementor-element-populated\">\n\t\t\t\t\t\t<div class=\"elementor-element elementor-element-e97e186 elementor-widget elementor-widget-image\" data-id=\"e97e186\" data-element_type=\"widget\" data-widget_type=\"image.default\">\n\t\t\t\t<div class=\"elementor-widget-container\">\n\t\t\t\t\t\t\t\t\t\t\t\t\t\t\t<img loading=\"lazy\" decoding=\"async\" width=\"900\" height=\"900\" src=\"https:\/\/findvit.com\/wp-content\/uploads\/2021\/10\/Ko-3-900x900.jpg\" class=\"attachment-large size-large wp-image-2469\" alt=\"spordi tervise kollaa\u017e\" srcset=\"https:\/\/findvit.com\/wp-content\/uploads\/2021\/10\/Ko-3-900x900.jpg 900w, https:\/\/findvit.com\/wp-content\/uploads\/2021\/10\/Ko-3-600x600.jpg 600w, https:\/\/findvit.com\/wp-content\/uploads\/2021\/10\/Ko-3-150x150.jpg 150w, https:\/\/findvit.com\/wp-content\/uploads\/2021\/10\/Ko-3-768x768.jpg 768w, https:\/\/findvit.com\/wp-content\/uploads\/2021\/10\/Ko-3-1x1.jpg 1w, https:\/\/findvit.com\/wp-content\/uploads\/2021\/10\/Ko-3-10x10.jpg 10w, https:\/\/findvit.com\/wp-content\/uploads\/2021\/10\/Ko-3-100x100.jpg 100w, https:\/\/findvit.com\/wp-content\/uploads\/2021\/10\/Ko-3.jpg 1000w\" sizes=\"auto, (max-width: 900px) 100vw, 900px\" \/>\t\t\t\t\t\t\t\t\t\t\t\t\t\t\t<\/div>\n\t\t\t\t<\/div>\n\t\t\t\t\t<\/div>\n\t\t<\/div>\n\t\t\t\t\t<\/div>\n\t\t<\/section>\n\t\t\t\t<\/div>","protected":false},"excerpt":{"rendered":"<p>Vedel ioonne raud meremineraalide kompleksiga. Kontsentreeritud, pakkudes rauda ioonsel, biosaadaval kujul. Sobib kasutamiseks rasedatele ja imetavatele naistele. Mugav doseerimispipett. See v\u00f5tab aega kuni 46 p\u00e4eva.<\/p>","protected":false},"featured_media":23299,"comment_status":"open","ping_status":"closed","template":"","meta":{"_acf_changed":false,"inline_featured_image":false},"etheme_brands":[{"term_id":38,"name":"Trace Minerals","slug":"trace-minerals","term_group":0,"term_taxonomy_id":38,"taxonomy":"brand","description":"<h2><strong>Trace minerals<\/strong><\/h2>\r\n\"Trace Minerals\" yra \u017einomas jonini\u0173 mineralini\u0173 papild\u0173 prek\u0117s \u017eenklas, kuriuo pasitikima beveik 50 met\u0173.\r\n\r\n<strong>Gamintojo misija<\/strong>\r\n\r\n\"Trace Minerals\" mato pasaul\u012f, kuriame \u017emon\u0117s yra\r\natsakingi u\u017e savo sveikat\u0105. Laikas, kai visi \u017emon\u0117s yra nori ir gali\r\ngyventi sveikiau. Joniniai mineralai yra pasiekiami visiems norintiems. Daugiau nei 50 met\u0173 \"Trace Minerals\" prek\u0117s \u017eenklo\r\nproduktai visame pasaulyje buvo pripa\u017einti jonini\u0173 produkt\u0173 pradininkais.\r\n\r\nVisus 50 met\u0173 Trace Minerals vertyb\u0117s yra:\r\n\r\n1. Bekompromis\u0117 kokyb\u0117, nuo kurios priklauso \u017emoni\u0173 savijauta.\r\n2. Neprilygstama aptarnavimas, kuris leid\u017eia klientams \u0161ypsotis.\r\n3. Nuolatinis pajam\u0173 augimas diegiant inovacijas ir kuriant produktus.\r\n4. Ugdomieji u\u017esi\u0117mimai.\r\n5. Lyderyst\u0117 savo srities pramon\u0117je.\r\n6. Lojalumas ir s\u0105\u017einingumas patikimiems darbuotojams ir verslo partneriams.\r\n<h3><strong>Garantija<\/strong><\/h3>\r\nGamintojas tiki, kad maisto papildai tur\u0117t\u0173 atne\u0161ti pastebimus\r\nrezultatus. Trace minerals \u012fsipareigojimas siekti pastebim\u0173 rezultat\u0173 yra\r\n\"Trace Minerals research\" filosofija.\r\n\r\nBeveik penkis de\u0161imtme\u010dius \"Trace Minerals\" prek\u0117s \u017eenklo produktai pad\u0117jo \u017emon\u0117ms priimti pagr\u012fstus sprendimus pasirenkant tinkamus produktus. Trce Minerals t\u0119stinis \u012fsipareigojimas yra paprastas: gaminti auk\u0161\u010diausios kokyb\u0117s produktus, paremtus moksliniais tyrimais, pagamintus u\u017e teising\u0105 kain\u0105 ir garantuojama, kad bus\r\npagerinti gyvenimai t\u0173, kurie vartoja kokybi\u0161kus produktus. Trace minerals visada tai dar\u0117 ir toliau t\u0105 darys.\r\n\r\nhttps:\/\/youtu.be\/hbeINVcx5FY?t=77\r\n<h3><strong>Mokslas ir tyrimai<\/strong><\/h3>\r\nGamintojas gavo \u0161e\u0161i\u0173 m\u0117nesi\u0173 klinikinio tyrimo \"ConcenTrace\u00ae\" rezultatus. \"Trace Mineral Drops\", jo pavyzdinis jonini\u0173 mineralinis papildas, kuriame yra visas spektras nat\u016braliai atsirandan\u010di\u0173 mikroelement\u0173.\r\n\r\nDalyviams buvo skiriama po 40 la\u0161\u0173 ConcenTrace\u00ae arba placebo per par\u0105\r\n24 savaites. Tyrime teigiama, kad \"veiksmingum\u0105 objektyviai patvirtino\r\n\u012fvertinti s\u0105nari\u0173 kremzl\u0117s storio, s\u0105nario erdv\u0117s plo\u010dio poky\u010dius\r\nir sinovinio skys\u010dio sud\u0117tis\". 24 savai\u010di\u0173 rezultatai rodo, kad \"ultrasonografija ir sinovinio skys\u010dio tyrimas atskleid\u0117 kremzl\u0117s\r\nstrukt\u016bros pager\u0117jim\u0105\".\r\n\r\n\u0160is preliminarus tyrimas parodo, kad ConcenTrace\u00ae pagerina s\u0105nari\u0173 sveikat\u0105.\r\n<h3><strong>Sertifikatai<\/strong><\/h3>\r\nKokyb\u0117 visada buvo svarbiausias <a href=\"https:\/\/www.traceminerals.com\/\" target=\"_blank\" rel=\"noopener\">\"Trace Minerals\"<\/a> prioritetas. Per daugel\u012f met\u0173\u00a0 akylai tobulino gamybos procesus. Tikima, kad geriausi procesai padeda gaminti geriausius ir sveikiausius produktus. Tai yra pagrindin\u0117 prie\u017eastis, kod\u0117l grie\u017etai kontroliuojama produkt\u0173 kokyb\u0117 ir kod\u0117l turima daugyb\u0117 sertifikat\u0173.\r\n<ul>\r\n \t<li><a href=\"https:\/\/grmalliance.org\/\" target=\"_blank\" rel=\"noopener\">GRMA\/UL GMP Certified<\/a><\/li>\r\n \t<li>GRAS Certified<\/li>\r\n \t<li>BPA Free<\/li>\r\n \t<li>Kosher<\/li>\r\n \t<li>Halal<\/li>\r\n \t<li>Non-GMO Verified<\/li>\r\n \t<li>Transparency<\/li>\r\n<\/ul>","parent":0,"count":19,"filter":"raw"}],"product_brand":[],"product_cat":[646,651,15,124],"product_tag":[660],"class_list":{"0":"post-1704","1":"product","2":"type-product","3":"status-publish","4":"has-post-thumbnail","6":"brand-trace-minerals","7":"product_cat-papildai-moterims","8":"product_cat-vitaminai-ir-papildai-ziemai","9":"product_cat-produktai","10":"product_cat-siamsezonui","11":"product_tag-esminiai-vitaminai-moterims","13":"first","14":"instock","15":"sale","16":"taxable","17":"shipping-taxable","18":"purchasable","19":"product-type-simple"},"acf":[],"_links":{"self":[{"href":"https:\/\/findvit.com\/et\/wp-json\/wp\/v2\/product\/1704","targetHints":{"allow":["GET"]}}],"collection":[{"href":"https:\/\/findvit.com\/et\/wp-json\/wp\/v2\/product"}],"about":[{"href":"https:\/\/findvit.com\/et\/wp-json\/wp\/v2\/types\/product"}],"replies":[{"embeddable":true,"href":"https:\/\/findvit.com\/et\/wp-json\/wp\/v2\/comments?post=1704"}],"version-history":[{"count":17,"href":"https:\/\/findvit.com\/et\/wp-json\/wp\/v2\/product\/1704\/revisions"}],"predecessor-version":[{"id":18973,"href":"https:\/\/findvit.com\/et\/wp-json\/wp\/v2\/product\/1704\/revisions\/18973"}],"wp:featuredmedia":[{"embeddable":true,"href":"https:\/\/findvit.com\/et\/wp-json\/wp\/v2\/media\/23299"}],"wp:attachment":[{"href":"https:\/\/findvit.com\/et\/wp-json\/wp\/v2\/media?parent=1704"}],"wp:term":[{"taxonomy":"brand","embeddable":true,"href":"https:\/\/findvit.com\/et\/wp-json\/wp\/v2\/etheme_brands?post=1704"},{"taxonomy":"product_brand","embeddable":true,"href":"https:\/\/findvit.com\/et\/wp-json\/wp\/v2\/product_brand?post=1704"},{"taxonomy":"product_cat","embeddable":true,"href":"https:\/\/findvit.com\/et\/wp-json\/wp\/v2\/product_cat?post=1704"},{"taxonomy":"product_tag","embeddable":true,"href":"https:\/\/findvit.com\/et\/wp-json\/wp\/v2\/product_tag?post=1704"}],"curies":[{"name":"wp","href":"https:\/\/api.w.org\/{rel}","templated":true}]}}