{"id":1705,"date":"2021-10-08T11:07:07","date_gmt":"2021-10-08T08:07:07","guid":{"rendered":"https:\/\/findvit.com\/?post_type=product&#038;p=1705"},"modified":"2023-01-03T15:13:10","modified_gmt":"2023-01-03T13:13:10","slug":"vitamin-code-antioksidantu-kompleksas-su-vit-a-vit-e-vit-c-ir-selenu","status":"publish","type":"product","link":"https:\/\/findvit.com\/et\/produktas\/vitamin-code-antioksidantu-kompleksas-su-vit-a-vit-e-vit-c-ir-selenu\/","title":{"rendered":"Vitamin Code TOOR ANTIOKSIDANDID - Antioks\u00fcdantide kompleks, 30 vegan kapslit"},"content":{"rendered":"<div data-elementor-type=\"product-post\" data-elementor-id=\"1705\" class=\"elementor elementor-1705\" data-elementor-post-type=\"product\">\n\t\t\t\t\t\t<section class=\"elementor-section elementor-top-section elementor-element elementor-element-e2c78e5 elementor-section-boxed elementor-section-height-default elementor-section-height-default\" data-id=\"e2c78e5\" data-element_type=\"section\">\n\t\t\t\t\t\t<div class=\"elementor-container elementor-column-gap-default\">\n\t\t\t\t\t<div class=\"elementor-column elementor-col-100 elementor-top-column elementor-element elementor-element-9b445e9\" data-id=\"9b445e9\" data-element_type=\"column\">\n\t\t\t<div class=\"elementor-widget-wrap elementor-element-populated\">\n\t\t\t\t\t\t<div class=\"elementor-element elementor-element-a26a79b elementor-absolute elementor-hidden-mobile elementor-invisible elementor-widget elementor-widget-image\" data-id=\"a26a79b\" data-element_type=\"widget\" data-settings=\"{&quot;motion_fx_motion_fx_scrolling&quot;:&quot;yes&quot;,&quot;motion_fx_rotateZ_effect&quot;:&quot;yes&quot;,&quot;motion_fx_rotateZ_speed&quot;:{&quot;unit&quot;:&quot;px&quot;,&quot;size&quot;:5,&quot;sizes&quot;:[]},&quot;motion_fx_range&quot;:&quot;viewport&quot;,&quot;_animation&quot;:&quot;fadeIn&quot;,&quot;_position&quot;:&quot;absolute&quot;,&quot;motion_fx_rotateZ_affectedRange&quot;:{&quot;unit&quot;:&quot;%&quot;,&quot;size&quot;:&quot;&quot;,&quot;sizes&quot;:{&quot;start&quot;:0,&quot;end&quot;:100}},&quot;motion_fx_devices&quot;:[&quot;desktop&quot;,&quot;tablet&quot;,&quot;mobile&quot;]}\" data-widget_type=\"image.default\">\n\t\t\t\t<div class=\"elementor-widget-container\">\n\t\t\t\t\t\t\t\t\t\t\t\t\t\t\t<img loading=\"lazy\" decoding=\"async\" width=\"200\" height=\"200\" src=\"https:\/\/findvit.com\/wp-content\/uploads\/2021\/09\/ratukas.svg\" class=\"attachment-full size-full wp-image-1777\" alt=\"Ratas ankeedist vitamiinini\" \/>\t\t\t\t\t\t\t\t\t\t\t\t\t\t\t<\/div>\n\t\t\t\t<\/div>\n\t\t\t\t\t<\/div>\n\t\t<\/div>\n\t\t\t\t\t<\/div>\n\t\t<\/section>\n\t\t\t\t<section class=\"elementor-section elementor-top-section elementor-element elementor-element-17f7ca7 elementor-section-boxed elementor-section-height-default elementor-section-height-default\" data-id=\"17f7ca7\" data-element_type=\"section\">\n\t\t\t\t\t\t<div class=\"elementor-container elementor-column-gap-no\">\n\t\t\t\t\t<div class=\"elementor-column elementor-col-50 elementor-top-column elementor-element elementor-element-0564873\" data-id=\"0564873\" data-element_type=\"column\">\n\t\t\t<div class=\"elementor-widget-wrap elementor-element-populated\">\n\t\t\t\t\t\t<div class=\"elementor-element elementor-element-8a61713 elementor-widget elementor-widget-heading\" data-id=\"8a61713\" data-element_type=\"widget\" data-widget_type=\"heading.default\">\n\t\t\t\t<div class=\"elementor-widget-container\">\n\t\t\t\t\t<h2 class=\"elementor-heading-title elementor-size-default\">Vitamin Code TOOR ANTIOKSIDANDID - Antioks\u00fcdantide kompleks, 30 vegan kapslit<\/h2>\t\t\t\t<\/div>\n\t\t\t\t<\/div>\n\t\t\t\t<div class=\"elementor-element elementor-element-acb8a24 elementor-widget elementor-widget-text-editor\" data-id=\"acb8a24\" data-element_type=\"widget\" data-widget_type=\"text-editor.default\">\n\t\t\t\t<div class=\"elementor-widget-container\">\n\t\t\t\t\t\t\t\t\t<p>See antioks\u00fcdantide kompleks on koostatud vitamiinidega A, C, E ja seleeniga, mis koos pakuvad v\u00f5imsat antioks\u00fcdantset kaitset.\u00a0<br \/>Toidulisand on rikastatud ka vitamiinide ja mineraalainetega 23 tervest puu- ja k\u00f6\u00f6giviljast, antioks\u00fcdantide, probiootikumide ja seedeens\u00fc\u00fcmide segust.<br \/>LOODUSLIK (TOORS) t\u00e4hendab, et toidulisandit ei ole t\u00f6\u00f6deldud k\u00f5rgel temperatuuril.<br \/>See ei sisalda s\u00fcnteetilisi side- ja t\u00e4iteaineid, kunstlikke maitseaineid, magusaineid, v\u00e4rvaineid ega lisaaineid.<br \/>Esitatakse loodusliku pulbrina kapslites, mida saab avada ja v\u00e4ljastada.<br \/>30 vegan kapslit. Tumedas klaaspakendis.<br \/>Sobib taimetoitlastele ja veganitele.<br \/>-30 p\u00e4evast piisab.<br \/><strong>Antioks\u00fcdandid\u00a0<\/strong> aitab ja toetab:<br \/><strong>Terve nahk ja silmad<\/strong><br \/><strong>Terved juuksed ja k\u00fc\u00fcned<\/strong><br \/><strong>Immuuns\u00fcsteem<\/strong><br \/><strong>Tervislik s\u00fcdamefunktsioon<\/strong><strong>\u00a0 \u00a0 \u00a0 \u00a0 \u00a0 \u00a0 \u00a0 \u00a0 \u00a0 \u00a0 \u00a0 \u00a0 \u00a0 \u00a0 \u00a0 \u00a0 \u00a0 \u00a0 \u00a0 \u00a0 \u00a0 \u00a0 \u00a0 \u00a0 \u00a0 \u00a0 \u00a0 \u00a0 \u00a0 \u00a0 \u00a0 \u00a0 \u00a0 \u00a0 \u00a0 \u00a0 \u00a0 \u00a0 \u00a0 \u00a0 \u00a0 \u00a0 \u00a0Kaitseb rakke oks\u00fcdatiivsete kahjustuste eest\u00a0 \u00a0 \u00a0 \u00a0 \u00a0 \u00a0 \u00a0 \u00a0 \u00a0 \u00a0 \u00a0 \u00a0 \u00a0 \u00a0 \u00a0 \u00a0 \u00a0 \u00a0 \u00a0\u00a0<\/strong><\/p><p>\u00a0<\/p>\t\t\t\t\t\t\t\t<\/div>\n\t\t\t\t<\/div>\n\t\t\t\t\t<\/div>\n\t\t<\/div>\n\t\t\t\t<div class=\"elementor-column elementor-col-50 elementor-top-column elementor-element elementor-element-5b94bef\" data-id=\"5b94bef\" data-element_type=\"column\">\n\t\t\t<div class=\"elementor-widget-wrap elementor-element-populated\">\n\t\t\t\t\t\t<div class=\"elementor-element elementor-element-b52a928 elementor-widget elementor-widget-image\" data-id=\"b52a928\" data-element_type=\"widget\" data-widget_type=\"image.default\">\n\t\t\t\t<div class=\"elementor-widget-container\">\n\t\t\t\t\t\t\t\t\t\t\t\t\t\t\t<img loading=\"lazy\" decoding=\"async\" width=\"900\" height=\"900\" src=\"https:\/\/findvit.com\/wp-content\/uploads\/2021\/11\/koliazai-16-900x900.jpg\" class=\"attachment-large size-large wp-image-3824\" alt=\"Kollaa\u017e, ilus naine harjutusi tegemas\" srcset=\"https:\/\/findvit.com\/wp-content\/uploads\/2021\/11\/koliazai-16-900x900.jpg 900w, https:\/\/findvit.com\/wp-content\/uploads\/2021\/11\/koliazai-16-600x600.jpg 600w, https:\/\/findvit.com\/wp-content\/uploads\/2021\/11\/koliazai-16-150x150.jpg 150w, https:\/\/findvit.com\/wp-content\/uploads\/2021\/11\/koliazai-16-768x768.jpg 768w, https:\/\/findvit.com\/wp-content\/uploads\/2021\/11\/koliazai-16-1x1.jpg 1w, https:\/\/findvit.com\/wp-content\/uploads\/2021\/11\/koliazai-16-10x10.jpg 10w, https:\/\/findvit.com\/wp-content\/uploads\/2021\/11\/koliazai-16-100x100.jpg 100w, https:\/\/findvit.com\/wp-content\/uploads\/2021\/11\/koliazai-16-e1637516795173.jpg 1001w\" sizes=\"auto, (max-width: 900px) 100vw, 900px\" \/>\t\t\t\t\t\t\t\t\t\t\t\t\t\t\t<\/div>\n\t\t\t\t<\/div>\n\t\t\t\t\t<\/div>\n\t\t<\/div>\n\t\t\t\t\t<\/div>\n\t\t<\/section>\n\t\t\t\t<\/div>","protected":false},"excerpt":{"rendered":"<p>ELU AED Antioks\u00fcdandid VITAMIINIKOOD \u2013 uue p\u00f5lvkonna bioaktiivne kompleks. Tugevdab t\u00f5husalt silmi, kirgastab nahka. Optimaalselt detoksifitseerib ja suurendab kogu keha rakuenergiat. See sisaldab s\u00fcnergilist tasakaalu looduslike A-, E-, C-vitamiini ja seleeni vahel. Koos Ens\u00fc\u00fcmide ja Probiootikumidega parandab see isegi mitu korda imendumist.<\/p>","protected":false},"featured_media":2716,"comment_status":"open","ping_status":"closed","template":"","meta":{"_acf_changed":false,"inline_featured_image":false},"etheme_brands":[{"term_id":58,"name":"Garden of Life","slug":"garden-of-life","term_group":0,"term_taxonomy_id":58,"taxonomy":"brand","description":"<h2><strong><a href=\"https:\/\/www.gardenoflife.com\/why-gol\" target=\"_blank\" rel=\"noopener\">Garden of Life<\/a><\/strong><\/h2>\r\nJAV \u012fmon\u0117, kuri yra viena i\u0161 nedaugelio, gaminanti savo produktus 100% i\u0161 nat\u016brali\u0173 ingredient\u0173. Puikiai tinka \u017emon\u0117ms, kuriems labai svarbi produkt\u0173 sud\u0117tis. Visi produktai be GMO. Gamintojas apdovanotas daugeliu kokyb\u0117s sertifikat\u0173, toki\u0173 kaip USDA Organic, Certified Vegan, Certified Gluten-Free, U Kosher ir daugelis kit\u0173. Garden of life kompanija dal\u012f pajam\u0173, gaut\u0173 i\u0161 pardavim\u0173, skiria labdarai, pla\u010diau apra\u0161ytoms gamintojo svetain\u0117je.\r\n\"Garden of Life\" tikslas - suteikti \u017emon\u0117ms galimyb\u0119 tur\u0117ti auk\u0161tos kokyb\u0117s papildus, kurie yra reikalingi gerai sveikatai i\u0161laikyti. Sud\u0117tin\u0117s dalys yra organin\u0117s kilm\u0117s, klini\u0161kai i\u0161tirtos ir atsekamos kilm\u0117s. Gompanija savo gaminiuose nenaudoja sintetini\u0173 pried\u0173, dirbtini\u0173 skoni\u0173 ar da\u017eikli\u0173, ri\u0161ikli\u0173 ar u\u017epild\u0173.\r\nhttps:\/\/youtu.be\/2jbU_WkglKA?t=48\r\n<h3><strong>Neapdirbtas maistas<\/strong><\/h3>\r\n\u017dmogaus k\u016bnas buvo sukurtas valgyti, apdoroti ir gauti maistines med\u017eiagas i\u0161 maisto - tikro, sveiko maisto. Taigi, kai kuriami produktai, pradedama nuo \u017evilgnsio \u012f maist\u0105. Kokie yra \"geri dalykai\" auk\u0161\u010diausios kokyb\u0117s maiste, kurio mums tr\u016bksta m\u016bs\u0173 kasdien\u0117je mityboje? Kuris i\u0161 \u0161i\u0173 maisto produkt\u0173 turi did\u017eiausi\u0105 potencial\u0105 paveikti ir \u012fgalinti ger\u0105 sveikat\u0105?\r\n<h3><strong>Atsekamumas<\/strong><\/h3>\r\nAtsekamumas yra labai svarbus veiksnys, d\u0117l kurio \"Garden of Life\" produktai yra tokie ypatingi. Atsekamumas prasideda nuo \u017einojimo, i\u0161 kur kil\u0119s kiekvienas produkt\u0173 ingredientas, ir susipa\u017einimo su kiekviena kilme: kur jis auginamas; \u016bkininkavimo praktika; kaip elgiasi su \u016bkio darbuotojais \u2013 viskuo.\r\n<h3><strong>\u0160varu yra sveika<\/strong><\/h3>\r\nGarden of life stebi, kas yra \u012fdedama \u012f produktus \u2013 tikri, neapdirbti maisto ingredientai. Bet ties tuo nesustojama. Taip pat labai daug d\u0117mesio skiriama tam, kas i\u0161 \u0161i\u0173 produkt\u0173 i\u0161gaunama. Ir dar kart\u0105 renkamasi\u00a0 \u2013 tikras kokybi\u0161kas maistas. Kompanija naudoja tre\u010di\u0173j\u0173 \u0161ali\u0173\u00a0 sertifikatus, kad \u012frodyt\u0173, jog produktai yra \u0161var\u016bs ir kokybi\u0161ki!\r\n<h3><strong>CO2 neutralumas<\/strong><\/h3>\r\nGarden of life nepaprastai did\u017eiuojasi, kad pasiek\u0117 anglies dioksido neutralum\u0105 2021 m. Bir\u017eelio m\u0117n. CarbonFund.org sertifikuotas \"Carbonfree\u00ae\", \"Garden of Life\" nuo pat \u012fk\u016brimo buvo \u012fsipareigojusi tvarumui.","parent":0,"count":12,"filter":"raw"}],"product_brand":[],"product_cat":[23,113],"product_tag":[128,88,122,93],"class_list":{"0":"post-1705","1":"product","2":"type-product","3":"status-publish","4":"has-post-thumbnail","6":"brand-garden-of-life","7":"product_cat-vitaminai","8":"product_cat-antioksidantai","9":"product_tag-akims","10":"product_tag-aktyviai-organizmo-apykaitai","11":"product_tag-jaunatviskai-odai","12":"product_tag-sveikai-sirdziai","14":"first","15":"outofstock","16":"taxable","17":"shipping-taxable","18":"purchasable","19":"product-type-simple"},"acf":[],"_links":{"self":[{"href":"https:\/\/findvit.com\/et\/wp-json\/wp\/v2\/product\/1705","targetHints":{"allow":["GET"]}}],"collection":[{"href":"https:\/\/findvit.com\/et\/wp-json\/wp\/v2\/product"}],"about":[{"href":"https:\/\/findvit.com\/et\/wp-json\/wp\/v2\/types\/product"}],"replies":[{"embeddable":true,"href":"https:\/\/findvit.com\/et\/wp-json\/wp\/v2\/comments?post=1705"}],"version-history":[{"count":5,"href":"https:\/\/findvit.com\/et\/wp-json\/wp\/v2\/product\/1705\/revisions"}],"predecessor-version":[{"id":8701,"href":"https:\/\/findvit.com\/et\/wp-json\/wp\/v2\/product\/1705\/revisions\/8701"}],"wp:featuredmedia":[{"embeddable":true,"href":"https:\/\/findvit.com\/et\/wp-json\/wp\/v2\/media\/2716"}],"wp:attachment":[{"href":"https:\/\/findvit.com\/et\/wp-json\/wp\/v2\/media?parent=1705"}],"wp:term":[{"taxonomy":"brand","embeddable":true,"href":"https:\/\/findvit.com\/et\/wp-json\/wp\/v2\/etheme_brands?post=1705"},{"taxonomy":"product_brand","embeddable":true,"href":"https:\/\/findvit.com\/et\/wp-json\/wp\/v2\/product_brand?post=1705"},{"taxonomy":"product_cat","embeddable":true,"href":"https:\/\/findvit.com\/et\/wp-json\/wp\/v2\/product_cat?post=1705"},{"taxonomy":"product_tag","embeddable":true,"href":"https:\/\/findvit.com\/et\/wp-json\/wp\/v2\/product_tag?post=1705"}],"curies":[{"name":"wp","href":"https:\/\/api.w.org\/{rel}","templated":true}]}}