{"id":17206,"date":"2024-05-30T16:24:41","date_gmt":"2024-05-30T13:24:41","guid":{"rendered":"https:\/\/findvit.com\/?post_type=product&#038;p=17206"},"modified":"2026-04-02T17:08:26","modified_gmt":"2026-04-02T14:08:26","slug":"kiki-body-biotics-probiotikai-gyvosios-bakterijos-120-vegetarisku-kapsuliu","status":"publish","type":"product","link":"https:\/\/findvit.com\/et\/produktas\/kiki-body-biotics-probiotikai-gyvosios-bakterijos-120-vegetarisku-kapsuliu\/","title":{"rendered":"KIKI Health BODY BIOTICS bioaktyv\u016bs probiotikai su prebiotikais, 120 vegkapsuli\u0173"},"content":{"rendered":"\t\t<div data-elementor-type=\"product-post\" data-elementor-id=\"17206\" class=\"elementor elementor-17206\" data-elementor-post-type=\"product\">\n\t\t\t\t\t\t<section class=\"elementor-section elementor-top-section elementor-element elementor-element-ef1f43a elementor-section-boxed elementor-section-height-default elementor-section-height-default\" data-id=\"ef1f43a\" data-element_type=\"section\" data-e-type=\"section\">\n\t\t\t\t\t\t<div class=\"elementor-container elementor-column-gap-default\">\n\t\t\t\t\t<div class=\"elementor-column elementor-col-100 elementor-top-column elementor-element elementor-element-c7ae5e4\" data-id=\"c7ae5e4\" data-element_type=\"column\" data-e-type=\"column\">\n\t\t\t<div class=\"elementor-widget-wrap elementor-element-populated\">\n\t\t\t\t\t\t<div class=\"elementor-element elementor-element-25401a1 elementor-absolute elementor-hidden-mobile elementor-invisible elementor-widget elementor-widget-image\" data-id=\"25401a1\" data-element_type=\"widget\" data-e-type=\"widget\" data-settings=\"{&quot;motion_fx_motion_fx_scrolling&quot;:&quot;yes&quot;,&quot;motion_fx_rotateZ_effect&quot;:&quot;yes&quot;,&quot;motion_fx_rotateZ_speed&quot;:{&quot;unit&quot;:&quot;px&quot;,&quot;size&quot;:5,&quot;sizes&quot;:[]},&quot;motion_fx_range&quot;:&quot;viewport&quot;,&quot;_animation&quot;:&quot;fadeIn&quot;,&quot;_position&quot;:&quot;absolute&quot;,&quot;motion_fx_rotateZ_affectedRange&quot;:{&quot;unit&quot;:&quot;%&quot;,&quot;size&quot;:&quot;&quot;,&quot;sizes&quot;:{&quot;start&quot;:0,&quot;end&quot;:100}},&quot;motion_fx_devices&quot;:[&quot;desktop&quot;,&quot;tablet&quot;,&quot;mobile&quot;]}\" data-widget_type=\"image.default\">\n\t\t\t\t<div class=\"elementor-widget-container\">\n\t\t\t\t\t\t\t\t\t\t\t\t\t\t\t<img loading=\"lazy\" loading=\"lazy\" decoding=\"async\" width=\"200\" height=\"200\" src=\"https:\/\/findvit.com\/wp-content\/uploads\/2021\/09\/ratukas.svg\" class=\"attachment-full size-full wp-image-1777\" alt=\"Ratukas nuo klausimyno iki vitamino\" \/>\t\t\t\t\t\t\t\t\t\t\t\t\t\t\t<\/div>\n\t\t\t\t<\/div>\n\t\t\t\t\t<\/div>\n\t\t<\/div>\n\t\t\t\t\t<\/div>\n\t\t<\/section>\n\t\t\t\t<section class=\"elementor-section elementor-top-section elementor-element elementor-element-781ef52 elementor-section-boxed elementor-section-height-default elementor-section-height-default\" data-id=\"781ef52\" data-element_type=\"section\" data-e-type=\"section\">\n\t\t\t\t\t\t<div class=\"elementor-container elementor-column-gap-no\">\n\t\t\t\t\t<div class=\"elementor-column elementor-col-50 elementor-top-column elementor-element elementor-element-3ee085a\" data-id=\"3ee085a\" data-element_type=\"column\" data-e-type=\"column\">\n\t\t\t<div class=\"elementor-widget-wrap elementor-element-populated\">\n\t\t\t\t\t\t<div class=\"elementor-element elementor-element-12464aa elementor-widget elementor-widget-heading\" data-id=\"12464aa\" data-element_type=\"widget\" data-e-type=\"widget\" data-widget_type=\"heading.default\">\n\t\t\t\t<div class=\"elementor-widget-container\">\n\t\t\t\t\t<h2 class=\"elementor-heading-title elementor-size-medium\">KIKI Health BODY BIOTICS bioaktyv\u016bs probiotikai su prebiotikais, 120 vegkapsuli\u0173<\/h2>\t\t\t\t<\/div>\n\t\t\t\t<\/div>\n\t\t\t\t<div class=\"elementor-element elementor-element-9eb7bf6 elementor-widget__width-initial elementor-widget elementor-widget-text-editor\" data-id=\"9eb7bf6\" data-element_type=\"widget\" data-e-type=\"widget\" data-widget_type=\"text-editor.default\">\n\t\t\t\t<div class=\"elementor-widget-container\">\n\t\t\t\t\t\t\t\t\t<p>KIKI Health Body Biotics probiotikai \u2013 inovatyvus sveikatos sprendimas, kuris panaudoja dirvo\u017eemio bakterij\u0173 (SBO) gali\u0105, kad <strong>atkurt\u0173 ir palaikyt\u0173 \u017earnyno mikrofloros pusiausvyr\u0105<\/strong>.<\/p><p>\u0160i <strong>unikali formul\u0117<\/strong> buvo sukurta remiantis naujausiais moksliniais tyrimais, siekiant u\u017etikrinti, kad j\u016bs\u0173 \u017earnynas gaut\u0173<strong> visk\u0105, ko jam reikia<\/strong> optimaliam veikimui.<\/p><h3><strong>KOD\u0116L \u017dMON\u0116S RENKASI PROBIOTIKUS<\/strong><\/h3><ul><li><strong>Gyvybingumas:<\/strong> Body Biotics probiotikai yra nat\u016braliai d\u017eiovinti (ne \u0161aldyti d\u017eiovinimo b\u016bdu), tod\u0117l jie i\u0161lieka miegan\u010dios b\u016bsenos, kaip gamtoje, ir laukia, kol bus suvartoti su vandeniu ar sultimis. Tai leid\u017eia bakterijoms atsibusti ir prad\u0117ti daugintis, kai tik patenka \u012f \u017earnyn\u0105.<\/li><li><strong>Adaptacija:<\/strong> \u0160ios \u201egyvos ir klestin\u010dios\u201c organizm\u0173 kult\u016bros yra treniruotos gamtoje atlaikyti pa\u010dias sunkiausias s\u0105lygas. Tai rei\u0161kia, kad jos gali veiksmingai prisitaikyti prie j\u016bs\u0173 \u017earnyno aplinkos ir prad\u0117ti teikti naud\u0105 i\u0161kart.<\/li><li><strong>Saugumas:<\/strong>\u00a0Probiotikai Be GMO, toksin\u0173 ir chemikal\u0173, Body Biotics yra saugus ir nat\u016bralus b\u016bdas pagerinti savo \u017earnyno sveikat\u0105 be joki\u0173 \u0161alutini\u0173 poveiki\u0173.<\/li><\/ul><h3><strong>PASIIMATE SVARBIAUSIA<\/strong><\/h3><p>Visos jos papildo kasdien\u0119 mityb\u0105 gyvybingomis bakterij\u0173 kult\u016bromis, kurios reikalingos <strong>sveikos mikrobiomos<\/strong> (mikrofloros) palaikymui.\u00a0<\/p><h3><strong>GALINGA SUD\u0116TIS<\/strong><\/h3><p>\u0160iame probiotik\u0173 komplekse <strong>suderintos 8 svarbios <\/strong>ir b\u016btinos gerosios bakterijos.<\/p><p>Body Biotics ger\u0173j\u0173 bakterij\u0173 \u012fvairov\u0117 : <strong>Bacillus Subtilis, Bacillus Licheniformis, Lactobacillus Acidophilus, Lactobacillus Casei, Lactobacillus Plantarum, Lactobacillus Rhamnosus, Lactococcus Lactis, Bifidobacterium Bifidum.<\/strong><\/p><p><img loading=\"lazy\" loading=\"lazy\" decoding=\"async\" class=\"alignnone size-medium wp-image-17227\" src=\"https:\/\/findvit.com\/wp-content\/uploads\/2024\/05\/gerosios-bakterijos-kiki-health-600x600.jpg\" alt=\"gerosios bakterijos kiki health\" width=\"600\" height=\"600\" srcset=\"https:\/\/findvit.com\/wp-content\/uploads\/2024\/05\/gerosios-bakterijos-kiki-health-600x600.jpg 600w, https:\/\/findvit.com\/wp-content\/uploads\/2024\/05\/gerosios-bakterijos-kiki-health-900x900.jpg 900w, https:\/\/findvit.com\/wp-content\/uploads\/2024\/05\/gerosios-bakterijos-kiki-health-150x150.jpg 150w, https:\/\/findvit.com\/wp-content\/uploads\/2024\/05\/gerosios-bakterijos-kiki-health-768x768.jpg 768w, https:\/\/findvit.com\/wp-content\/uploads\/2024\/05\/gerosios-bakterijos-kiki-health-400x400.jpg 400w, https:\/\/findvit.com\/wp-content\/uploads\/2024\/05\/gerosios-bakterijos-kiki-health-100x100.jpg 100w, https:\/\/findvit.com\/wp-content\/uploads\/2024\/05\/gerosios-bakterijos-kiki-health-1x1.jpg 1w, https:\/\/findvit.com\/wp-content\/uploads\/2024\/05\/gerosios-bakterijos-kiki-health-10x10.jpg 10w, https:\/\/findvit.com\/wp-content\/uploads\/2024\/05\/gerosios-bakterijos-kiki-health.jpg 1000w\" sizes=\"auto, (max-width: 600px) 100vw, 600px\" \/><\/p><h3><strong>GYVOSIOS BAKTERIJOS LABAI SVARBU<\/strong><\/h3><p>M\u016bs\u0173 \u0161iuolaikin\u0117je aplinkoje, kurioje vyrauja perdirbtas maistas, stresas ir antibiotik\u0173 vartojimas, \u017earnyno mikroflora da\u017enai nukent\u0117ja, sukeliant sveikatos problemas.<\/p><p>Body Biotics si\u016blo nat\u016bral\u0173 ir efektyv\u0173 b\u016bd\u0105 atkurti \u0161i\u0105 pusiausvyr\u0105, kad gal\u0117tum\u0117te m\u0117gautis geresne sveikata ir gyvenimo kokybe.<\/p><h3><strong>APSAUGOTA IR TYRA<\/strong><\/h3><p>Korpuso kapsul\u0117: hipromelioz\u0117, padeda apsaugoti produkto sudedam\u0105sias dalis nuo \u017ealingo skrand\u017eio r\u016bg\u0161ties poveikio.<\/p><p>Be druskos, cukraus, mieli\u0173, dirbtini\u0173 da\u017eikli\u0173, konservant\u0173, chemini\u0173 tirpikli\u0173, dirbtini\u0173 pried\u0173 ar bet koki\u0173 u\u017epild\u0173.<br \/>Tinka vegetarams ir veganams. Nat\u016bralus sveikatos papildas be glitimo ir kvie\u010di\u0173.<\/p><p>Be GMO, be toksin\u0173, be chemikal\u0173.<\/p><p>U\u017etenka iki <strong>60 dien\u0173.<\/strong> Tamsaus stiklo pakuot\u0117je. <strong>Rekomenduojama t\u0119sti kurs\u0105 jei jau\u010diamas poreikis.<\/strong><\/p><p><strong>Gamintojas KIKI HEALTH<\/strong> yra novatori\u0161ka kompanija, kurianti tik sveikus produktus gro\u017eiui puosel\u0117ti ir organizmui stiprinti. Jie tiki, kad <strong>tik patys gryniausi ingredientai turi pat\u012f efektyviausi\u0105 poveik\u012f.<\/strong> Visi ingredientai, \u012feinantys \u012f produkt\u0173 sud\u0117t\u012f, yra kruop\u0161\u010diai parinkti ir eti\u0161kai apdoroti, siekiant i\u0161saugoti ir maksimaliai padidinti efektyvum\u0105 ir naud\u0105, taip pat u\u017etikrinant ir <strong>nepriekai\u0161ting\u0105 biologin\u012f \u012fsisavinim\u0105.<\/strong><\/p><h3><strong>PASIRINK DABAR<\/strong><\/h3><p>KIKI Health probiotikai yra ne tik probiotik\u0173 papildas. Tai \u2013 revoliucinis sveikatos palaikymo b\u016bdas, kuris naudoja gamtos moksl\u0105, kad suteikt\u0173 jums geriausi\u0105 \u017earnyno sveikat\u0105. Su Body Biotics, j\u016bs galite atkurti savo \u017earnyno mikroflor\u0105, pagerinti vir\u0161kinim\u0105 ir stiprinti imunin\u0119 sistem\u0105, visuomet jaustis geriau ir sveikiau.<\/p><h3><span lang=\"lt\"><strong>KIKI HEALTH pa\u017eadas<\/strong><br \/><\/span><\/h3><ul><li><span lang=\"lt\">Auk\u0161\u010diausios kokyb\u0117s augaliniai organiniai ingredientai<\/span><\/li><li><span lang=\"lt\">Etika, vientisumas ir grynumas gamybos procese<\/span><\/li><li><span lang=\"lt\">Sertifikuoti organiniai ar i\u0161 laukin\u0117s gamtos ingredientai<\/span><\/li><li><span lang=\"lt\">Joki\u0173 kompromis\u0173 d\u0117l sintetini\u0173 pried\u0173, ri\u0161ikli\u0173, u\u017epild\u0173 ar kit\u0173 kenksming\u0173 med\u017eiag\u0173.<\/span><\/li><li><span lang=\"lt\">Be GMO, glitimo, kvie\u010di\u0173.<\/span><\/li><\/ul><div>\u00a0<span style=\"color: var( --e-global-color-text ); font-family: var( --e-global-typography-text-font-family ), Sans-serif; font-size: var( --e-global-typography-text-font-size ); font-weight: var( --e-global-typography-text-font-weight ); background-color: var(--et_container-bg-color, transparent);\">Jei nesi tikra\/s kurie dar\u00a0 vitaminai ar kiti papildai<\/span><span style=\"color: var( --e-global-color-text ); font-family: var( --e-global-typography-text-font-family ), Sans-serif; font-size: var( --e-global-typography-text-font-size ); font-weight: var( --e-global-typography-text-font-weight ); background-color: var(--et_container-bg-color, transparent);\">\u00a0<\/span><strong style=\"color: var( --e-global-color-text ); font-family: var( --e-global-typography-text-font-family ), Sans-serif; font-size: var( --e-global-typography-text-font-size ); background-color: var(--et_container-bg-color, transparent);\">tinkamiausi \u0161iuo metu<\/strong><span style=\"color: var( --e-global-color-text ); font-family: var( --e-global-typography-text-font-family ), Sans-serif; font-size: var( --e-global-typography-text-font-size ); font-weight: var( --e-global-typography-text-font-weight ); background-color: var(--et_container-bg-color, transparent);\">, atlik test\u0105<\/span><span style=\"color: var( --e-global-color-text ); font-family: var( --e-global-typography-text-font-family ), Sans-serif; font-size: var( --e-global-typography-text-font-size ); font-weight: var( --e-global-typography-text-font-weight ); background-color: var(--et_container-bg-color, transparent);\">\u00a0<\/span><a style=\"font-family: var( --e-global-typography-text-font-family ), Sans-serif; font-size: var( --e-global-typography-text-font-size ); font-weight: var( --e-global-typography-text-font-weight ); background-color: #ffffff; color: #25bf4e;\" href=\"https:\/\/findvit.com\/testas\/\"><strong>\u201cTavo diena\u201d<\/strong><\/a><span style=\"color: var( --e-global-color-text ); font-family: var( --e-global-typography-text-font-family ), Sans-serif; font-size: var( --e-global-typography-text-font-size ); font-weight: var( --e-global-typography-text-font-weight ); background-color: var(--et_container-bg-color, transparent);\">\u00a0<\/span><span style=\"color: var( --e-global-color-text ); font-family: var( --e-global-typography-text-font-family ), Sans-serif; font-size: var( --e-global-typography-text-font-size ); font-weight: var( --e-global-typography-text-font-weight ); background-color: var(--et_container-bg-color, transparent);\">ir su\u017einok\u00a0<\/span><span style=\"color: var( --e-global-color-text ); font-family: var( --e-global-typography-text-font-family ), Sans-serif; font-size: var( --e-global-typography-text-font-size ); font-weight: var( --e-global-typography-text-font-weight ); background-color: var(--et_container-bg-color, transparent);\">\u00a0<\/span><strong style=\"color: var( --e-global-color-text ); font-family: var( --e-global-typography-text-font-family ), Sans-serif; font-size: var( --e-global-typography-text-font-size ); background-color: var(--et_container-bg-color, transparent);\">asmenin\u0119<\/strong><span style=\"color: var( --e-global-color-text ); font-family: var( --e-global-typography-text-font-family ), Sans-serif; font-size: var( --e-global-typography-text-font-size ); font-weight: var( --e-global-typography-text-font-weight ); background-color: var(--et_container-bg-color, transparent);\">\u00a0<\/span><span style=\"color: var( --e-global-color-text ); font-family: var( --e-global-typography-text-font-family ), Sans-serif; font-size: var( --e-global-typography-text-font-size ); font-weight: var( --e-global-typography-text-font-weight ); background-color: var(--et_container-bg-color, transparent);\">rekomendacij\u0105!<\/span><\/div><p id=\"tw-target-text\" class=\"tw-data-text tw-text-large XcVN5d tw-ta\" dir=\"ltr\" data-placeholder=\"Translation\">\u00a0<\/p>\t\t\t\t\t\t\t\t<\/div>\n\t\t\t\t<\/div>\n\t\t\t\t\t<\/div>\n\t\t<\/div>\n\t\t\t\t<div class=\"elementor-column elementor-col-50 elementor-top-column elementor-element elementor-element-42d01f9\" data-id=\"42d01f9\" data-element_type=\"column\" data-e-type=\"column\">\n\t\t\t<div class=\"elementor-widget-wrap elementor-element-populated\">\n\t\t\t\t\t\t<div class=\"elementor-element elementor-element-3232f1d elementor-widget elementor-widget-image\" data-id=\"3232f1d\" data-element_type=\"widget\" data-e-type=\"widget\" data-widget_type=\"image.default\">\n\t\t\t\t<div class=\"elementor-widget-container\">\n\t\t\t\t\t\t\t\t\t\t\t\t\t\t\t<img loading=\"lazy\" loading=\"lazy\" decoding=\"async\" width=\"900\" height=\"900\" src=\"https:\/\/findvit.com\/wp-content\/uploads\/2021\/10\/Ko-10-900x900.jpg\" class=\"attachment-large size-large wp-image-2549\" alt=\"Laiminga \u0161eima, kai vartoja kokybiskus papildus\" srcset=\"https:\/\/findvit.com\/wp-content\/uploads\/2021\/10\/Ko-10-900x900.jpg 900w, https:\/\/findvit.com\/wp-content\/uploads\/2021\/10\/Ko-10-600x600.jpg 600w, https:\/\/findvit.com\/wp-content\/uploads\/2021\/10\/Ko-10-150x150.jpg 150w, https:\/\/findvit.com\/wp-content\/uploads\/2021\/10\/Ko-10-768x768.jpg 768w, https:\/\/findvit.com\/wp-content\/uploads\/2021\/10\/Ko-10-1x1.jpg 1w, https:\/\/findvit.com\/wp-content\/uploads\/2021\/10\/Ko-10-10x10.jpg 10w, https:\/\/findvit.com\/wp-content\/uploads\/2021\/10\/Ko-10-100x100.jpg 100w, https:\/\/findvit.com\/wp-content\/uploads\/2021\/10\/Ko-10.jpg 1000w\" sizes=\"auto, (max-width: 900px) 100vw, 900px\" \/>\t\t\t\t\t\t\t\t\t\t\t\t\t\t\t<\/div>\n\t\t\t\t<\/div>\n\t\t\t\t\t<\/div>\n\t\t<\/div>\n\t\t\t\t\t<\/div>\n\t\t<\/section>\n\t\t\t\t<\/div>\n\t\t","protected":false},"excerpt":{"rendered":"<p>Tervis saab alguse soolestikust. Probiootikumid kehabiootikumid \u2013 <strong>looduslikud elusad bakterid<\/strong> soolestiku mikrofloora taastamiseks. <strong>T\u00f5husalt taastab<\/strong> terve soolestiku, aitab s\u00e4ilitada tugevat immuunsust. <strong>Soovitatav<\/strong> kasutatakse organismi vastupanuv\u00f5ime tugevdamiseks haigustele. 120 k\u00f6\u00f6giviljakapslist koosnev suurendatud pakend on piisav kogu perele. Vegan s\u00f5bralik!<\/p>","protected":false},"featured_media":17228,"comment_status":"open","ping_status":"closed","template":"","meta":{"_acf_changed":false,"inline_featured_image":false},"etheme_brands":[{"term_id":28,"name":"Kiki Health","slug":"kiki-health","term_group":0,"term_taxonomy_id":28,"taxonomy":"brand","description":"<h2><a href=\"https:\/\/kiki-health.com\/about-us\/\" target=\"_blank\" rel=\"noopener\"><strong>KIKI Health<\/strong><\/a><\/h2>\r\nKIKI yra prek\u0117s \u017eenklas, kuriantis novatori\u0161kus maisto papildus.\r\n\r\nKIKI yra pripa\u017eintas ir gerbiamas, kaip sveikos gyvensenos produkt\u0173 ir individualumo bei meistri\u0161kumo standartas.\r\n\r\nKIKI gim\u0117 i\u0161 noro skatinti optimali\u0105 sveikat\u0105 ir gerov\u0119, m\u016bs\u0173 tikslas ir aistra yra \u012fsigyti auk\u0161\u010diausios kokyb\u0117s, grynumo produktus i\u0161 viso pasaulio, kurie pad\u0117t\u0173 gro\u017eiui ir sveikatai.\r\n\r\nNuo pat prad\u017ei\u0173 ir iki \u0161iol KIKI Health niekada nedaro kompromis\u0173 ir nededa pried\u0173 bei naudoja prastesni\u0173 ingredient\u0173 - tik nat\u016bralios 100% veikliosios med\u017eiagos.\r\n\r\nhttps:\/\/youtu.be\/irT0ZUOzBac?t=45\r\n<h3><strong>Nat\u016braliai turtingi <\/strong><strong>vitaminais, mineralais ir b\u016btinomis\u00a0 veikliosiomis med\u017eiagomis<\/strong><\/h3>\r\nDaugelis \"KIKI Health\" produkt\u0173 turintys augalini\u0173 ir maistini\u0173 med\u017eiag\u0173\u00a0 yra sertifikuoti, kaip ekologi\u0161ki.\r\n\r\nI\u0161naudodami stiprias augalin\u0117s kilm\u0117s, nat\u016brali\u0173 ingredient\u0173 galias, kupinas esmini\u0173 augal\u0173 veikli\u0173j\u0173 med\u017eiag\u0173, vitamin\u0173 ir mineral\u0173, kad suteikt\u0173 smegenims, odai ir k\u016bnui neprilygstam\u0105 pagalb\u0105.\r\n\r\nKIKI Health tikslas yra u\u017etikrinti, kad mi\u0161iniuose neb\u016bt\u0173 sintetikos, konservant\u0173, u\u017epild\u0173 ir ri\u0161ikli\u0173, u\u017etikrinant, kad ir toliau gamint\u0173 veiksmingus, \u0161varius ir saugius papildus.\r\n\r\nPagaminta Jungtin\u0117je Karalyst\u0117je i\u0161 \u0161vari\u0173 ir tvari\u0173 ingredient\u0173.\r\n<h3><strong>Atsakingumas<\/strong><\/h3>\r\nU\u017etikrindami, kad produktai b\u016bt\u0173 atsakingai u\u017eauginti, ne tik r\u016bpinamasi aplinka, bet ir garantuojama produkto kokyb\u0119. KIKI Healt specialistai keliauja po pasaul\u012f ie\u0161kodami ekologi\u0161k\u0173, eti\u0161kai gaut\u0173 ingredient\u0173, pasi\u017eymin\u010di\u0173 geresne maistine verte, kartu pad\u0117dami vietos bendruomen\u0117ms klest\u0117ti. Maisto gamybos b\u016bdas yra labai svarbus daugeliui vartotoj\u0173, ir tai kelia susir\u016bpinim\u0105, kur\u012f mes dalijam\u0117s.\r\n<h3><strong>Minimalus apdorojimas<\/strong><\/h3>\r\nNor\u0117dami pasiekti optimal\u0173 biologin\u012f prieinamum\u0105, stengiamasi, kad ingredientai b\u016bt\u0173 kuo ar\u010diau j\u0173 nat\u016bralios b\u016bkl\u0117s. Laikomasi minimalaus perdirbimo ir kontroliuojama temperat\u016bros, i\u0161kart po derliaus nu\u0117mimo, kad b\u016bt\u0173 i\u0161laikoma visa nauda sveikatai ir gyvybi\u0161kai svarbios maistin\u0117s med\u017eiagos.\r\n\r\n<strong>Produktuose n\u0117ra<\/strong>: sintetikos, dirbtini\u0173 da\u017eikli\u0173 ir kvapi\u0173j\u0173 med\u017eiag\u0173, u\u017epild\u0173, ri\u0161ikli\u0173, dengimo med\u017eiag\u0173, lipnum\u0105 reguliuojan\u010di\u0173 med\u017eiag\u0173, cukr\u0173, glitimo, GMO, laktoz\u0117s, konservant\u0173, pagalbini\u0173 med\u017eiag\u0173.\r\n\r\nVisi ingredientai ir galutiniai produktai yra reguliariai tikrinami tre\u010diosios \u0161alies laboratorijoje. U\u017etikrinama, kad kiekviena partija b\u016bt\u0173 i\u0161bandyta d\u0117l sunki\u0173j\u0173 metal\u0173, mikroorganizm\u0173 ir pesticid\u0173 laikantis grie\u017et\u0173 kokyb\u0117s kontrol\u0117s s\u0105lyg\u0173, o rezultatai atitikt\u0173 ES ir JK ribinius reglamentus, \u012fskaitant ekologinio \u016bkininkavimo standartus.","parent":0,"count":28,"filter":"raw"}],"product_brand":[],"product_cat":[117,23],"product_tag":[126,91,120],"class_list":{"0":"post-17206","1":"product","2":"type-product","3":"status-publish","4":"has-post-thumbnail","6":"brand-kiki-health","7":"product_cat-probiotikai-kas-tai","8":"product_cat-vitaminai","9":"product_tag-greitam-virskinimui-ir-salinimui","10":"product_tag-imunitetui","11":"product_tag-organizmo-stiprinimui","13":"first","14":"instock","15":"sale","16":"taxable","17":"shipping-taxable","18":"purchasable","19":"product-type-simple"},"acf":[],"_links":{"self":[{"href":"https:\/\/findvit.com\/et\/wp-json\/wp\/v2\/product\/17206","targetHints":{"allow":["GET"]}}],"collection":[{"href":"https:\/\/findvit.com\/et\/wp-json\/wp\/v2\/product"}],"about":[{"href":"https:\/\/findvit.com\/et\/wp-json\/wp\/v2\/types\/product"}],"replies":[{"embeddable":true,"href":"https:\/\/findvit.com\/et\/wp-json\/wp\/v2\/comments?post=17206"}],"version-history":[{"count":13,"href":"https:\/\/findvit.com\/et\/wp-json\/wp\/v2\/product\/17206\/revisions"}],"predecessor-version":[{"id":21237,"href":"https:\/\/findvit.com\/et\/wp-json\/wp\/v2\/product\/17206\/revisions\/21237"}],"wp:featuredmedia":[{"embeddable":true,"href":"https:\/\/findvit.com\/et\/wp-json\/wp\/v2\/media\/17228"}],"wp:attachment":[{"href":"https:\/\/findvit.com\/et\/wp-json\/wp\/v2\/media?parent=17206"}],"wp:term":[{"taxonomy":"brand","embeddable":true,"href":"https:\/\/findvit.com\/et\/wp-json\/wp\/v2\/etheme_brands?post=17206"},{"taxonomy":"product_brand","embeddable":true,"href":"https:\/\/findvit.com\/et\/wp-json\/wp\/v2\/product_brand?post=17206"},{"taxonomy":"product_cat","embeddable":true,"href":"https:\/\/findvit.com\/et\/wp-json\/wp\/v2\/product_cat?post=17206"},{"taxonomy":"product_tag","embeddable":true,"href":"https:\/\/findvit.com\/et\/wp-json\/wp\/v2\/product_tag?post=17206"}],"curies":[{"name":"wp","href":"https:\/\/api.w.org\/{rel}","templated":true}]}}