{"id":17252,"date":"2024-06-01T11:02:19","date_gmt":"2024-06-01T08:02:19","guid":{"rendered":"https:\/\/findvit.com\/?post_type=product&#038;p=17252"},"modified":"2026-02-27T16:07:30","modified_gmt":"2026-02-27T14:07:30","slug":"sex-bomb-vyru-potencijai-gerinti120-kapsuliu","status":"publish","type":"product","link":"https:\/\/findvit.com\/et\/produktas\/sex-bomb-vyru-potencijai-gerinti120-kapsuliu\/","title":{"rendered":"SEX BOMB, meeste potentsi parandamiseks, 120 kapslit"},"content":{"rendered":"<div data-elementor-type=\"product-post\" data-elementor-id=\"17252\" class=\"elementor elementor-17252\" data-elementor-post-type=\"product\">\n\t\t\t\t\t\t<section class=\"elementor-section elementor-top-section elementor-element elementor-element-cf383a7 elementor-section-boxed elementor-section-height-default elementor-section-height-default\" data-id=\"cf383a7\" data-element_type=\"section\">\n\t\t\t\t\t\t<div class=\"elementor-container elementor-column-gap-default\">\n\t\t\t\t\t<div class=\"elementor-column elementor-col-100 elementor-top-column elementor-element elementor-element-01fee3c\" data-id=\"01fee3c\" data-element_type=\"column\">\n\t\t\t<div class=\"elementor-widget-wrap elementor-element-populated\">\n\t\t\t\t\t\t<div class=\"elementor-element elementor-element-31a961f elementor-absolute elementor-hidden-mobile elementor-invisible elementor-widget elementor-widget-image\" data-id=\"31a961f\" data-element_type=\"widget\" data-settings=\"{&quot;motion_fx_motion_fx_scrolling&quot;:&quot;yes&quot;,&quot;motion_fx_rotateZ_effect&quot;:&quot;yes&quot;,&quot;motion_fx_rotateZ_speed&quot;:{&quot;unit&quot;:&quot;px&quot;,&quot;size&quot;:5,&quot;sizes&quot;:[]},&quot;motion_fx_range&quot;:&quot;viewport&quot;,&quot;_animation&quot;:&quot;fadeIn&quot;,&quot;_position&quot;:&quot;absolute&quot;,&quot;motion_fx_rotateZ_affectedRange&quot;:{&quot;unit&quot;:&quot;%&quot;,&quot;size&quot;:&quot;&quot;,&quot;sizes&quot;:{&quot;start&quot;:0,&quot;end&quot;:100}},&quot;motion_fx_devices&quot;:[&quot;desktop&quot;,&quot;tablet&quot;,&quot;mobile&quot;]}\" data-widget_type=\"image.default\">\n\t\t\t\t<div class=\"elementor-widget-container\">\n\t\t\t\t\t\t\t\t\t\t\t\t\t\t\t<img loading=\"lazy\" decoding=\"async\" width=\"200\" height=\"200\" src=\"https:\/\/findvit.com\/wp-content\/uploads\/2021\/09\/ratukas.svg\" class=\"attachment-full size-full wp-image-1777\" alt=\"Ratas ankeedist vitamiinini\" \/>\t\t\t\t\t\t\t\t\t\t\t\t\t\t\t<\/div>\n\t\t\t\t<\/div>\n\t\t\t\t\t<\/div>\n\t\t<\/div>\n\t\t\t\t\t<\/div>\n\t\t<\/section>\n\t\t\t\t<section class=\"elementor-section elementor-top-section elementor-element elementor-element-4429778 elementor-section-boxed elementor-section-height-default elementor-section-height-default\" data-id=\"4429778\" data-element_type=\"section\">\n\t\t\t\t\t\t<div class=\"elementor-container elementor-column-gap-no\">\n\t\t\t\t\t<div class=\"elementor-column elementor-col-50 elementor-top-column elementor-element elementor-element-e6ad1e2\" data-id=\"e6ad1e2\" data-element_type=\"column\">\n\t\t\t<div class=\"elementor-widget-wrap elementor-element-populated\">\n\t\t\t\t\t\t<div class=\"elementor-element elementor-element-08402b5 elementor-widget elementor-widget-heading\" data-id=\"08402b5\" data-element_type=\"widget\" data-widget_type=\"heading.default\">\n\t\t\t\t<div class=\"elementor-widget-container\">\n\t\t\t\t\t<h2 class=\"elementor-heading-title elementor-size-default\">Sekspomm talle \u2013 revolutsiooniline lahendus meeste potentsi parandamiseks<\/h2>\t\t\t\t<\/div>\n\t\t\t\t<\/div>\n\t\t\t\t<div class=\"elementor-element elementor-element-4a02cf4 elementor-widget elementor-widget-text-editor\" data-id=\"4a02cf4\" data-element_type=\"widget\" data-widget_type=\"text-editor.default\">\n\t\t\t\t<div class=\"elementor-widget-container\">\n\t\t\t\t\t\t\t\t\t<p>Kas tunnete, et teie seksuaalenergia on n\u00f5rgenenud? <strong>Kas soovite suurendada oma potentsi ja tunda t\u00f5elist mehelikku j\u00f5udu?<\/strong> &quot;Sex Bomb for Him&quot; on looduslik toidulisand, <strong>m\u00f5eldud spetsiaalselt meestele,<\/strong> neile, kes soovivad parandada oma seksuaaltervist ja enesekindlust.<\/p><h3><strong>Miks valida &quot;Sekspomm talle&quot;?<\/strong><\/h3><p>&quot;Sex Bomb for Him&quot; on saadaval <strong>ainulaadne lisand<\/strong>, mis mitte ainult ei paranda potentsi, vaid ka <strong>aitab s\u00e4ilitada k\u00f5rget energiataset<\/strong> ja parandada \u00fcldist heaolu. See toode on valmistatud ainult looduslikest koostisosadest, mis on tuntud oma positiivse m\u00f5ju poolest<strong> meeste tervise heaks.<\/strong><\/p><p><img loading=\"lazy\" decoding=\"async\" class=\"alignnone size-medium wp-image-17275\" src=\"https:\/\/findvit.com\/wp-content\/uploads\/2024\/06\/sex-bomb-vyro-sveikatai-gerinti-600x600.jpg\" alt=\"sekspomm meeste tervise parandamiseks\" width=\"600\" height=\"600\" srcset=\"https:\/\/findvit.com\/wp-content\/uploads\/2024\/06\/sex-bomb-vyro-sveikatai-gerinti-600x600.jpg 600w, https:\/\/findvit.com\/wp-content\/uploads\/2024\/06\/sex-bomb-vyro-sveikatai-gerinti-900x900.jpg 900w, https:\/\/findvit.com\/wp-content\/uploads\/2024\/06\/sex-bomb-vyro-sveikatai-gerinti-150x150.jpg 150w, https:\/\/findvit.com\/wp-content\/uploads\/2024\/06\/sex-bomb-vyro-sveikatai-gerinti-768x768.jpg 768w, https:\/\/findvit.com\/wp-content\/uploads\/2024\/06\/sex-bomb-vyro-sveikatai-gerinti-400x400.jpg 400w, https:\/\/findvit.com\/wp-content\/uploads\/2024\/06\/sex-bomb-vyro-sveikatai-gerinti-100x100.jpg 100w, https:\/\/findvit.com\/wp-content\/uploads\/2024\/06\/sex-bomb-vyro-sveikatai-gerinti-1x1.jpg 1w, https:\/\/findvit.com\/wp-content\/uploads\/2024\/06\/sex-bomb-vyro-sveikatai-gerinti-10x10.jpg 10w, https:\/\/findvit.com\/wp-content\/uploads\/2024\/06\/sex-bomb-vyro-sveikatai-gerinti.jpg 1000w\" sizes=\"auto, (max-width: 600px) 100vw, 600px\" \/><\/p><h3><strong>Looduslikud koostisosad \u2013 loomulik m\u00f5ju<\/strong><\/h3><h4>Looduslikud koostisosad \u2013 loomulik m\u00f5ju<\/h4><ol><li style=\"list-style-type: none;\"><ul><li><strong>L-arginiin<\/strong> (210 mg) \u2013 parandab vereringet ja stimuleerib l\u00e4mmastikoksiidi tootmist, mis aitab tugevdada erektsiooni.<\/li><li><strong>Maca juure pulber<\/strong> (200 mg) \u2013 Peruu \u017een\u0161enni nime all tuntud maca juurt on sajandeid kasutatud energia, vastupidavuse ja libiido suurendamiseks.<\/li><li><strong>KSM-66 Ashwagandha ekstrakt<\/strong> (200 mg) \u2013 Aitab v\u00e4hendada stressi, parandada vastupidavust ja edendada tervislikku testosterooni taset.<\/li><li><strong>Fenugreek ekstrakt<\/strong> (105 mg) \u2013 suurendab libiidot ja toetab tervet testosterooni taset.<\/li><li><strong>Tribulus Terrestris pulber<\/strong> (100 mg) \u2013 aitab t\u00f5sta testosterooni taset ja parandab seksuaalfunktsiooni.<\/li><li><strong>N\u00f5gese ekstrakt<\/strong> (85 mg) \u2013 Edendab eesn\u00e4\u00e4rme tervist ja aitab s\u00e4ilitada tervislikku hormoonide tasakaalu.<\/li><li><strong>\u017den\u0161enni ekstrakt<\/strong> (75 mg) \u2013 tugevdab immuuns\u00fcsteemi, parandab f\u00fc\u00fcsilist ja vaimset t\u00f6\u00f6v\u00f5imet ning t\u00f5stab libiidot.<\/li><li><strong>Ingveri ekstrakt<\/strong> (75 mg) \u2013 stimuleerib vereringet ja omab p\u00f5letikuvastaseid omadusi.<\/li><li><strong>Kakao ekstrakt<\/strong> (50 mg) \u2013 Parandab meeleolu ja energiataset.<\/li><li><strong>Selleri seemne ekstrakt<\/strong> (25 mg) \u2013 Soodustab v\u00f5\u00f5rutust ja aitab s\u00e4ilitada tervet verer\u00f5hku.<\/li><li><strong>Cordyceps sinensis<\/strong> (25 mg) \u2013 parandab f\u00fc\u00fcsilist aktiivsust ja vastupidavust.<\/li><li><strong>kvertsetiin<\/strong> (25 mg) \u2013 omab antioks\u00fcdantseid omadusi ja toetab immuuns\u00fcsteemi.<\/li><li><strong>Damiana lehtede ekstrakt<\/strong> (25 mg) \u2013 need lehed, mis on tuntud oma afrodisiaakumi omaduste poolest, aitavad parandada seksuaaltervist ja meeleolu.<\/li><li><strong>Vitamiin B3 (niatsiinamiid)<\/strong> (16 mg) \u2013 toetab tervislikku vereringet ja energia tootmist.<\/li><\/ul><\/li><\/ol><h3><img loading=\"lazy\" decoding=\"async\" class=\"alignnone size-medium wp-image-17274\" src=\"https:\/\/findvit.com\/wp-content\/uploads\/2024\/06\/sex-bomb-vyro-seksualinei-energijai-gerinti-600x600.jpg\" alt=\"sekspomm mehe seksuaalenergia parandamiseks\" width=\"600\" height=\"600\" srcset=\"https:\/\/findvit.com\/wp-content\/uploads\/2024\/06\/sex-bomb-vyro-seksualinei-energijai-gerinti-600x600.jpg 600w, https:\/\/findvit.com\/wp-content\/uploads\/2024\/06\/sex-bomb-vyro-seksualinei-energijai-gerinti-900x900.jpg 900w, https:\/\/findvit.com\/wp-content\/uploads\/2024\/06\/sex-bomb-vyro-seksualinei-energijai-gerinti-150x150.jpg 150w, https:\/\/findvit.com\/wp-content\/uploads\/2024\/06\/sex-bomb-vyro-seksualinei-energijai-gerinti-768x768.jpg 768w, https:\/\/findvit.com\/wp-content\/uploads\/2024\/06\/sex-bomb-vyro-seksualinei-energijai-gerinti-400x400.jpg 400w, https:\/\/findvit.com\/wp-content\/uploads\/2024\/06\/sex-bomb-vyro-seksualinei-energijai-gerinti-100x100.jpg 100w, https:\/\/findvit.com\/wp-content\/uploads\/2024\/06\/sex-bomb-vyro-seksualinei-energijai-gerinti-1x1.jpg 1w, https:\/\/findvit.com\/wp-content\/uploads\/2024\/06\/sex-bomb-vyro-seksualinei-energijai-gerinti-10x10.jpg 10w, https:\/\/findvit.com\/wp-content\/uploads\/2024\/06\/sex-bomb-vyro-seksualinei-energijai-gerinti.jpg 1000w\" sizes=\"auto, (max-width: 600px) 100vw, 600px\" \/><\/h3><h3><strong>Kuidas Sex Bomb for Him t\u00f6\u00f6tab?<\/strong><\/h3><p>&quot;Sex Bomb for Him&quot; toimib kompleksselt, tugevdades keha ja vaimu. Looduslikud koostisosad toimivad s\u00fcnergiliselt, et parandada vereringet, suurendada energiat ja vastupidavust ning suurendada sugutungi. Selle toidulisandi regulaarne kasutamine aitab teil end nooremana, tugevamana ja enesekindlamana tunda.<\/p><h3><strong>Kasutusjuhend<\/strong><\/h3><p>Soovitatav on v\u00f5tta 2 kapslit p\u00e4evas, eelistatavalt enne magamaminekut. Parimate tulemuste saavutamiseks v\u00f5tke toidulisandit regulaarselt v\u00e4hemalt 30 p\u00e4eva.<\/p><h3><strong>Klientide \u00fclevaated<\/strong><\/h3><p>Mehed, kes proovisid &quot;Sex Bomb for Him&quot;, m\u00e4rkasid oma potentsi m\u00e4rkimisv\u00e4\u00e4rset paranemist ja rohkem energiat oma igap\u00e4evastes tegevustes. Nende enesekindlus ja \u00fcldine enesetunne paranesid m\u00e4rgatavalt.<\/p><h3><strong>Telli kohe!<\/strong><\/h3><p>\u00c4rge j\u00e4tke kasutamata v\u00f5imalust taastada oma potentsi loomulikul ja t\u00f5husal viisil. Telli talle Sex Bomb juba t\u00e4na ja alusta oma teekonda parema seksuaaltervise ja elukvaliteedi poole!<\/p>\t\t\t\t\t\t\t\t<\/div>\n\t\t\t\t<\/div>\n\t\t\t\t\t<\/div>\n\t\t<\/div>\n\t\t\t\t<div class=\"elementor-column elementor-col-50 elementor-top-column elementor-element elementor-element-b79009e\" data-id=\"b79009e\" data-element_type=\"column\">\n\t\t\t<div class=\"elementor-widget-wrap elementor-element-populated\">\n\t\t\t\t\t\t<div class=\"elementor-element elementor-element-5a38e94 elementor-widget elementor-widget-image\" data-id=\"5a38e94\" data-element_type=\"widget\" data-widget_type=\"image.default\">\n\t\t\t\t<div class=\"elementor-widget-container\">\n\t\t\t\t\t\t\t\t\t\t\t\t\t\t\t<img loading=\"lazy\" decoding=\"async\" width=\"900\" height=\"900\" src=\"https:\/\/findvit.com\/wp-content\/uploads\/2024\/06\/papildai-vyro-potencijai-gerinti-900x900.jpg\" class=\"attachment-large size-large wp-image-17262\" alt=\"toidulisandid meeste potentsi parandamiseks\" srcset=\"https:\/\/findvit.com\/wp-content\/uploads\/2024\/06\/papildai-vyro-potencijai-gerinti-900x900.jpg 900w, https:\/\/findvit.com\/wp-content\/uploads\/2024\/06\/papildai-vyro-potencijai-gerinti-600x600.jpg 600w, https:\/\/findvit.com\/wp-content\/uploads\/2024\/06\/papildai-vyro-potencijai-gerinti-150x150.jpg 150w, https:\/\/findvit.com\/wp-content\/uploads\/2024\/06\/papildai-vyro-potencijai-gerinti-768x768.jpg 768w, https:\/\/findvit.com\/wp-content\/uploads\/2024\/06\/papildai-vyro-potencijai-gerinti-400x400.jpg 400w, https:\/\/findvit.com\/wp-content\/uploads\/2024\/06\/papildai-vyro-potencijai-gerinti-100x100.jpg 100w, https:\/\/findvit.com\/wp-content\/uploads\/2024\/06\/papildai-vyro-potencijai-gerinti-1x1.jpg 1w, https:\/\/findvit.com\/wp-content\/uploads\/2024\/06\/papildai-vyro-potencijai-gerinti-10x10.jpg 10w, https:\/\/findvit.com\/wp-content\/uploads\/2024\/06\/papildai-vyro-potencijai-gerinti.jpg 1000w\" sizes=\"auto, (max-width: 900px) 100vw, 900px\" \/>\t\t\t\t\t\t\t\t\t\t\t\t\t\t\t<\/div>\n\t\t\t\t<\/div>\n\t\t\t\t\t<\/div>\n\t\t<\/div>\n\t\t\t\t\t<\/div>\n\t\t<\/section>\n\t\t\t\t<\/div>","protected":false},"excerpt":{"rendered":"<p>Laske oma sisemine j\u00f5ud valla meestele m\u00f5eldud toidulisandiga Sex Bomb for Him <strong>potentsi parandamiseks<\/strong>. See on sinu loomulik otsus <strong>seksuaaltervise ja energia jaoks<\/strong>.<\/p>","protected":false},"featured_media":17276,"comment_status":"open","ping_status":"closed","template":"","meta":{"_acf_changed":false,"inline_featured_image":false},"etheme_brands":[{"term_id":644,"name":"Applied Nutrition","slug":"applied-nutrition","term_group":0,"term_taxonomy_id":644,"taxonomy":"brand","description":"","parent":0,"count":3,"filter":"raw"}],"product_brand":[],"product_cat":[645,124],"product_tag":[125,91,120],"class_list":{"0":"post-17252","1":"product","2":"type-product","3":"status-publish","4":"has-post-thumbnail","6":"brand-applied-nutrition","7":"product_cat-geriausi-papildai-vyrams","8":"product_cat-siamsezonui","9":"product_tag-energijai","10":"product_tag-imunitetui","11":"product_tag-organizmo-stiprinimui","13":"first","14":"instock","15":"sale","16":"taxable","17":"shipping-taxable","18":"purchasable","19":"product-type-simple"},"acf":[],"_links":{"self":[{"href":"https:\/\/findvit.com\/et\/wp-json\/wp\/v2\/product\/17252","targetHints":{"allow":["GET"]}}],"collection":[{"href":"https:\/\/findvit.com\/et\/wp-json\/wp\/v2\/product"}],"about":[{"href":"https:\/\/findvit.com\/et\/wp-json\/wp\/v2\/types\/product"}],"replies":[{"embeddable":true,"href":"https:\/\/findvit.com\/et\/wp-json\/wp\/v2\/comments?post=17252"}],"version-history":[{"count":25,"href":"https:\/\/findvit.com\/et\/wp-json\/wp\/v2\/product\/17252\/revisions"}],"predecessor-version":[{"id":21720,"href":"https:\/\/findvit.com\/et\/wp-json\/wp\/v2\/product\/17252\/revisions\/21720"}],"wp:featuredmedia":[{"embeddable":true,"href":"https:\/\/findvit.com\/et\/wp-json\/wp\/v2\/media\/17276"}],"wp:attachment":[{"href":"https:\/\/findvit.com\/et\/wp-json\/wp\/v2\/media?parent=17252"}],"wp:term":[{"taxonomy":"brand","embeddable":true,"href":"https:\/\/findvit.com\/et\/wp-json\/wp\/v2\/etheme_brands?post=17252"},{"taxonomy":"product_brand","embeddable":true,"href":"https:\/\/findvit.com\/et\/wp-json\/wp\/v2\/product_brand?post=17252"},{"taxonomy":"product_cat","embeddable":true,"href":"https:\/\/findvit.com\/et\/wp-json\/wp\/v2\/product_cat?post=17252"},{"taxonomy":"product_tag","embeddable":true,"href":"https:\/\/findvit.com\/et\/wp-json\/wp\/v2\/product_tag?post=17252"}],"curies":[{"name":"wp","href":"https:\/\/api.w.org\/{rel}","templated":true}]}}