{"id":17931,"date":"2024-07-21T09:34:30","date_gmt":"2024-07-21T06:34:30","guid":{"rendered":"https:\/\/findvit.com\/?post_type=product&#038;p=17931"},"modified":"2026-02-27T16:08:09","modified_gmt":"2026-02-27T14:08:09","slug":"kiki-health-ekologiski-kakavos-milteliai-150-g-jusu-dienos-pradzios-magija","status":"publish","type":"product","link":"https:\/\/findvit.com\/et\/produktas\/kiki-health-ekologiski-kakavos-milteliai-150-g-jusu-dienos-pradzios-magija\/","title":{"rendered":"KIKI Health Organic Kakao Peruust, 150 g."},"content":{"rendered":"<div data-elementor-type=\"product-post\" data-elementor-id=\"17931\" class=\"elementor elementor-17931\" data-elementor-post-type=\"product\">\n\t\t\t\t\t\t<section class=\"elementor-section elementor-top-section elementor-element elementor-element-a226a0d elementor-section-boxed elementor-section-height-default elementor-section-height-default\" data-id=\"a226a0d\" data-element_type=\"section\">\n\t\t\t\t\t\t<div class=\"elementor-container elementor-column-gap-default\">\n\t\t\t\t\t<div class=\"elementor-column elementor-col-100 elementor-top-column elementor-element elementor-element-4a413bf\" data-id=\"4a413bf\" data-element_type=\"column\">\n\t\t\t<div class=\"elementor-widget-wrap elementor-element-populated\">\n\t\t\t\t\t\t<div class=\"elementor-element elementor-element-3117dbb elementor-absolute elementor-hidden-mobile elementor-invisible elementor-widget elementor-widget-image\" data-id=\"3117dbb\" data-element_type=\"widget\" data-settings=\"{&quot;motion_fx_motion_fx_scrolling&quot;:&quot;yes&quot;,&quot;motion_fx_rotateZ_effect&quot;:&quot;yes&quot;,&quot;motion_fx_rotateZ_speed&quot;:{&quot;unit&quot;:&quot;px&quot;,&quot;size&quot;:5,&quot;sizes&quot;:[]},&quot;motion_fx_range&quot;:&quot;viewport&quot;,&quot;_animation&quot;:&quot;fadeIn&quot;,&quot;_position&quot;:&quot;absolute&quot;,&quot;motion_fx_rotateZ_affectedRange&quot;:{&quot;unit&quot;:&quot;%&quot;,&quot;size&quot;:&quot;&quot;,&quot;sizes&quot;:{&quot;start&quot;:0,&quot;end&quot;:100}},&quot;motion_fx_devices&quot;:[&quot;desktop&quot;,&quot;tablet&quot;,&quot;mobile&quot;]}\" data-widget_type=\"image.default\">\n\t\t\t\t<div class=\"elementor-widget-container\">\n\t\t\t\t\t\t\t\t\t\t\t\t\t\t\t<img loading=\"lazy\" decoding=\"async\" width=\"200\" height=\"200\" src=\"https:\/\/findvit.com\/wp-content\/uploads\/2021\/09\/ratukas.svg\" class=\"attachment-full size-full wp-image-1777\" alt=\"Ratas ankeedist vitamiinini\" \/>\t\t\t\t\t\t\t\t\t\t\t\t\t\t\t<\/div>\n\t\t\t\t<\/div>\n\t\t\t\t\t<\/div>\n\t\t<\/div>\n\t\t\t\t\t<\/div>\n\t\t<\/section>\n\t\t\t\t<section class=\"elementor-section elementor-top-section elementor-element elementor-element-366c346 elementor-section-boxed elementor-section-height-default elementor-section-height-default\" data-id=\"366c346\" data-element_type=\"section\">\n\t\t\t\t\t\t<div class=\"elementor-container elementor-column-gap-no\">\n\t\t\t\t\t<div class=\"elementor-column elementor-col-50 elementor-top-column elementor-element elementor-element-e3154fc\" data-id=\"e3154fc\" data-element_type=\"column\">\n\t\t\t<div class=\"elementor-widget-wrap elementor-element-populated\">\n\t\t\t\t\t\t<div class=\"elementor-element elementor-element-51b6270 elementor-widget elementor-widget-heading\" data-id=\"51b6270\" data-element_type=\"widget\" data-widget_type=\"heading.default\">\n\t\t\t\t<div class=\"elementor-widget-container\">\n\t\t\t\t\t<h2 class=\"elementor-heading-title elementor-size-medium\">KIKI tervise orgaaniline kakaopulber: avastage looduse j\u00f5ud<\/h2>\t\t\t\t<\/div>\n\t\t\t\t<\/div>\n\t\t\t\t<div class=\"elementor-element elementor-element-c233cae elementor-widget elementor-widget-text-editor\" data-id=\"c233cae\" data-element_type=\"widget\" data-widget_type=\"text-editor.default\">\n\t\t\t\t<div class=\"elementor-widget-container\">\n\t\t\t\t\t\t\t\t\t<h3><strong>ELUJ\u00d5U ALLIKAS:<\/strong><\/h3><p>KIKI Health orgaaniline kakaopulber on valmistatud tervetest ja r\u00f6stimata kvaliteetsetest kakaoubadest, mis on \u00f5rnalt kuivatatud ja konserveerimiseks t\u00f6\u00f6deldud madalal temperatuuril<strong> elut\u00e4htis<\/strong> toitumiskomponendid. See \u00fcks <strong>\u00f5rn<\/strong> t\u00f6\u00f6tlemine tagab pulbri s\u00e4ilimise <strong>maksimaalne kogus antioks\u00fcdante, mineraale ja vitamiine<\/strong>, mis annab teile mitte ainult maitse, vaid ka <strong>energiat terveks p\u00e4evaks<\/strong>.<\/p><h3><strong>MAITSE JA L\u00d5HNA HARMOONIA:<\/strong><\/h3><p>Orgaaniline kakaopulber on kulinaarse buketi epitsenter, mis<strong> ahvatleb mitte ainult maitse, vaid ka l\u00f5hnaga<\/strong>. Selle pulbri rikkalik, s\u00fcgav kakaoaroom <strong>paneb su meeli segama<\/strong>, ja maitse toob <strong>m\u00e4lestusi<\/strong> ehtsast t\u00f6\u00f6tlemata kakaost, millel on v\u00f5rratu s\u00fcgavus ja maitse sujuvus. Iga lusikat\u00e4is seda kakaopulbrit on nagu pidu teie huultele, paljastades naturaalse kakao rikkaliku ja keeruka profiili, mis ei j\u00e4ta teid \u00fcksk\u00f5ikseks.<\/p><p>Selle imelise maitse ja l\u00f5hnani <strong>naturaalsete kakaoubade nauding on infundeeritud<\/strong>, mis on kasvatatud mahep\u00f5llumajanduslikult, ilma s\u00fcnteetiliste v\u00e4etiste ja kemikaalideta, v\u00f5imaldades loodusel end v\u00e4ljendada oma tingimustel. See autentsuse ja maitse s\u00fcmfoonia ei loo mitte ainult gastronoomilist, vaid ka <strong>emotsionaalne kogemus<\/strong>, mis muudab igasuguse katse teie k\u00f6\u00f6gis t\u00f5eliseks pidup\u00e4evaks.<\/p><h3><strong>Ainulaadne harmoonia:<\/strong><\/h3><p class=\"cvGsUA direction-ltr align-start para-style-body\"><span class=\"OYPEnA font-feature-liga-off font-feature-clig-off font-feature-calt-off text-decoration-none text-strikethrough-none\">Kiki kakaopulber p\u00e4rineb Peruu ubadest. Kasvatatud vulkaanilises pinnases, <strong>omamises<\/strong> <strong>palju<\/strong> mineraalid, <\/span><span class=\"OYPEnA font-feature-liga-off font-feature-clig-off font-feature-calt-off text-decoration-none text-strikethrough-none\">k\u00f5rgel <strong>Andide m\u00e4gede orgudes<\/strong>.<\/span><\/p><p class=\"cvGsUA direction-ltr align-start para-style-body\"><span class=\"OYPEnA font-feature-liga-off font-feature-clig-off font-feature-calt-off text-decoration-none text-strikethrough-none\">R\u00f6stimata oad kuivatatakse <strong>loomulikul viisil<\/strong> - p\u00e4ikese k\u00e4es, madalam <strong>kui 46\u00b0C<\/strong> temperatuuri.<\/span><\/p><p class=\"cvGsUA direction-ltr align-start para-style-body\"><span class=\"OYPEnA font-feature-liga-off font-feature-clig-off font-feature-calt-off text-decoration-none text-strikethrough-none\">Nii s\u00e4ilitab kakao oma puhtaima vormi, <strong>toitaineid kaotamata<\/strong> ained - raud, vask, magneesium, kaalium ja antioks\u00fcdandid.<\/span><\/p><h3><strong>T\u00d5STAB LOOMULIKULT tuju:<\/strong><\/h3><p>Teaduslikud uuringud n\u00e4itavad, et kakao aitab parandada tuju t\u00e4nu oma rohkele fen\u00fc\u00fclet\u00fc\u00fclamiinile (PEA), nn armastuskemikaalile, mida leidub looduslikult ajus ja <strong>soodustab tunnete paranemist<\/strong>. Meie kakaopulber v\u00f5ib aidata teil end \u00f5nnelikumana ja energilisemana tunda.<\/p><h3><strong>S\u00dcDAMES\u00d5BER:<\/strong><\/h3><p>Seal on kakaopulber <strong>suurep\u00e4rane magneesiumi allikas<\/strong> \u2013 mineraal, mis on oluline s\u00fcdame tervise ja normaalse lihaste talitluse jaoks. Nad on rikkad ka flavonoidide poolest, mis aitavad s\u00e4ilitada veresoonte tervist.<\/p><h3><strong>SUUR ANTIOKSIDANTIDE ALLIKAS:<\/strong><\/h3><p>KIKI Health Cocoa Powder on k\u00f5rge antioks\u00fcdantide tasemega, \u00fcletades isegi tavalist rohelist teed v\u00f5i mustikaid, nii et <strong>kaitstes oma keha<\/strong> vabadest radikaalidest, mis aitavad kaasa vananemis- ja haigusprotsessidele.<\/p><h3><strong>UNIVERSAALSUS TEIE K\u00d6\u00d6GIS:<\/strong><\/h3><p>See pulber on \u00e4\u00e4rmiselt mitmek\u00fclgne \u2013 kasutage imelist kakaopulbrit oma lemmikretseptides v\u00f5i lihtsalt <strong>lisada<\/strong> <strong>hommikuse kokteiliga<\/strong> v\u00f5i sooja jooki, et iga lonks muutuks mitte ainult tervisele kasulikuks, vaid ka <strong>\u00fclimalt meeldiv.<\/strong><\/p><p>V\u00fcrtsitage mitte ainult magustoite, vaid ka erinevaid kuumi roogasid, <strong>rikastav<\/strong> nad on uskumatud <strong>maitse<\/strong> ja <strong>tervist<\/strong>.<\/p><h3><strong>AUTENTNE JA \u00d6KOLOOGILINE VALIK:<\/strong><\/h3><p>Meie oma <strong>garanteerib toote autentsuse<\/strong> mahep\u00f5llumajandusliku toote sertifikaat, ilma keemiliste v\u00e4etiste v\u00f5i pestitsiidideta, tagades, et saate ainult parimat, mida loodus pakub.<\/p><p>KIKI tervise orgaaniline kakaopulber - <strong>see on kaasaegse inimese valik<\/strong>, mitte ainult r\u00f5\u00f5muks, vaid ka terviseks iga p\u00e4ev. Laske selle toote \u00f5rnusel ja k\u00fclluslikel eelistel saada teie igap\u00e4evaelu osaks ning avastage elu maitse uuel viisil!<\/p><p><img loading=\"lazy\" decoding=\"async\" class=\"alignnone wp-image-17489 size-full\" src=\"https:\/\/findvit.com\/wp-content\/uploads\/2024\/06\/lions-mane-grybas-rankose-simb.jpg\" alt=\"\u00f6kom\u00e4rk 1\" width=\"500\" height=\"288\" srcset=\"https:\/\/findvit.com\/wp-content\/uploads\/2024\/06\/lions-mane-grybas-rankose-simb.jpg 500w, https:\/\/findvit.com\/wp-content\/uploads\/2024\/06\/lions-mane-grybas-rankose-simb-1x1.jpg 1w, https:\/\/findvit.com\/wp-content\/uploads\/2024\/06\/lions-mane-grybas-rankose-simb-10x6.jpg 10w\" sizes=\"auto, (max-width: 500px) 100vw, 500px\" \/><\/p><p>Kuidas <strong>teada saada<\/strong> millised vitamiinid, mineraalid v\u00f5i muud toidulisandid <strong>hetkel k\u00f5ige sobivam<\/strong>? <strong>Proovi seda<\/strong> tasuta test <a href=\"https:\/\/findvit.com\/et\/testas\/\"><strong>&quot;Sinu p\u00e4ev&quot; <\/strong><\/a>! kus <strong>saad teada<\/strong> keha vajadused ja <strong>sa saad<\/strong> <strong>isiklik<\/strong> soovitus!<\/p><h5>\u00a0<\/h5>\t\t\t\t\t\t\t\t<\/div>\n\t\t\t\t<\/div>\n\t\t\t\t\t<\/div>\n\t\t<\/div>\n\t\t\t\t<div class=\"elementor-column elementor-col-50 elementor-top-column elementor-element elementor-element-c89ad6b\" data-id=\"c89ad6b\" data-element_type=\"column\">\n\t\t\t<div class=\"elementor-widget-wrap elementor-element-populated\">\n\t\t\t\t\t\t<div class=\"elementor-element elementor-element-2962464 elementor-widget elementor-widget-image\" data-id=\"2962464\" data-element_type=\"widget\" data-widget_type=\"image.default\">\n\t\t\t\t<div class=\"elementor-widget-container\">\n\t\t\t\t\t\t\t\t\t\t\t\t\t\t\t<img loading=\"lazy\" decoding=\"async\" width=\"900\" height=\"900\" src=\"https:\/\/findvit.com\/wp-content\/uploads\/2024\/07\/kiki-health-1-900x900.jpg\" class=\"attachment-large size-large wp-image-18005\" alt=\"kiki tervise kakaokollaa\u017e\" srcset=\"https:\/\/findvit.com\/wp-content\/uploads\/2024\/07\/kiki-health-1-900x900.jpg 900w, https:\/\/findvit.com\/wp-content\/uploads\/2024\/07\/kiki-health-1-600x600.jpg 600w, https:\/\/findvit.com\/wp-content\/uploads\/2024\/07\/kiki-health-1-150x150.jpg 150w, https:\/\/findvit.com\/wp-content\/uploads\/2024\/07\/kiki-health-1-768x768.jpg 768w, https:\/\/findvit.com\/wp-content\/uploads\/2024\/07\/kiki-health-1-400x400.jpg 400w, https:\/\/findvit.com\/wp-content\/uploads\/2024\/07\/kiki-health-1-100x100.jpg 100w, https:\/\/findvit.com\/wp-content\/uploads\/2024\/07\/kiki-health-1-1x1.jpg 1w, https:\/\/findvit.com\/wp-content\/uploads\/2024\/07\/kiki-health-1-10x10.jpg 10w, https:\/\/findvit.com\/wp-content\/uploads\/2024\/07\/kiki-health-1.jpg 1000w\" sizes=\"auto, (max-width: 900px) 100vw, 900px\" \/>\t\t\t\t\t\t\t\t\t\t\t\t\t\t\t<\/div>\n\t\t\t\t<\/div>\n\t\t\t\t\t<\/div>\n\t\t<\/div>\n\t\t\t\t\t<\/div>\n\t\t<\/section>\n\t\t\t\t<\/div>","protected":false},"excerpt":{"rendered":"<p>Looge oma p\u00e4eva algus pehmusega, mida tunnete alles p\u00e4rast parimat und \u00e4rgates. KIKI Health mahekakaopulber ei ole lihtsalt lihtne toidutoode. See <strong>rituaal<\/strong>, mis <strong>rikastab iga p\u00e4eva<\/strong> loomulik <strong>m\u00f5nuga<\/strong> ja <strong>harmooniat<\/strong>. Loo<strong> eriline hetk iseendale<\/strong> selle aromaatse ja rikkaliku tootega.<\/p>","protected":false},"featured_media":17944,"comment_status":"open","ping_status":"closed","template":"","meta":{"_acf_changed":false,"inline_featured_image":false},"etheme_brands":[{"term_id":28,"name":"Kiki Health","slug":"kiki-health","term_group":0,"term_taxonomy_id":28,"taxonomy":"brand","description":"<h2><a href=\"https:\/\/kiki-health.com\/about-us\/\" target=\"_blank\" rel=\"noopener\"><strong>KIKI Health<\/strong><\/a><\/h2>\r\nKIKI yra prek\u0117s \u017eenklas, kuriantis novatori\u0161kus maisto papildus.\r\n\r\nKIKI yra pripa\u017eintas ir gerbiamas, kaip sveikos gyvensenos produkt\u0173 ir individualumo bei meistri\u0161kumo standartas.\r\n\r\nKIKI gim\u0117 i\u0161 noro skatinti optimali\u0105 sveikat\u0105 ir gerov\u0119, m\u016bs\u0173 tikslas ir aistra yra \u012fsigyti auk\u0161\u010diausios kokyb\u0117s, grynumo produktus i\u0161 viso pasaulio, kurie pad\u0117t\u0173 gro\u017eiui ir sveikatai.\r\n\r\nNuo pat prad\u017ei\u0173 ir iki \u0161iol KIKI Health niekada nedaro kompromis\u0173 ir nededa pried\u0173 bei naudoja prastesni\u0173 ingredient\u0173 - tik nat\u016bralios 100% veikliosios med\u017eiagos.\r\n\r\nhttps:\/\/youtu.be\/irT0ZUOzBac?t=45\r\n<h3><strong>Nat\u016braliai turtingi <\/strong><strong>vitaminais, mineralais ir b\u016btinomis\u00a0 veikliosiomis med\u017eiagomis<\/strong><\/h3>\r\nDaugelis \"KIKI Health\" produkt\u0173 turintys augalini\u0173 ir maistini\u0173 med\u017eiag\u0173\u00a0 yra sertifikuoti, kaip ekologi\u0161ki.\r\n\r\nI\u0161naudodami stiprias augalin\u0117s kilm\u0117s, nat\u016brali\u0173 ingredient\u0173 galias, kupinas esmini\u0173 augal\u0173 veikli\u0173j\u0173 med\u017eiag\u0173, vitamin\u0173 ir mineral\u0173, kad suteikt\u0173 smegenims, odai ir k\u016bnui neprilygstam\u0105 pagalb\u0105.\r\n\r\nKIKI Health tikslas yra u\u017etikrinti, kad mi\u0161iniuose neb\u016bt\u0173 sintetikos, konservant\u0173, u\u017epild\u0173 ir ri\u0161ikli\u0173, u\u017etikrinant, kad ir toliau gamint\u0173 veiksmingus, \u0161varius ir saugius papildus.\r\n\r\nPagaminta Jungtin\u0117je Karalyst\u0117je i\u0161 \u0161vari\u0173 ir tvari\u0173 ingredient\u0173.\r\n<h3><strong>Atsakingumas<\/strong><\/h3>\r\nU\u017etikrindami, kad produktai b\u016bt\u0173 atsakingai u\u017eauginti, ne tik r\u016bpinamasi aplinka, bet ir garantuojama produkto kokyb\u0119. KIKI Healt specialistai keliauja po pasaul\u012f ie\u0161kodami ekologi\u0161k\u0173, eti\u0161kai gaut\u0173 ingredient\u0173, pasi\u017eymin\u010di\u0173 geresne maistine verte, kartu pad\u0117dami vietos bendruomen\u0117ms klest\u0117ti. Maisto gamybos b\u016bdas yra labai svarbus daugeliui vartotoj\u0173, ir tai kelia susir\u016bpinim\u0105, kur\u012f mes dalijam\u0117s.\r\n<h3><strong>Minimalus apdorojimas<\/strong><\/h3>\r\nNor\u0117dami pasiekti optimal\u0173 biologin\u012f prieinamum\u0105, stengiamasi, kad ingredientai b\u016bt\u0173 kuo ar\u010diau j\u0173 nat\u016bralios b\u016bkl\u0117s. Laikomasi minimalaus perdirbimo ir kontroliuojama temperat\u016bros, i\u0161kart po derliaus nu\u0117mimo, kad b\u016bt\u0173 i\u0161laikoma visa nauda sveikatai ir gyvybi\u0161kai svarbios maistin\u0117s med\u017eiagos.\r\n\r\n<strong>Produktuose n\u0117ra<\/strong>: sintetikos, dirbtini\u0173 da\u017eikli\u0173 ir kvapi\u0173j\u0173 med\u017eiag\u0173, u\u017epild\u0173, ri\u0161ikli\u0173, dengimo med\u017eiag\u0173, lipnum\u0105 reguliuojan\u010di\u0173 med\u017eiag\u0173, cukr\u0173, glitimo, GMO, laktoz\u0117s, konservant\u0173, pagalbini\u0173 med\u017eiag\u0173.\r\n\r\nVisi ingredientai ir galutiniai produktai yra reguliariai tikrinami tre\u010diosios \u0161alies laboratorijoje. U\u017etikrinama, kad kiekviena partija b\u016bt\u0173 i\u0161bandyta d\u0117l sunki\u0173j\u0173 metal\u0173, mikroorganizm\u0173 ir pesticid\u0173 laikantis grie\u017et\u0173 kokyb\u0117s kontrol\u0117s s\u0105lyg\u0173, o rezultatai atitikt\u0173 ES ir JK ribinius reglamentus, \u012fskaitant ekologinio \u016bkininkavimo standartus.","parent":0,"count":28,"filter":"raw"}],"product_brand":[],"product_cat":[63],"product_tag":[],"class_list":{"0":"post-17931","1":"product","2":"type-product","3":"status-publish","4":"has-post-thumbnail","6":"brand-kiki-health","7":"product_cat-mineralai","9":"first","10":"outofstock","11":"taxable","12":"shipping-taxable","13":"purchasable","14":"product-type-simple"},"acf":[],"_links":{"self":[{"href":"https:\/\/findvit.com\/et\/wp-json\/wp\/v2\/product\/17931","targetHints":{"allow":["GET"]}}],"collection":[{"href":"https:\/\/findvit.com\/et\/wp-json\/wp\/v2\/product"}],"about":[{"href":"https:\/\/findvit.com\/et\/wp-json\/wp\/v2\/types\/product"}],"replies":[{"embeddable":true,"href":"https:\/\/findvit.com\/et\/wp-json\/wp\/v2\/comments?post=17931"}],"version-history":[{"count":20,"href":"https:\/\/findvit.com\/et\/wp-json\/wp\/v2\/product\/17931\/revisions"}],"predecessor-version":[{"id":18732,"href":"https:\/\/findvit.com\/et\/wp-json\/wp\/v2\/product\/17931\/revisions\/18732"}],"wp:featuredmedia":[{"embeddable":true,"href":"https:\/\/findvit.com\/et\/wp-json\/wp\/v2\/media\/17944"}],"wp:attachment":[{"href":"https:\/\/findvit.com\/et\/wp-json\/wp\/v2\/media?parent=17931"}],"wp:term":[{"taxonomy":"brand","embeddable":true,"href":"https:\/\/findvit.com\/et\/wp-json\/wp\/v2\/etheme_brands?post=17931"},{"taxonomy":"product_brand","embeddable":true,"href":"https:\/\/findvit.com\/et\/wp-json\/wp\/v2\/product_brand?post=17931"},{"taxonomy":"product_cat","embeddable":true,"href":"https:\/\/findvit.com\/et\/wp-json\/wp\/v2\/product_cat?post=17931"},{"taxonomy":"product_tag","embeddable":true,"href":"https:\/\/findvit.com\/et\/wp-json\/wp\/v2\/product_tag?post=17931"}],"curies":[{"name":"wp","href":"https:\/\/api.w.org\/{rel}","templated":true}]}}