{"id":17947,"date":"2024-07-21T11:32:53","date_gmt":"2024-07-21T08:32:53","guid":{"rendered":"https:\/\/findvit.com\/?post_type=product&#038;p=17947"},"modified":"2026-03-29T15:59:25","modified_gmt":"2026-03-29T12:59:25","slug":"kiki-health-magnesium-oil-purskiamas-magnis-jusu-gyvenimo-palydovas","status":"publish","type":"product","link":"https:\/\/findvit.com\/et\/produktas\/kiki-health-magnesium-oil-purskiamas-magnis-jusu-gyvenimo-palydovas\/","title":{"rendered":"KIKI Health Magnesium Oil - Magneesiumipihustus lihastele mineraalidega, 125 ml."},"content":{"rendered":"<div data-elementor-type=\"product-post\" data-elementor-id=\"17947\" class=\"elementor elementor-17947\" data-elementor-post-type=\"product\">\n\t\t\t\t\t\t<section class=\"elementor-section elementor-top-section elementor-element elementor-element-697b9d0e elementor-section-boxed elementor-section-height-default elementor-section-height-default\" data-id=\"697b9d0e\" data-element_type=\"section\">\n\t\t\t\t\t\t<div class=\"elementor-container elementor-column-gap-default\">\n\t\t\t\t\t<div class=\"elementor-column elementor-col-100 elementor-top-column elementor-element elementor-element-20e74427\" data-id=\"20e74427\" data-element_type=\"column\">\n\t\t\t<div class=\"elementor-widget-wrap elementor-element-populated\">\n\t\t\t\t\t\t<div class=\"elementor-element elementor-element-5fb87e4e elementor-absolute elementor-hidden-mobile elementor-invisible elementor-widget elementor-widget-image\" data-id=\"5fb87e4e\" data-element_type=\"widget\" data-settings=\"{&quot;motion_fx_motion_fx_scrolling&quot;:&quot;yes&quot;,&quot;motion_fx_rotateZ_effect&quot;:&quot;yes&quot;,&quot;motion_fx_rotateZ_speed&quot;:{&quot;unit&quot;:&quot;px&quot;,&quot;size&quot;:5,&quot;sizes&quot;:[]},&quot;motion_fx_range&quot;:&quot;viewport&quot;,&quot;_animation&quot;:&quot;fadeIn&quot;,&quot;_position&quot;:&quot;absolute&quot;,&quot;motion_fx_rotateZ_affectedRange&quot;:{&quot;unit&quot;:&quot;%&quot;,&quot;size&quot;:&quot;&quot;,&quot;sizes&quot;:{&quot;start&quot;:0,&quot;end&quot;:100}},&quot;motion_fx_devices&quot;:[&quot;desktop&quot;,&quot;tablet&quot;,&quot;mobile&quot;]}\" data-widget_type=\"image.default\">\n\t\t\t\t<div class=\"elementor-widget-container\">\n\t\t\t\t\t\t\t\t\t\t\t\t\t\t\t<img loading=\"lazy\" decoding=\"async\" width=\"200\" height=\"200\" src=\"https:\/\/findvit.com\/wp-content\/uploads\/2021\/09\/ratukas.svg\" class=\"attachment-full size-full wp-image-1777\" alt=\"Ratas ankeedist vitamiinini\" \/>\t\t\t\t\t\t\t\t\t\t\t\t\t\t\t<\/div>\n\t\t\t\t<\/div>\n\t\t\t\t\t<\/div>\n\t\t<\/div>\n\t\t\t\t\t<\/div>\n\t\t<\/section>\n\t\t\t\t<section class=\"elementor-section elementor-top-section elementor-element elementor-element-600cef05 elementor-section-boxed elementor-section-height-default elementor-section-height-default\" data-id=\"600cef05\" data-element_type=\"section\">\n\t\t\t\t\t\t<div class=\"elementor-container elementor-column-gap-no\">\n\t\t\t\t\t<div class=\"elementor-column elementor-col-50 elementor-top-column elementor-element elementor-element-48f92489\" data-id=\"48f92489\" data-element_type=\"column\">\n\t\t\t<div class=\"elementor-widget-wrap elementor-element-populated\">\n\t\t\t\t\t\t<div class=\"elementor-element elementor-element-705cac9d elementor-widget elementor-widget-heading\" data-id=\"705cac9d\" data-element_type=\"widget\" data-widget_type=\"heading.default\">\n\t\t\t\t<div class=\"elementor-widget-container\">\n\t\t\t\t\t<h2 class=\"elementor-heading-title elementor-size-default\">TAASTAGE KEHA L\u00d5\u00d5GASTUS KIKI HEALTH MAGNEESIUM\u00d5LI Spreiga<\/h2>\t\t\t\t<\/div>\n\t\t\t\t<\/div>\n\t\t\t\t<div class=\"elementor-element elementor-element-40981e23 elementor-widget elementor-widget-text-editor\" data-id=\"40981e23\" data-element_type=\"widget\" data-widget_type=\"text-editor.default\">\n\t\t\t\t<div class=\"elementor-widget-container\">\n\t\t\t\t\t\t\t\t\t<h3><b>TEIE ENERGIA EI OLE ENAM UNISTUS: AVASTAGE UUS J\u00d5UALLIKAS<\/b><\/h3><p>Olgem ausad \u2013 vahel tundub, et igap\u00e4evane elutempo \u00fcletab meie energiavarud. Meie <b>me k\u00f5ik tahame rohkem<\/b>: rohkem tegevust, rohkem aega perega, suurem t\u00f6\u00f6viljakus.<\/p><p>Aga kui keha \u00fctleb, et ma ei saa enam, on vastus siin - <strong>KIKI Health Magnesium Oil Spray<\/strong>. See pole lihtne l\u00f5\u00f5gastus p\u00e4rast rasket p\u00e4eva. See on sinu salarelv v\u00e4simuse, stressi ja energiapuuduse vastu, lahti laskmine <b>naudi iga hetke<\/b> keha raskust tundmata.<\/p><h3><strong>V\u00c4SIMUSEST VABANEMINE: AVASTA L\u00d5DVASTUSE ALLIKAS<\/strong><\/h3><p>\u00dcks meie suurimaid hirme on pideva v\u00e4simuse ja ps\u00fchholoogilise stressi \u00fcle kontrolli kaotamine. <strong>KIKI Health Magnesium Oil Spray<\/strong> aitab sellest hirmust kergesti \u00fcle saada, pakkudes <b>kohene l\u00f5\u00f5gastus<\/b>. Otse nahale pihustatuna imendub magneesiumi\u00f5li kiiresti, koheselt <b>lihaspingete v\u00e4hendamine<\/b> ja l\u00f5\u00f5gastumise edendamine.<\/p><h3><strong>OLULINE AVAstus: AUTENTNE HEAOLU ALLIKAS<\/strong><\/h3><p>K\u00f5ik tahavad meid <b>tunda end tervena<\/b>, energiline ja t\u00e4is elu. Kuid m\u00f5nikord on raske leida tooteid, mis mitte ainult ei luba, vaid ka tegelikult t\u00f6\u00f6tavad. Meie kliendid kinnitavad \u2013 <strong>KIKI Health Magnesium Oil Spray<\/strong> on t\u00e4pselt mille toode <b>sa otsisid<\/b>. See mitte ainult ei v\u00e4henda t\u00f5husalt lihasvalu ega paranda und, vaid ka <b>annab <\/b>pikaajaline emotsionaalne rahulolu, millest t\u00e4nap\u00e4eva kiires elutempos nii puudu j\u00e4\u00e4b.<\/p><h3><strong>UUS \u00d5HTURITUAAL: MAGA NAGU S\u00dcGAVALT<\/strong><\/h3><p>Kujutage ette, et tulete koju p\u00e4rast pikka ja v\u00e4sitavat p\u00e4eva. Sinu keha ja vaim karjuvad puhkama. V\u00f5tad pudeli <strong>KIKI Health Magnesium Oil Spray<\/strong>, pihustad mitu korda jalgadele ja vasikatele. <b>\u00d5rn<\/b>, <b>meeldiv <\/b>\u00f5li tunne, kerge rahustav kipitus nahal ja vaikus. Varsti tunnete, kuidas <b>pinge lahkub kehast<\/b>, ja m\u00f5tted rahunevad. <b>Magama <\/b>muutub <b>s\u00fcgavamale<\/b>, ja hommikul \u00e4rkad v\u00e4rskena ja uueks p\u00e4evaks valmis. Sellest rituaalist saab teie igap\u00e4evane rutiin <b>rahulolu <\/b>ja <b>meelerahu <\/b>allikas.<\/p><h3><strong>P\u00c4EVANE ANNUS TEIE HEAOLU EEST<\/strong><\/h3><p><strong>KIKI Health Magnesium Oil Spray<\/strong> ei ole lihtne toode - see on igap\u00e4evane investeering teie heaolusse. Selle pihustiga pole te \u00fcksi <b>sa parandad oma <\/b>f\u00fc\u00fcsiline <b>tingimus<\/b>, aga ka <b>tugevdad <\/b>ps\u00fchholoogiline <b>vastupidavus<\/b>, \u00f5ppides enda eest \u00f5rnalt ja t\u00f5husalt hoolitsema. Kutsuge see toode oma ellu ja laske sellel saada teie rahu ja <b>energiaallikas<\/b>.<\/p><h3><strong>TOOTE EKSKLUSIIVNE ISELOOM: LOODUS JA TEADUS K\u00c4SIK\u00c4ES<\/strong><\/h3><p>Meie oma <strong>KIKI Health Magnesium Oil Spray<\/strong> on midagi enamat kui lihtsalt magneesiumiallikas. Selle toote ainulaadsus seisneb selles <b>ainulaadne kombinatsioon <\/b>puhta, looduslikult saadud magneesiumi ja teaduslikult t\u00f5estatud koostiste vahel, mis <b>tagab <\/b>optimaalne <b>imendumine <\/b>ja t\u00f5husust. Hoolikalt valitud magneesiumisoolad ekstraheeritakse Zechsteini mere iidsetest s\u00fcgavustest, mis on tuntud oma puutumatu, saastumata ja \u00e4\u00e4rmiselt erksa mere poolest. <b>puhas <\/b>magneesium <b>kvaliteeditase<\/b>.<\/p><h3><b>TUNNE HEA \u2013 \u00c4GE<\/b><\/h3><p>Elage elu t\u00e4iel rinnal ilma kompromisse tegemata <strong>KIKI Health Magnesium Oil Spray<\/strong>. Meie toode on m\u00f5eldud teile - <b>kaasaegse inimese jaoks<\/b>, kes tahab mitte ainult elada, vaid ka <b>nautida <\/b>iga elu <b>hetk <\/b>naeratusega. Kasutage seda h\u00e4mmastavat toodet ja tunnetage, kuidas iga selle osa teid aitab <b>isiklik \u00f5nn <\/b>ja <b>heaolu<\/b>.<\/p><p><img loading=\"lazy\" decoding=\"async\" class=\"alignnone size-medium wp-image-17971\" src=\"https:\/\/findvit.com\/wp-content\/uploads\/2024\/07\/kiki-kealth-puskiamas-magnis-ir-jo-naudos-600x600.jpg\" alt=\"kiki kealth s\u00fcstitav magneesium ja selle eelised\" width=\"600\" height=\"600\" srcset=\"https:\/\/findvit.com\/wp-content\/uploads\/2024\/07\/kiki-kealth-puskiamas-magnis-ir-jo-naudos-600x600.jpg 600w, https:\/\/findvit.com\/wp-content\/uploads\/2024\/07\/kiki-kealth-puskiamas-magnis-ir-jo-naudos-900x900.jpg 900w, https:\/\/findvit.com\/wp-content\/uploads\/2024\/07\/kiki-kealth-puskiamas-magnis-ir-jo-naudos-150x150.jpg 150w, https:\/\/findvit.com\/wp-content\/uploads\/2024\/07\/kiki-kealth-puskiamas-magnis-ir-jo-naudos-768x768.jpg 768w, https:\/\/findvit.com\/wp-content\/uploads\/2024\/07\/kiki-kealth-puskiamas-magnis-ir-jo-naudos-400x400.jpg 400w, https:\/\/findvit.com\/wp-content\/uploads\/2024\/07\/kiki-kealth-puskiamas-magnis-ir-jo-naudos-100x100.jpg 100w, https:\/\/findvit.com\/wp-content\/uploads\/2024\/07\/kiki-kealth-puskiamas-magnis-ir-jo-naudos-1x1.jpg 1w, https:\/\/findvit.com\/wp-content\/uploads\/2024\/07\/kiki-kealth-puskiamas-magnis-ir-jo-naudos-10x10.jpg 10w, https:\/\/findvit.com\/wp-content\/uploads\/2024\/07\/kiki-kealth-puskiamas-magnis-ir-jo-naudos.jpg 1000w\" sizes=\"auto, (max-width: 600px) 100vw, 600px\" \/><\/p>\t\t\t\t\t\t\t\t<\/div>\n\t\t\t\t<\/div>\n\t\t\t\t\t<\/div>\n\t\t<\/div>\n\t\t\t\t<div class=\"elementor-column elementor-col-50 elementor-top-column elementor-element elementor-element-4dd6c130\" data-id=\"4dd6c130\" data-element_type=\"column\">\n\t\t\t<div class=\"elementor-widget-wrap elementor-element-populated\">\n\t\t\t\t\t\t<div class=\"elementor-element elementor-element-7314983a elementor-widget elementor-widget-image\" data-id=\"7314983a\" data-element_type=\"widget\" data-widget_type=\"image.default\">\n\t\t\t\t<div class=\"elementor-widget-container\">\n\t\t\t\t\t\t\t\t\t\t\t\t\t\t\t<img decoding=\"async\" src=\"https:\/\/findvit.com\/wp-content\/uploads\/2024\/07\/magnis-koliazas-kiki-health.jpg\" title=\"\" alt=\"magneesium kollageen kiki tervis\" loading=\"lazy\" \/>\t\t\t\t\t\t\t\t\t\t\t\t\t\t\t<\/div>\n\t\t\t\t<\/div>\n\t\t\t\t\t<\/div>\n\t\t<\/div>\n\t\t\t\t\t<\/div>\n\t\t<\/section>\n\t\t\t\t<\/div>","protected":false},"excerpt":{"rendered":"<p>L\u00f5\u00f5gastuge ja uuendage oma energiat <strong>KIKI Health Magnesium Oil Spray<\/strong>. Iga\u00fcks neist <strong>ainulaadne<\/strong> pihusti kasutamine on sama \u00f5rn, kuid <strong>meelte v\u00f5imas embus<\/strong>, mis <strong>naaseb<\/strong> sulle <strong>l\u00f5\u00f5gastumise r\u00f5\u00f5m<\/strong>, <strong>energiat<\/strong> ja <strong>meelerahu<\/strong>. See \u00fcks <strong>looduslik eliksiir<\/strong>, mis on valmistatud maa s\u00fcgavusest ekstraheeritud magneesiumisooladest, on <strong>hooliv<\/strong> \u017eest endale \u2013 et iga <strong>p\u00e4eval<\/strong> oleks <strong>t\u00e4is<\/strong> <strong>j\u00f5ud<\/strong> ja <strong>vastupanu<\/strong> stressi jaoks.<\/p>","protected":false},"featured_media":17979,"comment_status":"open","ping_status":"closed","template":"","meta":{"_acf_changed":false,"inline_featured_image":false},"etheme_brands":[{"term_id":28,"name":"Kiki Health","slug":"kiki-health","term_group":0,"term_taxonomy_id":28,"taxonomy":"brand","description":"<h2><a href=\"https:\/\/kiki-health.com\/about-us\/\" target=\"_blank\" rel=\"noopener\"><strong>KIKI Health<\/strong><\/a><\/h2>\r\nKIKI yra prek\u0117s \u017eenklas, kuriantis novatori\u0161kus maisto papildus.\r\n\r\nKIKI yra pripa\u017eintas ir gerbiamas, kaip sveikos gyvensenos produkt\u0173 ir individualumo bei meistri\u0161kumo standartas.\r\n\r\nKIKI gim\u0117 i\u0161 noro skatinti optimali\u0105 sveikat\u0105 ir gerov\u0119, m\u016bs\u0173 tikslas ir aistra yra \u012fsigyti auk\u0161\u010diausios kokyb\u0117s, grynumo produktus i\u0161 viso pasaulio, kurie pad\u0117t\u0173 gro\u017eiui ir sveikatai.\r\n\r\nNuo pat prad\u017ei\u0173 ir iki \u0161iol KIKI Health niekada nedaro kompromis\u0173 ir nededa pried\u0173 bei naudoja prastesni\u0173 ingredient\u0173 - tik nat\u016bralios 100% veikliosios med\u017eiagos.\r\n\r\nhttps:\/\/youtu.be\/irT0ZUOzBac?t=45\r\n<h3><strong>Nat\u016braliai turtingi <\/strong><strong>vitaminais, mineralais ir b\u016btinomis\u00a0 veikliosiomis med\u017eiagomis<\/strong><\/h3>\r\nDaugelis \"KIKI Health\" produkt\u0173 turintys augalini\u0173 ir maistini\u0173 med\u017eiag\u0173\u00a0 yra sertifikuoti, kaip ekologi\u0161ki.\r\n\r\nI\u0161naudodami stiprias augalin\u0117s kilm\u0117s, nat\u016brali\u0173 ingredient\u0173 galias, kupinas esmini\u0173 augal\u0173 veikli\u0173j\u0173 med\u017eiag\u0173, vitamin\u0173 ir mineral\u0173, kad suteikt\u0173 smegenims, odai ir k\u016bnui neprilygstam\u0105 pagalb\u0105.\r\n\r\nKIKI Health tikslas yra u\u017etikrinti, kad mi\u0161iniuose neb\u016bt\u0173 sintetikos, konservant\u0173, u\u017epild\u0173 ir ri\u0161ikli\u0173, u\u017etikrinant, kad ir toliau gamint\u0173 veiksmingus, \u0161varius ir saugius papildus.\r\n\r\nPagaminta Jungtin\u0117je Karalyst\u0117je i\u0161 \u0161vari\u0173 ir tvari\u0173 ingredient\u0173.\r\n<h3><strong>Atsakingumas<\/strong><\/h3>\r\nU\u017etikrindami, kad produktai b\u016bt\u0173 atsakingai u\u017eauginti, ne tik r\u016bpinamasi aplinka, bet ir garantuojama produkto kokyb\u0119. KIKI Healt specialistai keliauja po pasaul\u012f ie\u0161kodami ekologi\u0161k\u0173, eti\u0161kai gaut\u0173 ingredient\u0173, pasi\u017eymin\u010di\u0173 geresne maistine verte, kartu pad\u0117dami vietos bendruomen\u0117ms klest\u0117ti. Maisto gamybos b\u016bdas yra labai svarbus daugeliui vartotoj\u0173, ir tai kelia susir\u016bpinim\u0105, kur\u012f mes dalijam\u0117s.\r\n<h3><strong>Minimalus apdorojimas<\/strong><\/h3>\r\nNor\u0117dami pasiekti optimal\u0173 biologin\u012f prieinamum\u0105, stengiamasi, kad ingredientai b\u016bt\u0173 kuo ar\u010diau j\u0173 nat\u016bralios b\u016bkl\u0117s. Laikomasi minimalaus perdirbimo ir kontroliuojama temperat\u016bros, i\u0161kart po derliaus nu\u0117mimo, kad b\u016bt\u0173 i\u0161laikoma visa nauda sveikatai ir gyvybi\u0161kai svarbios maistin\u0117s med\u017eiagos.\r\n\r\n<strong>Produktuose n\u0117ra<\/strong>: sintetikos, dirbtini\u0173 da\u017eikli\u0173 ir kvapi\u0173j\u0173 med\u017eiag\u0173, u\u017epild\u0173, ri\u0161ikli\u0173, dengimo med\u017eiag\u0173, lipnum\u0105 reguliuojan\u010di\u0173 med\u017eiag\u0173, cukr\u0173, glitimo, GMO, laktoz\u0117s, konservant\u0173, pagalbini\u0173 med\u017eiag\u0173.\r\n\r\nVisi ingredientai ir galutiniai produktai yra reguliariai tikrinami tre\u010diosios \u0161alies laboratorijoje. U\u017etikrinama, kad kiekviena partija b\u016bt\u0173 i\u0161bandyta d\u0117l sunki\u0173j\u0173 metal\u0173, mikroorganizm\u0173 ir pesticid\u0173 laikantis grie\u017et\u0173 kokyb\u0117s kontrol\u0117s s\u0105lyg\u0173, o rezultatai atitikt\u0173 ES ir JK ribinius reglamentus, \u012fskaitant ekologinio \u016bkininkavimo standartus.","parent":0,"count":28,"filter":"raw"}],"product_brand":[],"product_cat":[646,645,63,15],"product_tag":[650,660,96],"class_list":{"0":"post-17947","1":"product","2":"type-product","3":"status-publish","4":"has-post-thumbnail","6":"brand-kiki-health","7":"product_cat-papildai-moterims","8":"product_cat-geriausi-papildai-vyrams","9":"product_cat-mineralai","10":"product_cat-produktai","11":"product_tag-atsipalaidavimui","12":"product_tag-esminiai-vitaminai-moterims","13":"product_tag-raumenims","15":"first","16":"instock","17":"sale","18":"taxable","19":"shipping-taxable","20":"purchasable","21":"product-type-simple"},"acf":[],"_links":{"self":[{"href":"https:\/\/findvit.com\/et\/wp-json\/wp\/v2\/product\/17947","targetHints":{"allow":["GET"]}}],"collection":[{"href":"https:\/\/findvit.com\/et\/wp-json\/wp\/v2\/product"}],"about":[{"href":"https:\/\/findvit.com\/et\/wp-json\/wp\/v2\/types\/product"}],"replies":[{"embeddable":true,"href":"https:\/\/findvit.com\/et\/wp-json\/wp\/v2\/comments?post=17947"}],"version-history":[{"count":17,"href":"https:\/\/findvit.com\/et\/wp-json\/wp\/v2\/product\/17947\/revisions"}],"predecessor-version":[{"id":18731,"href":"https:\/\/findvit.com\/et\/wp-json\/wp\/v2\/product\/17947\/revisions\/18731"}],"wp:featuredmedia":[{"embeddable":true,"href":"https:\/\/findvit.com\/et\/wp-json\/wp\/v2\/media\/17979"}],"wp:attachment":[{"href":"https:\/\/findvit.com\/et\/wp-json\/wp\/v2\/media?parent=17947"}],"wp:term":[{"taxonomy":"brand","embeddable":true,"href":"https:\/\/findvit.com\/et\/wp-json\/wp\/v2\/etheme_brands?post=17947"},{"taxonomy":"product_brand","embeddable":true,"href":"https:\/\/findvit.com\/et\/wp-json\/wp\/v2\/product_brand?post=17947"},{"taxonomy":"product_cat","embeddable":true,"href":"https:\/\/findvit.com\/et\/wp-json\/wp\/v2\/product_cat?post=17947"},{"taxonomy":"product_tag","embeddable":true,"href":"https:\/\/findvit.com\/et\/wp-json\/wp\/v2\/product_tag?post=17947"}],"curies":[{"name":"wp","href":"https:\/\/api.w.org\/{rel}","templated":true}]}}