{"id":2354,"date":"2021-10-08T20:51:45","date_gmt":"2021-10-08T17:51:45","guid":{"rendered":"https:\/\/findvit.com\/?post_type=product&#038;p=2354"},"modified":"2026-02-09T16:35:37","modified_gmt":"2026-02-09T14:35:37","slug":"elektrolitai-is-72-joniniu-juros-mineralu-keto-electrolyte","status":"publish","type":"product","link":"https:\/\/findvit.com\/et\/produktas\/elektrolitai-is-72-joniniu-juros-mineralu-keto-electrolyte\/","title":{"rendered":"Trace Minerals Electrolyte Keto \u2013 elektrol\u00fc\u00fcdid meremineraalidega, 90 tabletti"},"content":{"rendered":"<div data-elementor-type=\"product-post\" data-elementor-id=\"2354\" class=\"elementor elementor-2354\" data-elementor-post-type=\"product\">\n\t\t\t\t\t\t<section class=\"elementor-section elementor-top-section elementor-element elementor-element-5ef5566 elementor-section-boxed elementor-section-height-default elementor-section-height-default\" data-id=\"5ef5566\" data-element_type=\"section\">\n\t\t\t\t\t\t<div class=\"elementor-container elementor-column-gap-default\">\n\t\t\t\t\t<div class=\"elementor-column elementor-col-100 elementor-top-column elementor-element elementor-element-5dc01c8\" data-id=\"5dc01c8\" data-element_type=\"column\">\n\t\t\t<div class=\"elementor-widget-wrap elementor-element-populated\">\n\t\t\t\t\t\t<div class=\"elementor-element elementor-element-4893d69 elementor-absolute elementor-hidden-mobile elementor-invisible elementor-widget elementor-widget-image\" data-id=\"4893d69\" data-element_type=\"widget\" data-settings=\"{&quot;motion_fx_motion_fx_scrolling&quot;:&quot;yes&quot;,&quot;motion_fx_rotateZ_effect&quot;:&quot;yes&quot;,&quot;motion_fx_rotateZ_speed&quot;:{&quot;unit&quot;:&quot;px&quot;,&quot;size&quot;:5,&quot;sizes&quot;:[]},&quot;motion_fx_range&quot;:&quot;viewport&quot;,&quot;_animation&quot;:&quot;fadeIn&quot;,&quot;_position&quot;:&quot;absolute&quot;,&quot;motion_fx_rotateZ_affectedRange&quot;:{&quot;unit&quot;:&quot;%&quot;,&quot;size&quot;:&quot;&quot;,&quot;sizes&quot;:{&quot;start&quot;:0,&quot;end&quot;:100}},&quot;motion_fx_devices&quot;:[&quot;desktop&quot;,&quot;tablet&quot;,&quot;mobile&quot;]}\" data-widget_type=\"image.default\">\n\t\t\t\t<div class=\"elementor-widget-container\">\n\t\t\t\t\t\t\t\t\t\t\t\t\t\t\t<img loading=\"lazy\" decoding=\"async\" width=\"200\" height=\"200\" src=\"https:\/\/findvit.com\/wp-content\/uploads\/2021\/09\/ratukas.svg\" class=\"attachment-full size-full wp-image-1777\" alt=\"Ratas ankeedist vitamiinini\" \/>\t\t\t\t\t\t\t\t\t\t\t\t\t\t\t<\/div>\n\t\t\t\t<\/div>\n\t\t\t\t\t<\/div>\n\t\t<\/div>\n\t\t\t\t\t<\/div>\n\t\t<\/section>\n\t\t\t\t<section class=\"elementor-section elementor-top-section elementor-element elementor-element-bbd6715 elementor-section-boxed elementor-section-height-default elementor-section-height-default\" data-id=\"bbd6715\" data-element_type=\"section\">\n\t\t\t\t\t\t<div class=\"elementor-container elementor-column-gap-no\">\n\t\t\t\t\t<div class=\"elementor-column elementor-col-50 elementor-top-column elementor-element elementor-element-ee0d1a1\" data-id=\"ee0d1a1\" data-element_type=\"column\">\n\t\t\t<div class=\"elementor-widget-wrap elementor-element-populated\">\n\t\t\t\t\t\t<div class=\"elementor-element elementor-element-d7d8310 elementor-widget elementor-widget-heading\" data-id=\"d7d8310\" data-element_type=\"widget\" data-widget_type=\"heading.default\">\n\t\t\t\t<div class=\"elementor-widget-container\">\n\t\t\t\t\t<h2 class=\"elementor-heading-title elementor-size-default\">Trace Minerals Electrolyte Keto \u2013 elektrol\u00fc\u00fcdid meremineraalidega, 90 tabletti<\/h2>\t\t\t\t<\/div>\n\t\t\t\t<\/div>\n\t\t\t\t<div class=\"elementor-element elementor-element-94e7815 elementor-widget elementor-widget-text-editor\" data-id=\"94e7815\" data-element_type=\"widget\" data-widget_type=\"text-editor.default\">\n\t\t\t\t<div class=\"elementor-widget-container\">\n\t\t\t\t\t\t\t\t\t<p>Saadaval on Trace Minerals Researchi mineraalitabletid <strong>ainulaadne mineraalne lisand<\/strong>, mis on m\u00f5eldud asendama neid mineraale, millest t\u00e4nap\u00e4evases dieedis napib.<\/p><p>Need tabletid on valmistatud <strong>ConcenTrace<\/strong>, mis on patenteeritud mineraalide kompleks, mis on saadud Suure Soolaj\u00e4rve veest.<\/p><p>ConcenTrace koosneb <strong>rohkem kui 70<\/strong> mineraalid ja mikroelemendid, mis on vajalikud keha funktsioonide ja tervise jaoks.<\/p><p>Lisaks on need pillid lisanud olulisi koostisosi nagu <strong>C-vitamiini<\/strong> ja <strong>elektrol\u00fc\u00fcdid<\/strong>, mis on \u00e4\u00e4rmiselt olulised.<\/p><p>Trace Minerals Research Mineral Tablets on k\u00f5ik looduslikud, ilma s\u00e4ilitus-, maitse- ega magusaineteta.<\/p><p>Neid tablette v\u00f5ite v\u00f5tta iga p\u00e4ev koos rohke veega.\u00a0<\/p><p><strong> Rikastatud, kuna Concentrace\u00ae sisaldab koguni 72 ioonset meremineraali. <\/strong>\u00a0 \u00a0\u00a0<\/p><p><strong>Pakub<\/strong> k\u00f5ige vajalikum <strong>mineraalid.<\/strong>\u00a0<\/p><p><strong>H\u00e4sti hinnatud<\/strong>, sest see on spetsiaalselt loodud v\u00f5imsa valemiga toidulisand.\u00a0<\/p><p>Toode sisaldab steariinhapet, mikrokristallilist tselluloosi, kroskarmelloosnaatriumi, h\u00fcpromelloosi, magneesiumstearaati.<\/p><p>Lisaks sisaldab see ka kontsentreeritud t\u00e4isspektri ioonsete mikroelementide kompleksi.<\/p><p><b>Ioonilised mineraalid <\/b>on looduse poolt loodud, nagu ka toidus leiduvad <strong>mikroelemendid<\/strong>. Nende bioloogiliselt aktiivsete, vees lahustuvate mineraalide moodustumiseks kulub aastaid.\u00a0<\/p><p><strong>ConcenTrace<\/strong> materjali ammutatakse Suurest Soolaj\u00e4rvest. See j\u00e4rv on k\u00fcllastunud mineraalidega, mis on siia kogunenud tuhandeid aastaid.<\/p><p>See materjal j\u00e4\u00e4b u <strong>72 erinevat mineraali ioonsel kujul.<\/strong> Seda kasutanud inimesed on h\u00e4sti hinnatud.<\/p><p>Nendest tablettidest on eemaldatud peaaegu 99% naatriumi, et need maitseksid veelgi paremini.<\/p><p><strong>Piisab 30-90 p\u00e4evast.<\/strong><\/p><p>Kuidas <strong>teada saada<\/strong> millised vitamiinid, mineraalid v\u00f5i muud toidulisandid <strong>hetkel k\u00f5ige sobivam<\/strong>?  Proovige tasuta testi <a href=\"https:\/\/findvit.com\/et\/testas\/\"><strong>&quot;Sinu p\u00e4ev&quot;<\/strong><\/a>, uuri v\u00e4lja organismi vajadused ja saad personaalse soovituse!<\/p>\t\t\t\t\t\t\t\t<\/div>\n\t\t\t\t<\/div>\n\t\t\t\t\t<\/div>\n\t\t<\/div>\n\t\t\t\t<div class=\"elementor-column elementor-col-50 elementor-top-column elementor-element elementor-element-32c8dee\" data-id=\"32c8dee\" data-element_type=\"column\">\n\t\t\t<div class=\"elementor-widget-wrap elementor-element-populated\">\n\t\t\t\t\t\t<div class=\"elementor-element elementor-element-86c5064 elementor-widget elementor-widget-image\" data-id=\"86c5064\" data-element_type=\"widget\" data-widget_type=\"image.default\">\n\t\t\t\t<div class=\"elementor-widget-container\">\n\t\t\t\t\t\t\t\t\t\t\t\t\t\t\t<img loading=\"lazy\" decoding=\"async\" width=\"900\" height=\"900\" src=\"https:\/\/findvit.com\/wp-content\/uploads\/2021\/10\/Ko-8-900x900.jpg\" class=\"attachment-large size-large wp-image-2487\" alt=\"\u00d5nnelik ja tugev naine\" srcset=\"https:\/\/findvit.com\/wp-content\/uploads\/2021\/10\/Ko-8-900x900.jpg 900w, https:\/\/findvit.com\/wp-content\/uploads\/2021\/10\/Ko-8-600x600.jpg 600w, https:\/\/findvit.com\/wp-content\/uploads\/2021\/10\/Ko-8-150x150.jpg 150w, https:\/\/findvit.com\/wp-content\/uploads\/2021\/10\/Ko-8-768x768.jpg 768w, https:\/\/findvit.com\/wp-content\/uploads\/2021\/10\/Ko-8-1x1.jpg 1w, https:\/\/findvit.com\/wp-content\/uploads\/2021\/10\/Ko-8-10x10.jpg 10w, https:\/\/findvit.com\/wp-content\/uploads\/2021\/10\/Ko-8-100x100.jpg 100w, https:\/\/findvit.com\/wp-content\/uploads\/2021\/10\/Ko-8.jpg 1000w\" sizes=\"auto, (max-width: 900px) 100vw, 900px\" \/>\t\t\t\t\t\t\t\t\t\t\t\t\t\t\t<\/div>\n\t\t\t\t<\/div>\n\t\t\t\t\t<\/div>\n\t\t<\/div>\n\t\t\t\t\t<\/div>\n\t\t<\/section>\n\t\t\t\t<\/div>","protected":false},"excerpt":{"rendered":"<p>Tasakaalustatud elektrol\u00fc\u00fctide kompleks ketotoitumiseks. Tauriini, B6-vitamiini ja merikapsaga. Rikastatud looduslike meremineraalide kompleksiga.<\/p>","protected":false},"featured_media":2694,"comment_status":"open","ping_status":"closed","template":"","meta":{"_acf_changed":false,"inline_featured_image":false},"etheme_brands":[{"term_id":38,"name":"Trace Minerals","slug":"trace-minerals","term_group":0,"term_taxonomy_id":38,"taxonomy":"brand","description":"<h2><strong>Trace minerals<\/strong><\/h2>\r\n\"Trace Minerals\" yra \u017einomas jonini\u0173 mineralini\u0173 papild\u0173 prek\u0117s \u017eenklas, kuriuo pasitikima beveik 50 met\u0173.\r\n\r\n<strong>Gamintojo misija<\/strong>\r\n\r\n\"Trace Minerals\" mato pasaul\u012f, kuriame \u017emon\u0117s yra\r\natsakingi u\u017e savo sveikat\u0105. Laikas, kai visi \u017emon\u0117s yra nori ir gali\r\ngyventi sveikiau. Joniniai mineralai yra pasiekiami visiems norintiems. Daugiau nei 50 met\u0173 \"Trace Minerals\" prek\u0117s \u017eenklo\r\nproduktai visame pasaulyje buvo pripa\u017einti jonini\u0173 produkt\u0173 pradininkais.\r\n\r\nVisus 50 met\u0173 Trace Minerals vertyb\u0117s yra:\r\n\r\n1. Bekompromis\u0117 kokyb\u0117, nuo kurios priklauso \u017emoni\u0173 savijauta.\r\n2. Neprilygstama aptarnavimas, kuris leid\u017eia klientams \u0161ypsotis.\r\n3. Nuolatinis pajam\u0173 augimas diegiant inovacijas ir kuriant produktus.\r\n4. Ugdomieji u\u017esi\u0117mimai.\r\n5. Lyderyst\u0117 savo srities pramon\u0117je.\r\n6. Lojalumas ir s\u0105\u017einingumas patikimiems darbuotojams ir verslo partneriams.\r\n<h3><strong>Garantija<\/strong><\/h3>\r\nGamintojas tiki, kad maisto papildai tur\u0117t\u0173 atne\u0161ti pastebimus\r\nrezultatus. Trace minerals \u012fsipareigojimas siekti pastebim\u0173 rezultat\u0173 yra\r\n\"Trace Minerals research\" filosofija.\r\n\r\nBeveik penkis de\u0161imtme\u010dius \"Trace Minerals\" prek\u0117s \u017eenklo produktai pad\u0117jo \u017emon\u0117ms priimti pagr\u012fstus sprendimus pasirenkant tinkamus produktus. Trce Minerals t\u0119stinis \u012fsipareigojimas yra paprastas: gaminti auk\u0161\u010diausios kokyb\u0117s produktus, paremtus moksliniais tyrimais, pagamintus u\u017e teising\u0105 kain\u0105 ir garantuojama, kad bus\r\npagerinti gyvenimai t\u0173, kurie vartoja kokybi\u0161kus produktus. Trace minerals visada tai dar\u0117 ir toliau t\u0105 darys.\r\n\r\nhttps:\/\/youtu.be\/hbeINVcx5FY?t=77\r\n<h3><strong>Mokslas ir tyrimai<\/strong><\/h3>\r\nGamintojas gavo \u0161e\u0161i\u0173 m\u0117nesi\u0173 klinikinio tyrimo \"ConcenTrace\u00ae\" rezultatus. \"Trace Mineral Drops\", jo pavyzdinis jonini\u0173 mineralinis papildas, kuriame yra visas spektras nat\u016braliai atsirandan\u010di\u0173 mikroelement\u0173.\r\n\r\nDalyviams buvo skiriama po 40 la\u0161\u0173 ConcenTrace\u00ae arba placebo per par\u0105\r\n24 savaites. Tyrime teigiama, kad \"veiksmingum\u0105 objektyviai patvirtino\r\n\u012fvertinti s\u0105nari\u0173 kremzl\u0117s storio, s\u0105nario erdv\u0117s plo\u010dio poky\u010dius\r\nir sinovinio skys\u010dio sud\u0117tis\". 24 savai\u010di\u0173 rezultatai rodo, kad \"ultrasonografija ir sinovinio skys\u010dio tyrimas atskleid\u0117 kremzl\u0117s\r\nstrukt\u016bros pager\u0117jim\u0105\".\r\n\r\n\u0160is preliminarus tyrimas parodo, kad ConcenTrace\u00ae pagerina s\u0105nari\u0173 sveikat\u0105.\r\n<h3><strong>Sertifikatai<\/strong><\/h3>\r\nKokyb\u0117 visada buvo svarbiausias <a href=\"https:\/\/www.traceminerals.com\/\" target=\"_blank\" rel=\"noopener\">\"Trace Minerals\"<\/a> prioritetas. Per daugel\u012f met\u0173\u00a0 akylai tobulino gamybos procesus. Tikima, kad geriausi procesai padeda gaminti geriausius ir sveikiausius produktus. Tai yra pagrindin\u0117 prie\u017eastis, kod\u0117l grie\u017etai kontroliuojama produkt\u0173 kokyb\u0117 ir kod\u0117l turima daugyb\u0117 sertifikat\u0173.\r\n<ul>\r\n \t<li><a href=\"https:\/\/grmalliance.org\/\" target=\"_blank\" rel=\"noopener\">GRMA\/UL GMP Certified<\/a><\/li>\r\n \t<li>GRAS Certified<\/li>\r\n \t<li>BPA Free<\/li>\r\n \t<li>Kosher<\/li>\r\n \t<li>Halal<\/li>\r\n \t<li>Non-GMO Verified<\/li>\r\n \t<li>Transparency<\/li>\r\n<\/ul>","parent":0,"count":19,"filter":"raw"}],"product_brand":[],"product_cat":[64,652,63,15],"product_tag":[125,90,181,99,100],"class_list":{"0":"post-2354","1":"product","2":"type-product","3":"status-publish","4":"has-post-thumbnail","6":"brand-trace-minerals","7":"product_cat-elektrolitai","8":"product_cat-rudens-vitaminai-ir-papildai","9":"product_cat-mineralai","10":"product_cat-produktai","11":"product_tag-energijai","12":"product_tag-fizinei-istvermei","13":"product_tag-keto","14":"product_tag-lankstumui-ir-dregmes-balansui","15":"product_tag-ph-balansui","17":"first","18":"instock","19":"sale","20":"taxable","21":"shipping-taxable","22":"purchasable","23":"product-type-simple"},"acf":[],"_links":{"self":[{"href":"https:\/\/findvit.com\/et\/wp-json\/wp\/v2\/product\/2354","targetHints":{"allow":["GET"]}}],"collection":[{"href":"https:\/\/findvit.com\/et\/wp-json\/wp\/v2\/product"}],"about":[{"href":"https:\/\/findvit.com\/et\/wp-json\/wp\/v2\/types\/product"}],"replies":[{"embeddable":true,"href":"https:\/\/findvit.com\/et\/wp-json\/wp\/v2\/comments?post=2354"}],"version-history":[{"count":15,"href":"https:\/\/findvit.com\/et\/wp-json\/wp\/v2\/product\/2354\/revisions"}],"predecessor-version":[{"id":14641,"href":"https:\/\/findvit.com\/et\/wp-json\/wp\/v2\/product\/2354\/revisions\/14641"}],"wp:featuredmedia":[{"embeddable":true,"href":"https:\/\/findvit.com\/et\/wp-json\/wp\/v2\/media\/2694"}],"wp:attachment":[{"href":"https:\/\/findvit.com\/et\/wp-json\/wp\/v2\/media?parent=2354"}],"wp:term":[{"taxonomy":"brand","embeddable":true,"href":"https:\/\/findvit.com\/et\/wp-json\/wp\/v2\/etheme_brands?post=2354"},{"taxonomy":"product_brand","embeddable":true,"href":"https:\/\/findvit.com\/et\/wp-json\/wp\/v2\/product_brand?post=2354"},{"taxonomy":"product_cat","embeddable":true,"href":"https:\/\/findvit.com\/et\/wp-json\/wp\/v2\/product_cat?post=2354"},{"taxonomy":"product_tag","embeddable":true,"href":"https:\/\/findvit.com\/et\/wp-json\/wp\/v2\/product_tag?post=2354"}],"curies":[{"name":"wp","href":"https:\/\/api.w.org\/{rel}","templated":true}]}}