{"id":2361,"date":"2021-10-08T21:01:24","date_gmt":"2021-10-08T18:01:24","guid":{"rendered":"https:\/\/findvit.com\/?post_type=product&#038;p=2361"},"modified":"2026-04-27T15:39:27","modified_gmt":"2026-04-27T12:39:27","slug":"garden-of-life-vitamin-code-raw-vitamin-c-vitaminas-c-kompleksas120-veganisku-kapsuliu","status":"publish","type":"product","link":"https:\/\/findvit.com\/et\/produktas\/garden-of-life-vitamin-code-raw-vitamin-c-vitaminas-c-kompleksas120-veganisku-kapsuliu\/","title":{"rendered":"Eluaed Vitamiinkood TOOR VITAMIIN C \u2013 C-vitamiin koos antioks\u00fcdantide, probiootikumide ja ens\u00fc\u00fcmidega. Bioaktiivne kompleks, 120 k\u00f6\u00f6giviljakapslit"},"content":{"rendered":"<div data-elementor-type=\"product-post\" data-elementor-id=\"2361\" class=\"elementor elementor-2361\" data-elementor-post-type=\"product\">\n\t\t\t\t\t\t<section class=\"elementor-section elementor-top-section elementor-element elementor-element-befc80d elementor-section-boxed elementor-section-height-default elementor-section-height-default\" data-id=\"befc80d\" data-element_type=\"section\">\n\t\t\t\t\t\t<div class=\"elementor-container elementor-column-gap-default\">\n\t\t\t\t\t<div class=\"elementor-column elementor-col-100 elementor-top-column elementor-element elementor-element-11194a8\" data-id=\"11194a8\" data-element_type=\"column\">\n\t\t\t<div class=\"elementor-widget-wrap elementor-element-populated\">\n\t\t\t\t\t\t<div class=\"elementor-element elementor-element-0d003b4 elementor-absolute elementor-hidden-mobile elementor-invisible elementor-widget elementor-widget-image\" data-id=\"0d003b4\" data-element_type=\"widget\" data-settings=\"{&quot;motion_fx_motion_fx_scrolling&quot;:&quot;yes&quot;,&quot;motion_fx_rotateZ_effect&quot;:&quot;yes&quot;,&quot;motion_fx_rotateZ_speed&quot;:{&quot;unit&quot;:&quot;px&quot;,&quot;size&quot;:5,&quot;sizes&quot;:[]},&quot;motion_fx_range&quot;:&quot;viewport&quot;,&quot;_animation&quot;:&quot;fadeIn&quot;,&quot;_position&quot;:&quot;absolute&quot;,&quot;motion_fx_rotateZ_affectedRange&quot;:{&quot;unit&quot;:&quot;%&quot;,&quot;size&quot;:&quot;&quot;,&quot;sizes&quot;:{&quot;start&quot;:0,&quot;end&quot;:100}},&quot;motion_fx_devices&quot;:[&quot;desktop&quot;,&quot;tablet&quot;,&quot;mobile&quot;]}\" data-widget_type=\"image.default\">\n\t\t\t\t<div class=\"elementor-widget-container\">\n\t\t\t\t\t\t\t\t\t\t\t\t\t\t\t<img loading=\"lazy\" decoding=\"async\" width=\"200\" height=\"200\" src=\"https:\/\/findvit.com\/wp-content\/uploads\/2021\/09\/ratukas.svg\" class=\"attachment-full size-full wp-image-1777\" alt=\"Ratas ankeedist vitamiinini\" \/>\t\t\t\t\t\t\t\t\t\t\t\t\t\t\t<\/div>\n\t\t\t\t<\/div>\n\t\t\t\t\t<\/div>\n\t\t<\/div>\n\t\t\t\t\t<\/div>\n\t\t<\/section>\n\t\t\t\t<section class=\"elementor-section elementor-top-section elementor-element elementor-element-f4a9431 elementor-section-boxed elementor-section-height-default elementor-section-height-default\" data-id=\"f4a9431\" data-element_type=\"section\">\n\t\t\t\t\t\t<div class=\"elementor-container elementor-column-gap-no\">\n\t\t\t\t\t<div class=\"elementor-column elementor-col-50 elementor-top-column elementor-element elementor-element-eeb7dec\" data-id=\"eeb7dec\" data-element_type=\"column\">\n\t\t\t<div class=\"elementor-widget-wrap elementor-element-populated\">\n\t\t\t\t\t\t<div class=\"elementor-element elementor-element-ad26916 elementor-widget elementor-widget-heading\" data-id=\"ad26916\" data-element_type=\"widget\" data-widget_type=\"heading.default\">\n\t\t\t\t<div class=\"elementor-widget-container\">\n\t\t\t\t\t<h2 class=\"elementor-heading-title elementor-size-medium\">Vitamiinikood RAW C-vitamiin \u2013 looduslik, C-vitamiin<\/h2>\t\t\t\t<\/div>\n\t\t\t\t<\/div>\n\t\t\t\t<div class=\"elementor-element elementor-element-7587da6 elementor-widget elementor-widget-text-editor\" data-id=\"7587da6\" data-element_type=\"widget\" data-widget_type=\"text-editor.default\">\n\t\t\t\t<div class=\"elementor-widget-container\">\n\t\t\t\t\t\t\t\t\t<p>Vitamiinikood RAW C-vitamiin pole mitte ainult C-vitamiin, vaid ka <strong>kogu teiste toitainete kompleks<\/strong>, mis aitavad tugevdada C-vitamiini toimet ja toetavad teie vajadusi.<\/p><p>See C-vitamiin on <strong>saadud 23 orgaanilisest puu- ja k\u00f6\u00f6giviljast<\/strong>, nagu acerola kirsid, greip, sidrunid, papaiad, spargelkapsas, spinat jne, mis pakuvad C-vitamiini loomulikku vormi.<\/p><p><span style=\"font-weight: 400;\">Sellel kompleksil on isegi\u00a0 <strong>500 mg <\/strong>t\u00e4ielikku C-vitamiini.<\/span><\/p><h3><strong>VEEL ROHKEM<\/strong><\/h3><p>Lisaks on see C-vitamiin <strong>rikastatud bioflavonoididega<\/strong> - taimsete pigmentide r\u00fchma kuuluvad ained, mis aitavad C-vitamiini.<\/p><p>Bioflavonoidide eelised on laialdaselt arutatud ja tervishoiut\u00f6\u00f6tajate poolt hinnatud.<\/p><h3><strong>RASKE T\u00c4IENDATUD<\/strong><\/h3><p>Vitamiinikood RAW C-vitamiin koosneb ka <strong>probiootikumid ja ens\u00fc\u00fcmid<\/strong>, mis on vajalikud seede- ja immuuns\u00fcsteemi normaalseks toimimiseks.<\/p><p>Probiootikumid on kasulikud bakterid, mis elavad soolestikus ja m\u00e4ngivad organismis olulist rolli.\u00a0<\/p><p>Ens\u00fc\u00fcmid on valgud, mis katal\u00fc\u00fcsivad organismis biokeemilisi reaktsioone ning aitavad lagundada s\u00fcsivesikuid, rasvu ja valke lihtsamateks molekulideks, mida saab kasutada rakkude energiaallikana v\u00f5i ehitusplokkidena.<\/p><h3><strong>LOOMULIKULT<\/strong><\/h3><p><span style=\"font-weight: 400;\"><strong>\u00a0<\/strong><\/span><span style=\"font-weight: 400;\">VITAMIN CODE toidulisandid on valmistatud individuaalselt kasvatatud <strong>terved puu- ja juurviljad heade bakterite abil\u00a0<\/strong><\/span><strong>kasvatamine.\u00a0<\/strong><\/p><p><span style=\"font-weight: 400;\">Need on looduslikud toidulisandid, mida toodetakse temperatuuril alla 46\u00baC. Sellel on oma koostises <strong>looduslikud kofaktorid, elusad probiootikumid ja ens\u00fc\u00fcmid<\/strong> - t\u00e4pselt nagu looduslik ja t\u00f6\u00f6tlemata toit! <\/span><\/p><p><span style=\"font-weight: 400;\">Selles <strong>ei sisalda s\u00fcnteetilisi side- ega t\u00e4iteaineid, <\/strong>samuti kunstlikke l\u00f5hna- ja maitseaineid, magusaineid, v\u00e4rvaineid v\u00f5i lisaaineid.<\/span><\/p><h3><strong>MUGAV KASUTADA<\/strong><\/h3><p>Esitatakse loodusliku pulbrina kapslites, mida saab avada ja v\u00e4ljastada. <strong>Tumedas klaasist pakendis.<\/strong> <strong>Piisab 60-120 p\u00e4evast. <\/strong><span style=\"font-weight: 400;\">Sobib taimetoitlastele ja veganitele.<br \/><\/span><\/p><h3><strong>HINNATUD KASU<\/strong><\/h3><p>C-vitamiin on oluline ja aitab s\u00e4ilitada j\u00e4rgmiste s\u00fcsteemide normaalset seisundit ja talitlust:<\/p><ul><li>normaalseks <strong>kollageeni moodustamiseks<\/strong><\/li><li>tavaliselt <strong>veresoonte funktsioon<\/strong><\/li><li><strong>Immuuns\u00fcsteemid<\/strong> tegevuste toetamiseks<\/li><li>energiamaterjalid<br \/><strong>k\u00e4ive<\/strong><\/li><li><strong>ps\u00fchholoogiline seisund<\/strong> <br \/>toetada<\/li><li>immuuns\u00fcsteemi aktiivsus<\/li><li><strong>aitab kaitsta rakke<\/strong> oks\u00fcdatiivsest <br \/>m\u00e4ngu<\/li><li><strong>aitab<\/strong> v\u00e4hendada <br \/>v\u00e4simustunne ja <br \/>v\u00e4simus<\/li><li><strong>paraneb<\/strong> raud <br \/>imendumine<\/li><\/ul><div>Kui te pole kindel, millised vitamiinid v\u00f5i muud toidulisandid\u00a0<strong>hetkel k\u00f5ige sobivam<\/strong>, tehke test\u00a0<a style=\"background-color: #ffffff; color: #25bf4e;\" href=\"https:\/\/findvit.com\/et\/testas\/\"><strong>&quot;Sinu p\u00e4ev&quot;<\/strong><\/a>\u00a0ja teada saada\u00a0\u00a0<strong>isiklik<\/strong>\u00a0soovitus!<b><br \/><\/b><\/div>\t\t\t\t\t\t\t\t<\/div>\n\t\t\t\t<\/div>\n\t\t\t\t\t<\/div>\n\t\t<\/div>\n\t\t\t\t<div class=\"elementor-column elementor-col-50 elementor-top-column elementor-element elementor-element-fbc17a4\" data-id=\"fbc17a4\" data-element_type=\"column\">\n\t\t\t<div class=\"elementor-widget-wrap elementor-element-populated\">\n\t\t\t\t\t\t<div class=\"elementor-element elementor-element-c9cdac8 elementor-widget elementor-widget-image\" data-id=\"c9cdac8\" data-element_type=\"widget\" data-widget_type=\"image.default\">\n\t\t\t\t<div class=\"elementor-widget-container\">\n\t\t\t\t\t\t\t\t\t\t\t\t\t\t\t<img loading=\"lazy\" decoding=\"async\" width=\"900\" height=\"900\" src=\"https:\/\/findvit.com\/wp-content\/uploads\/2021\/10\/Ko-13-900x900.jpg\" class=\"attachment-large size-large wp-image-2498\" alt=\"Ens\u00fc\u00fcmid naistele. Naine teeb joogaharjutusi\" srcset=\"https:\/\/findvit.com\/wp-content\/uploads\/2021\/10\/Ko-13-900x900.jpg 900w, https:\/\/findvit.com\/wp-content\/uploads\/2021\/10\/Ko-13-600x600.jpg 600w, https:\/\/findvit.com\/wp-content\/uploads\/2021\/10\/Ko-13-150x150.jpg 150w, https:\/\/findvit.com\/wp-content\/uploads\/2021\/10\/Ko-13-768x768.jpg 768w, https:\/\/findvit.com\/wp-content\/uploads\/2021\/10\/Ko-13-1x1.jpg 1w, https:\/\/findvit.com\/wp-content\/uploads\/2021\/10\/Ko-13-10x10.jpg 10w, https:\/\/findvit.com\/wp-content\/uploads\/2021\/10\/Ko-13-100x100.jpg 100w, https:\/\/findvit.com\/wp-content\/uploads\/2021\/10\/Ko-13.jpg 1000w\" sizes=\"auto, (max-width: 900px) 100vw, 900px\" \/>\t\t\t\t\t\t\t\t\t\t\t\t\t\t\t<\/div>\n\t\t\t\t<\/div>\n\t\t\t\t\t<\/div>\n\t\t<\/div>\n\t\t\t\t\t<\/div>\n\t\t<\/section>\n\t\t\t\t<\/div>","protected":false},"excerpt":{"rendered":"<p>C-vitamiin \u2013 kui te seda otsite <strong>looduslikust ja t\u00f5elisest C-vitamiinist<\/strong> allikas, mis vastab teie vajadustele Vitamiinikood RAW C-vitamiin on saadaval<strong> suurep\u00e4rane valik.<\/strong> See C-vitamiin on saadud orgaanilistest puu- ja k\u00f6\u00f6giviljadest, mis on toored ega sisalda kunstlikke lisaaineid ega s\u00e4ilitusaineid. Keha t\u00e4nab teid, sest toidulisand koosneb elusatest probiootikumidest ja ens\u00fc\u00fcmidest, mis on k\u00f5rgelt hinnatud. Saadaval on ka vitamiinikood RAW C-vitamiin <strong>rikas antioks\u00fcdantide poolest<\/strong>, mis on hinnatud ja soovitatavad.<\/p>","protected":false},"featured_media":23329,"comment_status":"open","ping_status":"closed","template":"","meta":{"_acf_changed":false,"inline_featured_image":false},"etheme_brands":[{"term_id":58,"name":"Garden of Life","slug":"garden-of-life","term_group":0,"term_taxonomy_id":58,"taxonomy":"brand","description":"<h2><strong><a href=\"https:\/\/www.gardenoflife.com\/why-gol\" target=\"_blank\" rel=\"noopener\">Garden of Life<\/a><\/strong><\/h2>\r\nJAV \u012fmon\u0117, kuri yra viena i\u0161 nedaugelio, gaminanti savo produktus 100% i\u0161 nat\u016brali\u0173 ingredient\u0173. Puikiai tinka \u017emon\u0117ms, kuriems labai svarbi produkt\u0173 sud\u0117tis. Visi produktai be GMO. Gamintojas apdovanotas daugeliu kokyb\u0117s sertifikat\u0173, toki\u0173 kaip USDA Organic, Certified Vegan, Certified Gluten-Free, U Kosher ir daugelis kit\u0173. Garden of life kompanija dal\u012f pajam\u0173, gaut\u0173 i\u0161 pardavim\u0173, skiria labdarai, pla\u010diau apra\u0161ytoms gamintojo svetain\u0117je.\r\n\"Garden of Life\" tikslas - suteikti \u017emon\u0117ms galimyb\u0119 tur\u0117ti auk\u0161tos kokyb\u0117s papildus, kurie yra reikalingi gerai sveikatai i\u0161laikyti. Sud\u0117tin\u0117s dalys yra organin\u0117s kilm\u0117s, klini\u0161kai i\u0161tirtos ir atsekamos kilm\u0117s. Gompanija savo gaminiuose nenaudoja sintetini\u0173 pried\u0173, dirbtini\u0173 skoni\u0173 ar da\u017eikli\u0173, ri\u0161ikli\u0173 ar u\u017epild\u0173.\r\nhttps:\/\/youtu.be\/2jbU_WkglKA?t=48\r\n<h3><strong>Neapdirbtas maistas<\/strong><\/h3>\r\n\u017dmogaus k\u016bnas buvo sukurtas valgyti, apdoroti ir gauti maistines med\u017eiagas i\u0161 maisto - tikro, sveiko maisto. Taigi, kai kuriami produktai, pradedama nuo \u017evilgnsio \u012f maist\u0105. Kokie yra \"geri dalykai\" auk\u0161\u010diausios kokyb\u0117s maiste, kurio mums tr\u016bksta m\u016bs\u0173 kasdien\u0117je mityboje? Kuris i\u0161 \u0161i\u0173 maisto produkt\u0173 turi did\u017eiausi\u0105 potencial\u0105 paveikti ir \u012fgalinti ger\u0105 sveikat\u0105?\r\n<h3><strong>Atsekamumas<\/strong><\/h3>\r\nAtsekamumas yra labai svarbus veiksnys, d\u0117l kurio \"Garden of Life\" produktai yra tokie ypatingi. Atsekamumas prasideda nuo \u017einojimo, i\u0161 kur kil\u0119s kiekvienas produkt\u0173 ingredientas, ir susipa\u017einimo su kiekviena kilme: kur jis auginamas; \u016bkininkavimo praktika; kaip elgiasi su \u016bkio darbuotojais \u2013 viskuo.\r\n<h3><strong>\u0160varu yra sveika<\/strong><\/h3>\r\nGarden of life stebi, kas yra \u012fdedama \u012f produktus \u2013 tikri, neapdirbti maisto ingredientai. Bet ties tuo nesustojama. Taip pat labai daug d\u0117mesio skiriama tam, kas i\u0161 \u0161i\u0173 produkt\u0173 i\u0161gaunama. Ir dar kart\u0105 renkamasi\u00a0 \u2013 tikras kokybi\u0161kas maistas. Kompanija naudoja tre\u010di\u0173j\u0173 \u0161ali\u0173\u00a0 sertifikatus, kad \u012frodyt\u0173, jog produktai yra \u0161var\u016bs ir kokybi\u0161ki!\r\n<h3><strong>CO2 neutralumas<\/strong><\/h3>\r\nGarden of life nepaprastai did\u017eiuojasi, kad pasiek\u0117 anglies dioksido neutralum\u0105 2021 m. Bir\u017eelio m\u0117n. CarbonFund.org sertifikuotas \"Carbonfree\u00ae\", \"Garden of Life\" nuo pat \u012fk\u016brimo buvo \u012fsipareigojusi tvarumui.","parent":0,"count":12,"filter":"raw"}],"product_brand":[],"product_cat":[645,646,63,15],"product_tag":[660,91,122,93,98],"class_list":{"0":"post-2361","1":"product","2":"type-product","3":"status-publish","4":"has-post-thumbnail","6":"brand-garden-of-life","7":"product_cat-geriausi-papildai-vyrams","8":"product_cat-papildai-moterims","9":"product_cat-mineralai","10":"product_cat-produktai","11":"product_tag-esminiai-vitaminai-moterims","12":"product_tag-imunitetui","13":"product_tag-jaunatviskai-odai","14":"product_tag-sveikai-sirdziai","15":"product_tag-tvirtiems-kaulams","17":"first","18":"instock","19":"sale","20":"taxable","21":"shipping-taxable","22":"purchasable","23":"product-type-simple"},"acf":[],"_links":{"self":[{"href":"https:\/\/findvit.com\/et\/wp-json\/wp\/v2\/product\/2361","targetHints":{"allow":["GET"]}}],"collection":[{"href":"https:\/\/findvit.com\/et\/wp-json\/wp\/v2\/product"}],"about":[{"href":"https:\/\/findvit.com\/et\/wp-json\/wp\/v2\/types\/product"}],"replies":[{"embeddable":true,"href":"https:\/\/findvit.com\/et\/wp-json\/wp\/v2\/comments?post=2361"}],"version-history":[{"count":13,"href":"https:\/\/findvit.com\/et\/wp-json\/wp\/v2\/product\/2361\/revisions"}],"predecessor-version":[{"id":19267,"href":"https:\/\/findvit.com\/et\/wp-json\/wp\/v2\/product\/2361\/revisions\/19267"}],"wp:featuredmedia":[{"embeddable":true,"href":"https:\/\/findvit.com\/et\/wp-json\/wp\/v2\/media\/23329"}],"wp:attachment":[{"href":"https:\/\/findvit.com\/et\/wp-json\/wp\/v2\/media?parent=2361"}],"wp:term":[{"taxonomy":"brand","embeddable":true,"href":"https:\/\/findvit.com\/et\/wp-json\/wp\/v2\/etheme_brands?post=2361"},{"taxonomy":"product_brand","embeddable":true,"href":"https:\/\/findvit.com\/et\/wp-json\/wp\/v2\/product_brand?post=2361"},{"taxonomy":"product_cat","embeddable":true,"href":"https:\/\/findvit.com\/et\/wp-json\/wp\/v2\/product_cat?post=2361"},{"taxonomy":"product_tag","embeddable":true,"href":"https:\/\/findvit.com\/et\/wp-json\/wp\/v2\/product_tag?post=2361"}],"curies":[{"name":"wp","href":"https:\/\/api.w.org\/{rel}","templated":true}]}}