{"id":2363,"date":"2021-10-08T21:04:30","date_gmt":"2021-10-08T18:04:30","guid":{"rendered":"https:\/\/findvit.com\/?post_type=product&#038;p=2363"},"modified":"2025-04-16T16:56:34","modified_gmt":"2025-04-16T13:56:34","slug":"kiki-health-ekologiska-spirulina","status":"publish","type":"product","link":"https:\/\/findvit.com\/et\/produktas\/kiki-health-ekologiska-spirulina\/","title":{"rendered":"KIKI HEALTH Organic SPIRULINA - orgaaniline Spirulina, 200 tabletti"},"content":{"rendered":"<div data-elementor-type=\"product-post\" data-elementor-id=\"2363\" class=\"elementor elementor-2363\" data-elementor-post-type=\"product\">\n\t\t\t\t\t\t<section class=\"elementor-section elementor-top-section elementor-element elementor-element-ebdeb3b elementor-section-boxed elementor-section-height-default elementor-section-height-default\" data-id=\"ebdeb3b\" data-element_type=\"section\">\n\t\t\t\t\t\t<div class=\"elementor-container elementor-column-gap-default\">\n\t\t\t\t\t<div class=\"elementor-column elementor-col-100 elementor-top-column elementor-element elementor-element-be74699\" data-id=\"be74699\" data-element_type=\"column\">\n\t\t\t<div class=\"elementor-widget-wrap elementor-element-populated\">\n\t\t\t\t\t\t<div class=\"elementor-element elementor-element-3e646cd elementor-absolute elementor-hidden-mobile elementor-invisible elementor-widget elementor-widget-image\" data-id=\"3e646cd\" data-element_type=\"widget\" data-settings=\"{&quot;motion_fx_motion_fx_scrolling&quot;:&quot;yes&quot;,&quot;motion_fx_rotateZ_effect&quot;:&quot;yes&quot;,&quot;motion_fx_rotateZ_speed&quot;:{&quot;unit&quot;:&quot;px&quot;,&quot;size&quot;:5,&quot;sizes&quot;:[]},&quot;motion_fx_range&quot;:&quot;viewport&quot;,&quot;_animation&quot;:&quot;fadeIn&quot;,&quot;_position&quot;:&quot;absolute&quot;,&quot;motion_fx_rotateZ_affectedRange&quot;:{&quot;unit&quot;:&quot;%&quot;,&quot;size&quot;:&quot;&quot;,&quot;sizes&quot;:{&quot;start&quot;:0,&quot;end&quot;:100}},&quot;motion_fx_devices&quot;:[&quot;desktop&quot;,&quot;tablet&quot;,&quot;mobile&quot;]}\" data-widget_type=\"image.default\">\n\t\t\t\t<div class=\"elementor-widget-container\">\n\t\t\t\t\t\t\t\t\t\t\t\t\t\t\t<img loading=\"lazy\" decoding=\"async\" width=\"200\" height=\"200\" src=\"https:\/\/findvit.com\/wp-content\/uploads\/2021\/09\/ratukas.svg\" class=\"attachment-full size-full wp-image-1777\" alt=\"Ratas ankeedist vitamiinini\" \/>\t\t\t\t\t\t\t\t\t\t\t\t\t\t\t<\/div>\n\t\t\t\t<\/div>\n\t\t\t\t\t<\/div>\n\t\t<\/div>\n\t\t\t\t\t<\/div>\n\t\t<\/section>\n\t\t\t\t<section class=\"elementor-section elementor-top-section elementor-element elementor-element-da5e9f2 elementor-section-boxed elementor-section-height-default elementor-section-height-default\" data-id=\"da5e9f2\" data-element_type=\"section\">\n\t\t\t\t\t\t<div class=\"elementor-container elementor-column-gap-no\">\n\t\t\t\t\t<div class=\"elementor-column elementor-col-50 elementor-top-column elementor-element elementor-element-2cf5b70\" data-id=\"2cf5b70\" data-element_type=\"column\">\n\t\t\t<div class=\"elementor-widget-wrap elementor-element-populated\">\n\t\t\t\t\t\t<div class=\"elementor-element elementor-element-bbcd929 elementor-widget elementor-widget-heading\" data-id=\"bbcd929\" data-element_type=\"widget\" data-widget_type=\"heading.default\">\n\t\t\t\t<div class=\"elementor-widget-container\">\n\t\t\t\t\t<h2 class=\"elementor-heading-title elementor-size-medium\">KIKI HEALTH Organic SPIRULINA - orgaaniline Spirulina, 200 tabletti<\/h2>\t\t\t\t<\/div>\n\t\t\t\t<\/div>\n\t\t\t\t<div class=\"elementor-element elementor-element-991f601 elementor-widget elementor-widget-text-editor\" data-id=\"991f601\" data-element_type=\"widget\" data-widget_type=\"text-editor.default\">\n\t\t\t\t<div class=\"elementor-widget-container\">\n\t\t\t\t\t\t\t\t\t<p><strong>KIKI HEALTH Organic Spirulina - 100% looduslik spirulina Indiast.<\/strong><\/p><p>See on rikas erinevate toitainete poolest, mille kombinatsioon on tasakaalustatud nii, et see vastab suurep\u00e4raselt inimorganismi vajadustele.<\/p><p><br \/>Seda kasvatatakse k\u00f5rvalises piirkonnas, eemal igasugusest t\u00f6\u00f6stusest v\u00f5i p\u00f5llumajandusest. Need on koristatud s\u00e4\u00e4stva p\u00f5llumajanduse n\u00f5udeid j\u00e4rgides.<\/p><p><br \/>Kergesti neelatavad tabletid, milles Spirulina pulber pressitakse lihtsalt tabletivormiks.<\/p><p>\u00a0<\/p><p>\u00a0See toode on looduslikult rikas A-, K-, B12-vitamiini ja valgu poolest ning on ka suurep\u00e4rane rauaallikas.<\/p><p>Spirulina on \u00fcks vanimaid eluvorme maa peal ja \u00fcks parimaid toidulisandite allikaid.<\/p><p>See on looduslikult valgurikas, loomulikult aitab Valk s\u00e4ilitada <br \/>lihasmassi.<\/p><p>Lisaks on spirulina suurep\u00e4rane A-, K- ja B12-vitamiini allikas.\u00a0<\/p><p>See toode pole mitte ainult hea, vaid ka v\u00e4ga t\u00f5hus. Samuti on see looduslike koostisosade t\u00f5ttu ohutu ja sobib taimetoitlastele ja veganitele.<\/p><p>Meie KIKI Health Organic Spirulina on suurep\u00e4rane valik neile, kes otsivad looduslikke toidulisandeid. Alusta oma teekonda orgaanilise Spirulinaga.<\/p><p><strong>Ei sisalda <\/strong>gluteen ja nisu. Ilma kunstlike v\u00e4rvainete, s\u00e4ilitusainete, magusainete ja toidulisanditeta.<\/p><p><strong> Tumedast klaasist pakend. Prof\u00fclaktilisel kasutamisel piisab<\/strong>\u00a0kuni <strong>3 kuud.<\/strong><\/p><p><strong>Tootja KIKI HEALTH<\/strong> on uuenduslik ettev\u00f5te, mis loob ainult tervislikke tooteid.<\/p><p>Nad usuvad ainult seda <strong>k\u00f5ige t\u00f5husama toimega on k\u00f5ige puhtamad koostisosad.<\/strong> K\u00f5ik toodetes kasutatavad koostisosad on hoolikalt valitud ja eetiliselt t\u00f6\u00f6deldud, et s\u00e4ilitada ja maksimeerida t\u00f5husust ja kasu, tagades samas ka terviklikkuse.\u00a0<\/p><p><span lang=\"lt\"><strong>KIKI TERVISE lubadus<\/strong><br \/><\/span><\/p><ul><li><span lang=\"lt\">K\u00f5rgeima kvaliteediga taimsed orgaanilised koostisosad<\/span><\/li><li><span lang=\"lt\">Eetika, terviklikkus ja puhtus tootmisprotsessis<\/span><\/li><li><span lang=\"lt\">Sertifitseeritud orgaanilised v\u00f5i looduslikud koostisosad<\/span><\/li><li><span lang=\"lt\">Ei mingeid kompromisse s\u00fcnteetiliste lisandite, sideainete, t\u00e4iteainete ega muude kahjulike ainetega.<\/span><\/li><li><span lang=\"lt\">GMO-, gluteeni-, nisuvaba.<br \/><\/span><\/li><\/ul><div>Kui te pole kindel, millised vitamiinid v\u00f5i muud toidulisandid\u00a0<strong>hetkel k\u00f5ige sobivam<\/strong>, tehke test\u00a0<a style=\"background-color: #ffffff; color: #25bf4e;\" href=\"https:\/\/findvit.com\/et\/testas\/\"><strong>&quot;Sinu p\u00e4ev&quot;<\/strong><\/a>\u00a0ja teada saada\u00a0\u00a0<strong>isiklik<\/strong>\u00a0soovitus!<span style=\"font-size: 15.96px;\"><br \/><\/span><\/div><p id=\"tw-target-text\" class=\"tw-data-text tw-text-large XcVN5d tw-ta\" dir=\"ltr\" data-placeholder=\"Translation\">\u00a0<\/p>\t\t\t\t\t\t\t\t<\/div>\n\t\t\t\t<\/div>\n\t\t\t\t\t<\/div>\n\t\t<\/div>\n\t\t\t\t<div class=\"elementor-column elementor-col-50 elementor-top-column elementor-element elementor-element-1d5b727\" data-id=\"1d5b727\" data-element_type=\"column\">\n\t\t\t<div class=\"elementor-widget-wrap elementor-element-populated\">\n\t\t\t\t\t\t<div class=\"elementor-element elementor-element-8311300 elementor-widget elementor-widget-image\" data-id=\"8311300\" data-element_type=\"widget\" data-widget_type=\"image.default\">\n\t\t\t\t<div class=\"elementor-widget-container\">\n\t\t\t\t\t\t\t\t\t\t\t\t\t\t\t<img loading=\"lazy\" decoding=\"async\" width=\"900\" height=\"900\" src=\"https:\/\/findvit.com\/wp-content\/uploads\/2021\/11\/koliazai-19-900x900.jpg\" class=\"attachment-large size-large wp-image-3827\" alt=\"Kollaa\u017e, looduslikud toidulisandid loodusest\" srcset=\"https:\/\/findvit.com\/wp-content\/uploads\/2021\/11\/koliazai-19-900x900.jpg 900w, https:\/\/findvit.com\/wp-content\/uploads\/2021\/11\/koliazai-19-600x600.jpg 600w, https:\/\/findvit.com\/wp-content\/uploads\/2021\/11\/koliazai-19-150x150.jpg 150w, https:\/\/findvit.com\/wp-content\/uploads\/2021\/11\/koliazai-19-768x768.jpg 768w, https:\/\/findvit.com\/wp-content\/uploads\/2021\/11\/koliazai-19-1x1.jpg 1w, https:\/\/findvit.com\/wp-content\/uploads\/2021\/11\/koliazai-19-10x10.jpg 10w, https:\/\/findvit.com\/wp-content\/uploads\/2021\/11\/koliazai-19-100x100.jpg 100w, https:\/\/findvit.com\/wp-content\/uploads\/2021\/11\/koliazai-19-e1637516813177.jpg 1001w\" sizes=\"auto, (max-width: 900px) 100vw, 900px\" \/>\t\t\t\t\t\t\t\t\t\t\t\t\t\t\t<\/div>\n\t\t\t\t<\/div>\n\t\t\t\t\t<\/div>\n\t\t<\/div>\n\t\t\t\t\t<\/div>\n\t\t<\/section>\n\t\t\t\t<\/div>","protected":false},"excerpt":{"rendered":"<p>Orgaaniline Spirulina on looduslikult rikas A-, K-, B12-vitamiini ja valgu poolest. See on suurep\u00e4rane rauaallikas. Need 100% puhtad orgaanilised spirulina tabletid ei sisalda side- ega t\u00e4iteaineid. T\u00e4ienda oma keha orgaanilise Spirulinaga. Sellest piisab 3-kuuliseks kursuseks.<\/p>","protected":false},"featured_media":2689,"comment_status":"open","ping_status":"closed","template":"","meta":{"_acf_changed":false,"inline_featured_image":false},"etheme_brands":[{"term_id":28,"name":"Kiki Health","slug":"kiki-health","term_group":0,"term_taxonomy_id":28,"taxonomy":"brand","description":"<h2><a href=\"https:\/\/kiki-health.com\/about-us\/\" target=\"_blank\" rel=\"noopener\"><strong>KIKI Health<\/strong><\/a><\/h2>\r\nKIKI yra prek\u0117s \u017eenklas, kuriantis novatori\u0161kus maisto papildus.\r\n\r\nKIKI yra pripa\u017eintas ir gerbiamas, kaip sveikos gyvensenos produkt\u0173 ir individualumo bei meistri\u0161kumo standartas.\r\n\r\nKIKI gim\u0117 i\u0161 noro skatinti optimali\u0105 sveikat\u0105 ir gerov\u0119, m\u016bs\u0173 tikslas ir aistra yra \u012fsigyti auk\u0161\u010diausios kokyb\u0117s, grynumo produktus i\u0161 viso pasaulio, kurie pad\u0117t\u0173 gro\u017eiui ir sveikatai.\r\n\r\nNuo pat prad\u017ei\u0173 ir iki \u0161iol KIKI Health niekada nedaro kompromis\u0173 ir nededa pried\u0173 bei naudoja prastesni\u0173 ingredient\u0173 - tik nat\u016bralios 100% veikliosios med\u017eiagos.\r\n\r\nhttps:\/\/youtu.be\/irT0ZUOzBac?t=45\r\n<h3><strong>Nat\u016braliai turtingi <\/strong><strong>vitaminais, mineralais ir b\u016btinomis\u00a0 veikliosiomis med\u017eiagomis<\/strong><\/h3>\r\nDaugelis \"KIKI Health\" produkt\u0173 turintys augalini\u0173 ir maistini\u0173 med\u017eiag\u0173\u00a0 yra sertifikuoti, kaip ekologi\u0161ki.\r\n\r\nI\u0161naudodami stiprias augalin\u0117s kilm\u0117s, nat\u016brali\u0173 ingredient\u0173 galias, kupinas esmini\u0173 augal\u0173 veikli\u0173j\u0173 med\u017eiag\u0173, vitamin\u0173 ir mineral\u0173, kad suteikt\u0173 smegenims, odai ir k\u016bnui neprilygstam\u0105 pagalb\u0105.\r\n\r\nKIKI Health tikslas yra u\u017etikrinti, kad mi\u0161iniuose neb\u016bt\u0173 sintetikos, konservant\u0173, u\u017epild\u0173 ir ri\u0161ikli\u0173, u\u017etikrinant, kad ir toliau gamint\u0173 veiksmingus, \u0161varius ir saugius papildus.\r\n\r\nPagaminta Jungtin\u0117je Karalyst\u0117je i\u0161 \u0161vari\u0173 ir tvari\u0173 ingredient\u0173.\r\n<h3><strong>Atsakingumas<\/strong><\/h3>\r\nU\u017etikrindami, kad produktai b\u016bt\u0173 atsakingai u\u017eauginti, ne tik r\u016bpinamasi aplinka, bet ir garantuojama produkto kokyb\u0119. KIKI Healt specialistai keliauja po pasaul\u012f ie\u0161kodami ekologi\u0161k\u0173, eti\u0161kai gaut\u0173 ingredient\u0173, pasi\u017eymin\u010di\u0173 geresne maistine verte, kartu pad\u0117dami vietos bendruomen\u0117ms klest\u0117ti. Maisto gamybos b\u016bdas yra labai svarbus daugeliui vartotoj\u0173, ir tai kelia susir\u016bpinim\u0105, kur\u012f mes dalijam\u0117s.\r\n<h3><strong>Minimalus apdorojimas<\/strong><\/h3>\r\nNor\u0117dami pasiekti optimal\u0173 biologin\u012f prieinamum\u0105, stengiamasi, kad ingredientai b\u016bt\u0173 kuo ar\u010diau j\u0173 nat\u016bralios b\u016bkl\u0117s. Laikomasi minimalaus perdirbimo ir kontroliuojama temperat\u016bros, i\u0161kart po derliaus nu\u0117mimo, kad b\u016bt\u0173 i\u0161laikoma visa nauda sveikatai ir gyvybi\u0161kai svarbios maistin\u0117s med\u017eiagos.\r\n\r\n<strong>Produktuose n\u0117ra<\/strong>: sintetikos, dirbtini\u0173 da\u017eikli\u0173 ir kvapi\u0173j\u0173 med\u017eiag\u0173, u\u017epild\u0173, ri\u0161ikli\u0173, dengimo med\u017eiag\u0173, lipnum\u0105 reguliuojan\u010di\u0173 med\u017eiag\u0173, cukr\u0173, glitimo, GMO, laktoz\u0117s, konservant\u0173, pagalbini\u0173 med\u017eiag\u0173.\r\n\r\nVisi ingredientai ir galutiniai produktai yra reguliariai tikrinami tre\u010diosios \u0161alies laboratorijoje. U\u017etikrinama, kad kiekviena partija b\u016bt\u0173 i\u0161bandyta d\u0117l sunki\u0173j\u0173 metal\u0173, mikroorganizm\u0173 ir pesticid\u0173 laikantis grie\u017et\u0173 kokyb\u0117s kontrol\u0117s s\u0105lyg\u0173, o rezultatai atitikt\u0173 ES ir JK ribinius reglamentus, \u012fskaitant ekologinio \u016bkininkavimo standartus.","parent":0,"count":28,"filter":"raw"}],"product_brand":[],"product_cat":[15],"product_tag":[90,91,120,93,97],"class_list":{"0":"post-2363","1":"product","2":"type-product","3":"status-publish","4":"has-post-thumbnail","6":"brand-kiki-health","7":"product_cat-produktai","8":"product_tag-fizinei-istvermei","9":"product_tag-imunitetui","10":"product_tag-organizmo-stiprinimui","11":"product_tag-sveikai-sirdziai","12":"product_tag-svorio-kontrolei","14":"first","15":"outofstock","16":"taxable","17":"shipping-taxable","18":"purchasable","19":"product-type-simple"},"acf":[],"_links":{"self":[{"href":"https:\/\/findvit.com\/et\/wp-json\/wp\/v2\/product\/2363","targetHints":{"allow":["GET"]}}],"collection":[{"href":"https:\/\/findvit.com\/et\/wp-json\/wp\/v2\/product"}],"about":[{"href":"https:\/\/findvit.com\/et\/wp-json\/wp\/v2\/types\/product"}],"replies":[{"embeddable":true,"href":"https:\/\/findvit.com\/et\/wp-json\/wp\/v2\/comments?post=2363"}],"version-history":[{"count":7,"href":"https:\/\/findvit.com\/et\/wp-json\/wp\/v2\/product\/2363\/revisions"}],"predecessor-version":[{"id":13881,"href":"https:\/\/findvit.com\/et\/wp-json\/wp\/v2\/product\/2363\/revisions\/13881"}],"wp:featuredmedia":[{"embeddable":true,"href":"https:\/\/findvit.com\/et\/wp-json\/wp\/v2\/media\/2689"}],"wp:attachment":[{"href":"https:\/\/findvit.com\/et\/wp-json\/wp\/v2\/media?parent=2363"}],"wp:term":[{"taxonomy":"brand","embeddable":true,"href":"https:\/\/findvit.com\/et\/wp-json\/wp\/v2\/etheme_brands?post=2363"},{"taxonomy":"product_brand","embeddable":true,"href":"https:\/\/findvit.com\/et\/wp-json\/wp\/v2\/product_brand?post=2363"},{"taxonomy":"product_cat","embeddable":true,"href":"https:\/\/findvit.com\/et\/wp-json\/wp\/v2\/product_cat?post=2363"},{"taxonomy":"product_tag","embeddable":true,"href":"https:\/\/findvit.com\/et\/wp-json\/wp\/v2\/product_tag?post=2363"}],"curies":[{"name":"wp","href":"https:\/\/api.w.org\/{rel}","templated":true}]}}