{"id":2365,"date":"2021-10-08T21:07:28","date_gmt":"2021-10-08T18:07:28","guid":{"rendered":"https:\/\/findvit.com\/?post_type=product&#038;p=2365"},"modified":"2026-02-27T15:48:27","modified_gmt":"2026-02-27T13:48:27","slug":"kiki-organic-chlorella","status":"publish","type":"product","link":"https:\/\/findvit.com\/et\/produktas\/kiki-organic-chlorella\/","title":{"rendered":"KIKI Health Organic CHLORELLA - Detoksifitseeriv klorella, 200 tabletti"},"content":{"rendered":"<div data-elementor-type=\"product-post\" data-elementor-id=\"2365\" class=\"elementor elementor-2365\" data-elementor-post-type=\"product\">\n\t\t\t\t\t\t<section class=\"elementor-section elementor-top-section elementor-element elementor-element-453cf2c elementor-section-boxed elementor-section-height-default elementor-section-height-default\" data-id=\"453cf2c\" data-element_type=\"section\">\n\t\t\t\t\t\t<div class=\"elementor-container elementor-column-gap-default\">\n\t\t\t\t\t<div class=\"elementor-column elementor-col-100 elementor-top-column elementor-element elementor-element-61f9c3b\" data-id=\"61f9c3b\" data-element_type=\"column\">\n\t\t\t<div class=\"elementor-widget-wrap elementor-element-populated\">\n\t\t\t\t\t\t<div class=\"elementor-element elementor-element-9ebd7b7 elementor-absolute elementor-hidden-mobile elementor-invisible elementor-widget elementor-widget-image\" data-id=\"9ebd7b7\" data-element_type=\"widget\" data-settings=\"{&quot;motion_fx_motion_fx_scrolling&quot;:&quot;yes&quot;,&quot;motion_fx_rotateZ_effect&quot;:&quot;yes&quot;,&quot;motion_fx_rotateZ_speed&quot;:{&quot;unit&quot;:&quot;px&quot;,&quot;size&quot;:5,&quot;sizes&quot;:[]},&quot;motion_fx_range&quot;:&quot;viewport&quot;,&quot;_animation&quot;:&quot;fadeIn&quot;,&quot;_position&quot;:&quot;absolute&quot;,&quot;motion_fx_rotateZ_affectedRange&quot;:{&quot;unit&quot;:&quot;%&quot;,&quot;size&quot;:&quot;&quot;,&quot;sizes&quot;:{&quot;start&quot;:0,&quot;end&quot;:100}},&quot;motion_fx_devices&quot;:[&quot;desktop&quot;,&quot;tablet&quot;,&quot;mobile&quot;]}\" data-widget_type=\"image.default\">\n\t\t\t\t<div class=\"elementor-widget-container\">\n\t\t\t\t\t\t\t\t\t\t\t\t\t\t\t<img loading=\"lazy\" decoding=\"async\" width=\"200\" height=\"200\" src=\"https:\/\/findvit.com\/wp-content\/uploads\/2021\/09\/ratukas.svg\" class=\"attachment-full size-full wp-image-1777\" alt=\"Ratas ankeedist vitamiinini\" \/>\t\t\t\t\t\t\t\t\t\t\t\t\t\t\t<\/div>\n\t\t\t\t<\/div>\n\t\t\t\t\t<\/div>\n\t\t<\/div>\n\t\t\t\t\t<\/div>\n\t\t<\/section>\n\t\t\t\t<section class=\"elementor-section elementor-top-section elementor-element elementor-element-84dee63 elementor-section-boxed elementor-section-height-default elementor-section-height-default\" data-id=\"84dee63\" data-element_type=\"section\">\n\t\t\t\t\t\t<div class=\"elementor-container elementor-column-gap-no\">\n\t\t\t\t\t<div class=\"elementor-column elementor-col-50 elementor-top-column elementor-element elementor-element-4fd3b0d\" data-id=\"4fd3b0d\" data-element_type=\"column\">\n\t\t\t<div class=\"elementor-widget-wrap elementor-element-populated\">\n\t\t\t\t\t\t<div class=\"elementor-element elementor-element-19af53a elementor-widget elementor-widget-heading\" data-id=\"19af53a\" data-element_type=\"widget\" data-widget_type=\"heading.default\">\n\t\t\t\t<div class=\"elementor-widget-container\">\n\t\t\t\t\t<h3 class=\"elementor-heading-title elementor-size-default\">KIKI Health Organic CHLORELLA - Detoksifitseeriv klorella, 200 tabletti<\/h3>\t\t\t\t<\/div>\n\t\t\t\t<\/div>\n\t\t\t\t<div class=\"elementor-element elementor-element-bafd21d elementor-widget elementor-widget-text-editor\" data-id=\"bafd21d\" data-element_type=\"widget\" data-widget_type=\"text-editor.default\">\n\t\t\t\t<div class=\"elementor-widget-container\">\n\t\t\t\t\t\t\t\t\t<p><strong>KIKI TERVIS Organic Chlorella \u2013 100% looduslik klorella.<\/strong><\/p><p>Neid mere- ja mageveevetikaid on toitumises kasutatud juba iidsetest aegadest (asteegid, iidne Jaapan ja Hiina). See toodab oma energiat p\u00e4ikesest fotos\u00fcnteesi teel.<\/p><p>See on rikas mitmesuguste toitainete poolest, mille kombinatsioon on tasakaalustatud nii, et see vastab ideaalselt vajadustele.<\/p><p><strong>Suurep\u00e4rane klorof\u00fclli allikas.\u00a0<\/strong><\/p><p><strong>Klorella sisaldab:<\/strong><\/p><ul><li><strong> raud<\/strong><\/li><li><strong>vitamiin B12 <\/strong><\/li><li><strong>valgud<\/strong><\/li><\/ul><p>Klorella on tuntud oma ainulaadsete omaduste poolest. Need on \u00fched parimad looduslikud B12-vitamiini allikad, mis on h\u00e4davajalikud n\u00e4rvis\u00fcsteemi normaalseks toimimiseks ja energiatootmiseks. Lisaks on klorella valgurikas, sest valk aitab kasvatada lihasmassi ja Valk on oluline normaalseks <br \/>luude seisundi s\u00e4ilitamiseks ja sisalduvad kiud rikastavad koostist veelgi.<\/p><p>See toidulisand on ka hea joodi ja raua allikas. Jood on tavaliselt oluline <br \/>energia ainevahetuse jaoks ja Raud on oluline normaalseks <br \/>hapniku transportimiseks kehas.<\/p><p>See toidulisand on valmistatud k\u00f5rgeimate kvaliteedistandardite j\u00e4rgi. See on 100% orgaaniline, GMO-de, s\u00fcnteetiliste lisandite, gluteenivaba ja sobib taimetoitlastele. Lisaks hoitakse seda turvaliselt pimedas klaaspakendis, et s\u00e4ilitada k\u00f5ik selle kasulikud omadused.<\/p><p>KIKI TERVIS Orgaaniline KLORELLA ei ole ainult toidulisand, vaid ka suurep\u00e4rane v\u00f5imalus anda endale loomulikkust. Hankige see juba t\u00e4na ja tunnetage erinevust!<\/p><p><br \/>Kergesti neelatavad tabletid, milles Chorella pulber pressitakse lihtsalt tabletivormiks.<\/p><p><br \/><strong>Ei sisalda gluteeni ega nisu. Ilma kunstlike v\u00e4rvainete, s\u00e4ilitusainete, magusainete ja toidulisanditeta. Tumedast klaasist pakend.<\/strong><\/p><p><strong>Tootja KIKI HEALTH<\/strong> on uuendusmeelne ettev\u00f5te, mis loob <strong>ainult kvaliteetseid ja looduslikke tooteid. <\/strong>\u00a0Nad usuvad seda <strong>ainult k\u00f5ige puhtamatel koostisosadel on k\u00f5ige t\u00f5husam toime.<\/strong><\/p><p>K\u00f5ik toodetes sisalduvad koostisosad on hoolikalt valitud ja eetiliselt t\u00f6\u00f6deldud, et s\u00e4ilitada ja maksimeerida t\u00f5husust ja kasu ning tagada parimad tulemused.<\/p><p><span lang=\"lt\"><strong>KIKI TERVISE lubadus<\/strong><br \/><\/span><\/p><ul><li><span lang=\"lt\">K\u00f5rgeima kvaliteediga taimsed orgaanilised koostisosad<\/span><\/li><li><span lang=\"lt\">Eetika, terviklikkus ja puhtus tootmisprotsessis<\/span><\/li><li><span lang=\"lt\">Sertifitseeritud orgaanilised v\u00f5i looduslikud koostisosad<\/span><\/li><li><span lang=\"lt\">Ei mingeid kompromisse s\u00fcnteetiliste lisandite, sideainete, t\u00e4iteainete ega muude kahjulike ainetega.<\/span><\/li><li><span lang=\"lt\">GMO-, gluteeni-, nisuvaba.<br \/><\/span><\/li><\/ul><div>Kui te pole kindel, millised vitamiinid v\u00f5i muud toidulisandid\u00a0<strong>hetkel k\u00f5ige sobivam<\/strong>, tehke test\u00a0<a style=\"background-color: #ffffff; color: #25bf4e;\" href=\"https:\/\/findvit.com\/et\/testas\/\"><strong>&quot;Sinu p\u00e4ev&quot;<\/strong><\/a>\u00a0ja teada saada\u00a0\u00a0<strong>isiklik<\/strong>\u00a0soovitus!<span style=\"font-size: 15.96px;\"><br \/><\/span><\/div><div>\u00a0<\/div><div><p>\u00a0<\/p><p>\u00a0<\/p><\/div><p id=\"tw-target-text\" class=\"tw-data-text tw-text-large XcVN5d tw-ta\" dir=\"ltr\" data-placeholder=\"Translation\">\u00a0<\/p>\t\t\t\t\t\t\t\t<\/div>\n\t\t\t\t<\/div>\n\t\t\t\t\t<\/div>\n\t\t<\/div>\n\t\t\t\t<div class=\"elementor-column elementor-col-50 elementor-top-column elementor-element elementor-element-9cfeb07\" data-id=\"9cfeb07\" data-element_type=\"column\">\n\t\t\t<div class=\"elementor-widget-wrap elementor-element-populated\">\n\t\t\t\t\t\t<div class=\"elementor-element elementor-element-7e4b0eb elementor-widget elementor-widget-image\" data-id=\"7e4b0eb\" data-element_type=\"widget\" data-widget_type=\"image.default\">\n\t\t\t\t<div class=\"elementor-widget-container\">\n\t\t\t\t\t\t\t\t\t\t\t\t\t\t\t<img loading=\"lazy\" decoding=\"async\" width=\"900\" height=\"900\" src=\"https:\/\/findvit.com\/wp-content\/uploads\/2021\/11\/koliazai-19-900x900.jpg\" class=\"attachment-large size-large wp-image-3827\" alt=\"Kollaa\u017e, looduslikud toidulisandid loodusest\" srcset=\"https:\/\/findvit.com\/wp-content\/uploads\/2021\/11\/koliazai-19-900x900.jpg 900w, https:\/\/findvit.com\/wp-content\/uploads\/2021\/11\/koliazai-19-600x600.jpg 600w, https:\/\/findvit.com\/wp-content\/uploads\/2021\/11\/koliazai-19-150x150.jpg 150w, https:\/\/findvit.com\/wp-content\/uploads\/2021\/11\/koliazai-19-768x768.jpg 768w, https:\/\/findvit.com\/wp-content\/uploads\/2021\/11\/koliazai-19-1x1.jpg 1w, https:\/\/findvit.com\/wp-content\/uploads\/2021\/11\/koliazai-19-10x10.jpg 10w, https:\/\/findvit.com\/wp-content\/uploads\/2021\/11\/koliazai-19-100x100.jpg 100w, https:\/\/findvit.com\/wp-content\/uploads\/2021\/11\/koliazai-19-e1637516813177.jpg 1001w\" sizes=\"auto, (max-width: 900px) 100vw, 900px\" \/>\t\t\t\t\t\t\t\t\t\t\t\t\t\t\t<\/div>\n\t\t\t\t<\/div>\n\t\t\t\t\t<\/div>\n\t\t<\/div>\n\t\t\t\t\t<\/div>\n\t\t<\/section>\n\t\t\t\t<\/div>","protected":false},"excerpt":{"rendered":"<p>100% orgaanilised klorella tabletid. Suurep\u00e4rane valik<strong>\u00a0isegi 500 mg<\/strong> igas Joodi ja klorof\u00fclli allikas. Seda on ohutu hoida pimedas klaasn\u00f5us. Piisab kuni 3 kuuks.<\/p>","protected":false},"featured_media":23297,"comment_status":"open","ping_status":"closed","template":"","meta":{"_acf_changed":false,"inline_featured_image":false},"etheme_brands":[{"term_id":28,"name":"Kiki Health","slug":"kiki-health","term_group":0,"term_taxonomy_id":28,"taxonomy":"brand","description":"<h2><a href=\"https:\/\/kiki-health.com\/about-us\/\" target=\"_blank\" rel=\"noopener\"><strong>KIKI Health<\/strong><\/a><\/h2>\r\nKIKI yra prek\u0117s \u017eenklas, kuriantis novatori\u0161kus maisto papildus.\r\n\r\nKIKI yra pripa\u017eintas ir gerbiamas, kaip sveikos gyvensenos produkt\u0173 ir individualumo bei meistri\u0161kumo standartas.\r\n\r\nKIKI gim\u0117 i\u0161 noro skatinti optimali\u0105 sveikat\u0105 ir gerov\u0119, m\u016bs\u0173 tikslas ir aistra yra \u012fsigyti auk\u0161\u010diausios kokyb\u0117s, grynumo produktus i\u0161 viso pasaulio, kurie pad\u0117t\u0173 gro\u017eiui ir sveikatai.\r\n\r\nNuo pat prad\u017ei\u0173 ir iki \u0161iol KIKI Health niekada nedaro kompromis\u0173 ir nededa pried\u0173 bei naudoja prastesni\u0173 ingredient\u0173 - tik nat\u016bralios 100% veikliosios med\u017eiagos.\r\n\r\nhttps:\/\/youtu.be\/irT0ZUOzBac?t=45\r\n<h3><strong>Nat\u016braliai turtingi <\/strong><strong>vitaminais, mineralais ir b\u016btinomis\u00a0 veikliosiomis med\u017eiagomis<\/strong><\/h3>\r\nDaugelis \"KIKI Health\" produkt\u0173 turintys augalini\u0173 ir maistini\u0173 med\u017eiag\u0173\u00a0 yra sertifikuoti, kaip ekologi\u0161ki.\r\n\r\nI\u0161naudodami stiprias augalin\u0117s kilm\u0117s, nat\u016brali\u0173 ingredient\u0173 galias, kupinas esmini\u0173 augal\u0173 veikli\u0173j\u0173 med\u017eiag\u0173, vitamin\u0173 ir mineral\u0173, kad suteikt\u0173 smegenims, odai ir k\u016bnui neprilygstam\u0105 pagalb\u0105.\r\n\r\nKIKI Health tikslas yra u\u017etikrinti, kad mi\u0161iniuose neb\u016bt\u0173 sintetikos, konservant\u0173, u\u017epild\u0173 ir ri\u0161ikli\u0173, u\u017etikrinant, kad ir toliau gamint\u0173 veiksmingus, \u0161varius ir saugius papildus.\r\n\r\nPagaminta Jungtin\u0117je Karalyst\u0117je i\u0161 \u0161vari\u0173 ir tvari\u0173 ingredient\u0173.\r\n<h3><strong>Atsakingumas<\/strong><\/h3>\r\nU\u017etikrindami, kad produktai b\u016bt\u0173 atsakingai u\u017eauginti, ne tik r\u016bpinamasi aplinka, bet ir garantuojama produkto kokyb\u0119. KIKI Healt specialistai keliauja po pasaul\u012f ie\u0161kodami ekologi\u0161k\u0173, eti\u0161kai gaut\u0173 ingredient\u0173, pasi\u017eymin\u010di\u0173 geresne maistine verte, kartu pad\u0117dami vietos bendruomen\u0117ms klest\u0117ti. Maisto gamybos b\u016bdas yra labai svarbus daugeliui vartotoj\u0173, ir tai kelia susir\u016bpinim\u0105, kur\u012f mes dalijam\u0117s.\r\n<h3><strong>Minimalus apdorojimas<\/strong><\/h3>\r\nNor\u0117dami pasiekti optimal\u0173 biologin\u012f prieinamum\u0105, stengiamasi, kad ingredientai b\u016bt\u0173 kuo ar\u010diau j\u0173 nat\u016bralios b\u016bkl\u0117s. Laikomasi minimalaus perdirbimo ir kontroliuojama temperat\u016bros, i\u0161kart po derliaus nu\u0117mimo, kad b\u016bt\u0173 i\u0161laikoma visa nauda sveikatai ir gyvybi\u0161kai svarbios maistin\u0117s med\u017eiagos.\r\n\r\n<strong>Produktuose n\u0117ra<\/strong>: sintetikos, dirbtini\u0173 da\u017eikli\u0173 ir kvapi\u0173j\u0173 med\u017eiag\u0173, u\u017epild\u0173, ri\u0161ikli\u0173, dengimo med\u017eiag\u0173, lipnum\u0105 reguliuojan\u010di\u0173 med\u017eiag\u0173, cukr\u0173, glitimo, GMO, laktoz\u0117s, konservant\u0173, pagalbini\u0173 med\u017eiag\u0173.\r\n\r\nVisi ingredientai ir galutiniai produktai yra reguliariai tikrinami tre\u010diosios \u0161alies laboratorijoje. U\u017etikrinama, kad kiekviena partija b\u016bt\u0173 i\u0161bandyta d\u0117l sunki\u0173j\u0173 metal\u0173, mikroorganizm\u0173 ir pesticid\u0173 laikantis grie\u017et\u0173 kokyb\u0117s kontrol\u0117s s\u0105lyg\u0173, o rezultatai atitikt\u0173 ES ir JK ribinius reglamentus, \u012fskaitant ekologinio \u016bkininkavimo standartus.","parent":0,"count":28,"filter":"raw"}],"product_brand":[],"product_cat":[646,15],"product_tag":[656],"class_list":{"0":"post-2365","1":"product","2":"type-product","3":"status-publish","4":"has-post-thumbnail","6":"brand-kiki-health","7":"product_cat-papildai-moterims","8":"product_cat-produktai","9":"product_tag-moterims-detoksikacija","11":"first","12":"instock","13":"sale","14":"taxable","15":"shipping-taxable","16":"purchasable","17":"product-type-simple"},"acf":[],"_links":{"self":[{"href":"https:\/\/findvit.com\/et\/wp-json\/wp\/v2\/product\/2365","targetHints":{"allow":["GET"]}}],"collection":[{"href":"https:\/\/findvit.com\/et\/wp-json\/wp\/v2\/product"}],"about":[{"href":"https:\/\/findvit.com\/et\/wp-json\/wp\/v2\/types\/product"}],"replies":[{"embeddable":true,"href":"https:\/\/findvit.com\/et\/wp-json\/wp\/v2\/comments?post=2365"}],"version-history":[{"count":13,"href":"https:\/\/findvit.com\/et\/wp-json\/wp\/v2\/product\/2365\/revisions"}],"predecessor-version":[{"id":18962,"href":"https:\/\/findvit.com\/et\/wp-json\/wp\/v2\/product\/2365\/revisions\/18962"}],"wp:featuredmedia":[{"embeddable":true,"href":"https:\/\/findvit.com\/et\/wp-json\/wp\/v2\/media\/23297"}],"wp:attachment":[{"href":"https:\/\/findvit.com\/et\/wp-json\/wp\/v2\/media?parent=2365"}],"wp:term":[{"taxonomy":"brand","embeddable":true,"href":"https:\/\/findvit.com\/et\/wp-json\/wp\/v2\/etheme_brands?post=2365"},{"taxonomy":"product_brand","embeddable":true,"href":"https:\/\/findvit.com\/et\/wp-json\/wp\/v2\/product_brand?post=2365"},{"taxonomy":"product_cat","embeddable":true,"href":"https:\/\/findvit.com\/et\/wp-json\/wp\/v2\/product_cat?post=2365"},{"taxonomy":"product_tag","embeddable":true,"href":"https:\/\/findvit.com\/et\/wp-json\/wp\/v2\/product_tag?post=2365"}],"curies":[{"name":"wp","href":"https:\/\/api.w.org\/{rel}","templated":true}]}}